{"id":19399,"date":"2026-01-28T16:19:37","date_gmt":"2026-01-28T14:19:37","guid":{"rendered":"https:\/\/mekulo.com\/se\/produkt\/kupa-bricka\/"},"modified":"2026-01-29T18:27:34","modified_gmt":"2026-01-29T16:27:34","slug":"kupa-bricka","status":"publish","type":"product","link":"https:\/\/mekulo.com\/se\/produkt\/kupa-bricka\/","title":{"rendered":"Kupa bricka"},"content":{"rendered":"<p style=\"text-align: center;\" data-start=\"16\" data-end=\"69\"><strong data-start=\"16\" data-end=\"69\">Reng\u00f6r Kopparna Snabbt Och Enkelt Med Ett Enkelt Tryck. \ud83c\udf75<\/strong><\/p>\n<p data-start=\"16\" data-end=\"69\"><img fetchpriority=\"high\" decoding=\"async\" class=\"size-full wp-image-21850 aligncenter\" src=\"https:\/\/mekulo.com\/template\/wp-content\/uploads\/sites\/6\/2026\/01\/e89744e9022d997f536247a7206020d822703aa0-700.jpg\" alt=\"\" width=\"1080\" height=\"1080\" \/><\/p>\n<h2 style=\"text-align: center;\" data-start=\"314\" data-end=\"334\">\ud83d\udca7 Huvudsakliga f\u00f6rdelar<\/h2>\n<p data-start=\"336\" data-end=\"410\">\ud83d\udd90 Enhandsman\u00f6vrering &#8211; Tryck ner koppen f\u00f6r att b\u00f6rja tv\u00e4tta direkt.<\/p>\n<p data-start=\"412\" data-end=\"484\">\ud83d\udebf Spray med flera vinklar &#8211; Kraftfulla vattenstr\u00e5lar reng\u00f6r b\u00e5de in- och utsidan.<\/p>\n<p data-start=\"486\" data-end=\"554\">\u23f1 Snabb och effektiv &#8211; Reng\u00f6r kopparna p\u00e5 n\u00e5gra sekunder utan att skrubba.<\/p>\n<p data-start=\"556\" data-end=\"635\">\u2728 L\u00e4tt att reng\u00f6ra &amp; rostfri &#8211; Sl\u00e4t yta med en modern, h\u00e5llbar design.<\/p>\n<p data-start=\"637\" data-end=\"711\">\ud83c\udfe0 Brett anv\u00e4ndningsomr\u00e5de &#8211; Perfekt f\u00f6r hem, barer, caf\u00e9er och restauranger.<\/p>\n<p data-start=\"637\" data-end=\"711\"><img decoding=\"async\" class=\"size-full wp-image-21852 aligncenter\" src=\"https:\/\/mekulo.com\/template\/wp-content\/uploads\/sites\/6\/2026\/01\/10028d0604e2c55a4eafad7de2a4551eb8889909.jpg\" alt=\"\" width=\"1080\" height=\"1080\" \/><\/p>\n<h2 style=\"text-align: center;\" data-start=\"718\" data-end=\"735\">\ud83d\udee0 Hur Man Anv\u00e4nder<\/h2>\n<ol data-start=\"737\" data-end=\"927\">\n<li data-start=\"737\" data-end=\"782\">\n<p data-start=\"740\" data-end=\"782\">Placera koppen upp och ner p\u00e5 diskmaskinen.<\/p>\n<\/li>\n<li data-start=\"783\" data-end=\"831\">\n<p data-start=\"786\" data-end=\"831\">Tryck f\u00f6rsiktigt p\u00e5 koppen f\u00f6r att aktivera sprayen.<\/p>\n<\/li>\n<li data-start=\"832\" data-end=\"876\">\n<p data-start=\"835\" data-end=\"876\">L\u00e5t vattnet sk\u00f6lja koppen noggrant.<\/p>\n<\/li>\n<li data-start=\"877\" data-end=\"927\">\n<p data-start=\"880\" data-end=\"927\">Lyft koppen och vattnet stannar automatiskt.<\/p>\n<\/li>\n<\/ol>\n<h2 style=\"text-align: center;\" data-start=\"934\" data-end=\"956\">\ud83d\udccc Produktdetaljer<\/h2>\n<ul data-start=\"958\" data-end=\"1198\">\n<li data-start=\"958\" data-end=\"988\">\n<p data-start=\"960\" data-end=\"988\">Funktion: Tryckaktiverad<\/p>\n<\/li>\n<li data-start=\"989\" data-end=\"1036\">\n<p data-start=\"991\" data-end=\"1036\">Spray typ: H\u00f6gtrycksvatten med flera vinklar<\/p>\n<\/li>\n<li data-start=\"1037\" data-end=\"1071\">\n<p data-start=\"1039\" data-end=\"1071\">Material: Rostbest\u00e4ndig metall<\/p>\n<\/li>\n<li data-start=\"1072\" data-end=\"1116\">\n<p data-start=\"1074\" data-end=\"1116\">St\u00f6d f\u00f6r koppstorlek: Koppar under 9 cm<\/p>\n<\/li>\n<li data-start=\"1117\" data-end=\"1160\">\n<p data-start=\"1119\" data-end=\"1160\">Installation: Standard vatteninlopp i diskb\u00e4nk<\/p>\n<\/li>\n<li data-start=\"1161\" data-end=\"1198\">\n<p data-start=\"1163\" data-end=\"1198\">Anv\u00e4ndning: Hem och stork\u00f6k<\/p>\n<\/li>\n<li data-start=\"1161\" data-end=\"1198\">H\u00f6ljesstorlek: 13 x 14 x 5,8 cm, storlek p\u00e5 kopptv\u00e4tt: 11,2 x 8 x 2 cm<\/li>\n<\/ul>\n<h2 style=\"text-align: center;\" data-start=\"1205\" data-end=\"1228\">\ud83d\udce6 Paketet inneh\u00e5ller<\/h2>\n<ul data-start=\"1230\" data-end=\"1248\">\n<li data-start=\"1230\" data-end=\"1248\">\n<p data-start=\"1232\" data-end=\"1248\">1x kopptv\u00e4tt med r\u00f6r.<\/p>\n<\/li>\n<\/ul>\n","protected":false},"excerpt":{"rendered":"<p>\u2615Den h\u00e4r muggtv\u00e4tten installeras i diskhon och anv\u00e4nder starkt vattentryck f\u00f6r att tv\u00e4tta koppar p\u00e5 n\u00e5gra sekunder.<br \/>\n\ud83d\udca6Tryck bara ner koppen s\u00e5 sprutar tv\u00e4tten vatten fr\u00e5n alla vinklar f\u00f6r att ta bort fl\u00e4ckar och rester, vilket sparar tid och anstr\u00e4ngning vid den dagliga reng\u00f6ringen.<br \/>\n<span style=\"font-size: 16px; font-style: normal; font-weight: 400;\">\u2728<\/span>Ett snabbare, renare och smartare s\u00e4tt att tv\u00e4tta koppar &#8211; ingen skrubbning beh\u00f6vs.<\/p>\n","protected":false},"featured_media":19395,"comment_status":"open","ping_status":"closed","template":"","meta":{"site-sidebar-layout":"default","site-content-layout":"","ast-site-content-layout":"default","site-content-style":"default","site-sidebar-style":"default","ast-global-header-display":"","ast-banner-title-visibility":"","ast-main-header-display":"","ast-hfb-above-header-display":"","ast-hfb-below-header-display":"","ast-hfb-mobile-header-display":"","site-post-title":"","ast-breadcrumbs-content":"","ast-featured-img":"","footer-sml-layout":"","theme-transparent-header-meta":"default","adv-header-id-meta":"","stick-header-meta":"","header-above-stick-meta":"","header-main-stick-meta":"","header-below-stick-meta":"","astra-migrate-meta-layouts":"set","ast-page-background-enabled":"default","ast-page-background-meta":{"desktop":{"background-color":"var(--ast-global-color-5)","background-image":"","background-repeat":"repeat","background-position":"center center","background-size":"auto","background-attachment":"scroll","background-type":"","background-media":"","overlay-type":"","overlay-color":"","overlay-opacity":"","overlay-gradient":""},"tablet":{"background-color":"","background-image":"","background-repeat":"repeat","background-position":"center center","background-size":"auto","background-attachment":"scroll","background-type":"","background-media":"","overlay-type":"","overlay-color":"","overlay-opacity":"","overlay-gradient":""},"mobile":{"background-color":"","background-image":"","background-repeat":"repeat","background-position":"center center","background-size":"auto","background-attachment":"scroll","background-type":"","background-media":"","overlay-type":"","overlay-color":"","overlay-opacity":"","overlay-gradient":""}},"ast-content-background-meta":{"desktop":{"background-color":"var(--ast-global-color-4)","background-image":"","background-repeat":"repeat","background-position":"center center","background-size":"auto","background-attachment":"scroll","background-type":"","background-media":"","overlay-type":"","overlay-color":"","overlay-opacity":"","overlay-gradient":""},"tablet":{"background-color":"var(--ast-global-color-4)","background-image":"","background-repeat":"repeat","background-position":"center center","background-size":"auto","background-attachment":"scroll","background-type":"","background-media":"","overlay-type":"","overlay-color":"","overlay-opacity":"","overlay-gradient":""},"mobile":{"background-color":"var(--ast-global-color-4)","background-image":"","background-repeat":"repeat","background-position":"center center","background-size":"auto","background-attachment":"scroll","background-type":"","background-media":"","overlay-type":"","overlay-color":"","overlay-opacity":"","overlay-gradient":""}}},"product_brand":[],"product_cat":[168],"product_tag":[],"class_list":{"0":"post-19399","1":"product","2":"type-product","3":"status-publish","4":"has-post-thumbnail","6":"product_cat-hushallsartiklar","7":"pa_51677_i26f5bzg-silver","8":"pa_51677_i26f5bzg-svart","9":"desktop-align-left","10":"tablet-align-left","11":"mobile-align-left","13":"first","14":"instock","15":"shipping-taxable","16":"purchasable","17":"product-type-variable"},"yoast_head":"<!-- This site is optimized with the Yoast SEO plugin v26.6 - https:\/\/yoast.com\/wordpress\/plugins\/seo\/ -->\n<title>Kupa bricka - Mekulo SE<\/title>\n<meta name=\"robots\" content=\"index, follow, max-snippet:-1, max-image-preview:large, max-video-preview:-1\" \/>\n<link rel=\"canonical\" href=\"https:\/\/mekulo.com\/se\/produkt\/kupa-bricka\/\" \/>\n<meta property=\"og:locale\" content=\"sv_SE\" \/>\n<meta property=\"og:type\" content=\"article\" \/>\n<meta property=\"og:title\" content=\"Kupa bricka - Mekulo SE\" \/>\n<meta property=\"og:description\" content=\"\u2615Den h\u00e4r muggtv\u00e4tten installeras i diskhon och anv\u00e4nder starkt vattentryck f\u00f6r att tv\u00e4tta koppar p\u00e5 n\u00e5gra sekunder. \ud83d\udca6Tryck bara ner koppen s\u00e5 sprutar tv\u00e4tten vatten fr\u00e5n alla vinklar f\u00f6r att ta bort fl\u00e4ckar och rester, vilket sparar tid och anstr\u00e4ngning vid den dagliga reng\u00f6ringen. \u2728Ett snabbare, renare och smartare s\u00e4tt att tv\u00e4tta koppar - ingen skrubbning beh\u00f6vs.\" \/>\n<meta property=\"og:url\" content=\"https:\/\/mekulo.com\/se\/produkt\/kupa-bricka\/\" \/>\n<meta property=\"og:site_name\" content=\"Mekulo SE\" \/>\n<meta property=\"article:modified_time\" content=\"2026-01-29T16:27:34+00:00\" \/>\n<meta property=\"og:image\" content=\"https:\/\/mekulo.com\/se\/wp-content\/uploads\/sites\/11\/2026\/01\/eh5dcyl-1.jpg\" \/>\n\t<meta property=\"og:image:width\" content=\"700\" \/>\n\t<meta property=\"og:image:height\" content=\"673\" \/>\n\t<meta property=\"og:image:type\" content=\"image\/jpeg\" \/>\n<meta name=\"twitter:card\" content=\"summary_large_image\" \/>\n<meta name=\"twitter:label1\" content=\"Ber\u00e4knad l\u00e4stid\" \/>\n\t<meta name=\"twitter:data1\" content=\"2 minuter\" \/>\n<script type=\"application\/ld+json\" class=\"yoast-schema-graph\">{\"@context\":\"https:\/\/schema.org\",\"@graph\":[{\"@type\":\"WebPage\",\"@id\":\"https:\/\/mekulo.com\/se\/produkt\/kupa-bricka\/\",\"url\":\"https:\/\/mekulo.com\/se\/produkt\/kupa-bricka\/\",\"name\":\"Kupa bricka - Mekulo SE\",\"isPartOf\":{\"@id\":\"https:\/\/mekulo.com\/se\/#website\"},\"primaryImageOfPage\":{\"@id\":\"https:\/\/mekulo.com\/se\/produkt\/kupa-bricka\/#primaryimage\"},\"image\":{\"@id\":\"https:\/\/mekulo.com\/se\/produkt\/kupa-bricka\/#primaryimage\"},\"thumbnailUrl\":\"https:\/\/mekulo.com\/se\/wp-content\/uploads\/sites\/11\/2026\/01\/eh5dcyl-1.jpg\",\"datePublished\":\"2026-01-28T14:19:37+00:00\",\"dateModified\":\"2026-01-29T16:27:34+00:00\",\"breadcrumb\":{\"@id\":\"https:\/\/mekulo.com\/se\/produkt\/kupa-bricka\/#breadcrumb\"},\"inLanguage\":\"sv-SE\",\"potentialAction\":[{\"@type\":\"ReadAction\",\"target\":[\"https:\/\/mekulo.com\/se\/produkt\/kupa-bricka\/\"]}]},{\"@type\":\"ImageObject\",\"inLanguage\":\"sv-SE\",\"@id\":\"https:\/\/mekulo.com\/se\/produkt\/kupa-bricka\/#primaryimage\",\"url\":\"https:\/\/mekulo.com\/se\/wp-content\/uploads\/sites\/11\/2026\/01\/eh5dcyl-1.jpg\",\"contentUrl\":\"https:\/\/mekulo.com\/se\/wp-content\/uploads\/sites\/11\/2026\/01\/eh5dcyl-1.jpg\",\"width\":700,\"height\":673},{\"@type\":\"BreadcrumbList\",\"@id\":\"https:\/\/mekulo.com\/se\/produkt\/kupa-bricka\/#breadcrumb\",\"itemListElement\":[{\"@type\":\"ListItem\",\"position\":1,\"name\":\"Home\",\"item\":\"https:\/\/mekulo.com\/se\/\"},{\"@type\":\"ListItem\",\"position\":2,\"name\":\"Butik\",\"item\":\"https:\/\/mekulo.com\/se\/butik\/\"},{\"@type\":\"ListItem\",\"position\":3,\"name\":\"Kupa bricka\"}]},{\"@type\":\"WebSite\",\"@id\":\"https:\/\/mekulo.com\/se\/#website\",\"url\":\"https:\/\/mekulo.com\/se\/\",\"name\":\"Mekulo SE\",\"description\":\"\",\"publisher\":{\"@id\":\"https:\/\/mekulo.com\/se\/#organization\"},\"potentialAction\":[{\"@type\":\"SearchAction\",\"target\":{\"@type\":\"EntryPoint\",\"urlTemplate\":\"https:\/\/mekulo.com\/se\/?s={search_term_string}\"},\"query-input\":{\"@type\":\"PropertyValueSpecification\",\"valueRequired\":true,\"valueName\":\"search_term_string\"}}],\"inLanguage\":\"sv-SE\"},{\"@type\":\"Organization\",\"@id\":\"https:\/\/mekulo.com\/se\/#organization\",\"name\":\"Mekulo\",\"url\":\"https:\/\/mekulo.com\/se\/\",\"logo\":{\"@type\":\"ImageObject\",\"inLanguage\":\"sv-SE\",\"@id\":\"https:\/\/mekulo.com\/se\/#\/schema\/logo\/image\/\",\"url\":\"https:\/\/mekulo.com\/se\/wp-content\/uploads\/sites\/11\/2025\/12\/favicon_mekulo.png\",\"contentUrl\":\"https:\/\/mekulo.com\/se\/wp-content\/uploads\/sites\/11\/2025\/12\/favicon_mekulo.png\",\"width\":50,\"height\":50,\"caption\":\"Mekulo\"},\"image\":{\"@id\":\"https:\/\/mekulo.com\/se\/#\/schema\/logo\/image\/\"}}]}<\/script>\n<!-- \/ Yoast SEO plugin. -->","yoast_head_json":{"title":"Kupa bricka - Mekulo SE","robots":{"index":"index","follow":"follow","max-snippet":"max-snippet:-1","max-image-preview":"max-image-preview:large","max-video-preview":"max-video-preview:-1"},"canonical":"https:\/\/mekulo.com\/se\/produkt\/kupa-bricka\/","og_locale":"sv_SE","og_type":"article","og_title":"Kupa bricka - Mekulo SE","og_description":"\u2615Den h\u00e4r muggtv\u00e4tten installeras i diskhon och anv\u00e4nder starkt vattentryck f\u00f6r att tv\u00e4tta koppar p\u00e5 n\u00e5gra sekunder. \ud83d\udca6Tryck bara ner koppen s\u00e5 sprutar tv\u00e4tten vatten fr\u00e5n alla vinklar f\u00f6r att ta bort fl\u00e4ckar och rester, vilket sparar tid och anstr\u00e4ngning vid den dagliga reng\u00f6ringen. \u2728Ett snabbare, renare och smartare s\u00e4tt att tv\u00e4tta koppar - ingen skrubbning beh\u00f6vs.","og_url":"https:\/\/mekulo.com\/se\/produkt\/kupa-bricka\/","og_site_name":"Mekulo SE","article_modified_time":"2026-01-29T16:27:34+00:00","og_image":[{"width":700,"height":673,"url":"https:\/\/mekulo.com\/se\/wp-content\/uploads\/sites\/11\/2026\/01\/eh5dcyl-1.jpg","type":"image\/jpeg"}],"twitter_card":"summary_large_image","twitter_misc":{"Ber\u00e4knad l\u00e4stid":"2 minuter"},"schema":{"@context":"https:\/\/schema.org","@graph":[{"@type":"WebPage","@id":"https:\/\/mekulo.com\/se\/produkt\/kupa-bricka\/","url":"https:\/\/mekulo.com\/se\/produkt\/kupa-bricka\/","name":"Kupa bricka - Mekulo SE","isPartOf":{"@id":"https:\/\/mekulo.com\/se\/#website"},"primaryImageOfPage":{"@id":"https:\/\/mekulo.com\/se\/produkt\/kupa-bricka\/#primaryimage"},"image":{"@id":"https:\/\/mekulo.com\/se\/produkt\/kupa-bricka\/#primaryimage"},"thumbnailUrl":"https:\/\/mekulo.com\/se\/wp-content\/uploads\/sites\/11\/2026\/01\/eh5dcyl-1.jpg","datePublished":"2026-01-28T14:19:37+00:00","dateModified":"2026-01-29T16:27:34+00:00","breadcrumb":{"@id":"https:\/\/mekulo.com\/se\/produkt\/kupa-bricka\/#breadcrumb"},"inLanguage":"sv-SE","potentialAction":[{"@type":"ReadAction","target":["https:\/\/mekulo.com\/se\/produkt\/kupa-bricka\/"]}]},{"@type":"ImageObject","inLanguage":"sv-SE","@id":"https:\/\/mekulo.com\/se\/produkt\/kupa-bricka\/#primaryimage","url":"https:\/\/mekulo.com\/se\/wp-content\/uploads\/sites\/11\/2026\/01\/eh5dcyl-1.jpg","contentUrl":"https:\/\/mekulo.com\/se\/wp-content\/uploads\/sites\/11\/2026\/01\/eh5dcyl-1.jpg","width":700,"height":673},{"@type":"BreadcrumbList","@id":"https:\/\/mekulo.com\/se\/produkt\/kupa-bricka\/#breadcrumb","itemListElement":[{"@type":"ListItem","position":1,"name":"Home","item":"https:\/\/mekulo.com\/se\/"},{"@type":"ListItem","position":2,"name":"Butik","item":"https:\/\/mekulo.com\/se\/butik\/"},{"@type":"ListItem","position":3,"name":"Kupa bricka"}]},{"@type":"WebSite","@id":"https:\/\/mekulo.com\/se\/#website","url":"https:\/\/mekulo.com\/se\/","name":"Mekulo SE","description":"","publisher":{"@id":"https:\/\/mekulo.com\/se\/#organization"},"potentialAction":[{"@type":"SearchAction","target":{"@type":"EntryPoint","urlTemplate":"https:\/\/mekulo.com\/se\/?s={search_term_string}"},"query-input":{"@type":"PropertyValueSpecification","valueRequired":true,"valueName":"search_term_string"}}],"inLanguage":"sv-SE"},{"@type":"Organization","@id":"https:\/\/mekulo.com\/se\/#organization","name":"Mekulo","url":"https:\/\/mekulo.com\/se\/","logo":{"@type":"ImageObject","inLanguage":"sv-SE","@id":"https:\/\/mekulo.com\/se\/#\/schema\/logo\/image\/","url":"https:\/\/mekulo.com\/se\/wp-content\/uploads\/sites\/11\/2025\/12\/favicon_mekulo.png","contentUrl":"https:\/\/mekulo.com\/se\/wp-content\/uploads\/sites\/11\/2025\/12\/favicon_mekulo.png","width":50,"height":50,"caption":"Mekulo"},"image":{"@id":"https:\/\/mekulo.com\/se\/#\/schema\/logo\/image\/"}}]}},"_links":{"self":[{"href":"https:\/\/mekulo.com\/se\/wp-json\/wp\/v2\/product\/19399","targetHints":{"allow":["GET"]}}],"collection":[{"href":"https:\/\/mekulo.com\/se\/wp-json\/wp\/v2\/product"}],"about":[{"href":"https:\/\/mekulo.com\/se\/wp-json\/wp\/v2\/types\/product"}],"replies":[{"embeddable":true,"href":"https:\/\/mekulo.com\/se\/wp-json\/wp\/v2\/comments?post=19399"}],"wp:featuredmedia":[{"embeddable":true,"href":"https:\/\/mekulo.com\/se\/wp-json\/wp\/v2\/media\/19395"}],"wp:attachment":[{"href":"https:\/\/mekulo.com\/se\/wp-json\/wp\/v2\/media?parent=19399"}],"wp:term":[{"taxonomy":"product_brand","embeddable":true,"href":"https:\/\/mekulo.com\/se\/wp-json\/wp\/v2\/product_brand?post=19399"},{"taxonomy":"product_cat","embeddable":true,"href":"https:\/\/mekulo.com\/se\/wp-json\/wp\/v2\/product_cat?post=19399"},{"taxonomy":"product_tag","embeddable":true,"href":"https:\/\/mekulo.com\/se\/wp-json\/wp\/v2\/product_tag?post=19399"}],"curies":[{"name":"wp","href":"https:\/\/api.w.org\/{rel}","templated":true}]}}