{"id":19340,"date":"2026-01-28T16:11:31","date_gmt":"2026-01-28T14:11:31","guid":{"rendered":"https:\/\/mekulo.com\/se\/produkt\/fargglada-serpentiner-for-fest\/"},"modified":"2026-01-29T18:16:14","modified_gmt":"2026-01-29T16:16:14","slug":"fargglada-serpentiner-for-fest","status":"publish","type":"product","link":"https:\/\/mekulo.com\/se\/produkt\/fargglada-serpentiner-for-fest\/","title":{"rendered":"F\u00e4rgglada serpentiner f\u00f6r fest"},"content":{"rendered":"<p style=\"text-align: center;\" data-start=\"30\" data-end=\"110\"><strong data-start=\"30\" data-end=\"110\">Skapa omedelbar festgl\u00e4dje med ljusa, sv\u00e4vande band och ingen kladdig reng\u00f6ring. \ud83e\udd73<\/strong><\/p>\n<p data-start=\"112\" data-end=\"306\"><img fetchpriority=\"high\" decoding=\"async\" class=\"size-full wp-image-21799 aligncenter\" src=\"https:\/\/mekulo.com\/template\/wp-content\/uploads\/sites\/6\/2026\/01\/Sffb5f18e75e14e38ae4cb79de59c36c1R.webp\" alt=\"\" width=\"800\" height=\"800\" \/><\/p>\n<h2 style=\"text-align: center;\" data-start=\"313\" data-end=\"333\"><strong>\ud83c\udf89 Huvudsakliga f\u00f6rdelar<\/strong><\/h2>\n<p data-start=\"335\" data-end=\"427\">\ud83c\udf08 Ljus och f\u00e4rgstark effekt &#8211; L\u00e5nga, livfulla band skapar en fantastisk visuell bild i luften.<\/p>\n<p data-start=\"429\" data-end=\"506\">\ud83e\uddf9 Ingen kladdfri reng\u00f6ring &#8211; Ta bara tag i ena \u00e4nden och dra ihop serpentinerna.<\/p>\n<p data-start=\"508\" data-end=\"587\">\ud83d\udd25 Flamskyddande material &#8211; Tillverkad av s\u00e4kert, flamskyddande mjukpapper.<\/p>\n<p data-start=\"589\" data-end=\"673\">\ud83c\udf88 Perfekt f\u00f6r alla evenemang &#8211; Perfekt f\u00f6r f\u00f6delsedagar, br\u00f6llop, h\u00f6gtider och fester.<\/p>\n<p data-start=\"589\" data-end=\"673\"><img decoding=\"async\" class=\"size-full wp-image-21800 aligncenter\" src=\"https:\/\/mekulo.com\/template\/wp-content\/uploads\/sites\/6\/2026\/01\/S7bde4bccda004d47bc96ce58c7df20dfR.jpg_960x960q75.jpg_.avif\" alt=\"\" width=\"800\" height=\"800\" \/><\/p>\n<h2 style=\"text-align: center;\" data-start=\"739\" data-end=\"756\"><strong>\ud83d\udee0 Hur Man Anv\u00e4nder<\/strong><\/h2>\n<ol data-start=\"758\" data-end=\"975\">\n<li data-start=\"758\" data-end=\"803\">\n<p data-start=\"761\" data-end=\"803\">Stick fingret genom ringhandtaget.<\/p>\n<\/li>\n<li data-start=\"804\" data-end=\"836\">\n<p data-start=\"807\" data-end=\"836\">Dra av baksidan.<\/p>\n<\/li>\n<li data-start=\"837\" data-end=\"889\">\n<p data-start=\"840\" data-end=\"889\">Kasta serpentinen upp\u00e5t i 45 graders vinkel.<\/p>\n<\/li>\n<li data-start=\"890\" data-end=\"928\">\n<p data-start=\"893\" data-end=\"928\">Njut av den f\u00e4rgglada bandeffekten.<\/p>\n<\/li>\n<li data-start=\"929\" data-end=\"975\">\n<p data-start=\"932\" data-end=\"975\">Dra i ena \u00e4nden f\u00f6r att samla ihop och st\u00e4da upp enkelt.<\/p>\n<\/li>\n<\/ol>\n<h2 style=\"text-align: center;\" data-start=\"982\" data-end=\"1004\"><strong>\ud83d\udccc Produktdetaljer<\/strong><\/h2>\n<ul data-start=\"1006\" data-end=\"1190\">\n<li data-start=\"1006\" data-end=\"1048\">\n<p data-start=\"1008\" data-end=\"1048\">Material: Flams\u00e4kert silkespapper<\/p>\n<\/li>\n<li data-start=\"1049\" data-end=\"1092\">\n<p data-start=\"1051\" data-end=\"1092\">Bandl\u00e4ngd: Ca 5 m per band<\/p>\n<\/li>\n<li data-start=\"1154\" data-end=\"1190\">\n<p data-start=\"1156\" data-end=\"1190\">Typ: Party streamers som kastas f\u00f6r hand<\/p>\n<\/li>\n<li data-start=\"1154\" data-end=\"1190\">Storlek: 8,7 x 5,5 cm<\/li>\n<\/ul>\n<h2 style=\"text-align: center;\" data-start=\"1197\" data-end=\"1220\"><strong>\ud83d\udce6 F\u00f6rpackningen inneh\u00e5ller<\/strong><\/h2>\n<ul data-start=\"1222\" data-end=\"1271\">\n<li data-start=\"1222\" data-end=\"1271\">\n<p data-start=\"1224\" data-end=\"1271\">10, 20, 40x f\u00e4rgglada party streamers.<\/p>\n<\/li>\n<\/ul>\n","protected":false},"excerpt":{"rendered":"<p><span style=\"font-size: 16px; font-style: normal; font-weight: 400;\">\ud83c\udf8a<\/span>De h\u00e4r f\u00e4rgglada partystreamers som kastas f\u00f6r hand ger en f\u00e4rgglad och sp\u00e4nnande effekt till alla fester.<br \/>\n\ud83e\uddf9De \u00e4r l\u00e4tta att anv\u00e4nda, l\u00e4tta att reng\u00f6ra och perfekta f\u00f6r personer som vill ha det roliga med konfetti utan att st\u00f6ka till.<br \/>\n\ud83c\udf80Ett roligt, f\u00e4rgglatt och st\u00f6kfritt s\u00e4tt att ge energi och sp\u00e4nning till alla fester.<\/p>\n","protected":false},"featured_media":19336,"comment_status":"open","ping_status":"closed","template":"","meta":{"site-sidebar-layout":"default","site-content-layout":"","ast-site-content-layout":"default","site-content-style":"default","site-sidebar-style":"default","ast-global-header-display":"","ast-banner-title-visibility":"","ast-main-header-display":"","ast-hfb-above-header-display":"","ast-hfb-below-header-display":"","ast-hfb-mobile-header-display":"","site-post-title":"","ast-breadcrumbs-content":"","ast-featured-img":"","footer-sml-layout":"","theme-transparent-header-meta":"default","adv-header-id-meta":"","stick-header-meta":"","header-above-stick-meta":"","header-main-stick-meta":"","header-below-stick-meta":"","astra-migrate-meta-layouts":"set","ast-page-background-enabled":"default","ast-page-background-meta":{"desktop":{"background-color":"var(--ast-global-color-5)","background-image":"","background-repeat":"repeat","background-position":"center center","background-size":"auto","background-attachment":"scroll","background-type":"","background-media":"","overlay-type":"","overlay-color":"","overlay-opacity":"","overlay-gradient":""},"tablet":{"background-color":"","background-image":"","background-repeat":"repeat","background-position":"center center","background-size":"auto","background-attachment":"scroll","background-type":"","background-media":"","overlay-type":"","overlay-color":"","overlay-opacity":"","overlay-gradient":""},"mobile":{"background-color":"","background-image":"","background-repeat":"repeat","background-position":"center center","background-size":"auto","background-attachment":"scroll","background-type":"","background-media":"","overlay-type":"","overlay-color":"","overlay-opacity":"","overlay-gradient":""}},"ast-content-background-meta":{"desktop":{"background-color":"var(--ast-global-color-4)","background-image":"","background-repeat":"repeat","background-position":"center center","background-size":"auto","background-attachment":"scroll","background-type":"","background-media":"","overlay-type":"","overlay-color":"","overlay-opacity":"","overlay-gradient":""},"tablet":{"background-color":"var(--ast-global-color-4)","background-image":"","background-repeat":"repeat","background-position":"center center","background-size":"auto","background-attachment":"scroll","background-type":"","background-media":"","overlay-type":"","overlay-color":"","overlay-opacity":"","overlay-gradient":""},"mobile":{"background-color":"var(--ast-global-color-4)","background-image":"","background-repeat":"repeat","background-position":"center center","background-size":"auto","background-attachment":"scroll","background-type":"","background-media":"","overlay-type":"","overlay-color":"","overlay-opacity":"","overlay-gradient":""}}},"product_brand":[],"product_cat":[168],"product_tag":[],"class_list":{"0":"post-19340","1":"product","2":"type-product","3":"status-publish","4":"has-post-thumbnail","6":"product_cat-hushallsartiklar","7":"pa_51630_7j1km1u6-10-st","8":"pa_51630_7j1km1u6-20-st","9":"pa_51630_7j1km1u6-40-st","10":"desktop-align-left","11":"tablet-align-left","12":"mobile-align-left","14":"first","15":"instock","16":"shipping-taxable","17":"purchasable","18":"product-type-variable"},"yoast_head":"<!-- This site is optimized with the Yoast SEO plugin v26.6 - https:\/\/yoast.com\/wordpress\/plugins\/seo\/ -->\n<title>F\u00e4rgglada serpentiner f\u00f6r fest - Mekulo SE<\/title>\n<meta name=\"robots\" content=\"index, follow, max-snippet:-1, max-image-preview:large, max-video-preview:-1\" \/>\n<link rel=\"canonical\" href=\"https:\/\/mekulo.com\/se\/produkt\/fargglada-serpentiner-for-fest\/\" \/>\n<meta property=\"og:locale\" content=\"sv_SE\" \/>\n<meta property=\"og:type\" content=\"article\" \/>\n<meta property=\"og:title\" content=\"F\u00e4rgglada serpentiner f\u00f6r fest - Mekulo SE\" \/>\n<meta property=\"og:description\" content=\"\ud83c\udf8aDe h\u00e4r f\u00e4rgglada partystreamers som kastas f\u00f6r hand ger en f\u00e4rgglad och sp\u00e4nnande effekt till alla fester. \ud83e\uddf9De \u00e4r l\u00e4tta att anv\u00e4nda, l\u00e4tta att reng\u00f6ra och perfekta f\u00f6r personer som vill ha det roliga med konfetti utan att st\u00f6ka till. \ud83c\udf80Ett roligt, f\u00e4rgglatt och st\u00f6kfritt s\u00e4tt att ge energi och sp\u00e4nning till alla fester.\" \/>\n<meta property=\"og:url\" content=\"https:\/\/mekulo.com\/se\/produkt\/fargglada-serpentiner-for-fest\/\" \/>\n<meta property=\"og:site_name\" content=\"Mekulo SE\" \/>\n<meta property=\"article:modified_time\" content=\"2026-01-29T16:16:14+00:00\" \/>\n<meta property=\"og:image\" content=\"https:\/\/mekulo.com\/se\/wp-content\/uploads\/sites\/11\/2026\/01\/l22miyj-1.webp\" \/>\n\t<meta property=\"og:image:width\" content=\"800\" \/>\n\t<meta property=\"og:image:height\" content=\"800\" \/>\n\t<meta property=\"og:image:type\" content=\"image\/webp\" \/>\n<meta name=\"twitter:card\" content=\"summary_large_image\" \/>\n<meta name=\"twitter:label1\" content=\"Ber\u00e4knad l\u00e4stid\" \/>\n\t<meta name=\"twitter:data1\" content=\"2 minuter\" \/>\n<script type=\"application\/ld+json\" class=\"yoast-schema-graph\">{\"@context\":\"https:\/\/schema.org\",\"@graph\":[{\"@type\":\"WebPage\",\"@id\":\"https:\/\/mekulo.com\/se\/produkt\/fargglada-serpentiner-for-fest\/\",\"url\":\"https:\/\/mekulo.com\/se\/produkt\/fargglada-serpentiner-for-fest\/\",\"name\":\"F\u00e4rgglada serpentiner f\u00f6r fest - Mekulo SE\",\"isPartOf\":{\"@id\":\"https:\/\/mekulo.com\/se\/#website\"},\"primaryImageOfPage\":{\"@id\":\"https:\/\/mekulo.com\/se\/produkt\/fargglada-serpentiner-for-fest\/#primaryimage\"},\"image\":{\"@id\":\"https:\/\/mekulo.com\/se\/produkt\/fargglada-serpentiner-for-fest\/#primaryimage\"},\"thumbnailUrl\":\"https:\/\/mekulo.com\/se\/wp-content\/uploads\/sites\/11\/2026\/01\/l22miyj-1.webp\",\"datePublished\":\"2026-01-28T14:11:31+00:00\",\"dateModified\":\"2026-01-29T16:16:14+00:00\",\"breadcrumb\":{\"@id\":\"https:\/\/mekulo.com\/se\/produkt\/fargglada-serpentiner-for-fest\/#breadcrumb\"},\"inLanguage\":\"sv-SE\",\"potentialAction\":[{\"@type\":\"ReadAction\",\"target\":[\"https:\/\/mekulo.com\/se\/produkt\/fargglada-serpentiner-for-fest\/\"]}]},{\"@type\":\"ImageObject\",\"inLanguage\":\"sv-SE\",\"@id\":\"https:\/\/mekulo.com\/se\/produkt\/fargglada-serpentiner-for-fest\/#primaryimage\",\"url\":\"https:\/\/mekulo.com\/se\/wp-content\/uploads\/sites\/11\/2026\/01\/l22miyj-1.webp\",\"contentUrl\":\"https:\/\/mekulo.com\/se\/wp-content\/uploads\/sites\/11\/2026\/01\/l22miyj-1.webp\",\"width\":800,\"height\":800},{\"@type\":\"BreadcrumbList\",\"@id\":\"https:\/\/mekulo.com\/se\/produkt\/fargglada-serpentiner-for-fest\/#breadcrumb\",\"itemListElement\":[{\"@type\":\"ListItem\",\"position\":1,\"name\":\"Home\",\"item\":\"https:\/\/mekulo.com\/se\/\"},{\"@type\":\"ListItem\",\"position\":2,\"name\":\"Butik\",\"item\":\"https:\/\/mekulo.com\/se\/butik\/\"},{\"@type\":\"ListItem\",\"position\":3,\"name\":\"F\u00e4rgglada serpentiner f\u00f6r fest\"}]},{\"@type\":\"WebSite\",\"@id\":\"https:\/\/mekulo.com\/se\/#website\",\"url\":\"https:\/\/mekulo.com\/se\/\",\"name\":\"Mekulo SE\",\"description\":\"\",\"publisher\":{\"@id\":\"https:\/\/mekulo.com\/se\/#organization\"},\"potentialAction\":[{\"@type\":\"SearchAction\",\"target\":{\"@type\":\"EntryPoint\",\"urlTemplate\":\"https:\/\/mekulo.com\/se\/?s={search_term_string}\"},\"query-input\":{\"@type\":\"PropertyValueSpecification\",\"valueRequired\":true,\"valueName\":\"search_term_string\"}}],\"inLanguage\":\"sv-SE\"},{\"@type\":\"Organization\",\"@id\":\"https:\/\/mekulo.com\/se\/#organization\",\"name\":\"Mekulo\",\"url\":\"https:\/\/mekulo.com\/se\/\",\"logo\":{\"@type\":\"ImageObject\",\"inLanguage\":\"sv-SE\",\"@id\":\"https:\/\/mekulo.com\/se\/#\/schema\/logo\/image\/\",\"url\":\"https:\/\/mekulo.com\/se\/wp-content\/uploads\/sites\/11\/2025\/12\/favicon_mekulo.png\",\"contentUrl\":\"https:\/\/mekulo.com\/se\/wp-content\/uploads\/sites\/11\/2025\/12\/favicon_mekulo.png\",\"width\":50,\"height\":50,\"caption\":\"Mekulo\"},\"image\":{\"@id\":\"https:\/\/mekulo.com\/se\/#\/schema\/logo\/image\/\"}}]}<\/script>\n<!-- \/ Yoast SEO plugin. -->","yoast_head_json":{"title":"F\u00e4rgglada serpentiner f\u00f6r fest - Mekulo SE","robots":{"index":"index","follow":"follow","max-snippet":"max-snippet:-1","max-image-preview":"max-image-preview:large","max-video-preview":"max-video-preview:-1"},"canonical":"https:\/\/mekulo.com\/se\/produkt\/fargglada-serpentiner-for-fest\/","og_locale":"sv_SE","og_type":"article","og_title":"F\u00e4rgglada serpentiner f\u00f6r fest - Mekulo SE","og_description":"\ud83c\udf8aDe h\u00e4r f\u00e4rgglada partystreamers som kastas f\u00f6r hand ger en f\u00e4rgglad och sp\u00e4nnande effekt till alla fester. \ud83e\uddf9De \u00e4r l\u00e4tta att anv\u00e4nda, l\u00e4tta att reng\u00f6ra och perfekta f\u00f6r personer som vill ha det roliga med konfetti utan att st\u00f6ka till. \ud83c\udf80Ett roligt, f\u00e4rgglatt och st\u00f6kfritt s\u00e4tt att ge energi och sp\u00e4nning till alla fester.","og_url":"https:\/\/mekulo.com\/se\/produkt\/fargglada-serpentiner-for-fest\/","og_site_name":"Mekulo SE","article_modified_time":"2026-01-29T16:16:14+00:00","og_image":[{"width":800,"height":800,"url":"https:\/\/mekulo.com\/se\/wp-content\/uploads\/sites\/11\/2026\/01\/l22miyj-1.webp","type":"image\/webp"}],"twitter_card":"summary_large_image","twitter_misc":{"Ber\u00e4knad l\u00e4stid":"2 minuter"},"schema":{"@context":"https:\/\/schema.org","@graph":[{"@type":"WebPage","@id":"https:\/\/mekulo.com\/se\/produkt\/fargglada-serpentiner-for-fest\/","url":"https:\/\/mekulo.com\/se\/produkt\/fargglada-serpentiner-for-fest\/","name":"F\u00e4rgglada serpentiner f\u00f6r fest - Mekulo SE","isPartOf":{"@id":"https:\/\/mekulo.com\/se\/#website"},"primaryImageOfPage":{"@id":"https:\/\/mekulo.com\/se\/produkt\/fargglada-serpentiner-for-fest\/#primaryimage"},"image":{"@id":"https:\/\/mekulo.com\/se\/produkt\/fargglada-serpentiner-for-fest\/#primaryimage"},"thumbnailUrl":"https:\/\/mekulo.com\/se\/wp-content\/uploads\/sites\/11\/2026\/01\/l22miyj-1.webp","datePublished":"2026-01-28T14:11:31+00:00","dateModified":"2026-01-29T16:16:14+00:00","breadcrumb":{"@id":"https:\/\/mekulo.com\/se\/produkt\/fargglada-serpentiner-for-fest\/#breadcrumb"},"inLanguage":"sv-SE","potentialAction":[{"@type":"ReadAction","target":["https:\/\/mekulo.com\/se\/produkt\/fargglada-serpentiner-for-fest\/"]}]},{"@type":"ImageObject","inLanguage":"sv-SE","@id":"https:\/\/mekulo.com\/se\/produkt\/fargglada-serpentiner-for-fest\/#primaryimage","url":"https:\/\/mekulo.com\/se\/wp-content\/uploads\/sites\/11\/2026\/01\/l22miyj-1.webp","contentUrl":"https:\/\/mekulo.com\/se\/wp-content\/uploads\/sites\/11\/2026\/01\/l22miyj-1.webp","width":800,"height":800},{"@type":"BreadcrumbList","@id":"https:\/\/mekulo.com\/se\/produkt\/fargglada-serpentiner-for-fest\/#breadcrumb","itemListElement":[{"@type":"ListItem","position":1,"name":"Home","item":"https:\/\/mekulo.com\/se\/"},{"@type":"ListItem","position":2,"name":"Butik","item":"https:\/\/mekulo.com\/se\/butik\/"},{"@type":"ListItem","position":3,"name":"F\u00e4rgglada serpentiner f\u00f6r fest"}]},{"@type":"WebSite","@id":"https:\/\/mekulo.com\/se\/#website","url":"https:\/\/mekulo.com\/se\/","name":"Mekulo SE","description":"","publisher":{"@id":"https:\/\/mekulo.com\/se\/#organization"},"potentialAction":[{"@type":"SearchAction","target":{"@type":"EntryPoint","urlTemplate":"https:\/\/mekulo.com\/se\/?s={search_term_string}"},"query-input":{"@type":"PropertyValueSpecification","valueRequired":true,"valueName":"search_term_string"}}],"inLanguage":"sv-SE"},{"@type":"Organization","@id":"https:\/\/mekulo.com\/se\/#organization","name":"Mekulo","url":"https:\/\/mekulo.com\/se\/","logo":{"@type":"ImageObject","inLanguage":"sv-SE","@id":"https:\/\/mekulo.com\/se\/#\/schema\/logo\/image\/","url":"https:\/\/mekulo.com\/se\/wp-content\/uploads\/sites\/11\/2025\/12\/favicon_mekulo.png","contentUrl":"https:\/\/mekulo.com\/se\/wp-content\/uploads\/sites\/11\/2025\/12\/favicon_mekulo.png","width":50,"height":50,"caption":"Mekulo"},"image":{"@id":"https:\/\/mekulo.com\/se\/#\/schema\/logo\/image\/"}}]}},"_links":{"self":[{"href":"https:\/\/mekulo.com\/se\/wp-json\/wp\/v2\/product\/19340","targetHints":{"allow":["GET"]}}],"collection":[{"href":"https:\/\/mekulo.com\/se\/wp-json\/wp\/v2\/product"}],"about":[{"href":"https:\/\/mekulo.com\/se\/wp-json\/wp\/v2\/types\/product"}],"replies":[{"embeddable":true,"href":"https:\/\/mekulo.com\/se\/wp-json\/wp\/v2\/comments?post=19340"}],"wp:featuredmedia":[{"embeddable":true,"href":"https:\/\/mekulo.com\/se\/wp-json\/wp\/v2\/media\/19336"}],"wp:attachment":[{"href":"https:\/\/mekulo.com\/se\/wp-json\/wp\/v2\/media?parent=19340"}],"wp:term":[{"taxonomy":"product_brand","embeddable":true,"href":"https:\/\/mekulo.com\/se\/wp-json\/wp\/v2\/product_brand?post=19340"},{"taxonomy":"product_cat","embeddable":true,"href":"https:\/\/mekulo.com\/se\/wp-json\/wp\/v2\/product_cat?post=19340"},{"taxonomy":"product_tag","embeddable":true,"href":"https:\/\/mekulo.com\/se\/wp-json\/wp\/v2\/product_tag?post=19340"}],"curies":[{"name":"wp","href":"https:\/\/api.w.org\/{rel}","templated":true}]}}