{"id":19315,"date":"2026-01-28T16:09:44","date_gmt":"2026-01-28T14:09:44","guid":{"rendered":"https:\/\/mekulo.com\/se\/produkt\/crossbody-vaska-med-flera-fickor\/"},"modified":"2026-01-29T18:13:52","modified_gmt":"2026-01-29T16:13:52","slug":"crossbody-vaska-med-flera-fickor","status":"publish","type":"product","link":"https:\/\/mekulo.com\/se\/produkt\/crossbody-vaska-med-flera-fickor\/","title":{"rendered":"Crossbody-v\u00e4ska med flera fickor"},"content":{"rendered":"<p style=\"text-align: center;\" data-start=\"32\" data-end=\"92\"><strong data-start=\"32\" data-end=\"92\">B\u00e4r med dig allt du beh\u00f6ver i en snygg, organiserad v\u00e4ska. \ud83d\udc5c<\/strong><\/p>\n<p data-start=\"32\" data-end=\"92\"><img decoding=\"async\" class=\"size-full wp-image-21775 aligncenter\" src=\"https:\/\/mekulo.com\/template\/wp-content\/uploads\/sites\/6\/2026\/01\/ab44096e03a70677326038eb2adeb1033c2a4567-700.avif\" alt=\"\" \/><\/p>\n<h2 style=\"text-align: center;\" data-start=\"345\" data-end=\"364\"><strong>\u2728 Huvudsakliga f\u00f6rdelar<\/strong><\/h2>\n<p data-start=\"366\" data-end=\"449\">\ud83c\udf92 7 smarta fickor &#8211; H\u00e5ller ordning p\u00e5 din telefon, pl\u00e5nbok, nycklar och tillbeh\u00f6r.<\/p>\n<p data-start=\"451\" data-end=\"536\">\ud83d\udca7 Vattenresistent nylon &#8211; Skyddar dina tillh\u00f6righeter fr\u00e5n l\u00e4tt regn och st\u00e4nk.<\/p>\n<p data-start=\"538\" data-end=\"616\">\ud83d\udce6 Stor kapacitet &#8211; Rymlig nog f\u00f6r b\u00f6cker, paraply, gymsaker med mera.<\/p>\n<p data-start=\"618\" data-end=\"692\">\ud83d\udd01 Justerbar och m\u00e5ngsidig &#8211; Anv\u00e4nd den som axelv\u00e4ska eller crossbody-v\u00e4ska.<\/p>\n<p data-start=\"694\" data-end=\"779\">\ud83c\udf81 Snygg och presentv\u00e4nlig &#8211; Modernt utseende som \u00e4r en perfekt present f\u00f6r alla tillf\u00e4llen.<\/p>\n<p data-start=\"694\" data-end=\"779\"><img decoding=\"async\" class=\"size-full wp-image-21777 aligncenter\" src=\"https:\/\/mekulo.com\/template\/wp-content\/uploads\/sites\/6\/2026\/01\/3e4cccab64abd9fb19a59b9d3ffce064dab6957d-700.avif\" alt=\"\" \/><\/p>\n<h2 style=\"text-align: center;\" data-start=\"786\" data-end=\"803\"><strong>\ud83d\udee0 Hur du anv\u00e4nder<\/strong><\/h2>\n<ol data-start=\"805\" data-end=\"1031\">\n<li data-start=\"805\" data-end=\"861\">\n<p data-start=\"808\" data-end=\"861\">Justera axelremmen till \u00f6nskad l\u00e4ngd.<\/p>\n<\/li>\n<li data-start=\"862\" data-end=\"917\">\n<p data-start=\"865\" data-end=\"917\">L\u00e4gg saker i huvudfacket och fickorna.<\/p>\n<\/li>\n<li data-start=\"918\" data-end=\"973\">\n<p data-start=\"921\" data-end=\"973\">Anv\u00e4nd sido &#8211; och framfickorna f\u00f6r snabb \u00e5tkomst.<\/p>\n<\/li>\n<li data-start=\"974\" data-end=\"1031\">\n<p data-start=\"977\" data-end=\"1031\">Dra \u00e5t blixtl\u00e5set ordentligt och b\u00e4r \u00f6ver axeln eller p\u00e5 axeln.<\/p>\n<\/li>\n<\/ol>\n<h2 style=\"text-align: center;\" data-start=\"1038\" data-end=\"1060\"><strong>\ud83d\udccc Produktdetaljer<\/strong><\/h2>\n<ul data-start=\"1062\" data-end=\"1389\">\n<li data-start=\"1062\" data-end=\"1110\">\n<p data-start=\"1064\" data-end=\"1110\">Material: L\u00e4tt, vattenavvisande nylon<\/p>\n<\/li>\n<li data-start=\"1111\" data-end=\"1142\">\n<p data-start=\"1113\" data-end=\"1142\">Storlek: 37 x 26 cm<\/p>\n<\/li>\n<li data-start=\"1194\" data-end=\"1219\">\n<p data-start=\"1196\" data-end=\"1219\">Handtagsh\u00f6jd: 30 cm<\/p>\n<\/li>\n<li data-start=\"1220\" data-end=\"1389\">\n<p data-start=\"1222\" data-end=\"1232\">Fickor:<\/p>\n<ul data-start=\"1235\" data-end=\"1389\">\n<li data-start=\"1235\" data-end=\"1284\">\n<p data-start=\"1237\" data-end=\"1284\">Exteri\u00f6r: 2 sidofickor, 2 framfickor med dragkedja<\/p>\n<\/li>\n<li data-start=\"1287\" data-end=\"1348\">\n<p data-start=\"1289\" data-end=\"1348\">Interi\u00f6r: 1 huvudfack med kardborreband + 2 \u00f6ppna fickor<\/p>\n<\/li>\n<li data-start=\"1351\" data-end=\"1389\">\n<p data-start=\"1353\" data-end=\"1389\">Expanderbar sidoficka med dragkedja<\/p>\n<\/li>\n<\/ul>\n<\/li>\n<\/ul>\n<h2 style=\"text-align: center;\" data-start=\"1396\" data-end=\"1419\"><strong>\ud83d\udce6 F\u00f6rpackningen inneh\u00e5ller<\/strong><\/h2>\n<ul data-start=\"1421\" data-end=\"1455\">\n<li data-start=\"1421\" data-end=\"1455\">\n<p data-start=\"1423\" data-end=\"1455\">1x crossbody-v\u00e4ska med flera fickor.<\/p>\n<\/li>\n<\/ul>\n","protected":false},"excerpt":{"rendered":"<p>\ud83d\udc5dDen h\u00e4r crossbody-v\u00e4skan med flera fickor \u00e4r utformad f\u00f6r att h\u00e5lla dina dagliga n\u00f6dv\u00e4ndigheter prydligt ordnade samtidigt som den \u00e4r l\u00e4tt och bekv\u00e4m.<br \/>\n\ud83d\udc5bMed sju smarta fickor och en rymlig interi\u00f6r \u00e4r den perfekt f\u00f6r resor, arbete, shopping eller vardagsutflykter.<br \/>\n\ud83c\udf80En praktisk, bekv\u00e4m och snygg v\u00e4ska som h\u00e5ller allt p\u00e5 sin plats &#8211; perfekt f\u00f6r vardagslivet och stunderna p\u00e5 spr\u00e5ng.<\/p>\n","protected":false},"featured_media":19311,"comment_status":"open","ping_status":"closed","template":"","meta":{"site-sidebar-layout":"default","site-content-layout":"","ast-site-content-layout":"default","site-content-style":"default","site-sidebar-style":"default","ast-global-header-display":"","ast-banner-title-visibility":"","ast-main-header-display":"","ast-hfb-above-header-display":"","ast-hfb-below-header-display":"","ast-hfb-mobile-header-display":"","site-post-title":"","ast-breadcrumbs-content":"","ast-featured-img":"","footer-sml-layout":"","theme-transparent-header-meta":"default","adv-header-id-meta":"","stick-header-meta":"","header-above-stick-meta":"","header-main-stick-meta":"","header-below-stick-meta":"","astra-migrate-meta-layouts":"set","ast-page-background-enabled":"default","ast-page-background-meta":{"desktop":{"background-color":"var(--ast-global-color-5)","background-image":"","background-repeat":"repeat","background-position":"center center","background-size":"auto","background-attachment":"scroll","background-type":"","background-media":"","overlay-type":"","overlay-color":"","overlay-opacity":"","overlay-gradient":""},"tablet":{"background-color":"","background-image":"","background-repeat":"repeat","background-position":"center center","background-size":"auto","background-attachment":"scroll","background-type":"","background-media":"","overlay-type":"","overlay-color":"","overlay-opacity":"","overlay-gradient":""},"mobile":{"background-color":"","background-image":"","background-repeat":"repeat","background-position":"center center","background-size":"auto","background-attachment":"scroll","background-type":"","background-media":"","overlay-type":"","overlay-color":"","overlay-opacity":"","overlay-gradient":""}},"ast-content-background-meta":{"desktop":{"background-color":"var(--ast-global-color-4)","background-image":"","background-repeat":"repeat","background-position":"center center","background-size":"auto","background-attachment":"scroll","background-type":"","background-media":"","overlay-type":"","overlay-color":"","overlay-opacity":"","overlay-gradient":""},"tablet":{"background-color":"var(--ast-global-color-4)","background-image":"","background-repeat":"repeat","background-position":"center center","background-size":"auto","background-attachment":"scroll","background-type":"","background-media":"","overlay-type":"","overlay-color":"","overlay-opacity":"","overlay-gradient":""},"mobile":{"background-color":"var(--ast-global-color-4)","background-image":"","background-repeat":"repeat","background-position":"center center","background-size":"auto","background-attachment":"scroll","background-type":"","background-media":"","overlay-type":"","overlay-color":"","overlay-opacity":"","overlay-gradient":""}}},"product_brand":[],"product_cat":[164,165],"product_tag":[],"class_list":{"0":"post-19315","1":"product","2":"type-product","3":"status-publish","4":"has-post-thumbnail","6":"product_cat-klader-for-kvinnor","7":"product_cat-skor-accessoarer","8":"pa_51624_64nuu881-beige","9":"pa_51624_64nuu881-bla","10":"pa_51624_64nuu881-gra","11":"pa_51624_64nuu881-khaki","12":"pa_51624_64nuu881-lila","13":"pa_51624_64nuu881-morkt-kaffe","14":"pa_51624_64nuu881-olivgron","15":"pa_51624_64nuu881-svart","16":"desktop-align-left","17":"tablet-align-left","18":"mobile-align-left","20":"first","21":"instock","22":"shipping-taxable","23":"purchasable","24":"product-type-variable"},"yoast_head":"<!-- This site is optimized with the Yoast SEO plugin v26.6 - https:\/\/yoast.com\/wordpress\/plugins\/seo\/ -->\n<title>Crossbody-v\u00e4ska med flera fickor - Mekulo SE<\/title>\n<meta name=\"robots\" content=\"index, follow, max-snippet:-1, max-image-preview:large, max-video-preview:-1\" \/>\n<link rel=\"canonical\" href=\"https:\/\/mekulo.com\/se\/produkt\/crossbody-vaska-med-flera-fickor\/\" \/>\n<meta property=\"og:locale\" content=\"sv_SE\" \/>\n<meta property=\"og:type\" content=\"article\" \/>\n<meta property=\"og:title\" content=\"Crossbody-v\u00e4ska med flera fickor - Mekulo SE\" \/>\n<meta property=\"og:description\" content=\"\ud83d\udc5dDen h\u00e4r crossbody-v\u00e4skan med flera fickor \u00e4r utformad f\u00f6r att h\u00e5lla dina dagliga n\u00f6dv\u00e4ndigheter prydligt ordnade samtidigt som den \u00e4r l\u00e4tt och bekv\u00e4m. \ud83d\udc5bMed sju smarta fickor och en rymlig interi\u00f6r \u00e4r den perfekt f\u00f6r resor, arbete, shopping eller vardagsutflykter. \ud83c\udf80En praktisk, bekv\u00e4m och snygg v\u00e4ska som h\u00e5ller allt p\u00e5 sin plats - perfekt f\u00f6r vardagslivet och stunderna p\u00e5 spr\u00e5ng.\" \/>\n<meta property=\"og:url\" content=\"https:\/\/mekulo.com\/se\/produkt\/crossbody-vaska-med-flera-fickor\/\" \/>\n<meta property=\"og:site_name\" content=\"Mekulo SE\" \/>\n<meta property=\"article:modified_time\" content=\"2026-01-29T16:13:52+00:00\" \/>\n<meta property=\"og:image\" content=\"https:\/\/mekulo.com\/se\/wp-content\/uploads\/sites\/11\/2026\/01\/niz7fo0-1.jpg\" \/>\n\t<meta property=\"og:image:width\" content=\"700\" \/>\n\t<meta property=\"og:image:height\" content=\"700\" \/>\n\t<meta property=\"og:image:type\" content=\"image\/jpeg\" \/>\n<meta name=\"twitter:card\" content=\"summary_large_image\" \/>\n<meta name=\"twitter:label1\" content=\"Ber\u00e4knad l\u00e4stid\" \/>\n\t<meta name=\"twitter:data1\" content=\"2 minuter\" \/>\n<script type=\"application\/ld+json\" class=\"yoast-schema-graph\">{\"@context\":\"https:\/\/schema.org\",\"@graph\":[{\"@type\":\"WebPage\",\"@id\":\"https:\/\/mekulo.com\/se\/produkt\/crossbody-vaska-med-flera-fickor\/\",\"url\":\"https:\/\/mekulo.com\/se\/produkt\/crossbody-vaska-med-flera-fickor\/\",\"name\":\"Crossbody-v\u00e4ska med flera fickor - Mekulo SE\",\"isPartOf\":{\"@id\":\"https:\/\/mekulo.com\/se\/#website\"},\"primaryImageOfPage\":{\"@id\":\"https:\/\/mekulo.com\/se\/produkt\/crossbody-vaska-med-flera-fickor\/#primaryimage\"},\"image\":{\"@id\":\"https:\/\/mekulo.com\/se\/produkt\/crossbody-vaska-med-flera-fickor\/#primaryimage\"},\"thumbnailUrl\":\"https:\/\/mekulo.com\/se\/wp-content\/uploads\/sites\/11\/2026\/01\/niz7fo0-1.jpg\",\"datePublished\":\"2026-01-28T14:09:44+00:00\",\"dateModified\":\"2026-01-29T16:13:52+00:00\",\"breadcrumb\":{\"@id\":\"https:\/\/mekulo.com\/se\/produkt\/crossbody-vaska-med-flera-fickor\/#breadcrumb\"},\"inLanguage\":\"sv-SE\",\"potentialAction\":[{\"@type\":\"ReadAction\",\"target\":[\"https:\/\/mekulo.com\/se\/produkt\/crossbody-vaska-med-flera-fickor\/\"]}]},{\"@type\":\"ImageObject\",\"inLanguage\":\"sv-SE\",\"@id\":\"https:\/\/mekulo.com\/se\/produkt\/crossbody-vaska-med-flera-fickor\/#primaryimage\",\"url\":\"https:\/\/mekulo.com\/se\/wp-content\/uploads\/sites\/11\/2026\/01\/niz7fo0-1.jpg\",\"contentUrl\":\"https:\/\/mekulo.com\/se\/wp-content\/uploads\/sites\/11\/2026\/01\/niz7fo0-1.jpg\",\"width\":700,\"height\":700},{\"@type\":\"BreadcrumbList\",\"@id\":\"https:\/\/mekulo.com\/se\/produkt\/crossbody-vaska-med-flera-fickor\/#breadcrumb\",\"itemListElement\":[{\"@type\":\"ListItem\",\"position\":1,\"name\":\"Home\",\"item\":\"https:\/\/mekulo.com\/se\/\"},{\"@type\":\"ListItem\",\"position\":2,\"name\":\"Butik\",\"item\":\"https:\/\/mekulo.com\/se\/butik\/\"},{\"@type\":\"ListItem\",\"position\":3,\"name\":\"Crossbody-v\u00e4ska med flera fickor\"}]},{\"@type\":\"WebSite\",\"@id\":\"https:\/\/mekulo.com\/se\/#website\",\"url\":\"https:\/\/mekulo.com\/se\/\",\"name\":\"Mekulo SE\",\"description\":\"\",\"publisher\":{\"@id\":\"https:\/\/mekulo.com\/se\/#organization\"},\"potentialAction\":[{\"@type\":\"SearchAction\",\"target\":{\"@type\":\"EntryPoint\",\"urlTemplate\":\"https:\/\/mekulo.com\/se\/?s={search_term_string}\"},\"query-input\":{\"@type\":\"PropertyValueSpecification\",\"valueRequired\":true,\"valueName\":\"search_term_string\"}}],\"inLanguage\":\"sv-SE\"},{\"@type\":\"Organization\",\"@id\":\"https:\/\/mekulo.com\/se\/#organization\",\"name\":\"Mekulo\",\"url\":\"https:\/\/mekulo.com\/se\/\",\"logo\":{\"@type\":\"ImageObject\",\"inLanguage\":\"sv-SE\",\"@id\":\"https:\/\/mekulo.com\/se\/#\/schema\/logo\/image\/\",\"url\":\"https:\/\/mekulo.com\/se\/wp-content\/uploads\/sites\/11\/2025\/12\/favicon_mekulo.png\",\"contentUrl\":\"https:\/\/mekulo.com\/se\/wp-content\/uploads\/sites\/11\/2025\/12\/favicon_mekulo.png\",\"width\":50,\"height\":50,\"caption\":\"Mekulo\"},\"image\":{\"@id\":\"https:\/\/mekulo.com\/se\/#\/schema\/logo\/image\/\"}}]}<\/script>\n<!-- \/ Yoast SEO plugin. -->","yoast_head_json":{"title":"Crossbody-v\u00e4ska med flera fickor - Mekulo SE","robots":{"index":"index","follow":"follow","max-snippet":"max-snippet:-1","max-image-preview":"max-image-preview:large","max-video-preview":"max-video-preview:-1"},"canonical":"https:\/\/mekulo.com\/se\/produkt\/crossbody-vaska-med-flera-fickor\/","og_locale":"sv_SE","og_type":"article","og_title":"Crossbody-v\u00e4ska med flera fickor - Mekulo SE","og_description":"\ud83d\udc5dDen h\u00e4r crossbody-v\u00e4skan med flera fickor \u00e4r utformad f\u00f6r att h\u00e5lla dina dagliga n\u00f6dv\u00e4ndigheter prydligt ordnade samtidigt som den \u00e4r l\u00e4tt och bekv\u00e4m. \ud83d\udc5bMed sju smarta fickor och en rymlig interi\u00f6r \u00e4r den perfekt f\u00f6r resor, arbete, shopping eller vardagsutflykter. \ud83c\udf80En praktisk, bekv\u00e4m och snygg v\u00e4ska som h\u00e5ller allt p\u00e5 sin plats - perfekt f\u00f6r vardagslivet och stunderna p\u00e5 spr\u00e5ng.","og_url":"https:\/\/mekulo.com\/se\/produkt\/crossbody-vaska-med-flera-fickor\/","og_site_name":"Mekulo SE","article_modified_time":"2026-01-29T16:13:52+00:00","og_image":[{"width":700,"height":700,"url":"https:\/\/mekulo.com\/se\/wp-content\/uploads\/sites\/11\/2026\/01\/niz7fo0-1.jpg","type":"image\/jpeg"}],"twitter_card":"summary_large_image","twitter_misc":{"Ber\u00e4knad l\u00e4stid":"2 minuter"},"schema":{"@context":"https:\/\/schema.org","@graph":[{"@type":"WebPage","@id":"https:\/\/mekulo.com\/se\/produkt\/crossbody-vaska-med-flera-fickor\/","url":"https:\/\/mekulo.com\/se\/produkt\/crossbody-vaska-med-flera-fickor\/","name":"Crossbody-v\u00e4ska med flera fickor - Mekulo SE","isPartOf":{"@id":"https:\/\/mekulo.com\/se\/#website"},"primaryImageOfPage":{"@id":"https:\/\/mekulo.com\/se\/produkt\/crossbody-vaska-med-flera-fickor\/#primaryimage"},"image":{"@id":"https:\/\/mekulo.com\/se\/produkt\/crossbody-vaska-med-flera-fickor\/#primaryimage"},"thumbnailUrl":"https:\/\/mekulo.com\/se\/wp-content\/uploads\/sites\/11\/2026\/01\/niz7fo0-1.jpg","datePublished":"2026-01-28T14:09:44+00:00","dateModified":"2026-01-29T16:13:52+00:00","breadcrumb":{"@id":"https:\/\/mekulo.com\/se\/produkt\/crossbody-vaska-med-flera-fickor\/#breadcrumb"},"inLanguage":"sv-SE","potentialAction":[{"@type":"ReadAction","target":["https:\/\/mekulo.com\/se\/produkt\/crossbody-vaska-med-flera-fickor\/"]}]},{"@type":"ImageObject","inLanguage":"sv-SE","@id":"https:\/\/mekulo.com\/se\/produkt\/crossbody-vaska-med-flera-fickor\/#primaryimage","url":"https:\/\/mekulo.com\/se\/wp-content\/uploads\/sites\/11\/2026\/01\/niz7fo0-1.jpg","contentUrl":"https:\/\/mekulo.com\/se\/wp-content\/uploads\/sites\/11\/2026\/01\/niz7fo0-1.jpg","width":700,"height":700},{"@type":"BreadcrumbList","@id":"https:\/\/mekulo.com\/se\/produkt\/crossbody-vaska-med-flera-fickor\/#breadcrumb","itemListElement":[{"@type":"ListItem","position":1,"name":"Home","item":"https:\/\/mekulo.com\/se\/"},{"@type":"ListItem","position":2,"name":"Butik","item":"https:\/\/mekulo.com\/se\/butik\/"},{"@type":"ListItem","position":3,"name":"Crossbody-v\u00e4ska med flera fickor"}]},{"@type":"WebSite","@id":"https:\/\/mekulo.com\/se\/#website","url":"https:\/\/mekulo.com\/se\/","name":"Mekulo SE","description":"","publisher":{"@id":"https:\/\/mekulo.com\/se\/#organization"},"potentialAction":[{"@type":"SearchAction","target":{"@type":"EntryPoint","urlTemplate":"https:\/\/mekulo.com\/se\/?s={search_term_string}"},"query-input":{"@type":"PropertyValueSpecification","valueRequired":true,"valueName":"search_term_string"}}],"inLanguage":"sv-SE"},{"@type":"Organization","@id":"https:\/\/mekulo.com\/se\/#organization","name":"Mekulo","url":"https:\/\/mekulo.com\/se\/","logo":{"@type":"ImageObject","inLanguage":"sv-SE","@id":"https:\/\/mekulo.com\/se\/#\/schema\/logo\/image\/","url":"https:\/\/mekulo.com\/se\/wp-content\/uploads\/sites\/11\/2025\/12\/favicon_mekulo.png","contentUrl":"https:\/\/mekulo.com\/se\/wp-content\/uploads\/sites\/11\/2025\/12\/favicon_mekulo.png","width":50,"height":50,"caption":"Mekulo"},"image":{"@id":"https:\/\/mekulo.com\/se\/#\/schema\/logo\/image\/"}}]}},"_links":{"self":[{"href":"https:\/\/mekulo.com\/se\/wp-json\/wp\/v2\/product\/19315","targetHints":{"allow":["GET"]}}],"collection":[{"href":"https:\/\/mekulo.com\/se\/wp-json\/wp\/v2\/product"}],"about":[{"href":"https:\/\/mekulo.com\/se\/wp-json\/wp\/v2\/types\/product"}],"replies":[{"embeddable":true,"href":"https:\/\/mekulo.com\/se\/wp-json\/wp\/v2\/comments?post=19315"}],"wp:featuredmedia":[{"embeddable":true,"href":"https:\/\/mekulo.com\/se\/wp-json\/wp\/v2\/media\/19311"}],"wp:attachment":[{"href":"https:\/\/mekulo.com\/se\/wp-json\/wp\/v2\/media?parent=19315"}],"wp:term":[{"taxonomy":"product_brand","embeddable":true,"href":"https:\/\/mekulo.com\/se\/wp-json\/wp\/v2\/product_brand?post=19315"},{"taxonomy":"product_cat","embeddable":true,"href":"https:\/\/mekulo.com\/se\/wp-json\/wp\/v2\/product_cat?post=19315"},{"taxonomy":"product_tag","embeddable":true,"href":"https:\/\/mekulo.com\/se\/wp-json\/wp\/v2\/product_tag?post=19315"}],"curies":[{"name":"wp","href":"https:\/\/api.w.org\/{rel}","templated":true}]}}