{"id":19054,"date":"2026-01-22T17:43:06","date_gmt":"2026-01-22T15:43:06","guid":{"rendered":"https:\/\/mekulo.com\/se\/produkt\/integrerad-sanglampa-med-usb-laddning\/"},"modified":"2026-01-27T11:44:33","modified_gmt":"2026-01-27T09:44:33","slug":"integrerad-sanglampa-med-usb-laddning","status":"publish","type":"product","link":"https:\/\/mekulo.com\/se\/produkt\/integrerad-sanglampa-med-usb-laddning\/","title":{"rendered":"Integrerad s\u00e4nglampa med USB-laddning"},"content":{"rendered":"<div class=\"flex max-w-full flex-col grow\">\n<div class=\"min-h-8 text-message relative flex w-full flex-col items-end gap-2 text-start break-words whitespace-normal [.text-message+&amp;]:mt-1\" dir=\"auto\" data-message-author-role=\"assistant\" data-message-id=\"2d771d99-6fb8-4f10-b220-7e4c0bc4dc4b\" data-message-model-slug=\"gpt-5-2\">\n<div class=\"flex w-full flex-col gap-1 empty:hidden first:pt-[1px]\">\n<div class=\"markdown prose dark:prose-invert w-full break-words light markdown-new-styling\">\n<p style=\"text-align: center;\" data-start=\"0\" data-end=\"71\"><strong data-start=\"0\" data-end=\"71\">Lys Upp Ditt Utrymme Och Ladda Alla Dina Enheter Fr\u00e5n En Kompakt Enhet. \ud83d\udecc<\/strong><\/p>\n<p data-start=\"0\" data-end=\"71\"><img fetchpriority=\"high\" decoding=\"async\" class=\"size-full wp-image-21746 aligncenter\" src=\"https:\/\/mekulo.com\/template\/wp-content\/uploads\/sites\/6\/2026\/01\/Scc9057db802049b2882787b1b9117cc3D.jpg\" alt=\"\" width=\"1080\" height=\"1080\" \/><\/p>\n<h2 style=\"text-align: center;\" data-start=\"306\" data-end=\"326\">Huvudsakliga f\u00f6rdelar\ud83d\udca1<\/h2>\n<p data-start=\"329\" data-end=\"395\">\ud83d\udd0c Allt-i-ett-design &#8211; Lampa, uttag och laddare i en enhet.<\/p>\n<p data-start=\"398\" data-end=\"460\">\ud83d\udd0b Flera laddningsportar &#8211; 3 USB-portar + 1 typ-C-port.<\/p>\n<p data-start=\"463\" data-end=\"533\">\ud83c\udf19 Oberoende nattlampa &#8211; Mjukt, varmt sken med egen str\u00f6mbrytare.<\/p>\n<p data-start=\"536\" data-end=\"601\">\ud83d\udcd0 Platsbesparande &#8211; Perfekt f\u00f6r sm\u00e5 s\u00e4ngbord eller skrivbord.<\/p>\n<p data-start=\"604\" data-end=\"662\">\u26a1 Tv\u00e5 eluttag &#8211; Anslut lampor eller andra enheter.<\/p>\n<p data-start=\"665\" data-end=\"730\">\ud83c\udfe0 M\u00e5ngsidig anv\u00e4ndning &#8211; Perfekt f\u00f6r sovrum, kontor eller g\u00e4strum.<\/p>\n<p data-start=\"665\" data-end=\"730\"><img decoding=\"async\" class=\"size-full wp-image-21742 aligncenter\" src=\"https:\/\/mekulo.com\/template\/wp-content\/uploads\/sites\/6\/2026\/01\/4-25.jpg\" alt=\"\" width=\"1080\" height=\"1080\" \/><\/p>\n<h2 style=\"text-align: center;\" data-start=\"737\" data-end=\"751\">Hur man anv\u00e4nder \ud83d\udccc<\/h2>\n<ol data-start=\"752\" data-end=\"1009\">\n<li data-start=\"752\" data-end=\"790\">\n<p data-start=\"755\" data-end=\"790\">Sluta in enheten i ett v\u00e4gguttag.<\/p>\n<\/li>\n<li data-start=\"791\" data-end=\"842\">\n<p data-start=\"794\" data-end=\"842\">Anv\u00e4nd eluttagen f\u00f6r lampor eller apparater.<\/p>\n<\/li>\n<li data-start=\"843\" data-end=\"901\">\n<p data-start=\"846\" data-end=\"901\">Anslut enheter till USB- eller Type-C-portarna f\u00f6r att ladda.<\/p>\n<\/li>\n<li data-start=\"902\" data-end=\"964\">\n<p data-start=\"905\" data-end=\"964\">Sl\u00e5 p\u00e5 eller av nattlampan med den separata str\u00f6mbrytaren.<\/p>\n<\/li>\n<li data-start=\"965\" data-end=\"1009\">\n<p data-start=\"968\" data-end=\"1009\">Njut av en ren, organiserad s\u00e4ngplats.<\/p>\n<\/li>\n<\/ol>\n<h2 style=\"text-align: center;\" data-start=\"1016\" data-end=\"1035\">Produktdetaljer \ud83d\udccf<\/h2>\n<ul data-start=\"1036\" data-end=\"1320\">\n<li data-start=\"1096\" data-end=\"1131\">\n<p data-start=\"1098\" data-end=\"1131\">Belysningstyper: Naturlig (4500K), varm (3000K), kall (6500K)<\/p>\n<\/li>\n<li data-start=\"1132\" data-end=\"1171\">\n<p data-start=\"1134\" data-end=\"1171\">Laddningsportar: 3 x USB, 1 x Typ-C<\/p>\n<\/li>\n<li data-start=\"1205\" data-end=\"1230\">\n<p data-start=\"1207\" data-end=\"1230\">Kontakttyp: 3-v\u00e4gs stickkontakt<\/p>\n<\/li>\n<li data-start=\"1231\" data-end=\"1264\">\n<p data-start=\"1233\" data-end=\"1264\">Design: Kompakt, utrymmesbesparande<\/p>\n<\/li>\n<li data-start=\"1265\" data-end=\"1320\">\n<p data-start=\"1267\" data-end=\"1320\">Anv\u00e4ndningsomr\u00e5den: Sovrum, vardagsrum, kontor, g\u00e4strum<\/p>\n<\/li>\n<li data-start=\"1265\" data-end=\"1320\">Storlek: 7,3 x 6,8 x 19 cm<\/li>\n<\/ul>\n<h2 style=\"text-align: center;\" data-start=\"1327\" data-end=\"1347\">Paketet inneh\u00e5ller \ud83d\udce6<\/h2>\n<ul data-start=\"1348\" data-end=\"1398\" data-is-last-node=\"\" data-is-only-node=\"\">\n<li data-start=\"1348\" data-end=\"1398\" data-is-last-node=\"\">\n<p data-start=\"1350\" data-end=\"1398\" data-is-last-node=\"\">1x integrerad s\u00e4nglampa med USB-laddning.<\/p>\n<\/li>\n<\/ul>\n<\/div>\n<\/div>\n<\/div>\n<\/div>\n","protected":false},"excerpt":{"rendered":"<p>\ud83d\udecb\ufe0fDetta integrerad s\u00e4nglampa med USB-laddning kombinerar en mjuk nattlampa med flera laddningsportar och str\u00f6muttag.<br \/>\n\ud83d\udcf1Den h\u00e5ller din s\u00e4ng snygg samtidigt som den ger dig varm belysning och enkel \u00e5tkomst till str\u00f6m f\u00f6r alla dina enheter.<br \/>\n\ud83d\udd0cDetta g\u00f6r den idealisk f\u00f6r laddnings- och belysningsbehov p\u00e5 ett bekv\u00e4mt st\u00e4lle.<\/p>\n","protected":false},"featured_media":19050,"comment_status":"open","ping_status":"closed","template":"","meta":{"site-sidebar-layout":"default","site-content-layout":"","ast-site-content-layout":"default","site-content-style":"default","site-sidebar-style":"default","ast-global-header-display":"","ast-banner-title-visibility":"","ast-main-header-display":"","ast-hfb-above-header-display":"","ast-hfb-below-header-display":"","ast-hfb-mobile-header-display":"","site-post-title":"","ast-breadcrumbs-content":"","ast-featured-img":"","footer-sml-layout":"","theme-transparent-header-meta":"default","adv-header-id-meta":"","stick-header-meta":"","header-above-stick-meta":"","header-main-stick-meta":"","header-below-stick-meta":"","astra-migrate-meta-layouts":"set","ast-page-background-enabled":"default","ast-page-background-meta":{"desktop":{"background-color":"var(--ast-global-color-5)","background-image":"","background-repeat":"repeat","background-position":"center center","background-size":"auto","background-attachment":"scroll","background-type":"","background-media":"","overlay-type":"","overlay-color":"","overlay-opacity":"","overlay-gradient":""},"tablet":{"background-color":"","background-image":"","background-repeat":"repeat","background-position":"center center","background-size":"auto","background-attachment":"scroll","background-type":"","background-media":"","overlay-type":"","overlay-color":"","overlay-opacity":"","overlay-gradient":""},"mobile":{"background-color":"","background-image":"","background-repeat":"repeat","background-position":"center center","background-size":"auto","background-attachment":"scroll","background-type":"","background-media":"","overlay-type":"","overlay-color":"","overlay-opacity":"","overlay-gradient":""}},"ast-content-background-meta":{"desktop":{"background-color":"var(--ast-global-color-4)","background-image":"","background-repeat":"repeat","background-position":"center center","background-size":"auto","background-attachment":"scroll","background-type":"","background-media":"","overlay-type":"","overlay-color":"","overlay-opacity":"","overlay-gradient":""},"tablet":{"background-color":"var(--ast-global-color-4)","background-image":"","background-repeat":"repeat","background-position":"center center","background-size":"auto","background-attachment":"scroll","background-type":"","background-media":"","overlay-type":"","overlay-color":"","overlay-opacity":"","overlay-gradient":""},"mobile":{"background-color":"var(--ast-global-color-4)","background-image":"","background-repeat":"repeat","background-position":"center center","background-size":"auto","background-attachment":"scroll","background-type":"","background-media":"","overlay-type":"","overlay-color":"","overlay-opacity":"","overlay-gradient":""}}},"product_brand":[],"product_cat":[173,168],"product_tag":[],"class_list":{"0":"post-19054","1":"product","2":"type-product","3":"status-publish","4":"has-post-thumbnail","6":"product_cat-elektronik","7":"product_cat-hushallsartiklar","8":"pa_51615_3y7t94lc-svart","9":"pa_51615_3y7t94lc-vit","10":"desktop-align-left","11":"tablet-align-left","12":"mobile-align-left","14":"first","15":"instock","16":"shipping-taxable","17":"purchasable","18":"product-type-variable"},"yoast_head":"<!-- This site is optimized with the Yoast SEO plugin v26.6 - https:\/\/yoast.com\/wordpress\/plugins\/seo\/ -->\n<title>Integrerad s\u00e4nglampa med USB-laddning - Mekulo SE<\/title>\n<meta name=\"robots\" content=\"index, follow, max-snippet:-1, max-image-preview:large, max-video-preview:-1\" \/>\n<link rel=\"canonical\" href=\"https:\/\/mekulo.com\/se\/produkt\/integrerad-sanglampa-med-usb-laddning\/\" \/>\n<meta property=\"og:locale\" content=\"sv_SE\" \/>\n<meta property=\"og:type\" content=\"article\" \/>\n<meta property=\"og:title\" content=\"Integrerad s\u00e4nglampa med USB-laddning - Mekulo SE\" \/>\n<meta property=\"og:description\" content=\"\ud83d\udecb\ufe0fDetta integrerad s\u00e4nglampa med USB-laddning kombinerar en mjuk nattlampa med flera laddningsportar och str\u00f6muttag. \ud83d\udcf1Den h\u00e5ller din s\u00e4ng snygg samtidigt som den ger dig varm belysning och enkel \u00e5tkomst till str\u00f6m f\u00f6r alla dina enheter. \ud83d\udd0cDetta g\u00f6r den idealisk f\u00f6r laddnings- och belysningsbehov p\u00e5 ett bekv\u00e4mt st\u00e4lle.\" \/>\n<meta property=\"og:url\" content=\"https:\/\/mekulo.com\/se\/produkt\/integrerad-sanglampa-med-usb-laddning\/\" \/>\n<meta property=\"og:site_name\" content=\"Mekulo SE\" \/>\n<meta property=\"article:modified_time\" content=\"2026-01-27T09:44:33+00:00\" \/>\n<meta property=\"og:image\" content=\"https:\/\/mekulo.com\/se\/wp-content\/uploads\/sites\/11\/2026\/01\/kj43s5s-1.jpg\" \/>\n\t<meta property=\"og:image:width\" content=\"1080\" \/>\n\t<meta property=\"og:image:height\" content=\"1080\" \/>\n\t<meta property=\"og:image:type\" content=\"image\/jpeg\" \/>\n<meta name=\"twitter:card\" content=\"summary_large_image\" \/>\n<meta name=\"twitter:label1\" content=\"Ber\u00e4knad l\u00e4stid\" \/>\n\t<meta name=\"twitter:data1\" content=\"2 minuter\" \/>\n<script type=\"application\/ld+json\" class=\"yoast-schema-graph\">{\"@context\":\"https:\/\/schema.org\",\"@graph\":[{\"@type\":\"WebPage\",\"@id\":\"https:\/\/mekulo.com\/se\/produkt\/integrerad-sanglampa-med-usb-laddning\/\",\"url\":\"https:\/\/mekulo.com\/se\/produkt\/integrerad-sanglampa-med-usb-laddning\/\",\"name\":\"Integrerad s\u00e4nglampa med USB-laddning - Mekulo SE\",\"isPartOf\":{\"@id\":\"https:\/\/mekulo.com\/se\/#website\"},\"primaryImageOfPage\":{\"@id\":\"https:\/\/mekulo.com\/se\/produkt\/integrerad-sanglampa-med-usb-laddning\/#primaryimage\"},\"image\":{\"@id\":\"https:\/\/mekulo.com\/se\/produkt\/integrerad-sanglampa-med-usb-laddning\/#primaryimage\"},\"thumbnailUrl\":\"https:\/\/mekulo.com\/se\/wp-content\/uploads\/sites\/11\/2026\/01\/kj43s5s-1.jpg\",\"datePublished\":\"2026-01-22T15:43:06+00:00\",\"dateModified\":\"2026-01-27T09:44:33+00:00\",\"breadcrumb\":{\"@id\":\"https:\/\/mekulo.com\/se\/produkt\/integrerad-sanglampa-med-usb-laddning\/#breadcrumb\"},\"inLanguage\":\"sv-SE\",\"potentialAction\":[{\"@type\":\"ReadAction\",\"target\":[\"https:\/\/mekulo.com\/se\/produkt\/integrerad-sanglampa-med-usb-laddning\/\"]}]},{\"@type\":\"ImageObject\",\"inLanguage\":\"sv-SE\",\"@id\":\"https:\/\/mekulo.com\/se\/produkt\/integrerad-sanglampa-med-usb-laddning\/#primaryimage\",\"url\":\"https:\/\/mekulo.com\/se\/wp-content\/uploads\/sites\/11\/2026\/01\/kj43s5s-1.jpg\",\"contentUrl\":\"https:\/\/mekulo.com\/se\/wp-content\/uploads\/sites\/11\/2026\/01\/kj43s5s-1.jpg\",\"width\":1080,\"height\":1080},{\"@type\":\"BreadcrumbList\",\"@id\":\"https:\/\/mekulo.com\/se\/produkt\/integrerad-sanglampa-med-usb-laddning\/#breadcrumb\",\"itemListElement\":[{\"@type\":\"ListItem\",\"position\":1,\"name\":\"Home\",\"item\":\"https:\/\/mekulo.com\/se\/\"},{\"@type\":\"ListItem\",\"position\":2,\"name\":\"Butik\",\"item\":\"https:\/\/mekulo.com\/se\/butik\/\"},{\"@type\":\"ListItem\",\"position\":3,\"name\":\"Integrerad s\u00e4nglampa med USB-laddning\"}]},{\"@type\":\"WebSite\",\"@id\":\"https:\/\/mekulo.com\/se\/#website\",\"url\":\"https:\/\/mekulo.com\/se\/\",\"name\":\"Mekulo SE\",\"description\":\"\",\"publisher\":{\"@id\":\"https:\/\/mekulo.com\/se\/#organization\"},\"potentialAction\":[{\"@type\":\"SearchAction\",\"target\":{\"@type\":\"EntryPoint\",\"urlTemplate\":\"https:\/\/mekulo.com\/se\/?s={search_term_string}\"},\"query-input\":{\"@type\":\"PropertyValueSpecification\",\"valueRequired\":true,\"valueName\":\"search_term_string\"}}],\"inLanguage\":\"sv-SE\"},{\"@type\":\"Organization\",\"@id\":\"https:\/\/mekulo.com\/se\/#organization\",\"name\":\"Mekulo\",\"url\":\"https:\/\/mekulo.com\/se\/\",\"logo\":{\"@type\":\"ImageObject\",\"inLanguage\":\"sv-SE\",\"@id\":\"https:\/\/mekulo.com\/se\/#\/schema\/logo\/image\/\",\"url\":\"https:\/\/mekulo.com\/se\/wp-content\/uploads\/sites\/11\/2025\/12\/favicon_mekulo.png\",\"contentUrl\":\"https:\/\/mekulo.com\/se\/wp-content\/uploads\/sites\/11\/2025\/12\/favicon_mekulo.png\",\"width\":50,\"height\":50,\"caption\":\"Mekulo\"},\"image\":{\"@id\":\"https:\/\/mekulo.com\/se\/#\/schema\/logo\/image\/\"}}]}<\/script>\n<!-- \/ Yoast SEO plugin. -->","yoast_head_json":{"title":"Integrerad s\u00e4nglampa med USB-laddning - Mekulo SE","robots":{"index":"index","follow":"follow","max-snippet":"max-snippet:-1","max-image-preview":"max-image-preview:large","max-video-preview":"max-video-preview:-1"},"canonical":"https:\/\/mekulo.com\/se\/produkt\/integrerad-sanglampa-med-usb-laddning\/","og_locale":"sv_SE","og_type":"article","og_title":"Integrerad s\u00e4nglampa med USB-laddning - Mekulo SE","og_description":"\ud83d\udecb\ufe0fDetta integrerad s\u00e4nglampa med USB-laddning kombinerar en mjuk nattlampa med flera laddningsportar och str\u00f6muttag. \ud83d\udcf1Den h\u00e5ller din s\u00e4ng snygg samtidigt som den ger dig varm belysning och enkel \u00e5tkomst till str\u00f6m f\u00f6r alla dina enheter. \ud83d\udd0cDetta g\u00f6r den idealisk f\u00f6r laddnings- och belysningsbehov p\u00e5 ett bekv\u00e4mt st\u00e4lle.","og_url":"https:\/\/mekulo.com\/se\/produkt\/integrerad-sanglampa-med-usb-laddning\/","og_site_name":"Mekulo SE","article_modified_time":"2026-01-27T09:44:33+00:00","og_image":[{"width":1080,"height":1080,"url":"https:\/\/mekulo.com\/se\/wp-content\/uploads\/sites\/11\/2026\/01\/kj43s5s-1.jpg","type":"image\/jpeg"}],"twitter_card":"summary_large_image","twitter_misc":{"Ber\u00e4knad l\u00e4stid":"2 minuter"},"schema":{"@context":"https:\/\/schema.org","@graph":[{"@type":"WebPage","@id":"https:\/\/mekulo.com\/se\/produkt\/integrerad-sanglampa-med-usb-laddning\/","url":"https:\/\/mekulo.com\/se\/produkt\/integrerad-sanglampa-med-usb-laddning\/","name":"Integrerad s\u00e4nglampa med USB-laddning - Mekulo SE","isPartOf":{"@id":"https:\/\/mekulo.com\/se\/#website"},"primaryImageOfPage":{"@id":"https:\/\/mekulo.com\/se\/produkt\/integrerad-sanglampa-med-usb-laddning\/#primaryimage"},"image":{"@id":"https:\/\/mekulo.com\/se\/produkt\/integrerad-sanglampa-med-usb-laddning\/#primaryimage"},"thumbnailUrl":"https:\/\/mekulo.com\/se\/wp-content\/uploads\/sites\/11\/2026\/01\/kj43s5s-1.jpg","datePublished":"2026-01-22T15:43:06+00:00","dateModified":"2026-01-27T09:44:33+00:00","breadcrumb":{"@id":"https:\/\/mekulo.com\/se\/produkt\/integrerad-sanglampa-med-usb-laddning\/#breadcrumb"},"inLanguage":"sv-SE","potentialAction":[{"@type":"ReadAction","target":["https:\/\/mekulo.com\/se\/produkt\/integrerad-sanglampa-med-usb-laddning\/"]}]},{"@type":"ImageObject","inLanguage":"sv-SE","@id":"https:\/\/mekulo.com\/se\/produkt\/integrerad-sanglampa-med-usb-laddning\/#primaryimage","url":"https:\/\/mekulo.com\/se\/wp-content\/uploads\/sites\/11\/2026\/01\/kj43s5s-1.jpg","contentUrl":"https:\/\/mekulo.com\/se\/wp-content\/uploads\/sites\/11\/2026\/01\/kj43s5s-1.jpg","width":1080,"height":1080},{"@type":"BreadcrumbList","@id":"https:\/\/mekulo.com\/se\/produkt\/integrerad-sanglampa-med-usb-laddning\/#breadcrumb","itemListElement":[{"@type":"ListItem","position":1,"name":"Home","item":"https:\/\/mekulo.com\/se\/"},{"@type":"ListItem","position":2,"name":"Butik","item":"https:\/\/mekulo.com\/se\/butik\/"},{"@type":"ListItem","position":3,"name":"Integrerad s\u00e4nglampa med USB-laddning"}]},{"@type":"WebSite","@id":"https:\/\/mekulo.com\/se\/#website","url":"https:\/\/mekulo.com\/se\/","name":"Mekulo SE","description":"","publisher":{"@id":"https:\/\/mekulo.com\/se\/#organization"},"potentialAction":[{"@type":"SearchAction","target":{"@type":"EntryPoint","urlTemplate":"https:\/\/mekulo.com\/se\/?s={search_term_string}"},"query-input":{"@type":"PropertyValueSpecification","valueRequired":true,"valueName":"search_term_string"}}],"inLanguage":"sv-SE"},{"@type":"Organization","@id":"https:\/\/mekulo.com\/se\/#organization","name":"Mekulo","url":"https:\/\/mekulo.com\/se\/","logo":{"@type":"ImageObject","inLanguage":"sv-SE","@id":"https:\/\/mekulo.com\/se\/#\/schema\/logo\/image\/","url":"https:\/\/mekulo.com\/se\/wp-content\/uploads\/sites\/11\/2025\/12\/favicon_mekulo.png","contentUrl":"https:\/\/mekulo.com\/se\/wp-content\/uploads\/sites\/11\/2025\/12\/favicon_mekulo.png","width":50,"height":50,"caption":"Mekulo"},"image":{"@id":"https:\/\/mekulo.com\/se\/#\/schema\/logo\/image\/"}}]}},"_links":{"self":[{"href":"https:\/\/mekulo.com\/se\/wp-json\/wp\/v2\/product\/19054","targetHints":{"allow":["GET"]}}],"collection":[{"href":"https:\/\/mekulo.com\/se\/wp-json\/wp\/v2\/product"}],"about":[{"href":"https:\/\/mekulo.com\/se\/wp-json\/wp\/v2\/types\/product"}],"replies":[{"embeddable":true,"href":"https:\/\/mekulo.com\/se\/wp-json\/wp\/v2\/comments?post=19054"}],"wp:featuredmedia":[{"embeddable":true,"href":"https:\/\/mekulo.com\/se\/wp-json\/wp\/v2\/media\/19050"}],"wp:attachment":[{"href":"https:\/\/mekulo.com\/se\/wp-json\/wp\/v2\/media?parent=19054"}],"wp:term":[{"taxonomy":"product_brand","embeddable":true,"href":"https:\/\/mekulo.com\/se\/wp-json\/wp\/v2\/product_brand?post=19054"},{"taxonomy":"product_cat","embeddable":true,"href":"https:\/\/mekulo.com\/se\/wp-json\/wp\/v2\/product_cat?post=19054"},{"taxonomy":"product_tag","embeddable":true,"href":"https:\/\/mekulo.com\/se\/wp-json\/wp\/v2\/product_tag?post=19054"}],"curies":[{"name":"wp","href":"https:\/\/api.w.org\/{rel}","templated":true}]}}