{"id":19036,"date":"2026-01-22T17:41:26","date_gmt":"2026-01-22T15:41:26","guid":{"rendered":"https:\/\/mekulo.com\/se\/produkt\/forklade-for-kladtorkning\/"},"modified":"2026-01-22T17:41:39","modified_gmt":"2026-01-22T15:41:39","slug":"forklade-for-kladtorkning","status":"publish","type":"product","link":"https:\/\/mekulo.com\/se\/produkt\/forklade-for-kladtorkning\/","title":{"rendered":"F\u00f6rkl\u00e4de f\u00f6r kl\u00e4dtorkning"},"content":{"rendered":"<div class=\"flex max-w-full flex-col grow\">\n<div class=\"min-h-8 text-message relative flex w-full flex-col items-end gap-2 text-start break-words whitespace-normal [.text-message+&amp;]:mt-1\" dir=\"auto\" data-message-author-role=\"assistant\" data-message-id=\"7aeeb9b7-bbe7-4d50-b9ea-0d93e0f1bdb9\" data-message-model-slug=\"gpt-5-2\">\n<div class=\"flex w-full flex-col gap-1 empty:hidden first:pt-[1px]\">\n<div class=\"markdown prose dark:prose-invert w-full break-words light markdown-new-styling\">\n<p style=\"text-align: center\" data-start=\"0\" data-end=\"68\"><strong data-start=\"0\" data-end=\"68\">H\u00e5ll Dina Kl\u00e4der Torra Och H\u00e4nderna Fria N\u00e4r Du H\u00e4nger Tv\u00e4tt. \ud83e\uddfa<\/strong><\/p>\n<p data-start=\"0\" data-end=\"68\"><img decoding=\"async\" class=\"size-full wp-image-21727 aligncenter\" src=\"https:\/\/mekulo.com\/template\/wp-content\/uploads\/sites\/6\/2026\/01\/e0e3315ed9353a8b9996f3fa59712a19d56550c4-700.avif\" alt=\"\" \/><\/p>\n<h2 style=\"text-align: center\" data-start=\"310\" data-end=\"330\">Huvudf\u00f6rdelar \ud83d\udc55<\/h2>\n<p data-start=\"333\" data-end=\"398\">\ud83d\udca7 Vattent\u00e4tt skydd &#8211; H\u00e5ller dina kl\u00e4der torra och rena.<\/p>\n<p data-start=\"401\" data-end=\"475\">\ud83e\uddfa Stora f\u00f6rvaringsfickor &#8211; Rymmer kl\u00e4der, tv\u00e4ttmedel, telefon och nycklar.<\/p>\n<p data-start=\"478\" data-end=\"550\">\ud83c\udf92 Breda axelremmar &#8211; Minskar belastningen och f\u00f6rdelar vikten j\u00e4mnt.<\/p>\n<p data-start=\"553\" data-end=\"612\">\ud83e\udeb6 L\u00e4tt och h\u00e5llbar &#8211; L\u00e4tt att b\u00e4ra f\u00f6r daglig anv\u00e4ndning.<\/p>\n<p data-start=\"615\" data-end=\"677\">\ud83d\udd27 Justerbar passform &#8211; Bekv\u00e4m f\u00f6r olika kroppsstorlekar.<\/p>\n<p data-start=\"680\" data-end=\"750\">\ud83c\udf3f Multifunktionell anv\u00e4ndning &#8211; Perfekt f\u00f6r tv\u00e4tt, matlagning och tr\u00e4dg\u00e5rdsarbete.<\/p>\n<p data-start=\"680\" data-end=\"750\"><img decoding=\"async\" class=\"size-full wp-image-21728 aligncenter\" src=\"https:\/\/mekulo.com\/template\/wp-content\/uploads\/sites\/6\/2026\/01\/622d9869a0dca6fe12b6ebdbc0a161b84574ed41-700.avif\" alt=\"\" \/><\/p>\n<h2 style=\"text-align: center\" data-start=\"757\" data-end=\"771\">Hur Man Anv\u00e4nder \ud83d\udccc<\/h2>\n<ol data-start=\"772\" data-end=\"1072\">\n<li data-start=\"772\" data-end=\"831\">\n<p data-start=\"775\" data-end=\"831\">Ta p\u00e5 dig f\u00f6rkl\u00e4det och justera nack- och midjeremmarna.<\/p>\n<\/li>\n<li data-start=\"832\" data-end=\"878\">\n<p data-start=\"835\" data-end=\"878\">Placera v\u00e5ta kl\u00e4der i de stora fickorna.<\/p>\n<\/li>\n<li data-start=\"879\" data-end=\"924\">\n<p data-start=\"882\" data-end=\"924\">B\u00e4r kl\u00e4derna enkelt till torkplatsen.<\/p>\n<\/li>\n<li data-start=\"925\" data-end=\"973\">\n<p data-start=\"928\" data-end=\"973\">H\u00e4ng kl\u00e4derna medan du h\u00e5ller din outfit torr.<\/p>\n<\/li>\n<li data-start=\"974\" data-end=\"1036\">\n<p data-start=\"977\" data-end=\"1036\">F\u00f6rvara sm\u00e5 f\u00f6rem\u00e5l som tv\u00e4ttmedel eller telefon i fickorna.<\/p>\n<\/li>\n<li data-start=\"1037\" data-end=\"1072\">\n<p data-start=\"1040\" data-end=\"1072\">Sk\u00f6lj eller torka av efter anv\u00e4ndning.<\/p>\n<\/li>\n<\/ol>\n<h2 style=\"text-align: center\" data-start=\"1079\" data-end=\"1098\">Produktdetaljer \ud83d\udccf<\/h2>\n<ul data-start=\"1099\" data-end=\"1422\">\n<li data-start=\"1138\" data-end=\"1164\">\n<p data-start=\"1140\" data-end=\"1164\">Material: Oxford-tyg<\/p>\n<\/li>\n<li data-start=\"1217\" data-end=\"1267\">\n<p data-start=\"1219\" data-end=\"1267\">Storlek: 79 x 55 cm<\/p>\n<\/li>\n<li data-start=\"1268\" data-end=\"1302\">\n<p data-start=\"1270\" data-end=\"1302\">Design: \u00c4rml\u00f6s, vattent\u00e4t<\/p>\n<\/li>\n<li data-start=\"1303\" data-end=\"1368\">\n<p data-start=\"1305\" data-end=\"1368\">Funktioner: Stora fickor, breda axelremmar, justerbar passform<\/p>\n<\/li>\n<li data-start=\"1369\" data-end=\"1422\">\n<p data-start=\"1371\" data-end=\"1422\">Anv\u00e4ndning: Tv\u00e4tt, hush\u00e5llssysslor, tr\u00e4dg\u00e5rdsarbete, resor<\/p>\n<\/li>\n<li data-start=\"1369\" data-end=\"1422\">Kapacitet: Kan vikas ihop till ca 6 kg<\/li>\n<\/ul>\n<h2 style=\"text-align: center\" data-start=\"1429\" data-end=\"1449\">Paketet Inneh\u00e5ller \ud83d\udce6<\/h2>\n<ul data-start=\"1450\" data-end=\"1479\" data-is-last-node=\"\" data-is-only-node=\"\">\n<li data-start=\"1450\" data-end=\"1479\" data-is-last-node=\"\">\n<p data-start=\"1452\" data-end=\"1479\" data-is-last-node=\"\">1, 2x torkf\u00f6rkl\u00e4de\/s.<\/p>\n<\/li>\n<\/ul>\n<\/div>\n<\/div>\n<\/div>\n<\/div>\n","protected":false},"excerpt":{"rendered":"<p>\ud83d\udc5aMed det h\u00e4r torkf\u00f6rkl\u00e4det kan du b\u00e4ra och h\u00e4nga v\u00e5ta kl\u00e4der utan att bl\u00f6ta ner kl\u00e4derna eller st\u00f6ka till det.<br \/>\n<span style=\"font-size: 16px;font-style: normal;font-weight: 400\">\ud83c\udfe0<\/span>Med stora fickor och en vattent\u00e4t design g\u00f6r det tv\u00e4tten snabbare, renare och bekv\u00e4mare hemma eller p\u00e5 resan.<br \/>\n<span style=\"font-size: 16px;font-style: normal;font-weight: 400\">\ud83d\udca6<\/span>Det hj\u00e4lper ocks\u00e5 till att f\u00f6rhindra v\u00e5ta golv och droppande vatten under tv\u00e4tten.<\/p>\n","protected":false},"featured_media":19032,"comment_status":"open","ping_status":"closed","template":"","meta":{"site-sidebar-layout":"default","site-content-layout":"","ast-site-content-layout":"default","site-content-style":"default","site-sidebar-style":"default","ast-global-header-display":"","ast-banner-title-visibility":"","ast-main-header-display":"","ast-hfb-above-header-display":"","ast-hfb-below-header-display":"","ast-hfb-mobile-header-display":"","site-post-title":"","ast-breadcrumbs-content":"","ast-featured-img":"","footer-sml-layout":"","theme-transparent-header-meta":"default","adv-header-id-meta":"","stick-header-meta":"","header-above-stick-meta":"","header-main-stick-meta":"","header-below-stick-meta":"","astra-migrate-meta-layouts":"set","ast-page-background-enabled":"default","ast-page-background-meta":{"desktop":{"background-color":"var(--ast-global-color-5)","background-image":"","background-repeat":"repeat","background-position":"center center","background-size":"auto","background-attachment":"scroll","background-type":"","background-media":"","overlay-type":"","overlay-color":"","overlay-opacity":"","overlay-gradient":""},"tablet":{"background-color":"","background-image":"","background-repeat":"repeat","background-position":"center center","background-size":"auto","background-attachment":"scroll","background-type":"","background-media":"","overlay-type":"","overlay-color":"","overlay-opacity":"","overlay-gradient":""},"mobile":{"background-color":"","background-image":"","background-repeat":"repeat","background-position":"center center","background-size":"auto","background-attachment":"scroll","background-type":"","background-media":"","overlay-type":"","overlay-color":"","overlay-opacity":"","overlay-gradient":""}},"ast-content-background-meta":{"desktop":{"background-color":"var(--ast-global-color-4)","background-image":"","background-repeat":"repeat","background-position":"center center","background-size":"auto","background-attachment":"scroll","background-type":"","background-media":"","overlay-type":"","overlay-color":"","overlay-opacity":"","overlay-gradient":""},"tablet":{"background-color":"var(--ast-global-color-4)","background-image":"","background-repeat":"repeat","background-position":"center center","background-size":"auto","background-attachment":"scroll","background-type":"","background-media":"","overlay-type":"","overlay-color":"","overlay-opacity":"","overlay-gradient":""},"mobile":{"background-color":"var(--ast-global-color-4)","background-image":"","background-repeat":"repeat","background-position":"center center","background-size":"auto","background-attachment":"scroll","background-type":"","background-media":"","overlay-type":"","overlay-color":"","overlay-opacity":"","overlay-gradient":""}}},"product_brand":[],"product_cat":[168],"product_tag":[],"class_list":{"0":"post-19036","1":"product","2":"type-product","3":"status-publish","4":"has-post-thumbnail","6":"product_cat-hushallsartiklar","7":"pa_51612_jw3os3in-a","8":"pa_51612_jw3os3in-b","9":"pa_51612_xnz4vz5x-1-st","10":"pa_51612_xnz4vz5x-2-st","11":"desktop-align-left","12":"tablet-align-left","13":"mobile-align-left","15":"first","16":"instock","17":"shipping-taxable","18":"purchasable","19":"product-type-variable","20":"has-default-attributes"},"yoast_head":"<!-- This site is optimized with the Yoast SEO plugin v26.6 - https:\/\/yoast.com\/wordpress\/plugins\/seo\/ -->\n<title>F\u00f6rkl\u00e4de f\u00f6r kl\u00e4dtorkning - Mekulo SE<\/title>\n<meta name=\"robots\" content=\"index, follow, max-snippet:-1, max-image-preview:large, max-video-preview:-1\" \/>\n<link rel=\"canonical\" href=\"https:\/\/mekulo.com\/se\/produkt\/forklade-for-kladtorkning\/\" \/>\n<meta property=\"og:locale\" content=\"sv_SE\" \/>\n<meta property=\"og:type\" content=\"article\" \/>\n<meta property=\"og:title\" content=\"F\u00f6rkl\u00e4de f\u00f6r kl\u00e4dtorkning - Mekulo SE\" \/>\n<meta property=\"og:description\" content=\"\ud83d\udc5aMed det h\u00e4r torkf\u00f6rkl\u00e4det kan du b\u00e4ra och h\u00e4nga v\u00e5ta kl\u00e4der utan att bl\u00f6ta ner kl\u00e4derna eller st\u00f6ka till det. \ud83c\udfe0Med stora fickor och en vattent\u00e4t design g\u00f6r det tv\u00e4tten snabbare, renare och bekv\u00e4mare hemma eller p\u00e5 resan. \ud83d\udca6Det hj\u00e4lper ocks\u00e5 till att f\u00f6rhindra v\u00e5ta golv och droppande vatten under tv\u00e4tten.\" \/>\n<meta property=\"og:url\" content=\"https:\/\/mekulo.com\/se\/produkt\/forklade-for-kladtorkning\/\" \/>\n<meta property=\"og:site_name\" content=\"Mekulo SE\" \/>\n<meta property=\"article:modified_time\" content=\"2026-01-22T15:41:39+00:00\" \/>\n<meta property=\"og:image\" content=\"https:\/\/mekulo.com\/se\/wp-content\/uploads\/sites\/11\/2026\/01\/9plg893-1.jpg\" \/>\n\t<meta property=\"og:image:width\" content=\"700\" \/>\n\t<meta property=\"og:image:height\" content=\"700\" \/>\n\t<meta property=\"og:image:type\" content=\"image\/jpeg\" \/>\n<meta name=\"twitter:card\" content=\"summary_large_image\" \/>\n<meta name=\"twitter:label1\" content=\"Ber\u00e4knad l\u00e4stid\" \/>\n\t<meta name=\"twitter:data1\" content=\"2 minuter\" \/>\n<script type=\"application\/ld+json\" class=\"yoast-schema-graph\">{\"@context\":\"https:\/\/schema.org\",\"@graph\":[{\"@type\":\"WebPage\",\"@id\":\"https:\/\/mekulo.com\/se\/produkt\/forklade-for-kladtorkning\/\",\"url\":\"https:\/\/mekulo.com\/se\/produkt\/forklade-for-kladtorkning\/\",\"name\":\"F\u00f6rkl\u00e4de f\u00f6r kl\u00e4dtorkning - Mekulo SE\",\"isPartOf\":{\"@id\":\"https:\/\/mekulo.com\/se\/#website\"},\"primaryImageOfPage\":{\"@id\":\"https:\/\/mekulo.com\/se\/produkt\/forklade-for-kladtorkning\/#primaryimage\"},\"image\":{\"@id\":\"https:\/\/mekulo.com\/se\/produkt\/forklade-for-kladtorkning\/#primaryimage\"},\"thumbnailUrl\":\"https:\/\/mekulo.com\/se\/wp-content\/uploads\/sites\/11\/2026\/01\/9plg893-1.jpg\",\"datePublished\":\"2026-01-22T15:41:26+00:00\",\"dateModified\":\"2026-01-22T15:41:39+00:00\",\"breadcrumb\":{\"@id\":\"https:\/\/mekulo.com\/se\/produkt\/forklade-for-kladtorkning\/#breadcrumb\"},\"inLanguage\":\"sv-SE\",\"potentialAction\":[{\"@type\":\"ReadAction\",\"target\":[\"https:\/\/mekulo.com\/se\/produkt\/forklade-for-kladtorkning\/\"]}]},{\"@type\":\"ImageObject\",\"inLanguage\":\"sv-SE\",\"@id\":\"https:\/\/mekulo.com\/se\/produkt\/forklade-for-kladtorkning\/#primaryimage\",\"url\":\"https:\/\/mekulo.com\/se\/wp-content\/uploads\/sites\/11\/2026\/01\/9plg893-1.jpg\",\"contentUrl\":\"https:\/\/mekulo.com\/se\/wp-content\/uploads\/sites\/11\/2026\/01\/9plg893-1.jpg\",\"width\":700,\"height\":700},{\"@type\":\"BreadcrumbList\",\"@id\":\"https:\/\/mekulo.com\/se\/produkt\/forklade-for-kladtorkning\/#breadcrumb\",\"itemListElement\":[{\"@type\":\"ListItem\",\"position\":1,\"name\":\"Home\",\"item\":\"https:\/\/mekulo.com\/se\/\"},{\"@type\":\"ListItem\",\"position\":2,\"name\":\"Butik\",\"item\":\"https:\/\/mekulo.com\/se\/butik\/\"},{\"@type\":\"ListItem\",\"position\":3,\"name\":\"F\u00f6rkl\u00e4de f\u00f6r kl\u00e4dtorkning\"}]},{\"@type\":\"WebSite\",\"@id\":\"https:\/\/mekulo.com\/se\/#website\",\"url\":\"https:\/\/mekulo.com\/se\/\",\"name\":\"Mekulo SE\",\"description\":\"\",\"publisher\":{\"@id\":\"https:\/\/mekulo.com\/se\/#organization\"},\"potentialAction\":[{\"@type\":\"SearchAction\",\"target\":{\"@type\":\"EntryPoint\",\"urlTemplate\":\"https:\/\/mekulo.com\/se\/?s={search_term_string}\"},\"query-input\":{\"@type\":\"PropertyValueSpecification\",\"valueRequired\":true,\"valueName\":\"search_term_string\"}}],\"inLanguage\":\"sv-SE\"},{\"@type\":\"Organization\",\"@id\":\"https:\/\/mekulo.com\/se\/#organization\",\"name\":\"Mekulo\",\"url\":\"https:\/\/mekulo.com\/se\/\",\"logo\":{\"@type\":\"ImageObject\",\"inLanguage\":\"sv-SE\",\"@id\":\"https:\/\/mekulo.com\/se\/#\/schema\/logo\/image\/\",\"url\":\"https:\/\/mekulo.com\/se\/wp-content\/uploads\/sites\/11\/2025\/12\/favicon_mekulo.png\",\"contentUrl\":\"https:\/\/mekulo.com\/se\/wp-content\/uploads\/sites\/11\/2025\/12\/favicon_mekulo.png\",\"width\":50,\"height\":50,\"caption\":\"Mekulo\"},\"image\":{\"@id\":\"https:\/\/mekulo.com\/se\/#\/schema\/logo\/image\/\"}}]}<\/script>\n<!-- \/ Yoast SEO plugin. -->","yoast_head_json":{"title":"F\u00f6rkl\u00e4de f\u00f6r kl\u00e4dtorkning - Mekulo SE","robots":{"index":"index","follow":"follow","max-snippet":"max-snippet:-1","max-image-preview":"max-image-preview:large","max-video-preview":"max-video-preview:-1"},"canonical":"https:\/\/mekulo.com\/se\/produkt\/forklade-for-kladtorkning\/","og_locale":"sv_SE","og_type":"article","og_title":"F\u00f6rkl\u00e4de f\u00f6r kl\u00e4dtorkning - Mekulo SE","og_description":"\ud83d\udc5aMed det h\u00e4r torkf\u00f6rkl\u00e4det kan du b\u00e4ra och h\u00e4nga v\u00e5ta kl\u00e4der utan att bl\u00f6ta ner kl\u00e4derna eller st\u00f6ka till det. \ud83c\udfe0Med stora fickor och en vattent\u00e4t design g\u00f6r det tv\u00e4tten snabbare, renare och bekv\u00e4mare hemma eller p\u00e5 resan. \ud83d\udca6Det hj\u00e4lper ocks\u00e5 till att f\u00f6rhindra v\u00e5ta golv och droppande vatten under tv\u00e4tten.","og_url":"https:\/\/mekulo.com\/se\/produkt\/forklade-for-kladtorkning\/","og_site_name":"Mekulo SE","article_modified_time":"2026-01-22T15:41:39+00:00","og_image":[{"width":700,"height":700,"url":"https:\/\/mekulo.com\/se\/wp-content\/uploads\/sites\/11\/2026\/01\/9plg893-1.jpg","type":"image\/jpeg"}],"twitter_card":"summary_large_image","twitter_misc":{"Ber\u00e4knad l\u00e4stid":"2 minuter"},"schema":{"@context":"https:\/\/schema.org","@graph":[{"@type":"WebPage","@id":"https:\/\/mekulo.com\/se\/produkt\/forklade-for-kladtorkning\/","url":"https:\/\/mekulo.com\/se\/produkt\/forklade-for-kladtorkning\/","name":"F\u00f6rkl\u00e4de f\u00f6r kl\u00e4dtorkning - Mekulo SE","isPartOf":{"@id":"https:\/\/mekulo.com\/se\/#website"},"primaryImageOfPage":{"@id":"https:\/\/mekulo.com\/se\/produkt\/forklade-for-kladtorkning\/#primaryimage"},"image":{"@id":"https:\/\/mekulo.com\/se\/produkt\/forklade-for-kladtorkning\/#primaryimage"},"thumbnailUrl":"https:\/\/mekulo.com\/se\/wp-content\/uploads\/sites\/11\/2026\/01\/9plg893-1.jpg","datePublished":"2026-01-22T15:41:26+00:00","dateModified":"2026-01-22T15:41:39+00:00","breadcrumb":{"@id":"https:\/\/mekulo.com\/se\/produkt\/forklade-for-kladtorkning\/#breadcrumb"},"inLanguage":"sv-SE","potentialAction":[{"@type":"ReadAction","target":["https:\/\/mekulo.com\/se\/produkt\/forklade-for-kladtorkning\/"]}]},{"@type":"ImageObject","inLanguage":"sv-SE","@id":"https:\/\/mekulo.com\/se\/produkt\/forklade-for-kladtorkning\/#primaryimage","url":"https:\/\/mekulo.com\/se\/wp-content\/uploads\/sites\/11\/2026\/01\/9plg893-1.jpg","contentUrl":"https:\/\/mekulo.com\/se\/wp-content\/uploads\/sites\/11\/2026\/01\/9plg893-1.jpg","width":700,"height":700},{"@type":"BreadcrumbList","@id":"https:\/\/mekulo.com\/se\/produkt\/forklade-for-kladtorkning\/#breadcrumb","itemListElement":[{"@type":"ListItem","position":1,"name":"Home","item":"https:\/\/mekulo.com\/se\/"},{"@type":"ListItem","position":2,"name":"Butik","item":"https:\/\/mekulo.com\/se\/butik\/"},{"@type":"ListItem","position":3,"name":"F\u00f6rkl\u00e4de f\u00f6r kl\u00e4dtorkning"}]},{"@type":"WebSite","@id":"https:\/\/mekulo.com\/se\/#website","url":"https:\/\/mekulo.com\/se\/","name":"Mekulo SE","description":"","publisher":{"@id":"https:\/\/mekulo.com\/se\/#organization"},"potentialAction":[{"@type":"SearchAction","target":{"@type":"EntryPoint","urlTemplate":"https:\/\/mekulo.com\/se\/?s={search_term_string}"},"query-input":{"@type":"PropertyValueSpecification","valueRequired":true,"valueName":"search_term_string"}}],"inLanguage":"sv-SE"},{"@type":"Organization","@id":"https:\/\/mekulo.com\/se\/#organization","name":"Mekulo","url":"https:\/\/mekulo.com\/se\/","logo":{"@type":"ImageObject","inLanguage":"sv-SE","@id":"https:\/\/mekulo.com\/se\/#\/schema\/logo\/image\/","url":"https:\/\/mekulo.com\/se\/wp-content\/uploads\/sites\/11\/2025\/12\/favicon_mekulo.png","contentUrl":"https:\/\/mekulo.com\/se\/wp-content\/uploads\/sites\/11\/2025\/12\/favicon_mekulo.png","width":50,"height":50,"caption":"Mekulo"},"image":{"@id":"https:\/\/mekulo.com\/se\/#\/schema\/logo\/image\/"}}]}},"_links":{"self":[{"href":"https:\/\/mekulo.com\/se\/wp-json\/wp\/v2\/product\/19036","targetHints":{"allow":["GET"]}}],"collection":[{"href":"https:\/\/mekulo.com\/se\/wp-json\/wp\/v2\/product"}],"about":[{"href":"https:\/\/mekulo.com\/se\/wp-json\/wp\/v2\/types\/product"}],"replies":[{"embeddable":true,"href":"https:\/\/mekulo.com\/se\/wp-json\/wp\/v2\/comments?post=19036"}],"wp:featuredmedia":[{"embeddable":true,"href":"https:\/\/mekulo.com\/se\/wp-json\/wp\/v2\/media\/19032"}],"wp:attachment":[{"href":"https:\/\/mekulo.com\/se\/wp-json\/wp\/v2\/media?parent=19036"}],"wp:term":[{"taxonomy":"product_brand","embeddable":true,"href":"https:\/\/mekulo.com\/se\/wp-json\/wp\/v2\/product_brand?post=19036"},{"taxonomy":"product_cat","embeddable":true,"href":"https:\/\/mekulo.com\/se\/wp-json\/wp\/v2\/product_cat?post=19036"},{"taxonomy":"product_tag","embeddable":true,"href":"https:\/\/mekulo.com\/se\/wp-json\/wp\/v2\/product_tag?post=19036"}],"curies":[{"name":"wp","href":"https:\/\/api.w.org\/{rel}","templated":true}]}}