{"id":19008,"date":"2026-01-22T17:39:17","date_gmt":"2026-01-22T15:39:17","guid":{"rendered":"https:\/\/mekulo.com\/se\/produkt\/elektrisk-lattekonstpenna\/"},"modified":"2026-02-03T17:12:36","modified_gmt":"2026-02-03T15:12:36","slug":"elektrisk-lattekonstpenna","status":"publish","type":"product","link":"https:\/\/mekulo.com\/se\/produkt\/elektrisk-lattekonstpenna\/","title":{"rendered":"Elektrisk lattekonstpenna"},"content":{"rendered":"<div class=\"flex flex-col text-sm pb-25\">\n<article class=\"text-token-text-primary w-full focus:outline-none [--shadow-height:45px] has-data-writing-block:pointer-events-none has-data-writing-block:-mt-(--shadow-height) has-data-writing-block:pt-(--shadow-height) [&amp;:has([data-writing-block])&gt;*]:pointer-events-auto scroll-mt-[calc(var(--header-height)+min(200px,max(70px,20svh)))]\" dir=\"auto\" data-turn-id=\"b446edc1-f740-4967-a22b-0097d843a926\" data-testid=\"conversation-turn-172\" data-scroll-anchor=\"true\" data-turn=\"assistant\">\n<div class=\"text-base my-auto mx-auto pb-10 [--thread-content-margin:--spacing(4)] @w-sm\/main:[--thread-content-margin:--spacing(6)] @w-lg\/main:[--thread-content-margin:--spacing(16)] px-(--thread-content-margin)\">\n<div class=\"[--thread-content-max-width:40rem] @w-lg\/main:[--thread-content-max-width:48rem] mx-auto max-w-(--thread-content-max-width) flex-1 group\/turn-messages focus-visible:outline-hidden relative flex w-full min-w-0 flex-col agent-turn\">\n<div class=\"flex max-w-full flex-col grow\">\n<div class=\"min-h-8 text-message relative flex w-full flex-col items-end gap-2 text-start break-words whitespace-normal [.text-message+&amp;]:mt-1\" dir=\"auto\" data-message-author-role=\"assistant\" data-message-id=\"14b7e48d-be42-4665-b146-1d0b9c2ac2ab\" data-message-model-slug=\"gpt-5-2\">\n<div class=\"flex w-full flex-col gap-1 empty:hidden first:pt-[1px]\">\n<div class=\"markdown prose dark:prose-invert w-full break-words light markdown-new-styling\">\n<p style=\"text-align: center;\" data-start=\"0\" data-end=\"70\"><strong data-start=\"0\" data-end=\"70\">Skapa Vacker Lattekonst Och Matdesign Med En Enkel Tryckning. \u2615<\/strong><\/p>\n<p data-start=\"0\" data-end=\"70\"><img fetchpriority=\"high\" decoding=\"async\" class=\"size-full wp-image-21704 aligncenter\" src=\"https:\/\/mekulo.com\/template\/wp-content\/uploads\/sites\/6\/2026\/01\/2-13.jpeg\" alt=\"\" width=\"800\" height=\"800\" \/><\/p>\n<h2 style=\"text-align: center;\" data-start=\"303\" data-end=\"322\">Huvudf\u00f6rdelar \u2615<\/h2>\n<p data-start=\"325\" data-end=\"398\">\ud83c\udfa8 Elektrisk ritpenna &#8211; Skapa enkelt rena och detaljerade m\u00f6nster.<\/p>\n<p data-start=\"401\" data-end=\"461\">\u26a1 Enknappsdrift &#8211; Tryck enkelt f\u00f6r att b\u00f6rja rita.<\/p>\n<p data-start=\"464\" data-end=\"521\">\ud83c\udf38 Perfekt f\u00f6r latte art &#8211; Uppgradera kaffet direkt.<\/p>\n<p data-start=\"524\" data-end=\"586\">\ud83c\udf70 Anv\u00e4nds f\u00f6r flera livsmedel &#8211; Dekorera kaffe, kakor, desserter och r\u00e4tter.<\/p>\n<p data-start=\"589\" data-end=\"641\">\ud83d\udd04 Enkel refilldesign &#8211; Byt pulver snabbt.<\/p>\n<p data-start=\"644\" data-end=\"706\">\ud83d\udc68\u200d\ud83d\udc69\u200d\ud83d\udc67 Kul f\u00f6r alla &#8211; Perfekt f\u00f6r familjens DIY-\u00f6gonblick.<\/p>\n<p data-start=\"644\" data-end=\"706\"><img decoding=\"async\" class=\"size-full wp-image-21706 aligncenter\" src=\"https:\/\/mekulo.com\/template\/wp-content\/uploads\/sites\/6\/2026\/01\/6-14.jpeg\" alt=\"\" width=\"1000\" height=\"1000\" \/><\/p>\n<h2 style=\"text-align: center;\" data-start=\"713\" data-end=\"727\">Anv\u00e4ndning \ud83d\udccc<\/h2>\n<ol data-start=\"728\" data-end=\"995\">\n<li data-start=\"728\" data-end=\"764\">\n<p data-start=\"731\" data-end=\"764\">\u00d6ppna pennans baksida.<\/p>\n<\/li>\n<li data-start=\"765\" data-end=\"828\">\n<p data-start=\"768\" data-end=\"828\">Fyll p\u00e5 med toppingpulver (kanel, kakao, socker osv.).<\/p>\n<\/li>\n<li data-start=\"829\" data-end=\"859\">\n<p data-start=\"832\" data-end=\"859\">St\u00e4ng locket ordentligt.<\/p>\n<\/li>\n<li data-start=\"860\" data-end=\"902\">\n<p data-start=\"863\" data-end=\"902\">Tryck p\u00e5 knappen f\u00f6r att aktivera pennan.<\/p>\n<\/li>\n<li data-start=\"903\" data-end=\"955\">\n<p data-start=\"906\" data-end=\"955\">Rita direkt p\u00e5 kaffet eller maten som en pensel.<\/p>\n<\/li>\n<li data-start=\"956\" data-end=\"995\">\n<p data-start=\"959\" data-end=\"995\">Reng\u00f6r och fyll p\u00e5 till n\u00e4sta anv\u00e4ndning.<\/p>\n<\/li>\n<\/ol>\n<h2 style=\"text-align: center;\" data-start=\"1002\" data-end=\"1021\">Produktdetaljer \ud83d\udccf<\/h2>\n<ul data-start=\"1022\" data-end=\"1302\">\n<li data-start=\"1101\" data-end=\"1153\">\n<p data-start=\"1103\" data-end=\"1153\">Anv\u00e4ndning: Kaffekonst, kakdekoration, matkryddning<\/p>\n<\/li>\n<li data-start=\"1154\" data-end=\"1236\">\n<p data-start=\"1156\" data-end=\"1236\">Kompatibla pulver: Kanel, kakao, kaffepulver, socker, chilipulver, \u00f6rter<\/p>\n<\/li>\n<li data-start=\"1237\" data-end=\"1268\">\n<p data-start=\"1239\" data-end=\"1268\">Drift: Knappaktiverad<\/p>\n<\/li>\n<li data-start=\"1269\" data-end=\"1302\">\n<p data-start=\"1271\" data-end=\"1302\">Design: Handh\u00e5llen, enkel p\u00e5fyllning<\/p>\n<\/li>\n<li data-start=\"1269\" data-end=\"1302\">Storlek: 16 cm<\/li>\n<\/ul>\n<h2 style=\"text-align: center;\" data-start=\"1309\" data-end=\"1329\">Paketet inneh\u00e5ller \ud83d\udce6<\/h2>\n<ul data-start=\"1330\" data-end=\"1363\" data-is-last-node=\"\" data-is-only-node=\"\">\n<li data-start=\"1330\" data-end=\"1363\" data-is-last-node=\"\">\n<p data-start=\"1332\" data-end=\"1363\" data-is-last-node=\"\">1, 2x elektrisk latte art penna\/s.<\/p>\n<\/li>\n<\/ul>\n<\/div>\n<\/div>\n<\/div>\n<\/div>\n<\/div>\n<\/div>\n<\/article>\n<\/div>\n","protected":false},"excerpt":{"rendered":"<p>\ud83d\udd8b\ufe0fDetta elektrisk latte art-pennan l\u00e5ter dig rita m\u00f6nster p\u00e5 kaffe, desserter och mat med hj\u00e4lp av pulveriserade toppings.<br \/>\n\ud83c\udf70Med enkel enknappskontroll hj\u00e4lper den vem som helst att f\u00f6rvandla vanliga drycker och r\u00e4tter till i\u00f6gonfallande skapelser p\u00e5 n\u00e5gra sekunder.<br \/>\n\ud83c\udfa8Du beh\u00f6ver inga speciella f\u00e4rdigheter f\u00f6r att f\u00e5 din mat att se professionell och rolig ut.<\/p>\n","protected":false},"featured_media":19004,"comment_status":"open","ping_status":"closed","template":"","meta":{"site-sidebar-layout":"default","site-content-layout":"","ast-site-content-layout":"default","site-content-style":"default","site-sidebar-style":"default","ast-global-header-display":"","ast-banner-title-visibility":"","ast-main-header-display":"","ast-hfb-above-header-display":"","ast-hfb-below-header-display":"","ast-hfb-mobile-header-display":"","site-post-title":"","ast-breadcrumbs-content":"","ast-featured-img":"","footer-sml-layout":"","theme-transparent-header-meta":"default","adv-header-id-meta":"","stick-header-meta":"","header-above-stick-meta":"","header-main-stick-meta":"","header-below-stick-meta":"","astra-migrate-meta-layouts":"set","ast-page-background-enabled":"default","ast-page-background-meta":{"desktop":{"background-color":"var(--ast-global-color-5)","background-image":"","background-repeat":"repeat","background-position":"center center","background-size":"auto","background-attachment":"scroll","background-type":"","background-media":"","overlay-type":"","overlay-color":"","overlay-opacity":"","overlay-gradient":""},"tablet":{"background-color":"","background-image":"","background-repeat":"repeat","background-position":"center center","background-size":"auto","background-attachment":"scroll","background-type":"","background-media":"","overlay-type":"","overlay-color":"","overlay-opacity":"","overlay-gradient":""},"mobile":{"background-color":"","background-image":"","background-repeat":"repeat","background-position":"center center","background-size":"auto","background-attachment":"scroll","background-type":"","background-media":"","overlay-type":"","overlay-color":"","overlay-opacity":"","overlay-gradient":""}},"ast-content-background-meta":{"desktop":{"background-color":"var(--ast-global-color-4)","background-image":"","background-repeat":"repeat","background-position":"center center","background-size":"auto","background-attachment":"scroll","background-type":"","background-media":"","overlay-type":"","overlay-color":"","overlay-opacity":"","overlay-gradient":""},"tablet":{"background-color":"var(--ast-global-color-4)","background-image":"","background-repeat":"repeat","background-position":"center center","background-size":"auto","background-attachment":"scroll","background-type":"","background-media":"","overlay-type":"","overlay-color":"","overlay-opacity":"","overlay-gradient":""},"mobile":{"background-color":"var(--ast-global-color-4)","background-image":"","background-repeat":"repeat","background-position":"center center","background-size":"auto","background-attachment":"scroll","background-type":"","background-media":"","overlay-type":"","overlay-color":"","overlay-opacity":"","overlay-gradient":""}}},"product_brand":[],"product_cat":[168,171],"product_tag":[],"class_list":{"0":"post-19008","1":"product","2":"type-product","3":"status-publish","4":"has-post-thumbnail","6":"product_cat-hushallsartiklar","7":"product_cat-verktyg","8":"pa_51604_0syfo9if-gul","9":"pa_51604_0syfo9if-rod","10":"pa_51604_0syfo9if-rosa","11":"pa_51604_0syfo9if-vit","12":"pa_51604_axbs9yu2-1-st","13":"pa_51604_axbs9yu2-2-st","14":"desktop-align-left","15":"tablet-align-left","16":"mobile-align-left","18":"first","19":"instock","20":"shipping-taxable","21":"purchasable","22":"product-type-variable","23":"has-default-attributes"},"yoast_head":"<!-- This site is optimized with the Yoast SEO plugin v26.6 - https:\/\/yoast.com\/wordpress\/plugins\/seo\/ -->\n<title>Elektrisk lattekonstpenna - Mekulo SE<\/title>\n<meta name=\"robots\" content=\"index, follow, max-snippet:-1, max-image-preview:large, max-video-preview:-1\" \/>\n<link rel=\"canonical\" href=\"https:\/\/mekulo.com\/se\/produkt\/elektrisk-lattekonstpenna\/\" \/>\n<meta property=\"og:locale\" content=\"en_US\" \/>\n<meta property=\"og:type\" content=\"article\" \/>\n<meta property=\"og:title\" content=\"Elektrisk lattekonstpenna - Mekulo SE\" \/>\n<meta property=\"og:description\" content=\"\ud83d\udd8b\ufe0fDetta elektrisk latte art-pennan l\u00e5ter dig rita m\u00f6nster p\u00e5 kaffe, desserter och mat med hj\u00e4lp av pulveriserade toppings. \ud83c\udf70Med enkel enknappskontroll hj\u00e4lper den vem som helst att f\u00f6rvandla vanliga drycker och r\u00e4tter till i\u00f6gonfallande skapelser p\u00e5 n\u00e5gra sekunder. \ud83c\udfa8Du beh\u00f6ver inga speciella f\u00e4rdigheter f\u00f6r att f\u00e5 din mat att se professionell och rolig ut.\" \/>\n<meta property=\"og:url\" content=\"https:\/\/mekulo.com\/se\/produkt\/elektrisk-lattekonstpenna\/\" \/>\n<meta property=\"og:site_name\" content=\"Mekulo SE\" \/>\n<meta property=\"article:modified_time\" content=\"2026-02-03T15:12:36+00:00\" \/>\n<meta property=\"og:image\" content=\"https:\/\/mekulo.com\/se\/wp-content\/uploads\/sites\/11\/2026\/01\/2o3p7jl-1.jpeg\" \/>\n\t<meta property=\"og:image:width\" content=\"800\" \/>\n\t<meta property=\"og:image:height\" content=\"800\" \/>\n\t<meta property=\"og:image:type\" content=\"image\/jpeg\" \/>\n<meta name=\"twitter:card\" content=\"summary_large_image\" \/>\n<meta name=\"twitter:label1\" content=\"Est. reading time\" \/>\n\t<meta name=\"twitter:data1\" content=\"2 minutes\" \/>\n<script type=\"application\/ld+json\" class=\"yoast-schema-graph\">{\"@context\":\"https:\/\/schema.org\",\"@graph\":[{\"@type\":\"WebPage\",\"@id\":\"https:\/\/mekulo.com\/se\/produkt\/elektrisk-lattekonstpenna\/\",\"url\":\"https:\/\/mekulo.com\/se\/produkt\/elektrisk-lattekonstpenna\/\",\"name\":\"Elektrisk lattekonstpenna - Mekulo SE\",\"isPartOf\":{\"@id\":\"https:\/\/mekulo.com\/se\/#website\"},\"primaryImageOfPage\":{\"@id\":\"https:\/\/mekulo.com\/se\/produkt\/elektrisk-lattekonstpenna\/#primaryimage\"},\"image\":{\"@id\":\"https:\/\/mekulo.com\/se\/produkt\/elektrisk-lattekonstpenna\/#primaryimage\"},\"thumbnailUrl\":\"https:\/\/mekulo.com\/se\/wp-content\/uploads\/sites\/11\/2026\/01\/2o3p7jl-1.jpeg\",\"datePublished\":\"2026-01-22T15:39:17+00:00\",\"dateModified\":\"2026-02-03T15:12:36+00:00\",\"breadcrumb\":{\"@id\":\"https:\/\/mekulo.com\/se\/produkt\/elektrisk-lattekonstpenna\/#breadcrumb\"},\"inLanguage\":\"en-US\",\"potentialAction\":[{\"@type\":\"ReadAction\",\"target\":[\"https:\/\/mekulo.com\/se\/produkt\/elektrisk-lattekonstpenna\/\"]}]},{\"@type\":\"ImageObject\",\"inLanguage\":\"en-US\",\"@id\":\"https:\/\/mekulo.com\/se\/produkt\/elektrisk-lattekonstpenna\/#primaryimage\",\"url\":\"https:\/\/mekulo.com\/se\/wp-content\/uploads\/sites\/11\/2026\/01\/2o3p7jl-1.jpeg\",\"contentUrl\":\"https:\/\/mekulo.com\/se\/wp-content\/uploads\/sites\/11\/2026\/01\/2o3p7jl-1.jpeg\",\"width\":800,\"height\":800},{\"@type\":\"BreadcrumbList\",\"@id\":\"https:\/\/mekulo.com\/se\/produkt\/elektrisk-lattekonstpenna\/#breadcrumb\",\"itemListElement\":[{\"@type\":\"ListItem\",\"position\":1,\"name\":\"Home\",\"item\":\"https:\/\/mekulo.com\/se\/\"},{\"@type\":\"ListItem\",\"position\":2,\"name\":\"Butik\",\"item\":\"https:\/\/mekulo.com\/se\/butik\/\"},{\"@type\":\"ListItem\",\"position\":3,\"name\":\"Elektrisk lattekonstpenna\"}]},{\"@type\":\"WebSite\",\"@id\":\"https:\/\/mekulo.com\/se\/#website\",\"url\":\"https:\/\/mekulo.com\/se\/\",\"name\":\"Mekulo SE\",\"description\":\"\",\"publisher\":{\"@id\":\"https:\/\/mekulo.com\/se\/#organization\"},\"potentialAction\":[{\"@type\":\"SearchAction\",\"target\":{\"@type\":\"EntryPoint\",\"urlTemplate\":\"https:\/\/mekulo.com\/se\/?s={search_term_string}\"},\"query-input\":{\"@type\":\"PropertyValueSpecification\",\"valueRequired\":true,\"valueName\":\"search_term_string\"}}],\"inLanguage\":\"en-US\"},{\"@type\":\"Organization\",\"@id\":\"https:\/\/mekulo.com\/se\/#organization\",\"name\":\"Mekulo\",\"url\":\"https:\/\/mekulo.com\/se\/\",\"logo\":{\"@type\":\"ImageObject\",\"inLanguage\":\"en-US\",\"@id\":\"https:\/\/mekulo.com\/se\/#\/schema\/logo\/image\/\",\"url\":\"https:\/\/mekulo.com\/se\/wp-content\/uploads\/sites\/11\/2025\/12\/favicon_mekulo.png\",\"contentUrl\":\"https:\/\/mekulo.com\/se\/wp-content\/uploads\/sites\/11\/2025\/12\/favicon_mekulo.png\",\"width\":50,\"height\":50,\"caption\":\"Mekulo\"},\"image\":{\"@id\":\"https:\/\/mekulo.com\/se\/#\/schema\/logo\/image\/\"}}]}<\/script>\n<!-- \/ Yoast SEO plugin. -->","yoast_head_json":{"title":"Elektrisk lattekonstpenna - Mekulo SE","robots":{"index":"index","follow":"follow","max-snippet":"max-snippet:-1","max-image-preview":"max-image-preview:large","max-video-preview":"max-video-preview:-1"},"canonical":"https:\/\/mekulo.com\/se\/produkt\/elektrisk-lattekonstpenna\/","og_locale":"en_US","og_type":"article","og_title":"Elektrisk lattekonstpenna - Mekulo SE","og_description":"\ud83d\udd8b\ufe0fDetta elektrisk latte art-pennan l\u00e5ter dig rita m\u00f6nster p\u00e5 kaffe, desserter och mat med hj\u00e4lp av pulveriserade toppings. \ud83c\udf70Med enkel enknappskontroll hj\u00e4lper den vem som helst att f\u00f6rvandla vanliga drycker och r\u00e4tter till i\u00f6gonfallande skapelser p\u00e5 n\u00e5gra sekunder. \ud83c\udfa8Du beh\u00f6ver inga speciella f\u00e4rdigheter f\u00f6r att f\u00e5 din mat att se professionell och rolig ut.","og_url":"https:\/\/mekulo.com\/se\/produkt\/elektrisk-lattekonstpenna\/","og_site_name":"Mekulo SE","article_modified_time":"2026-02-03T15:12:36+00:00","og_image":[{"width":800,"height":800,"url":"https:\/\/mekulo.com\/se\/wp-content\/uploads\/sites\/11\/2026\/01\/2o3p7jl-1.jpeg","type":"image\/jpeg"}],"twitter_card":"summary_large_image","twitter_misc":{"Est. reading time":"2 minutes"},"schema":{"@context":"https:\/\/schema.org","@graph":[{"@type":"WebPage","@id":"https:\/\/mekulo.com\/se\/produkt\/elektrisk-lattekonstpenna\/","url":"https:\/\/mekulo.com\/se\/produkt\/elektrisk-lattekonstpenna\/","name":"Elektrisk lattekonstpenna - Mekulo SE","isPartOf":{"@id":"https:\/\/mekulo.com\/se\/#website"},"primaryImageOfPage":{"@id":"https:\/\/mekulo.com\/se\/produkt\/elektrisk-lattekonstpenna\/#primaryimage"},"image":{"@id":"https:\/\/mekulo.com\/se\/produkt\/elektrisk-lattekonstpenna\/#primaryimage"},"thumbnailUrl":"https:\/\/mekulo.com\/se\/wp-content\/uploads\/sites\/11\/2026\/01\/2o3p7jl-1.jpeg","datePublished":"2026-01-22T15:39:17+00:00","dateModified":"2026-02-03T15:12:36+00:00","breadcrumb":{"@id":"https:\/\/mekulo.com\/se\/produkt\/elektrisk-lattekonstpenna\/#breadcrumb"},"inLanguage":"en-US","potentialAction":[{"@type":"ReadAction","target":["https:\/\/mekulo.com\/se\/produkt\/elektrisk-lattekonstpenna\/"]}]},{"@type":"ImageObject","inLanguage":"en-US","@id":"https:\/\/mekulo.com\/se\/produkt\/elektrisk-lattekonstpenna\/#primaryimage","url":"https:\/\/mekulo.com\/se\/wp-content\/uploads\/sites\/11\/2026\/01\/2o3p7jl-1.jpeg","contentUrl":"https:\/\/mekulo.com\/se\/wp-content\/uploads\/sites\/11\/2026\/01\/2o3p7jl-1.jpeg","width":800,"height":800},{"@type":"BreadcrumbList","@id":"https:\/\/mekulo.com\/se\/produkt\/elektrisk-lattekonstpenna\/#breadcrumb","itemListElement":[{"@type":"ListItem","position":1,"name":"Home","item":"https:\/\/mekulo.com\/se\/"},{"@type":"ListItem","position":2,"name":"Butik","item":"https:\/\/mekulo.com\/se\/butik\/"},{"@type":"ListItem","position":3,"name":"Elektrisk lattekonstpenna"}]},{"@type":"WebSite","@id":"https:\/\/mekulo.com\/se\/#website","url":"https:\/\/mekulo.com\/se\/","name":"Mekulo SE","description":"","publisher":{"@id":"https:\/\/mekulo.com\/se\/#organization"},"potentialAction":[{"@type":"SearchAction","target":{"@type":"EntryPoint","urlTemplate":"https:\/\/mekulo.com\/se\/?s={search_term_string}"},"query-input":{"@type":"PropertyValueSpecification","valueRequired":true,"valueName":"search_term_string"}}],"inLanguage":"en-US"},{"@type":"Organization","@id":"https:\/\/mekulo.com\/se\/#organization","name":"Mekulo","url":"https:\/\/mekulo.com\/se\/","logo":{"@type":"ImageObject","inLanguage":"en-US","@id":"https:\/\/mekulo.com\/se\/#\/schema\/logo\/image\/","url":"https:\/\/mekulo.com\/se\/wp-content\/uploads\/sites\/11\/2025\/12\/favicon_mekulo.png","contentUrl":"https:\/\/mekulo.com\/se\/wp-content\/uploads\/sites\/11\/2025\/12\/favicon_mekulo.png","width":50,"height":50,"caption":"Mekulo"},"image":{"@id":"https:\/\/mekulo.com\/se\/#\/schema\/logo\/image\/"}}]}},"_links":{"self":[{"href":"https:\/\/mekulo.com\/se\/wp-json\/wp\/v2\/product\/19008","targetHints":{"allow":["GET"]}}],"collection":[{"href":"https:\/\/mekulo.com\/se\/wp-json\/wp\/v2\/product"}],"about":[{"href":"https:\/\/mekulo.com\/se\/wp-json\/wp\/v2\/types\/product"}],"replies":[{"embeddable":true,"href":"https:\/\/mekulo.com\/se\/wp-json\/wp\/v2\/comments?post=19008"}],"wp:featuredmedia":[{"embeddable":true,"href":"https:\/\/mekulo.com\/se\/wp-json\/wp\/v2\/media\/19004"}],"wp:attachment":[{"href":"https:\/\/mekulo.com\/se\/wp-json\/wp\/v2\/media?parent=19008"}],"wp:term":[{"taxonomy":"product_brand","embeddable":true,"href":"https:\/\/mekulo.com\/se\/wp-json\/wp\/v2\/product_brand?post=19008"},{"taxonomy":"product_cat","embeddable":true,"href":"https:\/\/mekulo.com\/se\/wp-json\/wp\/v2\/product_cat?post=19008"},{"taxonomy":"product_tag","embeddable":true,"href":"https:\/\/mekulo.com\/se\/wp-json\/wp\/v2\/product_tag?post=19008"}],"curies":[{"name":"wp","href":"https:\/\/api.w.org\/{rel}","templated":true}]}}