{"id":18974,"date":"2026-01-22T17:36:32","date_gmt":"2026-01-22T15:36:32","guid":{"rendered":"https:\/\/mekulo.com\/se\/produkt\/skoldpaddsunderlagg\/"},"modified":"2026-01-27T11:34:05","modified_gmt":"2026-01-27T09:34:05","slug":"skoldpaddsunderlagg","status":"publish","type":"product","link":"https:\/\/mekulo.com\/se\/produkt\/skoldpaddsunderlagg\/","title":{"rendered":"Sk\u00f6ldpaddsunderl\u00e4gg"},"content":{"rendered":"<p style=\"text-align: center;\" data-start=\"0\" data-end=\"63\"><strong data-start=\"0\" data-end=\"63\">Skydda Ditt Bord Samtidigt Som Du G\u00f6r Varje Drink Roligare. \ud83c\udf75<\/strong><\/p>\n<p data-start=\"0\" data-end=\"63\"><img decoding=\"async\" class=\"size-full wp-image-21671 aligncenter\" src=\"https:\/\/mekulo.com\/template\/wp-content\/uploads\/sites\/6\/2026\/01\/0ad26fdf560540e50d50df80933a46e11725f7a9-700.avif\" alt=\"\" \/><\/p>\n<h2 style=\"text-align: center;\" data-start=\"336\" data-end=\"356\">Huvudf\u00f6rdelar \ud83d\udc22<\/h2>\n<p data-start=\"359\" data-end=\"429\">\ud83d\ude02 Rolig interaktiv design &#8211; Sk\u00f6ldpaddan reagerar n\u00e4r en kopp placeras.<\/p>\n<p data-start=\"432\" data-end=\"496\">\u2615 Bordskydd &#8211; Skyddar ytor fr\u00e5n v\u00e4rme och spill.<\/p>\n<p data-start=\"499\" data-end=\"545\">\ud83e\uddf2 Halkfri bas &#8211; Stannar stadigt p\u00e5 plats.<\/p>\n<p data-start=\"548\" data-end=\"615\">\ud83c\udf81 Perfekt presentid\u00e9 &#8211; Perfekt f\u00f6r djur\u00e4lskare och prankfans.<\/p>\n<p data-start=\"618\" data-end=\"680\">\ud83c\udfe0 Rolig heminredning &#8211; L\u00e4gger till personlighet till skrivbord och bord.<\/p>\n<p data-start=\"683\" data-end=\"744\">\ud83d\udcaa L\u00e4tt och robust &#8211; H\u00e5llbar plast f\u00f6r daglig anv\u00e4ndning.<\/p>\n<p data-start=\"683\" data-end=\"744\"><img fetchpriority=\"high\" decoding=\"async\" class=\"size-full wp-image-21675 aligncenter\" src=\"https:\/\/mekulo.com\/template\/wp-content\/uploads\/sites\/6\/2026\/01\/4-14.jpeg\" alt=\"\" width=\"800\" height=\"800\" \/><\/p>\n<h2 style=\"text-align: center;\" data-start=\"751\" data-end=\"765\">Hur man anv\u00e4nder \ud83d\udccc<\/h2>\n<ol data-start=\"766\" data-end=\"1008\">\n<li data-start=\"766\" data-end=\"814\">\n<p data-start=\"769\" data-end=\"814\">Placera sk\u00f6ldpaddsunderl\u00e4gget p\u00e5 en plan yta.<\/p>\n<\/li>\n<li data-start=\"815\" data-end=\"862\">\n<p data-start=\"818\" data-end=\"862\">St\u00e4ll din mugg eller kopp p\u00e5 sk\u00f6ldpaddans skal.<\/p>\n<\/li>\n<li data-start=\"863\" data-end=\"912\">\n<p data-start=\"866\" data-end=\"912\">Se sk\u00f6ldpaddan reagera n\u00e4r vikten appliceras.<\/p>\n<\/li>\n<li data-start=\"913\" data-end=\"960\">\n<p data-start=\"916\" data-end=\"960\">Njut av din drink och skratten den ger.<\/p>\n<\/li>\n<li data-start=\"961\" data-end=\"1008\">\n<p data-start=\"964\" data-end=\"1008\">Ta bort koppen och \u00e5terst\u00e4ll f\u00f6r n\u00e4sta anv\u00e4ndning.<\/p>\n<\/li>\n<\/ol>\n<h2 style=\"text-align: center;\" data-start=\"1015\" data-end=\"1034\">Produktdetaljer \ud83d\udccf<\/h2>\n<ul data-start=\"1035\" data-end=\"1287\">\n<li data-start=\"1068\" data-end=\"1089\">\n<p data-start=\"1070\" data-end=\"1089\">Material: PETG<\/p>\n<\/li>\n<li data-start=\"1090\" data-end=\"1126\">\n<p data-start=\"1092\" data-end=\"1126\">Storlek: 17,5 x 13,6 x 5 cm<\/p>\n<\/li>\n<li data-start=\"1127\" data-end=\"1151\">\n<p data-start=\"1129\" data-end=\"1151\">Vikt: Cirka 70 g<\/p>\n<\/li>\n<li data-start=\"1202\" data-end=\"1257\">\n<p data-start=\"1204\" data-end=\"1257\">Funktioner: V\u00e4rmebest\u00e4ndig, vattent\u00e4t, halkfri bas<\/p>\n<\/li>\n<li data-start=\"1258\" data-end=\"1287\">\n<p data-start=\"1260\" data-end=\"1287\">V\u00e5rd: Kan inte diskas i diskmaskin<\/p>\n<\/li>\n<\/ul>\n<h2 style=\"text-align: center;\" data-start=\"1294\" data-end=\"1314\">Paketet inneh\u00e5ller \ud83d\udce6<\/h2>\n<ul data-start=\"1315\" data-end=\"1338\" data-is-last-node=\"\" data-is-only-node=\"\">\n<li data-start=\"1315\" data-end=\"1338\" data-is-last-node=\"\">\n<p data-start=\"1317\" data-end=\"1338\" data-is-last-node=\"\">1, 2, 4x sk\u00f6ldpaddsunderl\u00e4gg\/s.<\/p>\n<\/li>\n<\/ul>\n","protected":false},"excerpt":{"rendered":"<p>\ud83d\udc22Detta sk\u00f6ldpaddsunderl\u00e4gg \u00e4r en lekfull dryckesh\u00e5llare som reagerar n\u00e4r du placerar din kopp p\u00e5 den.<br \/>\n\ud83d\udc40N\u00e4r din mugg vilar p\u00e5 sk\u00f6ldpaddans skal str\u00e4cker benen ut sig, \u00f6gonen dyker upp och munnen \u00f6ppnas, vilket g\u00f6r varje kaffepaus till en stund av skratt samtidigt som dina ytor \u00e4r s\u00e4kra.<br \/>\n\ud83c\udfe0Det blir omedelbart en rolig samtalsstartare hemma eller p\u00e5 kontoret.<\/p>\n","protected":false},"featured_media":18970,"comment_status":"open","ping_status":"closed","template":"","meta":{"site-sidebar-layout":"default","site-content-layout":"","ast-site-content-layout":"default","site-content-style":"default","site-sidebar-style":"default","ast-global-header-display":"","ast-banner-title-visibility":"","ast-main-header-display":"","ast-hfb-above-header-display":"","ast-hfb-below-header-display":"","ast-hfb-mobile-header-display":"","site-post-title":"","ast-breadcrumbs-content":"","ast-featured-img":"","footer-sml-layout":"","theme-transparent-header-meta":"default","adv-header-id-meta":"","stick-header-meta":"","header-above-stick-meta":"","header-main-stick-meta":"","header-below-stick-meta":"","astra-migrate-meta-layouts":"set","ast-page-background-enabled":"default","ast-page-background-meta":{"desktop":{"background-color":"var(--ast-global-color-5)","background-image":"","background-repeat":"repeat","background-position":"center center","background-size":"auto","background-attachment":"scroll","background-type":"","background-media":"","overlay-type":"","overlay-color":"","overlay-opacity":"","overlay-gradient":""},"tablet":{"background-color":"","background-image":"","background-repeat":"repeat","background-position":"center center","background-size":"auto","background-attachment":"scroll","background-type":"","background-media":"","overlay-type":"","overlay-color":"","overlay-opacity":"","overlay-gradient":""},"mobile":{"background-color":"","background-image":"","background-repeat":"repeat","background-position":"center center","background-size":"auto","background-attachment":"scroll","background-type":"","background-media":"","overlay-type":"","overlay-color":"","overlay-opacity":"","overlay-gradient":""}},"ast-content-background-meta":{"desktop":{"background-color":"var(--ast-global-color-4)","background-image":"","background-repeat":"repeat","background-position":"center center","background-size":"auto","background-attachment":"scroll","background-type":"","background-media":"","overlay-type":"","overlay-color":"","overlay-opacity":"","overlay-gradient":""},"tablet":{"background-color":"var(--ast-global-color-4)","background-image":"","background-repeat":"repeat","background-position":"center center","background-size":"auto","background-attachment":"scroll","background-type":"","background-media":"","overlay-type":"","overlay-color":"","overlay-opacity":"","overlay-gradient":""},"mobile":{"background-color":"var(--ast-global-color-4)","background-image":"","background-repeat":"repeat","background-position":"center center","background-size":"auto","background-attachment":"scroll","background-type":"","background-media":"","overlay-type":"","overlay-color":"","overlay-opacity":"","overlay-gradient":""}}},"product_brand":[],"product_cat":[168],"product_tag":[],"class_list":{"0":"post-18974","1":"product","2":"type-product","3":"status-publish","4":"has-post-thumbnail","6":"product_cat-hushallsartiklar","7":"pa_51563_3hei2pwj-1-st","8":"pa_51563_3hei2pwj-2-st","9":"pa_51563_3hei2pwj-4-st","10":"pa_51563_rqpiad9o-beige","11":"pa_51563_rqpiad9o-gron","12":"pa_51563_rqpiad9o-gul","13":"pa_51563_rqpiad9o-ljusgron","14":"desktop-align-left","15":"tablet-align-left","16":"mobile-align-left","18":"first","19":"instock","20":"shipping-taxable","21":"purchasable","22":"product-type-variable","23":"has-default-attributes"},"yoast_head":"<!-- This site is optimized with the Yoast SEO plugin v26.6 - https:\/\/yoast.com\/wordpress\/plugins\/seo\/ -->\n<title>Sk\u00f6ldpaddsunderl\u00e4gg - Mekulo SE<\/title>\n<meta name=\"robots\" content=\"index, follow, max-snippet:-1, max-image-preview:large, max-video-preview:-1\" \/>\n<link rel=\"canonical\" href=\"https:\/\/mekulo.com\/se\/produkt\/skoldpaddsunderlagg\/\" \/>\n<meta property=\"og:locale\" content=\"sv_SE\" \/>\n<meta property=\"og:type\" content=\"article\" \/>\n<meta property=\"og:title\" content=\"Sk\u00f6ldpaddsunderl\u00e4gg - Mekulo SE\" \/>\n<meta property=\"og:description\" content=\"\ud83d\udc22Detta sk\u00f6ldpaddsunderl\u00e4gg \u00e4r en lekfull dryckesh\u00e5llare som reagerar n\u00e4r du placerar din kopp p\u00e5 den. \ud83d\udc40N\u00e4r din mugg vilar p\u00e5 sk\u00f6ldpaddans skal str\u00e4cker benen ut sig, \u00f6gonen dyker upp och munnen \u00f6ppnas, vilket g\u00f6r varje kaffepaus till en stund av skratt samtidigt som dina ytor \u00e4r s\u00e4kra. \ud83c\udfe0Det blir omedelbart en rolig samtalsstartare hemma eller p\u00e5 kontoret.\" \/>\n<meta property=\"og:url\" content=\"https:\/\/mekulo.com\/se\/produkt\/skoldpaddsunderlagg\/\" \/>\n<meta property=\"og:site_name\" content=\"Mekulo SE\" \/>\n<meta property=\"article:modified_time\" content=\"2026-01-27T09:34:05+00:00\" \/>\n<meta property=\"og:image\" content=\"https:\/\/mekulo.com\/se\/wp-content\/uploads\/sites\/11\/2026\/01\/82vyi2k-1.jpeg\" \/>\n\t<meta property=\"og:image:width\" content=\"800\" \/>\n\t<meta property=\"og:image:height\" content=\"800\" \/>\n\t<meta property=\"og:image:type\" content=\"image\/jpeg\" \/>\n<meta name=\"twitter:card\" content=\"summary_large_image\" \/>\n<meta name=\"twitter:label1\" content=\"Ber\u00e4knad l\u00e4stid\" \/>\n\t<meta name=\"twitter:data1\" content=\"2 minuter\" \/>\n<script type=\"application\/ld+json\" class=\"yoast-schema-graph\">{\"@context\":\"https:\/\/schema.org\",\"@graph\":[{\"@type\":\"WebPage\",\"@id\":\"https:\/\/mekulo.com\/se\/produkt\/skoldpaddsunderlagg\/\",\"url\":\"https:\/\/mekulo.com\/se\/produkt\/skoldpaddsunderlagg\/\",\"name\":\"Sk\u00f6ldpaddsunderl\u00e4gg - Mekulo SE\",\"isPartOf\":{\"@id\":\"https:\/\/mekulo.com\/se\/#website\"},\"primaryImageOfPage\":{\"@id\":\"https:\/\/mekulo.com\/se\/produkt\/skoldpaddsunderlagg\/#primaryimage\"},\"image\":{\"@id\":\"https:\/\/mekulo.com\/se\/produkt\/skoldpaddsunderlagg\/#primaryimage\"},\"thumbnailUrl\":\"https:\/\/mekulo.com\/se\/wp-content\/uploads\/sites\/11\/2026\/01\/82vyi2k-1.jpeg\",\"datePublished\":\"2026-01-22T15:36:32+00:00\",\"dateModified\":\"2026-01-27T09:34:05+00:00\",\"breadcrumb\":{\"@id\":\"https:\/\/mekulo.com\/se\/produkt\/skoldpaddsunderlagg\/#breadcrumb\"},\"inLanguage\":\"sv-SE\",\"potentialAction\":[{\"@type\":\"ReadAction\",\"target\":[\"https:\/\/mekulo.com\/se\/produkt\/skoldpaddsunderlagg\/\"]}]},{\"@type\":\"ImageObject\",\"inLanguage\":\"sv-SE\",\"@id\":\"https:\/\/mekulo.com\/se\/produkt\/skoldpaddsunderlagg\/#primaryimage\",\"url\":\"https:\/\/mekulo.com\/se\/wp-content\/uploads\/sites\/11\/2026\/01\/82vyi2k-1.jpeg\",\"contentUrl\":\"https:\/\/mekulo.com\/se\/wp-content\/uploads\/sites\/11\/2026\/01\/82vyi2k-1.jpeg\",\"width\":800,\"height\":800},{\"@type\":\"BreadcrumbList\",\"@id\":\"https:\/\/mekulo.com\/se\/produkt\/skoldpaddsunderlagg\/#breadcrumb\",\"itemListElement\":[{\"@type\":\"ListItem\",\"position\":1,\"name\":\"Home\",\"item\":\"https:\/\/mekulo.com\/se\/\"},{\"@type\":\"ListItem\",\"position\":2,\"name\":\"Butik\",\"item\":\"https:\/\/mekulo.com\/se\/butik\/\"},{\"@type\":\"ListItem\",\"position\":3,\"name\":\"Sk\u00f6ldpaddsunderl\u00e4gg\"}]},{\"@type\":\"WebSite\",\"@id\":\"https:\/\/mekulo.com\/se\/#website\",\"url\":\"https:\/\/mekulo.com\/se\/\",\"name\":\"Mekulo SE\",\"description\":\"\",\"publisher\":{\"@id\":\"https:\/\/mekulo.com\/se\/#organization\"},\"potentialAction\":[{\"@type\":\"SearchAction\",\"target\":{\"@type\":\"EntryPoint\",\"urlTemplate\":\"https:\/\/mekulo.com\/se\/?s={search_term_string}\"},\"query-input\":{\"@type\":\"PropertyValueSpecification\",\"valueRequired\":true,\"valueName\":\"search_term_string\"}}],\"inLanguage\":\"sv-SE\"},{\"@type\":\"Organization\",\"@id\":\"https:\/\/mekulo.com\/se\/#organization\",\"name\":\"Mekulo\",\"url\":\"https:\/\/mekulo.com\/se\/\",\"logo\":{\"@type\":\"ImageObject\",\"inLanguage\":\"sv-SE\",\"@id\":\"https:\/\/mekulo.com\/se\/#\/schema\/logo\/image\/\",\"url\":\"https:\/\/mekulo.com\/se\/wp-content\/uploads\/sites\/11\/2025\/12\/favicon_mekulo.png\",\"contentUrl\":\"https:\/\/mekulo.com\/se\/wp-content\/uploads\/sites\/11\/2025\/12\/favicon_mekulo.png\",\"width\":50,\"height\":50,\"caption\":\"Mekulo\"},\"image\":{\"@id\":\"https:\/\/mekulo.com\/se\/#\/schema\/logo\/image\/\"}}]}<\/script>\n<!-- \/ Yoast SEO plugin. -->","yoast_head_json":{"title":"Sk\u00f6ldpaddsunderl\u00e4gg - Mekulo SE","robots":{"index":"index","follow":"follow","max-snippet":"max-snippet:-1","max-image-preview":"max-image-preview:large","max-video-preview":"max-video-preview:-1"},"canonical":"https:\/\/mekulo.com\/se\/produkt\/skoldpaddsunderlagg\/","og_locale":"sv_SE","og_type":"article","og_title":"Sk\u00f6ldpaddsunderl\u00e4gg - Mekulo SE","og_description":"\ud83d\udc22Detta sk\u00f6ldpaddsunderl\u00e4gg \u00e4r en lekfull dryckesh\u00e5llare som reagerar n\u00e4r du placerar din kopp p\u00e5 den. \ud83d\udc40N\u00e4r din mugg vilar p\u00e5 sk\u00f6ldpaddans skal str\u00e4cker benen ut sig, \u00f6gonen dyker upp och munnen \u00f6ppnas, vilket g\u00f6r varje kaffepaus till en stund av skratt samtidigt som dina ytor \u00e4r s\u00e4kra. \ud83c\udfe0Det blir omedelbart en rolig samtalsstartare hemma eller p\u00e5 kontoret.","og_url":"https:\/\/mekulo.com\/se\/produkt\/skoldpaddsunderlagg\/","og_site_name":"Mekulo SE","article_modified_time":"2026-01-27T09:34:05+00:00","og_image":[{"width":800,"height":800,"url":"https:\/\/mekulo.com\/se\/wp-content\/uploads\/sites\/11\/2026\/01\/82vyi2k-1.jpeg","type":"image\/jpeg"}],"twitter_card":"summary_large_image","twitter_misc":{"Ber\u00e4knad l\u00e4stid":"2 minuter"},"schema":{"@context":"https:\/\/schema.org","@graph":[{"@type":"WebPage","@id":"https:\/\/mekulo.com\/se\/produkt\/skoldpaddsunderlagg\/","url":"https:\/\/mekulo.com\/se\/produkt\/skoldpaddsunderlagg\/","name":"Sk\u00f6ldpaddsunderl\u00e4gg - Mekulo SE","isPartOf":{"@id":"https:\/\/mekulo.com\/se\/#website"},"primaryImageOfPage":{"@id":"https:\/\/mekulo.com\/se\/produkt\/skoldpaddsunderlagg\/#primaryimage"},"image":{"@id":"https:\/\/mekulo.com\/se\/produkt\/skoldpaddsunderlagg\/#primaryimage"},"thumbnailUrl":"https:\/\/mekulo.com\/se\/wp-content\/uploads\/sites\/11\/2026\/01\/82vyi2k-1.jpeg","datePublished":"2026-01-22T15:36:32+00:00","dateModified":"2026-01-27T09:34:05+00:00","breadcrumb":{"@id":"https:\/\/mekulo.com\/se\/produkt\/skoldpaddsunderlagg\/#breadcrumb"},"inLanguage":"sv-SE","potentialAction":[{"@type":"ReadAction","target":["https:\/\/mekulo.com\/se\/produkt\/skoldpaddsunderlagg\/"]}]},{"@type":"ImageObject","inLanguage":"sv-SE","@id":"https:\/\/mekulo.com\/se\/produkt\/skoldpaddsunderlagg\/#primaryimage","url":"https:\/\/mekulo.com\/se\/wp-content\/uploads\/sites\/11\/2026\/01\/82vyi2k-1.jpeg","contentUrl":"https:\/\/mekulo.com\/se\/wp-content\/uploads\/sites\/11\/2026\/01\/82vyi2k-1.jpeg","width":800,"height":800},{"@type":"BreadcrumbList","@id":"https:\/\/mekulo.com\/se\/produkt\/skoldpaddsunderlagg\/#breadcrumb","itemListElement":[{"@type":"ListItem","position":1,"name":"Home","item":"https:\/\/mekulo.com\/se\/"},{"@type":"ListItem","position":2,"name":"Butik","item":"https:\/\/mekulo.com\/se\/butik\/"},{"@type":"ListItem","position":3,"name":"Sk\u00f6ldpaddsunderl\u00e4gg"}]},{"@type":"WebSite","@id":"https:\/\/mekulo.com\/se\/#website","url":"https:\/\/mekulo.com\/se\/","name":"Mekulo SE","description":"","publisher":{"@id":"https:\/\/mekulo.com\/se\/#organization"},"potentialAction":[{"@type":"SearchAction","target":{"@type":"EntryPoint","urlTemplate":"https:\/\/mekulo.com\/se\/?s={search_term_string}"},"query-input":{"@type":"PropertyValueSpecification","valueRequired":true,"valueName":"search_term_string"}}],"inLanguage":"sv-SE"},{"@type":"Organization","@id":"https:\/\/mekulo.com\/se\/#organization","name":"Mekulo","url":"https:\/\/mekulo.com\/se\/","logo":{"@type":"ImageObject","inLanguage":"sv-SE","@id":"https:\/\/mekulo.com\/se\/#\/schema\/logo\/image\/","url":"https:\/\/mekulo.com\/se\/wp-content\/uploads\/sites\/11\/2025\/12\/favicon_mekulo.png","contentUrl":"https:\/\/mekulo.com\/se\/wp-content\/uploads\/sites\/11\/2025\/12\/favicon_mekulo.png","width":50,"height":50,"caption":"Mekulo"},"image":{"@id":"https:\/\/mekulo.com\/se\/#\/schema\/logo\/image\/"}}]}},"_links":{"self":[{"href":"https:\/\/mekulo.com\/se\/wp-json\/wp\/v2\/product\/18974","targetHints":{"allow":["GET"]}}],"collection":[{"href":"https:\/\/mekulo.com\/se\/wp-json\/wp\/v2\/product"}],"about":[{"href":"https:\/\/mekulo.com\/se\/wp-json\/wp\/v2\/types\/product"}],"replies":[{"embeddable":true,"href":"https:\/\/mekulo.com\/se\/wp-json\/wp\/v2\/comments?post=18974"}],"wp:featuredmedia":[{"embeddable":true,"href":"https:\/\/mekulo.com\/se\/wp-json\/wp\/v2\/media\/18970"}],"wp:attachment":[{"href":"https:\/\/mekulo.com\/se\/wp-json\/wp\/v2\/media?parent=18974"}],"wp:term":[{"taxonomy":"product_brand","embeddable":true,"href":"https:\/\/mekulo.com\/se\/wp-json\/wp\/v2\/product_brand?post=18974"},{"taxonomy":"product_cat","embeddable":true,"href":"https:\/\/mekulo.com\/se\/wp-json\/wp\/v2\/product_cat?post=18974"},{"taxonomy":"product_tag","embeddable":true,"href":"https:\/\/mekulo.com\/se\/wp-json\/wp\/v2\/product_tag?post=18974"}],"curies":[{"name":"wp","href":"https:\/\/api.w.org\/{rel}","templated":true}]}}