{"id":18896,"date":"2026-01-22T17:29:21","date_gmt":"2026-01-22T15:29:21","guid":{"rendered":"https:\/\/mekulo.com\/se\/produkt\/barbar-bluetooth-hogtalare\/"},"modified":"2026-01-27T11:21:43","modified_gmt":"2026-01-27T09:21:43","slug":"barbar-bluetooth-hogtalare","status":"publish","type":"product","link":"https:\/\/mekulo.com\/se\/produkt\/barbar-bluetooth-hogtalare\/","title":{"rendered":"B\u00e4rbar bluetooth-h\u00f6gtalare"},"content":{"rendered":"<div class=\"flex max-w-full flex-col grow\">\n<div class=\"min-h-8 text-message relative flex w-full flex-col items-end gap-2 text-start break-words whitespace-normal [.text-message+&amp;]:mt-1\" dir=\"auto\" data-message-author-role=\"assistant\" data-message-id=\"321509f4-bbdc-4a1d-9bcd-bf643fbce2b6\" data-message-model-slug=\"gpt-5-2\">\n<div class=\"flex w-full flex-col gap-1 empty:hidden first:pt-[1px]\">\n<div class=\"markdown prose dark:prose-invert w-full break-words light markdown-new-styling\">\n<p style=\"text-align: center;\" data-start=\"0\" data-end=\"82\"><strong data-start=\"0\" data-end=\"82\">Njut Av Klart Ljud \u00d6verallt Med En L\u00e4ttviktsh\u00f6gtalare Som Du Kan B\u00e4ra Eller F\u00e4sta P\u00e5 Dig. \ud83d\udd0a<\/strong><\/p>\n<p data-start=\"0\" data-end=\"82\"><img fetchpriority=\"high\" decoding=\"async\" class=\"size-full wp-image-21618 aligncenter\" src=\"https:\/\/mekulo.com\/template\/wp-content\/uploads\/sites\/6\/2026\/01\/S6be57f6491a74c97936f86bf5492debb0.jpg\" alt=\"\" width=\"1080\" height=\"1080\" \/><\/p>\n<h2 style=\"text-align: center;\" data-start=\"351\" data-end=\"371\">Huvudf\u00f6rdelar \ud83d\udd0a<\/h2>\n<p data-start=\"374\" data-end=\"438\">\ud83e\uddf2 Flera b\u00e4ralternativ &#8211; Kl\u00e4mma, magnet eller nyckelband.<\/p>\n<p data-start=\"441\" data-end=\"495\">\ud83c\udf92 L\u00e4tt &amp; kompakt &#8211; L\u00e4tt att b\u00e4ra hela dagen.<\/p>\n<p data-start=\"498\" data-end=\"567\">\ud83c\udfb6 Klart och balanserat ljud &#8211; Bekv\u00e4mt ljud utan tr\u00f6tthet.<\/p>\n<p data-start=\"570\" data-end=\"627\">\ud83d\udcde Handsfree-samtal &#8211; Inbyggt mikrofonst\u00f6d.<\/p>\n<p data-start=\"630\" data-end=\"684\">\ud83d\udcbe TF-kortuppspelning &#8211; Spela musik utan telefon.<\/p>\n<p data-start=\"687\" data-end=\"743\">\ud83d\udcaa H\u00e5llbar &amp; droppt\u00e5lig &#8211; Byggd f\u00f6r aktiv anv\u00e4ndning.<\/p>\n<p data-start=\"687\" data-end=\"743\">\ud83c\udf27\ufe0f IP56 vattent\u00e4t &amp; dammt\u00e4t &#8211; Redo f\u00f6r utomhusf\u00f6rh\u00e5llanden.<\/p>\n<p data-start=\"687\" data-end=\"743\"><img decoding=\"async\" class=\"size-full wp-image-21617 aligncenter\" src=\"https:\/\/mekulo.com\/template\/wp-content\/uploads\/sites\/6\/2026\/01\/591c10105969ca88c1469652736d691ddb7a071e.jpg\" alt=\"\" width=\"1080\" height=\"1080\" \/><\/p>\n<h2 style=\"text-align: center;\" data-start=\"821\" data-end=\"835\">Hur man anv\u00e4nder \ud83d\udccc<\/h2>\n<ol data-start=\"836\" data-end=\"1113\">\n<li data-start=\"836\" data-end=\"862\">\n<p data-start=\"839\" data-end=\"862\">Sl\u00e5 p\u00e5 h\u00f6gtalaren.<\/p>\n<\/li>\n<li data-start=\"863\" data-end=\"905\">\n<p data-start=\"866\" data-end=\"905\">Anslut till din enhet via Bluetooth.<\/p>\n<\/li>\n<li data-start=\"906\" data-end=\"962\">\n<p data-start=\"909\" data-end=\"962\">Kl\u00e4m fast, h\u00e4ng eller f\u00e4st den magnetiskt d\u00e4r det beh\u00f6vs.<\/p>\n<\/li>\n<li data-start=\"963\" data-end=\"1006\">\n<p data-start=\"966\" data-end=\"1006\">Anv\u00e4nd knappar f\u00f6r att styra musik eller samtal.<\/p>\n<\/li>\n<li data-start=\"1007\" data-end=\"1063\">\n<p data-start=\"1010\" data-end=\"1063\">S\u00e4tt i ett TF-kort f\u00f6r att spela musik direkt om s\u00e5 \u00f6nskas.<\/p>\n<\/li>\n<li data-start=\"1064\" data-end=\"1113\">\n<p data-start=\"1067\" data-end=\"1113\">Ladda med Type-C-kabeln vid behov.<\/p>\n<\/li>\n<\/ol>\n<h2 style=\"text-align: center;\" data-start=\"1120\" data-end=\"1139\">Produktdetaljer \ud83d\udccf<\/h2>\n<ul data-start=\"1140\" data-end=\"1527\">\n<li data-start=\"1185\" data-end=\"1211\">\n<p data-start=\"1187\" data-end=\"1211\">Bluetooth-version: 5.3<\/p>\n<\/li>\n<li data-start=\"1212\" data-end=\"1242\">\n<p data-start=\"1214\" data-end=\"1242\">Tr\u00e5dl\u00f6s r\u00e4ckvidd: Upp till 10 m<\/p>\n<\/li>\n<li data-start=\"1243\" data-end=\"1264\">\n<p data-start=\"1245\" data-end=\"1264\">H\u00f6gtalare: 40mm, 3W<\/p>\n<\/li>\n<li data-start=\"1265\" data-end=\"1297\">\n<p data-start=\"1267\" data-end=\"1297\">Signal-brusf\u00f6rh\u00e5llande: 95 dB<\/p>\n<\/li>\n<li data-start=\"1298\" data-end=\"1332\">\n<p data-start=\"1300\" data-end=\"1332\">Material: ABS + gummibel\u00e4ggning<\/p>\n<\/li>\n<li data-start=\"1333\" data-end=\"1370\">\n<p data-start=\"1335\" data-end=\"1370\">Batteri: 3,7V 900mAh uppladdningsbart<\/p>\n<\/li>\n<li data-start=\"1371\" data-end=\"1396\">\n<p data-start=\"1373\" data-end=\"1396\">Laddningsport: Typ-C<\/p>\n<\/li>\n<li data-start=\"1397\" data-end=\"1427\">\n<p data-start=\"1399\" data-end=\"1427\">Laddningstid: 1,5-2 timmar<\/p>\n<\/li>\n<li data-start=\"1428\" data-end=\"1455\">\n<p data-start=\"1430\" data-end=\"1455\">Vattens\u00e4ker klassning: IP56<\/p>\n<\/li>\n<li data-start=\"1456\" data-end=\"1505\">\n<p data-start=\"1458\" data-end=\"1505\">Storlek: 78 x 52 x 39 mm<\/p>\n<\/li>\n<\/ul>\n<h2 style=\"text-align: center;\" data-start=\"1534\" data-end=\"1554\">Paketet inneh\u00e5ller \ud83d\udce6<\/h2>\n<ul data-start=\"1555\" data-end=\"1662\" data-is-last-node=\"\" data-is-only-node=\"\">\n<li data-start=\"1555\" data-end=\"1592\">\n<p data-start=\"1557\" data-end=\"1592\">1x b\u00e4rbar bluetooth-h\u00f6gtalare<\/p>\n<\/li>\n<li data-start=\"1593\" data-end=\"1634\">\n<p data-start=\"1595\" data-end=\"1634\">1x USB-A till Typ-C laddningskabel<\/p>\n<\/li>\n<li data-start=\"1635\" data-end=\"1662\" data-is-last-node=\"\">\n<p data-start=\"1637\" data-end=\"1662\" data-is-last-node=\"\">1x bruksanvisning.<\/p>\n<\/li>\n<\/ul>\n<\/div>\n<\/div>\n<\/div>\n<\/div>\n","protected":false},"excerpt":{"rendered":"<p>\ud83d\udd09Med den h\u00e4r b\u00e4rbara Bluetooth-h\u00f6gtalaren kan du lyssna p\u00e5 musik och ta emot samtal samtidigt som du \u00e4r handsfree och medveten om din omgivning.<br \/>\n\ud83d\udd0cDen kompakta clip-on-designen g\u00f6r den perfekt f\u00f6r arbete, utomhusaktiviteter, resor eller vardagsbruk utan att b\u00e4ra en skrymmande h\u00f6gtalare.<br \/>\n\ud83d\udc56Du kan f\u00e4sta den p\u00e5 dina kl\u00e4der eller utrustning och njuta av ljudet vart du \u00e4n g\u00e5r.<\/p>\n","protected":false},"featured_media":18892,"comment_status":"open","ping_status":"closed","template":"","meta":{"site-sidebar-layout":"default","site-content-layout":"","ast-site-content-layout":"default","site-content-style":"default","site-sidebar-style":"default","ast-global-header-display":"","ast-banner-title-visibility":"","ast-main-header-display":"","ast-hfb-above-header-display":"","ast-hfb-below-header-display":"","ast-hfb-mobile-header-display":"","site-post-title":"","ast-breadcrumbs-content":"","ast-featured-img":"","footer-sml-layout":"","theme-transparent-header-meta":"default","adv-header-id-meta":"","stick-header-meta":"","header-above-stick-meta":"","header-main-stick-meta":"","header-below-stick-meta":"","astra-migrate-meta-layouts":"set","ast-page-background-enabled":"default","ast-page-background-meta":{"desktop":{"background-color":"var(--ast-global-color-5)","background-image":"","background-repeat":"repeat","background-position":"center center","background-size":"auto","background-attachment":"scroll","background-type":"","background-media":"","overlay-type":"","overlay-color":"","overlay-opacity":"","overlay-gradient":""},"tablet":{"background-color":"","background-image":"","background-repeat":"repeat","background-position":"center center","background-size":"auto","background-attachment":"scroll","background-type":"","background-media":"","overlay-type":"","overlay-color":"","overlay-opacity":"","overlay-gradient":""},"mobile":{"background-color":"","background-image":"","background-repeat":"repeat","background-position":"center center","background-size":"auto","background-attachment":"scroll","background-type":"","background-media":"","overlay-type":"","overlay-color":"","overlay-opacity":"","overlay-gradient":""}},"ast-content-background-meta":{"desktop":{"background-color":"var(--ast-global-color-4)","background-image":"","background-repeat":"repeat","background-position":"center center","background-size":"auto","background-attachment":"scroll","background-type":"","background-media":"","overlay-type":"","overlay-color":"","overlay-opacity":"","overlay-gradient":""},"tablet":{"background-color":"var(--ast-global-color-4)","background-image":"","background-repeat":"repeat","background-position":"center center","background-size":"auto","background-attachment":"scroll","background-type":"","background-media":"","overlay-type":"","overlay-color":"","overlay-opacity":"","overlay-gradient":""},"mobile":{"background-color":"var(--ast-global-color-4)","background-image":"","background-repeat":"repeat","background-position":"center center","background-size":"auto","background-attachment":"scroll","background-type":"","background-media":"","overlay-type":"","overlay-color":"","overlay-opacity":"","overlay-gradient":""}}},"product_brand":[],"product_cat":[173],"product_tag":[],"class_list":{"0":"post-18896","1":"product","2":"type-product","3":"status-publish","4":"has-post-thumbnail","6":"product_cat-elektronik","7":"desktop-align-left","8":"tablet-align-left","9":"mobile-align-left","11":"first","12":"instock","13":"shipping-taxable","14":"purchasable","15":"product-type-simple"},"yoast_head":"<!-- This site is optimized with the Yoast SEO plugin v26.6 - https:\/\/yoast.com\/wordpress\/plugins\/seo\/ -->\n<title>B\u00e4rbar bluetooth-h\u00f6gtalare - Mekulo SE<\/title>\n<meta name=\"robots\" content=\"index, follow, max-snippet:-1, max-image-preview:large, max-video-preview:-1\" \/>\n<link rel=\"canonical\" href=\"https:\/\/mekulo.com\/se\/produkt\/barbar-bluetooth-hogtalare\/\" \/>\n<meta property=\"og:locale\" content=\"sv_SE\" \/>\n<meta property=\"og:type\" content=\"article\" \/>\n<meta property=\"og:title\" content=\"B\u00e4rbar bluetooth-h\u00f6gtalare - Mekulo SE\" \/>\n<meta property=\"og:description\" content=\"\ud83d\udd09Med den h\u00e4r b\u00e4rbara Bluetooth-h\u00f6gtalaren kan du lyssna p\u00e5 musik och ta emot samtal samtidigt som du \u00e4r handsfree och medveten om din omgivning. \ud83d\udd0cDen kompakta clip-on-designen g\u00f6r den perfekt f\u00f6r arbete, utomhusaktiviteter, resor eller vardagsbruk utan att b\u00e4ra en skrymmande h\u00f6gtalare. \ud83d\udc56Du kan f\u00e4sta den p\u00e5 dina kl\u00e4der eller utrustning och njuta av ljudet vart du \u00e4n g\u00e5r.\" \/>\n<meta property=\"og:url\" content=\"https:\/\/mekulo.com\/se\/produkt\/barbar-bluetooth-hogtalare\/\" \/>\n<meta property=\"og:site_name\" content=\"Mekulo SE\" \/>\n<meta property=\"article:modified_time\" content=\"2026-01-27T09:21:43+00:00\" \/>\n<meta property=\"og:image\" content=\"https:\/\/mekulo.com\/se\/wp-content\/uploads\/sites\/11\/2026\/01\/z71je07-1.jpg\" \/>\n\t<meta property=\"og:image:width\" content=\"1080\" \/>\n\t<meta property=\"og:image:height\" content=\"1080\" \/>\n\t<meta property=\"og:image:type\" content=\"image\/jpeg\" \/>\n<meta name=\"twitter:card\" content=\"summary_large_image\" \/>\n<meta name=\"twitter:label1\" content=\"Ber\u00e4knad l\u00e4stid\" \/>\n\t<meta name=\"twitter:data1\" content=\"2 minuter\" \/>\n<script type=\"application\/ld+json\" class=\"yoast-schema-graph\">{\"@context\":\"https:\/\/schema.org\",\"@graph\":[{\"@type\":\"WebPage\",\"@id\":\"https:\/\/mekulo.com\/se\/produkt\/barbar-bluetooth-hogtalare\/\",\"url\":\"https:\/\/mekulo.com\/se\/produkt\/barbar-bluetooth-hogtalare\/\",\"name\":\"B\u00e4rbar bluetooth-h\u00f6gtalare - Mekulo SE\",\"isPartOf\":{\"@id\":\"https:\/\/mekulo.com\/se\/#website\"},\"primaryImageOfPage\":{\"@id\":\"https:\/\/mekulo.com\/se\/produkt\/barbar-bluetooth-hogtalare\/#primaryimage\"},\"image\":{\"@id\":\"https:\/\/mekulo.com\/se\/produkt\/barbar-bluetooth-hogtalare\/#primaryimage\"},\"thumbnailUrl\":\"https:\/\/mekulo.com\/se\/wp-content\/uploads\/sites\/11\/2026\/01\/z71je07-1.jpg\",\"datePublished\":\"2026-01-22T15:29:21+00:00\",\"dateModified\":\"2026-01-27T09:21:43+00:00\",\"breadcrumb\":{\"@id\":\"https:\/\/mekulo.com\/se\/produkt\/barbar-bluetooth-hogtalare\/#breadcrumb\"},\"inLanguage\":\"sv-SE\",\"potentialAction\":[{\"@type\":\"ReadAction\",\"target\":[\"https:\/\/mekulo.com\/se\/produkt\/barbar-bluetooth-hogtalare\/\"]}]},{\"@type\":\"ImageObject\",\"inLanguage\":\"sv-SE\",\"@id\":\"https:\/\/mekulo.com\/se\/produkt\/barbar-bluetooth-hogtalare\/#primaryimage\",\"url\":\"https:\/\/mekulo.com\/se\/wp-content\/uploads\/sites\/11\/2026\/01\/z71je07-1.jpg\",\"contentUrl\":\"https:\/\/mekulo.com\/se\/wp-content\/uploads\/sites\/11\/2026\/01\/z71je07-1.jpg\",\"width\":1080,\"height\":1080},{\"@type\":\"BreadcrumbList\",\"@id\":\"https:\/\/mekulo.com\/se\/produkt\/barbar-bluetooth-hogtalare\/#breadcrumb\",\"itemListElement\":[{\"@type\":\"ListItem\",\"position\":1,\"name\":\"Home\",\"item\":\"https:\/\/mekulo.com\/se\/\"},{\"@type\":\"ListItem\",\"position\":2,\"name\":\"Butik\",\"item\":\"https:\/\/mekulo.com\/se\/butik\/\"},{\"@type\":\"ListItem\",\"position\":3,\"name\":\"B\u00e4rbar bluetooth-h\u00f6gtalare\"}]},{\"@type\":\"WebSite\",\"@id\":\"https:\/\/mekulo.com\/se\/#website\",\"url\":\"https:\/\/mekulo.com\/se\/\",\"name\":\"Mekulo SE\",\"description\":\"\",\"publisher\":{\"@id\":\"https:\/\/mekulo.com\/se\/#organization\"},\"potentialAction\":[{\"@type\":\"SearchAction\",\"target\":{\"@type\":\"EntryPoint\",\"urlTemplate\":\"https:\/\/mekulo.com\/se\/?s={search_term_string}\"},\"query-input\":{\"@type\":\"PropertyValueSpecification\",\"valueRequired\":true,\"valueName\":\"search_term_string\"}}],\"inLanguage\":\"sv-SE\"},{\"@type\":\"Organization\",\"@id\":\"https:\/\/mekulo.com\/se\/#organization\",\"name\":\"Mekulo\",\"url\":\"https:\/\/mekulo.com\/se\/\",\"logo\":{\"@type\":\"ImageObject\",\"inLanguage\":\"sv-SE\",\"@id\":\"https:\/\/mekulo.com\/se\/#\/schema\/logo\/image\/\",\"url\":\"https:\/\/mekulo.com\/se\/wp-content\/uploads\/sites\/11\/2025\/12\/favicon_mekulo.png\",\"contentUrl\":\"https:\/\/mekulo.com\/se\/wp-content\/uploads\/sites\/11\/2025\/12\/favicon_mekulo.png\",\"width\":50,\"height\":50,\"caption\":\"Mekulo\"},\"image\":{\"@id\":\"https:\/\/mekulo.com\/se\/#\/schema\/logo\/image\/\"}}]}<\/script>\n<!-- \/ Yoast SEO plugin. -->","yoast_head_json":{"title":"B\u00e4rbar bluetooth-h\u00f6gtalare - Mekulo SE","robots":{"index":"index","follow":"follow","max-snippet":"max-snippet:-1","max-image-preview":"max-image-preview:large","max-video-preview":"max-video-preview:-1"},"canonical":"https:\/\/mekulo.com\/se\/produkt\/barbar-bluetooth-hogtalare\/","og_locale":"sv_SE","og_type":"article","og_title":"B\u00e4rbar bluetooth-h\u00f6gtalare - Mekulo SE","og_description":"\ud83d\udd09Med den h\u00e4r b\u00e4rbara Bluetooth-h\u00f6gtalaren kan du lyssna p\u00e5 musik och ta emot samtal samtidigt som du \u00e4r handsfree och medveten om din omgivning. \ud83d\udd0cDen kompakta clip-on-designen g\u00f6r den perfekt f\u00f6r arbete, utomhusaktiviteter, resor eller vardagsbruk utan att b\u00e4ra en skrymmande h\u00f6gtalare. \ud83d\udc56Du kan f\u00e4sta den p\u00e5 dina kl\u00e4der eller utrustning och njuta av ljudet vart du \u00e4n g\u00e5r.","og_url":"https:\/\/mekulo.com\/se\/produkt\/barbar-bluetooth-hogtalare\/","og_site_name":"Mekulo SE","article_modified_time":"2026-01-27T09:21:43+00:00","og_image":[{"width":1080,"height":1080,"url":"https:\/\/mekulo.com\/se\/wp-content\/uploads\/sites\/11\/2026\/01\/z71je07-1.jpg","type":"image\/jpeg"}],"twitter_card":"summary_large_image","twitter_misc":{"Ber\u00e4knad l\u00e4stid":"2 minuter"},"schema":{"@context":"https:\/\/schema.org","@graph":[{"@type":"WebPage","@id":"https:\/\/mekulo.com\/se\/produkt\/barbar-bluetooth-hogtalare\/","url":"https:\/\/mekulo.com\/se\/produkt\/barbar-bluetooth-hogtalare\/","name":"B\u00e4rbar bluetooth-h\u00f6gtalare - Mekulo SE","isPartOf":{"@id":"https:\/\/mekulo.com\/se\/#website"},"primaryImageOfPage":{"@id":"https:\/\/mekulo.com\/se\/produkt\/barbar-bluetooth-hogtalare\/#primaryimage"},"image":{"@id":"https:\/\/mekulo.com\/se\/produkt\/barbar-bluetooth-hogtalare\/#primaryimage"},"thumbnailUrl":"https:\/\/mekulo.com\/se\/wp-content\/uploads\/sites\/11\/2026\/01\/z71je07-1.jpg","datePublished":"2026-01-22T15:29:21+00:00","dateModified":"2026-01-27T09:21:43+00:00","breadcrumb":{"@id":"https:\/\/mekulo.com\/se\/produkt\/barbar-bluetooth-hogtalare\/#breadcrumb"},"inLanguage":"sv-SE","potentialAction":[{"@type":"ReadAction","target":["https:\/\/mekulo.com\/se\/produkt\/barbar-bluetooth-hogtalare\/"]}]},{"@type":"ImageObject","inLanguage":"sv-SE","@id":"https:\/\/mekulo.com\/se\/produkt\/barbar-bluetooth-hogtalare\/#primaryimage","url":"https:\/\/mekulo.com\/se\/wp-content\/uploads\/sites\/11\/2026\/01\/z71je07-1.jpg","contentUrl":"https:\/\/mekulo.com\/se\/wp-content\/uploads\/sites\/11\/2026\/01\/z71je07-1.jpg","width":1080,"height":1080},{"@type":"BreadcrumbList","@id":"https:\/\/mekulo.com\/se\/produkt\/barbar-bluetooth-hogtalare\/#breadcrumb","itemListElement":[{"@type":"ListItem","position":1,"name":"Home","item":"https:\/\/mekulo.com\/se\/"},{"@type":"ListItem","position":2,"name":"Butik","item":"https:\/\/mekulo.com\/se\/butik\/"},{"@type":"ListItem","position":3,"name":"B\u00e4rbar bluetooth-h\u00f6gtalare"}]},{"@type":"WebSite","@id":"https:\/\/mekulo.com\/se\/#website","url":"https:\/\/mekulo.com\/se\/","name":"Mekulo SE","description":"","publisher":{"@id":"https:\/\/mekulo.com\/se\/#organization"},"potentialAction":[{"@type":"SearchAction","target":{"@type":"EntryPoint","urlTemplate":"https:\/\/mekulo.com\/se\/?s={search_term_string}"},"query-input":{"@type":"PropertyValueSpecification","valueRequired":true,"valueName":"search_term_string"}}],"inLanguage":"sv-SE"},{"@type":"Organization","@id":"https:\/\/mekulo.com\/se\/#organization","name":"Mekulo","url":"https:\/\/mekulo.com\/se\/","logo":{"@type":"ImageObject","inLanguage":"sv-SE","@id":"https:\/\/mekulo.com\/se\/#\/schema\/logo\/image\/","url":"https:\/\/mekulo.com\/se\/wp-content\/uploads\/sites\/11\/2025\/12\/favicon_mekulo.png","contentUrl":"https:\/\/mekulo.com\/se\/wp-content\/uploads\/sites\/11\/2025\/12\/favicon_mekulo.png","width":50,"height":50,"caption":"Mekulo"},"image":{"@id":"https:\/\/mekulo.com\/se\/#\/schema\/logo\/image\/"}}]}},"_links":{"self":[{"href":"https:\/\/mekulo.com\/se\/wp-json\/wp\/v2\/product\/18896","targetHints":{"allow":["GET"]}}],"collection":[{"href":"https:\/\/mekulo.com\/se\/wp-json\/wp\/v2\/product"}],"about":[{"href":"https:\/\/mekulo.com\/se\/wp-json\/wp\/v2\/types\/product"}],"replies":[{"embeddable":true,"href":"https:\/\/mekulo.com\/se\/wp-json\/wp\/v2\/comments?post=18896"}],"wp:featuredmedia":[{"embeddable":true,"href":"https:\/\/mekulo.com\/se\/wp-json\/wp\/v2\/media\/18892"}],"wp:attachment":[{"href":"https:\/\/mekulo.com\/se\/wp-json\/wp\/v2\/media?parent=18896"}],"wp:term":[{"taxonomy":"product_brand","embeddable":true,"href":"https:\/\/mekulo.com\/se\/wp-json\/wp\/v2\/product_brand?post=18896"},{"taxonomy":"product_cat","embeddable":true,"href":"https:\/\/mekulo.com\/se\/wp-json\/wp\/v2\/product_cat?post=18896"},{"taxonomy":"product_tag","embeddable":true,"href":"https:\/\/mekulo.com\/se\/wp-json\/wp\/v2\/product_tag?post=18896"}],"curies":[{"name":"wp","href":"https:\/\/api.w.org\/{rel}","templated":true}]}}