{"id":18866,"date":"2026-01-22T17:27:19","date_gmt":"2026-01-22T15:27:19","guid":{"rendered":"https:\/\/mekulo.com\/se\/produkt\/bekvamt-puffigt-magnetiskt-fodral-for-surfplattor\/"},"modified":"2026-02-03T17:13:44","modified_gmt":"2026-02-03T15:13:44","slug":"bekvamt-puffigt-magnetiskt-fodral-for-surfplattor","status":"publish","type":"product","link":"https:\/\/mekulo.com\/se\/produkt\/bekvamt-puffigt-magnetiskt-fodral-for-surfplattor\/","title":{"rendered":"Bekv\u00e4mt puffigt magnetiskt fodral f\u00f6r surfplattor"},"content":{"rendered":"<p style=\"text-align: center;\" data-start=\"0\" data-end=\"73\"><strong data-start=\"0\" data-end=\"73\">Skydda din surfplatta med mjuk stoppning och s\u00e4ker magnetisk st\u00e4ngning. \ud83d\udcbb<\/strong><\/p>\n<p data-start=\"0\" data-end=\"73\"><img fetchpriority=\"high\" decoding=\"async\" class=\"size-full wp-image-21590 aligncenter\" src=\"https:\/\/mekulo.com\/template\/wp-content\/uploads\/sites\/6\/2026\/01\/S998730da54b14f4881aed2e094e4ea6cz.jpg_960x960q75.jpg_.avif\" alt=\"\" width=\"960\" height=\"960\" \/><\/p>\n<h2 style=\"text-align: center;\" data-start=\"349\" data-end=\"369\">Huvudf\u00f6rdelar \ud83e\uddf2<\/h2>\n<p data-start=\"372\" data-end=\"441\">\ud83d\udd12 Magnetisk st\u00e4ngning &#8211; \u00d6ppnas enkelt och skyddar utan dragkedjor.<\/p>\n<p data-start=\"444\" data-end=\"515\">\ud83d\udca7 Vattent\u00e4t utsida &#8211; Skyddar din surfplatta fr\u00e5n regn och spill.<\/p>\n<p data-start=\"518\" data-end=\"577\">\u2601\ufe0f Mjukt fleecefoder &#8211; F\u00f6rhindrar repor och skador.<\/p>\n<p data-start=\"580\" data-end=\"640\">\ud83d\udcbc Puffigt skydd &#8211; D\u00e4mpar st\u00f6tar och fall.<\/p>\n<p data-start=\"643\" data-end=\"708\">\u270f\ufe0f Extra f\u00f6rvaringsutrymme &#8211; Rymmer penna, kablar och laddare.<\/p>\n<p data-start=\"711\" data-end=\"766\">\ud83c\udf92 L\u00e4tt &amp; snygg &#8211; L\u00e4tt att b\u00e4ra med sig.<\/p>\n<p data-start=\"711\" data-end=\"766\"><img decoding=\"async\" class=\"size-full wp-image-21587 aligncenter\" src=\"https:\/\/mekulo.com\/template\/wp-content\/uploads\/sites\/6\/2026\/01\/2818559d109e8ee7e0189a28df4d5e8fe187d5c6.jpg\" alt=\"\" width=\"1080\" height=\"1080\" \/><\/p>\n<h2 style=\"text-align: center;\" data-start=\"773\" data-end=\"787\">Hur man anv\u00e4nder \ud83d\udccc<\/h2>\n<ol data-start=\"788\" data-end=\"1024\">\n<li data-start=\"788\" data-end=\"827\">\n<p data-start=\"791\" data-end=\"827\">Slida in din surfplatta i fodralet.<\/p>\n<\/li>\n<li data-start=\"828\" data-end=\"882\">\n<p data-start=\"831\" data-end=\"882\">L\u00e4gg till tillbeh\u00f6r som en penna eller kabel om det beh\u00f6vs.<\/p>\n<\/li>\n<li data-start=\"883\" data-end=\"921\">\n<p data-start=\"886\" data-end=\"921\">St\u00e4ng den magnetiska fliken ordentligt.<\/p>\n<\/li>\n<li data-start=\"922\" data-end=\"976\">\n<p data-start=\"925\" data-end=\"976\">Placera fodralet i din v\u00e4ska eller b\u00e4r det i handen.<\/p>\n<\/li>\n<li data-start=\"977\" data-end=\"1024\">\n<p data-start=\"980\" data-end=\"1024\">\u00d6ppna enkelt n\u00e4r du beh\u00f6ver din enhet.<\/p>\n<\/li>\n<\/ol>\n<h2 style=\"text-align: center;\" data-start=\"1031\" data-end=\"1050\">Produktdetaljer \ud83d\udcd0<\/h2>\n<ul data-start=\"1051\" data-end=\"1264\">\n<li data-start=\"1108\" data-end=\"1134\">\n<p data-start=\"1110\" data-end=\"1134\">St\u00e4ngningstyp: Magnetisk<\/p>\n<\/li>\n<li data-start=\"1135\" data-end=\"1182\">\n<p data-start=\"1137\" data-end=\"1182\">Exteri\u00f6rt material: Vattent\u00e4t crinkle nylon<\/p>\n<\/li>\n<li data-start=\"1183\" data-end=\"1215\">\n<p data-start=\"1185\" data-end=\"1215\">Innerfoder: Mjuk fleece<\/p>\n<\/li>\n<li data-start=\"1216\" data-end=\"1264\">\n<p data-start=\"1218\" data-end=\"1264\">Anv\u00e4ndning: Skydd f\u00f6r surfplatta och f\u00f6rvaring av tillbeh\u00f6r<\/p>\n<\/li>\n<\/ul>\n<p data-start=\"1266\" data-end=\"1288\">Tillg\u00e4ngliga storlekar:<\/p>\n<ul data-start=\"1289\" data-end=\"1443\">\n<li data-start=\"1289\" data-end=\"1365\">\n<p data-start=\"1291\" data-end=\"1307\">13\/14 tum<\/p>\n<ul data-start=\"1310\" data-end=\"1365\">\n<li data-start=\"1310\" data-end=\"1338\">\n<p data-start=\"1312\" data-end=\"1338\">Externt: 35,5 x 26,5 cm<\/p>\n<\/li>\n<li data-start=\"1341\" data-end=\"1365\">\n<p data-start=\"1343\" data-end=\"1365\">Innerst: 33 x 23 cm<\/p>\n<\/li>\n<\/ul>\n<\/li>\n<li data-start=\"1367\" data-end=\"1443\">\n<p data-start=\"1369\" data-end=\"1387\">15\/15,6 tum<\/p>\n<ul data-start=\"1390\" data-end=\"1443\">\n<li data-start=\"1390\" data-end=\"1416\">\n<p data-start=\"1392\" data-end=\"1416\">Externt: 39 x 28,5 cm<\/p>\n<\/li>\n<li data-start=\"1419\" data-end=\"1443\">\n<p data-start=\"1421\" data-end=\"1443\">Innerst: 36 x 25 cm<\/p>\n<\/li>\n<\/ul>\n<\/li>\n<\/ul>\n<h2 style=\"text-align: center;\" data-start=\"1450\" data-end=\"1470\">Paketet inneh\u00e5ller \ud83d\udce6<\/h2>\n<ul data-start=\"1471\" data-end=\"1518\" data-is-last-node=\"\" data-is-only-node=\"\">\n<li data-start=\"1471\" data-end=\"1518\" data-is-last-node=\"\">\n<p data-start=\"1473\" data-end=\"1518\" data-is-last-node=\"\">1x bekv\u00e4mt puffigt magnetiskt fodral f\u00f6r surfplattor.<\/p>\n<\/li>\n<\/ul>\n","protected":false},"excerpt":{"rendered":"<p>\ud83d\udc5dDet h\u00e4r bekv\u00e4ma magnetiska fodralet f\u00f6r surfplattor h\u00e5ller din surfplatta s\u00e4ker fr\u00e5n repor, st\u00f6tar och spill.<br \/>\n\ud83d\udca6Det vattent\u00e4ta yttre lagret och det mjuka fleecefodret g\u00f6r det idealiskt f\u00f6r daglig pendling, resor eller f\u00f6rvaring hemma, medan den magnetiska st\u00e4ngningen ger snabb och enkel \u00e5tkomst.<br \/>\n\ud83d\udcbbDen puffiga designen ger extra d\u00e4mpning utan att \u00f6ka volymen.<\/p>\n","protected":false},"featured_media":18862,"comment_status":"open","ping_status":"closed","template":"","meta":{"site-sidebar-layout":"default","site-content-layout":"","ast-site-content-layout":"default","site-content-style":"default","site-sidebar-style":"default","ast-global-header-display":"","ast-banner-title-visibility":"","ast-main-header-display":"","ast-hfb-above-header-display":"","ast-hfb-below-header-display":"","ast-hfb-mobile-header-display":"","site-post-title":"","ast-breadcrumbs-content":"","ast-featured-img":"","footer-sml-layout":"","theme-transparent-header-meta":"default","adv-header-id-meta":"","stick-header-meta":"","header-above-stick-meta":"","header-main-stick-meta":"","header-below-stick-meta":"","astra-migrate-meta-layouts":"set","ast-page-background-enabled":"default","ast-page-background-meta":{"desktop":{"background-color":"var(--ast-global-color-5)","background-image":"","background-repeat":"repeat","background-position":"center center","background-size":"auto","background-attachment":"scroll","background-type":"","background-media":"","overlay-type":"","overlay-color":"","overlay-opacity":"","overlay-gradient":""},"tablet":{"background-color":"","background-image":"","background-repeat":"repeat","background-position":"center center","background-size":"auto","background-attachment":"scroll","background-type":"","background-media":"","overlay-type":"","overlay-color":"","overlay-opacity":"","overlay-gradient":""},"mobile":{"background-color":"","background-image":"","background-repeat":"repeat","background-position":"center center","background-size":"auto","background-attachment":"scroll","background-type":"","background-media":"","overlay-type":"","overlay-color":"","overlay-opacity":"","overlay-gradient":""}},"ast-content-background-meta":{"desktop":{"background-color":"var(--ast-global-color-4)","background-image":"","background-repeat":"repeat","background-position":"center center","background-size":"auto","background-attachment":"scroll","background-type":"","background-media":"","overlay-type":"","overlay-color":"","overlay-opacity":"","overlay-gradient":""},"tablet":{"background-color":"var(--ast-global-color-4)","background-image":"","background-repeat":"repeat","background-position":"center center","background-size":"auto","background-attachment":"scroll","background-type":"","background-media":"","overlay-type":"","overlay-color":"","overlay-opacity":"","overlay-gradient":""},"mobile":{"background-color":"var(--ast-global-color-4)","background-image":"","background-repeat":"repeat","background-position":"center center","background-size":"auto","background-attachment":"scroll","background-type":"","background-media":"","overlay-type":"","overlay-color":"","overlay-opacity":"","overlay-gradient":""}}},"product_brand":[],"product_cat":[173,165],"product_tag":[],"class_list":{"0":"post-18866","1":"product","2":"type-product","3":"status-publish","4":"has-post-thumbnail","6":"product_cat-elektronik","7":"product_cat-skor-accessoarer","8":"pa_51518_3rr8yunm-beige","9":"pa_51518_3rr8yunm-gron","10":"pa_51518_3rr8yunm-morkbla","11":"pa_51518_3rr8yunm-rosa","12":"pa_51518_3rr8yunm-svart","13":"pa_51518_ll0wxyy2-13-14-tum","14":"pa_51518_ll0wxyy2-15-156-tum","15":"desktop-align-left","16":"tablet-align-left","17":"mobile-align-left","19":"first","20":"instock","21":"shipping-taxable","22":"purchasable","23":"product-type-variable","24":"has-default-attributes"},"yoast_head":"<!-- This site is optimized with the Yoast SEO plugin v26.6 - https:\/\/yoast.com\/wordpress\/plugins\/seo\/ -->\n<title>Bekv\u00e4mt puffigt magnetiskt fodral f\u00f6r surfplattor - Mekulo SE<\/title>\n<meta name=\"robots\" content=\"index, follow, max-snippet:-1, max-image-preview:large, max-video-preview:-1\" \/>\n<link rel=\"canonical\" href=\"https:\/\/mekulo.com\/se\/produkt\/bekvamt-puffigt-magnetiskt-fodral-for-surfplattor\/\" \/>\n<meta property=\"og:locale\" content=\"sv_SE\" \/>\n<meta property=\"og:type\" content=\"article\" \/>\n<meta property=\"og:title\" content=\"Bekv\u00e4mt puffigt magnetiskt fodral f\u00f6r surfplattor - Mekulo SE\" \/>\n<meta property=\"og:description\" content=\"\ud83d\udc5dDet h\u00e4r bekv\u00e4ma magnetiska fodralet f\u00f6r surfplattor h\u00e5ller din surfplatta s\u00e4ker fr\u00e5n repor, st\u00f6tar och spill. \ud83d\udca6Det vattent\u00e4ta yttre lagret och det mjuka fleecefodret g\u00f6r det idealiskt f\u00f6r daglig pendling, resor eller f\u00f6rvaring hemma, medan den magnetiska st\u00e4ngningen ger snabb och enkel \u00e5tkomst. \ud83d\udcbbDen puffiga designen ger extra d\u00e4mpning utan att \u00f6ka volymen.\" \/>\n<meta property=\"og:url\" content=\"https:\/\/mekulo.com\/se\/produkt\/bekvamt-puffigt-magnetiskt-fodral-for-surfplattor\/\" \/>\n<meta property=\"og:site_name\" content=\"Mekulo SE\" \/>\n<meta property=\"article:modified_time\" content=\"2026-02-03T15:13:44+00:00\" \/>\n<meta property=\"og:image\" content=\"https:\/\/mekulo.com\/se\/wp-content\/uploads\/sites\/11\/2026\/01\/br6t756-1.jpg\" \/>\n\t<meta property=\"og:image:width\" content=\"700\" \/>\n\t<meta property=\"og:image:height\" content=\"700\" \/>\n\t<meta property=\"og:image:type\" content=\"image\/jpeg\" \/>\n<meta name=\"twitter:card\" content=\"summary_large_image\" \/>\n<meta name=\"twitter:label1\" content=\"Ber\u00e4knad l\u00e4stid\" \/>\n\t<meta name=\"twitter:data1\" content=\"2 minuter\" \/>\n<script type=\"application\/ld+json\" class=\"yoast-schema-graph\">{\"@context\":\"https:\/\/schema.org\",\"@graph\":[{\"@type\":\"WebPage\",\"@id\":\"https:\/\/mekulo.com\/se\/produkt\/bekvamt-puffigt-magnetiskt-fodral-for-surfplattor\/\",\"url\":\"https:\/\/mekulo.com\/se\/produkt\/bekvamt-puffigt-magnetiskt-fodral-for-surfplattor\/\",\"name\":\"Bekv\u00e4mt puffigt magnetiskt fodral f\u00f6r surfplattor - Mekulo SE\",\"isPartOf\":{\"@id\":\"https:\/\/mekulo.com\/se\/#website\"},\"primaryImageOfPage\":{\"@id\":\"https:\/\/mekulo.com\/se\/produkt\/bekvamt-puffigt-magnetiskt-fodral-for-surfplattor\/#primaryimage\"},\"image\":{\"@id\":\"https:\/\/mekulo.com\/se\/produkt\/bekvamt-puffigt-magnetiskt-fodral-for-surfplattor\/#primaryimage\"},\"thumbnailUrl\":\"https:\/\/mekulo.com\/se\/wp-content\/uploads\/sites\/11\/2026\/01\/br6t756-1.jpg\",\"datePublished\":\"2026-01-22T15:27:19+00:00\",\"dateModified\":\"2026-02-03T15:13:44+00:00\",\"breadcrumb\":{\"@id\":\"https:\/\/mekulo.com\/se\/produkt\/bekvamt-puffigt-magnetiskt-fodral-for-surfplattor\/#breadcrumb\"},\"inLanguage\":\"sv-SE\",\"potentialAction\":[{\"@type\":\"ReadAction\",\"target\":[\"https:\/\/mekulo.com\/se\/produkt\/bekvamt-puffigt-magnetiskt-fodral-for-surfplattor\/\"]}]},{\"@type\":\"ImageObject\",\"inLanguage\":\"sv-SE\",\"@id\":\"https:\/\/mekulo.com\/se\/produkt\/bekvamt-puffigt-magnetiskt-fodral-for-surfplattor\/#primaryimage\",\"url\":\"https:\/\/mekulo.com\/se\/wp-content\/uploads\/sites\/11\/2026\/01\/br6t756-1.jpg\",\"contentUrl\":\"https:\/\/mekulo.com\/se\/wp-content\/uploads\/sites\/11\/2026\/01\/br6t756-1.jpg\",\"width\":700,\"height\":700},{\"@type\":\"BreadcrumbList\",\"@id\":\"https:\/\/mekulo.com\/se\/produkt\/bekvamt-puffigt-magnetiskt-fodral-for-surfplattor\/#breadcrumb\",\"itemListElement\":[{\"@type\":\"ListItem\",\"position\":1,\"name\":\"Home\",\"item\":\"https:\/\/mekulo.com\/se\/\"},{\"@type\":\"ListItem\",\"position\":2,\"name\":\"Butik\",\"item\":\"https:\/\/mekulo.com\/se\/butik\/\"},{\"@type\":\"ListItem\",\"position\":3,\"name\":\"Bekv\u00e4mt puffigt magnetiskt fodral f\u00f6r surfplattor\"}]},{\"@type\":\"WebSite\",\"@id\":\"https:\/\/mekulo.com\/se\/#website\",\"url\":\"https:\/\/mekulo.com\/se\/\",\"name\":\"Mekulo SE\",\"description\":\"\",\"publisher\":{\"@id\":\"https:\/\/mekulo.com\/se\/#organization\"},\"potentialAction\":[{\"@type\":\"SearchAction\",\"target\":{\"@type\":\"EntryPoint\",\"urlTemplate\":\"https:\/\/mekulo.com\/se\/?s={search_term_string}\"},\"query-input\":{\"@type\":\"PropertyValueSpecification\",\"valueRequired\":true,\"valueName\":\"search_term_string\"}}],\"inLanguage\":\"sv-SE\"},{\"@type\":\"Organization\",\"@id\":\"https:\/\/mekulo.com\/se\/#organization\",\"name\":\"Mekulo\",\"url\":\"https:\/\/mekulo.com\/se\/\",\"logo\":{\"@type\":\"ImageObject\",\"inLanguage\":\"sv-SE\",\"@id\":\"https:\/\/mekulo.com\/se\/#\/schema\/logo\/image\/\",\"url\":\"https:\/\/mekulo.com\/se\/wp-content\/uploads\/sites\/11\/2025\/12\/favicon_mekulo.png\",\"contentUrl\":\"https:\/\/mekulo.com\/se\/wp-content\/uploads\/sites\/11\/2025\/12\/favicon_mekulo.png\",\"width\":50,\"height\":50,\"caption\":\"Mekulo\"},\"image\":{\"@id\":\"https:\/\/mekulo.com\/se\/#\/schema\/logo\/image\/\"}}]}<\/script>\n<!-- \/ Yoast SEO plugin. -->","yoast_head_json":{"title":"Bekv\u00e4mt puffigt magnetiskt fodral f\u00f6r surfplattor - Mekulo SE","robots":{"index":"index","follow":"follow","max-snippet":"max-snippet:-1","max-image-preview":"max-image-preview:large","max-video-preview":"max-video-preview:-1"},"canonical":"https:\/\/mekulo.com\/se\/produkt\/bekvamt-puffigt-magnetiskt-fodral-for-surfplattor\/","og_locale":"sv_SE","og_type":"article","og_title":"Bekv\u00e4mt puffigt magnetiskt fodral f\u00f6r surfplattor - Mekulo SE","og_description":"\ud83d\udc5dDet h\u00e4r bekv\u00e4ma magnetiska fodralet f\u00f6r surfplattor h\u00e5ller din surfplatta s\u00e4ker fr\u00e5n repor, st\u00f6tar och spill. \ud83d\udca6Det vattent\u00e4ta yttre lagret och det mjuka fleecefodret g\u00f6r det idealiskt f\u00f6r daglig pendling, resor eller f\u00f6rvaring hemma, medan den magnetiska st\u00e4ngningen ger snabb och enkel \u00e5tkomst. \ud83d\udcbbDen puffiga designen ger extra d\u00e4mpning utan att \u00f6ka volymen.","og_url":"https:\/\/mekulo.com\/se\/produkt\/bekvamt-puffigt-magnetiskt-fodral-for-surfplattor\/","og_site_name":"Mekulo SE","article_modified_time":"2026-02-03T15:13:44+00:00","og_image":[{"width":700,"height":700,"url":"https:\/\/mekulo.com\/se\/wp-content\/uploads\/sites\/11\/2026\/01\/br6t756-1.jpg","type":"image\/jpeg"}],"twitter_card":"summary_large_image","twitter_misc":{"Ber\u00e4knad l\u00e4stid":"2 minuter"},"schema":{"@context":"https:\/\/schema.org","@graph":[{"@type":"WebPage","@id":"https:\/\/mekulo.com\/se\/produkt\/bekvamt-puffigt-magnetiskt-fodral-for-surfplattor\/","url":"https:\/\/mekulo.com\/se\/produkt\/bekvamt-puffigt-magnetiskt-fodral-for-surfplattor\/","name":"Bekv\u00e4mt puffigt magnetiskt fodral f\u00f6r surfplattor - Mekulo SE","isPartOf":{"@id":"https:\/\/mekulo.com\/se\/#website"},"primaryImageOfPage":{"@id":"https:\/\/mekulo.com\/se\/produkt\/bekvamt-puffigt-magnetiskt-fodral-for-surfplattor\/#primaryimage"},"image":{"@id":"https:\/\/mekulo.com\/se\/produkt\/bekvamt-puffigt-magnetiskt-fodral-for-surfplattor\/#primaryimage"},"thumbnailUrl":"https:\/\/mekulo.com\/se\/wp-content\/uploads\/sites\/11\/2026\/01\/br6t756-1.jpg","datePublished":"2026-01-22T15:27:19+00:00","dateModified":"2026-02-03T15:13:44+00:00","breadcrumb":{"@id":"https:\/\/mekulo.com\/se\/produkt\/bekvamt-puffigt-magnetiskt-fodral-for-surfplattor\/#breadcrumb"},"inLanguage":"sv-SE","potentialAction":[{"@type":"ReadAction","target":["https:\/\/mekulo.com\/se\/produkt\/bekvamt-puffigt-magnetiskt-fodral-for-surfplattor\/"]}]},{"@type":"ImageObject","inLanguage":"sv-SE","@id":"https:\/\/mekulo.com\/se\/produkt\/bekvamt-puffigt-magnetiskt-fodral-for-surfplattor\/#primaryimage","url":"https:\/\/mekulo.com\/se\/wp-content\/uploads\/sites\/11\/2026\/01\/br6t756-1.jpg","contentUrl":"https:\/\/mekulo.com\/se\/wp-content\/uploads\/sites\/11\/2026\/01\/br6t756-1.jpg","width":700,"height":700},{"@type":"BreadcrumbList","@id":"https:\/\/mekulo.com\/se\/produkt\/bekvamt-puffigt-magnetiskt-fodral-for-surfplattor\/#breadcrumb","itemListElement":[{"@type":"ListItem","position":1,"name":"Home","item":"https:\/\/mekulo.com\/se\/"},{"@type":"ListItem","position":2,"name":"Butik","item":"https:\/\/mekulo.com\/se\/butik\/"},{"@type":"ListItem","position":3,"name":"Bekv\u00e4mt puffigt magnetiskt fodral f\u00f6r surfplattor"}]},{"@type":"WebSite","@id":"https:\/\/mekulo.com\/se\/#website","url":"https:\/\/mekulo.com\/se\/","name":"Mekulo SE","description":"","publisher":{"@id":"https:\/\/mekulo.com\/se\/#organization"},"potentialAction":[{"@type":"SearchAction","target":{"@type":"EntryPoint","urlTemplate":"https:\/\/mekulo.com\/se\/?s={search_term_string}"},"query-input":{"@type":"PropertyValueSpecification","valueRequired":true,"valueName":"search_term_string"}}],"inLanguage":"sv-SE"},{"@type":"Organization","@id":"https:\/\/mekulo.com\/se\/#organization","name":"Mekulo","url":"https:\/\/mekulo.com\/se\/","logo":{"@type":"ImageObject","inLanguage":"sv-SE","@id":"https:\/\/mekulo.com\/se\/#\/schema\/logo\/image\/","url":"https:\/\/mekulo.com\/se\/wp-content\/uploads\/sites\/11\/2025\/12\/favicon_mekulo.png","contentUrl":"https:\/\/mekulo.com\/se\/wp-content\/uploads\/sites\/11\/2025\/12\/favicon_mekulo.png","width":50,"height":50,"caption":"Mekulo"},"image":{"@id":"https:\/\/mekulo.com\/se\/#\/schema\/logo\/image\/"}}]}},"_links":{"self":[{"href":"https:\/\/mekulo.com\/se\/wp-json\/wp\/v2\/product\/18866","targetHints":{"allow":["GET"]}}],"collection":[{"href":"https:\/\/mekulo.com\/se\/wp-json\/wp\/v2\/product"}],"about":[{"href":"https:\/\/mekulo.com\/se\/wp-json\/wp\/v2\/types\/product"}],"replies":[{"embeddable":true,"href":"https:\/\/mekulo.com\/se\/wp-json\/wp\/v2\/comments?post=18866"}],"wp:featuredmedia":[{"embeddable":true,"href":"https:\/\/mekulo.com\/se\/wp-json\/wp\/v2\/media\/18862"}],"wp:attachment":[{"href":"https:\/\/mekulo.com\/se\/wp-json\/wp\/v2\/media?parent=18866"}],"wp:term":[{"taxonomy":"product_brand","embeddable":true,"href":"https:\/\/mekulo.com\/se\/wp-json\/wp\/v2\/product_brand?post=18866"},{"taxonomy":"product_cat","embeddable":true,"href":"https:\/\/mekulo.com\/se\/wp-json\/wp\/v2\/product_cat?post=18866"},{"taxonomy":"product_tag","embeddable":true,"href":"https:\/\/mekulo.com\/se\/wp-json\/wp\/v2\/product_tag?post=18866"}],"curies":[{"name":"wp","href":"https:\/\/api.w.org\/{rel}","templated":true}]}}