{"id":18785,"date":"2026-01-22T17:22:29","date_gmt":"2026-01-22T15:22:29","guid":{"rendered":"https:\/\/mekulo.com\/se\/produkt\/flatat-harband\/"},"modified":"2026-01-27T11:11:33","modified_gmt":"2026-01-27T09:11:33","slug":"flatat-harband","status":"publish","type":"product","link":"https:\/\/mekulo.com\/se\/produkt\/flatat-harband\/","title":{"rendered":"Fl\u00e4tat h\u00e5rband"},"content":{"rendered":"<p style=\"text-align: center;\" data-start=\"0\" data-end=\"57\"><strong data-start=\"0\" data-end=\"57\">Ger Naturlig Volym Och Stil Till Ditt H\u00e5r P\u00e5 N\u00e5gra Sekunder. \ud83d\udc71\u200d\u2640\ufe0f<\/strong><\/p>\n<p data-start=\"59\" data-end=\"258\"><img fetchpriority=\"high\" decoding=\"async\" class=\"size-full wp-image-21513 aligncenter\" src=\"https:\/\/mekulo.com\/template\/wp-content\/uploads\/sites\/6\/2026\/01\/4-13.jpeg\" alt=\"\" width=\"800\" height=\"800\" \/><\/p>\n<h2 style=\"text-align: center;\" data-start=\"265\" data-end=\"285\">Huvudsakliga f\u00f6rdelar \ud83c\udf38<\/h2>\n<p data-start=\"288\" data-end=\"351\">\ud83d\udc87 Naturligt fl\u00e4tat utseende &#8211; Sm\u00e4lter perfekt med ditt h\u00e5r.<\/p>\n<p data-start=\"354\" data-end=\"412\">\ud83e\udd0d Mjukt och bekv\u00e4mt &#8211; Inga knutar eller tryck p\u00e5 h\u00e5rbotten.<\/p>\n<p data-start=\"415\" data-end=\"469\">\ud83d\udd04 Elastisk justerbar passform &#8211; Passar de flesta huvudstorlekar.<\/p>\n<p data-start=\"472\" data-end=\"537\">\ud83e\uddb7 Halkfri tanddesign &#8211; H\u00e5lls p\u00e5 plats utan att trassla.<\/p>\n<p data-start=\"540\" data-end=\"608\">\u2728 Trendig stil &#8211; Inspirerad av trender fr\u00e5n Japan och Sydkorea.<\/p>\n<p data-start=\"611\" data-end=\"661\">\ud83c\udf80 L\u00e4tt att b\u00e4ra &#8211; Styla ditt h\u00e5r p\u00e5 n\u00e5gra sekunder.<\/p>\n<p data-start=\"611\" data-end=\"661\"><img decoding=\"async\" class=\"size-full wp-image-21509 aligncenter\" src=\"https:\/\/mekulo.com\/template\/wp-content\/uploads\/sites\/6\/2026\/01\/f75372df0cce8c144961174fbf0b7a26c1be3f74-1.jpg\" alt=\"\" width=\"1080\" height=\"668\" \/><\/p>\n<h2 style=\"text-align: center;\" data-start=\"668\" data-end=\"682\">Hur man anv\u00e4nder \ud83d\udccc<\/h2>\n<ol data-start=\"683\" data-end=\"898\">\n<li data-start=\"683\" data-end=\"723\">\n<p data-start=\"686\" data-end=\"723\">Placera h\u00e5rbandet \u00f6ver huvudet.<\/p>\n<\/li>\n<li data-start=\"724\" data-end=\"773\">\n<p data-start=\"727\" data-end=\"773\">Placera det d\u00e4r du vill att fl\u00e4tan ska sitta.<\/p>\n<\/li>\n<li data-start=\"774\" data-end=\"815\">\n<p data-start=\"777\" data-end=\"815\">Justera f\u00f6rsiktigt f\u00f6r en bekv\u00e4m passform.<\/p>\n<\/li>\n<li data-start=\"816\" data-end=\"864\">\n<p data-start=\"819\" data-end=\"864\">L\u00e5t ditt naturliga h\u00e5r blandas med fl\u00e4tan.<\/p>\n<\/li>\n<li data-start=\"865\" data-end=\"898\">\n<p data-start=\"868\" data-end=\"898\">Njut av en stylad look hela dagen.<\/p>\n<\/li>\n<\/ol>\n<h2 style=\"text-align: center;\" data-start=\"905\" data-end=\"924\">Produktdetaljer \ud83d\udccf<\/h2>\n<ul data-start=\"925\" data-end=\"1242\">\n<li data-start=\"961\" data-end=\"1006\">\n<p data-start=\"963\" data-end=\"1006\">Material: Plast + tr\u00e5d med h\u00f6g temperatur<\/p>\n<\/li>\n<li data-start=\"1105\" data-end=\"1149\">\n<p data-start=\"1107\" data-end=\"1149\">Storlek: Cirka 13 cm diameter, 3 cm bredd<\/p>\n<\/li>\n<li data-start=\"1150\" data-end=\"1178\">\n<p data-start=\"1152\" data-end=\"1178\">Fit: Elastisk, justerbar<\/p>\n<\/li>\n<li data-start=\"1179\" data-end=\"1201\">\n<p data-start=\"1181\" data-end=\"1201\">Anv\u00e4ndningsomr\u00e5de: Kvinna<\/p>\n<\/li>\n<li data-start=\"1202\" data-end=\"1242\">\n<p data-start=\"1204\" data-end=\"1242\">Funktion: Halkskyddad tandkam design<\/p>\n<\/li>\n<\/ul>\n<h2 style=\"text-align: center;\" data-start=\"1249\" data-end=\"1269\">Paketet inneh\u00e5ller \ud83d\udce6<\/h2>\n<ul data-start=\"1270\" data-end=\"1296\" data-is-last-node=\"\" data-is-only-node=\"\">\n<li data-start=\"1270\" data-end=\"1296\" data-is-last-node=\"\">\n<p data-start=\"1272\" data-end=\"1296\" data-is-last-node=\"\">1, 2, 3x fl\u00e4tat h\u00e5rband \/ s.<\/p>\n<\/li>\n<\/ul>\n","protected":false},"excerpt":{"rendered":"<p>\ud83d\udc69Detta fl\u00e4tade h\u00e5rband sm\u00e4lter s\u00f6ml\u00f6st in i ditt h\u00e5r f\u00f6r att skapa en full, elegant fl\u00e4tad se ut.<br \/>\n\ud83c\udf80Den mjuka, fluffiga texturen ser ut som riktigt h\u00e5r och f\u00f6rblir bekv\u00e4m hela dagen utan att dra eller trassla.<br \/>\n\ud83d\udc57Detta g\u00f6r det perfekt f\u00f6r snabb styling n\u00e4r du vill ha en polerad look med minimal anstr\u00e4ngning.<\/p>\n","protected":false},"featured_media":18781,"comment_status":"open","ping_status":"closed","template":"","meta":{"site-sidebar-layout":"default","site-content-layout":"","ast-site-content-layout":"default","site-content-style":"default","site-sidebar-style":"default","ast-global-header-display":"","ast-banner-title-visibility":"","ast-main-header-display":"","ast-hfb-above-header-display":"","ast-hfb-below-header-display":"","ast-hfb-mobile-header-display":"","site-post-title":"","ast-breadcrumbs-content":"","ast-featured-img":"","footer-sml-layout":"","theme-transparent-header-meta":"default","adv-header-id-meta":"","stick-header-meta":"","header-above-stick-meta":"","header-main-stick-meta":"","header-below-stick-meta":"","astra-migrate-meta-layouts":"set","ast-page-background-enabled":"default","ast-page-background-meta":{"desktop":{"background-color":"var(--ast-global-color-5)","background-image":"","background-repeat":"repeat","background-position":"center center","background-size":"auto","background-attachment":"scroll","background-type":"","background-media":"","overlay-type":"","overlay-color":"","overlay-opacity":"","overlay-gradient":""},"tablet":{"background-color":"","background-image":"","background-repeat":"repeat","background-position":"center center","background-size":"auto","background-attachment":"scroll","background-type":"","background-media":"","overlay-type":"","overlay-color":"","overlay-opacity":"","overlay-gradient":""},"mobile":{"background-color":"","background-image":"","background-repeat":"repeat","background-position":"center center","background-size":"auto","background-attachment":"scroll","background-type":"","background-media":"","overlay-type":"","overlay-color":"","overlay-opacity":"","overlay-gradient":""}},"ast-content-background-meta":{"desktop":{"background-color":"var(--ast-global-color-4)","background-image":"","background-repeat":"repeat","background-position":"center center","background-size":"auto","background-attachment":"scroll","background-type":"","background-media":"","overlay-type":"","overlay-color":"","overlay-opacity":"","overlay-gradient":""},"tablet":{"background-color":"var(--ast-global-color-4)","background-image":"","background-repeat":"repeat","background-position":"center center","background-size":"auto","background-attachment":"scroll","background-type":"","background-media":"","overlay-type":"","overlay-color":"","overlay-opacity":"","overlay-gradient":""},"mobile":{"background-color":"var(--ast-global-color-4)","background-image":"","background-repeat":"repeat","background-position":"center center","background-size":"auto","background-attachment":"scroll","background-type":"","background-media":"","overlay-type":"","overlay-color":"","overlay-opacity":"","overlay-gradient":""}}},"product_brand":[],"product_cat":[165],"product_tag":[],"class_list":{"0":"post-18785","1":"product","2":"type-product","3":"status-publish","4":"has-post-thumbnail","6":"product_cat-skor-accessoarer","7":"pa_51503_6if3738k-1-st","8":"pa_51503_6if3738k-2-st","9":"pa_51503_6if3738k-3-st","10":"pa_51503_ejf01d60-a","11":"pa_51503_ejf01d60-b","12":"pa_51503_ejf01d60-c","13":"pa_51503_ejf01d60-d","14":"pa_51503_ejf01d60-e","15":"pa_51503_ejf01d60-f","16":"pa_51503_ejf01d60-g","17":"pa_51503_ejf01d60-h","18":"pa_51503_ejf01d60-i","19":"pa_51503_ejf01d60-j","20":"desktop-align-left","21":"tablet-align-left","22":"mobile-align-left","24":"first","25":"instock","26":"shipping-taxable","27":"purchasable","28":"product-type-variable","29":"has-default-attributes"},"yoast_head":"<!-- This site is optimized with the Yoast SEO plugin v26.6 - https:\/\/yoast.com\/wordpress\/plugins\/seo\/ -->\n<title>Fl\u00e4tat h\u00e5rband - Mekulo SE<\/title>\n<meta name=\"robots\" content=\"index, follow, max-snippet:-1, max-image-preview:large, max-video-preview:-1\" \/>\n<link rel=\"canonical\" href=\"https:\/\/mekulo.com\/se\/produkt\/flatat-harband\/\" \/>\n<meta property=\"og:locale\" content=\"sv_SE\" \/>\n<meta property=\"og:type\" content=\"article\" \/>\n<meta property=\"og:title\" content=\"Fl\u00e4tat h\u00e5rband - Mekulo SE\" \/>\n<meta property=\"og:description\" content=\"\ud83d\udc69Detta fl\u00e4tade h\u00e5rband sm\u00e4lter s\u00f6ml\u00f6st in i ditt h\u00e5r f\u00f6r att skapa en full, elegant fl\u00e4tad se ut. \ud83c\udf80Den mjuka, fluffiga texturen ser ut som riktigt h\u00e5r och f\u00f6rblir bekv\u00e4m hela dagen utan att dra eller trassla. \ud83d\udc57Detta g\u00f6r det perfekt f\u00f6r snabb styling n\u00e4r du vill ha en polerad look med minimal anstr\u00e4ngning.\" \/>\n<meta property=\"og:url\" content=\"https:\/\/mekulo.com\/se\/produkt\/flatat-harband\/\" \/>\n<meta property=\"og:site_name\" content=\"Mekulo SE\" \/>\n<meta property=\"article:modified_time\" content=\"2026-01-27T09:11:33+00:00\" \/>\n<meta property=\"og:image\" content=\"https:\/\/mekulo.com\/se\/wp-content\/uploads\/sites\/11\/2026\/01\/64twv87-1.jpeg\" \/>\n\t<meta property=\"og:image:width\" content=\"800\" \/>\n\t<meta property=\"og:image:height\" content=\"800\" \/>\n\t<meta property=\"og:image:type\" content=\"image\/jpeg\" \/>\n<meta name=\"twitter:card\" content=\"summary_large_image\" \/>\n<meta name=\"twitter:label1\" content=\"Ber\u00e4knad l\u00e4stid\" \/>\n\t<meta name=\"twitter:data1\" content=\"2 minuter\" \/>\n<script type=\"application\/ld+json\" class=\"yoast-schema-graph\">{\"@context\":\"https:\/\/schema.org\",\"@graph\":[{\"@type\":\"WebPage\",\"@id\":\"https:\/\/mekulo.com\/se\/produkt\/flatat-harband\/\",\"url\":\"https:\/\/mekulo.com\/se\/produkt\/flatat-harband\/\",\"name\":\"Fl\u00e4tat h\u00e5rband - Mekulo SE\",\"isPartOf\":{\"@id\":\"https:\/\/mekulo.com\/se\/#website\"},\"primaryImageOfPage\":{\"@id\":\"https:\/\/mekulo.com\/se\/produkt\/flatat-harband\/#primaryimage\"},\"image\":{\"@id\":\"https:\/\/mekulo.com\/se\/produkt\/flatat-harband\/#primaryimage\"},\"thumbnailUrl\":\"https:\/\/mekulo.com\/se\/wp-content\/uploads\/sites\/11\/2026\/01\/64twv87-1.jpeg\",\"datePublished\":\"2026-01-22T15:22:29+00:00\",\"dateModified\":\"2026-01-27T09:11:33+00:00\",\"breadcrumb\":{\"@id\":\"https:\/\/mekulo.com\/se\/produkt\/flatat-harband\/#breadcrumb\"},\"inLanguage\":\"sv-SE\",\"potentialAction\":[{\"@type\":\"ReadAction\",\"target\":[\"https:\/\/mekulo.com\/se\/produkt\/flatat-harband\/\"]}]},{\"@type\":\"ImageObject\",\"inLanguage\":\"sv-SE\",\"@id\":\"https:\/\/mekulo.com\/se\/produkt\/flatat-harband\/#primaryimage\",\"url\":\"https:\/\/mekulo.com\/se\/wp-content\/uploads\/sites\/11\/2026\/01\/64twv87-1.jpeg\",\"contentUrl\":\"https:\/\/mekulo.com\/se\/wp-content\/uploads\/sites\/11\/2026\/01\/64twv87-1.jpeg\",\"width\":800,\"height\":800},{\"@type\":\"BreadcrumbList\",\"@id\":\"https:\/\/mekulo.com\/se\/produkt\/flatat-harband\/#breadcrumb\",\"itemListElement\":[{\"@type\":\"ListItem\",\"position\":1,\"name\":\"Home\",\"item\":\"https:\/\/mekulo.com\/se\/\"},{\"@type\":\"ListItem\",\"position\":2,\"name\":\"Butik\",\"item\":\"https:\/\/mekulo.com\/se\/butik\/\"},{\"@type\":\"ListItem\",\"position\":3,\"name\":\"Fl\u00e4tat h\u00e5rband\"}]},{\"@type\":\"WebSite\",\"@id\":\"https:\/\/mekulo.com\/se\/#website\",\"url\":\"https:\/\/mekulo.com\/se\/\",\"name\":\"Mekulo SE\",\"description\":\"\",\"publisher\":{\"@id\":\"https:\/\/mekulo.com\/se\/#organization\"},\"potentialAction\":[{\"@type\":\"SearchAction\",\"target\":{\"@type\":\"EntryPoint\",\"urlTemplate\":\"https:\/\/mekulo.com\/se\/?s={search_term_string}\"},\"query-input\":{\"@type\":\"PropertyValueSpecification\",\"valueRequired\":true,\"valueName\":\"search_term_string\"}}],\"inLanguage\":\"sv-SE\"},{\"@type\":\"Organization\",\"@id\":\"https:\/\/mekulo.com\/se\/#organization\",\"name\":\"Mekulo\",\"url\":\"https:\/\/mekulo.com\/se\/\",\"logo\":{\"@type\":\"ImageObject\",\"inLanguage\":\"sv-SE\",\"@id\":\"https:\/\/mekulo.com\/se\/#\/schema\/logo\/image\/\",\"url\":\"https:\/\/mekulo.com\/se\/wp-content\/uploads\/sites\/11\/2025\/12\/favicon_mekulo.png\",\"contentUrl\":\"https:\/\/mekulo.com\/se\/wp-content\/uploads\/sites\/11\/2025\/12\/favicon_mekulo.png\",\"width\":50,\"height\":50,\"caption\":\"Mekulo\"},\"image\":{\"@id\":\"https:\/\/mekulo.com\/se\/#\/schema\/logo\/image\/\"}}]}<\/script>\n<!-- \/ Yoast SEO plugin. -->","yoast_head_json":{"title":"Fl\u00e4tat h\u00e5rband - Mekulo SE","robots":{"index":"index","follow":"follow","max-snippet":"max-snippet:-1","max-image-preview":"max-image-preview:large","max-video-preview":"max-video-preview:-1"},"canonical":"https:\/\/mekulo.com\/se\/produkt\/flatat-harband\/","og_locale":"sv_SE","og_type":"article","og_title":"Fl\u00e4tat h\u00e5rband - Mekulo SE","og_description":"\ud83d\udc69Detta fl\u00e4tade h\u00e5rband sm\u00e4lter s\u00f6ml\u00f6st in i ditt h\u00e5r f\u00f6r att skapa en full, elegant fl\u00e4tad se ut. \ud83c\udf80Den mjuka, fluffiga texturen ser ut som riktigt h\u00e5r och f\u00f6rblir bekv\u00e4m hela dagen utan att dra eller trassla. \ud83d\udc57Detta g\u00f6r det perfekt f\u00f6r snabb styling n\u00e4r du vill ha en polerad look med minimal anstr\u00e4ngning.","og_url":"https:\/\/mekulo.com\/se\/produkt\/flatat-harband\/","og_site_name":"Mekulo SE","article_modified_time":"2026-01-27T09:11:33+00:00","og_image":[{"width":800,"height":800,"url":"https:\/\/mekulo.com\/se\/wp-content\/uploads\/sites\/11\/2026\/01\/64twv87-1.jpeg","type":"image\/jpeg"}],"twitter_card":"summary_large_image","twitter_misc":{"Ber\u00e4knad l\u00e4stid":"2 minuter"},"schema":{"@context":"https:\/\/schema.org","@graph":[{"@type":"WebPage","@id":"https:\/\/mekulo.com\/se\/produkt\/flatat-harband\/","url":"https:\/\/mekulo.com\/se\/produkt\/flatat-harband\/","name":"Fl\u00e4tat h\u00e5rband - Mekulo SE","isPartOf":{"@id":"https:\/\/mekulo.com\/se\/#website"},"primaryImageOfPage":{"@id":"https:\/\/mekulo.com\/se\/produkt\/flatat-harband\/#primaryimage"},"image":{"@id":"https:\/\/mekulo.com\/se\/produkt\/flatat-harband\/#primaryimage"},"thumbnailUrl":"https:\/\/mekulo.com\/se\/wp-content\/uploads\/sites\/11\/2026\/01\/64twv87-1.jpeg","datePublished":"2026-01-22T15:22:29+00:00","dateModified":"2026-01-27T09:11:33+00:00","breadcrumb":{"@id":"https:\/\/mekulo.com\/se\/produkt\/flatat-harband\/#breadcrumb"},"inLanguage":"sv-SE","potentialAction":[{"@type":"ReadAction","target":["https:\/\/mekulo.com\/se\/produkt\/flatat-harband\/"]}]},{"@type":"ImageObject","inLanguage":"sv-SE","@id":"https:\/\/mekulo.com\/se\/produkt\/flatat-harband\/#primaryimage","url":"https:\/\/mekulo.com\/se\/wp-content\/uploads\/sites\/11\/2026\/01\/64twv87-1.jpeg","contentUrl":"https:\/\/mekulo.com\/se\/wp-content\/uploads\/sites\/11\/2026\/01\/64twv87-1.jpeg","width":800,"height":800},{"@type":"BreadcrumbList","@id":"https:\/\/mekulo.com\/se\/produkt\/flatat-harband\/#breadcrumb","itemListElement":[{"@type":"ListItem","position":1,"name":"Home","item":"https:\/\/mekulo.com\/se\/"},{"@type":"ListItem","position":2,"name":"Butik","item":"https:\/\/mekulo.com\/se\/butik\/"},{"@type":"ListItem","position":3,"name":"Fl\u00e4tat h\u00e5rband"}]},{"@type":"WebSite","@id":"https:\/\/mekulo.com\/se\/#website","url":"https:\/\/mekulo.com\/se\/","name":"Mekulo SE","description":"","publisher":{"@id":"https:\/\/mekulo.com\/se\/#organization"},"potentialAction":[{"@type":"SearchAction","target":{"@type":"EntryPoint","urlTemplate":"https:\/\/mekulo.com\/se\/?s={search_term_string}"},"query-input":{"@type":"PropertyValueSpecification","valueRequired":true,"valueName":"search_term_string"}}],"inLanguage":"sv-SE"},{"@type":"Organization","@id":"https:\/\/mekulo.com\/se\/#organization","name":"Mekulo","url":"https:\/\/mekulo.com\/se\/","logo":{"@type":"ImageObject","inLanguage":"sv-SE","@id":"https:\/\/mekulo.com\/se\/#\/schema\/logo\/image\/","url":"https:\/\/mekulo.com\/se\/wp-content\/uploads\/sites\/11\/2025\/12\/favicon_mekulo.png","contentUrl":"https:\/\/mekulo.com\/se\/wp-content\/uploads\/sites\/11\/2025\/12\/favicon_mekulo.png","width":50,"height":50,"caption":"Mekulo"},"image":{"@id":"https:\/\/mekulo.com\/se\/#\/schema\/logo\/image\/"}}]}},"_links":{"self":[{"href":"https:\/\/mekulo.com\/se\/wp-json\/wp\/v2\/product\/18785","targetHints":{"allow":["GET"]}}],"collection":[{"href":"https:\/\/mekulo.com\/se\/wp-json\/wp\/v2\/product"}],"about":[{"href":"https:\/\/mekulo.com\/se\/wp-json\/wp\/v2\/types\/product"}],"replies":[{"embeddable":true,"href":"https:\/\/mekulo.com\/se\/wp-json\/wp\/v2\/comments?post=18785"}],"wp:featuredmedia":[{"embeddable":true,"href":"https:\/\/mekulo.com\/se\/wp-json\/wp\/v2\/media\/18781"}],"wp:attachment":[{"href":"https:\/\/mekulo.com\/se\/wp-json\/wp\/v2\/media?parent=18785"}],"wp:term":[{"taxonomy":"product_brand","embeddable":true,"href":"https:\/\/mekulo.com\/se\/wp-json\/wp\/v2\/product_brand?post=18785"},{"taxonomy":"product_cat","embeddable":true,"href":"https:\/\/mekulo.com\/se\/wp-json\/wp\/v2\/product_cat?post=18785"},{"taxonomy":"product_tag","embeddable":true,"href":"https:\/\/mekulo.com\/se\/wp-json\/wp\/v2\/product_tag?post=18785"}],"curies":[{"name":"wp","href":"https:\/\/api.w.org\/{rel}","templated":true}]}}