{"id":18770,"date":"2026-01-22T17:20:43","date_gmt":"2026-01-22T15:20:43","guid":{"rendered":"https:\/\/mekulo.com\/se\/produkt\/hopfallbar-vattentank\/"},"modified":"2026-01-27T11:07:59","modified_gmt":"2026-01-27T09:07:59","slug":"hopfallbar-vattentank","status":"publish","type":"product","link":"https:\/\/mekulo.com\/se\/produkt\/hopfallbar-vattentank\/","title":{"rendered":"Hopf\u00e4llbar vattentank"},"content":{"rendered":"<div class=\"flex flex-col text-sm pb-25\">\n<article class=\"text-token-text-primary w-full focus:outline-none [--shadow-height:45px] has-data-writing-block:pointer-events-none has-data-writing-block:-mt-(--shadow-height) has-data-writing-block:pt-(--shadow-height) [&amp;:has([data-writing-block])&gt;*]:pointer-events-auto scroll-mt-[calc(var(--header-height)+min(200px,max(70px,20svh)))]\" dir=\"auto\" data-turn-id=\"c3fc3312-e28a-4db5-be64-ac3b18ec1aff\" data-testid=\"conversation-turn-140\" data-scroll-anchor=\"true\" data-turn=\"assistant\">\n<div class=\"text-base my-auto mx-auto pb-10 [--thread-content-margin:--spacing(4)] @w-sm\/main:[--thread-content-margin:--spacing(6)] @w-lg\/main:[--thread-content-margin:--spacing(16)] px-(--thread-content-margin)\">\n<div class=\"[--thread-content-max-width:40rem] @w-lg\/main:[--thread-content-max-width:48rem] mx-auto max-w-(--thread-content-max-width) flex-1 group\/turn-messages focus-visible:outline-hidden relative flex w-full min-w-0 flex-col agent-turn\">\n<div class=\"flex max-w-full flex-col grow\">\n<div class=\"min-h-8 text-message relative flex w-full flex-col items-end gap-2 text-start break-words whitespace-normal [.text-message+&amp;]:mt-1\" dir=\"auto\" data-message-author-role=\"assistant\" data-message-id=\"c5cc00d4-181d-499a-bcdf-48846b7d138c\" data-message-model-slug=\"gpt-5-2\">\n<div class=\"flex w-full flex-col gap-1 empty:hidden first:pt-[1px]\">\n<div class=\"markdown prose dark:prose-invert w-full break-words light markdown-new-styling\">\n<p style=\"text-align: center;\" data-start=\"0\" data-end=\"48\"><strong data-start=\"0\" data-end=\"48\">F\u00f6rvara Och H\u00e4lla Vatten Enkelt Var Du \u00c4n G\u00e5r. \ud83d\udeb0<\/strong><\/p>\n<p data-start=\"0\" data-end=\"48\"><img fetchpriority=\"high\" decoding=\"async\" class=\"size-full wp-image-21495 aligncenter\" src=\"https:\/\/mekulo.com\/template\/wp-content\/uploads\/sites\/6\/2026\/01\/8f2be9fcdc0e70ac348dac7236a82ca846bdf3e2-700.jpg\" alt=\"\" width=\"1080\" height=\"1080\" \/><\/p>\n<h2 style=\"text-align: center;\" data-start=\"267\" data-end=\"287\">Huvudf\u00f6rdelar \ud83d\udca7<\/h2>\n<p data-start=\"290\" data-end=\"355\">\ud83e\udea3 Stor 8L kapacitet &#8211; Tillr\u00e4ckligt med vatten f\u00f6r dagliga utomhusbehov.<\/p>\n<p data-start=\"358\" data-end=\"415\">\ud83d\udeb0 Inbyggd kran &#8211; Enkel h\u00e4llning och vattenkontroll.<\/p>\n<p data-start=\"418\" data-end=\"479\">\u267b\ufe0f S\u00e4kert material av livsmedelskvalitet &#8211; BPA-fritt och milj\u00f6v\u00e4nligt.<\/p>\n<p data-start=\"482\" data-end=\"543\">\ud83c\udf92 Vikbar &amp; l\u00e4ttvikt &#8211; Sparar utrymme n\u00e4r den inte anv\u00e4nds.<\/p>\n<p data-start=\"546\" data-end=\"613\">\ud83d\udcaa Stark och h\u00e5llbar &#8211; Slitstark och tryckbest\u00e4ndig.<\/p>\n<p data-start=\"616\" data-end=\"686\">\ud83c\udf0d Multifunktionell anv\u00e4ndning &#8211; Perfekt f\u00f6r camping, grill, resor och hem.<\/p>\n<p data-start=\"616\" data-end=\"686\"><img decoding=\"async\" class=\"size-full wp-image-21497 aligncenter\" src=\"https:\/\/mekulo.com\/template\/wp-content\/uploads\/sites\/6\/2026\/01\/1280ee14bddec10c5c1e9598e6bb050927520ed7-700.avif\" alt=\"\" \/><\/p>\n<h2 style=\"text-align: center;\" data-start=\"693\" data-end=\"707\">Hur man anv\u00e4nder \ud83d\udccc<\/h2>\n<ol data-start=\"708\" data-end=\"950\">\n<li data-start=\"708\" data-end=\"741\">\n<p data-start=\"711\" data-end=\"741\">Vik ut vattentanken helt.<\/p>\n<\/li>\n<li data-start=\"742\" data-end=\"797\">\n<p data-start=\"745\" data-end=\"797\">\u00d6ppna den breda munnen och fyll med vatten eller drycker.<\/p>\n<\/li>\n<li data-start=\"798\" data-end=\"825\">\n<p data-start=\"801\" data-end=\"825\">St\u00e4ng locket ordentligt.<\/p>\n<\/li>\n<li data-start=\"826\" data-end=\"866\">\n<p data-start=\"829\" data-end=\"866\">Placera tanken p\u00e5 en stabil yta.<\/p>\n<\/li>\n<li data-start=\"867\" data-end=\"911\">\n<p data-start=\"870\" data-end=\"911\">Anv\u00e4nd kranen f\u00f6r att h\u00e4lla vatten efter behov.<\/p>\n<\/li>\n<li data-start=\"912\" data-end=\"950\">\n<p data-start=\"915\" data-end=\"950\">T\u00f6m, reng\u00f6r och vik efter anv\u00e4ndning.<\/p>\n<\/li>\n<\/ol>\n<h2 style=\"text-align: center;\" data-start=\"957\" data-end=\"976\">Produktdetaljer \ud83d\udccf<\/h2>\n<ul data-start=\"977\" data-end=\"1219\">\n<li data-start=\"1018\" data-end=\"1040\">\n<p data-start=\"1020\" data-end=\"1040\">Kapacitet: 8 liter<\/p>\n<\/li>\n<li data-start=\"1041\" data-end=\"1068\">\n<p data-start=\"1043\" data-end=\"1068\">Material: PE + PA + PET<\/p>\n<\/li>\n<li data-start=\"1089\" data-end=\"1104\">\n<p data-start=\"1091\" data-end=\"1104\">Kran: Ja<\/p>\n<\/li>\n<li data-start=\"1105\" data-end=\"1134\">\n<p data-start=\"1107\" data-end=\"1134\">Handtag: Tjockt och h\u00e5llbart<\/p>\n<\/li>\n<li data-start=\"1135\" data-end=\"1177\">\n<p data-start=\"1137\" data-end=\"1177\">Funktion: Vikbar, \u00e5teranv\u00e4ndbar, livsmedelss\u00e4ker<\/p>\n<\/li>\n<li data-start=\"1178\" data-end=\"1219\">\n<p data-start=\"1180\" data-end=\"1219\">Anv\u00e4ndning: Vatten, drycker, tv\u00e4tt, reng\u00f6ring<\/p>\n<\/li>\n<li data-start=\"1178\" data-end=\"1219\">Storlek: 42 x 32 cm<\/li>\n<\/ul>\n<h2 style=\"text-align: center;\" data-start=\"1226\" data-end=\"1246\">Paketet Inneh\u00e5ller \ud83d\udce6<\/h2>\n<ul data-start=\"1247\" data-end=\"1278\" data-is-last-node=\"\" data-is-only-node=\"\">\n<li data-start=\"1247\" data-end=\"1278\" data-is-last-node=\"\">\n<p data-start=\"1249\" data-end=\"1278\" data-is-last-node=\"\">1, 2, 4x hopf\u00e4llbar vattentank\/s.<\/p>\n<\/li>\n<\/ul>\n<\/div>\n<\/div>\n<\/div>\n<\/div>\n<\/div>\n<\/div>\n<\/article>\n<\/div>\n","protected":false},"excerpt":{"rendered":"<p>\ud83d\udca6Den h\u00e4r hopf\u00e4llbara vattentanken rymmer upp till 8 liter vatten och kan vikas ihop n\u00e4r den inte anv\u00e4nds.<br \/>\n\ud83c\udfd5\ufe0fDet \u00e4r perfekt f\u00f6r camping, resor, utomhusaktiviteter eller akut hemmabruk och ger dig rent vatten n\u00e4r du beh\u00f6ver det.<br \/>\n\ud83d\udeb0Den l\u00e4tta designen g\u00f6r den enkel att b\u00e4ra med sig och f\u00f6rvara var som helst.<\/p>\n","protected":false},"featured_media":18766,"comment_status":"open","ping_status":"closed","template":"","meta":{"site-sidebar-layout":"default","site-content-layout":"","ast-site-content-layout":"default","site-content-style":"default","site-sidebar-style":"default","ast-global-header-display":"","ast-banner-title-visibility":"","ast-main-header-display":"","ast-hfb-above-header-display":"","ast-hfb-below-header-display":"","ast-hfb-mobile-header-display":"","site-post-title":"","ast-breadcrumbs-content":"","ast-featured-img":"","footer-sml-layout":"","ast-disable-related-posts":"","theme-transparent-header-meta":"default","adv-header-id-meta":"","stick-header-meta":"","header-above-stick-meta":"","header-main-stick-meta":"","header-below-stick-meta":"","astra-migrate-meta-layouts":"set","ast-page-background-enabled":"default","ast-page-background-meta":{"desktop":{"background-color":"var(--ast-global-color-5)","background-image":"","background-repeat":"repeat","background-position":"center center","background-size":"auto","background-attachment":"scroll","background-type":"","background-media":"","overlay-type":"","overlay-color":"","overlay-opacity":"","overlay-gradient":""},"tablet":{"background-color":"","background-image":"","background-repeat":"repeat","background-position":"center center","background-size":"auto","background-attachment":"scroll","background-type":"","background-media":"","overlay-type":"","overlay-color":"","overlay-opacity":"","overlay-gradient":""},"mobile":{"background-color":"","background-image":"","background-repeat":"repeat","background-position":"center center","background-size":"auto","background-attachment":"scroll","background-type":"","background-media":"","overlay-type":"","overlay-color":"","overlay-opacity":"","overlay-gradient":""}},"ast-content-background-meta":{"desktop":{"background-color":"var(--ast-global-color-4)","background-image":"","background-repeat":"repeat","background-position":"center center","background-size":"auto","background-attachment":"scroll","background-type":"","background-media":"","overlay-type":"","overlay-color":"","overlay-opacity":"","overlay-gradient":""},"tablet":{"background-color":"var(--ast-global-color-4)","background-image":"","background-repeat":"repeat","background-position":"center center","background-size":"auto","background-attachment":"scroll","background-type":"","background-media":"","overlay-type":"","overlay-color":"","overlay-opacity":"","overlay-gradient":""},"mobile":{"background-color":"var(--ast-global-color-4)","background-image":"","background-repeat":"repeat","background-position":"center center","background-size":"auto","background-attachment":"scroll","background-type":"","background-media":"","overlay-type":"","overlay-color":"","overlay-opacity":"","overlay-gradient":""}}},"product_brand":[],"product_cat":[167],"product_tag":[],"class_list":{"0":"post-18770","1":"product","2":"type-product","3":"status-publish","4":"has-post-thumbnail","6":"product_cat-vandring-camping-och-fritidsartiklar","7":"pa_51501_k4lv76p4-1-st","8":"pa_51501_k4lv76p4-2-st","9":"pa_51501_k4lv76p4-4-st","10":"desktop-align-left","11":"tablet-align-left","12":"mobile-align-left","14":"first","15":"instock","16":"shipping-taxable","17":"purchasable","18":"product-type-variable"},"yoast_head":"<!-- This site is optimized with the Yoast SEO plugin v27.4 - https:\/\/yoast.com\/product\/yoast-seo-wordpress\/ -->\n<title>Hopf\u00e4llbar vattentank - Mekulo SE<\/title>\n<meta name=\"robots\" content=\"index, follow, max-snippet:-1, max-image-preview:large, max-video-preview:-1\" \/>\n<link rel=\"canonical\" href=\"https:\/\/mekulo.com\/se\/produkt\/hopfallbar-vattentank\/\" \/>\n<meta property=\"og:locale\" content=\"sv_SE\" \/>\n<meta property=\"og:type\" content=\"article\" \/>\n<meta property=\"og:title\" content=\"Hopf\u00e4llbar vattentank - Mekulo SE\" \/>\n<meta property=\"og:description\" content=\"\ud83d\udca6Den h\u00e4r hopf\u00e4llbara vattentanken rymmer upp till 8 liter vatten och kan vikas ihop n\u00e4r den inte anv\u00e4nds. \ud83c\udfd5\ufe0fDet \u00e4r perfekt f\u00f6r camping, resor, utomhusaktiviteter eller akut hemmabruk och ger dig rent vatten n\u00e4r du beh\u00f6ver det. \ud83d\udeb0Den l\u00e4tta designen g\u00f6r den enkel att b\u00e4ra med sig och f\u00f6rvara var som helst.\" \/>\n<meta property=\"og:url\" content=\"https:\/\/mekulo.com\/se\/produkt\/hopfallbar-vattentank\/\" \/>\n<meta property=\"og:site_name\" content=\"Mekulo SE\" \/>\n<meta property=\"article:modified_time\" content=\"2026-01-27T09:07:59+00:00\" \/>\n<meta property=\"og:image\" content=\"https:\/\/mekulo.com\/se\/wp-content\/uploads\/sites\/11\/2026\/01\/ovxbja2-1.jpg\" \/>\n\t<meta property=\"og:image:width\" content=\"700\" \/>\n\t<meta property=\"og:image:height\" content=\"700\" \/>\n\t<meta property=\"og:image:type\" content=\"image\/jpeg\" \/>\n<meta name=\"twitter:card\" content=\"summary_large_image\" \/>\n<meta name=\"twitter:label1\" content=\"Ber\u00e4knad l\u00e4stid\" \/>\n\t<meta name=\"twitter:data1\" content=\"2 minuter\" \/>\n<script type=\"application\/ld+json\" class=\"yoast-schema-graph\">{\"@context\":\"https:\\\/\\\/schema.org\",\"@graph\":[{\"@type\":\"WebPage\",\"@id\":\"https:\\\/\\\/mekulo.com\\\/se\\\/produkt\\\/hopfallbar-vattentank\\\/\",\"url\":\"https:\\\/\\\/mekulo.com\\\/se\\\/produkt\\\/hopfallbar-vattentank\\\/\",\"name\":\"Hopf\u00e4llbar vattentank - Mekulo SE\",\"isPartOf\":{\"@id\":\"https:\\\/\\\/mekulo.com\\\/se\\\/#website\"},\"primaryImageOfPage\":{\"@id\":\"https:\\\/\\\/mekulo.com\\\/se\\\/produkt\\\/hopfallbar-vattentank\\\/#primaryimage\"},\"image\":{\"@id\":\"https:\\\/\\\/mekulo.com\\\/se\\\/produkt\\\/hopfallbar-vattentank\\\/#primaryimage\"},\"thumbnailUrl\":\"https:\\\/\\\/mekulo.com\\\/se\\\/wp-content\\\/uploads\\\/sites\\\/11\\\/2026\\\/01\\\/ovxbja2-1.jpg\",\"datePublished\":\"2026-01-22T15:20:43+00:00\",\"dateModified\":\"2026-01-27T09:07:59+00:00\",\"breadcrumb\":{\"@id\":\"https:\\\/\\\/mekulo.com\\\/se\\\/produkt\\\/hopfallbar-vattentank\\\/#breadcrumb\"},\"inLanguage\":\"sv-SE\",\"potentialAction\":[{\"@type\":\"ReadAction\",\"target\":[\"https:\\\/\\\/mekulo.com\\\/se\\\/produkt\\\/hopfallbar-vattentank\\\/\"]}]},{\"@type\":\"ImageObject\",\"inLanguage\":\"sv-SE\",\"@id\":\"https:\\\/\\\/mekulo.com\\\/se\\\/produkt\\\/hopfallbar-vattentank\\\/#primaryimage\",\"url\":\"https:\\\/\\\/mekulo.com\\\/se\\\/wp-content\\\/uploads\\\/sites\\\/11\\\/2026\\\/01\\\/ovxbja2-1.jpg\",\"contentUrl\":\"https:\\\/\\\/mekulo.com\\\/se\\\/wp-content\\\/uploads\\\/sites\\\/11\\\/2026\\\/01\\\/ovxbja2-1.jpg\",\"width\":700,\"height\":700},{\"@type\":\"BreadcrumbList\",\"@id\":\"https:\\\/\\\/mekulo.com\\\/se\\\/produkt\\\/hopfallbar-vattentank\\\/#breadcrumb\",\"itemListElement\":[{\"@type\":\"ListItem\",\"position\":1,\"name\":\"Home\",\"item\":\"https:\\\/\\\/mekulo.com\\\/se\\\/\"},{\"@type\":\"ListItem\",\"position\":2,\"name\":\"Butik\",\"item\":\"https:\\\/\\\/mekulo.com\\\/se\\\/butik\\\/\"},{\"@type\":\"ListItem\",\"position\":3,\"name\":\"Hopf\u00e4llbar vattentank\"}]},{\"@type\":\"WebSite\",\"@id\":\"https:\\\/\\\/mekulo.com\\\/se\\\/#website\",\"url\":\"https:\\\/\\\/mekulo.com\\\/se\\\/\",\"name\":\"Mekulo SE\",\"description\":\"\",\"publisher\":{\"@id\":\"https:\\\/\\\/mekulo.com\\\/se\\\/#organization\"},\"potentialAction\":[{\"@type\":\"SearchAction\",\"target\":{\"@type\":\"EntryPoint\",\"urlTemplate\":\"https:\\\/\\\/mekulo.com\\\/se\\\/?s={search_term_string}\"},\"query-input\":{\"@type\":\"PropertyValueSpecification\",\"valueRequired\":true,\"valueName\":\"search_term_string\"}}],\"inLanguage\":\"sv-SE\"},{\"@type\":\"Organization\",\"@id\":\"https:\\\/\\\/mekulo.com\\\/se\\\/#organization\",\"name\":\"Mekulo\",\"url\":\"https:\\\/\\\/mekulo.com\\\/se\\\/\",\"logo\":{\"@type\":\"ImageObject\",\"inLanguage\":\"sv-SE\",\"@id\":\"https:\\\/\\\/mekulo.com\\\/se\\\/#\\\/schema\\\/logo\\\/image\\\/\",\"url\":\"https:\\\/\\\/mekulo.com\\\/se\\\/wp-content\\\/uploads\\\/sites\\\/11\\\/2025\\\/12\\\/favicon_mekulo.png\",\"contentUrl\":\"https:\\\/\\\/mekulo.com\\\/se\\\/wp-content\\\/uploads\\\/sites\\\/11\\\/2025\\\/12\\\/favicon_mekulo.png\",\"width\":50,\"height\":50,\"caption\":\"Mekulo\"},\"image\":{\"@id\":\"https:\\\/\\\/mekulo.com\\\/se\\\/#\\\/schema\\\/logo\\\/image\\\/\"}}]}<\/script>\n<!-- \/ Yoast SEO plugin. -->","yoast_head_json":{"title":"Hopf\u00e4llbar vattentank - Mekulo SE","robots":{"index":"index","follow":"follow","max-snippet":"max-snippet:-1","max-image-preview":"max-image-preview:large","max-video-preview":"max-video-preview:-1"},"canonical":"https:\/\/mekulo.com\/se\/produkt\/hopfallbar-vattentank\/","og_locale":"sv_SE","og_type":"article","og_title":"Hopf\u00e4llbar vattentank - Mekulo SE","og_description":"\ud83d\udca6Den h\u00e4r hopf\u00e4llbara vattentanken rymmer upp till 8 liter vatten och kan vikas ihop n\u00e4r den inte anv\u00e4nds. \ud83c\udfd5\ufe0fDet \u00e4r perfekt f\u00f6r camping, resor, utomhusaktiviteter eller akut hemmabruk och ger dig rent vatten n\u00e4r du beh\u00f6ver det. \ud83d\udeb0Den l\u00e4tta designen g\u00f6r den enkel att b\u00e4ra med sig och f\u00f6rvara var som helst.","og_url":"https:\/\/mekulo.com\/se\/produkt\/hopfallbar-vattentank\/","og_site_name":"Mekulo SE","article_modified_time":"2026-01-27T09:07:59+00:00","og_image":[{"width":700,"height":700,"url":"https:\/\/mekulo.com\/se\/wp-content\/uploads\/sites\/11\/2026\/01\/ovxbja2-1.jpg","type":"image\/jpeg"}],"twitter_card":"summary_large_image","twitter_misc":{"Ber\u00e4knad l\u00e4stid":"2 minuter"},"schema":{"@context":"https:\/\/schema.org","@graph":[{"@type":"WebPage","@id":"https:\/\/mekulo.com\/se\/produkt\/hopfallbar-vattentank\/","url":"https:\/\/mekulo.com\/se\/produkt\/hopfallbar-vattentank\/","name":"Hopf\u00e4llbar vattentank - Mekulo SE","isPartOf":{"@id":"https:\/\/mekulo.com\/se\/#website"},"primaryImageOfPage":{"@id":"https:\/\/mekulo.com\/se\/produkt\/hopfallbar-vattentank\/#primaryimage"},"image":{"@id":"https:\/\/mekulo.com\/se\/produkt\/hopfallbar-vattentank\/#primaryimage"},"thumbnailUrl":"https:\/\/mekulo.com\/se\/wp-content\/uploads\/sites\/11\/2026\/01\/ovxbja2-1.jpg","datePublished":"2026-01-22T15:20:43+00:00","dateModified":"2026-01-27T09:07:59+00:00","breadcrumb":{"@id":"https:\/\/mekulo.com\/se\/produkt\/hopfallbar-vattentank\/#breadcrumb"},"inLanguage":"sv-SE","potentialAction":[{"@type":"ReadAction","target":["https:\/\/mekulo.com\/se\/produkt\/hopfallbar-vattentank\/"]}]},{"@type":"ImageObject","inLanguage":"sv-SE","@id":"https:\/\/mekulo.com\/se\/produkt\/hopfallbar-vattentank\/#primaryimage","url":"https:\/\/mekulo.com\/se\/wp-content\/uploads\/sites\/11\/2026\/01\/ovxbja2-1.jpg","contentUrl":"https:\/\/mekulo.com\/se\/wp-content\/uploads\/sites\/11\/2026\/01\/ovxbja2-1.jpg","width":700,"height":700},{"@type":"BreadcrumbList","@id":"https:\/\/mekulo.com\/se\/produkt\/hopfallbar-vattentank\/#breadcrumb","itemListElement":[{"@type":"ListItem","position":1,"name":"Home","item":"https:\/\/mekulo.com\/se\/"},{"@type":"ListItem","position":2,"name":"Butik","item":"https:\/\/mekulo.com\/se\/butik\/"},{"@type":"ListItem","position":3,"name":"Hopf\u00e4llbar vattentank"}]},{"@type":"WebSite","@id":"https:\/\/mekulo.com\/se\/#website","url":"https:\/\/mekulo.com\/se\/","name":"Mekulo SE","description":"","publisher":{"@id":"https:\/\/mekulo.com\/se\/#organization"},"potentialAction":[{"@type":"SearchAction","target":{"@type":"EntryPoint","urlTemplate":"https:\/\/mekulo.com\/se\/?s={search_term_string}"},"query-input":{"@type":"PropertyValueSpecification","valueRequired":true,"valueName":"search_term_string"}}],"inLanguage":"sv-SE"},{"@type":"Organization","@id":"https:\/\/mekulo.com\/se\/#organization","name":"Mekulo","url":"https:\/\/mekulo.com\/se\/","logo":{"@type":"ImageObject","inLanguage":"sv-SE","@id":"https:\/\/mekulo.com\/se\/#\/schema\/logo\/image\/","url":"https:\/\/mekulo.com\/se\/wp-content\/uploads\/sites\/11\/2025\/12\/favicon_mekulo.png","contentUrl":"https:\/\/mekulo.com\/se\/wp-content\/uploads\/sites\/11\/2025\/12\/favicon_mekulo.png","width":50,"height":50,"caption":"Mekulo"},"image":{"@id":"https:\/\/mekulo.com\/se\/#\/schema\/logo\/image\/"}}]}},"_links":{"self":[{"href":"https:\/\/mekulo.com\/se\/wp-json\/wp\/v2\/product\/18770","targetHints":{"allow":["GET"]}}],"collection":[{"href":"https:\/\/mekulo.com\/se\/wp-json\/wp\/v2\/product"}],"about":[{"href":"https:\/\/mekulo.com\/se\/wp-json\/wp\/v2\/types\/product"}],"replies":[{"embeddable":true,"href":"https:\/\/mekulo.com\/se\/wp-json\/wp\/v2\/comments?post=18770"}],"wp:featuredmedia":[{"embeddable":true,"href":"https:\/\/mekulo.com\/se\/wp-json\/wp\/v2\/media\/18766"}],"wp:attachment":[{"href":"https:\/\/mekulo.com\/se\/wp-json\/wp\/v2\/media?parent=18770"}],"wp:term":[{"taxonomy":"product_brand","embeddable":true,"href":"https:\/\/mekulo.com\/se\/wp-json\/wp\/v2\/product_brand?post=18770"},{"taxonomy":"product_cat","embeddable":true,"href":"https:\/\/mekulo.com\/se\/wp-json\/wp\/v2\/product_cat?post=18770"},{"taxonomy":"product_tag","embeddable":true,"href":"https:\/\/mekulo.com\/se\/wp-json\/wp\/v2\/product_tag?post=18770"}],"curies":[{"name":"wp","href":"https:\/\/api.w.org\/{rel}","templated":true}]}}