{"id":18692,"date":"2026-01-22T17:12:54","date_gmt":"2026-01-22T15:12:54","guid":{"rendered":"https:\/\/mekulo.com\/se\/produkt\/cymbal-for-minibilar\/"},"modified":"2026-01-27T01:14:25","modified_gmt":"2026-01-26T23:14:25","slug":"cymbal-for-minibilar","status":"publish","type":"product","link":"https:\/\/mekulo.com\/se\/produkt\/cymbal-for-minibilar\/","title":{"rendered":"Cymbal f\u00f6r minibilar"},"content":{"rendered":"<p style=\"text-align: center;\" data-start=\"0\" data-end=\"80\"><strong data-start=\"0\" data-end=\"80\">L\u00e4gg till roliga rytmer till din bilf\u00e4rd med en minicymbal som passar direkt i bilen. \ud83d\ude98<\/strong><\/p>\n<p data-start=\"0\" data-end=\"80\"><img fetchpriority=\"high\" decoding=\"async\" class=\"size-full wp-image-21447 aligncenter\" src=\"https:\/\/mekulo.com\/template\/wp-content\/uploads\/sites\/6\/2026\/01\/127161c2470beaed3b48210919dcd94702ab6bf7.jpg\" alt=\"\" width=\"1080\" height=\"1080\" \/><\/p>\n<h2 style=\"text-align: center;\" data-start=\"342\" data-end=\"362\">Huvudf\u00f6rdelar \ud83e\udd41<\/h2>\n<p data-start=\"365\" data-end=\"442\">\ud83c\udfb6 Rolig underh\u00e5llning i bilen &#8211; Spela rytmer n\u00e4r som helst n\u00e4r bilen \u00e4r parkerad.<\/p>\n<p data-start=\"445\" data-end=\"500\">\ud83d\udd14 Riktigt metallljud &#8211; Skarp och klar cymbalton.<\/p>\n<p data-start=\"503\" data-end=\"566\">\ud83d\ude97 Ventmonterad design &#8211; Passar s\u00e4kert i de flesta luftventiler i bilen.<\/p>\n<p data-start=\"569\" data-end=\"633\">\ud83e\uddf2 Stabil &amp; justerbar &#8211; L\u00e5ses p\u00e5 plats i r\u00e4tt vinkel.<\/p>\n<p data-start=\"636\" data-end=\"693\">\ud83e\uddf3 Liten men kraftfull &#8211; Kompakt storlek med stort ljud.<\/p>\n<p data-start=\"696\" data-end=\"758\">\ud83c\udf81 Perfekt presentid\u00e9 &#8211; Perfekt f\u00f6r trummisar och musikfans.<\/p>\n<p data-start=\"696\" data-end=\"758\"><img decoding=\"async\" class=\"size-full wp-image-21448 aligncenter\" src=\"https:\/\/mekulo.com\/template\/wp-content\/uploads\/sites\/6\/2026\/01\/c76debcb25d23d0bf546d68a9e08a884673b2f24.jpg\" alt=\"\" width=\"1080\" height=\"1080\" \/><\/p>\n<h2 style=\"text-align: center;\" data-start=\"765\" data-end=\"779\">Hur man anv\u00e4nder \ud83d\udccc<\/h2>\n<ol data-start=\"780\" data-end=\"1024\">\n<li data-start=\"780\" data-end=\"841\">\n<p data-start=\"783\" data-end=\"841\">F\u00e4st cymbalh\u00e5llaren p\u00e5 en bilventil eller instrumentbr\u00e4da.<\/p>\n<\/li>\n<li data-start=\"842\" data-end=\"886\">\n<p data-start=\"845\" data-end=\"886\">Justera armen till \u00f6nskad vinkel.<\/p>\n<\/li>\n<li data-start=\"887\" data-end=\"923\">\n<p data-start=\"890\" data-end=\"923\">Se till att den sitter ordentligt fast.<\/p>\n<\/li>\n<li data-start=\"924\" data-end=\"974\">\n<p data-start=\"927\" data-end=\"974\">Knacka f\u00f6rsiktigt p\u00e5 cymbalen n\u00e4r bilen \u00e4r parkerad.<\/p>\n<\/li>\n<li data-start=\"975\" data-end=\"1024\">\n<p data-start=\"978\" data-end=\"1024\">Njut av l\u00e4tt rytmspel utan tung kraft.<\/p>\n<\/li>\n<\/ol>\n<h2 style=\"text-align: center;\" data-start=\"1031\" data-end=\"1050\">Produktdetaljer \ud83d\udccf<\/h2>\n<ul data-start=\"1051\" data-end=\"1359\">\n<li data-start=\"1085\" data-end=\"1112\">\n<p data-start=\"1087\" data-end=\"1112\">Material: ABS och legering<\/p>\n<\/li>\n<li data-start=\"1113\" data-end=\"1151\">\n<p data-start=\"1115\" data-end=\"1151\">Ljudtyp: Metallcymbalresonans<\/p>\n<\/li>\n<li data-start=\"1152\" data-end=\"1211\">\n<p data-start=\"1154\" data-end=\"1211\">Installationsplats: Bilens luftventil eller instrumentpanel<\/p>\n<\/li>\n<li data-start=\"1212\" data-end=\"1232\">\n<p data-start=\"1214\" data-end=\"1232\">Storlek: Handflatestorlek<\/p>\n<\/li>\n<li data-start=\"1233\" data-end=\"1267\">\n<p data-start=\"1235\" data-end=\"1267\">F\u00f6rpackningsstorlek: 15 x 14 x 3,5 cm<\/p>\n<\/li>\n<li data-start=\"1268\" data-end=\"1293\">\n<p data-start=\"1270\" data-end=\"1293\">F\u00f6rpackningsvikt: 108 g<\/p>\n<\/li>\n<li data-start=\"1294\" data-end=\"1359\">\n<p data-start=\"1296\" data-end=\"1359\">Anm\u00e4rkningar: Endast f\u00f6r l\u00e4tt knackning; anv\u00e4nd n\u00e4r fordonet st\u00e5r stilla<\/p>\n<\/li>\n<\/ul>\n<h2 style=\"text-align: center;\" data-start=\"1366\" data-end=\"1386\">Paketet inneh\u00e5ller \ud83d\udce6<\/h2>\n<ul data-start=\"1387\" data-end=\"1427\" data-is-last-node=\"\" data-is-only-node=\"\">\n<li data-start=\"1387\" data-end=\"1427\" data-is-last-node=\"\">\n<p data-start=\"1389\" data-end=\"1427\" data-is-last-node=\"\">1, 2, 3x mini bilcymbaler.<\/p>\n<\/li>\n<\/ul>\n","protected":false},"excerpt":{"rendered":"<p>\ud83e\udd41Den h\u00e4r mini-bilcymbalen \u00e4r en liten, ventilationsmonterad cymbal utformad f\u00f6r att ge l\u00e4tt trumspel i ditt fordon n\u00e4r det \u00e4r parkerat.<br \/>\n\ud83c\udfb6Tillverkad med riktig metallresonans, f\u00f6rvandlar den tr\u00e5kiga stunder till lekfull rytmtid och \u00e4r en unik present till trummisar och musik\u00e4lskare.<br \/>\n\ud83d\ude97Den kompakta designen ger personlighet utan att blockera luftfl\u00f6det eller ta upp plats.<\/p>\n","protected":false},"featured_media":18688,"comment_status":"open","ping_status":"closed","template":"","meta":{"site-sidebar-layout":"default","site-content-layout":"","ast-site-content-layout":"default","site-content-style":"default","site-sidebar-style":"default","ast-global-header-display":"","ast-banner-title-visibility":"","ast-main-header-display":"","ast-hfb-above-header-display":"","ast-hfb-below-header-display":"","ast-hfb-mobile-header-display":"","site-post-title":"","ast-breadcrumbs-content":"","ast-featured-img":"","footer-sml-layout":"","theme-transparent-header-meta":"default","adv-header-id-meta":"","stick-header-meta":"","header-above-stick-meta":"","header-main-stick-meta":"","header-below-stick-meta":"","astra-migrate-meta-layouts":"set","ast-page-background-enabled":"default","ast-page-background-meta":{"desktop":{"background-color":"var(--ast-global-color-5)","background-image":"","background-repeat":"repeat","background-position":"center center","background-size":"auto","background-attachment":"scroll","background-type":"","background-media":"","overlay-type":"","overlay-color":"","overlay-opacity":"","overlay-gradient":""},"tablet":{"background-color":"","background-image":"","background-repeat":"repeat","background-position":"center center","background-size":"auto","background-attachment":"scroll","background-type":"","background-media":"","overlay-type":"","overlay-color":"","overlay-opacity":"","overlay-gradient":""},"mobile":{"background-color":"","background-image":"","background-repeat":"repeat","background-position":"center center","background-size":"auto","background-attachment":"scroll","background-type":"","background-media":"","overlay-type":"","overlay-color":"","overlay-opacity":"","overlay-gradient":""}},"ast-content-background-meta":{"desktop":{"background-color":"var(--ast-global-color-4)","background-image":"","background-repeat":"repeat","background-position":"center center","background-size":"auto","background-attachment":"scroll","background-type":"","background-media":"","overlay-type":"","overlay-color":"","overlay-opacity":"","overlay-gradient":""},"tablet":{"background-color":"var(--ast-global-color-4)","background-image":"","background-repeat":"repeat","background-position":"center center","background-size":"auto","background-attachment":"scroll","background-type":"","background-media":"","overlay-type":"","overlay-color":"","overlay-opacity":"","overlay-gradient":""},"mobile":{"background-color":"var(--ast-global-color-4)","background-image":"","background-repeat":"repeat","background-position":"center center","background-size":"auto","background-attachment":"scroll","background-type":"","background-media":"","overlay-type":"","overlay-color":"","overlay-opacity":"","overlay-gradient":""}}},"product_brand":[],"product_cat":[161],"product_tag":[],"class_list":{"0":"post-18692","1":"product","2":"type-product","3":"status-publish","4":"has-post-thumbnail","6":"product_cat-bilprodukter","7":"pa_51469_9aqlfx9o-1-st","8":"pa_51469_9aqlfx9o-2-st","9":"pa_51469_9aqlfx9o-3-st","10":"pa_51469_sziii2ro-guld","11":"pa_51469_sziii2ro-silver","12":"desktop-align-left","13":"tablet-align-left","14":"mobile-align-left","16":"first","17":"instock","18":"shipping-taxable","19":"purchasable","20":"product-type-variable","21":"has-default-attributes"},"yoast_head":"<!-- This site is optimized with the Yoast SEO plugin v26.6 - https:\/\/yoast.com\/wordpress\/plugins\/seo\/ -->\n<title>Cymbal f\u00f6r minibilar - Mekulo SE<\/title>\n<meta name=\"robots\" content=\"index, follow, max-snippet:-1, max-image-preview:large, max-video-preview:-1\" \/>\n<link rel=\"canonical\" href=\"https:\/\/mekulo.com\/se\/produkt\/cymbal-for-minibilar\/\" \/>\n<meta property=\"og:locale\" content=\"sv_SE\" \/>\n<meta property=\"og:type\" content=\"article\" \/>\n<meta property=\"og:title\" content=\"Cymbal f\u00f6r minibilar - Mekulo SE\" \/>\n<meta property=\"og:description\" content=\"\ud83e\udd41Den h\u00e4r mini-bilcymbalen \u00e4r en liten, ventilationsmonterad cymbal utformad f\u00f6r att ge l\u00e4tt trumspel i ditt fordon n\u00e4r det \u00e4r parkerat. \ud83c\udfb6Tillverkad med riktig metallresonans, f\u00f6rvandlar den tr\u00e5kiga stunder till lekfull rytmtid och \u00e4r en unik present till trummisar och musik\u00e4lskare. \ud83d\ude97Den kompakta designen ger personlighet utan att blockera luftfl\u00f6det eller ta upp plats.\" \/>\n<meta property=\"og:url\" content=\"https:\/\/mekulo.com\/se\/produkt\/cymbal-for-minibilar\/\" \/>\n<meta property=\"og:site_name\" content=\"Mekulo SE\" \/>\n<meta property=\"article:modified_time\" content=\"2026-01-26T23:14:25+00:00\" \/>\n<meta property=\"og:image\" content=\"https:\/\/mekulo.com\/se\/wp-content\/uploads\/sites\/11\/2026\/01\/ek9lrhy-1.jpg\" \/>\n\t<meta property=\"og:image:width\" content=\"679\" \/>\n\t<meta property=\"og:image:height\" content=\"648\" \/>\n\t<meta property=\"og:image:type\" content=\"image\/jpeg\" \/>\n<meta name=\"twitter:card\" content=\"summary_large_image\" \/>\n<meta name=\"twitter:label1\" content=\"Ber\u00e4knad l\u00e4stid\" \/>\n\t<meta name=\"twitter:data1\" content=\"2 minuter\" \/>\n<script type=\"application\/ld+json\" class=\"yoast-schema-graph\">{\"@context\":\"https:\/\/schema.org\",\"@graph\":[{\"@type\":\"WebPage\",\"@id\":\"https:\/\/mekulo.com\/se\/produkt\/cymbal-for-minibilar\/\",\"url\":\"https:\/\/mekulo.com\/se\/produkt\/cymbal-for-minibilar\/\",\"name\":\"Cymbal f\u00f6r minibilar - Mekulo SE\",\"isPartOf\":{\"@id\":\"https:\/\/mekulo.com\/se\/#website\"},\"primaryImageOfPage\":{\"@id\":\"https:\/\/mekulo.com\/se\/produkt\/cymbal-for-minibilar\/#primaryimage\"},\"image\":{\"@id\":\"https:\/\/mekulo.com\/se\/produkt\/cymbal-for-minibilar\/#primaryimage\"},\"thumbnailUrl\":\"https:\/\/mekulo.com\/se\/wp-content\/uploads\/sites\/11\/2026\/01\/ek9lrhy-1.jpg\",\"datePublished\":\"2026-01-22T15:12:54+00:00\",\"dateModified\":\"2026-01-26T23:14:25+00:00\",\"breadcrumb\":{\"@id\":\"https:\/\/mekulo.com\/se\/produkt\/cymbal-for-minibilar\/#breadcrumb\"},\"inLanguage\":\"sv-SE\",\"potentialAction\":[{\"@type\":\"ReadAction\",\"target\":[\"https:\/\/mekulo.com\/se\/produkt\/cymbal-for-minibilar\/\"]}]},{\"@type\":\"ImageObject\",\"inLanguage\":\"sv-SE\",\"@id\":\"https:\/\/mekulo.com\/se\/produkt\/cymbal-for-minibilar\/#primaryimage\",\"url\":\"https:\/\/mekulo.com\/se\/wp-content\/uploads\/sites\/11\/2026\/01\/ek9lrhy-1.jpg\",\"contentUrl\":\"https:\/\/mekulo.com\/se\/wp-content\/uploads\/sites\/11\/2026\/01\/ek9lrhy-1.jpg\",\"width\":679,\"height\":648},{\"@type\":\"BreadcrumbList\",\"@id\":\"https:\/\/mekulo.com\/se\/produkt\/cymbal-for-minibilar\/#breadcrumb\",\"itemListElement\":[{\"@type\":\"ListItem\",\"position\":1,\"name\":\"Home\",\"item\":\"https:\/\/mekulo.com\/se\/\"},{\"@type\":\"ListItem\",\"position\":2,\"name\":\"Butik\",\"item\":\"https:\/\/mekulo.com\/se\/butik\/\"},{\"@type\":\"ListItem\",\"position\":3,\"name\":\"Cymbal f\u00f6r minibilar\"}]},{\"@type\":\"WebSite\",\"@id\":\"https:\/\/mekulo.com\/se\/#website\",\"url\":\"https:\/\/mekulo.com\/se\/\",\"name\":\"Mekulo SE\",\"description\":\"\",\"publisher\":{\"@id\":\"https:\/\/mekulo.com\/se\/#organization\"},\"potentialAction\":[{\"@type\":\"SearchAction\",\"target\":{\"@type\":\"EntryPoint\",\"urlTemplate\":\"https:\/\/mekulo.com\/se\/?s={search_term_string}\"},\"query-input\":{\"@type\":\"PropertyValueSpecification\",\"valueRequired\":true,\"valueName\":\"search_term_string\"}}],\"inLanguage\":\"sv-SE\"},{\"@type\":\"Organization\",\"@id\":\"https:\/\/mekulo.com\/se\/#organization\",\"name\":\"Mekulo\",\"url\":\"https:\/\/mekulo.com\/se\/\",\"logo\":{\"@type\":\"ImageObject\",\"inLanguage\":\"sv-SE\",\"@id\":\"https:\/\/mekulo.com\/se\/#\/schema\/logo\/image\/\",\"url\":\"https:\/\/mekulo.com\/se\/wp-content\/uploads\/sites\/11\/2025\/12\/favicon_mekulo.png\",\"contentUrl\":\"https:\/\/mekulo.com\/se\/wp-content\/uploads\/sites\/11\/2025\/12\/favicon_mekulo.png\",\"width\":50,\"height\":50,\"caption\":\"Mekulo\"},\"image\":{\"@id\":\"https:\/\/mekulo.com\/se\/#\/schema\/logo\/image\/\"}}]}<\/script>\n<!-- \/ Yoast SEO plugin. -->","yoast_head_json":{"title":"Cymbal f\u00f6r minibilar - Mekulo SE","robots":{"index":"index","follow":"follow","max-snippet":"max-snippet:-1","max-image-preview":"max-image-preview:large","max-video-preview":"max-video-preview:-1"},"canonical":"https:\/\/mekulo.com\/se\/produkt\/cymbal-for-minibilar\/","og_locale":"sv_SE","og_type":"article","og_title":"Cymbal f\u00f6r minibilar - Mekulo SE","og_description":"\ud83e\udd41Den h\u00e4r mini-bilcymbalen \u00e4r en liten, ventilationsmonterad cymbal utformad f\u00f6r att ge l\u00e4tt trumspel i ditt fordon n\u00e4r det \u00e4r parkerat. \ud83c\udfb6Tillverkad med riktig metallresonans, f\u00f6rvandlar den tr\u00e5kiga stunder till lekfull rytmtid och \u00e4r en unik present till trummisar och musik\u00e4lskare. \ud83d\ude97Den kompakta designen ger personlighet utan att blockera luftfl\u00f6det eller ta upp plats.","og_url":"https:\/\/mekulo.com\/se\/produkt\/cymbal-for-minibilar\/","og_site_name":"Mekulo SE","article_modified_time":"2026-01-26T23:14:25+00:00","og_image":[{"width":679,"height":648,"url":"https:\/\/mekulo.com\/se\/wp-content\/uploads\/sites\/11\/2026\/01\/ek9lrhy-1.jpg","type":"image\/jpeg"}],"twitter_card":"summary_large_image","twitter_misc":{"Ber\u00e4knad l\u00e4stid":"2 minuter"},"schema":{"@context":"https:\/\/schema.org","@graph":[{"@type":"WebPage","@id":"https:\/\/mekulo.com\/se\/produkt\/cymbal-for-minibilar\/","url":"https:\/\/mekulo.com\/se\/produkt\/cymbal-for-minibilar\/","name":"Cymbal f\u00f6r minibilar - Mekulo SE","isPartOf":{"@id":"https:\/\/mekulo.com\/se\/#website"},"primaryImageOfPage":{"@id":"https:\/\/mekulo.com\/se\/produkt\/cymbal-for-minibilar\/#primaryimage"},"image":{"@id":"https:\/\/mekulo.com\/se\/produkt\/cymbal-for-minibilar\/#primaryimage"},"thumbnailUrl":"https:\/\/mekulo.com\/se\/wp-content\/uploads\/sites\/11\/2026\/01\/ek9lrhy-1.jpg","datePublished":"2026-01-22T15:12:54+00:00","dateModified":"2026-01-26T23:14:25+00:00","breadcrumb":{"@id":"https:\/\/mekulo.com\/se\/produkt\/cymbal-for-minibilar\/#breadcrumb"},"inLanguage":"sv-SE","potentialAction":[{"@type":"ReadAction","target":["https:\/\/mekulo.com\/se\/produkt\/cymbal-for-minibilar\/"]}]},{"@type":"ImageObject","inLanguage":"sv-SE","@id":"https:\/\/mekulo.com\/se\/produkt\/cymbal-for-minibilar\/#primaryimage","url":"https:\/\/mekulo.com\/se\/wp-content\/uploads\/sites\/11\/2026\/01\/ek9lrhy-1.jpg","contentUrl":"https:\/\/mekulo.com\/se\/wp-content\/uploads\/sites\/11\/2026\/01\/ek9lrhy-1.jpg","width":679,"height":648},{"@type":"BreadcrumbList","@id":"https:\/\/mekulo.com\/se\/produkt\/cymbal-for-minibilar\/#breadcrumb","itemListElement":[{"@type":"ListItem","position":1,"name":"Home","item":"https:\/\/mekulo.com\/se\/"},{"@type":"ListItem","position":2,"name":"Butik","item":"https:\/\/mekulo.com\/se\/butik\/"},{"@type":"ListItem","position":3,"name":"Cymbal f\u00f6r minibilar"}]},{"@type":"WebSite","@id":"https:\/\/mekulo.com\/se\/#website","url":"https:\/\/mekulo.com\/se\/","name":"Mekulo SE","description":"","publisher":{"@id":"https:\/\/mekulo.com\/se\/#organization"},"potentialAction":[{"@type":"SearchAction","target":{"@type":"EntryPoint","urlTemplate":"https:\/\/mekulo.com\/se\/?s={search_term_string}"},"query-input":{"@type":"PropertyValueSpecification","valueRequired":true,"valueName":"search_term_string"}}],"inLanguage":"sv-SE"},{"@type":"Organization","@id":"https:\/\/mekulo.com\/se\/#organization","name":"Mekulo","url":"https:\/\/mekulo.com\/se\/","logo":{"@type":"ImageObject","inLanguage":"sv-SE","@id":"https:\/\/mekulo.com\/se\/#\/schema\/logo\/image\/","url":"https:\/\/mekulo.com\/se\/wp-content\/uploads\/sites\/11\/2025\/12\/favicon_mekulo.png","contentUrl":"https:\/\/mekulo.com\/se\/wp-content\/uploads\/sites\/11\/2025\/12\/favicon_mekulo.png","width":50,"height":50,"caption":"Mekulo"},"image":{"@id":"https:\/\/mekulo.com\/se\/#\/schema\/logo\/image\/"}}]}},"_links":{"self":[{"href":"https:\/\/mekulo.com\/se\/wp-json\/wp\/v2\/product\/18692","targetHints":{"allow":["GET"]}}],"collection":[{"href":"https:\/\/mekulo.com\/se\/wp-json\/wp\/v2\/product"}],"about":[{"href":"https:\/\/mekulo.com\/se\/wp-json\/wp\/v2\/types\/product"}],"replies":[{"embeddable":true,"href":"https:\/\/mekulo.com\/se\/wp-json\/wp\/v2\/comments?post=18692"}],"wp:featuredmedia":[{"embeddable":true,"href":"https:\/\/mekulo.com\/se\/wp-json\/wp\/v2\/media\/18688"}],"wp:attachment":[{"href":"https:\/\/mekulo.com\/se\/wp-json\/wp\/v2\/media?parent=18692"}],"wp:term":[{"taxonomy":"product_brand","embeddable":true,"href":"https:\/\/mekulo.com\/se\/wp-json\/wp\/v2\/product_brand?post=18692"},{"taxonomy":"product_cat","embeddable":true,"href":"https:\/\/mekulo.com\/se\/wp-json\/wp\/v2\/product_cat?post=18692"},{"taxonomy":"product_tag","embeddable":true,"href":"https:\/\/mekulo.com\/se\/wp-json\/wp\/v2\/product_tag?post=18692"}],"curies":[{"name":"wp","href":"https:\/\/api.w.org\/{rel}","templated":true}]}}