{"id":18638,"date":"2026-01-22T17:07:11","date_gmt":"2026-01-22T15:07:11","guid":{"rendered":"https:\/\/mekulo.com\/se\/produkt\/quad-oloppnare-och-hallare-2-st\/"},"modified":"2026-01-27T01:06:04","modified_gmt":"2026-01-26T23:06:04","slug":"quad-oloppnare-och-hallare-2-st","status":"publish","type":"product","link":"https:\/\/mekulo.com\/se\/produkt\/quad-oloppnare-och-hallare-2-st\/","title":{"rendered":"Quad \u00f6l\u00f6ppnare och h\u00e5llare (2 st)"},"content":{"rendered":"<p style=\"text-align: center;\" data-start=\"0\" data-end=\"57\"><strong data-start=\"0\" data-end=\"57\">\u00d6ppna och b\u00e4r fyra \u00f6l samtidigt med ett enkelt handgrepp. \ud83c\udf7a<\/strong><\/p>\n<p data-start=\"59\" data-end=\"273\"><img fetchpriority=\"high\" decoding=\"async\" class=\"size-full wp-image-21380 aligncenter\" src=\"https:\/\/mekulo.com\/template\/wp-content\/uploads\/sites\/6\/2026\/01\/3-20.jpg\" alt=\"\" width=\"1080\" height=\"1080\" \/><\/p>\n<h2 style=\"text-align: center;\" data-start=\"280\" data-end=\"300\">Huvudf\u00f6rdelar \ud83c\udf7b<\/h2>\n<p data-start=\"303\" data-end=\"375\">\ud83c\udf7a \u00d6ppnar fyra flaskor samtidigt &#8211; Snabb och enkel flask\u00f6ppning.<\/p>\n<p data-start=\"378\" data-end=\"443\">\u270b Inbyggd b\u00e4rare &#8211; B\u00e4r upp till fyra \u00f6ppnade \u00f6l tillsammans.<\/p>\n<p data-start=\"446\" data-end=\"504\">\ud83d\udcaa Starkt rostfritt st\u00e5l &#8211; H\u00e5llbart och l\u00e5ngvarigt.<\/p>\n<p data-start=\"507\" data-end=\"575\">\ud83c\udf89 Perfekt f\u00f6r fester &#8211; Perfekt f\u00f6r BBQ, bakluckeloppisar och evenemang.<\/p>\n<p data-start=\"578\" data-end=\"637\">\u2728 Snygg design &#8211; Ren look med klassisk \u00f6lstil.<\/p>\n<p data-start=\"640\" data-end=\"688\">\ud83d\udd27 Enkel att anv\u00e4nda &#8211; Inga f\u00e4rdigheter eller verktyg beh\u00f6vs.<\/p>\n<p data-start=\"640\" data-end=\"688\"><img decoding=\"async\" class=\"size-full wp-image-21377 aligncenter\" src=\"https:\/\/mekulo.com\/template\/wp-content\/uploads\/sites\/6\/2026\/01\/4-12.jpeg\" alt=\"\" width=\"800\" height=\"800\" \/><\/p>\n<h2 style=\"text-align: center;\" data-start=\"695\" data-end=\"709\">Hur man anv\u00e4nder \ud83d\udccc<\/h2>\n<ol data-start=\"710\" data-end=\"936\">\n<li data-start=\"710\" data-end=\"754\">\n<p data-start=\"713\" data-end=\"754\">Placera \u00f6ppnaren \u00f6ver fyra kapsyler.<\/p>\n<\/li>\n<li data-start=\"755\" data-end=\"800\">\n<p data-start=\"758\" data-end=\"800\">Se till att alla kapsyler \u00e4r ordentligt inriktade.<\/p>\n<\/li>\n<li data-start=\"801\" data-end=\"824\">\n<p data-start=\"804\" data-end=\"824\">Tryck ner ordentligt.<\/p>\n<\/li>\n<li data-start=\"825\" data-end=\"853\">\n<p data-start=\"828\" data-end=\"853\">Lyft \u00f6ppnaren upp\u00e5t.<\/p>\n<\/li>\n<li data-start=\"854\" data-end=\"901\">\n<p data-start=\"857\" data-end=\"901\">B\u00e4r de \u00f6ppnade flaskorna med handtaget.<\/p>\n<\/li>\n<li data-start=\"902\" data-end=\"936\">\n<p data-start=\"905\" data-end=\"936\">Njut och dela med v\u00e4nner.<\/p>\n<\/li>\n<\/ol>\n<h2 style=\"text-align: center;\" data-start=\"943\" data-end=\"962\">Produktdetaljer \ud83d\udccf<\/h2>\n<ul data-start=\"963\" data-end=\"1185\">\n<li data-start=\"1008\" data-end=\"1037\">\n<p data-start=\"1010\" data-end=\"1037\">Material: Rostfritt st\u00e5l<\/p>\n<\/li>\n<li data-start=\"1038\" data-end=\"1057\">\n<p data-start=\"1040\" data-end=\"1057\">F\u00e4rg: Gr\u00e5<\/p>\n<\/li>\n<li data-start=\"1058\" data-end=\"1094\">\n<p data-start=\"1060\" data-end=\"1094\">Storlek: Cirka 27 x 12,8 x 5,5 cm<\/p>\n<\/li>\n<li data-start=\"1095\" data-end=\"1139\">\n<p data-start=\"1097\" data-end=\"1139\">Funktion: \u00d6ppnar och b\u00e4r fyra flaskor<\/p>\n<\/li>\n<li data-start=\"1140\" data-end=\"1185\">\n<p data-start=\"1142\" data-end=\"1185\">Anv\u00e4ndning: Fester, BBQ, bakluckor, sammankomster<\/p>\n<\/li>\n<\/ul>\n<h2 style=\"text-align: center;\" data-start=\"1192\" data-end=\"1212\">Paketet inneh\u00e5ller \ud83d\udce6<\/h2>\n<ul data-start=\"1213\" data-end=\"1317\" data-is-last-node=\"\" data-is-only-node=\"\">\n<li data-start=\"1257\" data-end=\"1317\" data-is-last-node=\"\">\n<p data-start=\"1259\" data-end=\"1317\" data-is-last-node=\"\">2x quad \u00f6l\u00f6ppnare och b\u00e4rare.<\/p>\n<\/li>\n<\/ul>\n","protected":false},"excerpt":{"rendered":"<p>\ud83c\udf7bMed den h\u00e4r fyrdubbla \u00f6l\u00f6ppnaren och b\u00e4raren kan du \u00f6ppna fyra flaskor samtidigt och b\u00e4ra dem tillsammans.<br \/>\n\ud83c\udf56Den sparar tid, minskar anstr\u00e4ngningen och g\u00f6r serveringen av drycker snabbare och roligare p\u00e5 fester, grillfester och sammankomster.<br \/>\n\ud83d\udeb6Den \u00e4r perfekt f\u00f6r att dela drycker utan att springa fram och tillbaka.<\/p>\n","protected":false},"featured_media":18634,"comment_status":"open","ping_status":"closed","template":"","meta":{"site-sidebar-layout":"default","site-content-layout":"","ast-site-content-layout":"default","site-content-style":"default","site-sidebar-style":"default","ast-global-header-display":"","ast-banner-title-visibility":"","ast-main-header-display":"","ast-hfb-above-header-display":"","ast-hfb-below-header-display":"","ast-hfb-mobile-header-display":"","site-post-title":"","ast-breadcrumbs-content":"","ast-featured-img":"","footer-sml-layout":"","theme-transparent-header-meta":"default","adv-header-id-meta":"","stick-header-meta":"","header-above-stick-meta":"","header-main-stick-meta":"","header-below-stick-meta":"","astra-migrate-meta-layouts":"set","ast-page-background-enabled":"default","ast-page-background-meta":{"desktop":{"background-color":"var(--ast-global-color-5)","background-image":"","background-repeat":"repeat","background-position":"center center","background-size":"auto","background-attachment":"scroll","background-type":"","background-media":"","overlay-type":"","overlay-color":"","overlay-opacity":"","overlay-gradient":""},"tablet":{"background-color":"","background-image":"","background-repeat":"repeat","background-position":"center center","background-size":"auto","background-attachment":"scroll","background-type":"","background-media":"","overlay-type":"","overlay-color":"","overlay-opacity":"","overlay-gradient":""},"mobile":{"background-color":"","background-image":"","background-repeat":"repeat","background-position":"center center","background-size":"auto","background-attachment":"scroll","background-type":"","background-media":"","overlay-type":"","overlay-color":"","overlay-opacity":"","overlay-gradient":""}},"ast-content-background-meta":{"desktop":{"background-color":"var(--ast-global-color-4)","background-image":"","background-repeat":"repeat","background-position":"center center","background-size":"auto","background-attachment":"scroll","background-type":"","background-media":"","overlay-type":"","overlay-color":"","overlay-opacity":"","overlay-gradient":""},"tablet":{"background-color":"var(--ast-global-color-4)","background-image":"","background-repeat":"repeat","background-position":"center center","background-size":"auto","background-attachment":"scroll","background-type":"","background-media":"","overlay-type":"","overlay-color":"","overlay-opacity":"","overlay-gradient":""},"mobile":{"background-color":"var(--ast-global-color-4)","background-image":"","background-repeat":"repeat","background-position":"center center","background-size":"auto","background-attachment":"scroll","background-type":"","background-media":"","overlay-type":"","overlay-color":"","overlay-opacity":"","overlay-gradient":""}}},"product_brand":[],"product_cat":[15],"product_tag":[],"class_list":{"0":"post-18638","1":"product","2":"type-product","3":"status-publish","4":"has-post-thumbnail","6":"product_cat-uncategorized","7":"desktop-align-left","8":"tablet-align-left","9":"mobile-align-left","11":"first","12":"instock","13":"shipping-taxable","14":"purchasable","15":"product-type-simple"},"yoast_head":"<!-- This site is optimized with the Yoast SEO plugin v26.6 - https:\/\/yoast.com\/wordpress\/plugins\/seo\/ -->\n<title>Quad \u00f6l\u00f6ppnare och h\u00e5llare (2 st) - Mekulo SE<\/title>\n<meta name=\"robots\" content=\"index, follow, max-snippet:-1, max-image-preview:large, max-video-preview:-1\" \/>\n<link rel=\"canonical\" href=\"https:\/\/mekulo.com\/se\/produkt\/quad-oloppnare-och-hallare-2-st\/\" \/>\n<meta property=\"og:locale\" content=\"sv_SE\" \/>\n<meta property=\"og:type\" content=\"article\" \/>\n<meta property=\"og:title\" content=\"Quad \u00f6l\u00f6ppnare och h\u00e5llare (2 st) - Mekulo SE\" \/>\n<meta property=\"og:description\" content=\"\ud83c\udf7bMed den h\u00e4r fyrdubbla \u00f6l\u00f6ppnaren och b\u00e4raren kan du \u00f6ppna fyra flaskor samtidigt och b\u00e4ra dem tillsammans. \ud83c\udf56Den sparar tid, minskar anstr\u00e4ngningen och g\u00f6r serveringen av drycker snabbare och roligare p\u00e5 fester, grillfester och sammankomster. \ud83d\udeb6Den \u00e4r perfekt f\u00f6r att dela drycker utan att springa fram och tillbaka.\" \/>\n<meta property=\"og:url\" content=\"https:\/\/mekulo.com\/se\/produkt\/quad-oloppnare-och-hallare-2-st\/\" \/>\n<meta property=\"og:site_name\" content=\"Mekulo SE\" \/>\n<meta property=\"article:modified_time\" content=\"2026-01-26T23:06:04+00:00\" \/>\n<meta property=\"og:image\" content=\"https:\/\/mekulo.com\/se\/wp-content\/uploads\/sites\/11\/2026\/01\/sa3xvdo-1.jpeg\" \/>\n\t<meta property=\"og:image:width\" content=\"800\" \/>\n\t<meta property=\"og:image:height\" content=\"800\" \/>\n\t<meta property=\"og:image:type\" content=\"image\/jpeg\" \/>\n<meta name=\"twitter:card\" content=\"summary_large_image\" \/>\n<meta name=\"twitter:label1\" content=\"Ber\u00e4knad l\u00e4stid\" \/>\n\t<meta name=\"twitter:data1\" content=\"2 minuter\" \/>\n<script type=\"application\/ld+json\" class=\"yoast-schema-graph\">{\"@context\":\"https:\/\/schema.org\",\"@graph\":[{\"@type\":\"WebPage\",\"@id\":\"https:\/\/mekulo.com\/se\/produkt\/quad-oloppnare-och-hallare-2-st\/\",\"url\":\"https:\/\/mekulo.com\/se\/produkt\/quad-oloppnare-och-hallare-2-st\/\",\"name\":\"Quad \u00f6l\u00f6ppnare och h\u00e5llare (2 st) - Mekulo SE\",\"isPartOf\":{\"@id\":\"https:\/\/mekulo.com\/se\/#website\"},\"primaryImageOfPage\":{\"@id\":\"https:\/\/mekulo.com\/se\/produkt\/quad-oloppnare-och-hallare-2-st\/#primaryimage\"},\"image\":{\"@id\":\"https:\/\/mekulo.com\/se\/produkt\/quad-oloppnare-och-hallare-2-st\/#primaryimage\"},\"thumbnailUrl\":\"https:\/\/mekulo.com\/se\/wp-content\/uploads\/sites\/11\/2026\/01\/sa3xvdo-1.jpeg\",\"datePublished\":\"2026-01-22T15:07:11+00:00\",\"dateModified\":\"2026-01-26T23:06:04+00:00\",\"breadcrumb\":{\"@id\":\"https:\/\/mekulo.com\/se\/produkt\/quad-oloppnare-och-hallare-2-st\/#breadcrumb\"},\"inLanguage\":\"sv-SE\",\"potentialAction\":[{\"@type\":\"ReadAction\",\"target\":[\"https:\/\/mekulo.com\/se\/produkt\/quad-oloppnare-och-hallare-2-st\/\"]}]},{\"@type\":\"ImageObject\",\"inLanguage\":\"sv-SE\",\"@id\":\"https:\/\/mekulo.com\/se\/produkt\/quad-oloppnare-och-hallare-2-st\/#primaryimage\",\"url\":\"https:\/\/mekulo.com\/se\/wp-content\/uploads\/sites\/11\/2026\/01\/sa3xvdo-1.jpeg\",\"contentUrl\":\"https:\/\/mekulo.com\/se\/wp-content\/uploads\/sites\/11\/2026\/01\/sa3xvdo-1.jpeg\",\"width\":800,\"height\":800},{\"@type\":\"BreadcrumbList\",\"@id\":\"https:\/\/mekulo.com\/se\/produkt\/quad-oloppnare-och-hallare-2-st\/#breadcrumb\",\"itemListElement\":[{\"@type\":\"ListItem\",\"position\":1,\"name\":\"Home\",\"item\":\"https:\/\/mekulo.com\/se\/\"},{\"@type\":\"ListItem\",\"position\":2,\"name\":\"Butik\",\"item\":\"https:\/\/mekulo.com\/se\/butik\/\"},{\"@type\":\"ListItem\",\"position\":3,\"name\":\"Quad \u00f6l\u00f6ppnare och h\u00e5llare (2 st)\"}]},{\"@type\":\"WebSite\",\"@id\":\"https:\/\/mekulo.com\/se\/#website\",\"url\":\"https:\/\/mekulo.com\/se\/\",\"name\":\"Mekulo SE\",\"description\":\"\",\"publisher\":{\"@id\":\"https:\/\/mekulo.com\/se\/#organization\"},\"potentialAction\":[{\"@type\":\"SearchAction\",\"target\":{\"@type\":\"EntryPoint\",\"urlTemplate\":\"https:\/\/mekulo.com\/se\/?s={search_term_string}\"},\"query-input\":{\"@type\":\"PropertyValueSpecification\",\"valueRequired\":true,\"valueName\":\"search_term_string\"}}],\"inLanguage\":\"sv-SE\"},{\"@type\":\"Organization\",\"@id\":\"https:\/\/mekulo.com\/se\/#organization\",\"name\":\"Mekulo\",\"url\":\"https:\/\/mekulo.com\/se\/\",\"logo\":{\"@type\":\"ImageObject\",\"inLanguage\":\"sv-SE\",\"@id\":\"https:\/\/mekulo.com\/se\/#\/schema\/logo\/image\/\",\"url\":\"https:\/\/mekulo.com\/se\/wp-content\/uploads\/sites\/11\/2025\/12\/favicon_mekulo.png\",\"contentUrl\":\"https:\/\/mekulo.com\/se\/wp-content\/uploads\/sites\/11\/2025\/12\/favicon_mekulo.png\",\"width\":50,\"height\":50,\"caption\":\"Mekulo\"},\"image\":{\"@id\":\"https:\/\/mekulo.com\/se\/#\/schema\/logo\/image\/\"}}]}<\/script>\n<!-- \/ Yoast SEO plugin. -->","yoast_head_json":{"title":"Quad \u00f6l\u00f6ppnare och h\u00e5llare (2 st) - Mekulo SE","robots":{"index":"index","follow":"follow","max-snippet":"max-snippet:-1","max-image-preview":"max-image-preview:large","max-video-preview":"max-video-preview:-1"},"canonical":"https:\/\/mekulo.com\/se\/produkt\/quad-oloppnare-och-hallare-2-st\/","og_locale":"sv_SE","og_type":"article","og_title":"Quad \u00f6l\u00f6ppnare och h\u00e5llare (2 st) - Mekulo SE","og_description":"\ud83c\udf7bMed den h\u00e4r fyrdubbla \u00f6l\u00f6ppnaren och b\u00e4raren kan du \u00f6ppna fyra flaskor samtidigt och b\u00e4ra dem tillsammans. \ud83c\udf56Den sparar tid, minskar anstr\u00e4ngningen och g\u00f6r serveringen av drycker snabbare och roligare p\u00e5 fester, grillfester och sammankomster. \ud83d\udeb6Den \u00e4r perfekt f\u00f6r att dela drycker utan att springa fram och tillbaka.","og_url":"https:\/\/mekulo.com\/se\/produkt\/quad-oloppnare-och-hallare-2-st\/","og_site_name":"Mekulo SE","article_modified_time":"2026-01-26T23:06:04+00:00","og_image":[{"width":800,"height":800,"url":"https:\/\/mekulo.com\/se\/wp-content\/uploads\/sites\/11\/2026\/01\/sa3xvdo-1.jpeg","type":"image\/jpeg"}],"twitter_card":"summary_large_image","twitter_misc":{"Ber\u00e4knad l\u00e4stid":"2 minuter"},"schema":{"@context":"https:\/\/schema.org","@graph":[{"@type":"WebPage","@id":"https:\/\/mekulo.com\/se\/produkt\/quad-oloppnare-och-hallare-2-st\/","url":"https:\/\/mekulo.com\/se\/produkt\/quad-oloppnare-och-hallare-2-st\/","name":"Quad \u00f6l\u00f6ppnare och h\u00e5llare (2 st) - Mekulo SE","isPartOf":{"@id":"https:\/\/mekulo.com\/se\/#website"},"primaryImageOfPage":{"@id":"https:\/\/mekulo.com\/se\/produkt\/quad-oloppnare-och-hallare-2-st\/#primaryimage"},"image":{"@id":"https:\/\/mekulo.com\/se\/produkt\/quad-oloppnare-och-hallare-2-st\/#primaryimage"},"thumbnailUrl":"https:\/\/mekulo.com\/se\/wp-content\/uploads\/sites\/11\/2026\/01\/sa3xvdo-1.jpeg","datePublished":"2026-01-22T15:07:11+00:00","dateModified":"2026-01-26T23:06:04+00:00","breadcrumb":{"@id":"https:\/\/mekulo.com\/se\/produkt\/quad-oloppnare-och-hallare-2-st\/#breadcrumb"},"inLanguage":"sv-SE","potentialAction":[{"@type":"ReadAction","target":["https:\/\/mekulo.com\/se\/produkt\/quad-oloppnare-och-hallare-2-st\/"]}]},{"@type":"ImageObject","inLanguage":"sv-SE","@id":"https:\/\/mekulo.com\/se\/produkt\/quad-oloppnare-och-hallare-2-st\/#primaryimage","url":"https:\/\/mekulo.com\/se\/wp-content\/uploads\/sites\/11\/2026\/01\/sa3xvdo-1.jpeg","contentUrl":"https:\/\/mekulo.com\/se\/wp-content\/uploads\/sites\/11\/2026\/01\/sa3xvdo-1.jpeg","width":800,"height":800},{"@type":"BreadcrumbList","@id":"https:\/\/mekulo.com\/se\/produkt\/quad-oloppnare-och-hallare-2-st\/#breadcrumb","itemListElement":[{"@type":"ListItem","position":1,"name":"Home","item":"https:\/\/mekulo.com\/se\/"},{"@type":"ListItem","position":2,"name":"Butik","item":"https:\/\/mekulo.com\/se\/butik\/"},{"@type":"ListItem","position":3,"name":"Quad \u00f6l\u00f6ppnare och h\u00e5llare (2 st)"}]},{"@type":"WebSite","@id":"https:\/\/mekulo.com\/se\/#website","url":"https:\/\/mekulo.com\/se\/","name":"Mekulo SE","description":"","publisher":{"@id":"https:\/\/mekulo.com\/se\/#organization"},"potentialAction":[{"@type":"SearchAction","target":{"@type":"EntryPoint","urlTemplate":"https:\/\/mekulo.com\/se\/?s={search_term_string}"},"query-input":{"@type":"PropertyValueSpecification","valueRequired":true,"valueName":"search_term_string"}}],"inLanguage":"sv-SE"},{"@type":"Organization","@id":"https:\/\/mekulo.com\/se\/#organization","name":"Mekulo","url":"https:\/\/mekulo.com\/se\/","logo":{"@type":"ImageObject","inLanguage":"sv-SE","@id":"https:\/\/mekulo.com\/se\/#\/schema\/logo\/image\/","url":"https:\/\/mekulo.com\/se\/wp-content\/uploads\/sites\/11\/2025\/12\/favicon_mekulo.png","contentUrl":"https:\/\/mekulo.com\/se\/wp-content\/uploads\/sites\/11\/2025\/12\/favicon_mekulo.png","width":50,"height":50,"caption":"Mekulo"},"image":{"@id":"https:\/\/mekulo.com\/se\/#\/schema\/logo\/image\/"}}]}},"_links":{"self":[{"href":"https:\/\/mekulo.com\/se\/wp-json\/wp\/v2\/product\/18638","targetHints":{"allow":["GET"]}}],"collection":[{"href":"https:\/\/mekulo.com\/se\/wp-json\/wp\/v2\/product"}],"about":[{"href":"https:\/\/mekulo.com\/se\/wp-json\/wp\/v2\/types\/product"}],"replies":[{"embeddable":true,"href":"https:\/\/mekulo.com\/se\/wp-json\/wp\/v2\/comments?post=18638"}],"wp:featuredmedia":[{"embeddable":true,"href":"https:\/\/mekulo.com\/se\/wp-json\/wp\/v2\/media\/18634"}],"wp:attachment":[{"href":"https:\/\/mekulo.com\/se\/wp-json\/wp\/v2\/media?parent=18638"}],"wp:term":[{"taxonomy":"product_brand","embeddable":true,"href":"https:\/\/mekulo.com\/se\/wp-json\/wp\/v2\/product_brand?post=18638"},{"taxonomy":"product_cat","embeddable":true,"href":"https:\/\/mekulo.com\/se\/wp-json\/wp\/v2\/product_cat?post=18638"},{"taxonomy":"product_tag","embeddable":true,"href":"https:\/\/mekulo.com\/se\/wp-json\/wp\/v2\/product_tag?post=18638"}],"curies":[{"name":"wp","href":"https:\/\/api.w.org\/{rel}","templated":true}]}}