{"id":18592,"date":"2026-01-22T17:03:25","date_gmt":"2026-01-22T15:03:25","guid":{"rendered":"https:\/\/mekulo.com\/se\/produkt\/soldat-halsar-flaskoppnare-hjalm\/"},"modified":"2026-02-03T17:12:37","modified_gmt":"2026-02-03T15:12:37","slug":"soldat-halsar-flaskoppnare-hjalm","status":"publish","type":"product","link":"https:\/\/mekulo.com\/se\/produkt\/soldat-halsar-flaskoppnare-hjalm\/","title":{"rendered":"Soldat h\u00e4lsar flask\u00f6ppnare hj\u00e4lm"},"content":{"rendered":"<div class=\"flex max-w-full flex-col grow\">\n<div class=\"min-h-8 text-message relative flex w-full flex-col items-end gap-2 text-start break-words whitespace-normal [.text-message+&amp;]:mt-1\" dir=\"auto\" data-message-author-role=\"assistant\" data-message-id=\"a957dae7-92d5-491e-90b0-f299506f1358\" data-message-model-slug=\"gpt-5-2\">\n<div class=\"flex w-full flex-col gap-1 empty:hidden first:pt-[1px]\">\n<div class=\"markdown prose dark:prose-invert w-full break-words light markdown-new-styling\">\n<p style=\"text-align: center\" data-start=\"0\" data-end=\"65\"><strong data-start=\"0\" data-end=\"65\">\u00d6ppna Och Skydda Din Drink Med En Rolig Soldath\u00e4lsningsdesign. \ud83c\udf7e<\/strong><\/p>\n<p data-start=\"0\" data-end=\"65\"><img decoding=\"async\" class=\"size-full wp-image-21361 aligncenter\" src=\"https:\/\/mekulo.com\/template\/wp-content\/uploads\/sites\/6\/2026\/01\/98690ba2abe5b3b382aee4e23925bf9d0b93b4fb.avif\" alt=\"\" \/><\/p>\n<h2 style=\"text-align: center\" data-start=\"340\" data-end=\"360\">Huvudf\u00f6rdelar \ud83c\udf7a<\/h2>\n<p data-start=\"363\" data-end=\"433\">\ud83e\ude96 Unik soldath\u00e4lsningsdesign &#8211; Roligt och i\u00f6gonfallande tillbeh\u00f6r.<\/p>\n<p data-start=\"436\" data-end=\"494\">\ud83e\udd9f H\u00e5ller drycker rena &#8211; Hj\u00e4lper till att blockera damm och insekter.<\/p>\n<p data-start=\"497\" data-end=\"561\">\ud83e\uddf2 L\u00e4tt att anv\u00e4nda &#8211; Inga verktyg beh\u00f6vs, placera bara p\u00e5 flaskan.<\/p>\n<p data-start=\"564\" data-end=\"630\">\u267b\ufe0f \u00c5teranv\u00e4ndbar &amp; l\u00e4ttvikt &#8211; H\u00e5llbar plast f\u00f6r upprepad anv\u00e4ndning.<\/p>\n<p data-start=\"633\" data-end=\"690\">\ud83c\udf89 Perfekt f\u00f6r fester &#8211; Bra konversationsstartare.<\/p>\n<p data-start=\"693\" data-end=\"754\">\ud83c\udf81 Bra presentid\u00e9 &#8211; Perfekt f\u00f6r veteraner och \u00f6l\u00e4lskare.<\/p>\n<p data-start=\"693\" data-end=\"754\"><img fetchpriority=\"high\" decoding=\"async\" class=\"size-full wp-image-21357 aligncenter\" src=\"https:\/\/mekulo.com\/template\/wp-content\/uploads\/sites\/6\/2026\/01\/S94d0914c6576417d85f9e2bbd584e97bH.jpg_960x960q75.jpg_.jpg\" alt=\"\" width=\"1080\" height=\"1080\" \/><\/p>\n<h2 style=\"text-align: center\" data-start=\"761\" data-end=\"775\">Hur Man Anv\u00e4nder \ud83d\udccc<\/h2>\n<ol data-start=\"776\" data-end=\"1007\">\n<li data-start=\"776\" data-end=\"807\">\n<p data-start=\"779\" data-end=\"807\">\u00d6ppna din flaska som vanligt.<\/p>\n<\/li>\n<li data-start=\"808\" data-end=\"861\">\n<p data-start=\"811\" data-end=\"861\">Placera hj\u00e4lmtoppen \u00f6ver flask\u00f6ppningen.<\/p>\n<\/li>\n<li data-start=\"862\" data-end=\"902\">\n<p data-start=\"865\" data-end=\"902\">Tryck f\u00f6rsiktigt f\u00f6r att s\u00e4kra den p\u00e5 plats.<\/p>\n<\/li>\n<li data-start=\"903\" data-end=\"966\">\n<p data-start=\"906\" data-end=\"966\">Drick bekv\u00e4mt medan hj\u00e4lmen skyddar din dryck.<\/p>\n<\/li>\n<li data-start=\"967\" data-end=\"1007\">\n<p data-start=\"970\" data-end=\"1007\">Ta bort, sk\u00f6lj och \u00e5teranv\u00e4nd efter anv\u00e4ndning.<\/p>\n<\/li>\n<\/ol>\n<h2 style=\"text-align: center\" data-start=\"1014\" data-end=\"1033\">Produktdetaljer \ud83d\udccf<\/h2>\n<ul data-start=\"1034\" data-end=\"1293\">\n<li data-start=\"1088\" data-end=\"1115\">\n<p data-start=\"1090\" data-end=\"1115\">Material: Plast (PLA)<\/p>\n<\/li>\n<li data-start=\"1116\" data-end=\"1159\">\n<p data-start=\"1118\" data-end=\"1159\">Design: Soldathj\u00e4lm med h\u00e4lsningspose<\/p>\n<\/li>\n<li data-start=\"1160\" data-end=\"1209\">\n<p data-start=\"1162\" data-end=\"1209\">Storlek: 85 x 85 x 40 mm<\/p>\n<\/li>\n<li data-start=\"1210\" data-end=\"1245\">\n<p data-start=\"1212\" data-end=\"1245\">Passform: De flesta vanliga \u00f6lflaskor<\/p>\n<\/li>\n<li data-start=\"1246\" data-end=\"1293\">\n<p data-start=\"1248\" data-end=\"1293\">Anv\u00e4ndning: Dryckesskydd och nyhetstillbeh\u00f6r<\/p>\n<\/li>\n<\/ul>\n<h2 style=\"text-align: center\" data-start=\"1300\" data-end=\"1320\">Paketet Inneh\u00e5ller \ud83d\udce6<\/h2>\n<ul data-start=\"1321\" data-end=\"1400\" data-is-last-node=\"\" data-is-only-node=\"\">\n<li data-start=\"1321\" data-end=\"1400\" data-is-last-node=\"\">\n<p data-start=\"1323\" data-end=\"1400\" data-is-last-node=\"\">2, 3x soldat salute flask\u00f6ppnare hj\u00e4lmar.<\/p>\n<\/li>\n<\/ul>\n<\/div>\n<\/div>\n<\/div>\n<\/div>\n","protected":false},"excerpt":{"rendered":"<p>\ud83e\ude96Den h\u00e4r hj\u00e4lmen med flask\u00f6ppnare f\u00f6r soldath\u00e4lsning \u00e4r ett kreativt flasktillbeh\u00f6r som ger personlighet samtidigt som den h\u00e5ller din dryck ren.<br \/>\n\ud83e\udeb0Den passar \u00f6ver de flesta standardflaskor f\u00f6r att blockera damm och insekter, vilket g\u00f6r varje klunk trevligare p\u00e5 fester, grillfester eller andra sammankomster.<br \/>\n\ud83c\udf89Den lekfulla designen f\u00f6rvandlar omedelbart en vanlig dryck till ett roligt samtals\u00e4mne.<\/p>\n","protected":false},"featured_media":18588,"comment_status":"open","ping_status":"closed","template":"","meta":{"site-sidebar-layout":"default","site-content-layout":"","ast-site-content-layout":"default","site-content-style":"default","site-sidebar-style":"default","ast-global-header-display":"","ast-banner-title-visibility":"","ast-main-header-display":"","ast-hfb-above-header-display":"","ast-hfb-below-header-display":"","ast-hfb-mobile-header-display":"","site-post-title":"","ast-breadcrumbs-content":"","ast-featured-img":"","footer-sml-layout":"","theme-transparent-header-meta":"default","adv-header-id-meta":"","stick-header-meta":"","header-above-stick-meta":"","header-main-stick-meta":"","header-below-stick-meta":"","astra-migrate-meta-layouts":"set","ast-page-background-enabled":"default","ast-page-background-meta":{"desktop":{"background-color":"var(--ast-global-color-5)","background-image":"","background-repeat":"repeat","background-position":"center center","background-size":"auto","background-attachment":"scroll","background-type":"","background-media":"","overlay-type":"","overlay-color":"","overlay-opacity":"","overlay-gradient":""},"tablet":{"background-color":"","background-image":"","background-repeat":"repeat","background-position":"center center","background-size":"auto","background-attachment":"scroll","background-type":"","background-media":"","overlay-type":"","overlay-color":"","overlay-opacity":"","overlay-gradient":""},"mobile":{"background-color":"","background-image":"","background-repeat":"repeat","background-position":"center center","background-size":"auto","background-attachment":"scroll","background-type":"","background-media":"","overlay-type":"","overlay-color":"","overlay-opacity":"","overlay-gradient":""}},"ast-content-background-meta":{"desktop":{"background-color":"var(--ast-global-color-4)","background-image":"","background-repeat":"repeat","background-position":"center center","background-size":"auto","background-attachment":"scroll","background-type":"","background-media":"","overlay-type":"","overlay-color":"","overlay-opacity":"","overlay-gradient":""},"tablet":{"background-color":"var(--ast-global-color-4)","background-image":"","background-repeat":"repeat","background-position":"center center","background-size":"auto","background-attachment":"scroll","background-type":"","background-media":"","overlay-type":"","overlay-color":"","overlay-opacity":"","overlay-gradient":""},"mobile":{"background-color":"var(--ast-global-color-4)","background-image":"","background-repeat":"repeat","background-position":"center center","background-size":"auto","background-attachment":"scroll","background-type":"","background-media":"","overlay-type":"","overlay-color":"","overlay-opacity":"","overlay-gradient":""}}},"product_brand":[],"product_cat":[168],"product_tag":[],"class_list":{"0":"post-18592","1":"product","2":"type-product","3":"status-publish","4":"has-post-thumbnail","6":"product_cat-hushallsartiklar","7":"pa_51395_89uakjcz-a","8":"pa_51395_89uakjcz-b","9":"pa_51395_89uakjcz-c","10":"pa_51395_vsao21eg-2-st","11":"pa_51395_vsao21eg-3-st","12":"desktop-align-left","13":"tablet-align-left","14":"mobile-align-left","16":"first","17":"instock","18":"shipping-taxable","19":"purchasable","20":"product-type-variable","21":"has-default-attributes"},"yoast_head":"<!-- This site is optimized with the Yoast SEO plugin v26.6 - https:\/\/yoast.com\/wordpress\/plugins\/seo\/ -->\n<title>Soldat h\u00e4lsar flask\u00f6ppnare hj\u00e4lm - Mekulo SE<\/title>\n<meta name=\"robots\" content=\"index, follow, max-snippet:-1, max-image-preview:large, max-video-preview:-1\" \/>\n<link rel=\"canonical\" href=\"https:\/\/mekulo.com\/se\/produkt\/soldat-halsar-flaskoppnare-hjalm\/\" \/>\n<meta property=\"og:locale\" content=\"sv_SE\" \/>\n<meta property=\"og:type\" content=\"article\" \/>\n<meta property=\"og:title\" content=\"Soldat h\u00e4lsar flask\u00f6ppnare hj\u00e4lm - Mekulo SE\" \/>\n<meta property=\"og:description\" content=\"\ud83e\ude96Den h\u00e4r hj\u00e4lmen med flask\u00f6ppnare f\u00f6r soldath\u00e4lsning \u00e4r ett kreativt flasktillbeh\u00f6r som ger personlighet samtidigt som den h\u00e5ller din dryck ren. \ud83e\udeb0Den passar \u00f6ver de flesta standardflaskor f\u00f6r att blockera damm och insekter, vilket g\u00f6r varje klunk trevligare p\u00e5 fester, grillfester eller andra sammankomster. \ud83c\udf89Den lekfulla designen f\u00f6rvandlar omedelbart en vanlig dryck till ett roligt samtals\u00e4mne.\" \/>\n<meta property=\"og:url\" content=\"https:\/\/mekulo.com\/se\/produkt\/soldat-halsar-flaskoppnare-hjalm\/\" \/>\n<meta property=\"og:site_name\" content=\"Mekulo SE\" \/>\n<meta property=\"article:modified_time\" content=\"2026-02-03T15:12:37+00:00\" \/>\n<meta property=\"og:image\" content=\"https:\/\/mekulo.com\/se\/wp-content\/uploads\/sites\/11\/2026\/01\/gkvjw1t-1.jpg\" \/>\n\t<meta property=\"og:image:width\" content=\"1080\" \/>\n\t<meta property=\"og:image:height\" content=\"1080\" \/>\n\t<meta property=\"og:image:type\" content=\"image\/jpeg\" \/>\n<meta name=\"twitter:card\" content=\"summary_large_image\" \/>\n<meta name=\"twitter:label1\" content=\"Ber\u00e4knad l\u00e4stid\" \/>\n\t<meta name=\"twitter:data1\" content=\"2 minuter\" \/>\n<script type=\"application\/ld+json\" class=\"yoast-schema-graph\">{\"@context\":\"https:\/\/schema.org\",\"@graph\":[{\"@type\":\"WebPage\",\"@id\":\"https:\/\/mekulo.com\/se\/produkt\/soldat-halsar-flaskoppnare-hjalm\/\",\"url\":\"https:\/\/mekulo.com\/se\/produkt\/soldat-halsar-flaskoppnare-hjalm\/\",\"name\":\"Soldat h\u00e4lsar flask\u00f6ppnare hj\u00e4lm - Mekulo SE\",\"isPartOf\":{\"@id\":\"https:\/\/mekulo.com\/se\/#website\"},\"primaryImageOfPage\":{\"@id\":\"https:\/\/mekulo.com\/se\/produkt\/soldat-halsar-flaskoppnare-hjalm\/#primaryimage\"},\"image\":{\"@id\":\"https:\/\/mekulo.com\/se\/produkt\/soldat-halsar-flaskoppnare-hjalm\/#primaryimage\"},\"thumbnailUrl\":\"https:\/\/mekulo.com\/se\/wp-content\/uploads\/sites\/11\/2026\/01\/gkvjw1t-1.jpg\",\"datePublished\":\"2026-01-22T15:03:25+00:00\",\"dateModified\":\"2026-02-03T15:12:37+00:00\",\"breadcrumb\":{\"@id\":\"https:\/\/mekulo.com\/se\/produkt\/soldat-halsar-flaskoppnare-hjalm\/#breadcrumb\"},\"inLanguage\":\"sv-SE\",\"potentialAction\":[{\"@type\":\"ReadAction\",\"target\":[\"https:\/\/mekulo.com\/se\/produkt\/soldat-halsar-flaskoppnare-hjalm\/\"]}]},{\"@type\":\"ImageObject\",\"inLanguage\":\"sv-SE\",\"@id\":\"https:\/\/mekulo.com\/se\/produkt\/soldat-halsar-flaskoppnare-hjalm\/#primaryimage\",\"url\":\"https:\/\/mekulo.com\/se\/wp-content\/uploads\/sites\/11\/2026\/01\/gkvjw1t-1.jpg\",\"contentUrl\":\"https:\/\/mekulo.com\/se\/wp-content\/uploads\/sites\/11\/2026\/01\/gkvjw1t-1.jpg\",\"width\":1080,\"height\":1080},{\"@type\":\"BreadcrumbList\",\"@id\":\"https:\/\/mekulo.com\/se\/produkt\/soldat-halsar-flaskoppnare-hjalm\/#breadcrumb\",\"itemListElement\":[{\"@type\":\"ListItem\",\"position\":1,\"name\":\"Home\",\"item\":\"https:\/\/mekulo.com\/se\/\"},{\"@type\":\"ListItem\",\"position\":2,\"name\":\"Butik\",\"item\":\"https:\/\/mekulo.com\/se\/butik\/\"},{\"@type\":\"ListItem\",\"position\":3,\"name\":\"Soldat h\u00e4lsar flask\u00f6ppnare hj\u00e4lm\"}]},{\"@type\":\"WebSite\",\"@id\":\"https:\/\/mekulo.com\/se\/#website\",\"url\":\"https:\/\/mekulo.com\/se\/\",\"name\":\"Mekulo SE\",\"description\":\"\",\"publisher\":{\"@id\":\"https:\/\/mekulo.com\/se\/#organization\"},\"potentialAction\":[{\"@type\":\"SearchAction\",\"target\":{\"@type\":\"EntryPoint\",\"urlTemplate\":\"https:\/\/mekulo.com\/se\/?s={search_term_string}\"},\"query-input\":{\"@type\":\"PropertyValueSpecification\",\"valueRequired\":true,\"valueName\":\"search_term_string\"}}],\"inLanguage\":\"sv-SE\"},{\"@type\":\"Organization\",\"@id\":\"https:\/\/mekulo.com\/se\/#organization\",\"name\":\"Mekulo\",\"url\":\"https:\/\/mekulo.com\/se\/\",\"logo\":{\"@type\":\"ImageObject\",\"inLanguage\":\"sv-SE\",\"@id\":\"https:\/\/mekulo.com\/se\/#\/schema\/logo\/image\/\",\"url\":\"https:\/\/mekulo.com\/se\/wp-content\/uploads\/sites\/11\/2025\/12\/favicon_mekulo.png\",\"contentUrl\":\"https:\/\/mekulo.com\/se\/wp-content\/uploads\/sites\/11\/2025\/12\/favicon_mekulo.png\",\"width\":50,\"height\":50,\"caption\":\"Mekulo\"},\"image\":{\"@id\":\"https:\/\/mekulo.com\/se\/#\/schema\/logo\/image\/\"}}]}<\/script>\n<!-- \/ Yoast SEO plugin. -->","yoast_head_json":{"title":"Soldat h\u00e4lsar flask\u00f6ppnare hj\u00e4lm - Mekulo SE","robots":{"index":"index","follow":"follow","max-snippet":"max-snippet:-1","max-image-preview":"max-image-preview:large","max-video-preview":"max-video-preview:-1"},"canonical":"https:\/\/mekulo.com\/se\/produkt\/soldat-halsar-flaskoppnare-hjalm\/","og_locale":"sv_SE","og_type":"article","og_title":"Soldat h\u00e4lsar flask\u00f6ppnare hj\u00e4lm - Mekulo SE","og_description":"\ud83e\ude96Den h\u00e4r hj\u00e4lmen med flask\u00f6ppnare f\u00f6r soldath\u00e4lsning \u00e4r ett kreativt flasktillbeh\u00f6r som ger personlighet samtidigt som den h\u00e5ller din dryck ren. \ud83e\udeb0Den passar \u00f6ver de flesta standardflaskor f\u00f6r att blockera damm och insekter, vilket g\u00f6r varje klunk trevligare p\u00e5 fester, grillfester eller andra sammankomster. \ud83c\udf89Den lekfulla designen f\u00f6rvandlar omedelbart en vanlig dryck till ett roligt samtals\u00e4mne.","og_url":"https:\/\/mekulo.com\/se\/produkt\/soldat-halsar-flaskoppnare-hjalm\/","og_site_name":"Mekulo SE","article_modified_time":"2026-02-03T15:12:37+00:00","og_image":[{"width":1080,"height":1080,"url":"https:\/\/mekulo.com\/se\/wp-content\/uploads\/sites\/11\/2026\/01\/gkvjw1t-1.jpg","type":"image\/jpeg"}],"twitter_card":"summary_large_image","twitter_misc":{"Ber\u00e4knad l\u00e4stid":"2 minuter"},"schema":{"@context":"https:\/\/schema.org","@graph":[{"@type":"WebPage","@id":"https:\/\/mekulo.com\/se\/produkt\/soldat-halsar-flaskoppnare-hjalm\/","url":"https:\/\/mekulo.com\/se\/produkt\/soldat-halsar-flaskoppnare-hjalm\/","name":"Soldat h\u00e4lsar flask\u00f6ppnare hj\u00e4lm - Mekulo SE","isPartOf":{"@id":"https:\/\/mekulo.com\/se\/#website"},"primaryImageOfPage":{"@id":"https:\/\/mekulo.com\/se\/produkt\/soldat-halsar-flaskoppnare-hjalm\/#primaryimage"},"image":{"@id":"https:\/\/mekulo.com\/se\/produkt\/soldat-halsar-flaskoppnare-hjalm\/#primaryimage"},"thumbnailUrl":"https:\/\/mekulo.com\/se\/wp-content\/uploads\/sites\/11\/2026\/01\/gkvjw1t-1.jpg","datePublished":"2026-01-22T15:03:25+00:00","dateModified":"2026-02-03T15:12:37+00:00","breadcrumb":{"@id":"https:\/\/mekulo.com\/se\/produkt\/soldat-halsar-flaskoppnare-hjalm\/#breadcrumb"},"inLanguage":"sv-SE","potentialAction":[{"@type":"ReadAction","target":["https:\/\/mekulo.com\/se\/produkt\/soldat-halsar-flaskoppnare-hjalm\/"]}]},{"@type":"ImageObject","inLanguage":"sv-SE","@id":"https:\/\/mekulo.com\/se\/produkt\/soldat-halsar-flaskoppnare-hjalm\/#primaryimage","url":"https:\/\/mekulo.com\/se\/wp-content\/uploads\/sites\/11\/2026\/01\/gkvjw1t-1.jpg","contentUrl":"https:\/\/mekulo.com\/se\/wp-content\/uploads\/sites\/11\/2026\/01\/gkvjw1t-1.jpg","width":1080,"height":1080},{"@type":"BreadcrumbList","@id":"https:\/\/mekulo.com\/se\/produkt\/soldat-halsar-flaskoppnare-hjalm\/#breadcrumb","itemListElement":[{"@type":"ListItem","position":1,"name":"Home","item":"https:\/\/mekulo.com\/se\/"},{"@type":"ListItem","position":2,"name":"Butik","item":"https:\/\/mekulo.com\/se\/butik\/"},{"@type":"ListItem","position":3,"name":"Soldat h\u00e4lsar flask\u00f6ppnare hj\u00e4lm"}]},{"@type":"WebSite","@id":"https:\/\/mekulo.com\/se\/#website","url":"https:\/\/mekulo.com\/se\/","name":"Mekulo SE","description":"","publisher":{"@id":"https:\/\/mekulo.com\/se\/#organization"},"potentialAction":[{"@type":"SearchAction","target":{"@type":"EntryPoint","urlTemplate":"https:\/\/mekulo.com\/se\/?s={search_term_string}"},"query-input":{"@type":"PropertyValueSpecification","valueRequired":true,"valueName":"search_term_string"}}],"inLanguage":"sv-SE"},{"@type":"Organization","@id":"https:\/\/mekulo.com\/se\/#organization","name":"Mekulo","url":"https:\/\/mekulo.com\/se\/","logo":{"@type":"ImageObject","inLanguage":"sv-SE","@id":"https:\/\/mekulo.com\/se\/#\/schema\/logo\/image\/","url":"https:\/\/mekulo.com\/se\/wp-content\/uploads\/sites\/11\/2025\/12\/favicon_mekulo.png","contentUrl":"https:\/\/mekulo.com\/se\/wp-content\/uploads\/sites\/11\/2025\/12\/favicon_mekulo.png","width":50,"height":50,"caption":"Mekulo"},"image":{"@id":"https:\/\/mekulo.com\/se\/#\/schema\/logo\/image\/"}}]}},"_links":{"self":[{"href":"https:\/\/mekulo.com\/se\/wp-json\/wp\/v2\/product\/18592","targetHints":{"allow":["GET"]}}],"collection":[{"href":"https:\/\/mekulo.com\/se\/wp-json\/wp\/v2\/product"}],"about":[{"href":"https:\/\/mekulo.com\/se\/wp-json\/wp\/v2\/types\/product"}],"replies":[{"embeddable":true,"href":"https:\/\/mekulo.com\/se\/wp-json\/wp\/v2\/comments?post=18592"}],"wp:featuredmedia":[{"embeddable":true,"href":"https:\/\/mekulo.com\/se\/wp-json\/wp\/v2\/media\/18588"}],"wp:attachment":[{"href":"https:\/\/mekulo.com\/se\/wp-json\/wp\/v2\/media?parent=18592"}],"wp:term":[{"taxonomy":"product_brand","embeddable":true,"href":"https:\/\/mekulo.com\/se\/wp-json\/wp\/v2\/product_brand?post=18592"},{"taxonomy":"product_cat","embeddable":true,"href":"https:\/\/mekulo.com\/se\/wp-json\/wp\/v2\/product_cat?post=18592"},{"taxonomy":"product_tag","embeddable":true,"href":"https:\/\/mekulo.com\/se\/wp-json\/wp\/v2\/product_tag?post=18592"}],"curies":[{"name":"wp","href":"https:\/\/api.w.org\/{rel}","templated":true}]}}