{"id":18559,"date":"2026-01-22T16:59:47","date_gmt":"2026-01-22T14:59:47","guid":{"rendered":"https:\/\/mekulo.com\/se\/produkt\/verktyg-for-nyckelavkodning\/"},"modified":"2026-01-27T00:35:39","modified_gmt":"2026-01-26T22:35:39","slug":"verktyg-for-nyckelavkodning","status":"publish","type":"product","link":"https:\/\/mekulo.com\/se\/produkt\/verktyg-for-nyckelavkodning\/","title":{"rendered":"Verktyg f\u00f6r nyckelavkodning"},"content":{"rendered":"<p style=\"text-align: center;\" data-start=\"0\" data-end=\"71\"><strong data-start=\"0\" data-end=\"71\">Avkoda och hantera l\u00e5s exakt med ett kompakt precisionsverktyg. \ud83d\udee0\ufe0f<\/strong><\/p>\n<p data-start=\"0\" data-end=\"71\"><img fetchpriority=\"high\" decoding=\"async\" class=\"size-full wp-image-21336 aligncenter\" src=\"https:\/\/mekulo.com\/template\/wp-content\/uploads\/sites\/6\/2026\/01\/S2e1e355a90074bcc9e18785b5dc641b6q.jpg_960x960q75.jpg_.avif\" alt=\"\" width=\"960\" height=\"960\" \/><\/p>\n<h2 style=\"text-align: center;\" data-start=\"350\" data-end=\"370\">Huvudsakliga f\u00f6rdelar \ud83d\udd11<\/h2>\n<p data-start=\"373\" data-end=\"431\">\ud83d\udee0\ufe0f 2-i-1-funktion &#8211; Avkoda och dyrka med ett verktyg.<\/p>\n<p data-start=\"434\" data-end=\"507\">\ud83c\udfaf Precisionstillverkad &#8211; Noggrann kontroll med minimal l\u00e5sskada.<\/p>\n<p data-start=\"510\" data-end=\"578\">\ud83d\udcaa Rostfritt st\u00e5l &#8211; Starkt, slitstarkt och h\u00e5llbart.<\/p>\n<p data-start=\"581\" data-end=\"643\">\u270b L\u00e4tt att hantera &#8211; Bekv\u00e4mt grepp f\u00f6r smidig anv\u00e4ndning.<\/p>\n<p data-start=\"646\" data-end=\"693\">\ud83e\uddf3 Kompakt storlek &#8211; L\u00e4tt att b\u00e4ra och f\u00f6rvara.<\/p>\n<p data-start=\"696\" data-end=\"762\">\ud83d\udd12 Professionell anv\u00e4ndning &#8211; Perfekt f\u00f6r l\u00e5ssmeder och s\u00e4kerhetsarbete.<\/p>\n<p data-start=\"696\" data-end=\"762\"><img decoding=\"async\" class=\"size-full wp-image-21335 aligncenter\" src=\"https:\/\/mekulo.com\/template\/wp-content\/uploads\/sites\/6\/2026\/01\/39f9c99a-db21-49d5-a590-a73cb753a5b5.webp\" alt=\"\" width=\"600\" height=\"611\" \/><\/p>\n<h2 style=\"text-align: center;\" data-start=\"769\" data-end=\"783\">Hur man anv\u00e4nder \ud83d\udccc<\/h2>\n<ol data-start=\"784\" data-end=\"1053\">\n<li data-start=\"784\" data-end=\"822\">\n<p data-start=\"787\" data-end=\"822\">H\u00e5ll verktyget stadigt i greppet.<\/p>\n<\/li>\n<li data-start=\"823\" data-end=\"878\">\n<p data-start=\"826\" data-end=\"878\">F\u00f6r in precisionskroken i l\u00e5set f\u00f6rsiktigt.<\/p>\n<\/li>\n<li data-start=\"879\" data-end=\"942\">\n<p data-start=\"882\" data-end=\"942\">Anv\u00e4nd mjuka r\u00f6relser f\u00f6r att avkoda eller h\u00e4mta interna delar.<\/p>\n<\/li>\n<li data-start=\"943\" data-end=\"998\">\n<p data-start=\"946\" data-end=\"998\">V\u00e4xla mellan krok- och pickupfunktion efter behov.<\/p>\n<\/li>\n<li data-start=\"999\" data-end=\"1053\">\n<p data-start=\"1002\" data-end=\"1053\">Ta bort verktyget l\u00e5ngsamt efter avslutad uppgift.<\/p>\n<\/li>\n<\/ol>\n<h2 style=\"text-align: center;\" data-start=\"1060\" data-end=\"1079\">Produktdetaljer \ud83d\udccf<\/h2>\n<ul data-start=\"1080\" data-end=\"1321\">\n<li data-start=\"1115\" data-end=\"1144\">\n<p data-start=\"1117\" data-end=\"1144\">Material: Rostfritt st\u00e5l<\/p>\n<\/li>\n<li data-start=\"1145\" data-end=\"1184\">\n<p data-start=\"1147\" data-end=\"1184\">Funktioner: L\u00e5savkodning och pickup<\/p>\n<\/li>\n<li data-start=\"1185\" data-end=\"1223\">\n<p data-start=\"1187\" data-end=\"1223\">Design: 2-i-1 precisionsverktyg med krok<\/p>\n<\/li>\n<li data-start=\"1224\" data-end=\"1276\">\n<p data-start=\"1226\" data-end=\"1276\">Storlek: 12,5 x 5,5 cm<\/p>\n<\/li>\n<li data-start=\"1277\" data-end=\"1321\">\n<p data-start=\"1279\" data-end=\"1321\">Anv\u00e4ndning: L\u00e5ssmeds- och s\u00e4kerhetsapplikationer<\/p>\n<\/li>\n<\/ul>\n<h2 style=\"text-align: center;\" data-start=\"1328\" data-end=\"1348\">Paketet inneh\u00e5ller \ud83d\udce6<\/h2>\n<ul data-start=\"1349\" data-end=\"1374\" data-is-last-node=\"\" data-is-only-node=\"\">\n<li data-start=\"1349\" data-end=\"1374\" data-is-last-node=\"\">\n<p data-start=\"1351\" data-end=\"1374\" data-is-last-node=\"\">1x nyckelavkodningsverktyg.<\/p>\n<\/li>\n<\/ul>\n","protected":false},"excerpt":{"rendered":"<p>\ud83d\udeaaDet h\u00e4r nyckelavkodningsverktyget \u00e4r en 2-i-1-enhet i rostfritt st\u00e5l som \u00e4r utformad f\u00f6r att avkoda och hantera l\u00e5s med kontroll och noggrannhet.<br \/>\n\ud83d\udee0\ufe0fDet kombinerar en precisionskrok och ett pickupverktyg i en h\u00e5llbar design, vilket g\u00f6r det praktiskt f\u00f6r professionellt l\u00e5ssmedsarbete och detaljerade l\u00e5suppgifter.<br \/>\n\ud83d\udd12Den kompakta formen g\u00f6r det enkelt att anv\u00e4nda i tr\u00e5nga eller k\u00e4nsliga l\u00e5ssituationer.<\/p>\n","protected":false},"featured_media":18555,"comment_status":"open","ping_status":"closed","template":"","meta":{"site-sidebar-layout":"default","site-content-layout":"","ast-site-content-layout":"default","site-content-style":"default","site-sidebar-style":"default","ast-global-header-display":"","ast-banner-title-visibility":"","ast-main-header-display":"","ast-hfb-above-header-display":"","ast-hfb-below-header-display":"","ast-hfb-mobile-header-display":"","site-post-title":"","ast-breadcrumbs-content":"","ast-featured-img":"","footer-sml-layout":"","theme-transparent-header-meta":"default","adv-header-id-meta":"","stick-header-meta":"","header-above-stick-meta":"","header-main-stick-meta":"","header-below-stick-meta":"","astra-migrate-meta-layouts":"set","ast-page-background-enabled":"default","ast-page-background-meta":{"desktop":{"background-color":"var(--ast-global-color-5)","background-image":"","background-repeat":"repeat","background-position":"center center","background-size":"auto","background-attachment":"scroll","background-type":"","background-media":"","overlay-type":"","overlay-color":"","overlay-opacity":"","overlay-gradient":""},"tablet":{"background-color":"","background-image":"","background-repeat":"repeat","background-position":"center center","background-size":"auto","background-attachment":"scroll","background-type":"","background-media":"","overlay-type":"","overlay-color":"","overlay-opacity":"","overlay-gradient":""},"mobile":{"background-color":"","background-image":"","background-repeat":"repeat","background-position":"center center","background-size":"auto","background-attachment":"scroll","background-type":"","background-media":"","overlay-type":"","overlay-color":"","overlay-opacity":"","overlay-gradient":""}},"ast-content-background-meta":{"desktop":{"background-color":"var(--ast-global-color-4)","background-image":"","background-repeat":"repeat","background-position":"center center","background-size":"auto","background-attachment":"scroll","background-type":"","background-media":"","overlay-type":"","overlay-color":"","overlay-opacity":"","overlay-gradient":""},"tablet":{"background-color":"var(--ast-global-color-4)","background-image":"","background-repeat":"repeat","background-position":"center center","background-size":"auto","background-attachment":"scroll","background-type":"","background-media":"","overlay-type":"","overlay-color":"","overlay-opacity":"","overlay-gradient":""},"mobile":{"background-color":"var(--ast-global-color-4)","background-image":"","background-repeat":"repeat","background-position":"center center","background-size":"auto","background-attachment":"scroll","background-type":"","background-media":"","overlay-type":"","overlay-color":"","overlay-opacity":"","overlay-gradient":""}}},"product_brand":[],"product_cat":[171],"product_tag":[],"class_list":{"0":"post-18559","1":"product","2":"type-product","3":"status-publish","4":"has-post-thumbnail","6":"product_cat-verktyg","7":"pa_51077_qo129hew-ss001-pro","8":"pa_51077_qo129hew-ss002-pro","9":"desktop-align-left","10":"tablet-align-left","11":"mobile-align-left","13":"first","14":"instock","15":"shipping-taxable","16":"purchasable","17":"product-type-variable"},"yoast_head":"<!-- This site is optimized with the Yoast SEO plugin v26.6 - https:\/\/yoast.com\/wordpress\/plugins\/seo\/ -->\n<title>Verktyg f\u00f6r nyckelavkodning - Mekulo SE<\/title>\n<meta name=\"robots\" content=\"index, follow, max-snippet:-1, max-image-preview:large, max-video-preview:-1\" \/>\n<link rel=\"canonical\" href=\"https:\/\/mekulo.com\/se\/produkt\/verktyg-for-nyckelavkodning\/\" \/>\n<meta property=\"og:locale\" content=\"sv_SE\" \/>\n<meta property=\"og:type\" content=\"article\" \/>\n<meta property=\"og:title\" content=\"Verktyg f\u00f6r nyckelavkodning - Mekulo SE\" \/>\n<meta property=\"og:description\" content=\"\ud83d\udeaaDet h\u00e4r nyckelavkodningsverktyget \u00e4r en 2-i-1-enhet i rostfritt st\u00e5l som \u00e4r utformad f\u00f6r att avkoda och hantera l\u00e5s med kontroll och noggrannhet. \ud83d\udee0\ufe0fDet kombinerar en precisionskrok och ett pickupverktyg i en h\u00e5llbar design, vilket g\u00f6r det praktiskt f\u00f6r professionellt l\u00e5ssmedsarbete och detaljerade l\u00e5suppgifter. \ud83d\udd12Den kompakta formen g\u00f6r det enkelt att anv\u00e4nda i tr\u00e5nga eller k\u00e4nsliga l\u00e5ssituationer.\" \/>\n<meta property=\"og:url\" content=\"https:\/\/mekulo.com\/se\/produkt\/verktyg-for-nyckelavkodning\/\" \/>\n<meta property=\"og:site_name\" content=\"Mekulo SE\" \/>\n<meta property=\"article:modified_time\" content=\"2026-01-26T22:35:39+00:00\" \/>\n<meta property=\"og:image\" content=\"https:\/\/mekulo.com\/se\/wp-content\/uploads\/sites\/11\/2026\/01\/oglox3j-1.jpeg\" \/>\n\t<meta property=\"og:image:width\" content=\"801\" \/>\n\t<meta property=\"og:image:height\" content=\"801\" \/>\n\t<meta property=\"og:image:type\" content=\"image\/jpeg\" \/>\n<meta name=\"twitter:card\" content=\"summary_large_image\" \/>\n<meta name=\"twitter:label1\" content=\"Ber\u00e4knad l\u00e4stid\" \/>\n\t<meta name=\"twitter:data1\" content=\"2 minuter\" \/>\n<script type=\"application\/ld+json\" class=\"yoast-schema-graph\">{\"@context\":\"https:\/\/schema.org\",\"@graph\":[{\"@type\":\"WebPage\",\"@id\":\"https:\/\/mekulo.com\/se\/produkt\/verktyg-for-nyckelavkodning\/\",\"url\":\"https:\/\/mekulo.com\/se\/produkt\/verktyg-for-nyckelavkodning\/\",\"name\":\"Verktyg f\u00f6r nyckelavkodning - Mekulo SE\",\"isPartOf\":{\"@id\":\"https:\/\/mekulo.com\/se\/#website\"},\"primaryImageOfPage\":{\"@id\":\"https:\/\/mekulo.com\/se\/produkt\/verktyg-for-nyckelavkodning\/#primaryimage\"},\"image\":{\"@id\":\"https:\/\/mekulo.com\/se\/produkt\/verktyg-for-nyckelavkodning\/#primaryimage\"},\"thumbnailUrl\":\"https:\/\/mekulo.com\/se\/wp-content\/uploads\/sites\/11\/2026\/01\/oglox3j-1.jpeg\",\"datePublished\":\"2026-01-22T14:59:47+00:00\",\"dateModified\":\"2026-01-26T22:35:39+00:00\",\"breadcrumb\":{\"@id\":\"https:\/\/mekulo.com\/se\/produkt\/verktyg-for-nyckelavkodning\/#breadcrumb\"},\"inLanguage\":\"sv-SE\",\"potentialAction\":[{\"@type\":\"ReadAction\",\"target\":[\"https:\/\/mekulo.com\/se\/produkt\/verktyg-for-nyckelavkodning\/\"]}]},{\"@type\":\"ImageObject\",\"inLanguage\":\"sv-SE\",\"@id\":\"https:\/\/mekulo.com\/se\/produkt\/verktyg-for-nyckelavkodning\/#primaryimage\",\"url\":\"https:\/\/mekulo.com\/se\/wp-content\/uploads\/sites\/11\/2026\/01\/oglox3j-1.jpeg\",\"contentUrl\":\"https:\/\/mekulo.com\/se\/wp-content\/uploads\/sites\/11\/2026\/01\/oglox3j-1.jpeg\",\"width\":801,\"height\":801},{\"@type\":\"BreadcrumbList\",\"@id\":\"https:\/\/mekulo.com\/se\/produkt\/verktyg-for-nyckelavkodning\/#breadcrumb\",\"itemListElement\":[{\"@type\":\"ListItem\",\"position\":1,\"name\":\"Home\",\"item\":\"https:\/\/mekulo.com\/se\/\"},{\"@type\":\"ListItem\",\"position\":2,\"name\":\"Butik\",\"item\":\"https:\/\/mekulo.com\/se\/butik\/\"},{\"@type\":\"ListItem\",\"position\":3,\"name\":\"Verktyg f\u00f6r nyckelavkodning\"}]},{\"@type\":\"WebSite\",\"@id\":\"https:\/\/mekulo.com\/se\/#website\",\"url\":\"https:\/\/mekulo.com\/se\/\",\"name\":\"Mekulo SE\",\"description\":\"\",\"publisher\":{\"@id\":\"https:\/\/mekulo.com\/se\/#organization\"},\"potentialAction\":[{\"@type\":\"SearchAction\",\"target\":{\"@type\":\"EntryPoint\",\"urlTemplate\":\"https:\/\/mekulo.com\/se\/?s={search_term_string}\"},\"query-input\":{\"@type\":\"PropertyValueSpecification\",\"valueRequired\":true,\"valueName\":\"search_term_string\"}}],\"inLanguage\":\"sv-SE\"},{\"@type\":\"Organization\",\"@id\":\"https:\/\/mekulo.com\/se\/#organization\",\"name\":\"Mekulo\",\"url\":\"https:\/\/mekulo.com\/se\/\",\"logo\":{\"@type\":\"ImageObject\",\"inLanguage\":\"sv-SE\",\"@id\":\"https:\/\/mekulo.com\/se\/#\/schema\/logo\/image\/\",\"url\":\"https:\/\/mekulo.com\/se\/wp-content\/uploads\/sites\/11\/2025\/12\/favicon_mekulo.png\",\"contentUrl\":\"https:\/\/mekulo.com\/se\/wp-content\/uploads\/sites\/11\/2025\/12\/favicon_mekulo.png\",\"width\":50,\"height\":50,\"caption\":\"Mekulo\"},\"image\":{\"@id\":\"https:\/\/mekulo.com\/se\/#\/schema\/logo\/image\/\"}}]}<\/script>\n<!-- \/ Yoast SEO plugin. -->","yoast_head_json":{"title":"Verktyg f\u00f6r nyckelavkodning - Mekulo SE","robots":{"index":"index","follow":"follow","max-snippet":"max-snippet:-1","max-image-preview":"max-image-preview:large","max-video-preview":"max-video-preview:-1"},"canonical":"https:\/\/mekulo.com\/se\/produkt\/verktyg-for-nyckelavkodning\/","og_locale":"sv_SE","og_type":"article","og_title":"Verktyg f\u00f6r nyckelavkodning - Mekulo SE","og_description":"\ud83d\udeaaDet h\u00e4r nyckelavkodningsverktyget \u00e4r en 2-i-1-enhet i rostfritt st\u00e5l som \u00e4r utformad f\u00f6r att avkoda och hantera l\u00e5s med kontroll och noggrannhet. \ud83d\udee0\ufe0fDet kombinerar en precisionskrok och ett pickupverktyg i en h\u00e5llbar design, vilket g\u00f6r det praktiskt f\u00f6r professionellt l\u00e5ssmedsarbete och detaljerade l\u00e5suppgifter. \ud83d\udd12Den kompakta formen g\u00f6r det enkelt att anv\u00e4nda i tr\u00e5nga eller k\u00e4nsliga l\u00e5ssituationer.","og_url":"https:\/\/mekulo.com\/se\/produkt\/verktyg-for-nyckelavkodning\/","og_site_name":"Mekulo SE","article_modified_time":"2026-01-26T22:35:39+00:00","og_image":[{"width":801,"height":801,"url":"https:\/\/mekulo.com\/se\/wp-content\/uploads\/sites\/11\/2026\/01\/oglox3j-1.jpeg","type":"image\/jpeg"}],"twitter_card":"summary_large_image","twitter_misc":{"Ber\u00e4knad l\u00e4stid":"2 minuter"},"schema":{"@context":"https:\/\/schema.org","@graph":[{"@type":"WebPage","@id":"https:\/\/mekulo.com\/se\/produkt\/verktyg-for-nyckelavkodning\/","url":"https:\/\/mekulo.com\/se\/produkt\/verktyg-for-nyckelavkodning\/","name":"Verktyg f\u00f6r nyckelavkodning - Mekulo SE","isPartOf":{"@id":"https:\/\/mekulo.com\/se\/#website"},"primaryImageOfPage":{"@id":"https:\/\/mekulo.com\/se\/produkt\/verktyg-for-nyckelavkodning\/#primaryimage"},"image":{"@id":"https:\/\/mekulo.com\/se\/produkt\/verktyg-for-nyckelavkodning\/#primaryimage"},"thumbnailUrl":"https:\/\/mekulo.com\/se\/wp-content\/uploads\/sites\/11\/2026\/01\/oglox3j-1.jpeg","datePublished":"2026-01-22T14:59:47+00:00","dateModified":"2026-01-26T22:35:39+00:00","breadcrumb":{"@id":"https:\/\/mekulo.com\/se\/produkt\/verktyg-for-nyckelavkodning\/#breadcrumb"},"inLanguage":"sv-SE","potentialAction":[{"@type":"ReadAction","target":["https:\/\/mekulo.com\/se\/produkt\/verktyg-for-nyckelavkodning\/"]}]},{"@type":"ImageObject","inLanguage":"sv-SE","@id":"https:\/\/mekulo.com\/se\/produkt\/verktyg-for-nyckelavkodning\/#primaryimage","url":"https:\/\/mekulo.com\/se\/wp-content\/uploads\/sites\/11\/2026\/01\/oglox3j-1.jpeg","contentUrl":"https:\/\/mekulo.com\/se\/wp-content\/uploads\/sites\/11\/2026\/01\/oglox3j-1.jpeg","width":801,"height":801},{"@type":"BreadcrumbList","@id":"https:\/\/mekulo.com\/se\/produkt\/verktyg-for-nyckelavkodning\/#breadcrumb","itemListElement":[{"@type":"ListItem","position":1,"name":"Home","item":"https:\/\/mekulo.com\/se\/"},{"@type":"ListItem","position":2,"name":"Butik","item":"https:\/\/mekulo.com\/se\/butik\/"},{"@type":"ListItem","position":3,"name":"Verktyg f\u00f6r nyckelavkodning"}]},{"@type":"WebSite","@id":"https:\/\/mekulo.com\/se\/#website","url":"https:\/\/mekulo.com\/se\/","name":"Mekulo SE","description":"","publisher":{"@id":"https:\/\/mekulo.com\/se\/#organization"},"potentialAction":[{"@type":"SearchAction","target":{"@type":"EntryPoint","urlTemplate":"https:\/\/mekulo.com\/se\/?s={search_term_string}"},"query-input":{"@type":"PropertyValueSpecification","valueRequired":true,"valueName":"search_term_string"}}],"inLanguage":"sv-SE"},{"@type":"Organization","@id":"https:\/\/mekulo.com\/se\/#organization","name":"Mekulo","url":"https:\/\/mekulo.com\/se\/","logo":{"@type":"ImageObject","inLanguage":"sv-SE","@id":"https:\/\/mekulo.com\/se\/#\/schema\/logo\/image\/","url":"https:\/\/mekulo.com\/se\/wp-content\/uploads\/sites\/11\/2025\/12\/favicon_mekulo.png","contentUrl":"https:\/\/mekulo.com\/se\/wp-content\/uploads\/sites\/11\/2025\/12\/favicon_mekulo.png","width":50,"height":50,"caption":"Mekulo"},"image":{"@id":"https:\/\/mekulo.com\/se\/#\/schema\/logo\/image\/"}}]}},"_links":{"self":[{"href":"https:\/\/mekulo.com\/se\/wp-json\/wp\/v2\/product\/18559","targetHints":{"allow":["GET"]}}],"collection":[{"href":"https:\/\/mekulo.com\/se\/wp-json\/wp\/v2\/product"}],"about":[{"href":"https:\/\/mekulo.com\/se\/wp-json\/wp\/v2\/types\/product"}],"replies":[{"embeddable":true,"href":"https:\/\/mekulo.com\/se\/wp-json\/wp\/v2\/comments?post=18559"}],"wp:featuredmedia":[{"embeddable":true,"href":"https:\/\/mekulo.com\/se\/wp-json\/wp\/v2\/media\/18555"}],"wp:attachment":[{"href":"https:\/\/mekulo.com\/se\/wp-json\/wp\/v2\/media?parent=18559"}],"wp:term":[{"taxonomy":"product_brand","embeddable":true,"href":"https:\/\/mekulo.com\/se\/wp-json\/wp\/v2\/product_brand?post=18559"},{"taxonomy":"product_cat","embeddable":true,"href":"https:\/\/mekulo.com\/se\/wp-json\/wp\/v2\/product_cat?post=18559"},{"taxonomy":"product_tag","embeddable":true,"href":"https:\/\/mekulo.com\/se\/wp-json\/wp\/v2\/product_tag?post=18559"}],"curies":[{"name":"wp","href":"https:\/\/api.w.org\/{rel}","templated":true}]}}