{"id":18502,"date":"2026-01-22T16:55:49","date_gmt":"2026-01-22T14:55:49","guid":{"rendered":"https:\/\/mekulo.com\/se\/produkt\/midjeskydd-med-hog-stretch-for-vinterbruk-2-st\/"},"modified":"2026-02-03T17:12:36","modified_gmt":"2026-02-03T15:12:36","slug":"midjeskydd-med-hog-stretch-for-vinterbruk-2-st","status":"publish","type":"product","link":"https:\/\/mekulo.com\/se\/produkt\/midjeskydd-med-hog-stretch-for-vinterbruk-2-st\/","title":{"rendered":"Midjeskydd med h\u00f6g stretch f\u00f6r vinterbruk (2 st)"},"content":{"rendered":"<div class=\"flex flex-col text-sm pb-25\">\n<article class=\"text-token-text-primary w-full focus:outline-none [--shadow-height:45px] has-data-writing-block:pointer-events-none has-data-writing-block:-mt-(--shadow-height) has-data-writing-block:pt-(--shadow-height) [&amp;:has([data-writing-block])&gt;*]:pointer-events-auto scroll-mt-[calc(var(--header-height)+min(200px,max(70px,20svh)))]\" dir=\"auto\" data-turn-id=\"request-6967c1f1-7850-8327-b867-fefbba98715c-0\" data-testid=\"conversation-turn-92\" data-scroll-anchor=\"true\" data-turn=\"assistant\">\n<div class=\"text-base my-auto mx-auto pb-10 [--thread-content-margin:--spacing(4)] @w-sm\/main:[--thread-content-margin:--spacing(6)] @w-lg\/main:[--thread-content-margin:--spacing(16)] px-(--thread-content-margin)\">\n<div class=\"[--thread-content-max-width:40rem] @w-lg\/main:[--thread-content-max-width:48rem] mx-auto max-w-(--thread-content-max-width) flex-1 group\/turn-messages focus-visible:outline-hidden relative flex w-full min-w-0 flex-col agent-turn\">\n<div class=\"flex max-w-full flex-col grow\">\n<div class=\"min-h-8 text-message relative flex w-full flex-col items-end gap-2 text-start break-words whitespace-normal [.text-message+&amp;]:mt-1\" dir=\"auto\" data-message-author-role=\"assistant\" data-message-id=\"13e850c6-7bc9-4520-9964-6059b6da161a\" data-message-model-slug=\"gpt-5-2\">\n<div class=\"flex w-full flex-col gap-1 empty:hidden first:pt-[1px]\">\n<div class=\"markdown prose dark:prose-invert w-full break-words light markdown-new-styling\">\n<p style=\"text-align: center;\" data-start=\"0\" data-end=\"72\"><strong data-start=\"0\" data-end=\"72\">H\u00e5ll Midjan Och Nedre Delen Av Ryggen Varm Och St\u00f6dd Hela Dagen P\u00e5 Vintern. \ud83d\udd25<\/strong><\/p>\n<p data-start=\"0\" data-end=\"72\"><img fetchpriority=\"high\" decoding=\"async\" class=\"size-full wp-image-21275 aligncenter\" src=\"https:\/\/mekulo.com\/template\/wp-content\/uploads\/sites\/6\/2026\/01\/spp_20241015165820_813efb6fb9b425ff8f4f83051be980df.png\" alt=\"\" width=\"709\" height=\"558\" \/><\/p>\n<h2 style=\"text-align: center;\" data-start=\"339\" data-end=\"359\">Huvudsakliga f\u00f6rdelar \u2744\ufe0f<\/h2>\n<p data-start=\"362\" data-end=\"431\">\ud83d\udd25 L\u00e5ngvarig V\u00e4rme &#8211; Hj\u00e4lper Dig Att H\u00e5lla Dig Varm I Upp Till 24 Timmar.<\/p>\n<p data-start=\"434\" data-end=\"505\">\ud83e\udd38 H\u00f6gstretchigt Tyg &#8211; R\u00f6r Sig Med Din Kropp Utan Begr\u00e4nsning.<\/p>\n<p data-start=\"508\" data-end=\"578\">\ud83c\udf2c\ufe0f Andningsbart &amp; Fukttransporterande &#8211; Bekv\u00e4mt F\u00f6r Hela Dagen.<\/p>\n<p data-start=\"581\" data-end=\"650\">\ud83c\udf3f Mugwort Dot Alternativ &#8211; Ger Lugnande V\u00e4rme Och Avkoppling.<\/p>\n<p data-start=\"653\" data-end=\"716\">\ud83d\udc57 Smal &amp; Diskret Design &#8211; L\u00e4tt Att B\u00e4ra Under Alla Kl\u00e4der.<\/p>\n<p data-start=\"719\" data-end=\"775\">\ud83e\uddfc L\u00e4tt Att Ta Hand Om &#8211; Maskintv\u00e4ttbar Och H\u00e5llbar.<\/p>\n<p data-start=\"719\" data-end=\"775\"><img decoding=\"async\" class=\"size-full wp-image-21281 aligncenter\" src=\"https:\/\/mekulo.com\/template\/wp-content\/uploads\/sites\/6\/2026\/01\/Screenshot-2026-01-19-200053.png\" alt=\"\" width=\"943\" height=\"524\" \/><\/p>\n<h2 style=\"text-align: center;\" data-start=\"782\" data-end=\"796\">Hur man anv\u00e4nder \ud83d\udccc<\/h2>\n<ol data-start=\"797\" data-end=\"1042\">\n<li data-start=\"797\" data-end=\"859\">\n<p data-start=\"800\" data-end=\"859\">Vik Midjeskyddet Runt Midjan Eller Nedre Delen Av Ryggen.<\/p>\n<\/li>\n<li data-start=\"860\" data-end=\"906\">\n<p data-start=\"863\" data-end=\"906\">Justera Det F\u00f6r En \u00c5tsittande Och Bekv\u00e4m Passform.<\/p>\n<\/li>\n<li data-start=\"907\" data-end=\"953\">\n<p data-start=\"910\" data-end=\"953\">B\u00e4r Det Under Eller \u00d6ver Kl\u00e4der Efter Behov.<\/p>\n<\/li>\n<li data-start=\"954\" data-end=\"1005\">\n<p data-start=\"957\" data-end=\"1005\">Anv\u00e4nd Hela Dagen F\u00f6r V\u00e4rme Och Komfort.<\/p>\n<\/li>\n<li data-start=\"1006\" data-end=\"1042\">\n<p data-start=\"1009\" data-end=\"1042\">Ta Bort Och Tv\u00e4tta Vid Behov.<\/p>\n<\/li>\n<\/ol>\n<h2 style=\"text-align: center;\" data-start=\"1049\" data-end=\"1068\">Produktdetaljer \ud83d\udccf<\/h2>\n<ul data-start=\"1069\" data-end=\"1366\">\n<li data-start=\"1123\" data-end=\"1166\">\n<p data-start=\"1125\" data-end=\"1166\">Material: H\u00f6gkvalitativ Syntetisk Sammet<\/p>\n<\/li>\n<li data-start=\"1167\" data-end=\"1214\">\n<p data-start=\"1169\" data-end=\"1214\">Stilalternativ: Med Mugwort-Prickar Eller Vanliga<\/p>\n<\/li>\n<li data-start=\"1261\" data-end=\"1290\">\n<p data-start=\"1263\" data-end=\"1290\">Design: Elastisk, Smal Passform<\/p>\n<\/li>\n<li data-start=\"1291\" data-end=\"1339\">\n<p data-start=\"1293\" data-end=\"1339\">Anv\u00e4ndning: V\u00e4rme F\u00f6r Midja, Nedre Rygg Och Mage<\/p>\n<\/li>\n<li data-start=\"1340\" data-end=\"1366\">\n<p data-start=\"1342\" data-end=\"1366\">Sk\u00f6tsel: Tv\u00e4ttas I Maskin<\/p>\n<\/li>\n<li data-start=\"1340\" data-end=\"1366\">Storlekar: M (20 x 25 cm), L (23 x 25 cm), XL (27 x 25 cm), XXL (30 x 25 cm)<\/li>\n<\/ul>\n<h2 style=\"text-align: center;\" data-start=\"1373\" data-end=\"1393\">F\u00f6rpackningen Inneh\u00e5ller \ud83d\udce6<\/h2>\n<ul data-start=\"1394\" data-end=\"1438\" data-is-last-node=\"\" data-is-only-node=\"\">\n<li data-start=\"1394\" data-end=\"1438\" data-is-last-node=\"\">\n<p data-start=\"1396\" data-end=\"1438\" data-is-last-node=\"\">2x Vintermidjeskydd Med H\u00f6g Stretch.<\/p>\n<\/li>\n<\/ul>\n<\/div>\n<\/div>\n<\/div>\n<\/div>\n<\/div>\n<\/div>\n<\/article>\n<\/div>\n","protected":false},"excerpt":{"rendered":"<p>\ud83d\udd25Detta vintermidjeskydd med h\u00f6g stretch ger mild v\u00e4rme och flexibelt st\u00f6d f\u00f6r midjan, nedre delen av ryggen och buken.<br \/>\n\ud83e\udd38Tillverkad av mjuk, elastisk sammet, passar den bekv\u00e4mt under kl\u00e4derna och hj\u00e4lper till att lindra kallt obehag under dagliga aktiviteter eller vila.<br \/>\n\u2744\ufe0fDetta g\u00f6r den idealisk f\u00f6r att h\u00e5lla sig varm hemma, utomhus eller under l\u00e5nga vinterdagar.<\/p>\n","protected":false},"featured_media":18498,"comment_status":"open","ping_status":"closed","template":"","meta":{"site-sidebar-layout":"default","site-content-layout":"","ast-site-content-layout":"default","site-content-style":"default","site-sidebar-style":"default","ast-global-header-display":"","ast-banner-title-visibility":"","ast-main-header-display":"","ast-hfb-above-header-display":"","ast-hfb-below-header-display":"","ast-hfb-mobile-header-display":"","site-post-title":"","ast-breadcrumbs-content":"","ast-featured-img":"","footer-sml-layout":"","theme-transparent-header-meta":"default","adv-header-id-meta":"","stick-header-meta":"","header-above-stick-meta":"","header-main-stick-meta":"","header-below-stick-meta":"","astra-migrate-meta-layouts":"set","ast-page-background-enabled":"default","ast-page-background-meta":{"desktop":{"background-color":"var(--ast-global-color-5)","background-image":"","background-repeat":"repeat","background-position":"center center","background-size":"auto","background-attachment":"scroll","background-type":"","background-media":"","overlay-type":"","overlay-color":"","overlay-opacity":"","overlay-gradient":""},"tablet":{"background-color":"","background-image":"","background-repeat":"repeat","background-position":"center center","background-size":"auto","background-attachment":"scroll","background-type":"","background-media":"","overlay-type":"","overlay-color":"","overlay-opacity":"","overlay-gradient":""},"mobile":{"background-color":"","background-image":"","background-repeat":"repeat","background-position":"center center","background-size":"auto","background-attachment":"scroll","background-type":"","background-media":"","overlay-type":"","overlay-color":"","overlay-opacity":"","overlay-gradient":""}},"ast-content-background-meta":{"desktop":{"background-color":"var(--ast-global-color-4)","background-image":"","background-repeat":"repeat","background-position":"center center","background-size":"auto","background-attachment":"scroll","background-type":"","background-media":"","overlay-type":"","overlay-color":"","overlay-opacity":"","overlay-gradient":""},"tablet":{"background-color":"var(--ast-global-color-4)","background-image":"","background-repeat":"repeat","background-position":"center center","background-size":"auto","background-attachment":"scroll","background-type":"","background-media":"","overlay-type":"","overlay-color":"","overlay-opacity":"","overlay-gradient":""},"mobile":{"background-color":"var(--ast-global-color-4)","background-image":"","background-repeat":"repeat","background-position":"center center","background-size":"auto","background-attachment":"scroll","background-type":"","background-media":"","overlay-type":"","overlay-color":"","overlay-opacity":"","overlay-gradient":""}}},"product_brand":[],"product_cat":[166],"product_tag":[],"class_list":{"0":"post-18502","1":"product","2":"type-product","3":"status-publish","4":"has-post-thumbnail","6":"product_cat-halso-och-sjukvardsprodukter","7":"pa_50989_bqt23bd7-gra","8":"pa_50989_bqt23bd7-hudfarg","9":"pa_50989_bqt23bd7-rosa","10":"pa_50989_bqt23bd7-svart","11":"pa_50989_xnzd9yco-l","12":"pa_50989_xnzd9yco-m","13":"pa_50989_xnzd9yco-xl","14":"pa_50989_xnzd9yco-xxl","15":"desktop-align-left","16":"tablet-align-left","17":"mobile-align-left","19":"first","20":"instock","21":"shipping-taxable","22":"purchasable","23":"product-type-variable","24":"has-default-attributes"},"yoast_head":"<!-- This site is optimized with the Yoast SEO plugin v26.6 - https:\/\/yoast.com\/wordpress\/plugins\/seo\/ -->\n<title>Midjeskydd med h\u00f6g stretch f\u00f6r vinterbruk (2 st) - Mekulo SE<\/title>\n<meta name=\"robots\" content=\"index, follow, max-snippet:-1, max-image-preview:large, max-video-preview:-1\" \/>\n<link rel=\"canonical\" href=\"https:\/\/mekulo.com\/se\/produkt\/midjeskydd-med-hog-stretch-for-vinterbruk-2-st\/\" \/>\n<meta property=\"og:locale\" content=\"sv_SE\" \/>\n<meta property=\"og:type\" content=\"article\" \/>\n<meta property=\"og:title\" content=\"Midjeskydd med h\u00f6g stretch f\u00f6r vinterbruk (2 st) - Mekulo SE\" \/>\n<meta property=\"og:description\" content=\"\ud83d\udd25Detta vintermidjeskydd med h\u00f6g stretch ger mild v\u00e4rme och flexibelt st\u00f6d f\u00f6r midjan, nedre delen av ryggen och buken. \ud83e\udd38Tillverkad av mjuk, elastisk sammet, passar den bekv\u00e4mt under kl\u00e4derna och hj\u00e4lper till att lindra kallt obehag under dagliga aktiviteter eller vila. \u2744\ufe0fDetta g\u00f6r den idealisk f\u00f6r att h\u00e5lla sig varm hemma, utomhus eller under l\u00e5nga vinterdagar.\" \/>\n<meta property=\"og:url\" content=\"https:\/\/mekulo.com\/se\/produkt\/midjeskydd-med-hog-stretch-for-vinterbruk-2-st\/\" \/>\n<meta property=\"og:site_name\" content=\"Mekulo SE\" \/>\n<meta property=\"article:modified_time\" content=\"2026-02-03T15:12:36+00:00\" \/>\n<meta property=\"og:image\" content=\"https:\/\/mekulo.com\/se\/wp-content\/uploads\/sites\/11\/2026\/01\/x45ovjr-1.webp\" \/>\n\t<meta property=\"og:image:width\" content=\"713\" \/>\n\t<meta property=\"og:image:height\" content=\"713\" \/>\n\t<meta property=\"og:image:type\" content=\"image\/webp\" \/>\n<meta name=\"twitter:card\" content=\"summary_large_image\" \/>\n<meta name=\"twitter:label1\" content=\"Ber\u00e4knad l\u00e4stid\" \/>\n\t<meta name=\"twitter:data1\" content=\"2 minuter\" \/>\n<script type=\"application\/ld+json\" class=\"yoast-schema-graph\">{\"@context\":\"https:\/\/schema.org\",\"@graph\":[{\"@type\":\"WebPage\",\"@id\":\"https:\/\/mekulo.com\/se\/produkt\/midjeskydd-med-hog-stretch-for-vinterbruk-2-st\/\",\"url\":\"https:\/\/mekulo.com\/se\/produkt\/midjeskydd-med-hog-stretch-for-vinterbruk-2-st\/\",\"name\":\"Midjeskydd med h\u00f6g stretch f\u00f6r vinterbruk (2 st) - Mekulo SE\",\"isPartOf\":{\"@id\":\"https:\/\/mekulo.com\/se\/#website\"},\"primaryImageOfPage\":{\"@id\":\"https:\/\/mekulo.com\/se\/produkt\/midjeskydd-med-hog-stretch-for-vinterbruk-2-st\/#primaryimage\"},\"image\":{\"@id\":\"https:\/\/mekulo.com\/se\/produkt\/midjeskydd-med-hog-stretch-for-vinterbruk-2-st\/#primaryimage\"},\"thumbnailUrl\":\"https:\/\/mekulo.com\/se\/wp-content\/uploads\/sites\/11\/2026\/01\/x45ovjr-1.webp\",\"datePublished\":\"2026-01-22T14:55:49+00:00\",\"dateModified\":\"2026-02-03T15:12:36+00:00\",\"breadcrumb\":{\"@id\":\"https:\/\/mekulo.com\/se\/produkt\/midjeskydd-med-hog-stretch-for-vinterbruk-2-st\/#breadcrumb\"},\"inLanguage\":\"sv-SE\",\"potentialAction\":[{\"@type\":\"ReadAction\",\"target\":[\"https:\/\/mekulo.com\/se\/produkt\/midjeskydd-med-hog-stretch-for-vinterbruk-2-st\/\"]}]},{\"@type\":\"ImageObject\",\"inLanguage\":\"sv-SE\",\"@id\":\"https:\/\/mekulo.com\/se\/produkt\/midjeskydd-med-hog-stretch-for-vinterbruk-2-st\/#primaryimage\",\"url\":\"https:\/\/mekulo.com\/se\/wp-content\/uploads\/sites\/11\/2026\/01\/x45ovjr-1.webp\",\"contentUrl\":\"https:\/\/mekulo.com\/se\/wp-content\/uploads\/sites\/11\/2026\/01\/x45ovjr-1.webp\",\"width\":713,\"height\":713},{\"@type\":\"BreadcrumbList\",\"@id\":\"https:\/\/mekulo.com\/se\/produkt\/midjeskydd-med-hog-stretch-for-vinterbruk-2-st\/#breadcrumb\",\"itemListElement\":[{\"@type\":\"ListItem\",\"position\":1,\"name\":\"Home\",\"item\":\"https:\/\/mekulo.com\/se\/\"},{\"@type\":\"ListItem\",\"position\":2,\"name\":\"Butik\",\"item\":\"https:\/\/mekulo.com\/se\/butik\/\"},{\"@type\":\"ListItem\",\"position\":3,\"name\":\"Midjeskydd med h\u00f6g stretch f\u00f6r vinterbruk (2 st)\"}]},{\"@type\":\"WebSite\",\"@id\":\"https:\/\/mekulo.com\/se\/#website\",\"url\":\"https:\/\/mekulo.com\/se\/\",\"name\":\"Mekulo SE\",\"description\":\"\",\"publisher\":{\"@id\":\"https:\/\/mekulo.com\/se\/#organization\"},\"potentialAction\":[{\"@type\":\"SearchAction\",\"target\":{\"@type\":\"EntryPoint\",\"urlTemplate\":\"https:\/\/mekulo.com\/se\/?s={search_term_string}\"},\"query-input\":{\"@type\":\"PropertyValueSpecification\",\"valueRequired\":true,\"valueName\":\"search_term_string\"}}],\"inLanguage\":\"sv-SE\"},{\"@type\":\"Organization\",\"@id\":\"https:\/\/mekulo.com\/se\/#organization\",\"name\":\"Mekulo\",\"url\":\"https:\/\/mekulo.com\/se\/\",\"logo\":{\"@type\":\"ImageObject\",\"inLanguage\":\"sv-SE\",\"@id\":\"https:\/\/mekulo.com\/se\/#\/schema\/logo\/image\/\",\"url\":\"https:\/\/mekulo.com\/se\/wp-content\/uploads\/sites\/11\/2025\/12\/favicon_mekulo.png\",\"contentUrl\":\"https:\/\/mekulo.com\/se\/wp-content\/uploads\/sites\/11\/2025\/12\/favicon_mekulo.png\",\"width\":50,\"height\":50,\"caption\":\"Mekulo\"},\"image\":{\"@id\":\"https:\/\/mekulo.com\/se\/#\/schema\/logo\/image\/\"}}]}<\/script>\n<!-- \/ Yoast SEO plugin. -->","yoast_head_json":{"title":"Midjeskydd med h\u00f6g stretch f\u00f6r vinterbruk (2 st) - Mekulo SE","robots":{"index":"index","follow":"follow","max-snippet":"max-snippet:-1","max-image-preview":"max-image-preview:large","max-video-preview":"max-video-preview:-1"},"canonical":"https:\/\/mekulo.com\/se\/produkt\/midjeskydd-med-hog-stretch-for-vinterbruk-2-st\/","og_locale":"sv_SE","og_type":"article","og_title":"Midjeskydd med h\u00f6g stretch f\u00f6r vinterbruk (2 st) - Mekulo SE","og_description":"\ud83d\udd25Detta vintermidjeskydd med h\u00f6g stretch ger mild v\u00e4rme och flexibelt st\u00f6d f\u00f6r midjan, nedre delen av ryggen och buken. \ud83e\udd38Tillverkad av mjuk, elastisk sammet, passar den bekv\u00e4mt under kl\u00e4derna och hj\u00e4lper till att lindra kallt obehag under dagliga aktiviteter eller vila. \u2744\ufe0fDetta g\u00f6r den idealisk f\u00f6r att h\u00e5lla sig varm hemma, utomhus eller under l\u00e5nga vinterdagar.","og_url":"https:\/\/mekulo.com\/se\/produkt\/midjeskydd-med-hog-stretch-for-vinterbruk-2-st\/","og_site_name":"Mekulo SE","article_modified_time":"2026-02-03T15:12:36+00:00","og_image":[{"width":713,"height":713,"url":"https:\/\/mekulo.com\/se\/wp-content\/uploads\/sites\/11\/2026\/01\/x45ovjr-1.webp","type":"image\/webp"}],"twitter_card":"summary_large_image","twitter_misc":{"Ber\u00e4knad l\u00e4stid":"2 minuter"},"schema":{"@context":"https:\/\/schema.org","@graph":[{"@type":"WebPage","@id":"https:\/\/mekulo.com\/se\/produkt\/midjeskydd-med-hog-stretch-for-vinterbruk-2-st\/","url":"https:\/\/mekulo.com\/se\/produkt\/midjeskydd-med-hog-stretch-for-vinterbruk-2-st\/","name":"Midjeskydd med h\u00f6g stretch f\u00f6r vinterbruk (2 st) - Mekulo SE","isPartOf":{"@id":"https:\/\/mekulo.com\/se\/#website"},"primaryImageOfPage":{"@id":"https:\/\/mekulo.com\/se\/produkt\/midjeskydd-med-hog-stretch-for-vinterbruk-2-st\/#primaryimage"},"image":{"@id":"https:\/\/mekulo.com\/se\/produkt\/midjeskydd-med-hog-stretch-for-vinterbruk-2-st\/#primaryimage"},"thumbnailUrl":"https:\/\/mekulo.com\/se\/wp-content\/uploads\/sites\/11\/2026\/01\/x45ovjr-1.webp","datePublished":"2026-01-22T14:55:49+00:00","dateModified":"2026-02-03T15:12:36+00:00","breadcrumb":{"@id":"https:\/\/mekulo.com\/se\/produkt\/midjeskydd-med-hog-stretch-for-vinterbruk-2-st\/#breadcrumb"},"inLanguage":"sv-SE","potentialAction":[{"@type":"ReadAction","target":["https:\/\/mekulo.com\/se\/produkt\/midjeskydd-med-hog-stretch-for-vinterbruk-2-st\/"]}]},{"@type":"ImageObject","inLanguage":"sv-SE","@id":"https:\/\/mekulo.com\/se\/produkt\/midjeskydd-med-hog-stretch-for-vinterbruk-2-st\/#primaryimage","url":"https:\/\/mekulo.com\/se\/wp-content\/uploads\/sites\/11\/2026\/01\/x45ovjr-1.webp","contentUrl":"https:\/\/mekulo.com\/se\/wp-content\/uploads\/sites\/11\/2026\/01\/x45ovjr-1.webp","width":713,"height":713},{"@type":"BreadcrumbList","@id":"https:\/\/mekulo.com\/se\/produkt\/midjeskydd-med-hog-stretch-for-vinterbruk-2-st\/#breadcrumb","itemListElement":[{"@type":"ListItem","position":1,"name":"Home","item":"https:\/\/mekulo.com\/se\/"},{"@type":"ListItem","position":2,"name":"Butik","item":"https:\/\/mekulo.com\/se\/butik\/"},{"@type":"ListItem","position":3,"name":"Midjeskydd med h\u00f6g stretch f\u00f6r vinterbruk (2 st)"}]},{"@type":"WebSite","@id":"https:\/\/mekulo.com\/se\/#website","url":"https:\/\/mekulo.com\/se\/","name":"Mekulo SE","description":"","publisher":{"@id":"https:\/\/mekulo.com\/se\/#organization"},"potentialAction":[{"@type":"SearchAction","target":{"@type":"EntryPoint","urlTemplate":"https:\/\/mekulo.com\/se\/?s={search_term_string}"},"query-input":{"@type":"PropertyValueSpecification","valueRequired":true,"valueName":"search_term_string"}}],"inLanguage":"sv-SE"},{"@type":"Organization","@id":"https:\/\/mekulo.com\/se\/#organization","name":"Mekulo","url":"https:\/\/mekulo.com\/se\/","logo":{"@type":"ImageObject","inLanguage":"sv-SE","@id":"https:\/\/mekulo.com\/se\/#\/schema\/logo\/image\/","url":"https:\/\/mekulo.com\/se\/wp-content\/uploads\/sites\/11\/2025\/12\/favicon_mekulo.png","contentUrl":"https:\/\/mekulo.com\/se\/wp-content\/uploads\/sites\/11\/2025\/12\/favicon_mekulo.png","width":50,"height":50,"caption":"Mekulo"},"image":{"@id":"https:\/\/mekulo.com\/se\/#\/schema\/logo\/image\/"}}]}},"_links":{"self":[{"href":"https:\/\/mekulo.com\/se\/wp-json\/wp\/v2\/product\/18502","targetHints":{"allow":["GET"]}}],"collection":[{"href":"https:\/\/mekulo.com\/se\/wp-json\/wp\/v2\/product"}],"about":[{"href":"https:\/\/mekulo.com\/se\/wp-json\/wp\/v2\/types\/product"}],"replies":[{"embeddable":true,"href":"https:\/\/mekulo.com\/se\/wp-json\/wp\/v2\/comments?post=18502"}],"wp:featuredmedia":[{"embeddable":true,"href":"https:\/\/mekulo.com\/se\/wp-json\/wp\/v2\/media\/18498"}],"wp:attachment":[{"href":"https:\/\/mekulo.com\/se\/wp-json\/wp\/v2\/media?parent=18502"}],"wp:term":[{"taxonomy":"product_brand","embeddable":true,"href":"https:\/\/mekulo.com\/se\/wp-json\/wp\/v2\/product_brand?post=18502"},{"taxonomy":"product_cat","embeddable":true,"href":"https:\/\/mekulo.com\/se\/wp-json\/wp\/v2\/product_cat?post=18502"},{"taxonomy":"product_tag","embeddable":true,"href":"https:\/\/mekulo.com\/se\/wp-json\/wp\/v2\/product_tag?post=18502"}],"curies":[{"name":"wp","href":"https:\/\/api.w.org\/{rel}","templated":true}]}}