{"id":18477,"date":"2026-01-22T16:53:22","date_gmt":"2026-01-22T14:53:22","guid":{"rendered":"https:\/\/mekulo.com\/se\/produkt\/borste-for-lockvolym\/"},"modified":"2026-02-03T17:13:11","modified_gmt":"2026-02-03T15:13:11","slug":"borste-for-lockvolym","status":"publish","type":"product","link":"https:\/\/mekulo.com\/se\/produkt\/borste-for-lockvolym\/","title":{"rendered":"Borste f\u00f6r lockvolym"},"content":{"rendered":"<p style=\"text-align: center;\" data-start=\"0\" data-end=\"68\"><strong data-start=\"0\" data-end=\"68\">Ge Dina Lockar Lyft, Form Och Volym Med En Enkel Borste. \ud83d\udc71\u200d\u2640\ufe0f<\/strong><\/p>\n<p data-start=\"0\" data-end=\"68\"><img decoding=\"async\" class=\"size-full wp-image-21232 aligncenter\" src=\"https:\/\/mekulo.com\/template\/wp-content\/uploads\/sites\/6\/2026\/01\/7f095d41b557bdeb43655852a67e67fdb06bdafe.avif\" alt=\"\" \/><\/p>\n<h2 style=\"text-align: center;\" data-start=\"294\" data-end=\"317\">Huvudsakliga f\u00f6rdelar \ud83d\udc81\u200d\u2640\ufe0f<\/h2>\n<p data-start=\"320\" data-end=\"386\">\ud83c\udf2a\ufe0f \u00d6kar lockvolymen &#8211; Lyfter och formar lockarna utan anstr\u00e4ngning.<\/p>\n<p data-start=\"389\" data-end=\"459\">\ud83d\udd25 V\u00e4rmefritt stylingalternativ &#8211; Skapar lockar med mindre v\u00e4rmeskador.<\/p>\n<p data-start=\"462\" data-end=\"537\">\ud83e\udeae 17 rundade kamt\u00e4nder &#8211; Smidig styling utan att dra eller g\u00e5 s\u00f6nder.<\/p>\n<p data-start=\"540\" data-end=\"596\">\u2728 Naturliga resultat &#8211; Definierar lockar i alla riktningar.<\/p>\n<p data-start=\"599\" data-end=\"658\">\ud83e\uddf3 B\u00e4rbar design &#8211; Perfekt f\u00f6r resor och daglig anv\u00e4ndning.<\/p>\n<p data-start=\"661\" data-end=\"723\">\ud83d\udcaa H\u00e5llbart material &#8211; Byggt f\u00f6r l\u00e5ngvarig prestanda.<\/p>\n<p data-start=\"661\" data-end=\"723\"><img decoding=\"async\" class=\"size-full wp-image-21233 aligncenter\" src=\"https:\/\/mekulo.com\/template\/wp-content\/uploads\/sites\/6\/2026\/01\/f81112ae390770a2e4bdfecb6fa679e9ff173340.avif\" alt=\"\" \/><\/p>\n<h2 style=\"text-align: center;\" data-start=\"730\" data-end=\"744\">Hur man anv\u00e4nder \ud83d\udccc<\/h2>\n<ol data-start=\"745\" data-end=\"1036\">\n<li data-start=\"745\" data-end=\"787\">\n<p data-start=\"748\" data-end=\"787\">Starta med fuktigt eller l\u00e4tt v\u00e5tt h\u00e5r.<\/p>\n<\/li>\n<li data-start=\"788\" data-end=\"838\">\n<p data-start=\"791\" data-end=\"838\">F\u00f6r in de rundade kamt\u00e4nderna i h\u00e5ret.<\/p>\n<\/li>\n<li data-start=\"839\" data-end=\"891\">\n<p data-start=\"842\" data-end=\"891\">Placera h\u00e5rspetsarna i den svarta curlingsektionen.<\/p>\n<\/li>\n<li data-start=\"892\" data-end=\"937\">\n<p data-start=\"895\" data-end=\"937\">Curla h\u00e5ret i \u00f6nskad riktning.<\/p>\n<\/li>\n<li data-start=\"938\" data-end=\"987\">\n<p data-start=\"941\" data-end=\"987\">Anv\u00e4nd en h\u00e5rtork f\u00f6r att st\u00e4lla in stilen om det beh\u00f6vs.<\/p>\n<\/li>\n<li data-start=\"988\" data-end=\"1036\">\n<p data-start=\"991\" data-end=\"1036\">Sl\u00e4pp f\u00f6r att avsl\u00f6ja lyfta, volumin\u00f6sa lockar.<\/p>\n<\/li>\n<\/ol>\n<h2 style=\"text-align: center;\" data-start=\"1043\" data-end=\"1062\">Produktdetaljer \ud83d\udccf<\/h2>\n<ul data-start=\"1063\" data-end=\"1300\">\n<li data-start=\"1099\" data-end=\"1140\">\n<p data-start=\"1101\" data-end=\"1140\">Funktion: Lyft, forma och ge volym<\/p>\n<\/li>\n<li data-start=\"1141\" data-end=\"1179\">\n<p data-start=\"1143\" data-end=\"1179\">Tandantal: 17 rundade kamt\u00e4nder<\/p>\n<\/li>\n<li data-start=\"1180\" data-end=\"1226\">\n<p data-start=\"1182\" data-end=\"1226\">Stylingtyp: Lockdefinierande och volymgivande<\/p>\n<\/li>\n<li data-start=\"1227\" data-end=\"1265\">\n<p data-start=\"1229\" data-end=\"1265\">Anv\u00e4ndningsplatser: Hem, resa, salong<\/p>\n<\/li>\n<li data-start=\"1266\" data-end=\"1300\">\n<p data-start=\"1268\" data-end=\"1300\">H\u00e5rtyp: Lockigt och v\u00e5gigt h\u00e5r<\/p>\n<\/li>\n<li data-start=\"1266\" data-end=\"1300\">Storlek: 25 x 5 cm<\/li>\n<\/ul>\n<h2 style=\"text-align: center;\" data-start=\"1307\" data-end=\"1327\">Paketet inneh\u00e5ller \ud83d\udce6<\/h2>\n<ul data-start=\"1328\" data-end=\"1354\" data-is-last-node=\"\" data-is-only-node=\"\">\n<li data-start=\"1328\" data-end=\"1354\" data-is-last-node=\"\">\n<p data-start=\"1330\" data-end=\"1354\" data-is-last-node=\"\">1, 2x lockborste\/borstar.<\/p>\n<\/li>\n<\/ul>\n","protected":false},"excerpt":{"rendered":"<p>\ud83e\udeaeDen h\u00e4r lockvolymborsten \u00e4r utformad f\u00f6r att lyfta r\u00f6tter, styra lockar och ge volym utan att skada h\u00e5ret.<br \/>\n\ud83d\udc69\u200d\ud83e\uddb1Det hj\u00e4lper dig att enkelt forma naturliga lockar, vilket g\u00f6r stylingen snabbare och mer kontrollerad hemma eller p\u00e5 spr\u00e5ng.<br \/>\n\ud83d\udc87\u200d\u2640\ufe0fDetta borste ger dina lockar mer studs och definition med minimal anstr\u00e4ngning.<\/p>\n","protected":false},"featured_media":18473,"comment_status":"open","ping_status":"closed","template":"","meta":{"site-sidebar-layout":"default","site-content-layout":"","ast-site-content-layout":"default","site-content-style":"default","site-sidebar-style":"default","ast-global-header-display":"","ast-banner-title-visibility":"","ast-main-header-display":"","ast-hfb-above-header-display":"","ast-hfb-below-header-display":"","ast-hfb-mobile-header-display":"","site-post-title":"","ast-breadcrumbs-content":"","ast-featured-img":"","footer-sml-layout":"","theme-transparent-header-meta":"default","adv-header-id-meta":"","stick-header-meta":"","header-above-stick-meta":"","header-main-stick-meta":"","header-below-stick-meta":"","astra-migrate-meta-layouts":"set","ast-page-background-enabled":"default","ast-page-background-meta":{"desktop":{"background-color":"var(--ast-global-color-5)","background-image":"","background-repeat":"repeat","background-position":"center center","background-size":"auto","background-attachment":"scroll","background-type":"","background-media":"","overlay-type":"","overlay-color":"","overlay-opacity":"","overlay-gradient":""},"tablet":{"background-color":"","background-image":"","background-repeat":"repeat","background-position":"center center","background-size":"auto","background-attachment":"scroll","background-type":"","background-media":"","overlay-type":"","overlay-color":"","overlay-opacity":"","overlay-gradient":""},"mobile":{"background-color":"","background-image":"","background-repeat":"repeat","background-position":"center center","background-size":"auto","background-attachment":"scroll","background-type":"","background-media":"","overlay-type":"","overlay-color":"","overlay-opacity":"","overlay-gradient":""}},"ast-content-background-meta":{"desktop":{"background-color":"var(--ast-global-color-4)","background-image":"","background-repeat":"repeat","background-position":"center center","background-size":"auto","background-attachment":"scroll","background-type":"","background-media":"","overlay-type":"","overlay-color":"","overlay-opacity":"","overlay-gradient":""},"tablet":{"background-color":"var(--ast-global-color-4)","background-image":"","background-repeat":"repeat","background-position":"center center","background-size":"auto","background-attachment":"scroll","background-type":"","background-media":"","overlay-type":"","overlay-color":"","overlay-opacity":"","overlay-gradient":""},"mobile":{"background-color":"var(--ast-global-color-4)","background-image":"","background-repeat":"repeat","background-position":"center center","background-size":"auto","background-attachment":"scroll","background-type":"","background-media":"","overlay-type":"","overlay-color":"","overlay-opacity":"","overlay-gradient":""}}},"product_brand":[],"product_cat":[15],"product_tag":[],"class_list":{"0":"post-18477","1":"product","2":"type-product","3":"status-publish","4":"has-post-thumbnail","6":"product_cat-uncategorized","7":"pa_51528_7npxtelu-gron","8":"pa_51528_7npxtelu-lila","9":"pa_51528_7npxtelu-ljusrosa","10":"pa_51528_7npxtelu-svart","11":"pa_51528_fr1416fg-1-st","12":"pa_51528_fr1416fg-2-st","13":"desktop-align-left","14":"tablet-align-left","15":"mobile-align-left","17":"first","18":"instock","19":"shipping-taxable","20":"purchasable","21":"product-type-variable","22":"has-default-attributes"},"yoast_head":"<!-- This site is optimized with the Yoast SEO plugin v26.6 - https:\/\/yoast.com\/wordpress\/plugins\/seo\/ -->\n<title>Borste f\u00f6r lockvolym - Mekulo SE<\/title>\n<meta name=\"robots\" content=\"index, follow, max-snippet:-1, max-image-preview:large, max-video-preview:-1\" \/>\n<link rel=\"canonical\" href=\"https:\/\/mekulo.com\/se\/produkt\/borste-for-lockvolym\/\" \/>\n<meta property=\"og:locale\" content=\"sv_SE\" \/>\n<meta property=\"og:type\" content=\"article\" \/>\n<meta property=\"og:title\" content=\"Borste f\u00f6r lockvolym - Mekulo SE\" \/>\n<meta property=\"og:description\" content=\"\ud83e\udeaeDen h\u00e4r lockvolymborsten \u00e4r utformad f\u00f6r att lyfta r\u00f6tter, styra lockar och ge volym utan att skada h\u00e5ret. \ud83d\udc69\u200d\ud83e\uddb1Det hj\u00e4lper dig att enkelt forma naturliga lockar, vilket g\u00f6r stylingen snabbare och mer kontrollerad hemma eller p\u00e5 spr\u00e5ng. \ud83d\udc87\u200d\u2640\ufe0fDetta borste ger dina lockar mer studs och definition med minimal anstr\u00e4ngning.\" \/>\n<meta property=\"og:url\" content=\"https:\/\/mekulo.com\/se\/produkt\/borste-for-lockvolym\/\" \/>\n<meta property=\"og:site_name\" content=\"Mekulo SE\" \/>\n<meta property=\"article:modified_time\" content=\"2026-02-03T15:13:11+00:00\" \/>\n<meta property=\"og:image\" content=\"https:\/\/mekulo.com\/se\/wp-content\/uploads\/sites\/11\/2026\/01\/c7drpw3-1.jpg\" \/>\n\t<meta property=\"og:image:width\" content=\"700\" \/>\n\t<meta property=\"og:image:height\" content=\"700\" \/>\n\t<meta property=\"og:image:type\" content=\"image\/jpeg\" \/>\n<meta name=\"twitter:card\" content=\"summary_large_image\" \/>\n<meta name=\"twitter:label1\" content=\"Ber\u00e4knad l\u00e4stid\" \/>\n\t<meta name=\"twitter:data1\" content=\"2 minuter\" \/>\n<script type=\"application\/ld+json\" class=\"yoast-schema-graph\">{\"@context\":\"https:\/\/schema.org\",\"@graph\":[{\"@type\":\"WebPage\",\"@id\":\"https:\/\/mekulo.com\/se\/produkt\/borste-for-lockvolym\/\",\"url\":\"https:\/\/mekulo.com\/se\/produkt\/borste-for-lockvolym\/\",\"name\":\"Borste f\u00f6r lockvolym - Mekulo SE\",\"isPartOf\":{\"@id\":\"https:\/\/mekulo.com\/se\/#website\"},\"primaryImageOfPage\":{\"@id\":\"https:\/\/mekulo.com\/se\/produkt\/borste-for-lockvolym\/#primaryimage\"},\"image\":{\"@id\":\"https:\/\/mekulo.com\/se\/produkt\/borste-for-lockvolym\/#primaryimage\"},\"thumbnailUrl\":\"https:\/\/mekulo.com\/se\/wp-content\/uploads\/sites\/11\/2026\/01\/c7drpw3-1.jpg\",\"datePublished\":\"2026-01-22T14:53:22+00:00\",\"dateModified\":\"2026-02-03T15:13:11+00:00\",\"breadcrumb\":{\"@id\":\"https:\/\/mekulo.com\/se\/produkt\/borste-for-lockvolym\/#breadcrumb\"},\"inLanguage\":\"sv-SE\",\"potentialAction\":[{\"@type\":\"ReadAction\",\"target\":[\"https:\/\/mekulo.com\/se\/produkt\/borste-for-lockvolym\/\"]}]},{\"@type\":\"ImageObject\",\"inLanguage\":\"sv-SE\",\"@id\":\"https:\/\/mekulo.com\/se\/produkt\/borste-for-lockvolym\/#primaryimage\",\"url\":\"https:\/\/mekulo.com\/se\/wp-content\/uploads\/sites\/11\/2026\/01\/c7drpw3-1.jpg\",\"contentUrl\":\"https:\/\/mekulo.com\/se\/wp-content\/uploads\/sites\/11\/2026\/01\/c7drpw3-1.jpg\",\"width\":700,\"height\":700},{\"@type\":\"BreadcrumbList\",\"@id\":\"https:\/\/mekulo.com\/se\/produkt\/borste-for-lockvolym\/#breadcrumb\",\"itemListElement\":[{\"@type\":\"ListItem\",\"position\":1,\"name\":\"Home\",\"item\":\"https:\/\/mekulo.com\/se\/\"},{\"@type\":\"ListItem\",\"position\":2,\"name\":\"Butik\",\"item\":\"https:\/\/mekulo.com\/se\/butik\/\"},{\"@type\":\"ListItem\",\"position\":3,\"name\":\"Borste f\u00f6r lockvolym\"}]},{\"@type\":\"WebSite\",\"@id\":\"https:\/\/mekulo.com\/se\/#website\",\"url\":\"https:\/\/mekulo.com\/se\/\",\"name\":\"Mekulo SE\",\"description\":\"\",\"publisher\":{\"@id\":\"https:\/\/mekulo.com\/se\/#organization\"},\"potentialAction\":[{\"@type\":\"SearchAction\",\"target\":{\"@type\":\"EntryPoint\",\"urlTemplate\":\"https:\/\/mekulo.com\/se\/?s={search_term_string}\"},\"query-input\":{\"@type\":\"PropertyValueSpecification\",\"valueRequired\":true,\"valueName\":\"search_term_string\"}}],\"inLanguage\":\"sv-SE\"},{\"@type\":\"Organization\",\"@id\":\"https:\/\/mekulo.com\/se\/#organization\",\"name\":\"Mekulo\",\"url\":\"https:\/\/mekulo.com\/se\/\",\"logo\":{\"@type\":\"ImageObject\",\"inLanguage\":\"sv-SE\",\"@id\":\"https:\/\/mekulo.com\/se\/#\/schema\/logo\/image\/\",\"url\":\"https:\/\/mekulo.com\/se\/wp-content\/uploads\/sites\/11\/2025\/12\/favicon_mekulo.png\",\"contentUrl\":\"https:\/\/mekulo.com\/se\/wp-content\/uploads\/sites\/11\/2025\/12\/favicon_mekulo.png\",\"width\":50,\"height\":50,\"caption\":\"Mekulo\"},\"image\":{\"@id\":\"https:\/\/mekulo.com\/se\/#\/schema\/logo\/image\/\"}}]}<\/script>\n<!-- \/ Yoast SEO plugin. -->","yoast_head_json":{"title":"Borste f\u00f6r lockvolym - Mekulo SE","robots":{"index":"index","follow":"follow","max-snippet":"max-snippet:-1","max-image-preview":"max-image-preview:large","max-video-preview":"max-video-preview:-1"},"canonical":"https:\/\/mekulo.com\/se\/produkt\/borste-for-lockvolym\/","og_locale":"sv_SE","og_type":"article","og_title":"Borste f\u00f6r lockvolym - Mekulo SE","og_description":"\ud83e\udeaeDen h\u00e4r lockvolymborsten \u00e4r utformad f\u00f6r att lyfta r\u00f6tter, styra lockar och ge volym utan att skada h\u00e5ret. \ud83d\udc69\u200d\ud83e\uddb1Det hj\u00e4lper dig att enkelt forma naturliga lockar, vilket g\u00f6r stylingen snabbare och mer kontrollerad hemma eller p\u00e5 spr\u00e5ng. \ud83d\udc87\u200d\u2640\ufe0fDetta borste ger dina lockar mer studs och definition med minimal anstr\u00e4ngning.","og_url":"https:\/\/mekulo.com\/se\/produkt\/borste-for-lockvolym\/","og_site_name":"Mekulo SE","article_modified_time":"2026-02-03T15:13:11+00:00","og_image":[{"width":700,"height":700,"url":"https:\/\/mekulo.com\/se\/wp-content\/uploads\/sites\/11\/2026\/01\/c7drpw3-1.jpg","type":"image\/jpeg"}],"twitter_card":"summary_large_image","twitter_misc":{"Ber\u00e4knad l\u00e4stid":"2 minuter"},"schema":{"@context":"https:\/\/schema.org","@graph":[{"@type":"WebPage","@id":"https:\/\/mekulo.com\/se\/produkt\/borste-for-lockvolym\/","url":"https:\/\/mekulo.com\/se\/produkt\/borste-for-lockvolym\/","name":"Borste f\u00f6r lockvolym - Mekulo SE","isPartOf":{"@id":"https:\/\/mekulo.com\/se\/#website"},"primaryImageOfPage":{"@id":"https:\/\/mekulo.com\/se\/produkt\/borste-for-lockvolym\/#primaryimage"},"image":{"@id":"https:\/\/mekulo.com\/se\/produkt\/borste-for-lockvolym\/#primaryimage"},"thumbnailUrl":"https:\/\/mekulo.com\/se\/wp-content\/uploads\/sites\/11\/2026\/01\/c7drpw3-1.jpg","datePublished":"2026-01-22T14:53:22+00:00","dateModified":"2026-02-03T15:13:11+00:00","breadcrumb":{"@id":"https:\/\/mekulo.com\/se\/produkt\/borste-for-lockvolym\/#breadcrumb"},"inLanguage":"sv-SE","potentialAction":[{"@type":"ReadAction","target":["https:\/\/mekulo.com\/se\/produkt\/borste-for-lockvolym\/"]}]},{"@type":"ImageObject","inLanguage":"sv-SE","@id":"https:\/\/mekulo.com\/se\/produkt\/borste-for-lockvolym\/#primaryimage","url":"https:\/\/mekulo.com\/se\/wp-content\/uploads\/sites\/11\/2026\/01\/c7drpw3-1.jpg","contentUrl":"https:\/\/mekulo.com\/se\/wp-content\/uploads\/sites\/11\/2026\/01\/c7drpw3-1.jpg","width":700,"height":700},{"@type":"BreadcrumbList","@id":"https:\/\/mekulo.com\/se\/produkt\/borste-for-lockvolym\/#breadcrumb","itemListElement":[{"@type":"ListItem","position":1,"name":"Home","item":"https:\/\/mekulo.com\/se\/"},{"@type":"ListItem","position":2,"name":"Butik","item":"https:\/\/mekulo.com\/se\/butik\/"},{"@type":"ListItem","position":3,"name":"Borste f\u00f6r lockvolym"}]},{"@type":"WebSite","@id":"https:\/\/mekulo.com\/se\/#website","url":"https:\/\/mekulo.com\/se\/","name":"Mekulo SE","description":"","publisher":{"@id":"https:\/\/mekulo.com\/se\/#organization"},"potentialAction":[{"@type":"SearchAction","target":{"@type":"EntryPoint","urlTemplate":"https:\/\/mekulo.com\/se\/?s={search_term_string}"},"query-input":{"@type":"PropertyValueSpecification","valueRequired":true,"valueName":"search_term_string"}}],"inLanguage":"sv-SE"},{"@type":"Organization","@id":"https:\/\/mekulo.com\/se\/#organization","name":"Mekulo","url":"https:\/\/mekulo.com\/se\/","logo":{"@type":"ImageObject","inLanguage":"sv-SE","@id":"https:\/\/mekulo.com\/se\/#\/schema\/logo\/image\/","url":"https:\/\/mekulo.com\/se\/wp-content\/uploads\/sites\/11\/2025\/12\/favicon_mekulo.png","contentUrl":"https:\/\/mekulo.com\/se\/wp-content\/uploads\/sites\/11\/2025\/12\/favicon_mekulo.png","width":50,"height":50,"caption":"Mekulo"},"image":{"@id":"https:\/\/mekulo.com\/se\/#\/schema\/logo\/image\/"}}]}},"_links":{"self":[{"href":"https:\/\/mekulo.com\/se\/wp-json\/wp\/v2\/product\/18477","targetHints":{"allow":["GET"]}}],"collection":[{"href":"https:\/\/mekulo.com\/se\/wp-json\/wp\/v2\/product"}],"about":[{"href":"https:\/\/mekulo.com\/se\/wp-json\/wp\/v2\/types\/product"}],"replies":[{"embeddable":true,"href":"https:\/\/mekulo.com\/se\/wp-json\/wp\/v2\/comments?post=18477"}],"wp:featuredmedia":[{"embeddable":true,"href":"https:\/\/mekulo.com\/se\/wp-json\/wp\/v2\/media\/18473"}],"wp:attachment":[{"href":"https:\/\/mekulo.com\/se\/wp-json\/wp\/v2\/media?parent=18477"}],"wp:term":[{"taxonomy":"product_brand","embeddable":true,"href":"https:\/\/mekulo.com\/se\/wp-json\/wp\/v2\/product_brand?post=18477"},{"taxonomy":"product_cat","embeddable":true,"href":"https:\/\/mekulo.com\/se\/wp-json\/wp\/v2\/product_cat?post=18477"},{"taxonomy":"product_tag","embeddable":true,"href":"https:\/\/mekulo.com\/se\/wp-json\/wp\/v2\/product_tag?post=18477"}],"curies":[{"name":"wp","href":"https:\/\/api.w.org\/{rel}","templated":true}]}}