{"id":18437,"date":"2026-01-22T16:49:59","date_gmt":"2026-01-22T14:49:59","guid":{"rendered":"https:\/\/mekulo.com\/se\/produkt\/mormor-byxor-bollspel\/"},"modified":"2026-02-03T17:12:47","modified_gmt":"2026-02-03T15:12:47","slug":"mormor-byxor-bollspel","status":"publish","type":"product","link":"https:\/\/mekulo.com\/se\/produkt\/mormor-byxor-bollspel\/","title":{"rendered":"Mormor byxor bollspel"},"content":{"rendered":"<p style=\"text-align: center;\" data-start=\"0\" data-end=\"77\"><strong data-start=\"0\" data-end=\"77\">F\u00f6rvandla Alla Sammankomster Till Oavbrutna Skratt Med Ett F\u00e5nigt, Aktivt Partyspel. \ud83e\udd21<\/strong><\/p>\n<p data-start=\"0\" data-end=\"77\"><img fetchpriority=\"high\" decoding=\"async\" class=\"size-full wp-image-21068 aligncenter\" src=\"https:\/\/mekulo.com\/template\/wp-content\/uploads\/sites\/6\/2026\/01\/27472e1c3abfbecc0ba6a009b3a1de4110ec891b-800.jpg\" alt=\"\" width=\"1080\" height=\"1080\" \/><\/p>\n<h2 style=\"text-align: center;\" data-start=\"349\" data-end=\"369\">Huvudf\u00f6rdelar \ud83d\ude02<\/h2>\n<p data-start=\"372\" data-end=\"433\">\ud83c\udf89 \u00d6gonblicklig festgl\u00e4dje &#8211; bryter isen och \u00f6kar energin.<\/p>\n<p data-start=\"436\" data-end=\"500\">\ud83d\udc56 Rolig \u00f6verdimensionerad design &#8211; f\u00e5r alla att skratta direkt.<\/p>\n<p data-start=\"503\" data-end=\"562\">\ud83c\udfc3 Aktivt spel &#8211; uppmuntrar r\u00f6relse och lagarbete.<\/p>\n<p data-start=\"565\" data-end=\"629\">\ud83c\udf2c\ufe0f Andningsbart tyg &#8211; bekv\u00e4mt f\u00f6r l\u00e5nga spelsessioner.<\/p>\n<p data-start=\"632\" data-end=\"699\">\ud83d\udcaa Slitstarkt material &#8211; byggt f\u00f6r att hoppa, springa och kasta.<\/p>\n<p data-start=\"702\" data-end=\"771\">\ud83d\udc68\u200d\ud83d\udc69\u200d\ud83d\udc67 Kul f\u00f6r alla \u00e5ldrar &#8211; Barn, vuxna och mor- och farf\u00f6r\u00e4ldrar kan spela.<\/p>\n<p data-start=\"702\" data-end=\"771\"><img decoding=\"async\" class=\"size-full wp-image-21071 aligncenter\" src=\"https:\/\/mekulo.com\/template\/wp-content\/uploads\/sites\/6\/2026\/01\/b013a048d9917285580e317663a612a0ab6c8d85-800.avif\" alt=\"\" \/><\/p>\n<h2 style=\"text-align: center;\" data-start=\"778\" data-end=\"792\">Hur man anv\u00e4nder \ud83d\udccc<\/h2>\n<ol data-start=\"793\" data-end=\"1039\">\n<li data-start=\"793\" data-end=\"835\">\n<p data-start=\"796\" data-end=\"835\">Slip in i de \u00f6verdimensionerade mormorsbyxorna.<\/p>\n<\/li>\n<li data-start=\"836\" data-end=\"869\">\n<p data-start=\"839\" data-end=\"869\">St\u00e5 v\u00e4nd mot dina lagkamrater.<\/p>\n<\/li>\n<li data-start=\"870\" data-end=\"928\">\n<p data-start=\"873\" data-end=\"928\">Kasta mjuka bollar mot spelaren som b\u00e4r byxorna.<\/p>\n<\/li>\n<li data-start=\"929\" data-end=\"971\">\n<p data-start=\"932\" data-end=\"971\">F\u00e5nga bollarna med bara byxorna.<\/p>\n<\/li>\n<li data-start=\"972\" data-end=\"994\">\n<p data-start=\"975\" data-end=\"994\">Inga h\u00e4nder till\u00e5tna.<\/p>\n<\/li>\n<li data-start=\"995\" data-end=\"1039\">\n<p data-start=\"998\" data-end=\"1039\">Byt spelare och h\u00e5ll spelet ig\u00e5ng.<\/p>\n<\/li>\n<\/ol>\n<h2 style=\"text-align: center;\" data-start=\"1046\" data-end=\"1065\">Produktdetaljer \ud83d\udccf<\/h2>\n<ul data-start=\"1066\" data-end=\"1378\">\n<li data-start=\"1107\" data-end=\"1137\">\n<p data-start=\"1109\" data-end=\"1137\">Material: Mj\u00f6lksilketyg<\/p>\n<\/li>\n<li data-start=\"1138\" data-end=\"1191\">\n<p data-start=\"1140\" data-end=\"1191\">Tygtyp: Mjukt, andningsbart och rivt\u00e5ligt<\/p>\n<\/li>\n<li data-start=\"1234\" data-end=\"1272\">\n<p data-start=\"1236\" data-end=\"1272\">Vuxenstorlek: 100 x 80 cm<\/p>\n<\/li>\n<li data-start=\"1273\" data-end=\"1317\">\n<p data-start=\"1275\" data-end=\"1317\">Barnstorlek: 60 x 80 cm<\/p>\n<\/li>\n<li data-start=\"1318\" data-end=\"1378\">\n<p data-start=\"1320\" data-end=\"1378\">Anv\u00e4ndning: Fester, grillkv\u00e4llar, picknick, skolspel, teambuilding<\/p>\n<\/li>\n<\/ul>\n<h2 style=\"text-align: center;\" data-start=\"1385\" data-end=\"1405\">Paketet inneh\u00e5ller \ud83d\udce6<\/h2>\n<ul data-start=\"1406\" data-end=\"1444\" data-is-last-node=\"\" data-is-only-node=\"\">\n<li data-start=\"1406\" data-end=\"1444\" data-is-last-node=\"\">\n<p data-start=\"1408\" data-end=\"1444\" data-is-last-node=\"\">1x mormorbyxor partyspelbyxor.<\/p>\n<\/li>\n<\/ul>\n","protected":false},"excerpt":{"rendered":"<p>\ud83d\udc56Detta bollspel med mormorsbyxor \u00e4r ett roligt gruppspel d\u00e4r spelarna har p\u00e5 sig \u00f6verdimensionerade byxor och f\u00f6rs\u00f6ker f\u00e5nga bollar med bara byxorna.<br \/>\n\ud83d\udc68\u200d\ud83d\udc69\u200d\ud83d\udc67It f\u00e5r alla att r\u00f6ra p\u00e5 sig, skratta och interagera, vilket g\u00f6r det perfekt f\u00f6r fester, familjeevenemang, skolaktiviteter och utomhusaktiviteter.<br \/>\n\ud83e\udd23De enkla reglerna g\u00f6r det enkelt f\u00f6r alla att vara med och b\u00f6rja ha kul direkt.<\/p>\n","protected":false},"featured_media":18433,"comment_status":"open","ping_status":"closed","template":"","meta":{"site-sidebar-layout":"default","site-content-layout":"","ast-site-content-layout":"default","site-content-style":"default","site-sidebar-style":"default","ast-global-header-display":"","ast-banner-title-visibility":"","ast-main-header-display":"","ast-hfb-above-header-display":"","ast-hfb-below-header-display":"","ast-hfb-mobile-header-display":"","site-post-title":"","ast-breadcrumbs-content":"","ast-featured-img":"","footer-sml-layout":"","theme-transparent-header-meta":"default","adv-header-id-meta":"","stick-header-meta":"","header-above-stick-meta":"","header-main-stick-meta":"","header-below-stick-meta":"","astra-migrate-meta-layouts":"set","ast-page-background-enabled":"default","ast-page-background-meta":{"desktop":{"background-color":"var(--ast-global-color-5)","background-image":"","background-repeat":"repeat","background-position":"center center","background-size":"auto","background-attachment":"scroll","background-type":"","background-media":"","overlay-type":"","overlay-color":"","overlay-opacity":"","overlay-gradient":""},"tablet":{"background-color":"","background-image":"","background-repeat":"repeat","background-position":"center center","background-size":"auto","background-attachment":"scroll","background-type":"","background-media":"","overlay-type":"","overlay-color":"","overlay-opacity":"","overlay-gradient":""},"mobile":{"background-color":"","background-image":"","background-repeat":"repeat","background-position":"center center","background-size":"auto","background-attachment":"scroll","background-type":"","background-media":"","overlay-type":"","overlay-color":"","overlay-opacity":"","overlay-gradient":""}},"ast-content-background-meta":{"desktop":{"background-color":"var(--ast-global-color-4)","background-image":"","background-repeat":"repeat","background-position":"center center","background-size":"auto","background-attachment":"scroll","background-type":"","background-media":"","overlay-type":"","overlay-color":"","overlay-opacity":"","overlay-gradient":""},"tablet":{"background-color":"var(--ast-global-color-4)","background-image":"","background-repeat":"repeat","background-position":"center center","background-size":"auto","background-attachment":"scroll","background-type":"","background-media":"","overlay-type":"","overlay-color":"","overlay-opacity":"","overlay-gradient":""},"mobile":{"background-color":"var(--ast-global-color-4)","background-image":"","background-repeat":"repeat","background-position":"center center","background-size":"auto","background-attachment":"scroll","background-type":"","background-media":"","overlay-type":"","overlay-color":"","overlay-opacity":"","overlay-gradient":""}}},"product_brand":[],"product_cat":[172],"product_tag":[],"class_list":{"0":"post-18437","1":"product","2":"type-product","3":"status-publish","4":"has-post-thumbnail","6":"product_cat-leksaker-barn-och-babyprodukter","7":"pa_50685_i7tayf0u-100-x-80-cm","8":"pa_50685_i7tayf0u-60-x-80-cm","9":"pa_50685_ts1fflg8-bla","10":"pa_50685_ts1fflg8-gron","11":"pa_50685_ts1fflg8-gul","12":"pa_50685_ts1fflg8-rosa","13":"desktop-align-left","14":"tablet-align-left","15":"mobile-align-left","17":"first","18":"instock","19":"shipping-taxable","20":"purchasable","21":"product-type-variable","22":"has-default-attributes"},"yoast_head":"<!-- This site is optimized with the Yoast SEO plugin v26.6 - https:\/\/yoast.com\/wordpress\/plugins\/seo\/ -->\n<title>Mormor byxor bollspel - Mekulo SE<\/title>\n<meta name=\"robots\" content=\"index, follow, max-snippet:-1, max-image-preview:large, max-video-preview:-1\" \/>\n<link rel=\"canonical\" href=\"https:\/\/mekulo.com\/se\/produkt\/mormor-byxor-bollspel\/\" \/>\n<meta property=\"og:locale\" content=\"en_US\" \/>\n<meta property=\"og:type\" content=\"article\" \/>\n<meta property=\"og:title\" content=\"Mormor byxor bollspel - Mekulo SE\" \/>\n<meta property=\"og:description\" content=\"\ud83d\udc56Detta bollspel med mormorsbyxor \u00e4r ett roligt gruppspel d\u00e4r spelarna har p\u00e5 sig \u00f6verdimensionerade byxor och f\u00f6rs\u00f6ker f\u00e5nga bollar med bara byxorna. \ud83d\udc68\u200d\ud83d\udc69\u200d\ud83d\udc67It f\u00e5r alla att r\u00f6ra p\u00e5 sig, skratta och interagera, vilket g\u00f6r det perfekt f\u00f6r fester, familjeevenemang, skolaktiviteter och utomhusaktiviteter. \ud83e\udd23De enkla reglerna g\u00f6r det enkelt f\u00f6r alla att vara med och b\u00f6rja ha kul direkt.\" \/>\n<meta property=\"og:url\" content=\"https:\/\/mekulo.com\/se\/produkt\/mormor-byxor-bollspel\/\" \/>\n<meta property=\"og:site_name\" content=\"Mekulo SE\" \/>\n<meta property=\"article:modified_time\" content=\"2026-02-03T15:12:47+00:00\" \/>\n<meta property=\"og:image\" content=\"https:\/\/mekulo.com\/se\/wp-content\/uploads\/sites\/11\/2026\/01\/jh4xeto-1.jpg\" \/>\n\t<meta property=\"og:image:width\" content=\"1080\" \/>\n\t<meta property=\"og:image:height\" content=\"1080\" \/>\n\t<meta property=\"og:image:type\" content=\"image\/jpeg\" \/>\n<meta name=\"twitter:card\" content=\"summary_large_image\" \/>\n<meta name=\"twitter:label1\" content=\"Est. reading time\" \/>\n\t<meta name=\"twitter:data1\" content=\"2 minutes\" \/>\n<script type=\"application\/ld+json\" class=\"yoast-schema-graph\">{\"@context\":\"https:\/\/schema.org\",\"@graph\":[{\"@type\":\"WebPage\",\"@id\":\"https:\/\/mekulo.com\/se\/produkt\/mormor-byxor-bollspel\/\",\"url\":\"https:\/\/mekulo.com\/se\/produkt\/mormor-byxor-bollspel\/\",\"name\":\"Mormor byxor bollspel - Mekulo SE\",\"isPartOf\":{\"@id\":\"https:\/\/mekulo.com\/se\/#website\"},\"primaryImageOfPage\":{\"@id\":\"https:\/\/mekulo.com\/se\/produkt\/mormor-byxor-bollspel\/#primaryimage\"},\"image\":{\"@id\":\"https:\/\/mekulo.com\/se\/produkt\/mormor-byxor-bollspel\/#primaryimage\"},\"thumbnailUrl\":\"https:\/\/mekulo.com\/se\/wp-content\/uploads\/sites\/11\/2026\/01\/jh4xeto-1.jpg\",\"datePublished\":\"2026-01-22T14:49:59+00:00\",\"dateModified\":\"2026-02-03T15:12:47+00:00\",\"breadcrumb\":{\"@id\":\"https:\/\/mekulo.com\/se\/produkt\/mormor-byxor-bollspel\/#breadcrumb\"},\"inLanguage\":\"en-US\",\"potentialAction\":[{\"@type\":\"ReadAction\",\"target\":[\"https:\/\/mekulo.com\/se\/produkt\/mormor-byxor-bollspel\/\"]}]},{\"@type\":\"ImageObject\",\"inLanguage\":\"en-US\",\"@id\":\"https:\/\/mekulo.com\/se\/produkt\/mormor-byxor-bollspel\/#primaryimage\",\"url\":\"https:\/\/mekulo.com\/se\/wp-content\/uploads\/sites\/11\/2026\/01\/jh4xeto-1.jpg\",\"contentUrl\":\"https:\/\/mekulo.com\/se\/wp-content\/uploads\/sites\/11\/2026\/01\/jh4xeto-1.jpg\",\"width\":1080,\"height\":1080},{\"@type\":\"BreadcrumbList\",\"@id\":\"https:\/\/mekulo.com\/se\/produkt\/mormor-byxor-bollspel\/#breadcrumb\",\"itemListElement\":[{\"@type\":\"ListItem\",\"position\":1,\"name\":\"Home\",\"item\":\"https:\/\/mekulo.com\/se\/\"},{\"@type\":\"ListItem\",\"position\":2,\"name\":\"Butik\",\"item\":\"https:\/\/mekulo.com\/se\/butik\/\"},{\"@type\":\"ListItem\",\"position\":3,\"name\":\"Mormor byxor bollspel\"}]},{\"@type\":\"WebSite\",\"@id\":\"https:\/\/mekulo.com\/se\/#website\",\"url\":\"https:\/\/mekulo.com\/se\/\",\"name\":\"Mekulo SE\",\"description\":\"\",\"publisher\":{\"@id\":\"https:\/\/mekulo.com\/se\/#organization\"},\"potentialAction\":[{\"@type\":\"SearchAction\",\"target\":{\"@type\":\"EntryPoint\",\"urlTemplate\":\"https:\/\/mekulo.com\/se\/?s={search_term_string}\"},\"query-input\":{\"@type\":\"PropertyValueSpecification\",\"valueRequired\":true,\"valueName\":\"search_term_string\"}}],\"inLanguage\":\"en-US\"},{\"@type\":\"Organization\",\"@id\":\"https:\/\/mekulo.com\/se\/#organization\",\"name\":\"Mekulo\",\"url\":\"https:\/\/mekulo.com\/se\/\",\"logo\":{\"@type\":\"ImageObject\",\"inLanguage\":\"en-US\",\"@id\":\"https:\/\/mekulo.com\/se\/#\/schema\/logo\/image\/\",\"url\":\"https:\/\/mekulo.com\/se\/wp-content\/uploads\/sites\/11\/2025\/12\/favicon_mekulo.png\",\"contentUrl\":\"https:\/\/mekulo.com\/se\/wp-content\/uploads\/sites\/11\/2025\/12\/favicon_mekulo.png\",\"width\":50,\"height\":50,\"caption\":\"Mekulo\"},\"image\":{\"@id\":\"https:\/\/mekulo.com\/se\/#\/schema\/logo\/image\/\"}}]}<\/script>\n<!-- \/ Yoast SEO plugin. -->","yoast_head_json":{"title":"Mormor byxor bollspel - Mekulo SE","robots":{"index":"index","follow":"follow","max-snippet":"max-snippet:-1","max-image-preview":"max-image-preview:large","max-video-preview":"max-video-preview:-1"},"canonical":"https:\/\/mekulo.com\/se\/produkt\/mormor-byxor-bollspel\/","og_locale":"en_US","og_type":"article","og_title":"Mormor byxor bollspel - Mekulo SE","og_description":"\ud83d\udc56Detta bollspel med mormorsbyxor \u00e4r ett roligt gruppspel d\u00e4r spelarna har p\u00e5 sig \u00f6verdimensionerade byxor och f\u00f6rs\u00f6ker f\u00e5nga bollar med bara byxorna. \ud83d\udc68\u200d\ud83d\udc69\u200d\ud83d\udc67It f\u00e5r alla att r\u00f6ra p\u00e5 sig, skratta och interagera, vilket g\u00f6r det perfekt f\u00f6r fester, familjeevenemang, skolaktiviteter och utomhusaktiviteter. \ud83e\udd23De enkla reglerna g\u00f6r det enkelt f\u00f6r alla att vara med och b\u00f6rja ha kul direkt.","og_url":"https:\/\/mekulo.com\/se\/produkt\/mormor-byxor-bollspel\/","og_site_name":"Mekulo SE","article_modified_time":"2026-02-03T15:12:47+00:00","og_image":[{"width":1080,"height":1080,"url":"https:\/\/mekulo.com\/se\/wp-content\/uploads\/sites\/11\/2026\/01\/jh4xeto-1.jpg","type":"image\/jpeg"}],"twitter_card":"summary_large_image","twitter_misc":{"Est. reading time":"2 minutes"},"schema":{"@context":"https:\/\/schema.org","@graph":[{"@type":"WebPage","@id":"https:\/\/mekulo.com\/se\/produkt\/mormor-byxor-bollspel\/","url":"https:\/\/mekulo.com\/se\/produkt\/mormor-byxor-bollspel\/","name":"Mormor byxor bollspel - Mekulo SE","isPartOf":{"@id":"https:\/\/mekulo.com\/se\/#website"},"primaryImageOfPage":{"@id":"https:\/\/mekulo.com\/se\/produkt\/mormor-byxor-bollspel\/#primaryimage"},"image":{"@id":"https:\/\/mekulo.com\/se\/produkt\/mormor-byxor-bollspel\/#primaryimage"},"thumbnailUrl":"https:\/\/mekulo.com\/se\/wp-content\/uploads\/sites\/11\/2026\/01\/jh4xeto-1.jpg","datePublished":"2026-01-22T14:49:59+00:00","dateModified":"2026-02-03T15:12:47+00:00","breadcrumb":{"@id":"https:\/\/mekulo.com\/se\/produkt\/mormor-byxor-bollspel\/#breadcrumb"},"inLanguage":"en-US","potentialAction":[{"@type":"ReadAction","target":["https:\/\/mekulo.com\/se\/produkt\/mormor-byxor-bollspel\/"]}]},{"@type":"ImageObject","inLanguage":"en-US","@id":"https:\/\/mekulo.com\/se\/produkt\/mormor-byxor-bollspel\/#primaryimage","url":"https:\/\/mekulo.com\/se\/wp-content\/uploads\/sites\/11\/2026\/01\/jh4xeto-1.jpg","contentUrl":"https:\/\/mekulo.com\/se\/wp-content\/uploads\/sites\/11\/2026\/01\/jh4xeto-1.jpg","width":1080,"height":1080},{"@type":"BreadcrumbList","@id":"https:\/\/mekulo.com\/se\/produkt\/mormor-byxor-bollspel\/#breadcrumb","itemListElement":[{"@type":"ListItem","position":1,"name":"Home","item":"https:\/\/mekulo.com\/se\/"},{"@type":"ListItem","position":2,"name":"Butik","item":"https:\/\/mekulo.com\/se\/butik\/"},{"@type":"ListItem","position":3,"name":"Mormor byxor bollspel"}]},{"@type":"WebSite","@id":"https:\/\/mekulo.com\/se\/#website","url":"https:\/\/mekulo.com\/se\/","name":"Mekulo SE","description":"","publisher":{"@id":"https:\/\/mekulo.com\/se\/#organization"},"potentialAction":[{"@type":"SearchAction","target":{"@type":"EntryPoint","urlTemplate":"https:\/\/mekulo.com\/se\/?s={search_term_string}"},"query-input":{"@type":"PropertyValueSpecification","valueRequired":true,"valueName":"search_term_string"}}],"inLanguage":"en-US"},{"@type":"Organization","@id":"https:\/\/mekulo.com\/se\/#organization","name":"Mekulo","url":"https:\/\/mekulo.com\/se\/","logo":{"@type":"ImageObject","inLanguage":"en-US","@id":"https:\/\/mekulo.com\/se\/#\/schema\/logo\/image\/","url":"https:\/\/mekulo.com\/se\/wp-content\/uploads\/sites\/11\/2025\/12\/favicon_mekulo.png","contentUrl":"https:\/\/mekulo.com\/se\/wp-content\/uploads\/sites\/11\/2025\/12\/favicon_mekulo.png","width":50,"height":50,"caption":"Mekulo"},"image":{"@id":"https:\/\/mekulo.com\/se\/#\/schema\/logo\/image\/"}}]}},"_links":{"self":[{"href":"https:\/\/mekulo.com\/se\/wp-json\/wp\/v2\/product\/18437","targetHints":{"allow":["GET"]}}],"collection":[{"href":"https:\/\/mekulo.com\/se\/wp-json\/wp\/v2\/product"}],"about":[{"href":"https:\/\/mekulo.com\/se\/wp-json\/wp\/v2\/types\/product"}],"replies":[{"embeddable":true,"href":"https:\/\/mekulo.com\/se\/wp-json\/wp\/v2\/comments?post=18437"}],"wp:featuredmedia":[{"embeddable":true,"href":"https:\/\/mekulo.com\/se\/wp-json\/wp\/v2\/media\/18433"}],"wp:attachment":[{"href":"https:\/\/mekulo.com\/se\/wp-json\/wp\/v2\/media?parent=18437"}],"wp:term":[{"taxonomy":"product_brand","embeddable":true,"href":"https:\/\/mekulo.com\/se\/wp-json\/wp\/v2\/product_brand?post=18437"},{"taxonomy":"product_cat","embeddable":true,"href":"https:\/\/mekulo.com\/se\/wp-json\/wp\/v2\/product_cat?post=18437"},{"taxonomy":"product_tag","embeddable":true,"href":"https:\/\/mekulo.com\/se\/wp-json\/wp\/v2\/product_tag?post=18437"}],"curies":[{"name":"wp","href":"https:\/\/api.w.org\/{rel}","templated":true}]}}