{"id":18389,"date":"2026-01-22T16:44:39","date_gmt":"2026-01-22T14:44:39","guid":{"rendered":"https:\/\/mekulo.com\/se\/produkt\/barbar-dubbel-fotmassagerulle\/"},"modified":"2026-01-27T00:12:35","modified_gmt":"2026-01-26T22:12:35","slug":"barbar-dubbel-fotmassagerulle","status":"publish","type":"product","link":"https:\/\/mekulo.com\/se\/produkt\/barbar-dubbel-fotmassagerulle\/","title":{"rendered":"B\u00e4rbar dubbel fotmassagerulle"},"content":{"rendered":"<p style=\"text-align: center;\" data-start=\"0\" data-end=\"80\"><strong data-start=\"0\" data-end=\"80\">Lindra fotsm\u00e4rta och koppla av dina f\u00f6tter n\u00e4r som helst med en enkel rullande massage. \ud83e\uddb6<\/strong><\/p>\n<p data-start=\"0\" data-end=\"80\"><img fetchpriority=\"high\" decoding=\"async\" class=\"size-full wp-image-21034 aligncenter\" src=\"https:\/\/mekulo.com\/template\/wp-content\/uploads\/sites\/6\/2026\/01\/S989a2918e77f448bb74888fb165a1b6aI.webp\" alt=\"\" width=\"1001\" height=\"1001\" \/><\/p>\n<h2 style=\"text-align: center;\" data-start=\"334\" data-end=\"354\">Huvudsakliga f\u00f6rdelar \ud83d\udc63<\/h2>\n<p data-start=\"357\" data-end=\"415\">\ud83d\udd04 Dubbelhjulsmassage &#8211; Djup kn\u00e5dning f\u00f6r tr\u00f6tta f\u00f6tter.<\/p>\n<p data-start=\"418\" data-end=\"477\">\ud83e\uddb6 Riktar tryckpunkter &#8211; Hj\u00e4lper till att slappna av fotmusklerna.<\/p>\n<p data-start=\"480\" data-end=\"540\">\ud83d\udc86 Lindrar tr\u00f6tthet &#8211; Minskar \u00f6mhet efter l\u00e5nga dagar.<\/p>\n<p data-start=\"543\" data-end=\"600\">\ud83e\uddf3 B\u00e4rbar &amp; l\u00e4ttvikt &#8211; L\u00e4tt att b\u00e4ra och f\u00f6rvara.<\/p>\n<p data-start=\"603\" data-end=\"650\">\ud83c\udfe0 Anv\u00e4nd var som helst &#8211; Hem, kontor eller resa.<\/p>\n<p data-start=\"653\" data-end=\"714\">\ud83d\ude34 Fr\u00e4mjar avkoppling &#8211; St\u00f6djer b\u00e4ttre vila och s\u00f6mn.<\/p>\n<p data-start=\"653\" data-end=\"714\"><img decoding=\"async\" class=\"size-full wp-image-21031 aligncenter\" src=\"https:\/\/mekulo.com\/template\/wp-content\/uploads\/sites\/6\/2026\/01\/S4c14f93a68fe4c3b91f678b2164affa5J.jpg\" alt=\"\" width=\"1080\" height=\"1080\" \/><\/p>\n<h2 style=\"text-align: center;\" data-start=\"721\" data-end=\"735\">Hur man anv\u00e4nder \ud83d\udccc<\/h2>\n<ol data-start=\"736\" data-end=\"986\">\n<li data-start=\"736\" data-end=\"784\">\n<p data-start=\"739\" data-end=\"784\">Placera fotmassagerullen p\u00e5 golvet.<\/p>\n<\/li>\n<li data-start=\"785\" data-end=\"817\">\n<p data-start=\"788\" data-end=\"817\">Sitt bekv\u00e4mt p\u00e5 en stol.<\/p>\n<\/li>\n<li data-start=\"818\" data-end=\"861\">\n<p data-start=\"821\" data-end=\"861\">Placera en eller b\u00e5da f\u00f6tterna p\u00e5 rullarna.<\/p>\n<\/li>\n<li data-start=\"862\" data-end=\"899\">\n<p data-start=\"865\" data-end=\"899\">Rulla f\u00f6tterna fram och tillbaka f\u00f6rsiktigt.<\/p>\n<\/li>\n<li data-start=\"900\" data-end=\"953\">\n<p data-start=\"903\" data-end=\"953\">Justera trycket genom att applicera mer eller mindre vikt.<\/p>\n<\/li>\n<li data-start=\"954\" data-end=\"986\">\n<p data-start=\"957\" data-end=\"986\">Anv\u00e4nd dagligen f\u00f6r b\u00e4sta resultat.<\/p>\n<\/li>\n<\/ol>\n<h2 style=\"text-align: center;\" data-start=\"993\" data-end=\"1012\">Produktinformation \ud83d\udccf<\/h2>\n<ul data-start=\"1013\" data-end=\"1251\">\n<li data-start=\"1067\" data-end=\"1109\">\n<p data-start=\"1069\" data-end=\"1109\">Design: Ergonomisk struktur med dubbla hjul<\/p>\n<\/li>\n<li data-start=\"1110\" data-end=\"1139\">\n<p data-start=\"1112\" data-end=\"1139\">Material: H\u00e5llbar plast<\/p>\n<\/li>\n<li data-start=\"1140\" data-end=\"1178\">\n<p data-start=\"1142\" data-end=\"1178\">Anv\u00e4ndning: Fotmassage och avslappning<\/p>\n<\/li>\n<li data-start=\"1179\" data-end=\"1211\">\n<p data-start=\"1181\" data-end=\"1211\">L\u00e4mplig f\u00f6r: Alla fotstorlekar<\/p>\n<\/li>\n<li data-start=\"1212\" data-end=\"1251\">\n<p data-start=\"1214\" data-end=\"1251\">Anv\u00e4ndningsplatser: Hem, kontor, resor<\/p>\n<\/li>\n<\/ul>\n<h2 style=\"text-align: center;\" data-start=\"1258\" data-end=\"1278\">Paketet inneh\u00e5ller \ud83d\udce6<\/h2>\n<ul data-start=\"1279\" data-end=\"1323\" data-is-last-node=\"\" data-is-only-node=\"\">\n<li data-start=\"1279\" data-end=\"1323\" data-is-last-node=\"\">\n<p data-start=\"1281\" data-end=\"1323\" data-is-last-node=\"\">1, 2x b\u00e4rbar dubbel fotmassagerulle \/ s.<\/p>\n<\/li>\n<\/ul>\n","protected":false},"excerpt":{"rendered":"<p>\ud83d\udc86Den h\u00e4r b\u00e4rbara dubbla fotmassagerullen anv\u00e4nder dubbla rullar f\u00f6r att efterlikna handkn\u00e5dning och sl\u00e4ppa sp\u00e4nningar i tr\u00f6tta f\u00f6tter.<br \/>\n\ud83c\udfe0Den hj\u00e4lper till att stimulera tryckpunkter, f\u00f6rb\u00e4ttra blodcirkulationen och \u00e4r perfekt f\u00f6r anv\u00e4ndning hemma, p\u00e5 kontoret eller p\u00e5 resan.<br \/>\n\ud83d\udc63Det g\u00f6r den till ett utm\u00e4rkt val f\u00f6r alla som st\u00e5r eller g\u00e5r under l\u00e5nga timmar.<\/p>\n","protected":false},"featured_media":18385,"comment_status":"open","ping_status":"closed","template":"","meta":{"site-sidebar-layout":"default","site-content-layout":"","ast-site-content-layout":"default","site-content-style":"default","site-sidebar-style":"default","ast-global-header-display":"","ast-banner-title-visibility":"","ast-main-header-display":"","ast-hfb-above-header-display":"","ast-hfb-below-header-display":"","ast-hfb-mobile-header-display":"","site-post-title":"","ast-breadcrumbs-content":"","ast-featured-img":"","footer-sml-layout":"","theme-transparent-header-meta":"default","adv-header-id-meta":"","stick-header-meta":"","header-above-stick-meta":"","header-main-stick-meta":"","header-below-stick-meta":"","astra-migrate-meta-layouts":"set","ast-page-background-enabled":"default","ast-page-background-meta":{"desktop":{"background-color":"var(--ast-global-color-5)","background-image":"","background-repeat":"repeat","background-position":"center center","background-size":"auto","background-attachment":"scroll","background-type":"","background-media":"","overlay-type":"","overlay-color":"","overlay-opacity":"","overlay-gradient":""},"tablet":{"background-color":"","background-image":"","background-repeat":"repeat","background-position":"center center","background-size":"auto","background-attachment":"scroll","background-type":"","background-media":"","overlay-type":"","overlay-color":"","overlay-opacity":"","overlay-gradient":""},"mobile":{"background-color":"","background-image":"","background-repeat":"repeat","background-position":"center center","background-size":"auto","background-attachment":"scroll","background-type":"","background-media":"","overlay-type":"","overlay-color":"","overlay-opacity":"","overlay-gradient":""}},"ast-content-background-meta":{"desktop":{"background-color":"var(--ast-global-color-4)","background-image":"","background-repeat":"repeat","background-position":"center center","background-size":"auto","background-attachment":"scroll","background-type":"","background-media":"","overlay-type":"","overlay-color":"","overlay-opacity":"","overlay-gradient":""},"tablet":{"background-color":"var(--ast-global-color-4)","background-image":"","background-repeat":"repeat","background-position":"center center","background-size":"auto","background-attachment":"scroll","background-type":"","background-media":"","overlay-type":"","overlay-color":"","overlay-opacity":"","overlay-gradient":""},"mobile":{"background-color":"var(--ast-global-color-4)","background-image":"","background-repeat":"repeat","background-position":"center center","background-size":"auto","background-attachment":"scroll","background-type":"","background-media":"","overlay-type":"","overlay-color":"","overlay-opacity":"","overlay-gradient":""}}},"product_brand":[],"product_cat":[15],"product_tag":[],"class_list":{"0":"post-18389","1":"product","2":"type-product","3":"status-publish","4":"has-post-thumbnail","6":"product_cat-uncategorized","7":"pa_50476_703b6m6t-1-st","8":"pa_50476_703b6m6t-2-st","9":"pa_50476_gq0xsaos-gron","10":"pa_50476_gq0xsaos-lila","11":"pa_50476_gq0xsaos-orange","12":"desktop-align-left","13":"tablet-align-left","14":"mobile-align-left","16":"first","17":"instock","18":"shipping-taxable","19":"purchasable","20":"product-type-variable","21":"has-default-attributes"},"yoast_head":"<!-- This site is optimized with the Yoast SEO plugin v26.6 - https:\/\/yoast.com\/wordpress\/plugins\/seo\/ -->\n<title>B\u00e4rbar dubbel fotmassagerulle - Mekulo SE<\/title>\n<meta name=\"robots\" content=\"index, follow, max-snippet:-1, max-image-preview:large, max-video-preview:-1\" \/>\n<link rel=\"canonical\" href=\"https:\/\/mekulo.com\/se\/produkt\/barbar-dubbel-fotmassagerulle\/\" \/>\n<meta property=\"og:locale\" content=\"sv_SE\" \/>\n<meta property=\"og:type\" content=\"article\" \/>\n<meta property=\"og:title\" content=\"B\u00e4rbar dubbel fotmassagerulle - Mekulo SE\" \/>\n<meta property=\"og:description\" content=\"\ud83d\udc86Den h\u00e4r b\u00e4rbara dubbla fotmassagerullen anv\u00e4nder dubbla rullar f\u00f6r att efterlikna handkn\u00e5dning och sl\u00e4ppa sp\u00e4nningar i tr\u00f6tta f\u00f6tter. \ud83c\udfe0Den hj\u00e4lper till att stimulera tryckpunkter, f\u00f6rb\u00e4ttra blodcirkulationen och \u00e4r perfekt f\u00f6r anv\u00e4ndning hemma, p\u00e5 kontoret eller p\u00e5 resan. \ud83d\udc63Det g\u00f6r den till ett utm\u00e4rkt val f\u00f6r alla som st\u00e5r eller g\u00e5r under l\u00e5nga timmar.\" \/>\n<meta property=\"og:url\" content=\"https:\/\/mekulo.com\/se\/produkt\/barbar-dubbel-fotmassagerulle\/\" \/>\n<meta property=\"og:site_name\" content=\"Mekulo SE\" \/>\n<meta property=\"article:modified_time\" content=\"2026-01-26T22:12:35+00:00\" \/>\n<meta property=\"og:image\" content=\"https:\/\/mekulo.com\/se\/wp-content\/uploads\/sites\/11\/2026\/01\/5n24gpy-1.webp\" \/>\n\t<meta property=\"og:image:width\" content=\"1001\" \/>\n\t<meta property=\"og:image:height\" content=\"1001\" \/>\n\t<meta property=\"og:image:type\" content=\"image\/webp\" \/>\n<meta name=\"twitter:card\" content=\"summary_large_image\" \/>\n<meta name=\"twitter:label1\" content=\"Ber\u00e4knad l\u00e4stid\" \/>\n\t<meta name=\"twitter:data1\" content=\"2 minuter\" \/>\n<script type=\"application\/ld+json\" class=\"yoast-schema-graph\">{\"@context\":\"https:\/\/schema.org\",\"@graph\":[{\"@type\":\"WebPage\",\"@id\":\"https:\/\/mekulo.com\/se\/produkt\/barbar-dubbel-fotmassagerulle\/\",\"url\":\"https:\/\/mekulo.com\/se\/produkt\/barbar-dubbel-fotmassagerulle\/\",\"name\":\"B\u00e4rbar dubbel fotmassagerulle - Mekulo SE\",\"isPartOf\":{\"@id\":\"https:\/\/mekulo.com\/se\/#website\"},\"primaryImageOfPage\":{\"@id\":\"https:\/\/mekulo.com\/se\/produkt\/barbar-dubbel-fotmassagerulle\/#primaryimage\"},\"image\":{\"@id\":\"https:\/\/mekulo.com\/se\/produkt\/barbar-dubbel-fotmassagerulle\/#primaryimage\"},\"thumbnailUrl\":\"https:\/\/mekulo.com\/se\/wp-content\/uploads\/sites\/11\/2026\/01\/5n24gpy-1.webp\",\"datePublished\":\"2026-01-22T14:44:39+00:00\",\"dateModified\":\"2026-01-26T22:12:35+00:00\",\"breadcrumb\":{\"@id\":\"https:\/\/mekulo.com\/se\/produkt\/barbar-dubbel-fotmassagerulle\/#breadcrumb\"},\"inLanguage\":\"sv-SE\",\"potentialAction\":[{\"@type\":\"ReadAction\",\"target\":[\"https:\/\/mekulo.com\/se\/produkt\/barbar-dubbel-fotmassagerulle\/\"]}]},{\"@type\":\"ImageObject\",\"inLanguage\":\"sv-SE\",\"@id\":\"https:\/\/mekulo.com\/se\/produkt\/barbar-dubbel-fotmassagerulle\/#primaryimage\",\"url\":\"https:\/\/mekulo.com\/se\/wp-content\/uploads\/sites\/11\/2026\/01\/5n24gpy-1.webp\",\"contentUrl\":\"https:\/\/mekulo.com\/se\/wp-content\/uploads\/sites\/11\/2026\/01\/5n24gpy-1.webp\",\"width\":1001,\"height\":1001},{\"@type\":\"BreadcrumbList\",\"@id\":\"https:\/\/mekulo.com\/se\/produkt\/barbar-dubbel-fotmassagerulle\/#breadcrumb\",\"itemListElement\":[{\"@type\":\"ListItem\",\"position\":1,\"name\":\"Home\",\"item\":\"https:\/\/mekulo.com\/se\/\"},{\"@type\":\"ListItem\",\"position\":2,\"name\":\"Butik\",\"item\":\"https:\/\/mekulo.com\/se\/butik\/\"},{\"@type\":\"ListItem\",\"position\":3,\"name\":\"B\u00e4rbar dubbel fotmassagerulle\"}]},{\"@type\":\"WebSite\",\"@id\":\"https:\/\/mekulo.com\/se\/#website\",\"url\":\"https:\/\/mekulo.com\/se\/\",\"name\":\"Mekulo SE\",\"description\":\"\",\"publisher\":{\"@id\":\"https:\/\/mekulo.com\/se\/#organization\"},\"potentialAction\":[{\"@type\":\"SearchAction\",\"target\":{\"@type\":\"EntryPoint\",\"urlTemplate\":\"https:\/\/mekulo.com\/se\/?s={search_term_string}\"},\"query-input\":{\"@type\":\"PropertyValueSpecification\",\"valueRequired\":true,\"valueName\":\"search_term_string\"}}],\"inLanguage\":\"sv-SE\"},{\"@type\":\"Organization\",\"@id\":\"https:\/\/mekulo.com\/se\/#organization\",\"name\":\"Mekulo\",\"url\":\"https:\/\/mekulo.com\/se\/\",\"logo\":{\"@type\":\"ImageObject\",\"inLanguage\":\"sv-SE\",\"@id\":\"https:\/\/mekulo.com\/se\/#\/schema\/logo\/image\/\",\"url\":\"https:\/\/mekulo.com\/se\/wp-content\/uploads\/sites\/11\/2025\/12\/favicon_mekulo.png\",\"contentUrl\":\"https:\/\/mekulo.com\/se\/wp-content\/uploads\/sites\/11\/2025\/12\/favicon_mekulo.png\",\"width\":50,\"height\":50,\"caption\":\"Mekulo\"},\"image\":{\"@id\":\"https:\/\/mekulo.com\/se\/#\/schema\/logo\/image\/\"}}]}<\/script>\n<!-- \/ Yoast SEO plugin. -->","yoast_head_json":{"title":"B\u00e4rbar dubbel fotmassagerulle - Mekulo SE","robots":{"index":"index","follow":"follow","max-snippet":"max-snippet:-1","max-image-preview":"max-image-preview:large","max-video-preview":"max-video-preview:-1"},"canonical":"https:\/\/mekulo.com\/se\/produkt\/barbar-dubbel-fotmassagerulle\/","og_locale":"sv_SE","og_type":"article","og_title":"B\u00e4rbar dubbel fotmassagerulle - Mekulo SE","og_description":"\ud83d\udc86Den h\u00e4r b\u00e4rbara dubbla fotmassagerullen anv\u00e4nder dubbla rullar f\u00f6r att efterlikna handkn\u00e5dning och sl\u00e4ppa sp\u00e4nningar i tr\u00f6tta f\u00f6tter. \ud83c\udfe0Den hj\u00e4lper till att stimulera tryckpunkter, f\u00f6rb\u00e4ttra blodcirkulationen och \u00e4r perfekt f\u00f6r anv\u00e4ndning hemma, p\u00e5 kontoret eller p\u00e5 resan. \ud83d\udc63Det g\u00f6r den till ett utm\u00e4rkt val f\u00f6r alla som st\u00e5r eller g\u00e5r under l\u00e5nga timmar.","og_url":"https:\/\/mekulo.com\/se\/produkt\/barbar-dubbel-fotmassagerulle\/","og_site_name":"Mekulo SE","article_modified_time":"2026-01-26T22:12:35+00:00","og_image":[{"width":1001,"height":1001,"url":"https:\/\/mekulo.com\/se\/wp-content\/uploads\/sites\/11\/2026\/01\/5n24gpy-1.webp","type":"image\/webp"}],"twitter_card":"summary_large_image","twitter_misc":{"Ber\u00e4knad l\u00e4stid":"2 minuter"},"schema":{"@context":"https:\/\/schema.org","@graph":[{"@type":"WebPage","@id":"https:\/\/mekulo.com\/se\/produkt\/barbar-dubbel-fotmassagerulle\/","url":"https:\/\/mekulo.com\/se\/produkt\/barbar-dubbel-fotmassagerulle\/","name":"B\u00e4rbar dubbel fotmassagerulle - Mekulo SE","isPartOf":{"@id":"https:\/\/mekulo.com\/se\/#website"},"primaryImageOfPage":{"@id":"https:\/\/mekulo.com\/se\/produkt\/barbar-dubbel-fotmassagerulle\/#primaryimage"},"image":{"@id":"https:\/\/mekulo.com\/se\/produkt\/barbar-dubbel-fotmassagerulle\/#primaryimage"},"thumbnailUrl":"https:\/\/mekulo.com\/se\/wp-content\/uploads\/sites\/11\/2026\/01\/5n24gpy-1.webp","datePublished":"2026-01-22T14:44:39+00:00","dateModified":"2026-01-26T22:12:35+00:00","breadcrumb":{"@id":"https:\/\/mekulo.com\/se\/produkt\/barbar-dubbel-fotmassagerulle\/#breadcrumb"},"inLanguage":"sv-SE","potentialAction":[{"@type":"ReadAction","target":["https:\/\/mekulo.com\/se\/produkt\/barbar-dubbel-fotmassagerulle\/"]}]},{"@type":"ImageObject","inLanguage":"sv-SE","@id":"https:\/\/mekulo.com\/se\/produkt\/barbar-dubbel-fotmassagerulle\/#primaryimage","url":"https:\/\/mekulo.com\/se\/wp-content\/uploads\/sites\/11\/2026\/01\/5n24gpy-1.webp","contentUrl":"https:\/\/mekulo.com\/se\/wp-content\/uploads\/sites\/11\/2026\/01\/5n24gpy-1.webp","width":1001,"height":1001},{"@type":"BreadcrumbList","@id":"https:\/\/mekulo.com\/se\/produkt\/barbar-dubbel-fotmassagerulle\/#breadcrumb","itemListElement":[{"@type":"ListItem","position":1,"name":"Home","item":"https:\/\/mekulo.com\/se\/"},{"@type":"ListItem","position":2,"name":"Butik","item":"https:\/\/mekulo.com\/se\/butik\/"},{"@type":"ListItem","position":3,"name":"B\u00e4rbar dubbel fotmassagerulle"}]},{"@type":"WebSite","@id":"https:\/\/mekulo.com\/se\/#website","url":"https:\/\/mekulo.com\/se\/","name":"Mekulo SE","description":"","publisher":{"@id":"https:\/\/mekulo.com\/se\/#organization"},"potentialAction":[{"@type":"SearchAction","target":{"@type":"EntryPoint","urlTemplate":"https:\/\/mekulo.com\/se\/?s={search_term_string}"},"query-input":{"@type":"PropertyValueSpecification","valueRequired":true,"valueName":"search_term_string"}}],"inLanguage":"sv-SE"},{"@type":"Organization","@id":"https:\/\/mekulo.com\/se\/#organization","name":"Mekulo","url":"https:\/\/mekulo.com\/se\/","logo":{"@type":"ImageObject","inLanguage":"sv-SE","@id":"https:\/\/mekulo.com\/se\/#\/schema\/logo\/image\/","url":"https:\/\/mekulo.com\/se\/wp-content\/uploads\/sites\/11\/2025\/12\/favicon_mekulo.png","contentUrl":"https:\/\/mekulo.com\/se\/wp-content\/uploads\/sites\/11\/2025\/12\/favicon_mekulo.png","width":50,"height":50,"caption":"Mekulo"},"image":{"@id":"https:\/\/mekulo.com\/se\/#\/schema\/logo\/image\/"}}]}},"_links":{"self":[{"href":"https:\/\/mekulo.com\/se\/wp-json\/wp\/v2\/product\/18389","targetHints":{"allow":["GET"]}}],"collection":[{"href":"https:\/\/mekulo.com\/se\/wp-json\/wp\/v2\/product"}],"about":[{"href":"https:\/\/mekulo.com\/se\/wp-json\/wp\/v2\/types\/product"}],"replies":[{"embeddable":true,"href":"https:\/\/mekulo.com\/se\/wp-json\/wp\/v2\/comments?post=18389"}],"wp:featuredmedia":[{"embeddable":true,"href":"https:\/\/mekulo.com\/se\/wp-json\/wp\/v2\/media\/18385"}],"wp:attachment":[{"href":"https:\/\/mekulo.com\/se\/wp-json\/wp\/v2\/media?parent=18389"}],"wp:term":[{"taxonomy":"product_brand","embeddable":true,"href":"https:\/\/mekulo.com\/se\/wp-json\/wp\/v2\/product_brand?post=18389"},{"taxonomy":"product_cat","embeddable":true,"href":"https:\/\/mekulo.com\/se\/wp-json\/wp\/v2\/product_cat?post=18389"},{"taxonomy":"product_tag","embeddable":true,"href":"https:\/\/mekulo.com\/se\/wp-json\/wp\/v2\/product_tag?post=18389"}],"curies":[{"name":"wp","href":"https:\/\/api.w.org\/{rel}","templated":true}]}}