{"id":18283,"date":"2026-01-22T16:37:40","date_gmt":"2026-01-22T14:37:40","guid":{"rendered":"https:\/\/mekulo.com\/se\/produkt\/multifunktionell-draneringsskal\/"},"modified":"2026-01-27T00:03:55","modified_gmt":"2026-01-26T22:03:55","slug":"multifunktionell-draneringsskal","status":"publish","type":"product","link":"https:\/\/mekulo.com\/se\/produkt\/multifunktionell-draneringsskal\/","title":{"rendered":"Multifunktionell dr\u00e4neringssk\u00e5l"},"content":{"rendered":"<article class=\"text-token-text-primary w-full focus:outline-none [--shadow-height:45px] has-data-writing-block:pointer-events-none has-data-writing-block:-mt-(--shadow-height) has-data-writing-block:pt-(--shadow-height) [&amp;:has([data-writing-block])&gt;*]:pointer-events-auto scroll-mt-[calc(var(--header-height)+min(200px,max(70px,20svh)))]\" dir=\"auto\" data-turn-id=\"request-6967c1f1-7850-8327-b867-fefbba98715c-8\" data-testid=\"conversation-turn-48\" data-scroll-anchor=\"false\" data-turn=\"assistant\">\n<div class=\"text-base my-auto mx-auto [--thread-content-margin:--spacing(4)] @w-sm\/main:[--thread-content-margin:--spacing(6)] @w-lg\/main:[--thread-content-margin:--spacing(16)] px-(--thread-content-margin)\">\n<div class=\"[--thread-content-max-width:40rem] @w-lg\/main:[--thread-content-max-width:48rem] mx-auto max-w-(--thread-content-max-width) flex-1 group\/turn-messages focus-visible:outline-hidden relative flex w-full min-w-0 flex-col agent-turn\">\n<div class=\"flex max-w-full flex-col grow\">\n<div class=\"min-h-8 text-message relative flex w-full flex-col items-end gap-2 text-start break-words whitespace-normal [.text-message+&amp;]:mt-1\" dir=\"auto\" data-message-author-role=\"assistant\" data-message-id=\"23497cbe-5029-4ad8-8737-b4a8e4c918c8\" data-message-model-slug=\"gpt-5-2\">\n<div class=\"flex w-full flex-col gap-1 empty:hidden first:pt-[1px]\">\n<div class=\"markdown prose dark:prose-invert w-full break-words light markdown-new-styling\">\n<p style=\"text-align: center;\" data-start=\"0\" data-end=\"64\"><strong data-start=\"0\" data-end=\"64\">H\u00e5ll Frukterna Fr\u00e4scha L\u00e4ngre Samtidigt Som Du Enkelt Dr\u00e4nerar \u00d6verfl\u00f6digt Vatten. \ud83d\udca6<\/strong><\/p>\n<p data-start=\"0\" data-end=\"64\"><img fetchpriority=\"high\" decoding=\"async\" class=\"size-full wp-image-20934 aligncenter\" src=\"https:\/\/mekulo.com\/template\/wp-content\/uploads\/sites\/6\/2026\/01\/e3825467-c2e9-47b4-8e88-cce3e676a2b5.webp\" alt=\"\" width=\"800\" height=\"800\" \/><\/p>\n<h2 style=\"text-align: center;\" data-start=\"280\" data-end=\"300\">Huvudf\u00f6rdelar \ud83c\udf53<\/h2>\n<p data-start=\"303\" data-end=\"370\">\ud83d\udca7 Inbyggd dr\u00e4neringsdesign &#8211; Dr\u00e4nerar vatten snabbt och enkelt.<\/p>\n<p data-start=\"373\" data-end=\"440\">\ud83e\udd57 H\u00e5ller maten fr\u00e4sch &#8211; Hj\u00e4lper till att f\u00f6rhindra fukt- och m\u00f6gelbildning.<\/p>\n<p data-start=\"443\" data-end=\"512\">\ud83e\uddfa Beh\u00e5llare med flera anv\u00e4ndningsomr\u00e5den &#8211; Dr\u00e4nering, kylsk\u00e5psfack och snacksl\u00e5da.<\/p>\n<p data-start=\"515\" data-end=\"581\">\ud83e\uddfc L\u00e4tt att reng\u00f6ra &#8211; Demonteras snabbt f\u00f6r hygienisk diskning.<\/p>\n<p data-start=\"584\" data-end=\"645\">\ud83e\uddf3 L\u00e4tt att b\u00e4ra &#8211; Dolt handtag f\u00f6r resor och picknick.<\/p>\n<p data-start=\"648\" data-end=\"715\">\ud83c\udfe0 Vardaglig bekv\u00e4mlighet &#8211; Perfekt f\u00f6r hemmet, kylsk\u00e5pet eller utomhus.<\/p>\n<p data-start=\"648\" data-end=\"715\"><img decoding=\"async\" class=\"size-full wp-image-20935 aligncenter\" src=\"https:\/\/mekulo.com\/template\/wp-content\/uploads\/sites\/6\/2026\/01\/561f240b-9d0b-4f7d-984b-c1f1ceb700d7.webp\" alt=\"\" width=\"800\" height=\"800\" \/><\/p>\n<h2 style=\"text-align: center;\" data-start=\"722\" data-end=\"736\">Anv\u00e4ndning \ud83d\udccc<\/h2>\n<ol data-start=\"737\" data-end=\"988\">\n<li data-start=\"737\" data-end=\"785\">\n<p data-start=\"740\" data-end=\"785\">Placera frukt eller gr\u00f6nsaker i sk\u00e5len.<\/p>\n<\/li>\n<li data-start=\"786\" data-end=\"837\">\n<p data-start=\"789\" data-end=\"837\">Tv\u00e4tta dem direkt i beh\u00e5llaren om det beh\u00f6vs.<\/p>\n<\/li>\n<li data-start=\"838\" data-end=\"890\">\n<p data-start=\"841\" data-end=\"890\">L\u00e5t \u00f6verfl\u00f6digt vatten rinna ner i den nedre delen.<\/p>\n<\/li>\n<li data-start=\"891\" data-end=\"951\">\n<p data-start=\"894\" data-end=\"951\">St\u00e4ng locket f\u00f6r att f\u00f6rvara i kylsk\u00e5pet eller b\u00e4ra med dig.<\/p>\n<\/li>\n<li data-start=\"952\" data-end=\"988\">\n<p data-start=\"955\" data-end=\"988\">Ta is\u00e4r och tv\u00e4tta efter anv\u00e4ndning.<\/p>\n<\/li>\n<\/ol>\n<h2 style=\"text-align: center;\" data-start=\"995\" data-end=\"1014\">Produktdetaljer \ud83d\udccf<\/h2>\n<ul data-start=\"1015\" data-end=\"1230\">\n<li data-start=\"1063\" data-end=\"1084\">\n<p data-start=\"1065\" data-end=\"1084\">Material: Plast<\/p>\n<\/li>\n<li data-start=\"1105\" data-end=\"1135\">\n<p data-start=\"1107\" data-end=\"1135\">Storlek: 15,5 x 15,5 x 8,3 cm<\/p>\n<\/li>\n<li data-start=\"1136\" data-end=\"1171\">\n<p data-start=\"1138\" data-end=\"1171\">Design: Avrinningskorg med lock<\/p>\n<\/li>\n<li data-start=\"1172\" data-end=\"1230\">\n<p data-start=\"1174\" data-end=\"1230\">Anv\u00e4ndning: Tv\u00e4ttning, avrinning, f\u00f6rvaring och transport av frukt<\/p>\n<\/li>\n<\/ul>\n<h2 style=\"text-align: center;\" data-start=\"1237\" data-end=\"1257\">Paketet Inneh\u00e5ller \ud83d\udce6<\/h2>\n<ul data-start=\"1258\" data-end=\"1305\" data-is-last-node=\"\" data-is-only-node=\"\">\n<li data-start=\"1258\" data-end=\"1305\" data-is-last-node=\"\">\n<p data-start=\"1260\" data-end=\"1305\" data-is-last-node=\"\">1, 2, 3x multifunktionella dr\u00e4neringssk\u00e5lar.<\/p>\n<\/li>\n<\/ul>\n<\/div>\n<\/div>\n<\/div>\n<\/div>\n<\/div>\n<\/div>\n<\/article>\n","protected":false},"excerpt":{"rendered":"<p>\ud83c\udf47Den h\u00e4r multifunktionella dr\u00e4neringssk\u00e5len \u00e4r utformad f\u00f6r att tv\u00e4tta, dr\u00e4nera, f\u00f6rvara och b\u00e4ra frukt med l\u00e4tthet.<br \/>\n\ud83d\udca7Den hj\u00e4lper till att avl\u00e4gsna \u00f6verfl\u00f6digt vatten efter tv\u00e4tt, vilket h\u00e5ller b\u00e4r och snacks fr\u00e4scha, rena och m\u00f6gelfria l\u00e4ngre.<br \/>\n\ud83d\udc69\u200d\ud83c\udf73Detta g\u00f6r den idealisk f\u00f6r daglig anv\u00e4ndning i k\u00f6ket, kylsk\u00e5psf\u00f6rvaring och snacks p\u00e5 spr\u00e5ng.<\/p>\n","protected":false},"featured_media":18279,"comment_status":"open","ping_status":"closed","template":"","meta":{"site-sidebar-layout":"default","site-content-layout":"","ast-site-content-layout":"default","site-content-style":"default","site-sidebar-style":"default","ast-global-header-display":"","ast-banner-title-visibility":"","ast-main-header-display":"","ast-hfb-above-header-display":"","ast-hfb-below-header-display":"","ast-hfb-mobile-header-display":"","site-post-title":"","ast-breadcrumbs-content":"","ast-featured-img":"","footer-sml-layout":"","theme-transparent-header-meta":"default","adv-header-id-meta":"","stick-header-meta":"","header-above-stick-meta":"","header-main-stick-meta":"","header-below-stick-meta":"","astra-migrate-meta-layouts":"set","ast-page-background-enabled":"default","ast-page-background-meta":{"desktop":{"background-color":"var(--ast-global-color-5)","background-image":"","background-repeat":"repeat","background-position":"center center","background-size":"auto","background-attachment":"scroll","background-type":"","background-media":"","overlay-type":"","overlay-color":"","overlay-opacity":"","overlay-gradient":""},"tablet":{"background-color":"","background-image":"","background-repeat":"repeat","background-position":"center center","background-size":"auto","background-attachment":"scroll","background-type":"","background-media":"","overlay-type":"","overlay-color":"","overlay-opacity":"","overlay-gradient":""},"mobile":{"background-color":"","background-image":"","background-repeat":"repeat","background-position":"center center","background-size":"auto","background-attachment":"scroll","background-type":"","background-media":"","overlay-type":"","overlay-color":"","overlay-opacity":"","overlay-gradient":""}},"ast-content-background-meta":{"desktop":{"background-color":"var(--ast-global-color-4)","background-image":"","background-repeat":"repeat","background-position":"center center","background-size":"auto","background-attachment":"scroll","background-type":"","background-media":"","overlay-type":"","overlay-color":"","overlay-opacity":"","overlay-gradient":""},"tablet":{"background-color":"var(--ast-global-color-4)","background-image":"","background-repeat":"repeat","background-position":"center center","background-size":"auto","background-attachment":"scroll","background-type":"","background-media":"","overlay-type":"","overlay-color":"","overlay-opacity":"","overlay-gradient":""},"mobile":{"background-color":"var(--ast-global-color-4)","background-image":"","background-repeat":"repeat","background-position":"center center","background-size":"auto","background-attachment":"scroll","background-type":"","background-media":"","overlay-type":"","overlay-color":"","overlay-opacity":"","overlay-gradient":""}}},"product_brand":[],"product_cat":[168],"product_tag":[],"class_list":{"0":"post-18283","1":"product","2":"type-product","3":"status-publish","4":"has-post-thumbnail","6":"product_cat-hushallsartiklar","7":"pa_50394_7afk9vxn-1-st","8":"pa_50394_7afk9vxn-2-st","9":"pa_50394_7afk9vxn-3-st","10":"pa_50394_cmx4nbsn-brun","11":"pa_50394_cmx4nbsn-vit","12":"desktop-align-left","13":"tablet-align-left","14":"mobile-align-left","16":"first","17":"instock","18":"shipping-taxable","19":"purchasable","20":"product-type-variable","21":"has-default-attributes"},"yoast_head":"<!-- This site is optimized with the Yoast SEO plugin v26.6 - https:\/\/yoast.com\/wordpress\/plugins\/seo\/ -->\n<title>Multifunktionell dr\u00e4neringssk\u00e5l - Mekulo SE<\/title>\n<meta name=\"robots\" content=\"index, follow, max-snippet:-1, max-image-preview:large, max-video-preview:-1\" \/>\n<link rel=\"canonical\" href=\"https:\/\/mekulo.com\/se\/produkt\/multifunktionell-draneringsskal\/\" \/>\n<meta property=\"og:locale\" content=\"en_US\" \/>\n<meta property=\"og:type\" content=\"article\" \/>\n<meta property=\"og:title\" content=\"Multifunktionell dr\u00e4neringssk\u00e5l - Mekulo SE\" \/>\n<meta property=\"og:description\" content=\"\ud83c\udf47Den h\u00e4r multifunktionella dr\u00e4neringssk\u00e5len \u00e4r utformad f\u00f6r att tv\u00e4tta, dr\u00e4nera, f\u00f6rvara och b\u00e4ra frukt med l\u00e4tthet. \ud83d\udca7Den hj\u00e4lper till att avl\u00e4gsna \u00f6verfl\u00f6digt vatten efter tv\u00e4tt, vilket h\u00e5ller b\u00e4r och snacks fr\u00e4scha, rena och m\u00f6gelfria l\u00e4ngre. \ud83d\udc69\u200d\ud83c\udf73Detta g\u00f6r den idealisk f\u00f6r daglig anv\u00e4ndning i k\u00f6ket, kylsk\u00e5psf\u00f6rvaring och snacks p\u00e5 spr\u00e5ng.\" \/>\n<meta property=\"og:url\" content=\"https:\/\/mekulo.com\/se\/produkt\/multifunktionell-draneringsskal\/\" \/>\n<meta property=\"og:site_name\" content=\"Mekulo SE\" \/>\n<meta property=\"article:modified_time\" content=\"2026-01-26T22:03:55+00:00\" \/>\n<meta property=\"og:image\" content=\"https:\/\/mekulo.com\/se\/wp-content\/uploads\/sites\/11\/2026\/01\/pbo6ovg-1.jpg\" \/>\n\t<meta property=\"og:image:width\" content=\"960\" \/>\n\t<meta property=\"og:image:height\" content=\"960\" \/>\n\t<meta property=\"og:image:type\" content=\"image\/jpeg\" \/>\n<meta name=\"twitter:card\" content=\"summary_large_image\" \/>\n<meta name=\"twitter:label1\" content=\"Est. reading time\" \/>\n\t<meta name=\"twitter:data1\" content=\"2 minutes\" \/>\n<script type=\"application\/ld+json\" class=\"yoast-schema-graph\">{\"@context\":\"https:\/\/schema.org\",\"@graph\":[{\"@type\":\"WebPage\",\"@id\":\"https:\/\/mekulo.com\/se\/produkt\/multifunktionell-draneringsskal\/\",\"url\":\"https:\/\/mekulo.com\/se\/produkt\/multifunktionell-draneringsskal\/\",\"name\":\"Multifunktionell dr\u00e4neringssk\u00e5l - Mekulo SE\",\"isPartOf\":{\"@id\":\"https:\/\/mekulo.com\/se\/#website\"},\"primaryImageOfPage\":{\"@id\":\"https:\/\/mekulo.com\/se\/produkt\/multifunktionell-draneringsskal\/#primaryimage\"},\"image\":{\"@id\":\"https:\/\/mekulo.com\/se\/produkt\/multifunktionell-draneringsskal\/#primaryimage\"},\"thumbnailUrl\":\"https:\/\/mekulo.com\/se\/wp-content\/uploads\/sites\/11\/2026\/01\/pbo6ovg-1.jpg\",\"datePublished\":\"2026-01-22T14:37:40+00:00\",\"dateModified\":\"2026-01-26T22:03:55+00:00\",\"breadcrumb\":{\"@id\":\"https:\/\/mekulo.com\/se\/produkt\/multifunktionell-draneringsskal\/#breadcrumb\"},\"inLanguage\":\"en-US\",\"potentialAction\":[{\"@type\":\"ReadAction\",\"target\":[\"https:\/\/mekulo.com\/se\/produkt\/multifunktionell-draneringsskal\/\"]}]},{\"@type\":\"ImageObject\",\"inLanguage\":\"en-US\",\"@id\":\"https:\/\/mekulo.com\/se\/produkt\/multifunktionell-draneringsskal\/#primaryimage\",\"url\":\"https:\/\/mekulo.com\/se\/wp-content\/uploads\/sites\/11\/2026\/01\/pbo6ovg-1.jpg\",\"contentUrl\":\"https:\/\/mekulo.com\/se\/wp-content\/uploads\/sites\/11\/2026\/01\/pbo6ovg-1.jpg\",\"width\":960,\"height\":960},{\"@type\":\"BreadcrumbList\",\"@id\":\"https:\/\/mekulo.com\/se\/produkt\/multifunktionell-draneringsskal\/#breadcrumb\",\"itemListElement\":[{\"@type\":\"ListItem\",\"position\":1,\"name\":\"Home\",\"item\":\"https:\/\/mekulo.com\/se\/\"},{\"@type\":\"ListItem\",\"position\":2,\"name\":\"Butik\",\"item\":\"https:\/\/mekulo.com\/se\/butik\/\"},{\"@type\":\"ListItem\",\"position\":3,\"name\":\"Multifunktionell dr\u00e4neringssk\u00e5l\"}]},{\"@type\":\"WebSite\",\"@id\":\"https:\/\/mekulo.com\/se\/#website\",\"url\":\"https:\/\/mekulo.com\/se\/\",\"name\":\"Mekulo SE\",\"description\":\"\",\"publisher\":{\"@id\":\"https:\/\/mekulo.com\/se\/#organization\"},\"potentialAction\":[{\"@type\":\"SearchAction\",\"target\":{\"@type\":\"EntryPoint\",\"urlTemplate\":\"https:\/\/mekulo.com\/se\/?s={search_term_string}\"},\"query-input\":{\"@type\":\"PropertyValueSpecification\",\"valueRequired\":true,\"valueName\":\"search_term_string\"}}],\"inLanguage\":\"en-US\"},{\"@type\":\"Organization\",\"@id\":\"https:\/\/mekulo.com\/se\/#organization\",\"name\":\"Mekulo\",\"url\":\"https:\/\/mekulo.com\/se\/\",\"logo\":{\"@type\":\"ImageObject\",\"inLanguage\":\"en-US\",\"@id\":\"https:\/\/mekulo.com\/se\/#\/schema\/logo\/image\/\",\"url\":\"https:\/\/mekulo.com\/se\/wp-content\/uploads\/sites\/11\/2025\/12\/favicon_mekulo.png\",\"contentUrl\":\"https:\/\/mekulo.com\/se\/wp-content\/uploads\/sites\/11\/2025\/12\/favicon_mekulo.png\",\"width\":50,\"height\":50,\"caption\":\"Mekulo\"},\"image\":{\"@id\":\"https:\/\/mekulo.com\/se\/#\/schema\/logo\/image\/\"}}]}<\/script>\n<!-- \/ Yoast SEO plugin. -->","yoast_head_json":{"title":"Multifunktionell dr\u00e4neringssk\u00e5l - Mekulo SE","robots":{"index":"index","follow":"follow","max-snippet":"max-snippet:-1","max-image-preview":"max-image-preview:large","max-video-preview":"max-video-preview:-1"},"canonical":"https:\/\/mekulo.com\/se\/produkt\/multifunktionell-draneringsskal\/","og_locale":"en_US","og_type":"article","og_title":"Multifunktionell dr\u00e4neringssk\u00e5l - Mekulo SE","og_description":"\ud83c\udf47Den h\u00e4r multifunktionella dr\u00e4neringssk\u00e5len \u00e4r utformad f\u00f6r att tv\u00e4tta, dr\u00e4nera, f\u00f6rvara och b\u00e4ra frukt med l\u00e4tthet. \ud83d\udca7Den hj\u00e4lper till att avl\u00e4gsna \u00f6verfl\u00f6digt vatten efter tv\u00e4tt, vilket h\u00e5ller b\u00e4r och snacks fr\u00e4scha, rena och m\u00f6gelfria l\u00e4ngre. \ud83d\udc69\u200d\ud83c\udf73Detta g\u00f6r den idealisk f\u00f6r daglig anv\u00e4ndning i k\u00f6ket, kylsk\u00e5psf\u00f6rvaring och snacks p\u00e5 spr\u00e5ng.","og_url":"https:\/\/mekulo.com\/se\/produkt\/multifunktionell-draneringsskal\/","og_site_name":"Mekulo SE","article_modified_time":"2026-01-26T22:03:55+00:00","og_image":[{"width":960,"height":960,"url":"https:\/\/mekulo.com\/se\/wp-content\/uploads\/sites\/11\/2026\/01\/pbo6ovg-1.jpg","type":"image\/jpeg"}],"twitter_card":"summary_large_image","twitter_misc":{"Est. reading time":"2 minutes"},"schema":{"@context":"https:\/\/schema.org","@graph":[{"@type":"WebPage","@id":"https:\/\/mekulo.com\/se\/produkt\/multifunktionell-draneringsskal\/","url":"https:\/\/mekulo.com\/se\/produkt\/multifunktionell-draneringsskal\/","name":"Multifunktionell dr\u00e4neringssk\u00e5l - Mekulo SE","isPartOf":{"@id":"https:\/\/mekulo.com\/se\/#website"},"primaryImageOfPage":{"@id":"https:\/\/mekulo.com\/se\/produkt\/multifunktionell-draneringsskal\/#primaryimage"},"image":{"@id":"https:\/\/mekulo.com\/se\/produkt\/multifunktionell-draneringsskal\/#primaryimage"},"thumbnailUrl":"https:\/\/mekulo.com\/se\/wp-content\/uploads\/sites\/11\/2026\/01\/pbo6ovg-1.jpg","datePublished":"2026-01-22T14:37:40+00:00","dateModified":"2026-01-26T22:03:55+00:00","breadcrumb":{"@id":"https:\/\/mekulo.com\/se\/produkt\/multifunktionell-draneringsskal\/#breadcrumb"},"inLanguage":"en-US","potentialAction":[{"@type":"ReadAction","target":["https:\/\/mekulo.com\/se\/produkt\/multifunktionell-draneringsskal\/"]}]},{"@type":"ImageObject","inLanguage":"en-US","@id":"https:\/\/mekulo.com\/se\/produkt\/multifunktionell-draneringsskal\/#primaryimage","url":"https:\/\/mekulo.com\/se\/wp-content\/uploads\/sites\/11\/2026\/01\/pbo6ovg-1.jpg","contentUrl":"https:\/\/mekulo.com\/se\/wp-content\/uploads\/sites\/11\/2026\/01\/pbo6ovg-1.jpg","width":960,"height":960},{"@type":"BreadcrumbList","@id":"https:\/\/mekulo.com\/se\/produkt\/multifunktionell-draneringsskal\/#breadcrumb","itemListElement":[{"@type":"ListItem","position":1,"name":"Home","item":"https:\/\/mekulo.com\/se\/"},{"@type":"ListItem","position":2,"name":"Butik","item":"https:\/\/mekulo.com\/se\/butik\/"},{"@type":"ListItem","position":3,"name":"Multifunktionell dr\u00e4neringssk\u00e5l"}]},{"@type":"WebSite","@id":"https:\/\/mekulo.com\/se\/#website","url":"https:\/\/mekulo.com\/se\/","name":"Mekulo SE","description":"","publisher":{"@id":"https:\/\/mekulo.com\/se\/#organization"},"potentialAction":[{"@type":"SearchAction","target":{"@type":"EntryPoint","urlTemplate":"https:\/\/mekulo.com\/se\/?s={search_term_string}"},"query-input":{"@type":"PropertyValueSpecification","valueRequired":true,"valueName":"search_term_string"}}],"inLanguage":"en-US"},{"@type":"Organization","@id":"https:\/\/mekulo.com\/se\/#organization","name":"Mekulo","url":"https:\/\/mekulo.com\/se\/","logo":{"@type":"ImageObject","inLanguage":"en-US","@id":"https:\/\/mekulo.com\/se\/#\/schema\/logo\/image\/","url":"https:\/\/mekulo.com\/se\/wp-content\/uploads\/sites\/11\/2025\/12\/favicon_mekulo.png","contentUrl":"https:\/\/mekulo.com\/se\/wp-content\/uploads\/sites\/11\/2025\/12\/favicon_mekulo.png","width":50,"height":50,"caption":"Mekulo"},"image":{"@id":"https:\/\/mekulo.com\/se\/#\/schema\/logo\/image\/"}}]}},"_links":{"self":[{"href":"https:\/\/mekulo.com\/se\/wp-json\/wp\/v2\/product\/18283","targetHints":{"allow":["GET"]}}],"collection":[{"href":"https:\/\/mekulo.com\/se\/wp-json\/wp\/v2\/product"}],"about":[{"href":"https:\/\/mekulo.com\/se\/wp-json\/wp\/v2\/types\/product"}],"replies":[{"embeddable":true,"href":"https:\/\/mekulo.com\/se\/wp-json\/wp\/v2\/comments?post=18283"}],"wp:featuredmedia":[{"embeddable":true,"href":"https:\/\/mekulo.com\/se\/wp-json\/wp\/v2\/media\/18279"}],"wp:attachment":[{"href":"https:\/\/mekulo.com\/se\/wp-json\/wp\/v2\/media?parent=18283"}],"wp:term":[{"taxonomy":"product_brand","embeddable":true,"href":"https:\/\/mekulo.com\/se\/wp-json\/wp\/v2\/product_brand?post=18283"},{"taxonomy":"product_cat","embeddable":true,"href":"https:\/\/mekulo.com\/se\/wp-json\/wp\/v2\/product_cat?post=18283"},{"taxonomy":"product_tag","embeddable":true,"href":"https:\/\/mekulo.com\/se\/wp-json\/wp\/v2\/product_tag?post=18283"}],"curies":[{"name":"wp","href":"https:\/\/api.w.org\/{rel}","templated":true}]}}