{"id":18273,"date":"2026-01-22T16:36:00","date_gmt":"2026-01-22T14:36:00","guid":{"rendered":"https:\/\/mekulo.com\/se\/produkt\/elektrisk-grillpanna\/"},"modified":"2026-02-03T18:16:51","modified_gmt":"2026-02-03T16:16:51","slug":"elektrisk-grillpanna","status":"publish","type":"product","link":"https:\/\/mekulo.com\/se\/produkt\/elektrisk-grillpanna\/","title":{"rendered":"Elektrisk grillpanna"},"content":{"rendered":"<p style=\"text-align: center\" data-start=\"0\" data-end=\"56\"><strong data-start=\"0\" data-end=\"56\">Laga goda m\u00e5ltider snabbare med j\u00e4mn v\u00e4rme och mindre olja. \ud83e\udd69<\/strong><\/p>\n<p data-start=\"0\" data-end=\"56\"><img fetchpriority=\"high\" decoding=\"async\" class=\"size-full wp-image-20925 aligncenter\" src=\"https:\/\/mekulo.com\/template\/wp-content\/uploads\/sites\/6\/2026\/01\/dceec3b7-d4f6-4aa4-9ac5-a834d9ec4e44.webp\" alt=\"\" width=\"800\" height=\"800\" \/><\/p>\n<h2 style=\"text-align: center\" data-start=\"288\" data-end=\"308\">Huvudf\u00f6rdelar \ud83c\udf73<\/h2>\n<p data-start=\"311\" data-end=\"369\">\ud83d\udd25 Matlagning med flera anv\u00e4ndningsomr\u00e5den &#8211; Grilla, stek, baka eller grilla.<\/p>\n<p data-start=\"372\" data-end=\"434\">\ud83c\udf56 J\u00e4mn v\u00e4rmef\u00f6rdelning &#8211; Tillagar maten j\u00e4mnt varje g\u00e5ng.<\/p>\n<p data-start=\"437\" data-end=\"492\">\ud83e\uddfc Nonstick-yta &#8211; L\u00e4tt att reng\u00f6ra efter matlagning.<\/p>\n<p data-start=\"495\" data-end=\"558\">\ud83d\udee2\ufe0f Oljedr\u00e4neringsdesign &#8211; Hj\u00e4lper till att minska \u00f6verfl\u00f6dig olja och fett.<\/p>\n<p data-start=\"561\" data-end=\"624\">\u26a1 Kraftfull uppv\u00e4rmning &#8211; 1200 W f\u00f6r snabb och effektiv matlagning.<\/p>\n<p data-start=\"627\" data-end=\"686\">\ud83c\udfe0 Stabil och s\u00e4ker &#8211; Stark bas h\u00e5ller pannan stadig.<\/p>\n<p data-start=\"627\" data-end=\"686\"><img decoding=\"async\" class=\"size-full wp-image-20928 aligncenter\" src=\"https:\/\/mekulo.com\/template\/wp-content\/uploads\/sites\/6\/2026\/01\/ace0da4f-78c7-4bf5-953f-d46a587e2af1.webp\" alt=\"\" width=\"800\" height=\"800\" \/><\/p>\n<h2 style=\"text-align: center\" data-start=\"693\" data-end=\"707\">Hur man anv\u00e4nder \ud83d\udccc<\/h2>\n<ol data-start=\"708\" data-end=\"953\">\n<li data-start=\"708\" data-end=\"759\">\n<p data-start=\"711\" data-end=\"759\">Placera grillpannan p\u00e5 en plan, stabil yta.<\/p>\n<\/li>\n<li data-start=\"760\" data-end=\"793\">\n<p data-start=\"763\" data-end=\"793\">Anslut den till ett eluttag.<\/p>\n<\/li>\n<li data-start=\"794\" data-end=\"827\">\n<p data-start=\"797\" data-end=\"827\">St\u00e4ll in \u00f6nskad temperatur.<\/p>\n<\/li>\n<li data-start=\"828\" data-end=\"866\">\n<p data-start=\"831\" data-end=\"866\">L\u00e4gg till mat p\u00e5 nonstickytan.<\/p>\n<\/li>\n<li data-start=\"867\" data-end=\"911\">\n<p data-start=\"870\" data-end=\"911\">Koka tills maten \u00e4r klar efter eget tycke.<\/p>\n<\/li>\n<li data-start=\"912\" data-end=\"953\">\n<p data-start=\"915\" data-end=\"953\">Dra ur kontakten och l\u00e5t svalna f\u00f6re reng\u00f6ring.<\/p>\n<\/li>\n<\/ol>\n<h2 style=\"text-align: center\" data-start=\"960\" data-end=\"979\">Produktdetaljer \ud83d\udccf<\/h2>\n<ul data-start=\"980\" data-end=\"1262\">\n<li data-start=\"1017\" data-end=\"1033\">\n<p data-start=\"1019\" data-end=\"1033\">Effekt: 1200W<\/p>\n<\/li>\n<li data-start=\"1034\" data-end=\"1054\">\n<p data-start=\"1036\" data-end=\"1054\">Sp\u00e4nning: AC 110V<\/p>\n<\/li>\n<li data-start=\"1055\" data-end=\"1077\">\n<p data-start=\"1057\" data-end=\"1077\">Pluggtyp: EU-kontakt<\/p>\n<\/li>\n<li data-start=\"1078\" data-end=\"1128\">\n<p data-start=\"1080\" data-end=\"1128\">Material: Aluminium med nonstick-bel\u00e4ggning i sten<\/p>\n<\/li>\n<li data-start=\"1129\" data-end=\"1154\">\n<p data-start=\"1131\" data-end=\"1154\">Plattans diameter: 30 cm<\/p>\n<\/li>\n<li data-start=\"1155\" data-end=\"1199\">\n<p data-start=\"1157\" data-end=\"1199\">Design: Rund panna med oljedr\u00e4neringsport<\/p>\n<\/li>\n<li data-start=\"1220\" data-end=\"1262\">\n<p data-start=\"1222\" data-end=\"1262\">V\u00e4rmetyp: J\u00e4mn och konsekvent uppv\u00e4rmning<\/p>\n<\/li>\n<\/ul>\n<h2 style=\"text-align: center\" data-start=\"1269\" data-end=\"1289\">Paketet inneh\u00e5ller \ud83d\udce6<\/h2>\n<ul data-start=\"1290\" data-end=\"1317\" data-is-last-node=\"\" data-is-only-node=\"\">\n<li data-start=\"1290\" data-end=\"1317\" data-is-last-node=\"\">\n<p data-start=\"1292\" data-end=\"1317\" data-is-last-node=\"\">1x elektrisk grillpanna.<\/p>\n<\/li>\n<\/ul>\n","protected":false},"excerpt":{"rendered":"<p>\ud83d\udc69\u200d\ud83c\udf73Detta elektrisk grillpanna l\u00e5ter dig grilla, steka och laga m\u00e5nga olika matr\u00e4tter i en och samma apparat.<br \/>\n\ud83d\udd25Med j\u00e4mn v\u00e4rme, nonstick-bel\u00e4ggning och exakt temperaturkontroll g\u00f6r den matlagningen enklare, renare och h\u00e4lsosammare f\u00f6r vardagliga m\u00e5ltider.<br \/>\n\ud83c\udf56Den \u00e4r perfekt f\u00f6r att f\u00f6rbereda snabba frukostar, luncher eller familjemiddagar hemma.<\/p>\n","protected":false},"featured_media":18269,"comment_status":"open","ping_status":"closed","template":"","meta":{"site-sidebar-layout":"default","site-content-layout":"","ast-site-content-layout":"default","site-content-style":"default","site-sidebar-style":"default","ast-global-header-display":"","ast-banner-title-visibility":"","ast-main-header-display":"","ast-hfb-above-header-display":"","ast-hfb-below-header-display":"","ast-hfb-mobile-header-display":"","site-post-title":"","ast-breadcrumbs-content":"","ast-featured-img":"","footer-sml-layout":"","theme-transparent-header-meta":"default","adv-header-id-meta":"","stick-header-meta":"","header-above-stick-meta":"","header-main-stick-meta":"","header-below-stick-meta":"","astra-migrate-meta-layouts":"set","ast-page-background-enabled":"default","ast-page-background-meta":{"desktop":{"background-color":"var(--ast-global-color-5)","background-image":"","background-repeat":"repeat","background-position":"center center","background-size":"auto","background-attachment":"scroll","background-type":"","background-media":"","overlay-type":"","overlay-color":"","overlay-opacity":"","overlay-gradient":""},"tablet":{"background-color":"","background-image":"","background-repeat":"repeat","background-position":"center center","background-size":"auto","background-attachment":"scroll","background-type":"","background-media":"","overlay-type":"","overlay-color":"","overlay-opacity":"","overlay-gradient":""},"mobile":{"background-color":"","background-image":"","background-repeat":"repeat","background-position":"center center","background-size":"auto","background-attachment":"scroll","background-type":"","background-media":"","overlay-type":"","overlay-color":"","overlay-opacity":"","overlay-gradient":""}},"ast-content-background-meta":{"desktop":{"background-color":"var(--ast-global-color-4)","background-image":"","background-repeat":"repeat","background-position":"center center","background-size":"auto","background-attachment":"scroll","background-type":"","background-media":"","overlay-type":"","overlay-color":"","overlay-opacity":"","overlay-gradient":""},"tablet":{"background-color":"var(--ast-global-color-4)","background-image":"","background-repeat":"repeat","background-position":"center center","background-size":"auto","background-attachment":"scroll","background-type":"","background-media":"","overlay-type":"","overlay-color":"","overlay-opacity":"","overlay-gradient":""},"mobile":{"background-color":"var(--ast-global-color-4)","background-image":"","background-repeat":"repeat","background-position":"center center","background-size":"auto","background-attachment":"scroll","background-type":"","background-media":"","overlay-type":"","overlay-color":"","overlay-opacity":"","overlay-gradient":""}}},"product_brand":[],"product_cat":[15],"product_tag":[],"class_list":{"0":"post-18273","1":"product","2":"type-product","3":"status-publish","4":"has-post-thumbnail","6":"product_cat-uncategorized","7":"desktop-align-left","8":"tablet-align-left","9":"mobile-align-left","11":"first","12":"instock","13":"shipping-taxable","14":"purchasable","15":"product-type-simple"},"yoast_head":"<!-- This site is optimized with the Yoast SEO plugin v26.6 - https:\/\/yoast.com\/wordpress\/plugins\/seo\/ -->\n<title>Elektrisk grillpanna - Mekulo SE<\/title>\n<meta name=\"robots\" content=\"index, follow, max-snippet:-1, max-image-preview:large, max-video-preview:-1\" \/>\n<link rel=\"canonical\" href=\"https:\/\/mekulo.com\/se\/produkt\/elektrisk-grillpanna\/\" \/>\n<meta property=\"og:locale\" content=\"sv_SE\" \/>\n<meta property=\"og:type\" content=\"article\" \/>\n<meta property=\"og:title\" content=\"Elektrisk grillpanna - Mekulo SE\" \/>\n<meta property=\"og:description\" content=\"\ud83d\udc69\u200d\ud83c\udf73Detta elektrisk grillpanna l\u00e5ter dig grilla, steka och laga m\u00e5nga olika matr\u00e4tter i en och samma apparat. \ud83d\udd25Med j\u00e4mn v\u00e4rme, nonstick-bel\u00e4ggning och exakt temperaturkontroll g\u00f6r den matlagningen enklare, renare och h\u00e4lsosammare f\u00f6r vardagliga m\u00e5ltider. \ud83c\udf56Den \u00e4r perfekt f\u00f6r att f\u00f6rbereda snabba frukostar, luncher eller familjemiddagar hemma.\" \/>\n<meta property=\"og:url\" content=\"https:\/\/mekulo.com\/se\/produkt\/elektrisk-grillpanna\/\" \/>\n<meta property=\"og:site_name\" content=\"Mekulo SE\" \/>\n<meta property=\"article:modified_time\" content=\"2026-02-03T16:16:51+00:00\" \/>\n<meta property=\"og:image\" content=\"https:\/\/mekulo.com\/se\/wp-content\/uploads\/sites\/11\/2026\/01\/yb8k53n-1.webp\" \/>\n\t<meta property=\"og:image:width\" content=\"800\" \/>\n\t<meta property=\"og:image:height\" content=\"800\" \/>\n\t<meta property=\"og:image:type\" content=\"image\/webp\" \/>\n<meta name=\"twitter:card\" content=\"summary_large_image\" \/>\n<meta name=\"twitter:label1\" content=\"Ber\u00e4knad l\u00e4stid\" \/>\n\t<meta name=\"twitter:data1\" content=\"2 minuter\" \/>\n<script type=\"application\/ld+json\" class=\"yoast-schema-graph\">{\"@context\":\"https:\/\/schema.org\",\"@graph\":[{\"@type\":\"WebPage\",\"@id\":\"https:\/\/mekulo.com\/se\/produkt\/elektrisk-grillpanna\/\",\"url\":\"https:\/\/mekulo.com\/se\/produkt\/elektrisk-grillpanna\/\",\"name\":\"Elektrisk grillpanna - Mekulo SE\",\"isPartOf\":{\"@id\":\"https:\/\/mekulo.com\/se\/#website\"},\"primaryImageOfPage\":{\"@id\":\"https:\/\/mekulo.com\/se\/produkt\/elektrisk-grillpanna\/#primaryimage\"},\"image\":{\"@id\":\"https:\/\/mekulo.com\/se\/produkt\/elektrisk-grillpanna\/#primaryimage\"},\"thumbnailUrl\":\"https:\/\/mekulo.com\/se\/wp-content\/uploads\/sites\/11\/2026\/01\/yb8k53n-1.webp\",\"datePublished\":\"2026-01-22T14:36:00+00:00\",\"dateModified\":\"2026-02-03T16:16:51+00:00\",\"breadcrumb\":{\"@id\":\"https:\/\/mekulo.com\/se\/produkt\/elektrisk-grillpanna\/#breadcrumb\"},\"inLanguage\":\"sv-SE\",\"potentialAction\":[{\"@type\":\"ReadAction\",\"target\":[\"https:\/\/mekulo.com\/se\/produkt\/elektrisk-grillpanna\/\"]}]},{\"@type\":\"ImageObject\",\"inLanguage\":\"sv-SE\",\"@id\":\"https:\/\/mekulo.com\/se\/produkt\/elektrisk-grillpanna\/#primaryimage\",\"url\":\"https:\/\/mekulo.com\/se\/wp-content\/uploads\/sites\/11\/2026\/01\/yb8k53n-1.webp\",\"contentUrl\":\"https:\/\/mekulo.com\/se\/wp-content\/uploads\/sites\/11\/2026\/01\/yb8k53n-1.webp\",\"width\":800,\"height\":800},{\"@type\":\"BreadcrumbList\",\"@id\":\"https:\/\/mekulo.com\/se\/produkt\/elektrisk-grillpanna\/#breadcrumb\",\"itemListElement\":[{\"@type\":\"ListItem\",\"position\":1,\"name\":\"Home\",\"item\":\"https:\/\/mekulo.com\/se\/\"},{\"@type\":\"ListItem\",\"position\":2,\"name\":\"Butik\",\"item\":\"https:\/\/mekulo.com\/se\/butik\/\"},{\"@type\":\"ListItem\",\"position\":3,\"name\":\"Elektrisk grillpanna\"}]},{\"@type\":\"WebSite\",\"@id\":\"https:\/\/mekulo.com\/se\/#website\",\"url\":\"https:\/\/mekulo.com\/se\/\",\"name\":\"Mekulo SE\",\"description\":\"\",\"publisher\":{\"@id\":\"https:\/\/mekulo.com\/se\/#organization\"},\"potentialAction\":[{\"@type\":\"SearchAction\",\"target\":{\"@type\":\"EntryPoint\",\"urlTemplate\":\"https:\/\/mekulo.com\/se\/?s={search_term_string}\"},\"query-input\":{\"@type\":\"PropertyValueSpecification\",\"valueRequired\":true,\"valueName\":\"search_term_string\"}}],\"inLanguage\":\"sv-SE\"},{\"@type\":\"Organization\",\"@id\":\"https:\/\/mekulo.com\/se\/#organization\",\"name\":\"Mekulo\",\"url\":\"https:\/\/mekulo.com\/se\/\",\"logo\":{\"@type\":\"ImageObject\",\"inLanguage\":\"sv-SE\",\"@id\":\"https:\/\/mekulo.com\/se\/#\/schema\/logo\/image\/\",\"url\":\"https:\/\/mekulo.com\/se\/wp-content\/uploads\/sites\/11\/2025\/12\/favicon_mekulo.png\",\"contentUrl\":\"https:\/\/mekulo.com\/se\/wp-content\/uploads\/sites\/11\/2025\/12\/favicon_mekulo.png\",\"width\":50,\"height\":50,\"caption\":\"Mekulo\"},\"image\":{\"@id\":\"https:\/\/mekulo.com\/se\/#\/schema\/logo\/image\/\"}}]}<\/script>\n<!-- \/ Yoast SEO plugin. -->","yoast_head_json":{"title":"Elektrisk grillpanna - Mekulo SE","robots":{"index":"index","follow":"follow","max-snippet":"max-snippet:-1","max-image-preview":"max-image-preview:large","max-video-preview":"max-video-preview:-1"},"canonical":"https:\/\/mekulo.com\/se\/produkt\/elektrisk-grillpanna\/","og_locale":"sv_SE","og_type":"article","og_title":"Elektrisk grillpanna - Mekulo SE","og_description":"\ud83d\udc69\u200d\ud83c\udf73Detta elektrisk grillpanna l\u00e5ter dig grilla, steka och laga m\u00e5nga olika matr\u00e4tter i en och samma apparat. \ud83d\udd25Med j\u00e4mn v\u00e4rme, nonstick-bel\u00e4ggning och exakt temperaturkontroll g\u00f6r den matlagningen enklare, renare och h\u00e4lsosammare f\u00f6r vardagliga m\u00e5ltider. \ud83c\udf56Den \u00e4r perfekt f\u00f6r att f\u00f6rbereda snabba frukostar, luncher eller familjemiddagar hemma.","og_url":"https:\/\/mekulo.com\/se\/produkt\/elektrisk-grillpanna\/","og_site_name":"Mekulo SE","article_modified_time":"2026-02-03T16:16:51+00:00","og_image":[{"width":800,"height":800,"url":"https:\/\/mekulo.com\/se\/wp-content\/uploads\/sites\/11\/2026\/01\/yb8k53n-1.webp","type":"image\/webp"}],"twitter_card":"summary_large_image","twitter_misc":{"Ber\u00e4knad l\u00e4stid":"2 minuter"},"schema":{"@context":"https:\/\/schema.org","@graph":[{"@type":"WebPage","@id":"https:\/\/mekulo.com\/se\/produkt\/elektrisk-grillpanna\/","url":"https:\/\/mekulo.com\/se\/produkt\/elektrisk-grillpanna\/","name":"Elektrisk grillpanna - Mekulo SE","isPartOf":{"@id":"https:\/\/mekulo.com\/se\/#website"},"primaryImageOfPage":{"@id":"https:\/\/mekulo.com\/se\/produkt\/elektrisk-grillpanna\/#primaryimage"},"image":{"@id":"https:\/\/mekulo.com\/se\/produkt\/elektrisk-grillpanna\/#primaryimage"},"thumbnailUrl":"https:\/\/mekulo.com\/se\/wp-content\/uploads\/sites\/11\/2026\/01\/yb8k53n-1.webp","datePublished":"2026-01-22T14:36:00+00:00","dateModified":"2026-02-03T16:16:51+00:00","breadcrumb":{"@id":"https:\/\/mekulo.com\/se\/produkt\/elektrisk-grillpanna\/#breadcrumb"},"inLanguage":"sv-SE","potentialAction":[{"@type":"ReadAction","target":["https:\/\/mekulo.com\/se\/produkt\/elektrisk-grillpanna\/"]}]},{"@type":"ImageObject","inLanguage":"sv-SE","@id":"https:\/\/mekulo.com\/se\/produkt\/elektrisk-grillpanna\/#primaryimage","url":"https:\/\/mekulo.com\/se\/wp-content\/uploads\/sites\/11\/2026\/01\/yb8k53n-1.webp","contentUrl":"https:\/\/mekulo.com\/se\/wp-content\/uploads\/sites\/11\/2026\/01\/yb8k53n-1.webp","width":800,"height":800},{"@type":"BreadcrumbList","@id":"https:\/\/mekulo.com\/se\/produkt\/elektrisk-grillpanna\/#breadcrumb","itemListElement":[{"@type":"ListItem","position":1,"name":"Home","item":"https:\/\/mekulo.com\/se\/"},{"@type":"ListItem","position":2,"name":"Butik","item":"https:\/\/mekulo.com\/se\/butik\/"},{"@type":"ListItem","position":3,"name":"Elektrisk grillpanna"}]},{"@type":"WebSite","@id":"https:\/\/mekulo.com\/se\/#website","url":"https:\/\/mekulo.com\/se\/","name":"Mekulo SE","description":"","publisher":{"@id":"https:\/\/mekulo.com\/se\/#organization"},"potentialAction":[{"@type":"SearchAction","target":{"@type":"EntryPoint","urlTemplate":"https:\/\/mekulo.com\/se\/?s={search_term_string}"},"query-input":{"@type":"PropertyValueSpecification","valueRequired":true,"valueName":"search_term_string"}}],"inLanguage":"sv-SE"},{"@type":"Organization","@id":"https:\/\/mekulo.com\/se\/#organization","name":"Mekulo","url":"https:\/\/mekulo.com\/se\/","logo":{"@type":"ImageObject","inLanguage":"sv-SE","@id":"https:\/\/mekulo.com\/se\/#\/schema\/logo\/image\/","url":"https:\/\/mekulo.com\/se\/wp-content\/uploads\/sites\/11\/2025\/12\/favicon_mekulo.png","contentUrl":"https:\/\/mekulo.com\/se\/wp-content\/uploads\/sites\/11\/2025\/12\/favicon_mekulo.png","width":50,"height":50,"caption":"Mekulo"},"image":{"@id":"https:\/\/mekulo.com\/se\/#\/schema\/logo\/image\/"}}]}},"_links":{"self":[{"href":"https:\/\/mekulo.com\/se\/wp-json\/wp\/v2\/product\/18273","targetHints":{"allow":["GET"]}}],"collection":[{"href":"https:\/\/mekulo.com\/se\/wp-json\/wp\/v2\/product"}],"about":[{"href":"https:\/\/mekulo.com\/se\/wp-json\/wp\/v2\/types\/product"}],"replies":[{"embeddable":true,"href":"https:\/\/mekulo.com\/se\/wp-json\/wp\/v2\/comments?post=18273"}],"wp:featuredmedia":[{"embeddable":true,"href":"https:\/\/mekulo.com\/se\/wp-json\/wp\/v2\/media\/18269"}],"wp:attachment":[{"href":"https:\/\/mekulo.com\/se\/wp-json\/wp\/v2\/media?parent=18273"}],"wp:term":[{"taxonomy":"product_brand","embeddable":true,"href":"https:\/\/mekulo.com\/se\/wp-json\/wp\/v2\/product_brand?post=18273"},{"taxonomy":"product_cat","embeddable":true,"href":"https:\/\/mekulo.com\/se\/wp-json\/wp\/v2\/product_cat?post=18273"},{"taxonomy":"product_tag","embeddable":true,"href":"https:\/\/mekulo.com\/se\/wp-json\/wp\/v2\/product_tag?post=18273"}],"curies":[{"name":"wp","href":"https:\/\/api.w.org\/{rel}","templated":true}]}}