{"id":18256,"date":"2026-01-22T16:34:33","date_gmt":"2026-01-22T14:34:33","guid":{"rendered":"https:\/\/mekulo.com\/se\/produkt\/vast-for-sprintlopning\/"},"modified":"2026-01-26T23:59:41","modified_gmt":"2026-01-26T21:59:41","slug":"vast-for-sprintlopning","status":"publish","type":"product","link":"https:\/\/mekulo.com\/se\/produkt\/vast-for-sprintlopning\/","title":{"rendered":"V\u00e4st f\u00f6r sprintl\u00f6pning"},"content":{"rendered":"<p style=\"text-align: center;\" data-start=\"0\" data-end=\"84\"><strong data-start=\"0\" data-end=\"84\">B\u00e4r din telefon och andra viktiga saker bekv\u00e4mt n\u00e4r du springer, utan att sakta ner. \ud83c\udfc3<\/strong><\/p>\n<p data-start=\"0\" data-end=\"84\"><img fetchpriority=\"high\" decoding=\"async\" class=\"size-full wp-image-20907 aligncenter\" src=\"https:\/\/mekulo.com\/template\/wp-content\/uploads\/sites\/6\/2026\/01\/S7fde8c113b904c5bba812799d6b4cb47i.webp\" alt=\"\" width=\"1600\" height=\"1074\" \/><\/p>\n<h2 style=\"text-align: center;\" data-start=\"382\" data-end=\"405\">Huvudf\u00f6rdelar \ud83c\udfc3\u200d\u2642\ufe0f<\/h2>\n<p data-start=\"408\" data-end=\"478\">\ud83d\udcf1 S\u00e4ker telefonficka &#8211; H\u00e5ller din telefon s\u00e4ker och l\u00e4tt att n\u00e5.<\/p>\n<p data-start=\"481\" data-end=\"557\">\ud83c\udf92 Flera f\u00f6rvaringsfickor &#8211; B\u00e4r nycklar, kort, geler och sm\u00e5 f\u00f6rem\u00e5l.<\/p>\n<p data-start=\"560\" data-end=\"631\">\ud83e\udeb6 L\u00e4tt &amp; andas &#8211; F\u00f6rblir bekv\u00e4m \u00e4ven under l\u00e5nga l\u00f6prundor.<\/p>\n<p data-start=\"634\" data-end=\"692\">\ud83d\udd27 Justerbar passform &#8211; Passar b\u00e5de m\u00e4n och kvinnor s\u00e4kert.<\/p>\n<p data-start=\"695\" data-end=\"766\">\ud83c\udf19 Reflekterande detaljer &#8211; B\u00e4ttre synlighet i svagt ljus.<\/p>\n<p data-start=\"769\" data-end=\"846\">\ud83d\udd04 Multiaktivitetsanv\u00e4ndning &#8211; Perfekt f\u00f6r l\u00f6pning, jogging, vandring och promenader.<\/p>\n<p data-start=\"769\" data-end=\"846\"><img decoding=\"async\" class=\"size-full wp-image-20910 aligncenter\" src=\"https:\/\/mekulo.com\/template\/wp-content\/uploads\/sites\/6\/2026\/01\/Sc63465b031544ef1a79b71dc6446c4e3M.webp\" alt=\"\" width=\"1600\" height=\"1600\" \/><\/p>\n<h2 style=\"text-align: center;\" data-start=\"853\" data-end=\"867\">Anv\u00e4ndning \ud83d\udccc<\/h2>\n<ol data-start=\"868\" data-end=\"1144\">\n<li data-start=\"868\" data-end=\"915\">\n<p data-start=\"871\" data-end=\"915\">Ta p\u00e5 dig v\u00e4sten som en l\u00e4ttviktsjacka.<\/p>\n<\/li>\n<li data-start=\"916\" data-end=\"970\">\n<p data-start=\"919\" data-end=\"970\">Justera remmarna f\u00f6r en bekv\u00e4m passform.<\/p>\n<\/li>\n<li data-start=\"971\" data-end=\"1013\">\n<p data-start=\"974\" data-end=\"1013\">Placera telefonen i telefonfickan.<\/p>\n<\/li>\n<li data-start=\"1014\" data-end=\"1066\">\n<p data-start=\"1017\" data-end=\"1066\">F\u00f6rvara nycklar, ID eller snacks i extrafickorna.<\/p>\n<\/li>\n<li data-start=\"1067\" data-end=\"1111\">\n<p data-start=\"1070\" data-end=\"1111\">Starta din l\u00f6prunda med handsfree-komfort.<\/p>\n<\/li>\n<li data-start=\"1112\" data-end=\"1144\">\n<p data-start=\"1115\" data-end=\"1144\">Tv\u00e4tta efter anv\u00e4ndning vid behov.<\/p>\n<\/li>\n<\/ol>\n<h2 style=\"text-align: center;\" data-start=\"1151\" data-end=\"1170\">Produktdetaljer \ud83d\udccf<\/h2>\n<ul data-start=\"1171\" data-end=\"1522\">\n<li data-start=\"1205\" data-end=\"1239\">\n<p data-start=\"1207\" data-end=\"1239\">Typ: L\u00e4ttviktig l\u00f6parv\u00e4st<\/p>\n<\/li>\n<li data-start=\"1240\" data-end=\"1284\">\n<p data-start=\"1242\" data-end=\"1284\">Passform: Justerbara remmar f\u00f6r m\u00e4n och kvinnor<\/p>\n<\/li>\n<li data-start=\"1285\" data-end=\"1331\">\n<p data-start=\"1287\" data-end=\"1331\">Material: Andningsbart, svettavvisande tyg<\/p>\n<\/li>\n<li data-start=\"1332\" data-end=\"1405\">\n<p data-start=\"1334\" data-end=\"1405\">Funktioner: Telefonficka, flera f\u00f6rvaringsfickor, reflekterande element<\/p>\n<\/li>\n<li data-start=\"1406\" data-end=\"1470\">\n<p data-start=\"1408\" data-end=\"1470\">Anv\u00e4ndning: L\u00f6pning, jogging, maratontr\u00e4ning, utomhusaktiviteter<\/p>\n<\/li>\n<li data-start=\"1471\" data-end=\"1522\">\n<p data-start=\"1473\" data-end=\"1522\">Sk\u00f6tsel: L\u00e4tt att reng\u00f6ra och h\u00e5llbar f\u00f6r regelbunden anv\u00e4ndning<\/p>\n<\/li>\n<li data-start=\"1471\" data-end=\"1522\">Storlek: 36 x 35,5 cm<\/li>\n<\/ul>\n<h2 style=\"text-align: center;\" data-start=\"1529\" data-end=\"1549\">Paketet inneh\u00e5ller \ud83d\udce6<\/h2>\n<ul data-start=\"1550\" data-end=\"1574\" data-is-last-node=\"\" data-is-only-node=\"\">\n<li data-start=\"1550\" data-end=\"1574\" data-is-last-node=\"\">\n<p data-start=\"1552\" data-end=\"1574\" data-is-last-node=\"\">1x sprintv\u00e4st.<\/p>\n<\/li>\n<\/ul>\n","protected":false},"excerpt":{"rendered":"<p>\ud83c\udfc3\u200d\u2640\ufe0fDenna sprintv\u00e4st \u00e4r en l\u00e4ttviktig l\u00f6parv\u00e4st som \u00e4r utformad f\u00f6r att h\u00e5lla din telefon, nycklar och sm\u00e5 f\u00f6rem\u00e5l s\u00e4kra medan du r\u00f6r dig.<br \/>\n\ud83c\udfbdDen sitter n\u00e4ra kroppen, f\u00f6rblir stabil under l\u00f6prundor och f\u00f6rb\u00e4ttrar s\u00e4kerheten med reflekterande detaljer, vilket g\u00f6r den idealisk f\u00f6r daglig jogging, l\u00e5nga l\u00f6prundor och utomhustr\u00e4ning.<br \/>\n\ud83d\udc5fDetta g\u00f6r att du kan springa handsfree och fokusera helt p\u00e5 din prestation.<\/p>\n","protected":false},"featured_media":18252,"comment_status":"open","ping_status":"closed","template":"","meta":{"site-sidebar-layout":"default","site-content-layout":"","ast-site-content-layout":"default","site-content-style":"default","site-sidebar-style":"default","ast-global-header-display":"","ast-banner-title-visibility":"","ast-main-header-display":"","ast-hfb-above-header-display":"","ast-hfb-below-header-display":"","ast-hfb-mobile-header-display":"","site-post-title":"","ast-breadcrumbs-content":"","ast-featured-img":"","footer-sml-layout":"","theme-transparent-header-meta":"default","adv-header-id-meta":"","stick-header-meta":"","header-above-stick-meta":"","header-main-stick-meta":"","header-below-stick-meta":"","astra-migrate-meta-layouts":"set","ast-page-background-enabled":"default","ast-page-background-meta":{"desktop":{"background-color":"var(--ast-global-color-5)","background-image":"","background-repeat":"repeat","background-position":"center center","background-size":"auto","background-attachment":"scroll","background-type":"","background-media":"","overlay-type":"","overlay-color":"","overlay-opacity":"","overlay-gradient":""},"tablet":{"background-color":"","background-image":"","background-repeat":"repeat","background-position":"center center","background-size":"auto","background-attachment":"scroll","background-type":"","background-media":"","overlay-type":"","overlay-color":"","overlay-opacity":"","overlay-gradient":""},"mobile":{"background-color":"","background-image":"","background-repeat":"repeat","background-position":"center center","background-size":"auto","background-attachment":"scroll","background-type":"","background-media":"","overlay-type":"","overlay-color":"","overlay-opacity":"","overlay-gradient":""}},"ast-content-background-meta":{"desktop":{"background-color":"var(--ast-global-color-4)","background-image":"","background-repeat":"repeat","background-position":"center center","background-size":"auto","background-attachment":"scroll","background-type":"","background-media":"","overlay-type":"","overlay-color":"","overlay-opacity":"","overlay-gradient":""},"tablet":{"background-color":"var(--ast-global-color-4)","background-image":"","background-repeat":"repeat","background-position":"center center","background-size":"auto","background-attachment":"scroll","background-type":"","background-media":"","overlay-type":"","overlay-color":"","overlay-opacity":"","overlay-gradient":""},"mobile":{"background-color":"var(--ast-global-color-4)","background-image":"","background-repeat":"repeat","background-position":"center center","background-size":"auto","background-attachment":"scroll","background-type":"","background-media":"","overlay-type":"","overlay-color":"","overlay-opacity":"","overlay-gradient":""}}},"product_brand":[],"product_cat":[170,167],"product_tag":[],"class_list":{"0":"post-18256","1":"product","2":"type-product","3":"status-publish","4":"has-post-thumbnail","6":"product_cat-sportartiklar","7":"product_cat-vandring-camping-och-fritidsartiklar","8":"pa_50353_z9k089s0-a","9":"pa_50353_z9k089s0-b","10":"pa_50353_z9k089s0-c","11":"pa_50353_z9k089s0-d","12":"desktop-align-left","13":"tablet-align-left","14":"mobile-align-left","16":"first","17":"instock","18":"shipping-taxable","19":"purchasable","20":"product-type-variable"},"yoast_head":"<!-- This site is optimized with the Yoast SEO plugin v26.6 - https:\/\/yoast.com\/wordpress\/plugins\/seo\/ -->\n<title>V\u00e4st f\u00f6r sprintl\u00f6pning - Mekulo SE<\/title>\n<meta name=\"robots\" content=\"index, follow, max-snippet:-1, max-image-preview:large, max-video-preview:-1\" \/>\n<link rel=\"canonical\" href=\"https:\/\/mekulo.com\/se\/produkt\/vast-for-sprintlopning\/\" \/>\n<meta property=\"og:locale\" content=\"sv_SE\" \/>\n<meta property=\"og:type\" content=\"article\" \/>\n<meta property=\"og:title\" content=\"V\u00e4st f\u00f6r sprintl\u00f6pning - Mekulo SE\" \/>\n<meta property=\"og:description\" content=\"\ud83c\udfc3\u200d\u2640\ufe0fDenna sprintv\u00e4st \u00e4r en l\u00e4ttviktig l\u00f6parv\u00e4st som \u00e4r utformad f\u00f6r att h\u00e5lla din telefon, nycklar och sm\u00e5 f\u00f6rem\u00e5l s\u00e4kra medan du r\u00f6r dig. \ud83c\udfbdDen sitter n\u00e4ra kroppen, f\u00f6rblir stabil under l\u00f6prundor och f\u00f6rb\u00e4ttrar s\u00e4kerheten med reflekterande detaljer, vilket g\u00f6r den idealisk f\u00f6r daglig jogging, l\u00e5nga l\u00f6prundor och utomhustr\u00e4ning. \ud83d\udc5fDetta g\u00f6r att du kan springa handsfree och fokusera helt p\u00e5 din prestation.\" \/>\n<meta property=\"og:url\" content=\"https:\/\/mekulo.com\/se\/produkt\/vast-for-sprintlopning\/\" \/>\n<meta property=\"og:site_name\" content=\"Mekulo SE\" \/>\n<meta property=\"article:modified_time\" content=\"2026-01-26T21:59:41+00:00\" \/>\n<meta property=\"og:image\" content=\"https:\/\/mekulo.com\/se\/wp-content\/uploads\/sites\/11\/2026\/01\/xcsrndr-1.webp\" \/>\n\t<meta property=\"og:image:width\" content=\"1600\" \/>\n\t<meta property=\"og:image:height\" content=\"1600\" \/>\n\t<meta property=\"og:image:type\" content=\"image\/webp\" \/>\n<meta name=\"twitter:card\" content=\"summary_large_image\" \/>\n<meta name=\"twitter:label1\" content=\"Ber\u00e4knad l\u00e4stid\" \/>\n\t<meta name=\"twitter:data1\" content=\"2 minuter\" \/>\n<script type=\"application\/ld+json\" class=\"yoast-schema-graph\">{\"@context\":\"https:\/\/schema.org\",\"@graph\":[{\"@type\":\"WebPage\",\"@id\":\"https:\/\/mekulo.com\/se\/produkt\/vast-for-sprintlopning\/\",\"url\":\"https:\/\/mekulo.com\/se\/produkt\/vast-for-sprintlopning\/\",\"name\":\"V\u00e4st f\u00f6r sprintl\u00f6pning - Mekulo SE\",\"isPartOf\":{\"@id\":\"https:\/\/mekulo.com\/se\/#website\"},\"primaryImageOfPage\":{\"@id\":\"https:\/\/mekulo.com\/se\/produkt\/vast-for-sprintlopning\/#primaryimage\"},\"image\":{\"@id\":\"https:\/\/mekulo.com\/se\/produkt\/vast-for-sprintlopning\/#primaryimage\"},\"thumbnailUrl\":\"https:\/\/mekulo.com\/se\/wp-content\/uploads\/sites\/11\/2026\/01\/xcsrndr-1.webp\",\"datePublished\":\"2026-01-22T14:34:33+00:00\",\"dateModified\":\"2026-01-26T21:59:41+00:00\",\"breadcrumb\":{\"@id\":\"https:\/\/mekulo.com\/se\/produkt\/vast-for-sprintlopning\/#breadcrumb\"},\"inLanguage\":\"sv-SE\",\"potentialAction\":[{\"@type\":\"ReadAction\",\"target\":[\"https:\/\/mekulo.com\/se\/produkt\/vast-for-sprintlopning\/\"]}]},{\"@type\":\"ImageObject\",\"inLanguage\":\"sv-SE\",\"@id\":\"https:\/\/mekulo.com\/se\/produkt\/vast-for-sprintlopning\/#primaryimage\",\"url\":\"https:\/\/mekulo.com\/se\/wp-content\/uploads\/sites\/11\/2026\/01\/xcsrndr-1.webp\",\"contentUrl\":\"https:\/\/mekulo.com\/se\/wp-content\/uploads\/sites\/11\/2026\/01\/xcsrndr-1.webp\",\"width\":1600,\"height\":1600},{\"@type\":\"BreadcrumbList\",\"@id\":\"https:\/\/mekulo.com\/se\/produkt\/vast-for-sprintlopning\/#breadcrumb\",\"itemListElement\":[{\"@type\":\"ListItem\",\"position\":1,\"name\":\"Home\",\"item\":\"https:\/\/mekulo.com\/se\/\"},{\"@type\":\"ListItem\",\"position\":2,\"name\":\"Butik\",\"item\":\"https:\/\/mekulo.com\/se\/butik\/\"},{\"@type\":\"ListItem\",\"position\":3,\"name\":\"V\u00e4st f\u00f6r sprintl\u00f6pning\"}]},{\"@type\":\"WebSite\",\"@id\":\"https:\/\/mekulo.com\/se\/#website\",\"url\":\"https:\/\/mekulo.com\/se\/\",\"name\":\"Mekulo SE\",\"description\":\"\",\"publisher\":{\"@id\":\"https:\/\/mekulo.com\/se\/#organization\"},\"potentialAction\":[{\"@type\":\"SearchAction\",\"target\":{\"@type\":\"EntryPoint\",\"urlTemplate\":\"https:\/\/mekulo.com\/se\/?s={search_term_string}\"},\"query-input\":{\"@type\":\"PropertyValueSpecification\",\"valueRequired\":true,\"valueName\":\"search_term_string\"}}],\"inLanguage\":\"sv-SE\"},{\"@type\":\"Organization\",\"@id\":\"https:\/\/mekulo.com\/se\/#organization\",\"name\":\"Mekulo\",\"url\":\"https:\/\/mekulo.com\/se\/\",\"logo\":{\"@type\":\"ImageObject\",\"inLanguage\":\"sv-SE\",\"@id\":\"https:\/\/mekulo.com\/se\/#\/schema\/logo\/image\/\",\"url\":\"https:\/\/mekulo.com\/se\/wp-content\/uploads\/sites\/11\/2025\/12\/favicon_mekulo.png\",\"contentUrl\":\"https:\/\/mekulo.com\/se\/wp-content\/uploads\/sites\/11\/2025\/12\/favicon_mekulo.png\",\"width\":50,\"height\":50,\"caption\":\"Mekulo\"},\"image\":{\"@id\":\"https:\/\/mekulo.com\/se\/#\/schema\/logo\/image\/\"}}]}<\/script>\n<!-- \/ Yoast SEO plugin. -->","yoast_head_json":{"title":"V\u00e4st f\u00f6r sprintl\u00f6pning - Mekulo SE","robots":{"index":"index","follow":"follow","max-snippet":"max-snippet:-1","max-image-preview":"max-image-preview:large","max-video-preview":"max-video-preview:-1"},"canonical":"https:\/\/mekulo.com\/se\/produkt\/vast-for-sprintlopning\/","og_locale":"sv_SE","og_type":"article","og_title":"V\u00e4st f\u00f6r sprintl\u00f6pning - Mekulo SE","og_description":"\ud83c\udfc3\u200d\u2640\ufe0fDenna sprintv\u00e4st \u00e4r en l\u00e4ttviktig l\u00f6parv\u00e4st som \u00e4r utformad f\u00f6r att h\u00e5lla din telefon, nycklar och sm\u00e5 f\u00f6rem\u00e5l s\u00e4kra medan du r\u00f6r dig. \ud83c\udfbdDen sitter n\u00e4ra kroppen, f\u00f6rblir stabil under l\u00f6prundor och f\u00f6rb\u00e4ttrar s\u00e4kerheten med reflekterande detaljer, vilket g\u00f6r den idealisk f\u00f6r daglig jogging, l\u00e5nga l\u00f6prundor och utomhustr\u00e4ning. \ud83d\udc5fDetta g\u00f6r att du kan springa handsfree och fokusera helt p\u00e5 din prestation.","og_url":"https:\/\/mekulo.com\/se\/produkt\/vast-for-sprintlopning\/","og_site_name":"Mekulo SE","article_modified_time":"2026-01-26T21:59:41+00:00","og_image":[{"width":1600,"height":1600,"url":"https:\/\/mekulo.com\/se\/wp-content\/uploads\/sites\/11\/2026\/01\/xcsrndr-1.webp","type":"image\/webp"}],"twitter_card":"summary_large_image","twitter_misc":{"Ber\u00e4knad l\u00e4stid":"2 minuter"},"schema":{"@context":"https:\/\/schema.org","@graph":[{"@type":"WebPage","@id":"https:\/\/mekulo.com\/se\/produkt\/vast-for-sprintlopning\/","url":"https:\/\/mekulo.com\/se\/produkt\/vast-for-sprintlopning\/","name":"V\u00e4st f\u00f6r sprintl\u00f6pning - Mekulo SE","isPartOf":{"@id":"https:\/\/mekulo.com\/se\/#website"},"primaryImageOfPage":{"@id":"https:\/\/mekulo.com\/se\/produkt\/vast-for-sprintlopning\/#primaryimage"},"image":{"@id":"https:\/\/mekulo.com\/se\/produkt\/vast-for-sprintlopning\/#primaryimage"},"thumbnailUrl":"https:\/\/mekulo.com\/se\/wp-content\/uploads\/sites\/11\/2026\/01\/xcsrndr-1.webp","datePublished":"2026-01-22T14:34:33+00:00","dateModified":"2026-01-26T21:59:41+00:00","breadcrumb":{"@id":"https:\/\/mekulo.com\/se\/produkt\/vast-for-sprintlopning\/#breadcrumb"},"inLanguage":"sv-SE","potentialAction":[{"@type":"ReadAction","target":["https:\/\/mekulo.com\/se\/produkt\/vast-for-sprintlopning\/"]}]},{"@type":"ImageObject","inLanguage":"sv-SE","@id":"https:\/\/mekulo.com\/se\/produkt\/vast-for-sprintlopning\/#primaryimage","url":"https:\/\/mekulo.com\/se\/wp-content\/uploads\/sites\/11\/2026\/01\/xcsrndr-1.webp","contentUrl":"https:\/\/mekulo.com\/se\/wp-content\/uploads\/sites\/11\/2026\/01\/xcsrndr-1.webp","width":1600,"height":1600},{"@type":"BreadcrumbList","@id":"https:\/\/mekulo.com\/se\/produkt\/vast-for-sprintlopning\/#breadcrumb","itemListElement":[{"@type":"ListItem","position":1,"name":"Home","item":"https:\/\/mekulo.com\/se\/"},{"@type":"ListItem","position":2,"name":"Butik","item":"https:\/\/mekulo.com\/se\/butik\/"},{"@type":"ListItem","position":3,"name":"V\u00e4st f\u00f6r sprintl\u00f6pning"}]},{"@type":"WebSite","@id":"https:\/\/mekulo.com\/se\/#website","url":"https:\/\/mekulo.com\/se\/","name":"Mekulo SE","description":"","publisher":{"@id":"https:\/\/mekulo.com\/se\/#organization"},"potentialAction":[{"@type":"SearchAction","target":{"@type":"EntryPoint","urlTemplate":"https:\/\/mekulo.com\/se\/?s={search_term_string}"},"query-input":{"@type":"PropertyValueSpecification","valueRequired":true,"valueName":"search_term_string"}}],"inLanguage":"sv-SE"},{"@type":"Organization","@id":"https:\/\/mekulo.com\/se\/#organization","name":"Mekulo","url":"https:\/\/mekulo.com\/se\/","logo":{"@type":"ImageObject","inLanguage":"sv-SE","@id":"https:\/\/mekulo.com\/se\/#\/schema\/logo\/image\/","url":"https:\/\/mekulo.com\/se\/wp-content\/uploads\/sites\/11\/2025\/12\/favicon_mekulo.png","contentUrl":"https:\/\/mekulo.com\/se\/wp-content\/uploads\/sites\/11\/2025\/12\/favicon_mekulo.png","width":50,"height":50,"caption":"Mekulo"},"image":{"@id":"https:\/\/mekulo.com\/se\/#\/schema\/logo\/image\/"}}]}},"_links":{"self":[{"href":"https:\/\/mekulo.com\/se\/wp-json\/wp\/v2\/product\/18256","targetHints":{"allow":["GET"]}}],"collection":[{"href":"https:\/\/mekulo.com\/se\/wp-json\/wp\/v2\/product"}],"about":[{"href":"https:\/\/mekulo.com\/se\/wp-json\/wp\/v2\/types\/product"}],"replies":[{"embeddable":true,"href":"https:\/\/mekulo.com\/se\/wp-json\/wp\/v2\/comments?post=18256"}],"wp:featuredmedia":[{"embeddable":true,"href":"https:\/\/mekulo.com\/se\/wp-json\/wp\/v2\/media\/18252"}],"wp:attachment":[{"href":"https:\/\/mekulo.com\/se\/wp-json\/wp\/v2\/media?parent=18256"}],"wp:term":[{"taxonomy":"product_brand","embeddable":true,"href":"https:\/\/mekulo.com\/se\/wp-json\/wp\/v2\/product_brand?post=18256"},{"taxonomy":"product_cat","embeddable":true,"href":"https:\/\/mekulo.com\/se\/wp-json\/wp\/v2\/product_cat?post=18256"},{"taxonomy":"product_tag","embeddable":true,"href":"https:\/\/mekulo.com\/se\/wp-json\/wp\/v2\/product_tag?post=18256"}],"curies":[{"name":"wp","href":"https:\/\/api.w.org\/{rel}","templated":true}]}}