{"id":18234,"date":"2026-01-22T16:32:33","date_gmt":"2026-01-22T14:32:33","guid":{"rendered":"https:\/\/mekulo.com\/se\/produkt\/set-med-tillfalliga-tatueringspennor\/"},"modified":"2026-01-26T23:56:43","modified_gmt":"2026-01-26T21:56:43","slug":"set-med-tillfalliga-tatueringspennor","status":"publish","type":"product","link":"https:\/\/mekulo.com\/se\/produkt\/set-med-tillfalliga-tatueringspennor\/","title":{"rendered":"Set med tillf\u00e4lliga tatueringspennor"},"content":{"rendered":"<p style=\"text-align: center;\" data-start=\"0\" data-end=\"68\"><strong data-start=\"0\" data-end=\"68\">Skapa f\u00e4rgglada tillf\u00e4lliga tatueringar och m\u00f6nster n\u00e4r som helst och var som helst. \ud83c\udf08<\/strong><\/p>\n<p data-start=\"0\" data-end=\"68\"><img fetchpriority=\"high\" decoding=\"async\" class=\"size-full wp-image-20890 aligncenter\" src=\"https:\/\/mekulo.com\/template\/wp-content\/uploads\/sites\/6\/2026\/01\/f73b57f5-1a6f-4afc-be5c-4170b70f79d6.webp\" alt=\"\" width=\"1000\" height=\"500\" \/><\/p>\n<h2 style=\"text-align: center;\" data-start=\"343\" data-end=\"363\">Huvudf\u00f6rdelar \ud83c\udfa8<\/h2>\n<p data-start=\"366\" data-end=\"435\">\ud83c\udf08 Flera f\u00e4rgalternativ &#8211; V\u00e4lj mellan 10, 15, 30 livfulla f\u00e4rger.<\/p>\n<p data-start=\"438\" data-end=\"512\">\ud83d\udd8c\ufe0f Flexibel borstspets &#8211; Rita fina linjer och detaljerade m\u00f6nster enkelt.<\/p>\n<p data-start=\"515\" data-end=\"580\">\ud83e\uddf4 Huds\u00e4ker formel &#8211; Tillverkad med ingredienser av kosmetisk kvalitet.<\/p>\n<p data-start=\"583\" data-end=\"648\">\ud83c\udfad Fleranv\u00e4ndningsdesign &#8211; Fungerar som tatueringsmark\u00f6r och ansiktsf\u00e4rg.<\/p>\n<p data-start=\"651\" data-end=\"720\">\ud83d\udca7 Vattent\u00e4t &amp; svettbest\u00e4ndig &#8211; Varar i flera dagar utan att blekna.<\/p>\n<p data-start=\"723\" data-end=\"792\">\u267b\ufe0f \u00c5teranv\u00e4ndbar design &#8211; Avtagbar f\u00f6r enkelt byte av bl\u00e4ckp\u00e5fyllning.<\/p>\n<p data-start=\"723\" data-end=\"792\"><img decoding=\"async\" class=\" wp-image-20888 aligncenter\" src=\"https:\/\/mekulo.com\/template\/wp-content\/uploads\/sites\/6\/2026\/01\/eb25e7ca-32e8-4f03-b518-32a425b10412.webp\" alt=\"\" width=\"754\" height=\"501\" \/><\/p>\n<h2 style=\"text-align: center;\" data-start=\"799\" data-end=\"813\">Hur man anv\u00e4nder \ud83d\udccc<\/h2>\n<ol data-start=\"814\" data-end=\"1071\">\n<li data-start=\"814\" data-end=\"847\">\n<p data-start=\"817\" data-end=\"847\">Reng\u00f6r och torka hudomr\u00e5det.<\/p>\n<\/li>\n<li data-start=\"848\" data-end=\"888\">\n<p data-start=\"851\" data-end=\"888\">Skaka mark\u00f6ren f\u00f6rsiktigt f\u00f6re anv\u00e4ndning.<\/p>\n<\/li>\n<li data-start=\"889\" data-end=\"932\">\n<p data-start=\"892\" data-end=\"932\">Rita din design direkt p\u00e5 huden.<\/p>\n<\/li>\n<li data-start=\"933\" data-end=\"972\">\n<p data-start=\"936\" data-end=\"972\">L\u00e5t bl\u00e4cket torka i n\u00e5gra sekunder.<\/p>\n<\/li>\n<li data-start=\"973\" data-end=\"1018\">\n<p data-start=\"976\" data-end=\"1018\">Njut av din tillf\u00e4lliga tatuering eller ansiktskonst.<\/p>\n<\/li>\n<li data-start=\"1019\" data-end=\"1071\">\n<p data-start=\"1022\" data-end=\"1071\">Ta bort med varmt vatten eller alkohol n\u00e4r s\u00e5 \u00f6nskas.<\/p>\n<\/li>\n<\/ol>\n<h2 style=\"text-align: center;\" data-start=\"1078\" data-end=\"1097\">Produktdetaljer \ud83d\udccf<\/h2>\n<ul data-start=\"1098\" data-end=\"1426\">\n<li data-start=\"1144\" data-end=\"1187\">\n<p data-start=\"1146\" data-end=\"1187\">Bl\u00e4ck typ: Kosmetisk kvalitet, huds\u00e4kert bl\u00e4ck<\/p>\n<\/li>\n<li data-start=\"1188\" data-end=\"1220\">\n<p data-start=\"1190\" data-end=\"1220\">Typ av spets: Flexibel borstspets<\/p>\n<\/li>\n<li data-start=\"1263\" data-end=\"1314\">\n<p data-start=\"1265\" data-end=\"1314\">Funktioner: Vattent\u00e4t, svettbest\u00e4ndig, \u00e5teranv\u00e4ndbar<\/p>\n<\/li>\n<li data-start=\"1315\" data-end=\"1352\">\n<p data-start=\"1317\" data-end=\"1352\">L\u00e4mplig f\u00f6r: Barn, ton\u00e5ringar, vuxna<\/p>\n<\/li>\n<li data-start=\"1353\" data-end=\"1426\">\n<p data-start=\"1355\" data-end=\"1426\">Anv\u00e4ndningsomr\u00e5den: Tillf\u00e4lliga tatueringar, ansiktsf\u00e4rg, cosplay, fester, Halloween<\/p>\n<\/li>\n<\/ul>\n<h2 style=\"text-align: center;\" data-start=\"1433\" data-end=\"1453\">Paketet inneh\u00e5ller \ud83d\udce6<\/h2>\n<ul data-start=\"1454\" data-end=\"1489\" data-is-last-node=\"\" data-is-only-node=\"\">\n<li data-start=\"1454\" data-end=\"1489\" data-is-last-node=\"\">\n<p data-start=\"1456\" data-end=\"1489\" data-is-last-node=\"\">10, 15, 30x f\u00e4rg tillf\u00e4lliga tatueringsmark\u00f6rer<\/p>\n<\/li>\n<li data-start=\"1454\" data-end=\"1489\" data-is-last-node=\"\">5, 18x stenciler.<\/li>\n<\/ul>\n","protected":false},"excerpt":{"rendered":"<p>\ud83e\udd8bMed denna upps\u00e4ttning tillf\u00e4lliga tatueringspennor kan du rita roliga, detaljerade m\u00f6nster direkt p\u00e5 huden med ljust bl\u00e4ck av kosmetisk kvalitet.<br \/>\n\ud83d\udd8c\ufe0fIt \u00e4r s\u00e4kert, l\u00e4tt att anv\u00e4nda och perfekt f\u00f6r fester, festivaler, ansiktsm\u00e5lning och kreativa dr\u00e4kter utan att beh\u00f6va binda dig till permanenta tatueringar.<br \/>\n\ud83c\udfadDu kan uttrycka din stil fritt och \u00e4ndra m\u00f6nster n\u00e4r du vill.<\/p>\n<p>f\u00e4rgerna du f\u00e5r \u00e4r precis som p\u00e5 bilderna.<\/p>\n","protected":false},"featured_media":18230,"comment_status":"open","ping_status":"closed","template":"","meta":{"site-sidebar-layout":"default","site-content-layout":"","ast-site-content-layout":"default","site-content-style":"default","site-sidebar-style":"default","ast-global-header-display":"","ast-banner-title-visibility":"","ast-main-header-display":"","ast-hfb-above-header-display":"","ast-hfb-below-header-display":"","ast-hfb-mobile-header-display":"","site-post-title":"","ast-breadcrumbs-content":"","ast-featured-img":"","footer-sml-layout":"","theme-transparent-header-meta":"default","adv-header-id-meta":"","stick-header-meta":"","header-above-stick-meta":"","header-main-stick-meta":"","header-below-stick-meta":"","astra-migrate-meta-layouts":"set","ast-page-background-enabled":"default","ast-page-background-meta":{"desktop":{"background-color":"var(--ast-global-color-5)","background-image":"","background-repeat":"repeat","background-position":"center center","background-size":"auto","background-attachment":"scroll","background-type":"","background-media":"","overlay-type":"","overlay-color":"","overlay-opacity":"","overlay-gradient":""},"tablet":{"background-color":"","background-image":"","background-repeat":"repeat","background-position":"center center","background-size":"auto","background-attachment":"scroll","background-type":"","background-media":"","overlay-type":"","overlay-color":"","overlay-opacity":"","overlay-gradient":""},"mobile":{"background-color":"","background-image":"","background-repeat":"repeat","background-position":"center center","background-size":"auto","background-attachment":"scroll","background-type":"","background-media":"","overlay-type":"","overlay-color":"","overlay-opacity":"","overlay-gradient":""}},"ast-content-background-meta":{"desktop":{"background-color":"var(--ast-global-color-4)","background-image":"","background-repeat":"repeat","background-position":"center center","background-size":"auto","background-attachment":"scroll","background-type":"","background-media":"","overlay-type":"","overlay-color":"","overlay-opacity":"","overlay-gradient":""},"tablet":{"background-color":"var(--ast-global-color-4)","background-image":"","background-repeat":"repeat","background-position":"center center","background-size":"auto","background-attachment":"scroll","background-type":"","background-media":"","overlay-type":"","overlay-color":"","overlay-opacity":"","overlay-gradient":""},"mobile":{"background-color":"var(--ast-global-color-4)","background-image":"","background-repeat":"repeat","background-position":"center center","background-size":"auto","background-attachment":"scroll","background-type":"","background-media":"","overlay-type":"","overlay-color":"","overlay-opacity":"","overlay-gradient":""}}},"product_brand":[],"product_cat":[172],"product_tag":[],"class_list":{"0":"post-18234","1":"product","2":"type-product","3":"status-publish","4":"has-post-thumbnail","6":"product_cat-leksaker-barn-och-babyprodukter","7":"pa_50212_jaq4gvcl-18-st","8":"pa_50212_jaq4gvcl-5-st","9":"pa_50212_x22bdp5c-10-markorer","10":"pa_50212_x22bdp5c-15-markorer","11":"pa_50212_x22bdp5c-30-markorer","12":"desktop-align-left","13":"tablet-align-left","14":"mobile-align-left","16":"first","17":"instock","18":"shipping-taxable","19":"purchasable","20":"product-type-variable","21":"has-default-attributes"},"yoast_head":"<!-- This site is optimized with the Yoast SEO plugin v26.6 - https:\/\/yoast.com\/wordpress\/plugins\/seo\/ -->\n<title>Set med tillf\u00e4lliga tatueringspennor - Mekulo SE<\/title>\n<meta name=\"robots\" content=\"index, follow, max-snippet:-1, max-image-preview:large, max-video-preview:-1\" \/>\n<link rel=\"canonical\" href=\"https:\/\/mekulo.com\/se\/produkt\/set-med-tillfalliga-tatueringspennor\/\" \/>\n<meta property=\"og:locale\" content=\"sv_SE\" \/>\n<meta property=\"og:type\" content=\"article\" \/>\n<meta property=\"og:title\" content=\"Set med tillf\u00e4lliga tatueringspennor - Mekulo SE\" \/>\n<meta property=\"og:description\" content=\"\ud83e\udd8bMed denna upps\u00e4ttning tillf\u00e4lliga tatueringspennor kan du rita roliga, detaljerade m\u00f6nster direkt p\u00e5 huden med ljust bl\u00e4ck av kosmetisk kvalitet. \ud83d\udd8c\ufe0fIt \u00e4r s\u00e4kert, l\u00e4tt att anv\u00e4nda och perfekt f\u00f6r fester, festivaler, ansiktsm\u00e5lning och kreativa dr\u00e4kter utan att beh\u00f6va binda dig till permanenta tatueringar. \ud83c\udfadDu kan uttrycka din stil fritt och \u00e4ndra m\u00f6nster n\u00e4r du vill.  f\u00e4rgerna du f\u00e5r \u00e4r precis som p\u00e5 bilderna.\" \/>\n<meta property=\"og:url\" content=\"https:\/\/mekulo.com\/se\/produkt\/set-med-tillfalliga-tatueringspennor\/\" \/>\n<meta property=\"og:site_name\" content=\"Mekulo SE\" \/>\n<meta property=\"article:modified_time\" content=\"2026-01-26T21:56:43+00:00\" \/>\n<meta property=\"og:image\" content=\"https:\/\/mekulo.com\/se\/wp-content\/uploads\/sites\/11\/2026\/01\/mz6qi27-1.jpg\" \/>\n\t<meta property=\"og:image:width\" content=\"1080\" \/>\n\t<meta property=\"og:image:height\" content=\"1080\" \/>\n\t<meta property=\"og:image:type\" content=\"image\/jpeg\" \/>\n<meta name=\"twitter:card\" content=\"summary_large_image\" \/>\n<meta name=\"twitter:label1\" content=\"Ber\u00e4knad l\u00e4stid\" \/>\n\t<meta name=\"twitter:data1\" content=\"2 minuter\" \/>\n<script type=\"application\/ld+json\" class=\"yoast-schema-graph\">{\"@context\":\"https:\/\/schema.org\",\"@graph\":[{\"@type\":\"WebPage\",\"@id\":\"https:\/\/mekulo.com\/se\/produkt\/set-med-tillfalliga-tatueringspennor\/\",\"url\":\"https:\/\/mekulo.com\/se\/produkt\/set-med-tillfalliga-tatueringspennor\/\",\"name\":\"Set med tillf\u00e4lliga tatueringspennor - Mekulo SE\",\"isPartOf\":{\"@id\":\"https:\/\/mekulo.com\/se\/#website\"},\"primaryImageOfPage\":{\"@id\":\"https:\/\/mekulo.com\/se\/produkt\/set-med-tillfalliga-tatueringspennor\/#primaryimage\"},\"image\":{\"@id\":\"https:\/\/mekulo.com\/se\/produkt\/set-med-tillfalliga-tatueringspennor\/#primaryimage\"},\"thumbnailUrl\":\"https:\/\/mekulo.com\/se\/wp-content\/uploads\/sites\/11\/2026\/01\/mz6qi27-1.jpg\",\"datePublished\":\"2026-01-22T14:32:33+00:00\",\"dateModified\":\"2026-01-26T21:56:43+00:00\",\"breadcrumb\":{\"@id\":\"https:\/\/mekulo.com\/se\/produkt\/set-med-tillfalliga-tatueringspennor\/#breadcrumb\"},\"inLanguage\":\"sv-SE\",\"potentialAction\":[{\"@type\":\"ReadAction\",\"target\":[\"https:\/\/mekulo.com\/se\/produkt\/set-med-tillfalliga-tatueringspennor\/\"]}]},{\"@type\":\"ImageObject\",\"inLanguage\":\"sv-SE\",\"@id\":\"https:\/\/mekulo.com\/se\/produkt\/set-med-tillfalliga-tatueringspennor\/#primaryimage\",\"url\":\"https:\/\/mekulo.com\/se\/wp-content\/uploads\/sites\/11\/2026\/01\/mz6qi27-1.jpg\",\"contentUrl\":\"https:\/\/mekulo.com\/se\/wp-content\/uploads\/sites\/11\/2026\/01\/mz6qi27-1.jpg\",\"width\":1080,\"height\":1080},{\"@type\":\"BreadcrumbList\",\"@id\":\"https:\/\/mekulo.com\/se\/produkt\/set-med-tillfalliga-tatueringspennor\/#breadcrumb\",\"itemListElement\":[{\"@type\":\"ListItem\",\"position\":1,\"name\":\"Home\",\"item\":\"https:\/\/mekulo.com\/se\/\"},{\"@type\":\"ListItem\",\"position\":2,\"name\":\"Butik\",\"item\":\"https:\/\/mekulo.com\/se\/butik\/\"},{\"@type\":\"ListItem\",\"position\":3,\"name\":\"Set med tillf\u00e4lliga tatueringspennor\"}]},{\"@type\":\"WebSite\",\"@id\":\"https:\/\/mekulo.com\/se\/#website\",\"url\":\"https:\/\/mekulo.com\/se\/\",\"name\":\"Mekulo SE\",\"description\":\"\",\"publisher\":{\"@id\":\"https:\/\/mekulo.com\/se\/#organization\"},\"potentialAction\":[{\"@type\":\"SearchAction\",\"target\":{\"@type\":\"EntryPoint\",\"urlTemplate\":\"https:\/\/mekulo.com\/se\/?s={search_term_string}\"},\"query-input\":{\"@type\":\"PropertyValueSpecification\",\"valueRequired\":true,\"valueName\":\"search_term_string\"}}],\"inLanguage\":\"sv-SE\"},{\"@type\":\"Organization\",\"@id\":\"https:\/\/mekulo.com\/se\/#organization\",\"name\":\"Mekulo\",\"url\":\"https:\/\/mekulo.com\/se\/\",\"logo\":{\"@type\":\"ImageObject\",\"inLanguage\":\"sv-SE\",\"@id\":\"https:\/\/mekulo.com\/se\/#\/schema\/logo\/image\/\",\"url\":\"https:\/\/mekulo.com\/se\/wp-content\/uploads\/sites\/11\/2025\/12\/favicon_mekulo.png\",\"contentUrl\":\"https:\/\/mekulo.com\/se\/wp-content\/uploads\/sites\/11\/2025\/12\/favicon_mekulo.png\",\"width\":50,\"height\":50,\"caption\":\"Mekulo\"},\"image\":{\"@id\":\"https:\/\/mekulo.com\/se\/#\/schema\/logo\/image\/\"}}]}<\/script>\n<!-- \/ Yoast SEO plugin. -->","yoast_head_json":{"title":"Set med tillf\u00e4lliga tatueringspennor - Mekulo SE","robots":{"index":"index","follow":"follow","max-snippet":"max-snippet:-1","max-image-preview":"max-image-preview:large","max-video-preview":"max-video-preview:-1"},"canonical":"https:\/\/mekulo.com\/se\/produkt\/set-med-tillfalliga-tatueringspennor\/","og_locale":"sv_SE","og_type":"article","og_title":"Set med tillf\u00e4lliga tatueringspennor - Mekulo SE","og_description":"\ud83e\udd8bMed denna upps\u00e4ttning tillf\u00e4lliga tatueringspennor kan du rita roliga, detaljerade m\u00f6nster direkt p\u00e5 huden med ljust bl\u00e4ck av kosmetisk kvalitet. \ud83d\udd8c\ufe0fIt \u00e4r s\u00e4kert, l\u00e4tt att anv\u00e4nda och perfekt f\u00f6r fester, festivaler, ansiktsm\u00e5lning och kreativa dr\u00e4kter utan att beh\u00f6va binda dig till permanenta tatueringar. \ud83c\udfadDu kan uttrycka din stil fritt och \u00e4ndra m\u00f6nster n\u00e4r du vill.  f\u00e4rgerna du f\u00e5r \u00e4r precis som p\u00e5 bilderna.","og_url":"https:\/\/mekulo.com\/se\/produkt\/set-med-tillfalliga-tatueringspennor\/","og_site_name":"Mekulo SE","article_modified_time":"2026-01-26T21:56:43+00:00","og_image":[{"width":1080,"height":1080,"url":"https:\/\/mekulo.com\/se\/wp-content\/uploads\/sites\/11\/2026\/01\/mz6qi27-1.jpg","type":"image\/jpeg"}],"twitter_card":"summary_large_image","twitter_misc":{"Ber\u00e4knad l\u00e4stid":"2 minuter"},"schema":{"@context":"https:\/\/schema.org","@graph":[{"@type":"WebPage","@id":"https:\/\/mekulo.com\/se\/produkt\/set-med-tillfalliga-tatueringspennor\/","url":"https:\/\/mekulo.com\/se\/produkt\/set-med-tillfalliga-tatueringspennor\/","name":"Set med tillf\u00e4lliga tatueringspennor - Mekulo SE","isPartOf":{"@id":"https:\/\/mekulo.com\/se\/#website"},"primaryImageOfPage":{"@id":"https:\/\/mekulo.com\/se\/produkt\/set-med-tillfalliga-tatueringspennor\/#primaryimage"},"image":{"@id":"https:\/\/mekulo.com\/se\/produkt\/set-med-tillfalliga-tatueringspennor\/#primaryimage"},"thumbnailUrl":"https:\/\/mekulo.com\/se\/wp-content\/uploads\/sites\/11\/2026\/01\/mz6qi27-1.jpg","datePublished":"2026-01-22T14:32:33+00:00","dateModified":"2026-01-26T21:56:43+00:00","breadcrumb":{"@id":"https:\/\/mekulo.com\/se\/produkt\/set-med-tillfalliga-tatueringspennor\/#breadcrumb"},"inLanguage":"sv-SE","potentialAction":[{"@type":"ReadAction","target":["https:\/\/mekulo.com\/se\/produkt\/set-med-tillfalliga-tatueringspennor\/"]}]},{"@type":"ImageObject","inLanguage":"sv-SE","@id":"https:\/\/mekulo.com\/se\/produkt\/set-med-tillfalliga-tatueringspennor\/#primaryimage","url":"https:\/\/mekulo.com\/se\/wp-content\/uploads\/sites\/11\/2026\/01\/mz6qi27-1.jpg","contentUrl":"https:\/\/mekulo.com\/se\/wp-content\/uploads\/sites\/11\/2026\/01\/mz6qi27-1.jpg","width":1080,"height":1080},{"@type":"BreadcrumbList","@id":"https:\/\/mekulo.com\/se\/produkt\/set-med-tillfalliga-tatueringspennor\/#breadcrumb","itemListElement":[{"@type":"ListItem","position":1,"name":"Home","item":"https:\/\/mekulo.com\/se\/"},{"@type":"ListItem","position":2,"name":"Butik","item":"https:\/\/mekulo.com\/se\/butik\/"},{"@type":"ListItem","position":3,"name":"Set med tillf\u00e4lliga tatueringspennor"}]},{"@type":"WebSite","@id":"https:\/\/mekulo.com\/se\/#website","url":"https:\/\/mekulo.com\/se\/","name":"Mekulo SE","description":"","publisher":{"@id":"https:\/\/mekulo.com\/se\/#organization"},"potentialAction":[{"@type":"SearchAction","target":{"@type":"EntryPoint","urlTemplate":"https:\/\/mekulo.com\/se\/?s={search_term_string}"},"query-input":{"@type":"PropertyValueSpecification","valueRequired":true,"valueName":"search_term_string"}}],"inLanguage":"sv-SE"},{"@type":"Organization","@id":"https:\/\/mekulo.com\/se\/#organization","name":"Mekulo","url":"https:\/\/mekulo.com\/se\/","logo":{"@type":"ImageObject","inLanguage":"sv-SE","@id":"https:\/\/mekulo.com\/se\/#\/schema\/logo\/image\/","url":"https:\/\/mekulo.com\/se\/wp-content\/uploads\/sites\/11\/2025\/12\/favicon_mekulo.png","contentUrl":"https:\/\/mekulo.com\/se\/wp-content\/uploads\/sites\/11\/2025\/12\/favicon_mekulo.png","width":50,"height":50,"caption":"Mekulo"},"image":{"@id":"https:\/\/mekulo.com\/se\/#\/schema\/logo\/image\/"}}]}},"_links":{"self":[{"href":"https:\/\/mekulo.com\/se\/wp-json\/wp\/v2\/product\/18234","targetHints":{"allow":["GET"]}}],"collection":[{"href":"https:\/\/mekulo.com\/se\/wp-json\/wp\/v2\/product"}],"about":[{"href":"https:\/\/mekulo.com\/se\/wp-json\/wp\/v2\/types\/product"}],"replies":[{"embeddable":true,"href":"https:\/\/mekulo.com\/se\/wp-json\/wp\/v2\/comments?post=18234"}],"wp:featuredmedia":[{"embeddable":true,"href":"https:\/\/mekulo.com\/se\/wp-json\/wp\/v2\/media\/18230"}],"wp:attachment":[{"href":"https:\/\/mekulo.com\/se\/wp-json\/wp\/v2\/media?parent=18234"}],"wp:term":[{"taxonomy":"product_brand","embeddable":true,"href":"https:\/\/mekulo.com\/se\/wp-json\/wp\/v2\/product_brand?post=18234"},{"taxonomy":"product_cat","embeddable":true,"href":"https:\/\/mekulo.com\/se\/wp-json\/wp\/v2\/product_cat?post=18234"},{"taxonomy":"product_tag","embeddable":true,"href":"https:\/\/mekulo.com\/se\/wp-json\/wp\/v2\/product_tag?post=18234"}],"curies":[{"name":"wp","href":"https:\/\/api.w.org\/{rel}","templated":true}]}}