{"id":18223,"date":"2026-01-22T16:30:59","date_gmt":"2026-01-22T14:30:59","guid":{"rendered":"https:\/\/mekulo.com\/se\/produkt\/motstandstranare-for-brost-och-rygg\/"},"modified":"2026-01-26T23:52:16","modified_gmt":"2026-01-26T21:52:16","slug":"motstandstranare-for-brost-och-rygg","status":"publish","type":"product","link":"https:\/\/mekulo.com\/se\/produkt\/motstandstranare-for-brost-och-rygg\/","title":{"rendered":"Motst\u00e5ndstr\u00e4nare f\u00f6r br\u00f6st och rygg"},"content":{"rendered":"<p style=\"text-align: center;\" data-start=\"0\" data-end=\"77\"><strong data-start=\"0\" data-end=\"77\">Tr\u00e4na br\u00f6st, armar och rygg hemma med ett enkelt motst\u00e5ndsverktyg. \ud83d\udcaa<\/strong><\/p>\n<p data-start=\"0\" data-end=\"77\"><img fetchpriority=\"high\" decoding=\"async\" class=\"size-full wp-image-20881 aligncenter\" src=\"https:\/\/mekulo.com\/template\/wp-content\/uploads\/sites\/6\/2026\/01\/1-8.jpeg\" alt=\"\" width=\"800\" height=\"800\" \/><\/p>\n<h2 style=\"text-align: center;\" data-start=\"338\" data-end=\"358\">Huvudf\u00f6rdelar \ud83d\udcaa<\/h2>\n<p data-start=\"361\" data-end=\"436\">\ud83c\udfcb\ufe0f Fullst\u00e4ndig \u00f6verkroppstr\u00e4ning &#8211; Tr\u00e4nar armar, br\u00f6st, axlar och rygg.<\/p>\n<p data-start=\"439\" data-end=\"513\">\ud83d\udd27 Justerbart motst\u00e5nd &#8211; V\u00e4lj din styrkeniv\u00e5 n\u00e4r du f\u00f6rb\u00e4ttrar dig.<\/p>\n<p data-start=\"516\" data-end=\"599\">\ud83d\udd29 Stark st\u00e5lkonstruktion &#8211; Stabila fj\u00e4drar f\u00f6r smidig, kontrollerad r\u00f6relse.<\/p>\n<p data-start=\"602\" data-end=\"672\">\u270b Halkfria handtag &#8211; Bekv\u00e4mt och s\u00e4kert grepp under tr\u00e4ning.<\/p>\n<p data-start=\"675\" data-end=\"740\">\ud83c\udf92 B\u00e4rbar &amp; avtagbar &#8211; L\u00e4tt att b\u00e4ra och f\u00f6rvara var som helst.<\/p>\n<p data-start=\"743\" data-end=\"809\">\ud83e\udea2 Hopprep ing\u00e5r &#8211; Boosta konditionstr\u00e4ningen och br\u00e4nn extra kalorier.<\/p>\n<p data-start=\"743\" data-end=\"809\"><img decoding=\"async\" class=\"size-full wp-image-20883 aligncenter\" src=\"https:\/\/mekulo.com\/template\/wp-content\/uploads\/sites\/6\/2026\/01\/5-5.jpeg\" alt=\"\" width=\"800\" height=\"800\" \/><\/p>\n<h2 style=\"text-align: center;\" data-start=\"816\" data-end=\"830\">Hur man anv\u00e4nder \ud83d\udccc<\/h2>\n<ol data-start=\"831\" data-end=\"1123\">\n<li data-start=\"831\" data-end=\"884\">\n<p data-start=\"834\" data-end=\"884\">Montera motst\u00e5ndstr\u00e4naren om den \u00e4r is\u00e4rmonterad.<\/p>\n<\/li>\n<li data-start=\"885\" data-end=\"927\">\n<p data-start=\"888\" data-end=\"927\">V\u00e4lj \u00f6nskad motst\u00e5ndsniv\u00e5.<\/p>\n<\/li>\n<li data-start=\"928\" data-end=\"966\">\n<p data-start=\"931\" data-end=\"966\">H\u00e5ll de halkfria handtagen stadigt.<\/p>\n<\/li>\n<li data-start=\"967\" data-end=\"1022\">\n<p data-start=\"970\" data-end=\"1022\">Tryck eller dra i tr\u00e4naren f\u00f6r att aktivera fj\u00e4drarna.<\/p>\n<\/li>\n<li data-start=\"1023\" data-end=\"1068\">\n<p data-start=\"1026\" data-end=\"1068\">Utf\u00f6r l\u00e5ngsamma och kontrollerade repetitioner.<\/p>\n<\/li>\n<li data-start=\"1069\" data-end=\"1123\">\n<p data-start=\"1072\" data-end=\"1123\">Anv\u00e4nd hopprepet f\u00f6r uppv\u00e4rmning eller konditionstr\u00e4ning.<\/p>\n<\/li>\n<\/ol>\n<h2 style=\"text-align: center;\" data-start=\"1130\" data-end=\"1149\">Produktdetaljer \ud83d\udccf<\/h2>\n<ul data-start=\"1150\" data-end=\"1445\">\n<li data-start=\"1202\" data-end=\"1262\">\n<p data-start=\"1204\" data-end=\"1262\">Material: J\u00e4rnk\u00e4rnr\u00f6r, st\u00e5lfj\u00e4der, NBR-skumhandtag<\/p>\n<\/li>\n<li data-start=\"1202\" data-end=\"1262\">\n<p data-start=\"1204\" data-end=\"1262\">F\u00e4rg: Svart med bl\u00e5 detaljer<\/p>\n<\/li>\n<li data-start=\"1202\" data-end=\"1262\">\n<p data-start=\"1204\" data-end=\"1262\">Vikt: 1,5 kg<\/p>\n<\/li>\n<li data-start=\"1308\" data-end=\"1332\">\n<p data-start=\"1310\" data-end=\"1332\">Storlek: 17,5 x 66,5 cm<\/p>\n<\/li>\n<li data-start=\"1333\" data-end=\"1377\">\n<p data-start=\"1335\" data-end=\"1377\">Motst\u00e5ndsniv\u00e5er: 20 kg \/ 30 kg \/ 40 kg<\/p>\n<\/li>\n<li data-start=\"1378\" data-end=\"1413\">\n<p data-start=\"1380\" data-end=\"1413\">Design: Avtagbar och b\u00e4rbar<\/p>\n<\/li>\n<li data-start=\"1414\" data-end=\"1445\">\n<p data-start=\"1416\" data-end=\"1445\">Grepp: Halkfria skumhandtag<\/p>\n<\/li>\n<\/ul>\n<h2 style=\"text-align: center;\" data-start=\"1452\" data-end=\"1472\">Paketet inneh\u00e5ller \ud83d\udce6<\/h2>\n<ul data-start=\"1473\" data-end=\"1552\" data-is-last-node=\"\" data-is-only-node=\"\">\n<li data-start=\"1473\" data-end=\"1517\">\n<p data-start=\"1475\" data-end=\"1517\">1x motst\u00e5ndstr\u00e4nare f\u00f6r br\u00f6st och rygg.<\/p>\n<\/li>\n<\/ul>\n","protected":false},"excerpt":{"rendered":"<p>\ud83c\udfcb\ufe0f\u200d\u2642\ufe0fDetta motst\u00e5ndstr\u00e4nare f\u00f6r br\u00f6st och rygg \u00e4r utformad f\u00f6r effektiv tr\u00e4ning av \u00f6verkroppen utan skrymmande gymutrustning.<br \/>\n\ud83d\udcaaDen anv\u00e4nder justerbart fj\u00e4dermotst\u00e5nd f\u00f6r att st\u00e4rka armar, br\u00f6st, axlar och rygg, vilket g\u00f6r den idealisk f\u00f6r tr\u00e4ning hemma, p\u00e5 resan eller utomhus.<br \/>\n\ud83e\udea2Den kompakta designen g\u00f6r att du kan h\u00e5lla dig konsekvent med dina tr\u00e4ningspass n\u00e4r som helst och var som helst.<\/p>\n","protected":false},"featured_media":18219,"comment_status":"open","ping_status":"closed","template":"","meta":{"site-sidebar-layout":"default","site-content-layout":"","ast-site-content-layout":"default","site-content-style":"default","site-sidebar-style":"default","ast-global-header-display":"","ast-banner-title-visibility":"","ast-main-header-display":"","ast-hfb-above-header-display":"","ast-hfb-below-header-display":"","ast-hfb-mobile-header-display":"","site-post-title":"","ast-breadcrumbs-content":"","ast-featured-img":"","footer-sml-layout":"","theme-transparent-header-meta":"default","adv-header-id-meta":"","stick-header-meta":"","header-above-stick-meta":"","header-main-stick-meta":"","header-below-stick-meta":"","astra-migrate-meta-layouts":"set","ast-page-background-enabled":"default","ast-page-background-meta":{"desktop":{"background-color":"var(--ast-global-color-5)","background-image":"","background-repeat":"repeat","background-position":"center center","background-size":"auto","background-attachment":"scroll","background-type":"","background-media":"","overlay-type":"","overlay-color":"","overlay-opacity":"","overlay-gradient":""},"tablet":{"background-color":"","background-image":"","background-repeat":"repeat","background-position":"center center","background-size":"auto","background-attachment":"scroll","background-type":"","background-media":"","overlay-type":"","overlay-color":"","overlay-opacity":"","overlay-gradient":""},"mobile":{"background-color":"","background-image":"","background-repeat":"repeat","background-position":"center center","background-size":"auto","background-attachment":"scroll","background-type":"","background-media":"","overlay-type":"","overlay-color":"","overlay-opacity":"","overlay-gradient":""}},"ast-content-background-meta":{"desktop":{"background-color":"var(--ast-global-color-4)","background-image":"","background-repeat":"repeat","background-position":"center center","background-size":"auto","background-attachment":"scroll","background-type":"","background-media":"","overlay-type":"","overlay-color":"","overlay-opacity":"","overlay-gradient":""},"tablet":{"background-color":"var(--ast-global-color-4)","background-image":"","background-repeat":"repeat","background-position":"center center","background-size":"auto","background-attachment":"scroll","background-type":"","background-media":"","overlay-type":"","overlay-color":"","overlay-opacity":"","overlay-gradient":""},"mobile":{"background-color":"var(--ast-global-color-4)","background-image":"","background-repeat":"repeat","background-position":"center center","background-size":"auto","background-attachment":"scroll","background-type":"","background-media":"","overlay-type":"","overlay-color":"","overlay-opacity":"","overlay-gradient":""}}},"product_brand":[],"product_cat":[15],"product_tag":[],"class_list":{"0":"post-18223","1":"product","2":"type-product","3":"status-publish","4":"has-post-thumbnail","6":"product_cat-uncategorized","7":"desktop-align-left","8":"tablet-align-left","9":"mobile-align-left","11":"first","12":"instock","13":"shipping-taxable","14":"purchasable","15":"product-type-simple"},"yoast_head":"<!-- This site is optimized with the Yoast SEO plugin v26.6 - https:\/\/yoast.com\/wordpress\/plugins\/seo\/ -->\n<title>Motst\u00e5ndstr\u00e4nare f\u00f6r br\u00f6st och rygg - Mekulo SE<\/title>\n<meta name=\"robots\" content=\"index, follow, max-snippet:-1, max-image-preview:large, max-video-preview:-1\" \/>\n<link rel=\"canonical\" href=\"https:\/\/mekulo.com\/se\/produkt\/motstandstranare-for-brost-och-rygg\/\" \/>\n<meta property=\"og:locale\" content=\"sv_SE\" \/>\n<meta property=\"og:type\" content=\"article\" \/>\n<meta property=\"og:title\" content=\"Motst\u00e5ndstr\u00e4nare f\u00f6r br\u00f6st och rygg - Mekulo SE\" \/>\n<meta property=\"og:description\" content=\"\ud83c\udfcb\ufe0f\u200d\u2642\ufe0fDetta motst\u00e5ndstr\u00e4nare f\u00f6r br\u00f6st och rygg \u00e4r utformad f\u00f6r effektiv tr\u00e4ning av \u00f6verkroppen utan skrymmande gymutrustning. \ud83d\udcaaDen anv\u00e4nder justerbart fj\u00e4dermotst\u00e5nd f\u00f6r att st\u00e4rka armar, br\u00f6st, axlar och rygg, vilket g\u00f6r den idealisk f\u00f6r tr\u00e4ning hemma, p\u00e5 resan eller utomhus. \ud83e\udea2Den kompakta designen g\u00f6r att du kan h\u00e5lla dig konsekvent med dina tr\u00e4ningspass n\u00e4r som helst och var som helst.\" \/>\n<meta property=\"og:url\" content=\"https:\/\/mekulo.com\/se\/produkt\/motstandstranare-for-brost-och-rygg\/\" \/>\n<meta property=\"og:site_name\" content=\"Mekulo SE\" \/>\n<meta property=\"article:modified_time\" content=\"2026-01-26T21:52:16+00:00\" \/>\n<meta property=\"og:image\" content=\"https:\/\/mekulo.com\/se\/wp-content\/uploads\/sites\/11\/2026\/01\/uaqc2p1-1.jpeg\" \/>\n\t<meta property=\"og:image:width\" content=\"800\" \/>\n\t<meta property=\"og:image:height\" content=\"800\" \/>\n\t<meta property=\"og:image:type\" content=\"image\/jpeg\" \/>\n<meta name=\"twitter:card\" content=\"summary_large_image\" \/>\n<meta name=\"twitter:label1\" content=\"Ber\u00e4knad l\u00e4stid\" \/>\n\t<meta name=\"twitter:data1\" content=\"2 minuter\" \/>\n<script type=\"application\/ld+json\" class=\"yoast-schema-graph\">{\"@context\":\"https:\/\/schema.org\",\"@graph\":[{\"@type\":\"WebPage\",\"@id\":\"https:\/\/mekulo.com\/se\/produkt\/motstandstranare-for-brost-och-rygg\/\",\"url\":\"https:\/\/mekulo.com\/se\/produkt\/motstandstranare-for-brost-och-rygg\/\",\"name\":\"Motst\u00e5ndstr\u00e4nare f\u00f6r br\u00f6st och rygg - Mekulo SE\",\"isPartOf\":{\"@id\":\"https:\/\/mekulo.com\/se\/#website\"},\"primaryImageOfPage\":{\"@id\":\"https:\/\/mekulo.com\/se\/produkt\/motstandstranare-for-brost-och-rygg\/#primaryimage\"},\"image\":{\"@id\":\"https:\/\/mekulo.com\/se\/produkt\/motstandstranare-for-brost-och-rygg\/#primaryimage\"},\"thumbnailUrl\":\"https:\/\/mekulo.com\/se\/wp-content\/uploads\/sites\/11\/2026\/01\/uaqc2p1-1.jpeg\",\"datePublished\":\"2026-01-22T14:30:59+00:00\",\"dateModified\":\"2026-01-26T21:52:16+00:00\",\"breadcrumb\":{\"@id\":\"https:\/\/mekulo.com\/se\/produkt\/motstandstranare-for-brost-och-rygg\/#breadcrumb\"},\"inLanguage\":\"sv-SE\",\"potentialAction\":[{\"@type\":\"ReadAction\",\"target\":[\"https:\/\/mekulo.com\/se\/produkt\/motstandstranare-for-brost-och-rygg\/\"]}]},{\"@type\":\"ImageObject\",\"inLanguage\":\"sv-SE\",\"@id\":\"https:\/\/mekulo.com\/se\/produkt\/motstandstranare-for-brost-och-rygg\/#primaryimage\",\"url\":\"https:\/\/mekulo.com\/se\/wp-content\/uploads\/sites\/11\/2026\/01\/uaqc2p1-1.jpeg\",\"contentUrl\":\"https:\/\/mekulo.com\/se\/wp-content\/uploads\/sites\/11\/2026\/01\/uaqc2p1-1.jpeg\",\"width\":800,\"height\":800},{\"@type\":\"BreadcrumbList\",\"@id\":\"https:\/\/mekulo.com\/se\/produkt\/motstandstranare-for-brost-och-rygg\/#breadcrumb\",\"itemListElement\":[{\"@type\":\"ListItem\",\"position\":1,\"name\":\"Home\",\"item\":\"https:\/\/mekulo.com\/se\/\"},{\"@type\":\"ListItem\",\"position\":2,\"name\":\"Butik\",\"item\":\"https:\/\/mekulo.com\/se\/butik\/\"},{\"@type\":\"ListItem\",\"position\":3,\"name\":\"Motst\u00e5ndstr\u00e4nare f\u00f6r br\u00f6st och rygg\"}]},{\"@type\":\"WebSite\",\"@id\":\"https:\/\/mekulo.com\/se\/#website\",\"url\":\"https:\/\/mekulo.com\/se\/\",\"name\":\"Mekulo SE\",\"description\":\"\",\"publisher\":{\"@id\":\"https:\/\/mekulo.com\/se\/#organization\"},\"potentialAction\":[{\"@type\":\"SearchAction\",\"target\":{\"@type\":\"EntryPoint\",\"urlTemplate\":\"https:\/\/mekulo.com\/se\/?s={search_term_string}\"},\"query-input\":{\"@type\":\"PropertyValueSpecification\",\"valueRequired\":true,\"valueName\":\"search_term_string\"}}],\"inLanguage\":\"sv-SE\"},{\"@type\":\"Organization\",\"@id\":\"https:\/\/mekulo.com\/se\/#organization\",\"name\":\"Mekulo\",\"url\":\"https:\/\/mekulo.com\/se\/\",\"logo\":{\"@type\":\"ImageObject\",\"inLanguage\":\"sv-SE\",\"@id\":\"https:\/\/mekulo.com\/se\/#\/schema\/logo\/image\/\",\"url\":\"https:\/\/mekulo.com\/se\/wp-content\/uploads\/sites\/11\/2025\/12\/favicon_mekulo.png\",\"contentUrl\":\"https:\/\/mekulo.com\/se\/wp-content\/uploads\/sites\/11\/2025\/12\/favicon_mekulo.png\",\"width\":50,\"height\":50,\"caption\":\"Mekulo\"},\"image\":{\"@id\":\"https:\/\/mekulo.com\/se\/#\/schema\/logo\/image\/\"}}]}<\/script>\n<!-- \/ Yoast SEO plugin. -->","yoast_head_json":{"title":"Motst\u00e5ndstr\u00e4nare f\u00f6r br\u00f6st och rygg - Mekulo SE","robots":{"index":"index","follow":"follow","max-snippet":"max-snippet:-1","max-image-preview":"max-image-preview:large","max-video-preview":"max-video-preview:-1"},"canonical":"https:\/\/mekulo.com\/se\/produkt\/motstandstranare-for-brost-och-rygg\/","og_locale":"sv_SE","og_type":"article","og_title":"Motst\u00e5ndstr\u00e4nare f\u00f6r br\u00f6st och rygg - Mekulo SE","og_description":"\ud83c\udfcb\ufe0f\u200d\u2642\ufe0fDetta motst\u00e5ndstr\u00e4nare f\u00f6r br\u00f6st och rygg \u00e4r utformad f\u00f6r effektiv tr\u00e4ning av \u00f6verkroppen utan skrymmande gymutrustning. \ud83d\udcaaDen anv\u00e4nder justerbart fj\u00e4dermotst\u00e5nd f\u00f6r att st\u00e4rka armar, br\u00f6st, axlar och rygg, vilket g\u00f6r den idealisk f\u00f6r tr\u00e4ning hemma, p\u00e5 resan eller utomhus. \ud83e\udea2Den kompakta designen g\u00f6r att du kan h\u00e5lla dig konsekvent med dina tr\u00e4ningspass n\u00e4r som helst och var som helst.","og_url":"https:\/\/mekulo.com\/se\/produkt\/motstandstranare-for-brost-och-rygg\/","og_site_name":"Mekulo SE","article_modified_time":"2026-01-26T21:52:16+00:00","og_image":[{"width":800,"height":800,"url":"https:\/\/mekulo.com\/se\/wp-content\/uploads\/sites\/11\/2026\/01\/uaqc2p1-1.jpeg","type":"image\/jpeg"}],"twitter_card":"summary_large_image","twitter_misc":{"Ber\u00e4knad l\u00e4stid":"2 minuter"},"schema":{"@context":"https:\/\/schema.org","@graph":[{"@type":"WebPage","@id":"https:\/\/mekulo.com\/se\/produkt\/motstandstranare-for-brost-och-rygg\/","url":"https:\/\/mekulo.com\/se\/produkt\/motstandstranare-for-brost-och-rygg\/","name":"Motst\u00e5ndstr\u00e4nare f\u00f6r br\u00f6st och rygg - Mekulo SE","isPartOf":{"@id":"https:\/\/mekulo.com\/se\/#website"},"primaryImageOfPage":{"@id":"https:\/\/mekulo.com\/se\/produkt\/motstandstranare-for-brost-och-rygg\/#primaryimage"},"image":{"@id":"https:\/\/mekulo.com\/se\/produkt\/motstandstranare-for-brost-och-rygg\/#primaryimage"},"thumbnailUrl":"https:\/\/mekulo.com\/se\/wp-content\/uploads\/sites\/11\/2026\/01\/uaqc2p1-1.jpeg","datePublished":"2026-01-22T14:30:59+00:00","dateModified":"2026-01-26T21:52:16+00:00","breadcrumb":{"@id":"https:\/\/mekulo.com\/se\/produkt\/motstandstranare-for-brost-och-rygg\/#breadcrumb"},"inLanguage":"sv-SE","potentialAction":[{"@type":"ReadAction","target":["https:\/\/mekulo.com\/se\/produkt\/motstandstranare-for-brost-och-rygg\/"]}]},{"@type":"ImageObject","inLanguage":"sv-SE","@id":"https:\/\/mekulo.com\/se\/produkt\/motstandstranare-for-brost-och-rygg\/#primaryimage","url":"https:\/\/mekulo.com\/se\/wp-content\/uploads\/sites\/11\/2026\/01\/uaqc2p1-1.jpeg","contentUrl":"https:\/\/mekulo.com\/se\/wp-content\/uploads\/sites\/11\/2026\/01\/uaqc2p1-1.jpeg","width":800,"height":800},{"@type":"BreadcrumbList","@id":"https:\/\/mekulo.com\/se\/produkt\/motstandstranare-for-brost-och-rygg\/#breadcrumb","itemListElement":[{"@type":"ListItem","position":1,"name":"Home","item":"https:\/\/mekulo.com\/se\/"},{"@type":"ListItem","position":2,"name":"Butik","item":"https:\/\/mekulo.com\/se\/butik\/"},{"@type":"ListItem","position":3,"name":"Motst\u00e5ndstr\u00e4nare f\u00f6r br\u00f6st och rygg"}]},{"@type":"WebSite","@id":"https:\/\/mekulo.com\/se\/#website","url":"https:\/\/mekulo.com\/se\/","name":"Mekulo SE","description":"","publisher":{"@id":"https:\/\/mekulo.com\/se\/#organization"},"potentialAction":[{"@type":"SearchAction","target":{"@type":"EntryPoint","urlTemplate":"https:\/\/mekulo.com\/se\/?s={search_term_string}"},"query-input":{"@type":"PropertyValueSpecification","valueRequired":true,"valueName":"search_term_string"}}],"inLanguage":"sv-SE"},{"@type":"Organization","@id":"https:\/\/mekulo.com\/se\/#organization","name":"Mekulo","url":"https:\/\/mekulo.com\/se\/","logo":{"@type":"ImageObject","inLanguage":"sv-SE","@id":"https:\/\/mekulo.com\/se\/#\/schema\/logo\/image\/","url":"https:\/\/mekulo.com\/se\/wp-content\/uploads\/sites\/11\/2025\/12\/favicon_mekulo.png","contentUrl":"https:\/\/mekulo.com\/se\/wp-content\/uploads\/sites\/11\/2025\/12\/favicon_mekulo.png","width":50,"height":50,"caption":"Mekulo"},"image":{"@id":"https:\/\/mekulo.com\/se\/#\/schema\/logo\/image\/"}}]}},"_links":{"self":[{"href":"https:\/\/mekulo.com\/se\/wp-json\/wp\/v2\/product\/18223","targetHints":{"allow":["GET"]}}],"collection":[{"href":"https:\/\/mekulo.com\/se\/wp-json\/wp\/v2\/product"}],"about":[{"href":"https:\/\/mekulo.com\/se\/wp-json\/wp\/v2\/types\/product"}],"replies":[{"embeddable":true,"href":"https:\/\/mekulo.com\/se\/wp-json\/wp\/v2\/comments?post=18223"}],"wp:featuredmedia":[{"embeddable":true,"href":"https:\/\/mekulo.com\/se\/wp-json\/wp\/v2\/media\/18219"}],"wp:attachment":[{"href":"https:\/\/mekulo.com\/se\/wp-json\/wp\/v2\/media?parent=18223"}],"wp:term":[{"taxonomy":"product_brand","embeddable":true,"href":"https:\/\/mekulo.com\/se\/wp-json\/wp\/v2\/product_brand?post=18223"},{"taxonomy":"product_cat","embeddable":true,"href":"https:\/\/mekulo.com\/se\/wp-json\/wp\/v2\/product_cat?post=18223"},{"taxonomy":"product_tag","embeddable":true,"href":"https:\/\/mekulo.com\/se\/wp-json\/wp\/v2\/product_tag?post=18223"}],"curies":[{"name":"wp","href":"https:\/\/api.w.org\/{rel}","templated":true}]}}