{"id":18144,"date":"2026-01-20T21:15:47","date_gmt":"2026-01-20T19:15:47","guid":{"rendered":"https:\/\/mekulo.com\/se\/produkt\/multifunktionell-gronsaksskalare-2-st\/"},"modified":"2026-01-21T14:58:53","modified_gmt":"2026-01-21T12:58:53","slug":"multifunktionell-gronsaksskalare-2-st","status":"publish","type":"product","link":"https:\/\/mekulo.com\/se\/produkt\/multifunktionell-gronsaksskalare-2-st\/","title":{"rendered":"Multifunktionell gr\u00f6nsaksskalare (2 st)"},"content":{"rendered":"<p style=\"text-align: center;\" data-start=\"0\" data-end=\"63\"><strong data-start=\"0\" data-end=\"63\">Skala, skiva och \u00f6ppna flaskor med ett enkelt k\u00f6ksverktyg. \ud83d\udd2a<\/strong><\/p>\n<p data-start=\"0\" data-end=\"63\"><img fetchpriority=\"high\" decoding=\"async\" class=\"size-full wp-image-20793 aligncenter\" src=\"https:\/\/mekulo.com\/template\/wp-content\/uploads\/sites\/6\/2026\/01\/S9a3c8793d95a46b2bdf28ddbba325707j.jpg_960x960q75.jpg_.avif\" alt=\"\" width=\"812\" height=\"812\" \/><\/p>\n<h2 style=\"text-align: center;\" data-start=\"314\" data-end=\"334\">Huvudsakliga f\u00f6rdelar\ud83e\udd55<\/h2>\n<p data-start=\"337\" data-end=\"401\">\ud83d\udd2a Multifunktionell design &#8211; skalar, skivar och \u00f6ppnar flaskor.<\/p>\n<p data-start=\"404\" data-end=\"479\">\ud83e\udd52 Skarpt blad i rostfritt st\u00e5l &#8211; sl\u00e4t, tunn skalning med mindre avfall.<\/p>\n<p data-start=\"482\" data-end=\"559\">\ud83c\udf4e Fungerar p\u00e5 m\u00e5nga livsmedel &#8211; potatis, mor\u00f6tter, gurkor, \u00e4pplen med mera.<\/p>\n<p data-start=\"562\" data-end=\"621\">\u270b Bekv\u00e4mt tr\u00e4handtag &#8211; naturligt, halkfritt grepp.<\/p>\n<p data-start=\"624\" data-end=\"691\">\u23f1\ufe0f Sparar tid och anstr\u00e4ngning &#8211; snabbare och enklare matlagning.<\/p>\n<p data-start=\"694\" data-end=\"756\">\ud83c\udfe0 Vardagligt k\u00f6ksredskap &#8211; Perfekt f\u00f6r matlagning i hemmet.<\/p>\n<p data-start=\"694\" data-end=\"756\"><img decoding=\"async\" class=\"size-full wp-image-20794 aligncenter\" src=\"https:\/\/mekulo.com\/template\/wp-content\/uploads\/sites\/6\/2026\/01\/Se06814b68933467ba1440b4bf625df645.jpg_960x960q75.jpg_.avif\" alt=\"\" width=\"812\" height=\"812\" \/><\/p>\n<h2 style=\"text-align: center;\" data-start=\"763\" data-end=\"777\">Anv\u00e4ndning \ud83d\udccc<\/h2>\n<ol data-start=\"778\" data-end=\"1065\">\n<li data-start=\"778\" data-end=\"820\">\n<p data-start=\"781\" data-end=\"820\">H\u00e5ll skalaren i tr\u00e4handtaget.<\/p>\n<\/li>\n<li data-start=\"821\" data-end=\"878\">\n<p data-start=\"824\" data-end=\"878\">Placera bladet mot gr\u00f6nsakens eller fruktens skal.<\/p>\n<\/li>\n<li data-start=\"879\" data-end=\"931\">\n<p data-start=\"882\" data-end=\"931\">Dra skalaren mjukt f\u00f6r att ta bort tunna lager.<\/p>\n<\/li>\n<li data-start=\"932\" data-end=\"983\">\n<p data-start=\"935\" data-end=\"983\">Anv\u00e4nd skivkanten f\u00f6r snabba snitt vid behov.<\/p>\n<\/li>\n<li data-start=\"984\" data-end=\"1035\">\n<p data-start=\"987\" data-end=\"1035\">Anv\u00e4nd den inbyggda metall\u00f6ppnaren f\u00f6r att \u00f6ppna flaskor.<\/p>\n<\/li>\n<li data-start=\"1036\" data-end=\"1065\">\n<p data-start=\"1039\" data-end=\"1065\">Sk\u00f6lj och torka efter anv\u00e4ndning.<\/p>\n<\/li>\n<\/ol>\n<h2 style=\"text-align: center;\" data-start=\"1072\" data-end=\"1091\">Produktdetaljer \ud83d\udccf<\/h2>\n<ul data-start=\"1092\" data-end=\"1395\">\n<li data-start=\"1137\" data-end=\"1187\">\n<p data-start=\"1139\" data-end=\"1187\">Material: Blad i rostfritt st\u00e5l, handtag i tr\u00e4<\/p>\n<\/li>\n<li data-start=\"1188\" data-end=\"1234\">\n<p data-start=\"1190\" data-end=\"1234\">Storlek: Cirka 19 x 4 cm<\/p>\n<\/li>\n<li data-start=\"1235\" data-end=\"1282\">\n<p data-start=\"1237\" data-end=\"1282\">Funktioner: Skala, sk\u00e4ra, flask\u00f6ppning<\/p>\n<\/li>\n<li data-start=\"1283\" data-end=\"1342\">\n<p data-start=\"1285\" data-end=\"1342\">Handtagets design: Ergonomisk, halkskyddad, naturlig tr\u00e4\u00e5dring<\/p>\n<\/li>\n<li data-start=\"1343\" data-end=\"1395\">\n<p data-start=\"1345\" data-end=\"1395\">L\u00e4mplig f\u00f6r: Frukt och gr\u00f6nsaker av alla typer<\/p>\n<\/li>\n<\/ul>\n<h2 style=\"text-align: center;\" data-start=\"1402\" data-end=\"1422\">F\u00f6rpackningen inneh\u00e5ller \ud83d\udce6<\/h2>\n<ul data-start=\"1423\" data-end=\"1474\" data-is-last-node=\"\" data-is-only-node=\"\">\n<li data-start=\"1423\" data-end=\"1474\" data-is-last-node=\"\">\n<p data-start=\"1425\" data-end=\"1474\" data-is-last-node=\"\">2x multifunktionella gr\u00f6nsaksskalare.<\/p>\n<\/li>\n<\/ul>\n","protected":false},"excerpt":{"rendered":"<p>\ud83e\uded1Den h\u00e4r multifunktionella gr\u00f6nsaksskalaren \u00e4r utformad f\u00f6r att g\u00f6ra den dagliga matlagningen snabbare och enklare.<br \/>\n\ud83d\udc69\u200d\ud83c\udf73Den kombinerar skalning, skivning och flask\u00f6ppning i ett kompakt verktyg, vilket hj\u00e4lper dig att spara tid, minska r\u00f6ran och arbeta mer effektivt i k\u00f6ket.<br \/>\n\ud83d\udd2aDet vassa bladet i rostfritt st\u00e5l och det bekv\u00e4ma tr\u00e4handtaget g\u00f6r det enkelt att anv\u00e4nda f\u00f6r b\u00e5de snabba m\u00e5ltider och detaljerade matlagningsuppgifter.<\/p>\n","protected":false},"featured_media":18141,"comment_status":"open","ping_status":"closed","template":"","meta":{"site-sidebar-layout":"default","site-content-layout":"","ast-site-content-layout":"default","site-content-style":"default","site-sidebar-style":"default","ast-global-header-display":"","ast-banner-title-visibility":"","ast-main-header-display":"","ast-hfb-above-header-display":"","ast-hfb-below-header-display":"","ast-hfb-mobile-header-display":"","site-post-title":"","ast-breadcrumbs-content":"","ast-featured-img":"","footer-sml-layout":"","theme-transparent-header-meta":"default","adv-header-id-meta":"","stick-header-meta":"","header-above-stick-meta":"","header-main-stick-meta":"","header-below-stick-meta":"","astra-migrate-meta-layouts":"set","ast-page-background-enabled":"default","ast-page-background-meta":{"desktop":{"background-color":"var(--ast-global-color-5)","background-image":"","background-repeat":"repeat","background-position":"center center","background-size":"auto","background-attachment":"scroll","background-type":"","background-media":"","overlay-type":"","overlay-color":"","overlay-opacity":"","overlay-gradient":""},"tablet":{"background-color":"","background-image":"","background-repeat":"repeat","background-position":"center center","background-size":"auto","background-attachment":"scroll","background-type":"","background-media":"","overlay-type":"","overlay-color":"","overlay-opacity":"","overlay-gradient":""},"mobile":{"background-color":"","background-image":"","background-repeat":"repeat","background-position":"center center","background-size":"auto","background-attachment":"scroll","background-type":"","background-media":"","overlay-type":"","overlay-color":"","overlay-opacity":"","overlay-gradient":""}},"ast-content-background-meta":{"desktop":{"background-color":"var(--ast-global-color-4)","background-image":"","background-repeat":"repeat","background-position":"center center","background-size":"auto","background-attachment":"scroll","background-type":"","background-media":"","overlay-type":"","overlay-color":"","overlay-opacity":"","overlay-gradient":""},"tablet":{"background-color":"var(--ast-global-color-4)","background-image":"","background-repeat":"repeat","background-position":"center center","background-size":"auto","background-attachment":"scroll","background-type":"","background-media":"","overlay-type":"","overlay-color":"","overlay-opacity":"","overlay-gradient":""},"mobile":{"background-color":"var(--ast-global-color-4)","background-image":"","background-repeat":"repeat","background-position":"center center","background-size":"auto","background-attachment":"scroll","background-type":"","background-media":"","overlay-type":"","overlay-color":"","overlay-opacity":"","overlay-gradient":""}}},"product_brand":[],"product_cat":[168],"product_tag":[],"class_list":{"0":"post-18144","1":"product","2":"type-product","3":"status-publish","4":"has-post-thumbnail","6":"product_cat-hushallsartiklar","7":"desktop-align-left","8":"tablet-align-left","9":"mobile-align-left","11":"first","12":"instock","13":"shipping-taxable","14":"purchasable","15":"product-type-simple"},"yoast_head":"<!-- This site is optimized with the Yoast SEO plugin v26.6 - https:\/\/yoast.com\/wordpress\/plugins\/seo\/ -->\n<title>Multifunktionell gr\u00f6nsaksskalare (2 st) - Mekulo SE<\/title>\n<meta name=\"robots\" content=\"index, follow, max-snippet:-1, max-image-preview:large, max-video-preview:-1\" \/>\n<link rel=\"canonical\" href=\"https:\/\/mekulo.com\/se\/produkt\/multifunktionell-gronsaksskalare-2-st\/\" \/>\n<meta property=\"og:locale\" content=\"sv_SE\" \/>\n<meta property=\"og:type\" content=\"article\" \/>\n<meta property=\"og:title\" content=\"Multifunktionell gr\u00f6nsaksskalare (2 st) - Mekulo SE\" \/>\n<meta property=\"og:description\" content=\"\ud83e\uded1Den h\u00e4r multifunktionella gr\u00f6nsaksskalaren \u00e4r utformad f\u00f6r att g\u00f6ra den dagliga matlagningen snabbare och enklare. \ud83d\udc69\u200d\ud83c\udf73Den kombinerar skalning, skivning och flask\u00f6ppning i ett kompakt verktyg, vilket hj\u00e4lper dig att spara tid, minska r\u00f6ran och arbeta mer effektivt i k\u00f6ket. \ud83d\udd2aDet vassa bladet i rostfritt st\u00e5l och det bekv\u00e4ma tr\u00e4handtaget g\u00f6r det enkelt att anv\u00e4nda f\u00f6r b\u00e5de snabba m\u00e5ltider och detaljerade matlagningsuppgifter.\" \/>\n<meta property=\"og:url\" content=\"https:\/\/mekulo.com\/se\/produkt\/multifunktionell-gronsaksskalare-2-st\/\" \/>\n<meta property=\"og:site_name\" content=\"Mekulo SE\" \/>\n<meta property=\"article:modified_time\" content=\"2026-01-21T12:58:53+00:00\" \/>\n<meta property=\"og:image\" content=\"https:\/\/mekulo.com\/se\/wp-content\/uploads\/sites\/11\/2026\/01\/v4mtkz0-1.jpg\" \/>\n\t<meta property=\"og:image:width\" content=\"1080\" \/>\n\t<meta property=\"og:image:height\" content=\"1080\" \/>\n\t<meta property=\"og:image:type\" content=\"image\/jpeg\" \/>\n<meta name=\"twitter:card\" content=\"summary_large_image\" \/>\n<meta name=\"twitter:label1\" content=\"Ber\u00e4knad l\u00e4stid\" \/>\n\t<meta name=\"twitter:data1\" content=\"2 minuter\" \/>\n<script type=\"application\/ld+json\" class=\"yoast-schema-graph\">{\"@context\":\"https:\/\/schema.org\",\"@graph\":[{\"@type\":\"WebPage\",\"@id\":\"https:\/\/mekulo.com\/se\/produkt\/multifunktionell-gronsaksskalare-2-st\/\",\"url\":\"https:\/\/mekulo.com\/se\/produkt\/multifunktionell-gronsaksskalare-2-st\/\",\"name\":\"Multifunktionell gr\u00f6nsaksskalare (2 st) - Mekulo SE\",\"isPartOf\":{\"@id\":\"https:\/\/mekulo.com\/se\/#website\"},\"primaryImageOfPage\":{\"@id\":\"https:\/\/mekulo.com\/se\/produkt\/multifunktionell-gronsaksskalare-2-st\/#primaryimage\"},\"image\":{\"@id\":\"https:\/\/mekulo.com\/se\/produkt\/multifunktionell-gronsaksskalare-2-st\/#primaryimage\"},\"thumbnailUrl\":\"https:\/\/mekulo.com\/se\/wp-content\/uploads\/sites\/11\/2026\/01\/v4mtkz0-1.jpg\",\"datePublished\":\"2026-01-20T19:15:47+00:00\",\"dateModified\":\"2026-01-21T12:58:53+00:00\",\"breadcrumb\":{\"@id\":\"https:\/\/mekulo.com\/se\/produkt\/multifunktionell-gronsaksskalare-2-st\/#breadcrumb\"},\"inLanguage\":\"sv-SE\",\"potentialAction\":[{\"@type\":\"ReadAction\",\"target\":[\"https:\/\/mekulo.com\/se\/produkt\/multifunktionell-gronsaksskalare-2-st\/\"]}]},{\"@type\":\"ImageObject\",\"inLanguage\":\"sv-SE\",\"@id\":\"https:\/\/mekulo.com\/se\/produkt\/multifunktionell-gronsaksskalare-2-st\/#primaryimage\",\"url\":\"https:\/\/mekulo.com\/se\/wp-content\/uploads\/sites\/11\/2026\/01\/v4mtkz0-1.jpg\",\"contentUrl\":\"https:\/\/mekulo.com\/se\/wp-content\/uploads\/sites\/11\/2026\/01\/v4mtkz0-1.jpg\",\"width\":1080,\"height\":1080},{\"@type\":\"BreadcrumbList\",\"@id\":\"https:\/\/mekulo.com\/se\/produkt\/multifunktionell-gronsaksskalare-2-st\/#breadcrumb\",\"itemListElement\":[{\"@type\":\"ListItem\",\"position\":1,\"name\":\"Home\",\"item\":\"https:\/\/mekulo.com\/se\/\"},{\"@type\":\"ListItem\",\"position\":2,\"name\":\"Butik\",\"item\":\"https:\/\/mekulo.com\/se\/butik\/\"},{\"@type\":\"ListItem\",\"position\":3,\"name\":\"Multifunktionell gr\u00f6nsaksskalare (2 st)\"}]},{\"@type\":\"WebSite\",\"@id\":\"https:\/\/mekulo.com\/se\/#website\",\"url\":\"https:\/\/mekulo.com\/se\/\",\"name\":\"Mekulo SE\",\"description\":\"\",\"publisher\":{\"@id\":\"https:\/\/mekulo.com\/se\/#organization\"},\"potentialAction\":[{\"@type\":\"SearchAction\",\"target\":{\"@type\":\"EntryPoint\",\"urlTemplate\":\"https:\/\/mekulo.com\/se\/?s={search_term_string}\"},\"query-input\":{\"@type\":\"PropertyValueSpecification\",\"valueRequired\":true,\"valueName\":\"search_term_string\"}}],\"inLanguage\":\"sv-SE\"},{\"@type\":\"Organization\",\"@id\":\"https:\/\/mekulo.com\/se\/#organization\",\"name\":\"Mekulo\",\"url\":\"https:\/\/mekulo.com\/se\/\",\"logo\":{\"@type\":\"ImageObject\",\"inLanguage\":\"sv-SE\",\"@id\":\"https:\/\/mekulo.com\/se\/#\/schema\/logo\/image\/\",\"url\":\"https:\/\/mekulo.com\/se\/wp-content\/uploads\/sites\/11\/2025\/12\/favicon_mekulo.png\",\"contentUrl\":\"https:\/\/mekulo.com\/se\/wp-content\/uploads\/sites\/11\/2025\/12\/favicon_mekulo.png\",\"width\":50,\"height\":50,\"caption\":\"Mekulo\"},\"image\":{\"@id\":\"https:\/\/mekulo.com\/se\/#\/schema\/logo\/image\/\"}}]}<\/script>\n<!-- \/ Yoast SEO plugin. -->","yoast_head_json":{"title":"Multifunktionell gr\u00f6nsaksskalare (2 st) - Mekulo SE","robots":{"index":"index","follow":"follow","max-snippet":"max-snippet:-1","max-image-preview":"max-image-preview:large","max-video-preview":"max-video-preview:-1"},"canonical":"https:\/\/mekulo.com\/se\/produkt\/multifunktionell-gronsaksskalare-2-st\/","og_locale":"sv_SE","og_type":"article","og_title":"Multifunktionell gr\u00f6nsaksskalare (2 st) - Mekulo SE","og_description":"\ud83e\uded1Den h\u00e4r multifunktionella gr\u00f6nsaksskalaren \u00e4r utformad f\u00f6r att g\u00f6ra den dagliga matlagningen snabbare och enklare. \ud83d\udc69\u200d\ud83c\udf73Den kombinerar skalning, skivning och flask\u00f6ppning i ett kompakt verktyg, vilket hj\u00e4lper dig att spara tid, minska r\u00f6ran och arbeta mer effektivt i k\u00f6ket. \ud83d\udd2aDet vassa bladet i rostfritt st\u00e5l och det bekv\u00e4ma tr\u00e4handtaget g\u00f6r det enkelt att anv\u00e4nda f\u00f6r b\u00e5de snabba m\u00e5ltider och detaljerade matlagningsuppgifter.","og_url":"https:\/\/mekulo.com\/se\/produkt\/multifunktionell-gronsaksskalare-2-st\/","og_site_name":"Mekulo SE","article_modified_time":"2026-01-21T12:58:53+00:00","og_image":[{"width":1080,"height":1080,"url":"https:\/\/mekulo.com\/se\/wp-content\/uploads\/sites\/11\/2026\/01\/v4mtkz0-1.jpg","type":"image\/jpeg"}],"twitter_card":"summary_large_image","twitter_misc":{"Ber\u00e4knad l\u00e4stid":"2 minuter"},"schema":{"@context":"https:\/\/schema.org","@graph":[{"@type":"WebPage","@id":"https:\/\/mekulo.com\/se\/produkt\/multifunktionell-gronsaksskalare-2-st\/","url":"https:\/\/mekulo.com\/se\/produkt\/multifunktionell-gronsaksskalare-2-st\/","name":"Multifunktionell gr\u00f6nsaksskalare (2 st) - Mekulo SE","isPartOf":{"@id":"https:\/\/mekulo.com\/se\/#website"},"primaryImageOfPage":{"@id":"https:\/\/mekulo.com\/se\/produkt\/multifunktionell-gronsaksskalare-2-st\/#primaryimage"},"image":{"@id":"https:\/\/mekulo.com\/se\/produkt\/multifunktionell-gronsaksskalare-2-st\/#primaryimage"},"thumbnailUrl":"https:\/\/mekulo.com\/se\/wp-content\/uploads\/sites\/11\/2026\/01\/v4mtkz0-1.jpg","datePublished":"2026-01-20T19:15:47+00:00","dateModified":"2026-01-21T12:58:53+00:00","breadcrumb":{"@id":"https:\/\/mekulo.com\/se\/produkt\/multifunktionell-gronsaksskalare-2-st\/#breadcrumb"},"inLanguage":"sv-SE","potentialAction":[{"@type":"ReadAction","target":["https:\/\/mekulo.com\/se\/produkt\/multifunktionell-gronsaksskalare-2-st\/"]}]},{"@type":"ImageObject","inLanguage":"sv-SE","@id":"https:\/\/mekulo.com\/se\/produkt\/multifunktionell-gronsaksskalare-2-st\/#primaryimage","url":"https:\/\/mekulo.com\/se\/wp-content\/uploads\/sites\/11\/2026\/01\/v4mtkz0-1.jpg","contentUrl":"https:\/\/mekulo.com\/se\/wp-content\/uploads\/sites\/11\/2026\/01\/v4mtkz0-1.jpg","width":1080,"height":1080},{"@type":"BreadcrumbList","@id":"https:\/\/mekulo.com\/se\/produkt\/multifunktionell-gronsaksskalare-2-st\/#breadcrumb","itemListElement":[{"@type":"ListItem","position":1,"name":"Home","item":"https:\/\/mekulo.com\/se\/"},{"@type":"ListItem","position":2,"name":"Butik","item":"https:\/\/mekulo.com\/se\/butik\/"},{"@type":"ListItem","position":3,"name":"Multifunktionell gr\u00f6nsaksskalare (2 st)"}]},{"@type":"WebSite","@id":"https:\/\/mekulo.com\/se\/#website","url":"https:\/\/mekulo.com\/se\/","name":"Mekulo SE","description":"","publisher":{"@id":"https:\/\/mekulo.com\/se\/#organization"},"potentialAction":[{"@type":"SearchAction","target":{"@type":"EntryPoint","urlTemplate":"https:\/\/mekulo.com\/se\/?s={search_term_string}"},"query-input":{"@type":"PropertyValueSpecification","valueRequired":true,"valueName":"search_term_string"}}],"inLanguage":"sv-SE"},{"@type":"Organization","@id":"https:\/\/mekulo.com\/se\/#organization","name":"Mekulo","url":"https:\/\/mekulo.com\/se\/","logo":{"@type":"ImageObject","inLanguage":"sv-SE","@id":"https:\/\/mekulo.com\/se\/#\/schema\/logo\/image\/","url":"https:\/\/mekulo.com\/se\/wp-content\/uploads\/sites\/11\/2025\/12\/favicon_mekulo.png","contentUrl":"https:\/\/mekulo.com\/se\/wp-content\/uploads\/sites\/11\/2025\/12\/favicon_mekulo.png","width":50,"height":50,"caption":"Mekulo"},"image":{"@id":"https:\/\/mekulo.com\/se\/#\/schema\/logo\/image\/"}}]}},"_links":{"self":[{"href":"https:\/\/mekulo.com\/se\/wp-json\/wp\/v2\/product\/18144","targetHints":{"allow":["GET"]}}],"collection":[{"href":"https:\/\/mekulo.com\/se\/wp-json\/wp\/v2\/product"}],"about":[{"href":"https:\/\/mekulo.com\/se\/wp-json\/wp\/v2\/types\/product"}],"replies":[{"embeddable":true,"href":"https:\/\/mekulo.com\/se\/wp-json\/wp\/v2\/comments?post=18144"}],"wp:featuredmedia":[{"embeddable":true,"href":"https:\/\/mekulo.com\/se\/wp-json\/wp\/v2\/media\/18141"}],"wp:attachment":[{"href":"https:\/\/mekulo.com\/se\/wp-json\/wp\/v2\/media?parent=18144"}],"wp:term":[{"taxonomy":"product_brand","embeddable":true,"href":"https:\/\/mekulo.com\/se\/wp-json\/wp\/v2\/product_brand?post=18144"},{"taxonomy":"product_cat","embeddable":true,"href":"https:\/\/mekulo.com\/se\/wp-json\/wp\/v2\/product_cat?post=18144"},{"taxonomy":"product_tag","embeddable":true,"href":"https:\/\/mekulo.com\/se\/wp-json\/wp\/v2\/product_tag?post=18144"}],"curies":[{"name":"wp","href":"https:\/\/api.w.org\/{rel}","templated":true}]}}