{"id":17985,"date":"2026-01-15T18:15:28","date_gmt":"2026-01-15T16:15:28","guid":{"rendered":"https:\/\/mekulo.com\/se\/produkt\/multifunktionell-forvaringslada-for-kylskap\/"},"modified":"2026-01-20T19:56:38","modified_gmt":"2026-01-20T17:56:38","slug":"multifunktionell-forvaringslada-for-kylskap","status":"publish","type":"product","link":"https:\/\/mekulo.com\/se\/produkt\/multifunktionell-forvaringslada-for-kylskap\/","title":{"rendered":"Multifunktionell f\u00f6rvaringsl\u00e5da f\u00f6r kylsk\u00e5p"},"content":{"rendered":"<p style=\"text-align: center;\" data-start=\"0\" data-end=\"88\"><strong data-start=\"0\" data-end=\"88\">H\u00e5ll dina frukter och gr\u00f6nsaker fr\u00e4scha, synliga och prydligt organiserade i kylsk\u00e5pet. \ud83c\udf4b<\/strong><\/p>\n<p data-start=\"0\" data-end=\"88\"><img fetchpriority=\"high\" decoding=\"async\" class=\"size-full wp-image-20809 aligncenter\" src=\"https:\/\/mekulo.com\/template\/wp-content\/uploads\/sites\/6\/2026\/01\/spp_shopify20250924141528_b6b02f8e2aa73cfd780474f7f6aebb3a.webp\" alt=\"\" width=\"800\" height=\"800\" \/><\/p>\n<h2 style=\"text-align: center;\" data-start=\"381\" data-end=\"401\"><strong>Huvudsakliga f\u00f6rdelar\ud83e\uddca<\/strong><\/h2>\n<p data-start=\"404\" data-end=\"474\">\ud83e\udd55 H\u00e5ller produkterna fr\u00e4scha &#8211; Perfekt f\u00f6r frukt, gr\u00f6nsaker och \u00f6rter.<\/p>\n<p data-start=\"477\" data-end=\"537\">\ud83d\udc40 Tydlig design &#8211; Se inneh\u00e5llet utan att \u00f6ppna l\u00e5dan.<\/p>\n<p data-start=\"540\" data-end=\"612\">\ud83d\udeaa Passar perfekt i kylsk\u00e5psd\u00f6rren &#8211; Sparar utrymme och f\u00f6rb\u00e4ttrar organisationen.<\/p>\n<p data-start=\"615\" data-end=\"674\">\ud83e\uddfc L\u00e4tt att reng\u00f6ra &#8211; Sl\u00e4t yta som snabbt torkas av.<\/p>\n<p data-start=\"677\" data-end=\"736\">\ud83d\udcaa H\u00e5llbart material &#8211; Stark PP-plast f\u00f6r daglig anv\u00e4ndning.<\/p>\n<p data-start=\"739\" data-end=\"812\">\ud83d\udce6 Flexibla f\u00f6rpackningsalternativ &#8211; V\u00e4lj den m\u00e4ngd som passar dina behov.<\/p>\n<p data-start=\"739\" data-end=\"812\"><img decoding=\"async\" class=\"size-full wp-image-20806 aligncenter\" src=\"https:\/\/mekulo.com\/template\/wp-content\/uploads\/sites\/6\/2026\/01\/S3435b2323db44eab97885b5e7322b11fV.jpg_960x960q75.jpg_.jpg\" alt=\"\" width=\"1071\" height=\"870\" \/><\/p>\n<h2 style=\"text-align: center;\" data-start=\"819\" data-end=\"833\"><strong>Anv\u00e4ndning \ud83d\udccc<\/strong><\/h2>\n<ol data-start=\"834\" data-end=\"1039\">\n<li data-start=\"834\" data-end=\"889\">\n<p data-start=\"837\" data-end=\"889\">Placera frukt eller gr\u00f6nsaker i f\u00f6rvaringsl\u00e5dan.<\/p>\n<\/li>\n<li data-start=\"890\" data-end=\"950\">\n<p data-start=\"893\" data-end=\"950\">S\u00e4tt in l\u00e5dan i sidod\u00f6rren p\u00e5 ditt kylsk\u00e5p.<\/p>\n<\/li>\n<li data-start=\"951\" data-end=\"992\">\n<p data-start=\"954\" data-end=\"992\">Ta enkelt bort f\u00f6rem\u00e5l n\u00e4r det beh\u00f6vs.<\/p>\n<\/li>\n<li data-start=\"993\" data-end=\"1039\">\n<p data-start=\"996\" data-end=\"1039\">Tv\u00e4tta eller torka av l\u00e5dan n\u00e4r det beh\u00f6vs.<\/p>\n<\/li>\n<\/ol>\n<h2 style=\"text-align: center;\" data-start=\"1046\" data-end=\"1065\"><strong>Produktdetaljer \ud83d\udccf<\/strong><\/h2>\n<ul data-start=\"1066\" data-end=\"1354\">\n<li data-start=\"1125\" data-end=\"1157\">\n<p data-start=\"1127\" data-end=\"1157\">Material: H\u00e5llbar PP-plast<\/p>\n<\/li>\n<li data-start=\"1158\" data-end=\"1180\">\n<p data-start=\"1160\" data-end=\"1180\">F\u00e4rg: Transparent<\/p>\n<\/li>\n<li data-start=\"1181\" data-end=\"1206\">\n<p data-start=\"1183\" data-end=\"1206\">Storlek: 10 x 8 x 9,5 cm<\/p>\n<\/li>\n<li data-start=\"1253\" data-end=\"1315\">\n<p data-start=\"1255\" data-end=\"1315\">Anv\u00e4ndningsomr\u00e5de: F\u00f6rvaring i kylsk\u00e5psd\u00f6rren f\u00f6r frukt och gr\u00f6nsaker<\/p>\n<\/li>\n<li data-start=\"1316\" data-end=\"1354\">\n<p data-start=\"1318\" data-end=\"1354\">Temperaturbest\u00e4ndighet: Upp till 105 \u2103<\/p>\n<\/li>\n<\/ul>\n<h2 style=\"text-align: center;\" data-start=\"1361\" data-end=\"1381\"><strong>Paketet inneh\u00e5ller \ud83d\udce6<\/strong><\/h2>\n<ul data-start=\"1382\" data-end=\"1461\" data-is-last-node=\"\" data-is-only-node=\"\">\n<li data-start=\"1382\" data-end=\"1461\" data-is-last-node=\"\">\n<p data-start=\"1384\" data-end=\"1461\" data-is-last-node=\"\">1, 3, 5, 10x multifunktionell kylsk\u00e5psf\u00f6rvaringsl\u00e5da\/er.<\/p>\n<\/li>\n<\/ul>\n","protected":false},"excerpt":{"rendered":"<p>\ud83c\udf4eDen h\u00e4r multifunktionella f\u00f6rvaringsl\u00e5dan f\u00f6r kylsk\u00e5p \u00e4r utformad f\u00f6r att passa perfekt i kylsk\u00e5psd\u00f6rren, vilket g\u00f6r det enkelt att f\u00f6rvara f\u00e4rsk frukt, gr\u00f6nsaker och \u00f6rter.<br \/>\n\ud83d\udc69\u200d\ud83c\udf73Dess transparenta design g\u00f6r att du kan se vad som finns inuti med en blick, vilket hj\u00e4lper dig att h\u00e5lla dig organiserad och minska matsvinnet i k\u00f6ket.<br \/>\n\ud83e\uded1Den kompakta storleken h\u00e5ller f\u00f6rem\u00e5l inom r\u00e4ckh\u00e5ll utan att ta upp v\u00e4rdefullt hyllutrymme.<\/p>\n","protected":false},"featured_media":17981,"comment_status":"open","ping_status":"closed","template":"","meta":{"site-sidebar-layout":"default","site-content-layout":"","ast-site-content-layout":"default","site-content-style":"default","site-sidebar-style":"default","ast-global-header-display":"","ast-banner-title-visibility":"","ast-main-header-display":"","ast-hfb-above-header-display":"","ast-hfb-below-header-display":"","ast-hfb-mobile-header-display":"","site-post-title":"","ast-breadcrumbs-content":"","ast-featured-img":"","footer-sml-layout":"","theme-transparent-header-meta":"default","adv-header-id-meta":"","stick-header-meta":"","header-above-stick-meta":"","header-main-stick-meta":"","header-below-stick-meta":"","astra-migrate-meta-layouts":"set","ast-page-background-enabled":"default","ast-page-background-meta":{"desktop":{"background-color":"var(--ast-global-color-5)","background-image":"","background-repeat":"repeat","background-position":"center center","background-size":"auto","background-attachment":"scroll","background-type":"","background-media":"","overlay-type":"","overlay-color":"","overlay-opacity":"","overlay-gradient":""},"tablet":{"background-color":"","background-image":"","background-repeat":"repeat","background-position":"center center","background-size":"auto","background-attachment":"scroll","background-type":"","background-media":"","overlay-type":"","overlay-color":"","overlay-opacity":"","overlay-gradient":""},"mobile":{"background-color":"","background-image":"","background-repeat":"repeat","background-position":"center center","background-size":"auto","background-attachment":"scroll","background-type":"","background-media":"","overlay-type":"","overlay-color":"","overlay-opacity":"","overlay-gradient":""}},"ast-content-background-meta":{"desktop":{"background-color":"var(--ast-global-color-4)","background-image":"","background-repeat":"repeat","background-position":"center center","background-size":"auto","background-attachment":"scroll","background-type":"","background-media":"","overlay-type":"","overlay-color":"","overlay-opacity":"","overlay-gradient":""},"tablet":{"background-color":"var(--ast-global-color-4)","background-image":"","background-repeat":"repeat","background-position":"center center","background-size":"auto","background-attachment":"scroll","background-type":"","background-media":"","overlay-type":"","overlay-color":"","overlay-opacity":"","overlay-gradient":""},"mobile":{"background-color":"var(--ast-global-color-4)","background-image":"","background-repeat":"repeat","background-position":"center center","background-size":"auto","background-attachment":"scroll","background-type":"","background-media":"","overlay-type":"","overlay-color":"","overlay-opacity":"","overlay-gradient":""}}},"product_brand":[],"product_cat":[168],"product_tag":[],"class_list":{"0":"post-17985","1":"product","2":"type-product","3":"status-publish","4":"has-post-thumbnail","6":"product_cat-hushallsartiklar","7":"pa_50194_1dbdwddp-1-st","8":"pa_50194_1dbdwddp-10-st","9":"pa_50194_1dbdwddp-3-st","10":"pa_50194_1dbdwddp-5-st","11":"desktop-align-left","12":"tablet-align-left","13":"mobile-align-left","15":"first","16":"instock","17":"shipping-taxable","18":"purchasable","19":"product-type-variable"},"yoast_head":"<!-- This site is optimized with the Yoast SEO plugin v26.6 - https:\/\/yoast.com\/wordpress\/plugins\/seo\/ -->\n<title>Multifunktionell f\u00f6rvaringsl\u00e5da f\u00f6r kylsk\u00e5p - Mekulo SE<\/title>\n<meta name=\"robots\" content=\"index, follow, max-snippet:-1, max-image-preview:large, max-video-preview:-1\" \/>\n<link rel=\"canonical\" href=\"https:\/\/mekulo.com\/se\/produkt\/multifunktionell-forvaringslada-for-kylskap\/\" \/>\n<meta property=\"og:locale\" content=\"sv_SE\" \/>\n<meta property=\"og:type\" content=\"article\" \/>\n<meta property=\"og:title\" content=\"Multifunktionell f\u00f6rvaringsl\u00e5da f\u00f6r kylsk\u00e5p - Mekulo SE\" \/>\n<meta property=\"og:description\" content=\"\ud83c\udf4eDen h\u00e4r multifunktionella f\u00f6rvaringsl\u00e5dan f\u00f6r kylsk\u00e5p \u00e4r utformad f\u00f6r att passa perfekt i kylsk\u00e5psd\u00f6rren, vilket g\u00f6r det enkelt att f\u00f6rvara f\u00e4rsk frukt, gr\u00f6nsaker och \u00f6rter. \ud83d\udc69\u200d\ud83c\udf73Dess transparenta design g\u00f6r att du kan se vad som finns inuti med en blick, vilket hj\u00e4lper dig att h\u00e5lla dig organiserad och minska matsvinnet i k\u00f6ket. \ud83e\uded1Den kompakta storleken h\u00e5ller f\u00f6rem\u00e5l inom r\u00e4ckh\u00e5ll utan att ta upp v\u00e4rdefullt hyllutrymme.\" \/>\n<meta property=\"og:url\" content=\"https:\/\/mekulo.com\/se\/produkt\/multifunktionell-forvaringslada-for-kylskap\/\" \/>\n<meta property=\"og:site_name\" content=\"Mekulo SE\" \/>\n<meta property=\"article:modified_time\" content=\"2026-01-20T17:56:38+00:00\" \/>\n<meta property=\"og:image\" content=\"https:\/\/mekulo.com\/se\/wp-content\/uploads\/sites\/11\/2026\/01\/xf3ruvl-1.webp\" \/>\n\t<meta property=\"og:image:width\" content=\"713\" \/>\n\t<meta property=\"og:image:height\" content=\"713\" \/>\n\t<meta property=\"og:image:type\" content=\"image\/webp\" \/>\n<meta name=\"twitter:card\" content=\"summary_large_image\" \/>\n<meta name=\"twitter:label1\" content=\"Ber\u00e4knad l\u00e4stid\" \/>\n\t<meta name=\"twitter:data1\" content=\"2 minuter\" \/>\n<script type=\"application\/ld+json\" class=\"yoast-schema-graph\">{\"@context\":\"https:\/\/schema.org\",\"@graph\":[{\"@type\":\"WebPage\",\"@id\":\"https:\/\/mekulo.com\/se\/produkt\/multifunktionell-forvaringslada-for-kylskap\/\",\"url\":\"https:\/\/mekulo.com\/se\/produkt\/multifunktionell-forvaringslada-for-kylskap\/\",\"name\":\"Multifunktionell f\u00f6rvaringsl\u00e5da f\u00f6r kylsk\u00e5p - Mekulo SE\",\"isPartOf\":{\"@id\":\"https:\/\/mekulo.com\/se\/#website\"},\"primaryImageOfPage\":{\"@id\":\"https:\/\/mekulo.com\/se\/produkt\/multifunktionell-forvaringslada-for-kylskap\/#primaryimage\"},\"image\":{\"@id\":\"https:\/\/mekulo.com\/se\/produkt\/multifunktionell-forvaringslada-for-kylskap\/#primaryimage\"},\"thumbnailUrl\":\"https:\/\/mekulo.com\/se\/wp-content\/uploads\/sites\/11\/2026\/01\/xf3ruvl-1.webp\",\"datePublished\":\"2026-01-15T16:15:28+00:00\",\"dateModified\":\"2026-01-20T17:56:38+00:00\",\"breadcrumb\":{\"@id\":\"https:\/\/mekulo.com\/se\/produkt\/multifunktionell-forvaringslada-for-kylskap\/#breadcrumb\"},\"inLanguage\":\"sv-SE\",\"potentialAction\":[{\"@type\":\"ReadAction\",\"target\":[\"https:\/\/mekulo.com\/se\/produkt\/multifunktionell-forvaringslada-for-kylskap\/\"]}]},{\"@type\":\"ImageObject\",\"inLanguage\":\"sv-SE\",\"@id\":\"https:\/\/mekulo.com\/se\/produkt\/multifunktionell-forvaringslada-for-kylskap\/#primaryimage\",\"url\":\"https:\/\/mekulo.com\/se\/wp-content\/uploads\/sites\/11\/2026\/01\/xf3ruvl-1.webp\",\"contentUrl\":\"https:\/\/mekulo.com\/se\/wp-content\/uploads\/sites\/11\/2026\/01\/xf3ruvl-1.webp\",\"width\":713,\"height\":713},{\"@type\":\"BreadcrumbList\",\"@id\":\"https:\/\/mekulo.com\/se\/produkt\/multifunktionell-forvaringslada-for-kylskap\/#breadcrumb\",\"itemListElement\":[{\"@type\":\"ListItem\",\"position\":1,\"name\":\"Home\",\"item\":\"https:\/\/mekulo.com\/se\/\"},{\"@type\":\"ListItem\",\"position\":2,\"name\":\"Butik\",\"item\":\"https:\/\/mekulo.com\/se\/butik\/\"},{\"@type\":\"ListItem\",\"position\":3,\"name\":\"Multifunktionell f\u00f6rvaringsl\u00e5da f\u00f6r kylsk\u00e5p\"}]},{\"@type\":\"WebSite\",\"@id\":\"https:\/\/mekulo.com\/se\/#website\",\"url\":\"https:\/\/mekulo.com\/se\/\",\"name\":\"Mekulo SE\",\"description\":\"\",\"publisher\":{\"@id\":\"https:\/\/mekulo.com\/se\/#organization\"},\"potentialAction\":[{\"@type\":\"SearchAction\",\"target\":{\"@type\":\"EntryPoint\",\"urlTemplate\":\"https:\/\/mekulo.com\/se\/?s={search_term_string}\"},\"query-input\":{\"@type\":\"PropertyValueSpecification\",\"valueRequired\":true,\"valueName\":\"search_term_string\"}}],\"inLanguage\":\"sv-SE\"},{\"@type\":\"Organization\",\"@id\":\"https:\/\/mekulo.com\/se\/#organization\",\"name\":\"Mekulo\",\"url\":\"https:\/\/mekulo.com\/se\/\",\"logo\":{\"@type\":\"ImageObject\",\"inLanguage\":\"sv-SE\",\"@id\":\"https:\/\/mekulo.com\/se\/#\/schema\/logo\/image\/\",\"url\":\"https:\/\/mekulo.com\/se\/wp-content\/uploads\/sites\/11\/2025\/12\/favicon_mekulo.png\",\"contentUrl\":\"https:\/\/mekulo.com\/se\/wp-content\/uploads\/sites\/11\/2025\/12\/favicon_mekulo.png\",\"width\":50,\"height\":50,\"caption\":\"Mekulo\"},\"image\":{\"@id\":\"https:\/\/mekulo.com\/se\/#\/schema\/logo\/image\/\"}}]}<\/script>\n<!-- \/ Yoast SEO plugin. -->","yoast_head_json":{"title":"Multifunktionell f\u00f6rvaringsl\u00e5da f\u00f6r kylsk\u00e5p - Mekulo SE","robots":{"index":"index","follow":"follow","max-snippet":"max-snippet:-1","max-image-preview":"max-image-preview:large","max-video-preview":"max-video-preview:-1"},"canonical":"https:\/\/mekulo.com\/se\/produkt\/multifunktionell-forvaringslada-for-kylskap\/","og_locale":"sv_SE","og_type":"article","og_title":"Multifunktionell f\u00f6rvaringsl\u00e5da f\u00f6r kylsk\u00e5p - Mekulo SE","og_description":"\ud83c\udf4eDen h\u00e4r multifunktionella f\u00f6rvaringsl\u00e5dan f\u00f6r kylsk\u00e5p \u00e4r utformad f\u00f6r att passa perfekt i kylsk\u00e5psd\u00f6rren, vilket g\u00f6r det enkelt att f\u00f6rvara f\u00e4rsk frukt, gr\u00f6nsaker och \u00f6rter. \ud83d\udc69\u200d\ud83c\udf73Dess transparenta design g\u00f6r att du kan se vad som finns inuti med en blick, vilket hj\u00e4lper dig att h\u00e5lla dig organiserad och minska matsvinnet i k\u00f6ket. \ud83e\uded1Den kompakta storleken h\u00e5ller f\u00f6rem\u00e5l inom r\u00e4ckh\u00e5ll utan att ta upp v\u00e4rdefullt hyllutrymme.","og_url":"https:\/\/mekulo.com\/se\/produkt\/multifunktionell-forvaringslada-for-kylskap\/","og_site_name":"Mekulo SE","article_modified_time":"2026-01-20T17:56:38+00:00","og_image":[{"width":713,"height":713,"url":"https:\/\/mekulo.com\/se\/wp-content\/uploads\/sites\/11\/2026\/01\/xf3ruvl-1.webp","type":"image\/webp"}],"twitter_card":"summary_large_image","twitter_misc":{"Ber\u00e4knad l\u00e4stid":"2 minuter"},"schema":{"@context":"https:\/\/schema.org","@graph":[{"@type":"WebPage","@id":"https:\/\/mekulo.com\/se\/produkt\/multifunktionell-forvaringslada-for-kylskap\/","url":"https:\/\/mekulo.com\/se\/produkt\/multifunktionell-forvaringslada-for-kylskap\/","name":"Multifunktionell f\u00f6rvaringsl\u00e5da f\u00f6r kylsk\u00e5p - Mekulo SE","isPartOf":{"@id":"https:\/\/mekulo.com\/se\/#website"},"primaryImageOfPage":{"@id":"https:\/\/mekulo.com\/se\/produkt\/multifunktionell-forvaringslada-for-kylskap\/#primaryimage"},"image":{"@id":"https:\/\/mekulo.com\/se\/produkt\/multifunktionell-forvaringslada-for-kylskap\/#primaryimage"},"thumbnailUrl":"https:\/\/mekulo.com\/se\/wp-content\/uploads\/sites\/11\/2026\/01\/xf3ruvl-1.webp","datePublished":"2026-01-15T16:15:28+00:00","dateModified":"2026-01-20T17:56:38+00:00","breadcrumb":{"@id":"https:\/\/mekulo.com\/se\/produkt\/multifunktionell-forvaringslada-for-kylskap\/#breadcrumb"},"inLanguage":"sv-SE","potentialAction":[{"@type":"ReadAction","target":["https:\/\/mekulo.com\/se\/produkt\/multifunktionell-forvaringslada-for-kylskap\/"]}]},{"@type":"ImageObject","inLanguage":"sv-SE","@id":"https:\/\/mekulo.com\/se\/produkt\/multifunktionell-forvaringslada-for-kylskap\/#primaryimage","url":"https:\/\/mekulo.com\/se\/wp-content\/uploads\/sites\/11\/2026\/01\/xf3ruvl-1.webp","contentUrl":"https:\/\/mekulo.com\/se\/wp-content\/uploads\/sites\/11\/2026\/01\/xf3ruvl-1.webp","width":713,"height":713},{"@type":"BreadcrumbList","@id":"https:\/\/mekulo.com\/se\/produkt\/multifunktionell-forvaringslada-for-kylskap\/#breadcrumb","itemListElement":[{"@type":"ListItem","position":1,"name":"Home","item":"https:\/\/mekulo.com\/se\/"},{"@type":"ListItem","position":2,"name":"Butik","item":"https:\/\/mekulo.com\/se\/butik\/"},{"@type":"ListItem","position":3,"name":"Multifunktionell f\u00f6rvaringsl\u00e5da f\u00f6r kylsk\u00e5p"}]},{"@type":"WebSite","@id":"https:\/\/mekulo.com\/se\/#website","url":"https:\/\/mekulo.com\/se\/","name":"Mekulo SE","description":"","publisher":{"@id":"https:\/\/mekulo.com\/se\/#organization"},"potentialAction":[{"@type":"SearchAction","target":{"@type":"EntryPoint","urlTemplate":"https:\/\/mekulo.com\/se\/?s={search_term_string}"},"query-input":{"@type":"PropertyValueSpecification","valueRequired":true,"valueName":"search_term_string"}}],"inLanguage":"sv-SE"},{"@type":"Organization","@id":"https:\/\/mekulo.com\/se\/#organization","name":"Mekulo","url":"https:\/\/mekulo.com\/se\/","logo":{"@type":"ImageObject","inLanguage":"sv-SE","@id":"https:\/\/mekulo.com\/se\/#\/schema\/logo\/image\/","url":"https:\/\/mekulo.com\/se\/wp-content\/uploads\/sites\/11\/2025\/12\/favicon_mekulo.png","contentUrl":"https:\/\/mekulo.com\/se\/wp-content\/uploads\/sites\/11\/2025\/12\/favicon_mekulo.png","width":50,"height":50,"caption":"Mekulo"},"image":{"@id":"https:\/\/mekulo.com\/se\/#\/schema\/logo\/image\/"}}]}},"_links":{"self":[{"href":"https:\/\/mekulo.com\/se\/wp-json\/wp\/v2\/product\/17985","targetHints":{"allow":["GET"]}}],"collection":[{"href":"https:\/\/mekulo.com\/se\/wp-json\/wp\/v2\/product"}],"about":[{"href":"https:\/\/mekulo.com\/se\/wp-json\/wp\/v2\/types\/product"}],"replies":[{"embeddable":true,"href":"https:\/\/mekulo.com\/se\/wp-json\/wp\/v2\/comments?post=17985"}],"wp:featuredmedia":[{"embeddable":true,"href":"https:\/\/mekulo.com\/se\/wp-json\/wp\/v2\/media\/17981"}],"wp:attachment":[{"href":"https:\/\/mekulo.com\/se\/wp-json\/wp\/v2\/media?parent=17985"}],"wp:term":[{"taxonomy":"product_brand","embeddable":true,"href":"https:\/\/mekulo.com\/se\/wp-json\/wp\/v2\/product_brand?post=17985"},{"taxonomy":"product_cat","embeddable":true,"href":"https:\/\/mekulo.com\/se\/wp-json\/wp\/v2\/product_cat?post=17985"},{"taxonomy":"product_tag","embeddable":true,"href":"https:\/\/mekulo.com\/se\/wp-json\/wp\/v2\/product_tag?post=17985"}],"curies":[{"name":"wp","href":"https:\/\/api.w.org\/{rel}","templated":true}]}}