{"id":17975,"date":"2026-01-15T18:14:06","date_gmt":"2026-01-15T16:14:06","guid":{"rendered":"https:\/\/mekulo.com\/se\/produkt\/magnetiskt-pussel-med-traklossar-180-st\/"},"modified":"2026-02-03T17:11:29","modified_gmt":"2026-02-03T15:11:29","slug":"magnetiskt-pussel-med-traklossar-180-st","status":"publish","type":"product","link":"https:\/\/mekulo.com\/se\/produkt\/magnetiskt-pussel-med-traklossar-180-st\/","title":{"rendered":"Magnetiskt pussel med tr\u00e4klossar (180 st)"},"content":{"rendered":"<p style=\"text-align: center;\" data-start=\"0\" data-end=\"83\"><strong data-start=\"0\" data-end=\"83\">Bygg, matcha och skapa o\u00e4ndliga m\u00f6nster med f\u00e4rgglada magnetiska tr\u00e4klossar. \ud83e\udeb5<\/strong><\/p>\n<p data-start=\"0\" data-end=\"83\"><img fetchpriority=\"high\" decoding=\"async\" class=\"size-full wp-image-20801 aligncenter\" src=\"https:\/\/mekulo.com\/template\/wp-content\/uploads\/sites\/6\/2026\/01\/4-7.jpeg\" alt=\"\" width=\"800\" height=\"800\" \/><\/p>\n<h2 style=\"text-align: center;\" data-start=\"396\" data-end=\"416\"><strong>Huvudsakliga f\u00f6rdelar\ud83e\udde9<\/strong><\/h2>\n<p data-start=\"419\" data-end=\"488\">\ud83c\udfa8 Kreativ lek med \u00f6ppna gr\u00e4nser &#8211; Bygg o\u00e4ndliga former och m\u00f6nster.<\/p>\n<p data-start=\"491\" data-end=\"562\">\ud83e\udde0 STEM-leksak &#8211; St\u00f6djer matematik, logik och rumsligt t\u00e4nkande.<\/p>\n<p data-start=\"565\" data-end=\"633\">\u270b F\u00f6rb\u00e4ttrar finmotoriken &#8211; Perfekt f\u00f6r koordination mellan hand och \u00f6ga.<\/p>\n<p data-start=\"636\" data-end=\"702\">\ud83e\uddf2 Starka magnetiska block &#8211; Bitarna sitter kvar under leken.<\/p>\n<p data-start=\"705\" data-end=\"775\">\ud83c\udf31 S\u00e4kert tr\u00e4material &#8211; J\u00e4mna kanter och barnv\u00e4nlig design.<\/p>\n<p data-start=\"778\" data-end=\"842\">\ud83c\udf92 L\u00e4tt att f\u00f6rvara och b\u00e4ra &#8211; F\u00f6rvaringsl\u00e5da i tr\u00e4 ing\u00e5r.<\/p>\n<p data-start=\"778\" data-end=\"842\"><img decoding=\"async\" class=\"size-full wp-image-20798 aligncenter\" src=\"https:\/\/mekulo.com\/template\/wp-content\/uploads\/sites\/6\/2026\/01\/1-7.jpeg\" alt=\"\" width=\"800\" height=\"800\" \/><\/p>\n<h2 style=\"text-align: center;\" data-start=\"849\" data-end=\"863\"><strong>Anv\u00e4ndning \ud83d\udccc<\/strong><\/h2>\n<ol data-start=\"864\" data-end=\"1175\">\n<li data-start=\"864\" data-end=\"897\">\n<p data-start=\"867\" data-end=\"897\">\u00d6ppna f\u00f6rvaringsl\u00e5dan i tr\u00e4.<\/p>\n<\/li>\n<li data-start=\"898\" data-end=\"959\">\n<p data-start=\"901\" data-end=\"959\">V\u00e4lj ett designkort och placera det p\u00e5 magnettavlan.<\/p>\n<\/li>\n<li data-start=\"960\" data-end=\"999\">\n<p data-start=\"963\" data-end=\"999\">V\u00e4lj matchande tr\u00e4klossar.<\/p>\n<\/li>\n<li data-start=\"1000\" data-end=\"1066\">\n<p data-start=\"1003\" data-end=\"1066\">Placera magnetklossarna p\u00e5 tavlan f\u00f6r att f\u00f6lja m\u00f6nstret.<\/p>\n<\/li>\n<li data-start=\"1067\" data-end=\"1125\">\n<p data-start=\"1070\" data-end=\"1125\">Skapa dina egna m\u00f6nster n\u00e4r du \u00e4r klar med korten.<\/p>\n<\/li>\n<li data-start=\"1126\" data-end=\"1175\">\n<p data-start=\"1129\" data-end=\"1175\">F\u00f6rvara alla delar tillbaka i l\u00e5dan efter lek.<\/p>\n<\/li>\n<\/ol>\n<h2 style=\"text-align: center;\" data-start=\"1182\" data-end=\"1201\"><strong>Produktdetaljer \ud83d\udccf<\/strong><\/h2>\n<ul data-start=\"1202\" data-end=\"1524\">\n<li data-start=\"1249\" data-end=\"1280\">\n<p data-start=\"1251\" data-end=\"1280\">Material: Milj\u00f6v\u00e4nligt tr\u00e4<\/p>\n<\/li>\n<li data-start=\"1319\" data-end=\"1384\">\n<p data-start=\"1321\" data-end=\"1384\">Blockm\u00e4ngd: 180 delar<\/p>\n<\/li>\n<li data-start=\"1418\" data-end=\"1474\">\n<p data-start=\"1420\" data-end=\"1474\">L\u00e4rande typ: STEM, m\u00f6nsterbyggnad, kreativ lek<\/p>\n<\/li>\n<li data-start=\"1475\" data-end=\"1524\">\n<p data-start=\"1477\" data-end=\"1524\">Ber\u00e4ttigad f\u00f6r: Barn, klassrum, heminl\u00e4rning<\/p>\n<\/li>\n<\/ul>\n<h2 style=\"text-align: center;\" data-start=\"1531\" data-end=\"1551\"><strong>Paketet inneh\u00e5ller \ud83d\udce6<\/strong><\/h2>\n<ul data-start=\"1552\" data-end=\"1594\" data-is-last-node=\"\" data-is-only-node=\"\">\n<li data-start=\"1552\" data-end=\"1594\" data-is-last-node=\"\">\n<p data-start=\"1554\" data-end=\"1594\" data-is-last-node=\"\">1x magnetiskt tr\u00e4kloss-pusselset.<\/p>\n<\/li>\n<\/ul>\n","protected":false},"excerpt":{"rendered":"<p>\ud83d\udd3aDetta pussel med magnetiska tr\u00e4klossar \u00e4r en kreativ inl\u00e4rningsleksak som hj\u00e4lper barn att bygga former, m\u00f6nster och bilder med hj\u00e4lp av magnetiska tr\u00e4bitar.<br \/>\n\ud83e\udeb5Genom att f\u00f6lja designkort eller skapa egna id\u00e9er f\u00f6rb\u00e4ttrar barnen fokus, probleml\u00f6sningsf\u00f6rm\u00e5ga och fantasi samtidigt som de njuter av praktisk, sk\u00e4rmfri lek.<br \/>\n\ud83c\udfe0Det \u00e4r perfekt f\u00f6r heminl\u00e4rning, klassrum, resor och lugn lek.<\/p>\n","protected":false},"featured_media":17971,"comment_status":"open","ping_status":"closed","template":"","meta":{"site-sidebar-layout":"default","site-content-layout":"","ast-site-content-layout":"default","site-content-style":"default","site-sidebar-style":"default","ast-global-header-display":"","ast-banner-title-visibility":"","ast-main-header-display":"","ast-hfb-above-header-display":"","ast-hfb-below-header-display":"","ast-hfb-mobile-header-display":"","site-post-title":"","ast-breadcrumbs-content":"","ast-featured-img":"","footer-sml-layout":"","theme-transparent-header-meta":"default","adv-header-id-meta":"","stick-header-meta":"","header-above-stick-meta":"","header-main-stick-meta":"","header-below-stick-meta":"","astra-migrate-meta-layouts":"set","ast-page-background-enabled":"default","ast-page-background-meta":{"desktop":{"background-color":"var(--ast-global-color-5)","background-image":"","background-repeat":"repeat","background-position":"center center","background-size":"auto","background-attachment":"scroll","background-type":"","background-media":"","overlay-type":"","overlay-color":"","overlay-opacity":"","overlay-gradient":""},"tablet":{"background-color":"","background-image":"","background-repeat":"repeat","background-position":"center center","background-size":"auto","background-attachment":"scroll","background-type":"","background-media":"","overlay-type":"","overlay-color":"","overlay-opacity":"","overlay-gradient":""},"mobile":{"background-color":"","background-image":"","background-repeat":"repeat","background-position":"center center","background-size":"auto","background-attachment":"scroll","background-type":"","background-media":"","overlay-type":"","overlay-color":"","overlay-opacity":"","overlay-gradient":""}},"ast-content-background-meta":{"desktop":{"background-color":"var(--ast-global-color-4)","background-image":"","background-repeat":"repeat","background-position":"center center","background-size":"auto","background-attachment":"scroll","background-type":"","background-media":"","overlay-type":"","overlay-color":"","overlay-opacity":"","overlay-gradient":""},"tablet":{"background-color":"var(--ast-global-color-4)","background-image":"","background-repeat":"repeat","background-position":"center center","background-size":"auto","background-attachment":"scroll","background-type":"","background-media":"","overlay-type":"","overlay-color":"","overlay-opacity":"","overlay-gradient":""},"mobile":{"background-color":"var(--ast-global-color-4)","background-image":"","background-repeat":"repeat","background-position":"center center","background-size":"auto","background-attachment":"scroll","background-type":"","background-media":"","overlay-type":"","overlay-color":"","overlay-opacity":"","overlay-gradient":""}}},"product_brand":[],"product_cat":[15],"product_tag":[],"class_list":{"0":"post-17975","1":"product","2":"type-product","3":"status-publish","4":"has-post-thumbnail","6":"product_cat-uncategorized","7":"desktop-align-left","8":"tablet-align-left","9":"mobile-align-left","11":"first","12":"instock","13":"shipping-taxable","14":"purchasable","15":"product-type-simple"},"yoast_head":"<!-- This site is optimized with the Yoast SEO plugin v26.6 - https:\/\/yoast.com\/wordpress\/plugins\/seo\/ -->\n<title>Magnetiskt pussel med tr\u00e4klossar (180 st) - Mekulo SE<\/title>\n<meta name=\"robots\" content=\"index, follow, max-snippet:-1, max-image-preview:large, max-video-preview:-1\" \/>\n<link rel=\"canonical\" href=\"https:\/\/mekulo.com\/se\/produkt\/magnetiskt-pussel-med-traklossar-180-st\/\" \/>\n<meta property=\"og:locale\" content=\"sv_SE\" \/>\n<meta property=\"og:type\" content=\"article\" \/>\n<meta property=\"og:title\" content=\"Magnetiskt pussel med tr\u00e4klossar (180 st) - Mekulo SE\" \/>\n<meta property=\"og:description\" content=\"\ud83d\udd3aDetta pussel med magnetiska tr\u00e4klossar \u00e4r en kreativ inl\u00e4rningsleksak som hj\u00e4lper barn att bygga former, m\u00f6nster och bilder med hj\u00e4lp av magnetiska tr\u00e4bitar. \ud83e\udeb5Genom att f\u00f6lja designkort eller skapa egna id\u00e9er f\u00f6rb\u00e4ttrar barnen fokus, probleml\u00f6sningsf\u00f6rm\u00e5ga och fantasi samtidigt som de njuter av praktisk, sk\u00e4rmfri lek. \ud83c\udfe0Det \u00e4r perfekt f\u00f6r heminl\u00e4rning, klassrum, resor och lugn lek.\" \/>\n<meta property=\"og:url\" content=\"https:\/\/mekulo.com\/se\/produkt\/magnetiskt-pussel-med-traklossar-180-st\/\" \/>\n<meta property=\"og:site_name\" content=\"Mekulo SE\" \/>\n<meta property=\"article:modified_time\" content=\"2026-02-03T15:11:29+00:00\" \/>\n<meta property=\"og:image\" content=\"https:\/\/mekulo.com\/se\/wp-content\/uploads\/sites\/11\/2026\/01\/euld38k-1.jpeg\" \/>\n\t<meta property=\"og:image:width\" content=\"800\" \/>\n\t<meta property=\"og:image:height\" content=\"800\" \/>\n\t<meta property=\"og:image:type\" content=\"image\/jpeg\" \/>\n<meta name=\"twitter:card\" content=\"summary_large_image\" \/>\n<meta name=\"twitter:label1\" content=\"Ber\u00e4knad l\u00e4stid\" \/>\n\t<meta name=\"twitter:data1\" content=\"2 minuter\" \/>\n<script type=\"application\/ld+json\" class=\"yoast-schema-graph\">{\"@context\":\"https:\/\/schema.org\",\"@graph\":[{\"@type\":\"WebPage\",\"@id\":\"https:\/\/mekulo.com\/se\/produkt\/magnetiskt-pussel-med-traklossar-180-st\/\",\"url\":\"https:\/\/mekulo.com\/se\/produkt\/magnetiskt-pussel-med-traklossar-180-st\/\",\"name\":\"Magnetiskt pussel med tr\u00e4klossar (180 st) - Mekulo SE\",\"isPartOf\":{\"@id\":\"https:\/\/mekulo.com\/se\/#website\"},\"primaryImageOfPage\":{\"@id\":\"https:\/\/mekulo.com\/se\/produkt\/magnetiskt-pussel-med-traklossar-180-st\/#primaryimage\"},\"image\":{\"@id\":\"https:\/\/mekulo.com\/se\/produkt\/magnetiskt-pussel-med-traklossar-180-st\/#primaryimage\"},\"thumbnailUrl\":\"https:\/\/mekulo.com\/se\/wp-content\/uploads\/sites\/11\/2026\/01\/euld38k-1.jpeg\",\"datePublished\":\"2026-01-15T16:14:06+00:00\",\"dateModified\":\"2026-02-03T15:11:29+00:00\",\"breadcrumb\":{\"@id\":\"https:\/\/mekulo.com\/se\/produkt\/magnetiskt-pussel-med-traklossar-180-st\/#breadcrumb\"},\"inLanguage\":\"sv-SE\",\"potentialAction\":[{\"@type\":\"ReadAction\",\"target\":[\"https:\/\/mekulo.com\/se\/produkt\/magnetiskt-pussel-med-traklossar-180-st\/\"]}]},{\"@type\":\"ImageObject\",\"inLanguage\":\"sv-SE\",\"@id\":\"https:\/\/mekulo.com\/se\/produkt\/magnetiskt-pussel-med-traklossar-180-st\/#primaryimage\",\"url\":\"https:\/\/mekulo.com\/se\/wp-content\/uploads\/sites\/11\/2026\/01\/euld38k-1.jpeg\",\"contentUrl\":\"https:\/\/mekulo.com\/se\/wp-content\/uploads\/sites\/11\/2026\/01\/euld38k-1.jpeg\",\"width\":800,\"height\":800},{\"@type\":\"BreadcrumbList\",\"@id\":\"https:\/\/mekulo.com\/se\/produkt\/magnetiskt-pussel-med-traklossar-180-st\/#breadcrumb\",\"itemListElement\":[{\"@type\":\"ListItem\",\"position\":1,\"name\":\"Home\",\"item\":\"https:\/\/mekulo.com\/se\/\"},{\"@type\":\"ListItem\",\"position\":2,\"name\":\"Butik\",\"item\":\"https:\/\/mekulo.com\/se\/butik\/\"},{\"@type\":\"ListItem\",\"position\":3,\"name\":\"Magnetiskt pussel med tr\u00e4klossar (180 st)\"}]},{\"@type\":\"WebSite\",\"@id\":\"https:\/\/mekulo.com\/se\/#website\",\"url\":\"https:\/\/mekulo.com\/se\/\",\"name\":\"Mekulo SE\",\"description\":\"\",\"publisher\":{\"@id\":\"https:\/\/mekulo.com\/se\/#organization\"},\"potentialAction\":[{\"@type\":\"SearchAction\",\"target\":{\"@type\":\"EntryPoint\",\"urlTemplate\":\"https:\/\/mekulo.com\/se\/?s={search_term_string}\"},\"query-input\":{\"@type\":\"PropertyValueSpecification\",\"valueRequired\":true,\"valueName\":\"search_term_string\"}}],\"inLanguage\":\"sv-SE\"},{\"@type\":\"Organization\",\"@id\":\"https:\/\/mekulo.com\/se\/#organization\",\"name\":\"Mekulo\",\"url\":\"https:\/\/mekulo.com\/se\/\",\"logo\":{\"@type\":\"ImageObject\",\"inLanguage\":\"sv-SE\",\"@id\":\"https:\/\/mekulo.com\/se\/#\/schema\/logo\/image\/\",\"url\":\"https:\/\/mekulo.com\/se\/wp-content\/uploads\/sites\/11\/2025\/12\/favicon_mekulo.png\",\"contentUrl\":\"https:\/\/mekulo.com\/se\/wp-content\/uploads\/sites\/11\/2025\/12\/favicon_mekulo.png\",\"width\":50,\"height\":50,\"caption\":\"Mekulo\"},\"image\":{\"@id\":\"https:\/\/mekulo.com\/se\/#\/schema\/logo\/image\/\"}}]}<\/script>\n<!-- \/ Yoast SEO plugin. -->","yoast_head_json":{"title":"Magnetiskt pussel med tr\u00e4klossar (180 st) - Mekulo SE","robots":{"index":"index","follow":"follow","max-snippet":"max-snippet:-1","max-image-preview":"max-image-preview:large","max-video-preview":"max-video-preview:-1"},"canonical":"https:\/\/mekulo.com\/se\/produkt\/magnetiskt-pussel-med-traklossar-180-st\/","og_locale":"sv_SE","og_type":"article","og_title":"Magnetiskt pussel med tr\u00e4klossar (180 st) - Mekulo SE","og_description":"\ud83d\udd3aDetta pussel med magnetiska tr\u00e4klossar \u00e4r en kreativ inl\u00e4rningsleksak som hj\u00e4lper barn att bygga former, m\u00f6nster och bilder med hj\u00e4lp av magnetiska tr\u00e4bitar. \ud83e\udeb5Genom att f\u00f6lja designkort eller skapa egna id\u00e9er f\u00f6rb\u00e4ttrar barnen fokus, probleml\u00f6sningsf\u00f6rm\u00e5ga och fantasi samtidigt som de njuter av praktisk, sk\u00e4rmfri lek. \ud83c\udfe0Det \u00e4r perfekt f\u00f6r heminl\u00e4rning, klassrum, resor och lugn lek.","og_url":"https:\/\/mekulo.com\/se\/produkt\/magnetiskt-pussel-med-traklossar-180-st\/","og_site_name":"Mekulo SE","article_modified_time":"2026-02-03T15:11:29+00:00","og_image":[{"width":800,"height":800,"url":"https:\/\/mekulo.com\/se\/wp-content\/uploads\/sites\/11\/2026\/01\/euld38k-1.jpeg","type":"image\/jpeg"}],"twitter_card":"summary_large_image","twitter_misc":{"Ber\u00e4knad l\u00e4stid":"2 minuter"},"schema":{"@context":"https:\/\/schema.org","@graph":[{"@type":"WebPage","@id":"https:\/\/mekulo.com\/se\/produkt\/magnetiskt-pussel-med-traklossar-180-st\/","url":"https:\/\/mekulo.com\/se\/produkt\/magnetiskt-pussel-med-traklossar-180-st\/","name":"Magnetiskt pussel med tr\u00e4klossar (180 st) - Mekulo SE","isPartOf":{"@id":"https:\/\/mekulo.com\/se\/#website"},"primaryImageOfPage":{"@id":"https:\/\/mekulo.com\/se\/produkt\/magnetiskt-pussel-med-traklossar-180-st\/#primaryimage"},"image":{"@id":"https:\/\/mekulo.com\/se\/produkt\/magnetiskt-pussel-med-traklossar-180-st\/#primaryimage"},"thumbnailUrl":"https:\/\/mekulo.com\/se\/wp-content\/uploads\/sites\/11\/2026\/01\/euld38k-1.jpeg","datePublished":"2026-01-15T16:14:06+00:00","dateModified":"2026-02-03T15:11:29+00:00","breadcrumb":{"@id":"https:\/\/mekulo.com\/se\/produkt\/magnetiskt-pussel-med-traklossar-180-st\/#breadcrumb"},"inLanguage":"sv-SE","potentialAction":[{"@type":"ReadAction","target":["https:\/\/mekulo.com\/se\/produkt\/magnetiskt-pussel-med-traklossar-180-st\/"]}]},{"@type":"ImageObject","inLanguage":"sv-SE","@id":"https:\/\/mekulo.com\/se\/produkt\/magnetiskt-pussel-med-traklossar-180-st\/#primaryimage","url":"https:\/\/mekulo.com\/se\/wp-content\/uploads\/sites\/11\/2026\/01\/euld38k-1.jpeg","contentUrl":"https:\/\/mekulo.com\/se\/wp-content\/uploads\/sites\/11\/2026\/01\/euld38k-1.jpeg","width":800,"height":800},{"@type":"BreadcrumbList","@id":"https:\/\/mekulo.com\/se\/produkt\/magnetiskt-pussel-med-traklossar-180-st\/#breadcrumb","itemListElement":[{"@type":"ListItem","position":1,"name":"Home","item":"https:\/\/mekulo.com\/se\/"},{"@type":"ListItem","position":2,"name":"Butik","item":"https:\/\/mekulo.com\/se\/butik\/"},{"@type":"ListItem","position":3,"name":"Magnetiskt pussel med tr\u00e4klossar (180 st)"}]},{"@type":"WebSite","@id":"https:\/\/mekulo.com\/se\/#website","url":"https:\/\/mekulo.com\/se\/","name":"Mekulo SE","description":"","publisher":{"@id":"https:\/\/mekulo.com\/se\/#organization"},"potentialAction":[{"@type":"SearchAction","target":{"@type":"EntryPoint","urlTemplate":"https:\/\/mekulo.com\/se\/?s={search_term_string}"},"query-input":{"@type":"PropertyValueSpecification","valueRequired":true,"valueName":"search_term_string"}}],"inLanguage":"sv-SE"},{"@type":"Organization","@id":"https:\/\/mekulo.com\/se\/#organization","name":"Mekulo","url":"https:\/\/mekulo.com\/se\/","logo":{"@type":"ImageObject","inLanguage":"sv-SE","@id":"https:\/\/mekulo.com\/se\/#\/schema\/logo\/image\/","url":"https:\/\/mekulo.com\/se\/wp-content\/uploads\/sites\/11\/2025\/12\/favicon_mekulo.png","contentUrl":"https:\/\/mekulo.com\/se\/wp-content\/uploads\/sites\/11\/2025\/12\/favicon_mekulo.png","width":50,"height":50,"caption":"Mekulo"},"image":{"@id":"https:\/\/mekulo.com\/se\/#\/schema\/logo\/image\/"}}]}},"_links":{"self":[{"href":"https:\/\/mekulo.com\/se\/wp-json\/wp\/v2\/product\/17975","targetHints":{"allow":["GET"]}}],"collection":[{"href":"https:\/\/mekulo.com\/se\/wp-json\/wp\/v2\/product"}],"about":[{"href":"https:\/\/mekulo.com\/se\/wp-json\/wp\/v2\/types\/product"}],"replies":[{"embeddable":true,"href":"https:\/\/mekulo.com\/se\/wp-json\/wp\/v2\/comments?post=17975"}],"wp:featuredmedia":[{"embeddable":true,"href":"https:\/\/mekulo.com\/se\/wp-json\/wp\/v2\/media\/17971"}],"wp:attachment":[{"href":"https:\/\/mekulo.com\/se\/wp-json\/wp\/v2\/media?parent=17975"}],"wp:term":[{"taxonomy":"product_brand","embeddable":true,"href":"https:\/\/mekulo.com\/se\/wp-json\/wp\/v2\/product_brand?post=17975"},{"taxonomy":"product_cat","embeddable":true,"href":"https:\/\/mekulo.com\/se\/wp-json\/wp\/v2\/product_cat?post=17975"},{"taxonomy":"product_tag","embeddable":true,"href":"https:\/\/mekulo.com\/se\/wp-json\/wp\/v2\/product_tag?post=17975"}],"curies":[{"name":"wp","href":"https:\/\/api.w.org\/{rel}","templated":true}]}}