{"id":17923,"date":"2026-01-15T18:08:24","date_gmt":"2026-01-15T16:08:24","guid":{"rendered":"https:\/\/mekulo.com\/se\/produkt\/uv-inspektionsficklampa\/"},"modified":"2026-01-20T19:37:38","modified_gmt":"2026-01-20T17:37:38","slug":"uv-inspektionsficklampa","status":"publish","type":"product","link":"https:\/\/mekulo.com\/se\/produkt\/uv-inspektionsficklampa\/","title":{"rendered":"UV-inspektionsficklampa"},"content":{"rendered":"<p style=\"text-align: center;\" data-start=\"0\" data-end=\"66\"><strong data-start=\"0\" data-end=\"66\">Se Dolda F\u00f6roreningar Direkt Och Inspektera Med Tillf\u00f6rsikt. \ud83d\udd26<\/strong><\/p>\n<p data-start=\"0\" data-end=\"66\"><img fetchpriority=\"high\" decoding=\"async\" class=\"size-full wp-image-20754 aligncenter\" src=\"https:\/\/mekulo.com\/template\/wp-content\/uploads\/sites\/6\/2026\/01\/S41ea62869c83443eb1b1921a3cc5d2ebg.jpg_960x960q75.jpg_.jpg\" alt=\"\" width=\"1080\" height=\"1080\" \/><\/p>\n<h2 style=\"text-align: center;\" data-start=\"322\" data-end=\"342\">Huvudsakliga f\u00f6rdelar\ud83c\udf1f<\/h2>\n<p data-start=\"345\" data-end=\"425\">\ud83d\udd26 Kraftfullt 365 nm UV-ljus &#8211; Avsl\u00f6jar dolda fluorescerande \u00e4mnen tydligt.<\/p>\n<p data-start=\"428\" data-end=\"492\">\ud83e\udd6c S\u00e4krare livsmedelskontroller &#8211; Hj\u00e4lper till att uppt\u00e4cka rester p\u00e5 gr\u00f6nsaker.<\/p>\n<p data-start=\"495\" data-end=\"564\">\ud83d\udccf Str\u00e5le med l\u00e5ng r\u00e4ckvidd &#8211; Upp till 50 m synlighet f\u00f6r tydliga inspektioner.<\/p>\n<p data-start=\"567\" data-end=\"630\">\ud83e\uddf3 Liten &amp; b\u00e4rbar &#8211; L\u00e4tt att b\u00e4ra i fickan eller v\u00e4skan.<\/p>\n<p data-start=\"633\" data-end=\"690\">\ud83d\udee0\ufe0f H\u00e5llbar konstruktion &#8211; Tillverkad f\u00f6r frekvent, daglig anv\u00e4ndning.<\/p>\n<p data-start=\"693\" data-end=\"777\">\ud83d\udc3e Multifunktionell anv\u00e4ndning &#8211; Perfekt f\u00f6r husdjursfl\u00e4ckar, pengacheckar och hush\u00e5llsartiklar.<\/p>\n<p data-start=\"693\" data-end=\"777\"><img decoding=\"async\" class=\"size-full wp-image-20756 aligncenter\" src=\"https:\/\/mekulo.com\/template\/wp-content\/uploads\/sites\/6\/2026\/01\/spp_shopify20250901163332_29b1bbc175c38e9852c2fd12d1bd241e_87365d7f-7035-4c24-a64e-b7c4e9908d06.png\" alt=\"\" width=\"713\" height=\"713\" \/><\/p>\n<h2 style=\"text-align: center;\" data-start=\"784\" data-end=\"798\">Hur Man Anv\u00e4nder \ud83d\udccc<\/h2>\n<ol data-start=\"799\" data-end=\"1026\">\n<li data-start=\"799\" data-end=\"847\">\n<p data-start=\"802\" data-end=\"847\">T\u00e4nd ficklampan i ett svagt ljusomr\u00e5de.<\/p>\n<\/li>\n<li data-start=\"848\" data-end=\"918\">\n<p data-start=\"851\" data-end=\"918\">Lys UV-ljuset direkt p\u00e5 ytan du vill inspektera.<\/p>\n<\/li>\n<li data-start=\"919\" data-end=\"962\">\n<p data-start=\"922\" data-end=\"962\">Leta efter gl\u00f6dande eller fluorescerande m\u00e4rken.<\/p>\n<\/li>\n<li data-start=\"963\" data-end=\"1026\">\n<p data-start=\"966\" data-end=\"1026\">Reng\u00f6r eller ta bort f\u00f6rem\u00e5l om o\u00f6nskade \u00e4mnen uppt\u00e4cks.<\/p>\n<\/li>\n<\/ol>\n<h2 style=\"text-align: center;\" data-start=\"1033\" data-end=\"1052\">Produktdetaljer \ud83d\udcd0<\/h2>\n<ul data-start=\"1053\" data-end=\"1320\">\n<li data-start=\"1053\" data-end=\"1071\">\n<p data-start=\"1055\" data-end=\"1071\">Kraft: 10W LED<\/p>\n<\/li>\n<li data-start=\"1072\" data-end=\"1096\">\n<p data-start=\"1074\" data-end=\"1096\">V\u00e5gl\u00e4ngd: 365nm UV<\/p>\n<\/li>\n<li data-start=\"1097\" data-end=\"1128\">\n<p data-start=\"1099\" data-end=\"1128\">Str\u00e5lomr\u00e5de: Upp till 50 meter<\/p>\n<\/li>\n<li data-start=\"1146\" data-end=\"1170\">\n<p data-start=\"1148\" data-end=\"1170\">Dimensioner: 90 x 10 mm<\/p>\n<\/li>\n<li data-start=\"1171\" data-end=\"1208\">\n<p data-start=\"1173\" data-end=\"1208\">H\u00f6lje: Aluminiumlegering \/ plast<\/p>\n<\/li>\n<li data-start=\"1209\" data-end=\"1320\">\n<p data-start=\"1211\" data-end=\"1320\">Applikationer: Vegetabilisk inspektion, aflatoxindetektion, testning av fluorescerande medel, daglig varuunders\u00f6kning<\/p>\n<\/li>\n<\/ul>\n<h2 style=\"text-align: center;\" data-start=\"1327\" data-end=\"1347\">Paketet inneh\u00e5ller <span style=\"font-size: 16px; font-style: normal; font-weight: 400;\">\ud83d\udce6<\/span><\/h2>\n<ul data-start=\"1348\" data-end=\"1397\" data-is-last-node=\"\" data-is-only-node=\"\">\n<li data-start=\"1348\" data-end=\"1397\" data-is-last-node=\"\">\n<p data-start=\"1350\" data-end=\"1397\" data-is-last-node=\"\">\u00a01x UV-inspektionsficklampa.<\/p>\n<\/li>\n<\/ul>\n","protected":false},"excerpt":{"rendered":"<p>\ud83d\udd26Den h\u00e4r UV-inspektionsficklampan anv\u00e4nder kraftfullt 365 nm UV-ljus f\u00f6r att avsl\u00f6ja saker som dina \u00f6gon inte kan se.<br \/>\n\ud83c\udf45Den hj\u00e4lper dig att snabbt uppt\u00e4cka fluorescerande medel, bek\u00e4mpningsmedel och andra rester p\u00e5 gr\u00f6nsaker och vardagliga f\u00f6rem\u00e5l, s\u00e5 att du vet vad som verkligen \u00e4r rent och s\u00e4kert.<\/p>\n","protected":false},"featured_media":17919,"comment_status":"open","ping_status":"closed","template":"","meta":{"site-sidebar-layout":"default","site-content-layout":"","ast-site-content-layout":"default","site-content-style":"default","site-sidebar-style":"default","ast-global-header-display":"","ast-banner-title-visibility":"","ast-main-header-display":"","ast-hfb-above-header-display":"","ast-hfb-below-header-display":"","ast-hfb-mobile-header-display":"","site-post-title":"","ast-breadcrumbs-content":"","ast-featured-img":"","footer-sml-layout":"","theme-transparent-header-meta":"default","adv-header-id-meta":"","stick-header-meta":"","header-above-stick-meta":"","header-main-stick-meta":"","header-below-stick-meta":"","astra-migrate-meta-layouts":"set","ast-page-background-enabled":"default","ast-page-background-meta":{"desktop":{"background-color":"var(--ast-global-color-5)","background-image":"","background-repeat":"repeat","background-position":"center center","background-size":"auto","background-attachment":"scroll","background-type":"","background-media":"","overlay-type":"","overlay-color":"","overlay-opacity":"","overlay-gradient":""},"tablet":{"background-color":"","background-image":"","background-repeat":"repeat","background-position":"center center","background-size":"auto","background-attachment":"scroll","background-type":"","background-media":"","overlay-type":"","overlay-color":"","overlay-opacity":"","overlay-gradient":""},"mobile":{"background-color":"","background-image":"","background-repeat":"repeat","background-position":"center center","background-size":"auto","background-attachment":"scroll","background-type":"","background-media":"","overlay-type":"","overlay-color":"","overlay-opacity":"","overlay-gradient":""}},"ast-content-background-meta":{"desktop":{"background-color":"var(--ast-global-color-4)","background-image":"","background-repeat":"repeat","background-position":"center center","background-size":"auto","background-attachment":"scroll","background-type":"","background-media":"","overlay-type":"","overlay-color":"","overlay-opacity":"","overlay-gradient":""},"tablet":{"background-color":"var(--ast-global-color-4)","background-image":"","background-repeat":"repeat","background-position":"center center","background-size":"auto","background-attachment":"scroll","background-type":"","background-media":"","overlay-type":"","overlay-color":"","overlay-opacity":"","overlay-gradient":""},"mobile":{"background-color":"var(--ast-global-color-4)","background-image":"","background-repeat":"repeat","background-position":"center center","background-size":"auto","background-attachment":"scroll","background-type":"","background-media":"","overlay-type":"","overlay-color":"","overlay-opacity":"","overlay-gradient":""}}},"product_brand":[],"product_cat":[168],"product_tag":[],"class_list":{"0":"post-17923","1":"product","2":"type-product","3":"status-publish","4":"has-post-thumbnail","6":"product_cat-hushallsartiklar","7":"desktop-align-left","8":"tablet-align-left","9":"mobile-align-left","11":"first","12":"instock","13":"shipping-taxable","14":"purchasable","15":"product-type-simple"},"yoast_head":"<!-- This site is optimized with the Yoast SEO plugin v26.6 - https:\/\/yoast.com\/wordpress\/plugins\/seo\/ -->\n<title>UV-inspektionsficklampa - Mekulo SE<\/title>\n<meta name=\"robots\" content=\"index, follow, max-snippet:-1, max-image-preview:large, max-video-preview:-1\" \/>\n<link rel=\"canonical\" href=\"https:\/\/mekulo.com\/se\/produkt\/uv-inspektionsficklampa\/\" \/>\n<meta property=\"og:locale\" content=\"sv_SE\" \/>\n<meta property=\"og:type\" content=\"article\" \/>\n<meta property=\"og:title\" content=\"UV-inspektionsficklampa - Mekulo SE\" \/>\n<meta property=\"og:description\" content=\"\ud83d\udd26Den h\u00e4r UV-inspektionsficklampan anv\u00e4nder kraftfullt 365 nm UV-ljus f\u00f6r att avsl\u00f6ja saker som dina \u00f6gon inte kan se. \ud83c\udf45Den hj\u00e4lper dig att snabbt uppt\u00e4cka fluorescerande medel, bek\u00e4mpningsmedel och andra rester p\u00e5 gr\u00f6nsaker och vardagliga f\u00f6rem\u00e5l, s\u00e5 att du vet vad som verkligen \u00e4r rent och s\u00e4kert.\" \/>\n<meta property=\"og:url\" content=\"https:\/\/mekulo.com\/se\/produkt\/uv-inspektionsficklampa\/\" \/>\n<meta property=\"og:site_name\" content=\"Mekulo SE\" \/>\n<meta property=\"article:modified_time\" content=\"2026-01-20T17:37:38+00:00\" \/>\n<meta property=\"og:image\" content=\"https:\/\/mekulo.com\/se\/wp-content\/uploads\/sites\/11\/2026\/01\/4g39nyz-1.png\" \/>\n\t<meta property=\"og:image:width\" content=\"800\" \/>\n\t<meta property=\"og:image:height\" content=\"800\" \/>\n\t<meta property=\"og:image:type\" content=\"image\/png\" \/>\n<meta name=\"twitter:card\" content=\"summary_large_image\" \/>\n<meta name=\"twitter:label1\" content=\"Ber\u00e4knad l\u00e4stid\" \/>\n\t<meta name=\"twitter:data1\" content=\"2 minuter\" \/>\n<script type=\"application\/ld+json\" class=\"yoast-schema-graph\">{\"@context\":\"https:\/\/schema.org\",\"@graph\":[{\"@type\":\"WebPage\",\"@id\":\"https:\/\/mekulo.com\/se\/produkt\/uv-inspektionsficklampa\/\",\"url\":\"https:\/\/mekulo.com\/se\/produkt\/uv-inspektionsficklampa\/\",\"name\":\"UV-inspektionsficklampa - Mekulo SE\",\"isPartOf\":{\"@id\":\"https:\/\/mekulo.com\/se\/#website\"},\"primaryImageOfPage\":{\"@id\":\"https:\/\/mekulo.com\/se\/produkt\/uv-inspektionsficklampa\/#primaryimage\"},\"image\":{\"@id\":\"https:\/\/mekulo.com\/se\/produkt\/uv-inspektionsficklampa\/#primaryimage\"},\"thumbnailUrl\":\"https:\/\/mekulo.com\/se\/wp-content\/uploads\/sites\/11\/2026\/01\/4g39nyz-1.png\",\"datePublished\":\"2026-01-15T16:08:24+00:00\",\"dateModified\":\"2026-01-20T17:37:38+00:00\",\"breadcrumb\":{\"@id\":\"https:\/\/mekulo.com\/se\/produkt\/uv-inspektionsficklampa\/#breadcrumb\"},\"inLanguage\":\"sv-SE\",\"potentialAction\":[{\"@type\":\"ReadAction\",\"target\":[\"https:\/\/mekulo.com\/se\/produkt\/uv-inspektionsficklampa\/\"]}]},{\"@type\":\"ImageObject\",\"inLanguage\":\"sv-SE\",\"@id\":\"https:\/\/mekulo.com\/se\/produkt\/uv-inspektionsficklampa\/#primaryimage\",\"url\":\"https:\/\/mekulo.com\/se\/wp-content\/uploads\/sites\/11\/2026\/01\/4g39nyz-1.png\",\"contentUrl\":\"https:\/\/mekulo.com\/se\/wp-content\/uploads\/sites\/11\/2026\/01\/4g39nyz-1.png\",\"width\":800,\"height\":800},{\"@type\":\"BreadcrumbList\",\"@id\":\"https:\/\/mekulo.com\/se\/produkt\/uv-inspektionsficklampa\/#breadcrumb\",\"itemListElement\":[{\"@type\":\"ListItem\",\"position\":1,\"name\":\"Home\",\"item\":\"https:\/\/mekulo.com\/se\/\"},{\"@type\":\"ListItem\",\"position\":2,\"name\":\"Butik\",\"item\":\"https:\/\/mekulo.com\/se\/butik\/\"},{\"@type\":\"ListItem\",\"position\":3,\"name\":\"UV-inspektionsficklampa\"}]},{\"@type\":\"WebSite\",\"@id\":\"https:\/\/mekulo.com\/se\/#website\",\"url\":\"https:\/\/mekulo.com\/se\/\",\"name\":\"Mekulo SE\",\"description\":\"\",\"publisher\":{\"@id\":\"https:\/\/mekulo.com\/se\/#organization\"},\"potentialAction\":[{\"@type\":\"SearchAction\",\"target\":{\"@type\":\"EntryPoint\",\"urlTemplate\":\"https:\/\/mekulo.com\/se\/?s={search_term_string}\"},\"query-input\":{\"@type\":\"PropertyValueSpecification\",\"valueRequired\":true,\"valueName\":\"search_term_string\"}}],\"inLanguage\":\"sv-SE\"},{\"@type\":\"Organization\",\"@id\":\"https:\/\/mekulo.com\/se\/#organization\",\"name\":\"Mekulo\",\"url\":\"https:\/\/mekulo.com\/se\/\",\"logo\":{\"@type\":\"ImageObject\",\"inLanguage\":\"sv-SE\",\"@id\":\"https:\/\/mekulo.com\/se\/#\/schema\/logo\/image\/\",\"url\":\"https:\/\/mekulo.com\/se\/wp-content\/uploads\/sites\/11\/2025\/12\/favicon_mekulo.png\",\"contentUrl\":\"https:\/\/mekulo.com\/se\/wp-content\/uploads\/sites\/11\/2025\/12\/favicon_mekulo.png\",\"width\":50,\"height\":50,\"caption\":\"Mekulo\"},\"image\":{\"@id\":\"https:\/\/mekulo.com\/se\/#\/schema\/logo\/image\/\"}}]}<\/script>\n<!-- \/ Yoast SEO plugin. -->","yoast_head_json":{"title":"UV-inspektionsficklampa - Mekulo SE","robots":{"index":"index","follow":"follow","max-snippet":"max-snippet:-1","max-image-preview":"max-image-preview:large","max-video-preview":"max-video-preview:-1"},"canonical":"https:\/\/mekulo.com\/se\/produkt\/uv-inspektionsficklampa\/","og_locale":"sv_SE","og_type":"article","og_title":"UV-inspektionsficklampa - Mekulo SE","og_description":"\ud83d\udd26Den h\u00e4r UV-inspektionsficklampan anv\u00e4nder kraftfullt 365 nm UV-ljus f\u00f6r att avsl\u00f6ja saker som dina \u00f6gon inte kan se. \ud83c\udf45Den hj\u00e4lper dig att snabbt uppt\u00e4cka fluorescerande medel, bek\u00e4mpningsmedel och andra rester p\u00e5 gr\u00f6nsaker och vardagliga f\u00f6rem\u00e5l, s\u00e5 att du vet vad som verkligen \u00e4r rent och s\u00e4kert.","og_url":"https:\/\/mekulo.com\/se\/produkt\/uv-inspektionsficklampa\/","og_site_name":"Mekulo SE","article_modified_time":"2026-01-20T17:37:38+00:00","og_image":[{"width":800,"height":800,"url":"https:\/\/mekulo.com\/se\/wp-content\/uploads\/sites\/11\/2026\/01\/4g39nyz-1.png","type":"image\/png"}],"twitter_card":"summary_large_image","twitter_misc":{"Ber\u00e4knad l\u00e4stid":"2 minuter"},"schema":{"@context":"https:\/\/schema.org","@graph":[{"@type":"WebPage","@id":"https:\/\/mekulo.com\/se\/produkt\/uv-inspektionsficklampa\/","url":"https:\/\/mekulo.com\/se\/produkt\/uv-inspektionsficklampa\/","name":"UV-inspektionsficklampa - Mekulo SE","isPartOf":{"@id":"https:\/\/mekulo.com\/se\/#website"},"primaryImageOfPage":{"@id":"https:\/\/mekulo.com\/se\/produkt\/uv-inspektionsficklampa\/#primaryimage"},"image":{"@id":"https:\/\/mekulo.com\/se\/produkt\/uv-inspektionsficklampa\/#primaryimage"},"thumbnailUrl":"https:\/\/mekulo.com\/se\/wp-content\/uploads\/sites\/11\/2026\/01\/4g39nyz-1.png","datePublished":"2026-01-15T16:08:24+00:00","dateModified":"2026-01-20T17:37:38+00:00","breadcrumb":{"@id":"https:\/\/mekulo.com\/se\/produkt\/uv-inspektionsficklampa\/#breadcrumb"},"inLanguage":"sv-SE","potentialAction":[{"@type":"ReadAction","target":["https:\/\/mekulo.com\/se\/produkt\/uv-inspektionsficklampa\/"]}]},{"@type":"ImageObject","inLanguage":"sv-SE","@id":"https:\/\/mekulo.com\/se\/produkt\/uv-inspektionsficklampa\/#primaryimage","url":"https:\/\/mekulo.com\/se\/wp-content\/uploads\/sites\/11\/2026\/01\/4g39nyz-1.png","contentUrl":"https:\/\/mekulo.com\/se\/wp-content\/uploads\/sites\/11\/2026\/01\/4g39nyz-1.png","width":800,"height":800},{"@type":"BreadcrumbList","@id":"https:\/\/mekulo.com\/se\/produkt\/uv-inspektionsficklampa\/#breadcrumb","itemListElement":[{"@type":"ListItem","position":1,"name":"Home","item":"https:\/\/mekulo.com\/se\/"},{"@type":"ListItem","position":2,"name":"Butik","item":"https:\/\/mekulo.com\/se\/butik\/"},{"@type":"ListItem","position":3,"name":"UV-inspektionsficklampa"}]},{"@type":"WebSite","@id":"https:\/\/mekulo.com\/se\/#website","url":"https:\/\/mekulo.com\/se\/","name":"Mekulo SE","description":"","publisher":{"@id":"https:\/\/mekulo.com\/se\/#organization"},"potentialAction":[{"@type":"SearchAction","target":{"@type":"EntryPoint","urlTemplate":"https:\/\/mekulo.com\/se\/?s={search_term_string}"},"query-input":{"@type":"PropertyValueSpecification","valueRequired":true,"valueName":"search_term_string"}}],"inLanguage":"sv-SE"},{"@type":"Organization","@id":"https:\/\/mekulo.com\/se\/#organization","name":"Mekulo","url":"https:\/\/mekulo.com\/se\/","logo":{"@type":"ImageObject","inLanguage":"sv-SE","@id":"https:\/\/mekulo.com\/se\/#\/schema\/logo\/image\/","url":"https:\/\/mekulo.com\/se\/wp-content\/uploads\/sites\/11\/2025\/12\/favicon_mekulo.png","contentUrl":"https:\/\/mekulo.com\/se\/wp-content\/uploads\/sites\/11\/2025\/12\/favicon_mekulo.png","width":50,"height":50,"caption":"Mekulo"},"image":{"@id":"https:\/\/mekulo.com\/se\/#\/schema\/logo\/image\/"}}]}},"_links":{"self":[{"href":"https:\/\/mekulo.com\/se\/wp-json\/wp\/v2\/product\/17923","targetHints":{"allow":["GET"]}}],"collection":[{"href":"https:\/\/mekulo.com\/se\/wp-json\/wp\/v2\/product"}],"about":[{"href":"https:\/\/mekulo.com\/se\/wp-json\/wp\/v2\/types\/product"}],"replies":[{"embeddable":true,"href":"https:\/\/mekulo.com\/se\/wp-json\/wp\/v2\/comments?post=17923"}],"wp:featuredmedia":[{"embeddable":true,"href":"https:\/\/mekulo.com\/se\/wp-json\/wp\/v2\/media\/17919"}],"wp:attachment":[{"href":"https:\/\/mekulo.com\/se\/wp-json\/wp\/v2\/media?parent=17923"}],"wp:term":[{"taxonomy":"product_brand","embeddable":true,"href":"https:\/\/mekulo.com\/se\/wp-json\/wp\/v2\/product_brand?post=17923"},{"taxonomy":"product_cat","embeddable":true,"href":"https:\/\/mekulo.com\/se\/wp-json\/wp\/v2\/product_cat?post=17923"},{"taxonomy":"product_tag","embeddable":true,"href":"https:\/\/mekulo.com\/se\/wp-json\/wp\/v2\/product_tag?post=17923"}],"curies":[{"name":"wp","href":"https:\/\/api.w.org\/{rel}","templated":true}]}}