{"id":17888,"date":"2026-01-15T18:05:22","date_gmt":"2026-01-15T16:05:22","guid":{"rendered":"https:\/\/mekulo.com\/se\/produkt\/3-i-1-skruvmejsel-magnetring-2-st\/"},"modified":"2026-01-20T19:33:37","modified_gmt":"2026-01-20T17:33:37","slug":"3-i-1-skruvmejsel-magnetring-2-st","status":"publish","type":"product","link":"https:\/\/mekulo.com\/se\/produkt\/3-i-1-skruvmejsel-magnetring-2-st\/","title":{"rendered":"3-i-1 skruvmejsel magnetring (2 st)"},"content":{"rendered":"<p style=\"text-align: center;\" data-start=\"0\" data-end=\"83\"><strong data-start=\"0\" data-end=\"83\">H\u00e5ll skruvarna stadigt p\u00e5 plats och arbeta snabbare utan att tappa ett enda f\u00e4stelement. \u2728<\/strong><\/p>\n<p data-start=\"0\" data-end=\"83\"><img fetchpriority=\"high\" decoding=\"async\" class=\"size-full wp-image-20727 aligncenter\" src=\"https:\/\/mekulo.com\/template\/wp-content\/uploads\/sites\/6\/2026\/01\/spp_shopify20250925111602_0e8fad5fe31d58c0487b94fa75c84be7_404cae44-e5f6-4244-86fe-2868e802029c.webp\" alt=\"\" width=\"600\" height=\"600\" \/><\/p>\n<h2 style=\"text-align: center;\" data-start=\"305\" data-end=\"325\">Huvudsakliga f\u00f6rdelar<\/h2>\n<p data-start=\"329\" data-end=\"391\">\ud83e\uddf2 Starka dubbla magneter &#8211; H\u00e5ller skruvarna p\u00e5 plats varje g\u00e5ng.<\/p>\n<p data-start=\"394\" data-end=\"451\">\ud83d\udd04 Magnetisera &amp; avmagnetisera &#8211; Byt l\u00e4ge direkt.<\/p>\n<p data-start=\"454\" data-end=\"510\">\ud83e\uddf0 S\u00e4kert bitgrepp &#8211; F\u00f6rhindrar att den glider och rullar.<\/p>\n<p data-start=\"513\" data-end=\"578\">\ud83d\udcaa H\u00e5llbar aluminiumkonstruktion &#8211; Motst\u00e5ndskraftig mot slitage och korrosion.<\/p>\n<p data-start=\"581\" data-end=\"644\">\ud83e\udeb6 L\u00e4tt &amp; kompakt &#8211; L\u00e4tt att b\u00e4ra och anv\u00e4nda \u00f6verallt.<\/p>\n<p data-start=\"581\" data-end=\"644\"><img decoding=\"async\" class=\"size-full wp-image-20728 aligncenter\" src=\"https:\/\/mekulo.com\/template\/wp-content\/uploads\/sites\/6\/2026\/01\/spp_shopify20250925111601_77d035b75425a971ba49a982447ffd14_a10c77e0-312c-4444-ac6e-6d907cd3eb0c.webp\" alt=\"\" width=\"600\" height=\"600\" \/><\/p>\n<h2 style=\"text-align: center;\" data-start=\"651\" data-end=\"668\"><strong>Hur Man Anv\u00e4nder<\/strong><\/h2>\n<ol data-start=\"670\" data-end=\"900\">\n<li data-start=\"670\" data-end=\"732\">\n<p data-start=\"673\" data-end=\"732\">Slida magnetringen p\u00e5 skruvmejselns skaft eller bits.<\/p>\n<\/li>\n<li data-start=\"733\" data-end=\"786\">\n<p data-start=\"736\" data-end=\"786\">Anv\u00e4nd den magnetiserade sidan f\u00f6r att h\u00e5lla skruvar s\u00e4kert.<\/p>\n<\/li>\n<li data-start=\"787\" data-end=\"844\">\n<p data-start=\"790\" data-end=\"844\">Vrid eller byt position f\u00f6r att avmagnetisera vid behov.<\/p>\n<\/li>\n<li data-start=\"845\" data-end=\"900\">\n<p data-start=\"848\" data-end=\"900\">B\u00f6rja arbeta med b\u00e4ttre kontroll och f\u00e4rre droppar.<\/p>\n<\/li>\n<\/ol>\n<h2 style=\"text-align: center;\" data-start=\"907\" data-end=\"929\"><strong>Produktdetaljer<\/strong><\/h2>\n<ul data-start=\"931\" data-end=\"1157\">\n<li data-start=\"980\" data-end=\"1008\">\n<p data-start=\"982\" data-end=\"1008\">Material: Aluminiumlegering<\/p>\n<\/li>\n<li data-start=\"1009\" data-end=\"1036\">\n<p data-start=\"1011\" data-end=\"1036\">Storlek: 18 x 6,35 x 23 mm<\/p>\n<\/li>\n<li data-start=\"1037\" data-end=\"1055\">\n<p data-start=\"1039\" data-end=\"1055\">Vikt: 15,3 g<\/p>\n<\/li>\n<li data-start=\"1101\" data-end=\"1157\">\n<p data-start=\"1103\" data-end=\"1157\">Funktion: Magnetisera och avmagnetisera skruvmejselbitar<\/p>\n<\/li>\n<\/ul>\n<h2 style=\"text-align: center;\" data-start=\"1164\" data-end=\"1187\"><strong>Paketet inneh\u00e5ller<\/strong><\/h2>\n<ul data-start=\"1189\" data-end=\"1227\">\n<li data-start=\"1189\" data-end=\"1227\">\n<p data-start=\"1191\" data-end=\"1227\">2x 3-i-1 magnetringar f\u00f6r skruvmejsel.<\/p>\n<\/li>\n<\/ul>\n","protected":false},"excerpt":{"rendered":"<p><span style=\"font-size: 16px; font-style: normal; font-weight: 400;\">\ud83d\udd29<\/span>Den h\u00e4r 3-i-1-magnetringen f\u00f6r skruvmejsel ger omedelbar magnetisk kontroll till din skruvmejsel eller bits.<br \/>\n\ud83e\ude9bDen hj\u00e4lper dig att h\u00e5lla skruvar s\u00e4kert, arbeta i tr\u00e5nga utrymmen och v\u00e4xla mellan magnetiserade och avmagnetiserade spetsar p\u00e5 n\u00e5gra sekunder.<br \/>\n\u2699\ufe0fEtt litet verktyg som g\u00f6r stor skillnad i hastighet, precision och bekv\u00e4mlighet.<\/p>\n","protected":false},"featured_media":17884,"comment_status":"open","ping_status":"closed","template":"","meta":{"site-sidebar-layout":"default","site-content-layout":"","ast-site-content-layout":"default","site-content-style":"default","site-sidebar-style":"default","ast-global-header-display":"","ast-banner-title-visibility":"","ast-main-header-display":"","ast-hfb-above-header-display":"","ast-hfb-below-header-display":"","ast-hfb-mobile-header-display":"","site-post-title":"","ast-breadcrumbs-content":"","ast-featured-img":"","footer-sml-layout":"","theme-transparent-header-meta":"default","adv-header-id-meta":"","stick-header-meta":"","header-above-stick-meta":"","header-main-stick-meta":"","header-below-stick-meta":"","astra-migrate-meta-layouts":"set","ast-page-background-enabled":"default","ast-page-background-meta":{"desktop":{"background-color":"var(--ast-global-color-5)","background-image":"","background-repeat":"repeat","background-position":"center center","background-size":"auto","background-attachment":"scroll","background-type":"","background-media":"","overlay-type":"","overlay-color":"","overlay-opacity":"","overlay-gradient":""},"tablet":{"background-color":"","background-image":"","background-repeat":"repeat","background-position":"center center","background-size":"auto","background-attachment":"scroll","background-type":"","background-media":"","overlay-type":"","overlay-color":"","overlay-opacity":"","overlay-gradient":""},"mobile":{"background-color":"","background-image":"","background-repeat":"repeat","background-position":"center center","background-size":"auto","background-attachment":"scroll","background-type":"","background-media":"","overlay-type":"","overlay-color":"","overlay-opacity":"","overlay-gradient":""}},"ast-content-background-meta":{"desktop":{"background-color":"var(--ast-global-color-4)","background-image":"","background-repeat":"repeat","background-position":"center center","background-size":"auto","background-attachment":"scroll","background-type":"","background-media":"","overlay-type":"","overlay-color":"","overlay-opacity":"","overlay-gradient":""},"tablet":{"background-color":"var(--ast-global-color-4)","background-image":"","background-repeat":"repeat","background-position":"center center","background-size":"auto","background-attachment":"scroll","background-type":"","background-media":"","overlay-type":"","overlay-color":"","overlay-opacity":"","overlay-gradient":""},"mobile":{"background-color":"var(--ast-global-color-4)","background-image":"","background-repeat":"repeat","background-position":"center center","background-size":"auto","background-attachment":"scroll","background-type":"","background-media":"","overlay-type":"","overlay-color":"","overlay-opacity":"","overlay-gradient":""}}},"product_brand":[],"product_cat":[171],"product_tag":[],"class_list":{"0":"post-17888","1":"product","2":"type-product","3":"status-publish","4":"has-post-thumbnail","6":"product_cat-verktyg","7":"pa_49643_6iq9on2q-bla","8":"pa_49643_6iq9on2q-gron","9":"pa_49643_6iq9on2q-gul","10":"pa_49643_6iq9on2q-lila","11":"pa_49643_6iq9on2q-rod","12":"desktop-align-left","13":"tablet-align-left","14":"mobile-align-left","16":"first","17":"instock","18":"shipping-taxable","19":"purchasable","20":"product-type-variable"},"yoast_head":"<!-- This site is optimized with the Yoast SEO plugin v26.6 - https:\/\/yoast.com\/wordpress\/plugins\/seo\/ -->\n<title>3-i-1 skruvmejsel magnetring (2 st) - Mekulo SE<\/title>\n<meta name=\"robots\" content=\"index, follow, max-snippet:-1, max-image-preview:large, max-video-preview:-1\" \/>\n<link rel=\"canonical\" href=\"https:\/\/mekulo.com\/se\/produkt\/3-i-1-skruvmejsel-magnetring-2-st\/\" \/>\n<meta property=\"og:locale\" content=\"sv_SE\" \/>\n<meta property=\"og:type\" content=\"article\" \/>\n<meta property=\"og:title\" content=\"3-i-1 skruvmejsel magnetring (2 st) - Mekulo SE\" \/>\n<meta property=\"og:description\" content=\"\ud83d\udd29Den h\u00e4r 3-i-1-magnetringen f\u00f6r skruvmejsel ger omedelbar magnetisk kontroll till din skruvmejsel eller bits. \ud83e\ude9bDen hj\u00e4lper dig att h\u00e5lla skruvar s\u00e4kert, arbeta i tr\u00e5nga utrymmen och v\u00e4xla mellan magnetiserade och avmagnetiserade spetsar p\u00e5 n\u00e5gra sekunder. \u2699\ufe0fEtt litet verktyg som g\u00f6r stor skillnad i hastighet, precision och bekv\u00e4mlighet.\" \/>\n<meta property=\"og:url\" content=\"https:\/\/mekulo.com\/se\/produkt\/3-i-1-skruvmejsel-magnetring-2-st\/\" \/>\n<meta property=\"og:site_name\" content=\"Mekulo SE\" \/>\n<meta property=\"article:modified_time\" content=\"2026-01-20T17:33:37+00:00\" \/>\n<meta property=\"og:image\" content=\"https:\/\/mekulo.com\/se\/wp-content\/uploads\/sites\/11\/2026\/01\/4y5ozp5-1.webp\" \/>\n\t<meta property=\"og:image:width\" content=\"600\" \/>\n\t<meta property=\"og:image:height\" content=\"600\" \/>\n\t<meta property=\"og:image:type\" content=\"image\/webp\" \/>\n<meta name=\"twitter:card\" content=\"summary_large_image\" \/>\n<meta name=\"twitter:label1\" content=\"Ber\u00e4knad l\u00e4stid\" \/>\n\t<meta name=\"twitter:data1\" content=\"2 minuter\" \/>\n<script type=\"application\/ld+json\" class=\"yoast-schema-graph\">{\"@context\":\"https:\/\/schema.org\",\"@graph\":[{\"@type\":\"WebPage\",\"@id\":\"https:\/\/mekulo.com\/se\/produkt\/3-i-1-skruvmejsel-magnetring-2-st\/\",\"url\":\"https:\/\/mekulo.com\/se\/produkt\/3-i-1-skruvmejsel-magnetring-2-st\/\",\"name\":\"3-i-1 skruvmejsel magnetring (2 st) - Mekulo SE\",\"isPartOf\":{\"@id\":\"https:\/\/mekulo.com\/se\/#website\"},\"primaryImageOfPage\":{\"@id\":\"https:\/\/mekulo.com\/se\/produkt\/3-i-1-skruvmejsel-magnetring-2-st\/#primaryimage\"},\"image\":{\"@id\":\"https:\/\/mekulo.com\/se\/produkt\/3-i-1-skruvmejsel-magnetring-2-st\/#primaryimage\"},\"thumbnailUrl\":\"https:\/\/mekulo.com\/se\/wp-content\/uploads\/sites\/11\/2026\/01\/4y5ozp5-1.webp\",\"datePublished\":\"2026-01-15T16:05:22+00:00\",\"dateModified\":\"2026-01-20T17:33:37+00:00\",\"breadcrumb\":{\"@id\":\"https:\/\/mekulo.com\/se\/produkt\/3-i-1-skruvmejsel-magnetring-2-st\/#breadcrumb\"},\"inLanguage\":\"sv-SE\",\"potentialAction\":[{\"@type\":\"ReadAction\",\"target\":[\"https:\/\/mekulo.com\/se\/produkt\/3-i-1-skruvmejsel-magnetring-2-st\/\"]}]},{\"@type\":\"ImageObject\",\"inLanguage\":\"sv-SE\",\"@id\":\"https:\/\/mekulo.com\/se\/produkt\/3-i-1-skruvmejsel-magnetring-2-st\/#primaryimage\",\"url\":\"https:\/\/mekulo.com\/se\/wp-content\/uploads\/sites\/11\/2026\/01\/4y5ozp5-1.webp\",\"contentUrl\":\"https:\/\/mekulo.com\/se\/wp-content\/uploads\/sites\/11\/2026\/01\/4y5ozp5-1.webp\",\"width\":600,\"height\":600},{\"@type\":\"BreadcrumbList\",\"@id\":\"https:\/\/mekulo.com\/se\/produkt\/3-i-1-skruvmejsel-magnetring-2-st\/#breadcrumb\",\"itemListElement\":[{\"@type\":\"ListItem\",\"position\":1,\"name\":\"Home\",\"item\":\"https:\/\/mekulo.com\/se\/\"},{\"@type\":\"ListItem\",\"position\":2,\"name\":\"Butik\",\"item\":\"https:\/\/mekulo.com\/se\/butik\/\"},{\"@type\":\"ListItem\",\"position\":3,\"name\":\"3-i-1 skruvmejsel magnetring (2 st)\"}]},{\"@type\":\"WebSite\",\"@id\":\"https:\/\/mekulo.com\/se\/#website\",\"url\":\"https:\/\/mekulo.com\/se\/\",\"name\":\"Mekulo SE\",\"description\":\"\",\"publisher\":{\"@id\":\"https:\/\/mekulo.com\/se\/#organization\"},\"potentialAction\":[{\"@type\":\"SearchAction\",\"target\":{\"@type\":\"EntryPoint\",\"urlTemplate\":\"https:\/\/mekulo.com\/se\/?s={search_term_string}\"},\"query-input\":{\"@type\":\"PropertyValueSpecification\",\"valueRequired\":true,\"valueName\":\"search_term_string\"}}],\"inLanguage\":\"sv-SE\"},{\"@type\":\"Organization\",\"@id\":\"https:\/\/mekulo.com\/se\/#organization\",\"name\":\"Mekulo\",\"url\":\"https:\/\/mekulo.com\/se\/\",\"logo\":{\"@type\":\"ImageObject\",\"inLanguage\":\"sv-SE\",\"@id\":\"https:\/\/mekulo.com\/se\/#\/schema\/logo\/image\/\",\"url\":\"https:\/\/mekulo.com\/se\/wp-content\/uploads\/sites\/11\/2025\/12\/favicon_mekulo.png\",\"contentUrl\":\"https:\/\/mekulo.com\/se\/wp-content\/uploads\/sites\/11\/2025\/12\/favicon_mekulo.png\",\"width\":50,\"height\":50,\"caption\":\"Mekulo\"},\"image\":{\"@id\":\"https:\/\/mekulo.com\/se\/#\/schema\/logo\/image\/\"}}]}<\/script>\n<!-- \/ Yoast SEO plugin. -->","yoast_head_json":{"title":"3-i-1 skruvmejsel magnetring (2 st) - Mekulo SE","robots":{"index":"index","follow":"follow","max-snippet":"max-snippet:-1","max-image-preview":"max-image-preview:large","max-video-preview":"max-video-preview:-1"},"canonical":"https:\/\/mekulo.com\/se\/produkt\/3-i-1-skruvmejsel-magnetring-2-st\/","og_locale":"sv_SE","og_type":"article","og_title":"3-i-1 skruvmejsel magnetring (2 st) - Mekulo SE","og_description":"\ud83d\udd29Den h\u00e4r 3-i-1-magnetringen f\u00f6r skruvmejsel ger omedelbar magnetisk kontroll till din skruvmejsel eller bits. \ud83e\ude9bDen hj\u00e4lper dig att h\u00e5lla skruvar s\u00e4kert, arbeta i tr\u00e5nga utrymmen och v\u00e4xla mellan magnetiserade och avmagnetiserade spetsar p\u00e5 n\u00e5gra sekunder. \u2699\ufe0fEtt litet verktyg som g\u00f6r stor skillnad i hastighet, precision och bekv\u00e4mlighet.","og_url":"https:\/\/mekulo.com\/se\/produkt\/3-i-1-skruvmejsel-magnetring-2-st\/","og_site_name":"Mekulo SE","article_modified_time":"2026-01-20T17:33:37+00:00","og_image":[{"width":600,"height":600,"url":"https:\/\/mekulo.com\/se\/wp-content\/uploads\/sites\/11\/2026\/01\/4y5ozp5-1.webp","type":"image\/webp"}],"twitter_card":"summary_large_image","twitter_misc":{"Ber\u00e4knad l\u00e4stid":"2 minuter"},"schema":{"@context":"https:\/\/schema.org","@graph":[{"@type":"WebPage","@id":"https:\/\/mekulo.com\/se\/produkt\/3-i-1-skruvmejsel-magnetring-2-st\/","url":"https:\/\/mekulo.com\/se\/produkt\/3-i-1-skruvmejsel-magnetring-2-st\/","name":"3-i-1 skruvmejsel magnetring (2 st) - Mekulo SE","isPartOf":{"@id":"https:\/\/mekulo.com\/se\/#website"},"primaryImageOfPage":{"@id":"https:\/\/mekulo.com\/se\/produkt\/3-i-1-skruvmejsel-magnetring-2-st\/#primaryimage"},"image":{"@id":"https:\/\/mekulo.com\/se\/produkt\/3-i-1-skruvmejsel-magnetring-2-st\/#primaryimage"},"thumbnailUrl":"https:\/\/mekulo.com\/se\/wp-content\/uploads\/sites\/11\/2026\/01\/4y5ozp5-1.webp","datePublished":"2026-01-15T16:05:22+00:00","dateModified":"2026-01-20T17:33:37+00:00","breadcrumb":{"@id":"https:\/\/mekulo.com\/se\/produkt\/3-i-1-skruvmejsel-magnetring-2-st\/#breadcrumb"},"inLanguage":"sv-SE","potentialAction":[{"@type":"ReadAction","target":["https:\/\/mekulo.com\/se\/produkt\/3-i-1-skruvmejsel-magnetring-2-st\/"]}]},{"@type":"ImageObject","inLanguage":"sv-SE","@id":"https:\/\/mekulo.com\/se\/produkt\/3-i-1-skruvmejsel-magnetring-2-st\/#primaryimage","url":"https:\/\/mekulo.com\/se\/wp-content\/uploads\/sites\/11\/2026\/01\/4y5ozp5-1.webp","contentUrl":"https:\/\/mekulo.com\/se\/wp-content\/uploads\/sites\/11\/2026\/01\/4y5ozp5-1.webp","width":600,"height":600},{"@type":"BreadcrumbList","@id":"https:\/\/mekulo.com\/se\/produkt\/3-i-1-skruvmejsel-magnetring-2-st\/#breadcrumb","itemListElement":[{"@type":"ListItem","position":1,"name":"Home","item":"https:\/\/mekulo.com\/se\/"},{"@type":"ListItem","position":2,"name":"Butik","item":"https:\/\/mekulo.com\/se\/butik\/"},{"@type":"ListItem","position":3,"name":"3-i-1 skruvmejsel magnetring (2 st)"}]},{"@type":"WebSite","@id":"https:\/\/mekulo.com\/se\/#website","url":"https:\/\/mekulo.com\/se\/","name":"Mekulo SE","description":"","publisher":{"@id":"https:\/\/mekulo.com\/se\/#organization"},"potentialAction":[{"@type":"SearchAction","target":{"@type":"EntryPoint","urlTemplate":"https:\/\/mekulo.com\/se\/?s={search_term_string}"},"query-input":{"@type":"PropertyValueSpecification","valueRequired":true,"valueName":"search_term_string"}}],"inLanguage":"sv-SE"},{"@type":"Organization","@id":"https:\/\/mekulo.com\/se\/#organization","name":"Mekulo","url":"https:\/\/mekulo.com\/se\/","logo":{"@type":"ImageObject","inLanguage":"sv-SE","@id":"https:\/\/mekulo.com\/se\/#\/schema\/logo\/image\/","url":"https:\/\/mekulo.com\/se\/wp-content\/uploads\/sites\/11\/2025\/12\/favicon_mekulo.png","contentUrl":"https:\/\/mekulo.com\/se\/wp-content\/uploads\/sites\/11\/2025\/12\/favicon_mekulo.png","width":50,"height":50,"caption":"Mekulo"},"image":{"@id":"https:\/\/mekulo.com\/se\/#\/schema\/logo\/image\/"}}]}},"_links":{"self":[{"href":"https:\/\/mekulo.com\/se\/wp-json\/wp\/v2\/product\/17888","targetHints":{"allow":["GET"]}}],"collection":[{"href":"https:\/\/mekulo.com\/se\/wp-json\/wp\/v2\/product"}],"about":[{"href":"https:\/\/mekulo.com\/se\/wp-json\/wp\/v2\/types\/product"}],"replies":[{"embeddable":true,"href":"https:\/\/mekulo.com\/se\/wp-json\/wp\/v2\/comments?post=17888"}],"wp:featuredmedia":[{"embeddable":true,"href":"https:\/\/mekulo.com\/se\/wp-json\/wp\/v2\/media\/17884"}],"wp:attachment":[{"href":"https:\/\/mekulo.com\/se\/wp-json\/wp\/v2\/media?parent=17888"}],"wp:term":[{"taxonomy":"product_brand","embeddable":true,"href":"https:\/\/mekulo.com\/se\/wp-json\/wp\/v2\/product_brand?post=17888"},{"taxonomy":"product_cat","embeddable":true,"href":"https:\/\/mekulo.com\/se\/wp-json\/wp\/v2\/product_cat?post=17888"},{"taxonomy":"product_tag","embeddable":true,"href":"https:\/\/mekulo.com\/se\/wp-json\/wp\/v2\/product_tag?post=17888"}],"curies":[{"name":"wp","href":"https:\/\/api.w.org\/{rel}","templated":true}]}}