{"id":17875,"date":"2026-01-15T18:04:15","date_gmt":"2026-01-15T16:04:15","guid":{"rendered":"https:\/\/mekulo.com\/se\/produkt\/90-graders-anslutningsverktyg-med-sugkoppar\/"},"modified":"2026-02-03T18:15:16","modified_gmt":"2026-02-03T16:15:16","slug":"90-graders-anslutningsverktyg-med-sugkoppar","status":"publish","type":"product","link":"https:\/\/mekulo.com\/se\/produkt\/90-graders-anslutningsverktyg-med-sugkoppar\/","title":{"rendered":"90-graders anslutningsverktyg med sugkoppar"},"content":{"rendered":"<p style=\"text-align: center\" data-start=\"0\" data-end=\"80\"><strong data-start=\"0\" data-end=\"80\">Skapa perfekta 90-gradersfogar snabbt och exakt med ett enkelt verktyg. \ud83d\udcd0<\/strong><\/p>\n<p data-start=\"0\" data-end=\"80\"><img fetchpriority=\"high\" decoding=\"async\" class=\"size-full wp-image-20712 aligncenter\" src=\"https:\/\/mekulo.com\/template\/wp-content\/uploads\/sites\/6\/2026\/01\/2-4.jpeg\" alt=\"\" width=\"1000\" height=\"1000\" \/><\/p>\n<h2 style=\"text-align: center\" data-start=\"318\" data-end=\"338\">Huvudsakliga f\u00f6rdelar<\/h2>\n<p data-start=\"342\" data-end=\"403\">\ud83e\uddf2 Starkt suggrepp &#8211; h\u00e5ller ytor stadigt p\u00e5 plats.<\/p>\n<p data-start=\"406\" data-end=\"470\">\ud83d\udcd0 Perfekt 90-gradersjustering &#8211; rena och exakta fogar.<\/p>\n<p data-start=\"473\" data-end=\"532\">\ud83c\udfaf Exakta nivelleringsrattar &#8211; enkel finjustering.<\/p>\n<p data-start=\"535\" data-end=\"596\">\ud83d\udee0\ufe0f H\u00e5llbar konstruktion &#8211; rostfritt st\u00e5l motst\u00e5r rost.<\/p>\n<p data-start=\"599\" data-end=\"652\">\ud83d\ude9a Kompakt &amp; b\u00e4rbar &#8211; L\u00e4tt att b\u00e4ra och f\u00f6rvara.<\/p>\n<p data-start=\"599\" data-end=\"652\"><img decoding=\"async\" class=\"size-full wp-image-20717 aligncenter\" src=\"https:\/\/mekulo.com\/template\/wp-content\/uploads\/sites\/6\/2026\/01\/3-7.jpeg\" alt=\"\" width=\"1000\" height=\"1000\" \/><\/p>\n<h2 style=\"text-align: center\" data-start=\"659\" data-end=\"676\"><strong>Hur Man Anv\u00e4nder<\/strong><\/h2>\n<ol data-start=\"678\" data-end=\"902\">\n<li data-start=\"678\" data-end=\"732\">\n<p data-start=\"681\" data-end=\"732\">S\u00e4tt sugkopparna p\u00e5 rena, sl\u00e4ta ytor.<\/p>\n<\/li>\n<li data-start=\"733\" data-end=\"790\">\n<p data-start=\"736\" data-end=\"790\">Tryck ihop handtagen f\u00f6r att l\u00e5sa sugkopparna.<\/p>\n<\/li>\n<li data-start=\"791\" data-end=\"842\">\n<p data-start=\"794\" data-end=\"842\">Justera rattarna f\u00f6r att j\u00e4mna ut och rikta in fogen.<\/p>\n<\/li>\n<li data-start=\"843\" data-end=\"902\">\n<p data-start=\"846\" data-end=\"902\">Sl\u00e4pp handtagen i 90\u00b0 vinkel f\u00f6r att ta bort verktyget.<\/p>\n<\/li>\n<\/ol>\n<h2 style=\"text-align: center\" data-start=\"909\" data-end=\"931\"><strong>Produktdetaljer<\/strong><\/h2>\n<ul data-start=\"933\" data-end=\"1333\">\n<li data-start=\"995\" data-end=\"1034\">\n<p data-start=\"997\" data-end=\"1034\">Material: Rostfritt st\u00e5l + plast<\/p>\n<\/li>\n<li data-start=\"1053\" data-end=\"1084\">\n<p data-start=\"1055\" data-end=\"1084\">Sugkoppens diameter: 56 mm<\/p>\n<\/li>\n<li data-start=\"1085\" data-end=\"1174\">\n<p data-start=\"1087\" data-end=\"1096\">Vikt:<\/p>\n<ul data-start=\"1099\" data-end=\"1174\">\n<li data-start=\"1099\" data-end=\"1136\">\n<p data-start=\"1101\" data-end=\"1136\">Dubbel sugkopp: ca 224 g<\/p>\n<\/li>\n<li data-start=\"1139\" data-end=\"1174\">\n<p data-start=\"1141\" data-end=\"1174\">Fyra sugkoppar: ca 362 g<\/p>\n<\/li>\n<\/ul>\n<\/li>\n<li data-start=\"1175\" data-end=\"1278\">\n<p data-start=\"1177\" data-end=\"1192\">Storleksalternativ:<\/p>\n<ul data-start=\"1195\" data-end=\"1278\">\n<li data-start=\"1195\" data-end=\"1236\">\n<p data-start=\"1197\" data-end=\"1236\">Dubbel sugkopp: 180 x 28 x 130 mm<\/p>\n<\/li>\n<li data-start=\"1239\" data-end=\"1278\">\n<p data-start=\"1241\" data-end=\"1278\">Fyra sugkoppar: 180 x 42 x 130 mm<\/p>\n<\/li>\n<\/ul>\n<\/li>\n<li data-start=\"1279\" data-end=\"1333\">\n<p data-start=\"1281\" data-end=\"1333\">L\u00e4mplig f\u00f6r: Marmor, sten, kakel, keramik, glas<\/p>\n<\/li>\n<\/ul>\n<h2 style=\"text-align: center\" data-start=\"1340\" data-end=\"1363\"><strong>F\u00f6rpackningen inneh\u00e5ller<\/strong><\/h2>\n<ul data-start=\"1365\" data-end=\"1416\">\n<li data-start=\"1365\" data-end=\"1416\">\n<p data-start=\"1367\" data-end=\"1416\">1x 90-graders anslutningsverktyg med sugkoppar.<\/p>\n<\/li>\n<\/ul>\n","protected":false},"excerpt":{"rendered":"<p>\ud83e\uddf2Detta 90-graders anslutningsverktyg med sugkoppar hj\u00e4lper dig att rikta in, j\u00e4mna ut och sammanfoga ytor med precision.<br \/>\n\ud83d\udee0\ufe0fDen \u00e4r perfekt f\u00f6r b\u00e4nkskivans skarvar och r\u00e4tvinkliga fogar, vilket ger dig rena, professionella resultat p\u00e5 sten, kakel och glas.<br \/>\n<span style=\"font-size: 16px;font-style: normal;font-weight: 400\">\u2705<\/span>Ett p\u00e5litligt verktyg f\u00f6r smidig, exakt och professionell foginstallation varje g\u00e5ng.<\/p>\n","protected":false},"featured_media":17871,"comment_status":"open","ping_status":"closed","template":"","meta":{"site-sidebar-layout":"default","site-content-layout":"","ast-site-content-layout":"default","site-content-style":"default","site-sidebar-style":"default","ast-global-header-display":"","ast-banner-title-visibility":"","ast-main-header-display":"","ast-hfb-above-header-display":"","ast-hfb-below-header-display":"","ast-hfb-mobile-header-display":"","site-post-title":"","ast-breadcrumbs-content":"","ast-featured-img":"","footer-sml-layout":"","theme-transparent-header-meta":"default","adv-header-id-meta":"","stick-header-meta":"","header-above-stick-meta":"","header-main-stick-meta":"","header-below-stick-meta":"","astra-migrate-meta-layouts":"set","ast-page-background-enabled":"default","ast-page-background-meta":{"desktop":{"background-color":"var(--ast-global-color-5)","background-image":"","background-repeat":"repeat","background-position":"center center","background-size":"auto","background-attachment":"scroll","background-type":"","background-media":"","overlay-type":"","overlay-color":"","overlay-opacity":"","overlay-gradient":""},"tablet":{"background-color":"","background-image":"","background-repeat":"repeat","background-position":"center center","background-size":"auto","background-attachment":"scroll","background-type":"","background-media":"","overlay-type":"","overlay-color":"","overlay-opacity":"","overlay-gradient":""},"mobile":{"background-color":"","background-image":"","background-repeat":"repeat","background-position":"center center","background-size":"auto","background-attachment":"scroll","background-type":"","background-media":"","overlay-type":"","overlay-color":"","overlay-opacity":"","overlay-gradient":""}},"ast-content-background-meta":{"desktop":{"background-color":"var(--ast-global-color-4)","background-image":"","background-repeat":"repeat","background-position":"center center","background-size":"auto","background-attachment":"scroll","background-type":"","background-media":"","overlay-type":"","overlay-color":"","overlay-opacity":"","overlay-gradient":""},"tablet":{"background-color":"var(--ast-global-color-4)","background-image":"","background-repeat":"repeat","background-position":"center center","background-size":"auto","background-attachment":"scroll","background-type":"","background-media":"","overlay-type":"","overlay-color":"","overlay-opacity":"","overlay-gradient":""},"mobile":{"background-color":"var(--ast-global-color-4)","background-image":"","background-repeat":"repeat","background-position":"center center","background-size":"auto","background-attachment":"scroll","background-type":"","background-media":"","overlay-type":"","overlay-color":"","overlay-opacity":"","overlay-gradient":""}}},"product_brand":[],"product_cat":[171],"product_tag":[],"class_list":{"0":"post-17875","1":"product","2":"type-product","3":"status-publish","4":"has-post-thumbnail","6":"product_cat-verktyg","7":"pa_49616_4zbqqprp-dubbel-sugkopp","8":"pa_49616_4zbqqprp-fyra-sugkoppar","9":"desktop-align-left","10":"tablet-align-left","11":"mobile-align-left","13":"first","14":"instock","15":"shipping-taxable","16":"purchasable","17":"product-type-variable"},"yoast_head":"<!-- This site is optimized with the Yoast SEO plugin v26.6 - https:\/\/yoast.com\/wordpress\/plugins\/seo\/ -->\n<title>90-graders anslutningsverktyg med sugkoppar - Mekulo SE<\/title>\n<meta name=\"robots\" content=\"index, follow, max-snippet:-1, max-image-preview:large, max-video-preview:-1\" \/>\n<link rel=\"canonical\" href=\"https:\/\/mekulo.com\/se\/produkt\/90-graders-anslutningsverktyg-med-sugkoppar\/\" \/>\n<meta property=\"og:locale\" content=\"sv_SE\" \/>\n<meta property=\"og:type\" content=\"article\" \/>\n<meta property=\"og:title\" content=\"90-graders anslutningsverktyg med sugkoppar - Mekulo SE\" \/>\n<meta property=\"og:description\" content=\"\ud83e\uddf2Detta 90-graders anslutningsverktyg med sugkoppar hj\u00e4lper dig att rikta in, j\u00e4mna ut och sammanfoga ytor med precision. \ud83d\udee0\ufe0fDen \u00e4r perfekt f\u00f6r b\u00e4nkskivans skarvar och r\u00e4tvinkliga fogar, vilket ger dig rena, professionella resultat p\u00e5 sten, kakel och glas. \u2705Ett p\u00e5litligt verktyg f\u00f6r smidig, exakt och professionell foginstallation varje g\u00e5ng.\" \/>\n<meta property=\"og:url\" content=\"https:\/\/mekulo.com\/se\/produkt\/90-graders-anslutningsverktyg-med-sugkoppar\/\" \/>\n<meta property=\"og:site_name\" content=\"Mekulo SE\" \/>\n<meta property=\"article:modified_time\" content=\"2026-02-03T16:15:16+00:00\" \/>\n<meta property=\"og:image\" content=\"https:\/\/mekulo.com\/se\/wp-content\/uploads\/sites\/11\/2026\/01\/vnpjqsd-1.jpeg\" \/>\n\t<meta property=\"og:image:width\" content=\"1000\" \/>\n\t<meta property=\"og:image:height\" content=\"1000\" \/>\n\t<meta property=\"og:image:type\" content=\"image\/jpeg\" \/>\n<meta name=\"twitter:card\" content=\"summary_large_image\" \/>\n<meta name=\"twitter:label1\" content=\"Ber\u00e4knad l\u00e4stid\" \/>\n\t<meta name=\"twitter:data1\" content=\"2 minuter\" \/>\n<script type=\"application\/ld+json\" class=\"yoast-schema-graph\">{\"@context\":\"https:\/\/schema.org\",\"@graph\":[{\"@type\":\"WebPage\",\"@id\":\"https:\/\/mekulo.com\/se\/produkt\/90-graders-anslutningsverktyg-med-sugkoppar\/\",\"url\":\"https:\/\/mekulo.com\/se\/produkt\/90-graders-anslutningsverktyg-med-sugkoppar\/\",\"name\":\"90-graders anslutningsverktyg med sugkoppar - Mekulo SE\",\"isPartOf\":{\"@id\":\"https:\/\/mekulo.com\/se\/#website\"},\"primaryImageOfPage\":{\"@id\":\"https:\/\/mekulo.com\/se\/produkt\/90-graders-anslutningsverktyg-med-sugkoppar\/#primaryimage\"},\"image\":{\"@id\":\"https:\/\/mekulo.com\/se\/produkt\/90-graders-anslutningsverktyg-med-sugkoppar\/#primaryimage\"},\"thumbnailUrl\":\"https:\/\/mekulo.com\/se\/wp-content\/uploads\/sites\/11\/2026\/01\/vnpjqsd-1.jpeg\",\"datePublished\":\"2026-01-15T16:04:15+00:00\",\"dateModified\":\"2026-02-03T16:15:16+00:00\",\"breadcrumb\":{\"@id\":\"https:\/\/mekulo.com\/se\/produkt\/90-graders-anslutningsverktyg-med-sugkoppar\/#breadcrumb\"},\"inLanguage\":\"sv-SE\",\"potentialAction\":[{\"@type\":\"ReadAction\",\"target\":[\"https:\/\/mekulo.com\/se\/produkt\/90-graders-anslutningsverktyg-med-sugkoppar\/\"]}]},{\"@type\":\"ImageObject\",\"inLanguage\":\"sv-SE\",\"@id\":\"https:\/\/mekulo.com\/se\/produkt\/90-graders-anslutningsverktyg-med-sugkoppar\/#primaryimage\",\"url\":\"https:\/\/mekulo.com\/se\/wp-content\/uploads\/sites\/11\/2026\/01\/vnpjqsd-1.jpeg\",\"contentUrl\":\"https:\/\/mekulo.com\/se\/wp-content\/uploads\/sites\/11\/2026\/01\/vnpjqsd-1.jpeg\",\"width\":1000,\"height\":1000},{\"@type\":\"BreadcrumbList\",\"@id\":\"https:\/\/mekulo.com\/se\/produkt\/90-graders-anslutningsverktyg-med-sugkoppar\/#breadcrumb\",\"itemListElement\":[{\"@type\":\"ListItem\",\"position\":1,\"name\":\"Home\",\"item\":\"https:\/\/mekulo.com\/se\/\"},{\"@type\":\"ListItem\",\"position\":2,\"name\":\"Butik\",\"item\":\"https:\/\/mekulo.com\/se\/butik\/\"},{\"@type\":\"ListItem\",\"position\":3,\"name\":\"90-graders anslutningsverktyg med sugkoppar\"}]},{\"@type\":\"WebSite\",\"@id\":\"https:\/\/mekulo.com\/se\/#website\",\"url\":\"https:\/\/mekulo.com\/se\/\",\"name\":\"Mekulo SE\",\"description\":\"\",\"publisher\":{\"@id\":\"https:\/\/mekulo.com\/se\/#organization\"},\"potentialAction\":[{\"@type\":\"SearchAction\",\"target\":{\"@type\":\"EntryPoint\",\"urlTemplate\":\"https:\/\/mekulo.com\/se\/?s={search_term_string}\"},\"query-input\":{\"@type\":\"PropertyValueSpecification\",\"valueRequired\":true,\"valueName\":\"search_term_string\"}}],\"inLanguage\":\"sv-SE\"},{\"@type\":\"Organization\",\"@id\":\"https:\/\/mekulo.com\/se\/#organization\",\"name\":\"Mekulo\",\"url\":\"https:\/\/mekulo.com\/se\/\",\"logo\":{\"@type\":\"ImageObject\",\"inLanguage\":\"sv-SE\",\"@id\":\"https:\/\/mekulo.com\/se\/#\/schema\/logo\/image\/\",\"url\":\"https:\/\/mekulo.com\/se\/wp-content\/uploads\/sites\/11\/2025\/12\/favicon_mekulo.png\",\"contentUrl\":\"https:\/\/mekulo.com\/se\/wp-content\/uploads\/sites\/11\/2025\/12\/favicon_mekulo.png\",\"width\":50,\"height\":50,\"caption\":\"Mekulo\"},\"image\":{\"@id\":\"https:\/\/mekulo.com\/se\/#\/schema\/logo\/image\/\"}}]}<\/script>\n<!-- \/ Yoast SEO plugin. -->","yoast_head_json":{"title":"90-graders anslutningsverktyg med sugkoppar - Mekulo SE","robots":{"index":"index","follow":"follow","max-snippet":"max-snippet:-1","max-image-preview":"max-image-preview:large","max-video-preview":"max-video-preview:-1"},"canonical":"https:\/\/mekulo.com\/se\/produkt\/90-graders-anslutningsverktyg-med-sugkoppar\/","og_locale":"sv_SE","og_type":"article","og_title":"90-graders anslutningsverktyg med sugkoppar - Mekulo SE","og_description":"\ud83e\uddf2Detta 90-graders anslutningsverktyg med sugkoppar hj\u00e4lper dig att rikta in, j\u00e4mna ut och sammanfoga ytor med precision. \ud83d\udee0\ufe0fDen \u00e4r perfekt f\u00f6r b\u00e4nkskivans skarvar och r\u00e4tvinkliga fogar, vilket ger dig rena, professionella resultat p\u00e5 sten, kakel och glas. \u2705Ett p\u00e5litligt verktyg f\u00f6r smidig, exakt och professionell foginstallation varje g\u00e5ng.","og_url":"https:\/\/mekulo.com\/se\/produkt\/90-graders-anslutningsverktyg-med-sugkoppar\/","og_site_name":"Mekulo SE","article_modified_time":"2026-02-03T16:15:16+00:00","og_image":[{"width":1000,"height":1000,"url":"https:\/\/mekulo.com\/se\/wp-content\/uploads\/sites\/11\/2026\/01\/vnpjqsd-1.jpeg","type":"image\/jpeg"}],"twitter_card":"summary_large_image","twitter_misc":{"Ber\u00e4knad l\u00e4stid":"2 minuter"},"schema":{"@context":"https:\/\/schema.org","@graph":[{"@type":"WebPage","@id":"https:\/\/mekulo.com\/se\/produkt\/90-graders-anslutningsverktyg-med-sugkoppar\/","url":"https:\/\/mekulo.com\/se\/produkt\/90-graders-anslutningsverktyg-med-sugkoppar\/","name":"90-graders anslutningsverktyg med sugkoppar - Mekulo SE","isPartOf":{"@id":"https:\/\/mekulo.com\/se\/#website"},"primaryImageOfPage":{"@id":"https:\/\/mekulo.com\/se\/produkt\/90-graders-anslutningsverktyg-med-sugkoppar\/#primaryimage"},"image":{"@id":"https:\/\/mekulo.com\/se\/produkt\/90-graders-anslutningsverktyg-med-sugkoppar\/#primaryimage"},"thumbnailUrl":"https:\/\/mekulo.com\/se\/wp-content\/uploads\/sites\/11\/2026\/01\/vnpjqsd-1.jpeg","datePublished":"2026-01-15T16:04:15+00:00","dateModified":"2026-02-03T16:15:16+00:00","breadcrumb":{"@id":"https:\/\/mekulo.com\/se\/produkt\/90-graders-anslutningsverktyg-med-sugkoppar\/#breadcrumb"},"inLanguage":"sv-SE","potentialAction":[{"@type":"ReadAction","target":["https:\/\/mekulo.com\/se\/produkt\/90-graders-anslutningsverktyg-med-sugkoppar\/"]}]},{"@type":"ImageObject","inLanguage":"sv-SE","@id":"https:\/\/mekulo.com\/se\/produkt\/90-graders-anslutningsverktyg-med-sugkoppar\/#primaryimage","url":"https:\/\/mekulo.com\/se\/wp-content\/uploads\/sites\/11\/2026\/01\/vnpjqsd-1.jpeg","contentUrl":"https:\/\/mekulo.com\/se\/wp-content\/uploads\/sites\/11\/2026\/01\/vnpjqsd-1.jpeg","width":1000,"height":1000},{"@type":"BreadcrumbList","@id":"https:\/\/mekulo.com\/se\/produkt\/90-graders-anslutningsverktyg-med-sugkoppar\/#breadcrumb","itemListElement":[{"@type":"ListItem","position":1,"name":"Home","item":"https:\/\/mekulo.com\/se\/"},{"@type":"ListItem","position":2,"name":"Butik","item":"https:\/\/mekulo.com\/se\/butik\/"},{"@type":"ListItem","position":3,"name":"90-graders anslutningsverktyg med sugkoppar"}]},{"@type":"WebSite","@id":"https:\/\/mekulo.com\/se\/#website","url":"https:\/\/mekulo.com\/se\/","name":"Mekulo SE","description":"","publisher":{"@id":"https:\/\/mekulo.com\/se\/#organization"},"potentialAction":[{"@type":"SearchAction","target":{"@type":"EntryPoint","urlTemplate":"https:\/\/mekulo.com\/se\/?s={search_term_string}"},"query-input":{"@type":"PropertyValueSpecification","valueRequired":true,"valueName":"search_term_string"}}],"inLanguage":"sv-SE"},{"@type":"Organization","@id":"https:\/\/mekulo.com\/se\/#organization","name":"Mekulo","url":"https:\/\/mekulo.com\/se\/","logo":{"@type":"ImageObject","inLanguage":"sv-SE","@id":"https:\/\/mekulo.com\/se\/#\/schema\/logo\/image\/","url":"https:\/\/mekulo.com\/se\/wp-content\/uploads\/sites\/11\/2025\/12\/favicon_mekulo.png","contentUrl":"https:\/\/mekulo.com\/se\/wp-content\/uploads\/sites\/11\/2025\/12\/favicon_mekulo.png","width":50,"height":50,"caption":"Mekulo"},"image":{"@id":"https:\/\/mekulo.com\/se\/#\/schema\/logo\/image\/"}}]}},"_links":{"self":[{"href":"https:\/\/mekulo.com\/se\/wp-json\/wp\/v2\/product\/17875","targetHints":{"allow":["GET"]}}],"collection":[{"href":"https:\/\/mekulo.com\/se\/wp-json\/wp\/v2\/product"}],"about":[{"href":"https:\/\/mekulo.com\/se\/wp-json\/wp\/v2\/types\/product"}],"replies":[{"embeddable":true,"href":"https:\/\/mekulo.com\/se\/wp-json\/wp\/v2\/comments?post=17875"}],"wp:featuredmedia":[{"embeddable":true,"href":"https:\/\/mekulo.com\/se\/wp-json\/wp\/v2\/media\/17871"}],"wp:attachment":[{"href":"https:\/\/mekulo.com\/se\/wp-json\/wp\/v2\/media?parent=17875"}],"wp:term":[{"taxonomy":"product_brand","embeddable":true,"href":"https:\/\/mekulo.com\/se\/wp-json\/wp\/v2\/product_brand?post=17875"},{"taxonomy":"product_cat","embeddable":true,"href":"https:\/\/mekulo.com\/se\/wp-json\/wp\/v2\/product_cat?post=17875"},{"taxonomy":"product_tag","embeddable":true,"href":"https:\/\/mekulo.com\/se\/wp-json\/wp\/v2\/product_tag?post=17875"}],"curies":[{"name":"wp","href":"https:\/\/api.w.org\/{rel}","templated":true}]}}