{"id":17818,"date":"2026-01-15T18:01:32","date_gmt":"2026-01-15T16:01:32","guid":{"rendered":"https:\/\/mekulo.com\/se\/produkt\/varma-plyschtights\/"},"modified":"2026-01-20T19:28:17","modified_gmt":"2026-01-20T17:28:17","slug":"varma-plyschtights","status":"publish","type":"product","link":"https:\/\/mekulo.com\/se\/produkt\/varma-plyschtights\/","title":{"rendered":"Varma plyschtights"},"content":{"rendered":"<p style=\"text-align: center;\" data-start=\"0\" data-end=\"72\"><strong data-start=\"0\" data-end=\"72\">H\u00e5ll dig varm p\u00e5 vintern samtidigt som du beh\u00e5ller utseendet p\u00e5 skira, snygga tights. \ud83e\uddb5<\/strong><\/p>\n<p data-start=\"0\" data-end=\"72\"><img decoding=\"async\" class=\"size-full wp-image-20827 aligncenter\" src=\"https:\/\/mekulo.com\/template\/wp-content\/uploads\/sites\/6\/2026\/01\/de97a32db7d7a07624509452070555ebfbaf80fa16e117adc5c104a204a08dc4-700.avif\" alt=\"\" \/><\/p>\n<h2 style=\"text-align: center;\" data-start=\"332\" data-end=\"352\"><strong>Huvudsakliga f\u00f6rdelar \u2744\ufe0f<\/strong><\/h2>\n<p data-start=\"355\" data-end=\"420\">\ud83d\udd25 Varmt plyschfoder &#8211; H\u00e5ller dina ben mysiga i kallt v\u00e4der.<\/p>\n<p data-start=\"423\" data-end=\"489\">\ud83d\udc57 Skir design &#8211; Snyggt utseende med dold v\u00e4rme.<\/p>\n<p data-start=\"492\" data-end=\"553\">\u2728 Bantningseffekt &#8211; Formar benen och sl\u00e4tar ut magen.<\/p>\n<p data-start=\"556\" data-end=\"622\">\ud83e\udd38 Super stretchig &#8211; R\u00f6r sig med kroppen utan begr\u00e4nsning.<\/p>\n<p data-start=\"625\" data-end=\"677\">\ud83e\udeb6 L\u00e4tt k\u00e4nsla &#8211; Inga tunga eller skrymmande lager.<\/p>\n<p data-start=\"680\" data-end=\"746\">\ud83d\udc60 L\u00e4tt att styla &#8211; Matchar kl\u00e4nningar, kjolar, st\u00f6vlar och klackar.<\/p>\n<p data-start=\"680\" data-end=\"746\"><img fetchpriority=\"high\" decoding=\"async\" class=\"size-full wp-image-20829 aligncenter\" src=\"https:\/\/mekulo.com\/template\/wp-content\/uploads\/sites\/6\/2026\/01\/Sbf498a4a3e84412bb819ba837fea82fcU.jpg_960x960q75.jpg_.avif\" alt=\"\" width=\"800\" height=\"800\" \/><\/p>\n<h2 style=\"text-align: center;\" data-start=\"753\" data-end=\"767\"><strong>Anv\u00e4ndning \ud83d\udccc<\/strong><\/h2>\n<ol data-start=\"768\" data-end=\"1028\">\n<li data-start=\"768\" data-end=\"814\">\n<p data-start=\"771\" data-end=\"814\">Ta p\u00e5 dig strumpbyxorna som vanliga strumpor.<\/p>\n<\/li>\n<li data-start=\"815\" data-end=\"875\">\n<p data-start=\"818\" data-end=\"875\">Justera den h\u00f6ga midjan f\u00f6r en bekv\u00e4m och s\u00e4ker passform.<\/p>\n<\/li>\n<li data-start=\"876\" data-end=\"925\">\n<p data-start=\"879\" data-end=\"925\">Kombinera med kl\u00e4nningar, kjolar eller l\u00e5nga tr\u00f6jor.<\/p>\n<\/li>\n<li data-start=\"926\" data-end=\"977\">\n<p data-start=\"929\" data-end=\"977\">B\u00e4r ensam eller under kl\u00e4der f\u00f6r extra v\u00e4rme.<\/p>\n<\/li>\n<li data-start=\"978\" data-end=\"1028\">\n<p data-start=\"981\" data-end=\"1028\">Tv\u00e4tta f\u00f6rsiktigt och lufttorka f\u00f6r l\u00e5ngvarig anv\u00e4ndning.<\/p>\n<\/li>\n<\/ol>\n<h2 style=\"text-align: center;\" data-start=\"1035\" data-end=\"1054\"><strong>Produktdetaljer \ud83d\udccf<\/strong><\/h2>\n<ul data-start=\"1055\" data-end=\"1430\">\n<li data-start=\"1091\" data-end=\"1124\">\n<p data-start=\"1093\" data-end=\"1124\">Material: Sammetsplyschfoder<\/p>\n<\/li>\n<li data-start=\"1144\" data-end=\"1202\">\n<p data-start=\"1146\" data-end=\"1202\">Byxans l\u00e4ngd: Ca. 88 cm (stretchbar upp till 130 cm)<\/p>\n<\/li>\n<li data-start=\"1203\" data-end=\"1237\">\n<p data-start=\"1205\" data-end=\"1237\">Rekommenderad l\u00e4ngd: 150-178 cm<\/p>\n<\/li>\n<li data-start=\"1238\" data-end=\"1270\">\n<p data-start=\"1240\" data-end=\"1270\">Rekommenderad vikt: 40-70 kg<\/p>\n<\/li>\n<li data-start=\"1271\" data-end=\"1306\">\n<p data-start=\"1273\" data-end=\"1306\">Rekommenderad h\u00f6ftstorlek: 85-110 cm<\/p>\n<\/li>\n<li data-start=\"1307\" data-end=\"1343\">\n<p data-start=\"1309\" data-end=\"1343\">Vristpassform: Upp till ca 93,3 cm<\/p>\n<\/li>\n<li data-start=\"1344\" data-end=\"1400\">\n<p data-start=\"1346\" data-end=\"1400\">Design: H\u00f6g midja, skir utseende med plyschig insida<\/p>\n<\/li>\n<li data-start=\"1401\" data-end=\"1430\">\n<p data-start=\"1403\" data-end=\"1430\">S\u00e4song: H\u00f6st och vinter<\/p>\n<\/li>\n<\/ul>\n<h2 style=\"text-align: center;\" data-start=\"1437\" data-end=\"1457\"><strong>Paketet inneh\u00e5ller \ud83d\udce6<\/strong><\/h2>\n<ul data-start=\"1458\" data-end=\"1492\" data-is-last-node=\"\" data-is-only-node=\"\">\n<li data-start=\"1458\" data-end=\"1492\" data-is-last-node=\"\">\n<p data-start=\"1460\" data-end=\"1492\" data-is-last-node=\"\">1, 2, 3x par varma plyschtights.<\/p>\n<\/li>\n<\/ul>\n","protected":false},"excerpt":{"rendered":"<p>\ud83d\udd25De h\u00e4r varma plyschtightsen ser ut som vanliga skira tights p\u00e5 utsidan men \u00e4r fodrade med mjuk sammetsplysch p\u00e5 insidan f\u00f6r att h\u00e5lla dig varm.<br \/>\n\ud83d\udc57De smalnar benen, sl\u00e4tar ut midjan och matchar l\u00e4tt med kl\u00e4nningar, kjolar och vinterkl\u00e4der utan att k\u00e4nnas skrymmande.<br \/>\n\ud83e\udd76Det g\u00f6r dem perfekta f\u00f6r att h\u00e5lla sig snygga och bekv\u00e4ma under kalla dagar.<\/p>\n","protected":false},"featured_media":17814,"comment_status":"open","ping_status":"closed","template":"","meta":{"site-sidebar-layout":"default","site-content-layout":"","ast-site-content-layout":"default","site-content-style":"default","site-sidebar-style":"default","ast-global-header-display":"","ast-banner-title-visibility":"","ast-main-header-display":"","ast-hfb-above-header-display":"","ast-hfb-below-header-display":"","ast-hfb-mobile-header-display":"","site-post-title":"","ast-breadcrumbs-content":"","ast-featured-img":"","footer-sml-layout":"","theme-transparent-header-meta":"default","adv-header-id-meta":"","stick-header-meta":"","header-above-stick-meta":"","header-main-stick-meta":"","header-below-stick-meta":"","astra-migrate-meta-layouts":"set","ast-page-background-enabled":"default","ast-page-background-meta":{"desktop":{"background-color":"var(--ast-global-color-5)","background-image":"","background-repeat":"repeat","background-position":"center center","background-size":"auto","background-attachment":"scroll","background-type":"","background-media":"","overlay-type":"","overlay-color":"","overlay-opacity":"","overlay-gradient":""},"tablet":{"background-color":"","background-image":"","background-repeat":"repeat","background-position":"center center","background-size":"auto","background-attachment":"scroll","background-type":"","background-media":"","overlay-type":"","overlay-color":"","overlay-opacity":"","overlay-gradient":""},"mobile":{"background-color":"","background-image":"","background-repeat":"repeat","background-position":"center center","background-size":"auto","background-attachment":"scroll","background-type":"","background-media":"","overlay-type":"","overlay-color":"","overlay-opacity":"","overlay-gradient":""}},"ast-content-background-meta":{"desktop":{"background-color":"var(--ast-global-color-4)","background-image":"","background-repeat":"repeat","background-position":"center center","background-size":"auto","background-attachment":"scroll","background-type":"","background-media":"","overlay-type":"","overlay-color":"","overlay-opacity":"","overlay-gradient":""},"tablet":{"background-color":"var(--ast-global-color-4)","background-image":"","background-repeat":"repeat","background-position":"center center","background-size":"auto","background-attachment":"scroll","background-type":"","background-media":"","overlay-type":"","overlay-color":"","overlay-opacity":"","overlay-gradient":""},"mobile":{"background-color":"var(--ast-global-color-4)","background-image":"","background-repeat":"repeat","background-position":"center center","background-size":"auto","background-attachment":"scroll","background-type":"","background-media":"","overlay-type":"","overlay-color":"","overlay-opacity":"","overlay-gradient":""}}},"product_brand":[],"product_cat":[164,165],"product_tag":[],"class_list":{"0":"post-17818","1":"product","2":"type-product","3":"status-publish","4":"has-post-thumbnail","6":"product_cat-klader-for-kvinnor","7":"product_cat-skor-accessoarer","8":"pa_49433_3s4w7xwb-1-par","9":"pa_49433_3s4w7xwb-2-par","10":"pa_49433_3s4w7xwb-3-par","11":"pa_49433_9a5bxe0p-gra","12":"pa_49433_9a5bxe0p-gron","13":"pa_49433_9a5bxe0p-hudfarg","14":"pa_49433_9a5bxe0p-kaffe","15":"pa_49433_9a5bxe0p-lila","16":"pa_49433_9a5bxe0p-marinbla","17":"pa_49433_9a5bxe0p-morkrod","18":"pa_49433_9a5bxe0p-svart","19":"desktop-align-left","20":"tablet-align-left","21":"mobile-align-left","23":"first","24":"instock","25":"shipping-taxable","26":"purchasable","27":"product-type-variable","28":"has-default-attributes"},"yoast_head":"<!-- This site is optimized with the Yoast SEO plugin v26.6 - https:\/\/yoast.com\/wordpress\/plugins\/seo\/ -->\n<title>Varma plyschtights - Mekulo SE<\/title>\n<meta name=\"robots\" content=\"index, follow, max-snippet:-1, max-image-preview:large, max-video-preview:-1\" \/>\n<link rel=\"canonical\" href=\"https:\/\/mekulo.com\/se\/produkt\/varma-plyschtights\/\" \/>\n<meta property=\"og:locale\" content=\"sv_SE\" \/>\n<meta property=\"og:type\" content=\"article\" \/>\n<meta property=\"og:title\" content=\"Varma plyschtights - Mekulo SE\" \/>\n<meta property=\"og:description\" content=\"\ud83d\udd25De h\u00e4r varma plyschtightsen ser ut som vanliga skira tights p\u00e5 utsidan men \u00e4r fodrade med mjuk sammetsplysch p\u00e5 insidan f\u00f6r att h\u00e5lla dig varm. \ud83d\udc57De smalnar benen, sl\u00e4tar ut midjan och matchar l\u00e4tt med kl\u00e4nningar, kjolar och vinterkl\u00e4der utan att k\u00e4nnas skrymmande. \ud83e\udd76Det g\u00f6r dem perfekta f\u00f6r att h\u00e5lla sig snygga och bekv\u00e4ma under kalla dagar.\" \/>\n<meta property=\"og:url\" content=\"https:\/\/mekulo.com\/se\/produkt\/varma-plyschtights\/\" \/>\n<meta property=\"og:site_name\" content=\"Mekulo SE\" \/>\n<meta property=\"article:modified_time\" content=\"2026-01-20T17:28:17+00:00\" \/>\n<meta property=\"og:image\" content=\"https:\/\/mekulo.com\/se\/wp-content\/uploads\/sites\/11\/2026\/01\/df8p54b-1.jpg\" \/>\n\t<meta property=\"og:image:width\" content=\"800\" \/>\n\t<meta property=\"og:image:height\" content=\"800\" \/>\n\t<meta property=\"og:image:type\" content=\"image\/jpeg\" \/>\n<meta name=\"twitter:card\" content=\"summary_large_image\" \/>\n<meta name=\"twitter:label1\" content=\"Ber\u00e4knad l\u00e4stid\" \/>\n\t<meta name=\"twitter:data1\" content=\"2 minuter\" \/>\n<script type=\"application\/ld+json\" class=\"yoast-schema-graph\">{\"@context\":\"https:\/\/schema.org\",\"@graph\":[{\"@type\":\"WebPage\",\"@id\":\"https:\/\/mekulo.com\/se\/produkt\/varma-plyschtights\/\",\"url\":\"https:\/\/mekulo.com\/se\/produkt\/varma-plyschtights\/\",\"name\":\"Varma plyschtights - Mekulo SE\",\"isPartOf\":{\"@id\":\"https:\/\/mekulo.com\/se\/#website\"},\"primaryImageOfPage\":{\"@id\":\"https:\/\/mekulo.com\/se\/produkt\/varma-plyschtights\/#primaryimage\"},\"image\":{\"@id\":\"https:\/\/mekulo.com\/se\/produkt\/varma-plyschtights\/#primaryimage\"},\"thumbnailUrl\":\"https:\/\/mekulo.com\/se\/wp-content\/uploads\/sites\/11\/2026\/01\/df8p54b-1.jpg\",\"datePublished\":\"2026-01-15T16:01:32+00:00\",\"dateModified\":\"2026-01-20T17:28:17+00:00\",\"breadcrumb\":{\"@id\":\"https:\/\/mekulo.com\/se\/produkt\/varma-plyschtights\/#breadcrumb\"},\"inLanguage\":\"sv-SE\",\"potentialAction\":[{\"@type\":\"ReadAction\",\"target\":[\"https:\/\/mekulo.com\/se\/produkt\/varma-plyschtights\/\"]}]},{\"@type\":\"ImageObject\",\"inLanguage\":\"sv-SE\",\"@id\":\"https:\/\/mekulo.com\/se\/produkt\/varma-plyschtights\/#primaryimage\",\"url\":\"https:\/\/mekulo.com\/se\/wp-content\/uploads\/sites\/11\/2026\/01\/df8p54b-1.jpg\",\"contentUrl\":\"https:\/\/mekulo.com\/se\/wp-content\/uploads\/sites\/11\/2026\/01\/df8p54b-1.jpg\",\"width\":800,\"height\":800},{\"@type\":\"BreadcrumbList\",\"@id\":\"https:\/\/mekulo.com\/se\/produkt\/varma-plyschtights\/#breadcrumb\",\"itemListElement\":[{\"@type\":\"ListItem\",\"position\":1,\"name\":\"Home\",\"item\":\"https:\/\/mekulo.com\/se\/\"},{\"@type\":\"ListItem\",\"position\":2,\"name\":\"Butik\",\"item\":\"https:\/\/mekulo.com\/se\/butik\/\"},{\"@type\":\"ListItem\",\"position\":3,\"name\":\"Varma plyschtights\"}]},{\"@type\":\"WebSite\",\"@id\":\"https:\/\/mekulo.com\/se\/#website\",\"url\":\"https:\/\/mekulo.com\/se\/\",\"name\":\"Mekulo SE\",\"description\":\"\",\"publisher\":{\"@id\":\"https:\/\/mekulo.com\/se\/#organization\"},\"potentialAction\":[{\"@type\":\"SearchAction\",\"target\":{\"@type\":\"EntryPoint\",\"urlTemplate\":\"https:\/\/mekulo.com\/se\/?s={search_term_string}\"},\"query-input\":{\"@type\":\"PropertyValueSpecification\",\"valueRequired\":true,\"valueName\":\"search_term_string\"}}],\"inLanguage\":\"sv-SE\"},{\"@type\":\"Organization\",\"@id\":\"https:\/\/mekulo.com\/se\/#organization\",\"name\":\"Mekulo\",\"url\":\"https:\/\/mekulo.com\/se\/\",\"logo\":{\"@type\":\"ImageObject\",\"inLanguage\":\"sv-SE\",\"@id\":\"https:\/\/mekulo.com\/se\/#\/schema\/logo\/image\/\",\"url\":\"https:\/\/mekulo.com\/se\/wp-content\/uploads\/sites\/11\/2025\/12\/favicon_mekulo.png\",\"contentUrl\":\"https:\/\/mekulo.com\/se\/wp-content\/uploads\/sites\/11\/2025\/12\/favicon_mekulo.png\",\"width\":50,\"height\":50,\"caption\":\"Mekulo\"},\"image\":{\"@id\":\"https:\/\/mekulo.com\/se\/#\/schema\/logo\/image\/\"}}]}<\/script>\n<!-- \/ Yoast SEO plugin. -->","yoast_head_json":{"title":"Varma plyschtights - Mekulo SE","robots":{"index":"index","follow":"follow","max-snippet":"max-snippet:-1","max-image-preview":"max-image-preview:large","max-video-preview":"max-video-preview:-1"},"canonical":"https:\/\/mekulo.com\/se\/produkt\/varma-plyschtights\/","og_locale":"sv_SE","og_type":"article","og_title":"Varma plyschtights - Mekulo SE","og_description":"\ud83d\udd25De h\u00e4r varma plyschtightsen ser ut som vanliga skira tights p\u00e5 utsidan men \u00e4r fodrade med mjuk sammetsplysch p\u00e5 insidan f\u00f6r att h\u00e5lla dig varm. \ud83d\udc57De smalnar benen, sl\u00e4tar ut midjan och matchar l\u00e4tt med kl\u00e4nningar, kjolar och vinterkl\u00e4der utan att k\u00e4nnas skrymmande. \ud83e\udd76Det g\u00f6r dem perfekta f\u00f6r att h\u00e5lla sig snygga och bekv\u00e4ma under kalla dagar.","og_url":"https:\/\/mekulo.com\/se\/produkt\/varma-plyschtights\/","og_site_name":"Mekulo SE","article_modified_time":"2026-01-20T17:28:17+00:00","og_image":[{"width":800,"height":800,"url":"https:\/\/mekulo.com\/se\/wp-content\/uploads\/sites\/11\/2026\/01\/df8p54b-1.jpg","type":"image\/jpeg"}],"twitter_card":"summary_large_image","twitter_misc":{"Ber\u00e4knad l\u00e4stid":"2 minuter"},"schema":{"@context":"https:\/\/schema.org","@graph":[{"@type":"WebPage","@id":"https:\/\/mekulo.com\/se\/produkt\/varma-plyschtights\/","url":"https:\/\/mekulo.com\/se\/produkt\/varma-plyschtights\/","name":"Varma plyschtights - Mekulo SE","isPartOf":{"@id":"https:\/\/mekulo.com\/se\/#website"},"primaryImageOfPage":{"@id":"https:\/\/mekulo.com\/se\/produkt\/varma-plyschtights\/#primaryimage"},"image":{"@id":"https:\/\/mekulo.com\/se\/produkt\/varma-plyschtights\/#primaryimage"},"thumbnailUrl":"https:\/\/mekulo.com\/se\/wp-content\/uploads\/sites\/11\/2026\/01\/df8p54b-1.jpg","datePublished":"2026-01-15T16:01:32+00:00","dateModified":"2026-01-20T17:28:17+00:00","breadcrumb":{"@id":"https:\/\/mekulo.com\/se\/produkt\/varma-plyschtights\/#breadcrumb"},"inLanguage":"sv-SE","potentialAction":[{"@type":"ReadAction","target":["https:\/\/mekulo.com\/se\/produkt\/varma-plyschtights\/"]}]},{"@type":"ImageObject","inLanguage":"sv-SE","@id":"https:\/\/mekulo.com\/se\/produkt\/varma-plyschtights\/#primaryimage","url":"https:\/\/mekulo.com\/se\/wp-content\/uploads\/sites\/11\/2026\/01\/df8p54b-1.jpg","contentUrl":"https:\/\/mekulo.com\/se\/wp-content\/uploads\/sites\/11\/2026\/01\/df8p54b-1.jpg","width":800,"height":800},{"@type":"BreadcrumbList","@id":"https:\/\/mekulo.com\/se\/produkt\/varma-plyschtights\/#breadcrumb","itemListElement":[{"@type":"ListItem","position":1,"name":"Home","item":"https:\/\/mekulo.com\/se\/"},{"@type":"ListItem","position":2,"name":"Butik","item":"https:\/\/mekulo.com\/se\/butik\/"},{"@type":"ListItem","position":3,"name":"Varma plyschtights"}]},{"@type":"WebSite","@id":"https:\/\/mekulo.com\/se\/#website","url":"https:\/\/mekulo.com\/se\/","name":"Mekulo SE","description":"","publisher":{"@id":"https:\/\/mekulo.com\/se\/#organization"},"potentialAction":[{"@type":"SearchAction","target":{"@type":"EntryPoint","urlTemplate":"https:\/\/mekulo.com\/se\/?s={search_term_string}"},"query-input":{"@type":"PropertyValueSpecification","valueRequired":true,"valueName":"search_term_string"}}],"inLanguage":"sv-SE"},{"@type":"Organization","@id":"https:\/\/mekulo.com\/se\/#organization","name":"Mekulo","url":"https:\/\/mekulo.com\/se\/","logo":{"@type":"ImageObject","inLanguage":"sv-SE","@id":"https:\/\/mekulo.com\/se\/#\/schema\/logo\/image\/","url":"https:\/\/mekulo.com\/se\/wp-content\/uploads\/sites\/11\/2025\/12\/favicon_mekulo.png","contentUrl":"https:\/\/mekulo.com\/se\/wp-content\/uploads\/sites\/11\/2025\/12\/favicon_mekulo.png","width":50,"height":50,"caption":"Mekulo"},"image":{"@id":"https:\/\/mekulo.com\/se\/#\/schema\/logo\/image\/"}}]}},"_links":{"self":[{"href":"https:\/\/mekulo.com\/se\/wp-json\/wp\/v2\/product\/17818","targetHints":{"allow":["GET"]}}],"collection":[{"href":"https:\/\/mekulo.com\/se\/wp-json\/wp\/v2\/product"}],"about":[{"href":"https:\/\/mekulo.com\/se\/wp-json\/wp\/v2\/types\/product"}],"replies":[{"embeddable":true,"href":"https:\/\/mekulo.com\/se\/wp-json\/wp\/v2\/comments?post=17818"}],"wp:featuredmedia":[{"embeddable":true,"href":"https:\/\/mekulo.com\/se\/wp-json\/wp\/v2\/media\/17814"}],"wp:attachment":[{"href":"https:\/\/mekulo.com\/se\/wp-json\/wp\/v2\/media?parent=17818"}],"wp:term":[{"taxonomy":"product_brand","embeddable":true,"href":"https:\/\/mekulo.com\/se\/wp-json\/wp\/v2\/product_brand?post=17818"},{"taxonomy":"product_cat","embeddable":true,"href":"https:\/\/mekulo.com\/se\/wp-json\/wp\/v2\/product_cat?post=17818"},{"taxonomy":"product_tag","embeddable":true,"href":"https:\/\/mekulo.com\/se\/wp-json\/wp\/v2\/product_tag?post=17818"}],"curies":[{"name":"wp","href":"https:\/\/api.w.org\/{rel}","templated":true}]}}