{"id":17789,"date":"2026-01-15T17:59:10","date_gmt":"2026-01-15T15:59:10","guid":{"rendered":"https:\/\/mekulo.com\/se\/produkt\/solglasogonfodral-i-mjukt-lader-3-st\/"},"modified":"2026-01-20T19:25:42","modified_gmt":"2026-01-20T17:25:42","slug":"solglasogonfodral-i-mjukt-lader-3-st","status":"publish","type":"product","link":"https:\/\/mekulo.com\/se\/produkt\/solglasogonfodral-i-mjukt-lader-3-st\/","title":{"rendered":"Solglas\u00f6gonfodral i mjukt l\u00e4der (3 st)"},"content":{"rendered":"<p style=\"text-align: center;\" data-start=\"0\" data-end=\"85\"><strong data-start=\"0\" data-end=\"85\">Skydda dina solglas\u00f6gon fr\u00e5n repor samtidigt som de \u00e4r l\u00e4tta att ta med sig \u00f6verallt. \ud83d\udc53<\/strong><\/p>\n<p data-start=\"0\" data-end=\"85\"><img decoding=\"async\" class=\"size-full wp-image-20690 aligncenter\" src=\"https:\/\/mekulo.com\/template\/wp-content\/uploads\/sites\/6\/2026\/01\/454a5b5a743e9f272a194fec1eb2af2a50f63cb2-700.avif\" alt=\"\" \/><\/p>\n<h2 style=\"text-align: center;\" data-start=\"342\" data-end=\"363\">Huvudsakliga f\u00f6rdelar<\/h2>\n<p data-start=\"367\" data-end=\"427\">\u2728 Repskydd &#8211; Mjuk insida h\u00e5ller linserna s\u00e4kra.<\/p>\n<p data-start=\"430\" data-end=\"496\">\ud83e\uddf3 L\u00e4tt och b\u00e4rbar &#8211; L\u00e4tt att b\u00e4ra i fickor eller v\u00e4skor.<\/p>\n<p data-start=\"499\" data-end=\"554\">\ud83d\udd12 S\u00e4ker sn\u00e4ppst\u00e4ngning &#8211; \u00d6ppnas och st\u00e4ngs snabbt.<\/p>\n<p data-start=\"557\" data-end=\"619\">\ud83d\udc5c M\u00e5ngsidiga b\u00e4ralternativ &#8211; Ficka, v\u00e4ska, handled eller hals.<\/p>\n<p data-start=\"622\" data-end=\"683\">\ud83c\udf81 Bra presentid\u00e9 &#8211; Snygg och praktisk f\u00f6r alla.<\/p>\n<p data-start=\"622\" data-end=\"683\"><img decoding=\"async\" class=\"size-full wp-image-20687 aligncenter\" src=\"https:\/\/mekulo.com\/template\/wp-content\/uploads\/sites\/6\/2026\/01\/d39fef2af2594612e39d47846cbb4128b96195a4-700.avif\" alt=\"\" \/><\/p>\n<h2 style=\"text-align: center;\" data-start=\"690\" data-end=\"707\"><strong>Hur Man Anv\u00e4nder<\/strong><\/h2>\n<ol data-start=\"709\" data-end=\"886\">\n<li data-start=\"709\" data-end=\"742\">\n<p data-start=\"712\" data-end=\"742\">\u00d6ppna metallkn\u00e4ppningen.<\/p>\n<\/li>\n<li data-start=\"743\" data-end=\"797\">\n<p data-start=\"746\" data-end=\"797\">Placera dina solglas\u00f6gon eller glas\u00f6gon i fodralet.<\/p>\n<\/li>\n<li data-start=\"798\" data-end=\"827\">\n<p data-start=\"801\" data-end=\"827\">St\u00e4ng kn\u00e4ppningen ordentligt.<\/p>\n<\/li>\n<li data-start=\"828\" data-end=\"886\">\n<p data-start=\"831\" data-end=\"886\">B\u00e4r den i fickan, v\u00e4skan eller f\u00e4st den efter behov.<\/p>\n<\/li>\n<\/ol>\n<h2 style=\"text-align: center;\" data-start=\"893\" data-end=\"915\"><strong>Produktdetaljer<\/strong><\/h2>\n<ul data-start=\"917\" data-end=\"1147\">\n<li data-start=\"964\" data-end=\"988\">\n<p data-start=\"966\" data-end=\"988\">Material: PU-l\u00e4der<\/p>\n<\/li>\n<li data-start=\"989\" data-end=\"1008\">\n<p data-start=\"991\" data-end=\"1008\">Storlek: 7 x 14 cm<\/p>\n<\/li>\n<li data-start=\"1009\" data-end=\"1044\">\n<p data-start=\"1011\" data-end=\"1044\">St\u00e4ngningstyp: Tryckknapp i metall<\/p>\n<\/li>\n<li data-start=\"1045\" data-end=\"1103\">\n<p data-start=\"1047\" data-end=\"1103\">Kompatibilitet: Solglas\u00f6gon, l\u00e4sglas\u00f6gon, glas\u00f6gon<\/p>\n<\/li>\n<li data-start=\"1104\" data-end=\"1147\">\n<p data-start=\"1106\" data-end=\"1147\">Vikt: L\u00e4tt och resev\u00e4nlig<\/p>\n<\/li>\n<\/ul>\n<h2 style=\"text-align: center;\" data-start=\"1154\" data-end=\"1177\"><strong>Paketet inneh\u00e5ller<\/strong><\/h2>\n<ul data-start=\"1179\" data-end=\"1215\">\n<li data-start=\"1179\" data-end=\"1215\">\n<p data-start=\"1181\" data-end=\"1215\">3x mjuka solglas\u00f6gonfodral i l\u00e4der.<\/p>\n<\/li>\n<\/ul>\n","protected":false},"excerpt":{"rendered":"<p><span style=\"font-size: 16px; font-style: normal; font-weight: 400;\">\ud83d\ude0e<\/span>Det h\u00e4r solglas\u00f6gonfodralet i mjukt l\u00e4der skyddar dina glas\u00f6gon fr\u00e5n damm, tryck och skador vid daglig anv\u00e4ndning eller p\u00e5 resan.<br \/>\n\ud83d\udd76\ufe0fDess mjuk interi\u00f6r och tunn design g\u00f6r det perfekt f\u00f6r f\u00f6rvaring av solglas\u00f6gon, l\u00e4sglas\u00f6gon eller glas\u00f6gon utan att det blir f\u00f6r stort.<br \/>\n\u2600\ufe0fA enkelt och snyggt s\u00e4tt att skydda dina glas\u00f6gon var du \u00e4n befinner dig i livet.<\/p>\n","protected":false},"featured_media":17785,"comment_status":"open","ping_status":"closed","template":"","meta":{"site-sidebar-layout":"default","site-content-layout":"","ast-site-content-layout":"default","site-content-style":"default","site-sidebar-style":"default","ast-global-header-display":"","ast-banner-title-visibility":"","ast-main-header-display":"","ast-hfb-above-header-display":"","ast-hfb-below-header-display":"","ast-hfb-mobile-header-display":"","site-post-title":"","ast-breadcrumbs-content":"","ast-featured-img":"","footer-sml-layout":"","theme-transparent-header-meta":"default","adv-header-id-meta":"","stick-header-meta":"","header-above-stick-meta":"","header-main-stick-meta":"","header-below-stick-meta":"","astra-migrate-meta-layouts":"set","ast-page-background-enabled":"default","ast-page-background-meta":{"desktop":{"background-color":"var(--ast-global-color-5)","background-image":"","background-repeat":"repeat","background-position":"center center","background-size":"auto","background-attachment":"scroll","background-type":"","background-media":"","overlay-type":"","overlay-color":"","overlay-opacity":"","overlay-gradient":""},"tablet":{"background-color":"","background-image":"","background-repeat":"repeat","background-position":"center center","background-size":"auto","background-attachment":"scroll","background-type":"","background-media":"","overlay-type":"","overlay-color":"","overlay-opacity":"","overlay-gradient":""},"mobile":{"background-color":"","background-image":"","background-repeat":"repeat","background-position":"center center","background-size":"auto","background-attachment":"scroll","background-type":"","background-media":"","overlay-type":"","overlay-color":"","overlay-opacity":"","overlay-gradient":""}},"ast-content-background-meta":{"desktop":{"background-color":"var(--ast-global-color-4)","background-image":"","background-repeat":"repeat","background-position":"center center","background-size":"auto","background-attachment":"scroll","background-type":"","background-media":"","overlay-type":"","overlay-color":"","overlay-opacity":"","overlay-gradient":""},"tablet":{"background-color":"var(--ast-global-color-4)","background-image":"","background-repeat":"repeat","background-position":"center center","background-size":"auto","background-attachment":"scroll","background-type":"","background-media":"","overlay-type":"","overlay-color":"","overlay-opacity":"","overlay-gradient":""},"mobile":{"background-color":"var(--ast-global-color-4)","background-image":"","background-repeat":"repeat","background-position":"center center","background-size":"auto","background-attachment":"scroll","background-type":"","background-media":"","overlay-type":"","overlay-color":"","overlay-opacity":"","overlay-gradient":""}}},"product_brand":[],"product_cat":[165],"product_tag":[],"class_list":{"0":"post-17789","1":"product","2":"type-product","3":"status-publish","4":"has-post-thumbnail","6":"product_cat-skor-accessoarer","7":"pa_49336_sz2wqcro-bla","8":"pa_49336_sz2wqcro-brun","9":"pa_49336_sz2wqcro-gra","10":"pa_49336_sz2wqcro-gron","11":"pa_49336_sz2wqcro-khaki","12":"pa_49336_sz2wqcro-orange","13":"pa_49336_sz2wqcro-rosa","14":"pa_49336_sz2wqcro-svart","15":"desktop-align-left","16":"tablet-align-left","17":"mobile-align-left","19":"first","20":"instock","21":"shipping-taxable","22":"purchasable","23":"product-type-variable"},"yoast_head":"<!-- This site is optimized with the Yoast SEO plugin v26.6 - https:\/\/yoast.com\/wordpress\/plugins\/seo\/ -->\n<title>Solglas\u00f6gonfodral i mjukt l\u00e4der (3 st) - Mekulo SE<\/title>\n<meta name=\"robots\" content=\"index, follow, max-snippet:-1, max-image-preview:large, max-video-preview:-1\" \/>\n<link rel=\"canonical\" href=\"https:\/\/mekulo.com\/se\/produkt\/solglasogonfodral-i-mjukt-lader-3-st\/\" \/>\n<meta property=\"og:locale\" content=\"sv_SE\" \/>\n<meta property=\"og:type\" content=\"article\" \/>\n<meta property=\"og:title\" content=\"Solglas\u00f6gonfodral i mjukt l\u00e4der (3 st) - Mekulo SE\" \/>\n<meta property=\"og:description\" content=\"\ud83d\ude0eDet h\u00e4r solglas\u00f6gonfodralet i mjukt l\u00e4der skyddar dina glas\u00f6gon fr\u00e5n damm, tryck och skador vid daglig anv\u00e4ndning eller p\u00e5 resan. \ud83d\udd76\ufe0fDess mjuk interi\u00f6r och tunn design g\u00f6r det perfekt f\u00f6r f\u00f6rvaring av solglas\u00f6gon, l\u00e4sglas\u00f6gon eller glas\u00f6gon utan att det blir f\u00f6r stort. \u2600\ufe0fA enkelt och snyggt s\u00e4tt att skydda dina glas\u00f6gon var du \u00e4n befinner dig i livet.\" \/>\n<meta property=\"og:url\" content=\"https:\/\/mekulo.com\/se\/produkt\/solglasogonfodral-i-mjukt-lader-3-st\/\" \/>\n<meta property=\"og:site_name\" content=\"Mekulo SE\" \/>\n<meta property=\"article:modified_time\" content=\"2026-01-20T17:25:42+00:00\" \/>\n<meta property=\"og:image\" content=\"https:\/\/mekulo.com\/se\/wp-content\/uploads\/sites\/11\/2026\/01\/gb9mifk-1.jpg\" \/>\n\t<meta property=\"og:image:width\" content=\"679\" \/>\n\t<meta property=\"og:image:height\" content=\"679\" \/>\n\t<meta property=\"og:image:type\" content=\"image\/jpeg\" \/>\n<meta name=\"twitter:card\" content=\"summary_large_image\" \/>\n<meta name=\"twitter:label1\" content=\"Ber\u00e4knad l\u00e4stid\" \/>\n\t<meta name=\"twitter:data1\" content=\"2 minuter\" \/>\n<script type=\"application\/ld+json\" class=\"yoast-schema-graph\">{\"@context\":\"https:\/\/schema.org\",\"@graph\":[{\"@type\":\"WebPage\",\"@id\":\"https:\/\/mekulo.com\/se\/produkt\/solglasogonfodral-i-mjukt-lader-3-st\/\",\"url\":\"https:\/\/mekulo.com\/se\/produkt\/solglasogonfodral-i-mjukt-lader-3-st\/\",\"name\":\"Solglas\u00f6gonfodral i mjukt l\u00e4der (3 st) - Mekulo SE\",\"isPartOf\":{\"@id\":\"https:\/\/mekulo.com\/se\/#website\"},\"primaryImageOfPage\":{\"@id\":\"https:\/\/mekulo.com\/se\/produkt\/solglasogonfodral-i-mjukt-lader-3-st\/#primaryimage\"},\"image\":{\"@id\":\"https:\/\/mekulo.com\/se\/produkt\/solglasogonfodral-i-mjukt-lader-3-st\/#primaryimage\"},\"thumbnailUrl\":\"https:\/\/mekulo.com\/se\/wp-content\/uploads\/sites\/11\/2026\/01\/gb9mifk-1.jpg\",\"datePublished\":\"2026-01-15T15:59:10+00:00\",\"dateModified\":\"2026-01-20T17:25:42+00:00\",\"breadcrumb\":{\"@id\":\"https:\/\/mekulo.com\/se\/produkt\/solglasogonfodral-i-mjukt-lader-3-st\/#breadcrumb\"},\"inLanguage\":\"sv-SE\",\"potentialAction\":[{\"@type\":\"ReadAction\",\"target\":[\"https:\/\/mekulo.com\/se\/produkt\/solglasogonfodral-i-mjukt-lader-3-st\/\"]}]},{\"@type\":\"ImageObject\",\"inLanguage\":\"sv-SE\",\"@id\":\"https:\/\/mekulo.com\/se\/produkt\/solglasogonfodral-i-mjukt-lader-3-st\/#primaryimage\",\"url\":\"https:\/\/mekulo.com\/se\/wp-content\/uploads\/sites\/11\/2026\/01\/gb9mifk-1.jpg\",\"contentUrl\":\"https:\/\/mekulo.com\/se\/wp-content\/uploads\/sites\/11\/2026\/01\/gb9mifk-1.jpg\",\"width\":679,\"height\":679},{\"@type\":\"BreadcrumbList\",\"@id\":\"https:\/\/mekulo.com\/se\/produkt\/solglasogonfodral-i-mjukt-lader-3-st\/#breadcrumb\",\"itemListElement\":[{\"@type\":\"ListItem\",\"position\":1,\"name\":\"Home\",\"item\":\"https:\/\/mekulo.com\/se\/\"},{\"@type\":\"ListItem\",\"position\":2,\"name\":\"Butik\",\"item\":\"https:\/\/mekulo.com\/se\/butik\/\"},{\"@type\":\"ListItem\",\"position\":3,\"name\":\"Solglas\u00f6gonfodral i mjukt l\u00e4der (3 st)\"}]},{\"@type\":\"WebSite\",\"@id\":\"https:\/\/mekulo.com\/se\/#website\",\"url\":\"https:\/\/mekulo.com\/se\/\",\"name\":\"Mekulo SE\",\"description\":\"\",\"publisher\":{\"@id\":\"https:\/\/mekulo.com\/se\/#organization\"},\"potentialAction\":[{\"@type\":\"SearchAction\",\"target\":{\"@type\":\"EntryPoint\",\"urlTemplate\":\"https:\/\/mekulo.com\/se\/?s={search_term_string}\"},\"query-input\":{\"@type\":\"PropertyValueSpecification\",\"valueRequired\":true,\"valueName\":\"search_term_string\"}}],\"inLanguage\":\"sv-SE\"},{\"@type\":\"Organization\",\"@id\":\"https:\/\/mekulo.com\/se\/#organization\",\"name\":\"Mekulo\",\"url\":\"https:\/\/mekulo.com\/se\/\",\"logo\":{\"@type\":\"ImageObject\",\"inLanguage\":\"sv-SE\",\"@id\":\"https:\/\/mekulo.com\/se\/#\/schema\/logo\/image\/\",\"url\":\"https:\/\/mekulo.com\/se\/wp-content\/uploads\/sites\/11\/2025\/12\/favicon_mekulo.png\",\"contentUrl\":\"https:\/\/mekulo.com\/se\/wp-content\/uploads\/sites\/11\/2025\/12\/favicon_mekulo.png\",\"width\":50,\"height\":50,\"caption\":\"Mekulo\"},\"image\":{\"@id\":\"https:\/\/mekulo.com\/se\/#\/schema\/logo\/image\/\"}}]}<\/script>\n<!-- \/ Yoast SEO plugin. -->","yoast_head_json":{"title":"Solglas\u00f6gonfodral i mjukt l\u00e4der (3 st) - Mekulo SE","robots":{"index":"index","follow":"follow","max-snippet":"max-snippet:-1","max-image-preview":"max-image-preview:large","max-video-preview":"max-video-preview:-1"},"canonical":"https:\/\/mekulo.com\/se\/produkt\/solglasogonfodral-i-mjukt-lader-3-st\/","og_locale":"sv_SE","og_type":"article","og_title":"Solglas\u00f6gonfodral i mjukt l\u00e4der (3 st) - Mekulo SE","og_description":"\ud83d\ude0eDet h\u00e4r solglas\u00f6gonfodralet i mjukt l\u00e4der skyddar dina glas\u00f6gon fr\u00e5n damm, tryck och skador vid daglig anv\u00e4ndning eller p\u00e5 resan. \ud83d\udd76\ufe0fDess mjuk interi\u00f6r och tunn design g\u00f6r det perfekt f\u00f6r f\u00f6rvaring av solglas\u00f6gon, l\u00e4sglas\u00f6gon eller glas\u00f6gon utan att det blir f\u00f6r stort. \u2600\ufe0fA enkelt och snyggt s\u00e4tt att skydda dina glas\u00f6gon var du \u00e4n befinner dig i livet.","og_url":"https:\/\/mekulo.com\/se\/produkt\/solglasogonfodral-i-mjukt-lader-3-st\/","og_site_name":"Mekulo SE","article_modified_time":"2026-01-20T17:25:42+00:00","og_image":[{"width":679,"height":679,"url":"https:\/\/mekulo.com\/se\/wp-content\/uploads\/sites\/11\/2026\/01\/gb9mifk-1.jpg","type":"image\/jpeg"}],"twitter_card":"summary_large_image","twitter_misc":{"Ber\u00e4knad l\u00e4stid":"2 minuter"},"schema":{"@context":"https:\/\/schema.org","@graph":[{"@type":"WebPage","@id":"https:\/\/mekulo.com\/se\/produkt\/solglasogonfodral-i-mjukt-lader-3-st\/","url":"https:\/\/mekulo.com\/se\/produkt\/solglasogonfodral-i-mjukt-lader-3-st\/","name":"Solglas\u00f6gonfodral i mjukt l\u00e4der (3 st) - Mekulo SE","isPartOf":{"@id":"https:\/\/mekulo.com\/se\/#website"},"primaryImageOfPage":{"@id":"https:\/\/mekulo.com\/se\/produkt\/solglasogonfodral-i-mjukt-lader-3-st\/#primaryimage"},"image":{"@id":"https:\/\/mekulo.com\/se\/produkt\/solglasogonfodral-i-mjukt-lader-3-st\/#primaryimage"},"thumbnailUrl":"https:\/\/mekulo.com\/se\/wp-content\/uploads\/sites\/11\/2026\/01\/gb9mifk-1.jpg","datePublished":"2026-01-15T15:59:10+00:00","dateModified":"2026-01-20T17:25:42+00:00","breadcrumb":{"@id":"https:\/\/mekulo.com\/se\/produkt\/solglasogonfodral-i-mjukt-lader-3-st\/#breadcrumb"},"inLanguage":"sv-SE","potentialAction":[{"@type":"ReadAction","target":["https:\/\/mekulo.com\/se\/produkt\/solglasogonfodral-i-mjukt-lader-3-st\/"]}]},{"@type":"ImageObject","inLanguage":"sv-SE","@id":"https:\/\/mekulo.com\/se\/produkt\/solglasogonfodral-i-mjukt-lader-3-st\/#primaryimage","url":"https:\/\/mekulo.com\/se\/wp-content\/uploads\/sites\/11\/2026\/01\/gb9mifk-1.jpg","contentUrl":"https:\/\/mekulo.com\/se\/wp-content\/uploads\/sites\/11\/2026\/01\/gb9mifk-1.jpg","width":679,"height":679},{"@type":"BreadcrumbList","@id":"https:\/\/mekulo.com\/se\/produkt\/solglasogonfodral-i-mjukt-lader-3-st\/#breadcrumb","itemListElement":[{"@type":"ListItem","position":1,"name":"Home","item":"https:\/\/mekulo.com\/se\/"},{"@type":"ListItem","position":2,"name":"Butik","item":"https:\/\/mekulo.com\/se\/butik\/"},{"@type":"ListItem","position":3,"name":"Solglas\u00f6gonfodral i mjukt l\u00e4der (3 st)"}]},{"@type":"WebSite","@id":"https:\/\/mekulo.com\/se\/#website","url":"https:\/\/mekulo.com\/se\/","name":"Mekulo SE","description":"","publisher":{"@id":"https:\/\/mekulo.com\/se\/#organization"},"potentialAction":[{"@type":"SearchAction","target":{"@type":"EntryPoint","urlTemplate":"https:\/\/mekulo.com\/se\/?s={search_term_string}"},"query-input":{"@type":"PropertyValueSpecification","valueRequired":true,"valueName":"search_term_string"}}],"inLanguage":"sv-SE"},{"@type":"Organization","@id":"https:\/\/mekulo.com\/se\/#organization","name":"Mekulo","url":"https:\/\/mekulo.com\/se\/","logo":{"@type":"ImageObject","inLanguage":"sv-SE","@id":"https:\/\/mekulo.com\/se\/#\/schema\/logo\/image\/","url":"https:\/\/mekulo.com\/se\/wp-content\/uploads\/sites\/11\/2025\/12\/favicon_mekulo.png","contentUrl":"https:\/\/mekulo.com\/se\/wp-content\/uploads\/sites\/11\/2025\/12\/favicon_mekulo.png","width":50,"height":50,"caption":"Mekulo"},"image":{"@id":"https:\/\/mekulo.com\/se\/#\/schema\/logo\/image\/"}}]}},"_links":{"self":[{"href":"https:\/\/mekulo.com\/se\/wp-json\/wp\/v2\/product\/17789","targetHints":{"allow":["GET"]}}],"collection":[{"href":"https:\/\/mekulo.com\/se\/wp-json\/wp\/v2\/product"}],"about":[{"href":"https:\/\/mekulo.com\/se\/wp-json\/wp\/v2\/types\/product"}],"replies":[{"embeddable":true,"href":"https:\/\/mekulo.com\/se\/wp-json\/wp\/v2\/comments?post=17789"}],"wp:featuredmedia":[{"embeddable":true,"href":"https:\/\/mekulo.com\/se\/wp-json\/wp\/v2\/media\/17785"}],"wp:attachment":[{"href":"https:\/\/mekulo.com\/se\/wp-json\/wp\/v2\/media?parent=17789"}],"wp:term":[{"taxonomy":"product_brand","embeddable":true,"href":"https:\/\/mekulo.com\/se\/wp-json\/wp\/v2\/product_brand?post=17789"},{"taxonomy":"product_cat","embeddable":true,"href":"https:\/\/mekulo.com\/se\/wp-json\/wp\/v2\/product_cat?post=17789"},{"taxonomy":"product_tag","embeddable":true,"href":"https:\/\/mekulo.com\/se\/wp-json\/wp\/v2\/product_tag?post=17789"}],"curies":[{"name":"wp","href":"https:\/\/api.w.org\/{rel}","templated":true}]}}