{"id":17742,"date":"2026-01-15T17:55:40","date_gmt":"2026-01-15T15:55:40","guid":{"rendered":"https:\/\/mekulo.com\/se\/produkt\/portabelt-2-i-1-dorrlas-och-larm\/"},"modified":"2026-01-20T19:19:14","modified_gmt":"2026-01-20T17:19:14","slug":"portabelt-2-i-1-dorrlas-och-larm","status":"publish","type":"product","link":"https:\/\/mekulo.com\/se\/produkt\/portabelt-2-i-1-dorrlas-och-larm\/","title":{"rendered":"Portabelt 2-i-1 d\u00f6rrl\u00e5s och larm"},"content":{"rendered":"<p style=\"text-align: center;\" data-start=\"0\" data-end=\"62\"><strong data-start=\"0\" data-end=\"62\">L\u00e4gg till omedelbar integritet och h\u00f6gt skydd var du \u00e4n bor. \ud83d\udeaa<\/strong><\/p>\n<p data-start=\"64\" data-end=\"279\"><img fetchpriority=\"high\" decoding=\"async\" class=\"size-full wp-image-20648 aligncenter\" src=\"https:\/\/mekulo.com\/template\/wp-content\/uploads\/sites\/6\/2026\/01\/3e9bf44b39529d1bc59ac73c74235334c9c7e854.jpg\" alt=\"\" width=\"1080\" height=\"1080\" \/><\/p>\n<h2 style=\"text-align: center;\" data-start=\"286\" data-end=\"306\"><strong>\ud83d\udd10 Huvudsakliga f\u00f6rdelar<\/strong><\/h2>\n<p data-start=\"310\" data-end=\"370\">\ud83d\udeaa Dubbelt skydd &#8211; D\u00f6rrl\u00e5s + larm i en enhet.<\/p>\n<p data-start=\"373\" data-end=\"437\">\ud83d\udd0a 80 dB larm &#8211; H\u00f6gt ljud varnar dig omedelbart f\u00f6r fara.<\/p>\n<p data-start=\"440\" data-end=\"517\">\ud83d\udee1\ufe0f Extra integritet &#8211; D\u00f6rren kan inte \u00f6ppnas fr\u00e5n utsidan, inte ens med nyckel.<\/p>\n<p data-start=\"520\" data-end=\"588\">\ud83e\uddf3 Resev\u00e4nlig &#8211; Liten, l\u00e4tt och passar i en ficka eller v\u00e4ska.<\/p>\n<p data-start=\"591\" data-end=\"662\">\ud83c\udfe8 Bred kompatibilitet &#8211; Fungerar med de flesta d\u00f6rrar hemma eller p\u00e5 resor.<\/p>\n<p data-start=\"591\" data-end=\"662\"><img decoding=\"async\" class=\"size-full wp-image-20643 aligncenter\" src=\"https:\/\/mekulo.com\/template\/wp-content\/uploads\/sites\/6\/2026\/01\/272ec25c7a6c2d0be69a6ab456e2309485e06cbb.png\" alt=\"\" width=\"750\" height=\"750\" \/><\/p>\n<h2 style=\"text-align: center;\" data-start=\"669\" data-end=\"686\"><strong>\u25b6\ufe0f Hur Man Anv\u00e4nder<\/strong><\/h2>\n<ol data-start=\"688\" data-end=\"931\">\n<li data-start=\"688\" data-end=\"758\">\n<p data-start=\"691\" data-end=\"758\">\u00d6ppna d\u00f6rren och s\u00e4tt in metallstycket i d\u00f6rrl\u00e5ssp\u00e5ret.<\/p>\n<\/li>\n<li data-start=\"759\" data-end=\"790\">\n<p data-start=\"762\" data-end=\"790\">St\u00e4ng d\u00f6rren helt.<\/p>\n<\/li>\n<li data-start=\"791\" data-end=\"857\">\n<p data-start=\"794\" data-end=\"857\">Placera det r\u00f6da handtaget i metallstiftet f\u00f6r att l\u00e5sa det p\u00e5 plats.<\/p>\n<\/li>\n<li data-start=\"858\" data-end=\"931\">\n<p data-start=\"861\" data-end=\"931\">Om d\u00f6rren tvingas eller skakas kommer larmet att ljuda automatiskt.<\/p>\n<\/li>\n<\/ol>\n<h2 style=\"text-align: center;\" data-start=\"938\" data-end=\"960\"><strong>\ud83d\udcd0 Produktdetaljer<\/strong><\/h2>\n<ul data-start=\"962\" data-end=\"1293\">\n<li data-start=\"1009\" data-end=\"1052\">\n<p data-start=\"1011\" data-end=\"1052\">Material: Rostfritt st\u00e5l + ABS-plast<\/p>\n<\/li>\n<li data-start=\"1053\" data-end=\"1076\">\n<p data-start=\"1055\" data-end=\"1076\">Alarmvolym: 80 dB<\/p>\n<\/li>\n<li data-start=\"1077\" data-end=\"1142\">\n<p data-start=\"1079\" data-end=\"1097\">L\u00e5s\u00f6ppningarnas storlek:<\/p>\n<ul data-start=\"1100\" data-end=\"1142\">\n<li data-start=\"1100\" data-end=\"1120\">\n<p data-start=\"1102\" data-end=\"1120\">2 cm<\/p>\n<\/li>\n<li data-start=\"1123\" data-end=\"1142\">\n<p data-start=\"1125\" data-end=\"1142\">3 cm<\/p>\n<\/li>\n<\/ul>\n<\/li>\n<li data-start=\"1143\" data-end=\"1184\">\n<p data-start=\"1145\" data-end=\"1184\">Produktstorlek: 11 x 3 x 1 cm<\/p>\n<\/li>\n<li data-start=\"1185\" data-end=\"1229\">\n<p data-start=\"1187\" data-end=\"1229\">Utf\u00f6rande: Polerat och elektropl\u00e4terat st\u00e5l<\/p>\n<\/li>\n<li data-start=\"1230\" data-end=\"1293\">\n<p data-start=\"1232\" data-end=\"1293\">Anv\u00e4ndningsomr\u00e5den: Hotell, l\u00e4genheter, studentrum, sovrum, uthyrning<\/p>\n<\/li>\n<\/ul>\n<h2 style=\"text-align: center;\" data-start=\"1300\" data-end=\"1323\"><strong>\ud83d\udce6 Paketet inneh\u00e5ller<\/strong><\/h2>\n<ul data-start=\"1325\" data-end=\"1368\">\n<li data-start=\"1325\" data-end=\"1368\">\n<p data-start=\"1327\" data-end=\"1368\">1, 2x b\u00e4rbart 2-i-1 d\u00f6rrl\u00e5s och larm.<\/p>\n<\/li>\n<\/ul>\n","protected":false},"excerpt":{"rendered":"<p><span style=\"font-size: 16px; font-style: normal; font-weight: 400;\">\ud83d\udd12<\/span>Det h\u00e4r b\u00e4rbara 2-i-1-d\u00f6rrl\u00e5set och larmet blockerar d\u00f6rren fr\u00e5n insidan och avger ett h\u00f6gt larm om n\u00e5gon f\u00f6rs\u00f6ker komma in.<br \/>\n\ud83d\udeaaDet \u00e4r l\u00e4tt att b\u00e4ra, snabbt att installera och perfekt f\u00f6r resor, hemmabruk eller tillf\u00e4lliga vistelser.<br \/>\n\ud83d\udea8Ett enkelt, kraftfullt s\u00e4kerhetsverktyg som ger dig sinnesfrid hemma eller p\u00e5 resan.<\/p>\n","protected":false},"featured_media":17738,"comment_status":"open","ping_status":"closed","template":"","meta":{"site-sidebar-layout":"default","site-content-layout":"","ast-site-content-layout":"default","site-content-style":"default","site-sidebar-style":"default","ast-global-header-display":"","ast-banner-title-visibility":"","ast-main-header-display":"","ast-hfb-above-header-display":"","ast-hfb-below-header-display":"","ast-hfb-mobile-header-display":"","site-post-title":"","ast-breadcrumbs-content":"","ast-featured-img":"","footer-sml-layout":"","theme-transparent-header-meta":"default","adv-header-id-meta":"","stick-header-meta":"","header-above-stick-meta":"","header-main-stick-meta":"","header-below-stick-meta":"","astra-migrate-meta-layouts":"set","ast-page-background-enabled":"default","ast-page-background-meta":{"desktop":{"background-color":"var(--ast-global-color-5)","background-image":"","background-repeat":"repeat","background-position":"center center","background-size":"auto","background-attachment":"scroll","background-type":"","background-media":"","overlay-type":"","overlay-color":"","overlay-opacity":"","overlay-gradient":""},"tablet":{"background-color":"","background-image":"","background-repeat":"repeat","background-position":"center center","background-size":"auto","background-attachment":"scroll","background-type":"","background-media":"","overlay-type":"","overlay-color":"","overlay-opacity":"","overlay-gradient":""},"mobile":{"background-color":"","background-image":"","background-repeat":"repeat","background-position":"center center","background-size":"auto","background-attachment":"scroll","background-type":"","background-media":"","overlay-type":"","overlay-color":"","overlay-opacity":"","overlay-gradient":""}},"ast-content-background-meta":{"desktop":{"background-color":"var(--ast-global-color-4)","background-image":"","background-repeat":"repeat","background-position":"center center","background-size":"auto","background-attachment":"scroll","background-type":"","background-media":"","overlay-type":"","overlay-color":"","overlay-opacity":"","overlay-gradient":""},"tablet":{"background-color":"var(--ast-global-color-4)","background-image":"","background-repeat":"repeat","background-position":"center center","background-size":"auto","background-attachment":"scroll","background-type":"","background-media":"","overlay-type":"","overlay-color":"","overlay-opacity":"","overlay-gradient":""},"mobile":{"background-color":"var(--ast-global-color-4)","background-image":"","background-repeat":"repeat","background-position":"center center","background-size":"auto","background-attachment":"scroll","background-type":"","background-media":"","overlay-type":"","overlay-color":"","overlay-opacity":"","overlay-gradient":""}}},"product_brand":[],"product_cat":[171],"product_tag":[],"class_list":{"0":"post-17742","1":"product","2":"type-product","3":"status-publish","4":"has-post-thumbnail","6":"product_cat-verktyg","7":"pa_49275_8vzq16th-1-st","8":"pa_49275_8vzq16th-2-st","9":"pa_49275_cepyaawf-rod","10":"pa_49275_cepyaawf-svart","11":"desktop-align-left","12":"tablet-align-left","13":"mobile-align-left","15":"first","16":"instock","17":"shipping-taxable","18":"purchasable","19":"product-type-variable","20":"has-default-attributes"},"yoast_head":"<!-- This site is optimized with the Yoast SEO plugin v26.6 - https:\/\/yoast.com\/wordpress\/plugins\/seo\/ -->\n<title>Portabelt 2-i-1 d\u00f6rrl\u00e5s och larm - Mekulo SE<\/title>\n<meta name=\"robots\" content=\"index, follow, max-snippet:-1, max-image-preview:large, max-video-preview:-1\" \/>\n<link rel=\"canonical\" href=\"https:\/\/mekulo.com\/se\/produkt\/portabelt-2-i-1-dorrlas-och-larm\/\" \/>\n<meta property=\"og:locale\" content=\"sv_SE\" \/>\n<meta property=\"og:type\" content=\"article\" \/>\n<meta property=\"og:title\" content=\"Portabelt 2-i-1 d\u00f6rrl\u00e5s och larm - Mekulo SE\" \/>\n<meta property=\"og:description\" content=\"\ud83d\udd12Det h\u00e4r b\u00e4rbara 2-i-1-d\u00f6rrl\u00e5set och larmet blockerar d\u00f6rren fr\u00e5n insidan och avger ett h\u00f6gt larm om n\u00e5gon f\u00f6rs\u00f6ker komma in. \ud83d\udeaaDet \u00e4r l\u00e4tt att b\u00e4ra, snabbt att installera och perfekt f\u00f6r resor, hemmabruk eller tillf\u00e4lliga vistelser. \ud83d\udea8Ett enkelt, kraftfullt s\u00e4kerhetsverktyg som ger dig sinnesfrid hemma eller p\u00e5 resan.\" \/>\n<meta property=\"og:url\" content=\"https:\/\/mekulo.com\/se\/produkt\/portabelt-2-i-1-dorrlas-och-larm\/\" \/>\n<meta property=\"og:site_name\" content=\"Mekulo SE\" \/>\n<meta property=\"article:modified_time\" content=\"2026-01-20T17:19:14+00:00\" \/>\n<meta property=\"og:image\" content=\"https:\/\/mekulo.com\/se\/wp-content\/uploads\/sites\/11\/2026\/01\/agutw1z-1.jpg\" \/>\n\t<meta property=\"og:image:width\" content=\"960\" \/>\n\t<meta property=\"og:image:height\" content=\"960\" \/>\n\t<meta property=\"og:image:type\" content=\"image\/jpeg\" \/>\n<meta name=\"twitter:card\" content=\"summary_large_image\" \/>\n<meta name=\"twitter:label1\" content=\"Ber\u00e4knad l\u00e4stid\" \/>\n\t<meta name=\"twitter:data1\" content=\"2 minuter\" \/>\n<script type=\"application\/ld+json\" class=\"yoast-schema-graph\">{\"@context\":\"https:\/\/schema.org\",\"@graph\":[{\"@type\":\"WebPage\",\"@id\":\"https:\/\/mekulo.com\/se\/produkt\/portabelt-2-i-1-dorrlas-och-larm\/\",\"url\":\"https:\/\/mekulo.com\/se\/produkt\/portabelt-2-i-1-dorrlas-och-larm\/\",\"name\":\"Portabelt 2-i-1 d\u00f6rrl\u00e5s och larm - Mekulo SE\",\"isPartOf\":{\"@id\":\"https:\/\/mekulo.com\/se\/#website\"},\"primaryImageOfPage\":{\"@id\":\"https:\/\/mekulo.com\/se\/produkt\/portabelt-2-i-1-dorrlas-och-larm\/#primaryimage\"},\"image\":{\"@id\":\"https:\/\/mekulo.com\/se\/produkt\/portabelt-2-i-1-dorrlas-och-larm\/#primaryimage\"},\"thumbnailUrl\":\"https:\/\/mekulo.com\/se\/wp-content\/uploads\/sites\/11\/2026\/01\/agutw1z-1.jpg\",\"datePublished\":\"2026-01-15T15:55:40+00:00\",\"dateModified\":\"2026-01-20T17:19:14+00:00\",\"breadcrumb\":{\"@id\":\"https:\/\/mekulo.com\/se\/produkt\/portabelt-2-i-1-dorrlas-och-larm\/#breadcrumb\"},\"inLanguage\":\"sv-SE\",\"potentialAction\":[{\"@type\":\"ReadAction\",\"target\":[\"https:\/\/mekulo.com\/se\/produkt\/portabelt-2-i-1-dorrlas-och-larm\/\"]}]},{\"@type\":\"ImageObject\",\"inLanguage\":\"sv-SE\",\"@id\":\"https:\/\/mekulo.com\/se\/produkt\/portabelt-2-i-1-dorrlas-och-larm\/#primaryimage\",\"url\":\"https:\/\/mekulo.com\/se\/wp-content\/uploads\/sites\/11\/2026\/01\/agutw1z-1.jpg\",\"contentUrl\":\"https:\/\/mekulo.com\/se\/wp-content\/uploads\/sites\/11\/2026\/01\/agutw1z-1.jpg\",\"width\":960,\"height\":960},{\"@type\":\"BreadcrumbList\",\"@id\":\"https:\/\/mekulo.com\/se\/produkt\/portabelt-2-i-1-dorrlas-och-larm\/#breadcrumb\",\"itemListElement\":[{\"@type\":\"ListItem\",\"position\":1,\"name\":\"Home\",\"item\":\"https:\/\/mekulo.com\/se\/\"},{\"@type\":\"ListItem\",\"position\":2,\"name\":\"Butik\",\"item\":\"https:\/\/mekulo.com\/se\/butik\/\"},{\"@type\":\"ListItem\",\"position\":3,\"name\":\"Portabelt 2-i-1 d\u00f6rrl\u00e5s och larm\"}]},{\"@type\":\"WebSite\",\"@id\":\"https:\/\/mekulo.com\/se\/#website\",\"url\":\"https:\/\/mekulo.com\/se\/\",\"name\":\"Mekulo SE\",\"description\":\"\",\"publisher\":{\"@id\":\"https:\/\/mekulo.com\/se\/#organization\"},\"potentialAction\":[{\"@type\":\"SearchAction\",\"target\":{\"@type\":\"EntryPoint\",\"urlTemplate\":\"https:\/\/mekulo.com\/se\/?s={search_term_string}\"},\"query-input\":{\"@type\":\"PropertyValueSpecification\",\"valueRequired\":true,\"valueName\":\"search_term_string\"}}],\"inLanguage\":\"sv-SE\"},{\"@type\":\"Organization\",\"@id\":\"https:\/\/mekulo.com\/se\/#organization\",\"name\":\"Mekulo\",\"url\":\"https:\/\/mekulo.com\/se\/\",\"logo\":{\"@type\":\"ImageObject\",\"inLanguage\":\"sv-SE\",\"@id\":\"https:\/\/mekulo.com\/se\/#\/schema\/logo\/image\/\",\"url\":\"https:\/\/mekulo.com\/se\/wp-content\/uploads\/sites\/11\/2025\/12\/favicon_mekulo.png\",\"contentUrl\":\"https:\/\/mekulo.com\/se\/wp-content\/uploads\/sites\/11\/2025\/12\/favicon_mekulo.png\",\"width\":50,\"height\":50,\"caption\":\"Mekulo\"},\"image\":{\"@id\":\"https:\/\/mekulo.com\/se\/#\/schema\/logo\/image\/\"}}]}<\/script>\n<!-- \/ Yoast SEO plugin. -->","yoast_head_json":{"title":"Portabelt 2-i-1 d\u00f6rrl\u00e5s och larm - Mekulo SE","robots":{"index":"index","follow":"follow","max-snippet":"max-snippet:-1","max-image-preview":"max-image-preview:large","max-video-preview":"max-video-preview:-1"},"canonical":"https:\/\/mekulo.com\/se\/produkt\/portabelt-2-i-1-dorrlas-och-larm\/","og_locale":"sv_SE","og_type":"article","og_title":"Portabelt 2-i-1 d\u00f6rrl\u00e5s och larm - Mekulo SE","og_description":"\ud83d\udd12Det h\u00e4r b\u00e4rbara 2-i-1-d\u00f6rrl\u00e5set och larmet blockerar d\u00f6rren fr\u00e5n insidan och avger ett h\u00f6gt larm om n\u00e5gon f\u00f6rs\u00f6ker komma in. \ud83d\udeaaDet \u00e4r l\u00e4tt att b\u00e4ra, snabbt att installera och perfekt f\u00f6r resor, hemmabruk eller tillf\u00e4lliga vistelser. \ud83d\udea8Ett enkelt, kraftfullt s\u00e4kerhetsverktyg som ger dig sinnesfrid hemma eller p\u00e5 resan.","og_url":"https:\/\/mekulo.com\/se\/produkt\/portabelt-2-i-1-dorrlas-och-larm\/","og_site_name":"Mekulo SE","article_modified_time":"2026-01-20T17:19:14+00:00","og_image":[{"width":960,"height":960,"url":"https:\/\/mekulo.com\/se\/wp-content\/uploads\/sites\/11\/2026\/01\/agutw1z-1.jpg","type":"image\/jpeg"}],"twitter_card":"summary_large_image","twitter_misc":{"Ber\u00e4knad l\u00e4stid":"2 minuter"},"schema":{"@context":"https:\/\/schema.org","@graph":[{"@type":"WebPage","@id":"https:\/\/mekulo.com\/se\/produkt\/portabelt-2-i-1-dorrlas-och-larm\/","url":"https:\/\/mekulo.com\/se\/produkt\/portabelt-2-i-1-dorrlas-och-larm\/","name":"Portabelt 2-i-1 d\u00f6rrl\u00e5s och larm - Mekulo SE","isPartOf":{"@id":"https:\/\/mekulo.com\/se\/#website"},"primaryImageOfPage":{"@id":"https:\/\/mekulo.com\/se\/produkt\/portabelt-2-i-1-dorrlas-och-larm\/#primaryimage"},"image":{"@id":"https:\/\/mekulo.com\/se\/produkt\/portabelt-2-i-1-dorrlas-och-larm\/#primaryimage"},"thumbnailUrl":"https:\/\/mekulo.com\/se\/wp-content\/uploads\/sites\/11\/2026\/01\/agutw1z-1.jpg","datePublished":"2026-01-15T15:55:40+00:00","dateModified":"2026-01-20T17:19:14+00:00","breadcrumb":{"@id":"https:\/\/mekulo.com\/se\/produkt\/portabelt-2-i-1-dorrlas-och-larm\/#breadcrumb"},"inLanguage":"sv-SE","potentialAction":[{"@type":"ReadAction","target":["https:\/\/mekulo.com\/se\/produkt\/portabelt-2-i-1-dorrlas-och-larm\/"]}]},{"@type":"ImageObject","inLanguage":"sv-SE","@id":"https:\/\/mekulo.com\/se\/produkt\/portabelt-2-i-1-dorrlas-och-larm\/#primaryimage","url":"https:\/\/mekulo.com\/se\/wp-content\/uploads\/sites\/11\/2026\/01\/agutw1z-1.jpg","contentUrl":"https:\/\/mekulo.com\/se\/wp-content\/uploads\/sites\/11\/2026\/01\/agutw1z-1.jpg","width":960,"height":960},{"@type":"BreadcrumbList","@id":"https:\/\/mekulo.com\/se\/produkt\/portabelt-2-i-1-dorrlas-och-larm\/#breadcrumb","itemListElement":[{"@type":"ListItem","position":1,"name":"Home","item":"https:\/\/mekulo.com\/se\/"},{"@type":"ListItem","position":2,"name":"Butik","item":"https:\/\/mekulo.com\/se\/butik\/"},{"@type":"ListItem","position":3,"name":"Portabelt 2-i-1 d\u00f6rrl\u00e5s och larm"}]},{"@type":"WebSite","@id":"https:\/\/mekulo.com\/se\/#website","url":"https:\/\/mekulo.com\/se\/","name":"Mekulo SE","description":"","publisher":{"@id":"https:\/\/mekulo.com\/se\/#organization"},"potentialAction":[{"@type":"SearchAction","target":{"@type":"EntryPoint","urlTemplate":"https:\/\/mekulo.com\/se\/?s={search_term_string}"},"query-input":{"@type":"PropertyValueSpecification","valueRequired":true,"valueName":"search_term_string"}}],"inLanguage":"sv-SE"},{"@type":"Organization","@id":"https:\/\/mekulo.com\/se\/#organization","name":"Mekulo","url":"https:\/\/mekulo.com\/se\/","logo":{"@type":"ImageObject","inLanguage":"sv-SE","@id":"https:\/\/mekulo.com\/se\/#\/schema\/logo\/image\/","url":"https:\/\/mekulo.com\/se\/wp-content\/uploads\/sites\/11\/2025\/12\/favicon_mekulo.png","contentUrl":"https:\/\/mekulo.com\/se\/wp-content\/uploads\/sites\/11\/2025\/12\/favicon_mekulo.png","width":50,"height":50,"caption":"Mekulo"},"image":{"@id":"https:\/\/mekulo.com\/se\/#\/schema\/logo\/image\/"}}]}},"_links":{"self":[{"href":"https:\/\/mekulo.com\/se\/wp-json\/wp\/v2\/product\/17742","targetHints":{"allow":["GET"]}}],"collection":[{"href":"https:\/\/mekulo.com\/se\/wp-json\/wp\/v2\/product"}],"about":[{"href":"https:\/\/mekulo.com\/se\/wp-json\/wp\/v2\/types\/product"}],"replies":[{"embeddable":true,"href":"https:\/\/mekulo.com\/se\/wp-json\/wp\/v2\/comments?post=17742"}],"wp:featuredmedia":[{"embeddable":true,"href":"https:\/\/mekulo.com\/se\/wp-json\/wp\/v2\/media\/17738"}],"wp:attachment":[{"href":"https:\/\/mekulo.com\/se\/wp-json\/wp\/v2\/media?parent=17742"}],"wp:term":[{"taxonomy":"product_brand","embeddable":true,"href":"https:\/\/mekulo.com\/se\/wp-json\/wp\/v2\/product_brand?post=17742"},{"taxonomy":"product_cat","embeddable":true,"href":"https:\/\/mekulo.com\/se\/wp-json\/wp\/v2\/product_cat?post=17742"},{"taxonomy":"product_tag","embeddable":true,"href":"https:\/\/mekulo.com\/se\/wp-json\/wp\/v2\/product_tag?post=17742"}],"curies":[{"name":"wp","href":"https:\/\/api.w.org\/{rel}","templated":true}]}}