{"id":17710,"date":"2026-01-15T17:52:18","date_gmt":"2026-01-15T15:52:18","guid":{"rendered":"https:\/\/mekulo.com\/se\/produkt\/interaktiv-leksak-for-inlarning-av-multiplikation\/"},"modified":"2026-02-03T17:11:47","modified_gmt":"2026-02-03T15:11:47","slug":"interaktiv-leksak-for-inlarning-av-multiplikation","status":"publish","type":"product","link":"https:\/\/mekulo.com\/se\/produkt\/interaktiv-leksak-for-inlarning-av-multiplikation\/","title":{"rendered":"Interaktiv leksak f\u00f6r inl\u00e4rning av multiplikation"},"content":{"rendered":"<p style=\"text-align: center;\" data-start=\"0\" data-end=\"70\"><strong data-start=\"0\" data-end=\"70\">G\u00f6r Multiplikation Roligt, Visuellt och praktiskt f\u00f6r snabbare inl\u00e4rning. \u2716\ufe0f<\/strong><\/p>\n<p data-start=\"0\" data-end=\"70\"><img decoding=\"async\" class=\"size-full wp-image-20624 aligncenter\" src=\"https:\/\/mekulo.com\/template\/wp-content\/uploads\/sites\/6\/2026\/01\/0960185575cc2cbf625ac0a6a6edd07b8e28639d-700.avif\" alt=\"\" \/><\/p>\n<h2 style=\"text-align: center;\" data-start=\"346\" data-end=\"366\">Huvudsakliga f\u00f6rdelar<\/h2>\n<p data-start=\"370\" data-end=\"446\">\ud83c\udf93 Tydlig 12 x 12 multiplikationstabell &#8211; L\u00e4ttl\u00e4st layout fr\u00e5n 1 till 12.<\/p>\n<p data-start=\"449\" data-end=\"527\">\ud83e\udde0 L\u00e4r dig genom lek &#8211; Kombinerar matematik\u00f6vning med praktisk interaktion.<\/p>\n<p data-start=\"530\" data-end=\"597\">\ud83d\udc46 Pop-it-sensoriska bubblor &#8211; F\u00f6rb\u00e4ttrar fokus och minskar stress.<\/p>\n<p data-start=\"600\" data-end=\"680\">\ud83d\udd01 Dubbelsidig design &#8211; Multiplikation p\u00e5 ena sidan, till\u00e4gg till det andra.<\/p>\n<p data-start=\"683\" data-end=\"759\">\ud83d\udcaa Slitstarkt silikonmaterial &#8211; vattent\u00e4tt, flexibelt och l\u00e4tt att reng\u00f6ra.<\/p>\n<p data-start=\"683\" data-end=\"759\"><img decoding=\"async\" class=\"size-full wp-image-20622 aligncenter\" src=\"https:\/\/mekulo.com\/template\/wp-content\/uploads\/sites\/6\/2026\/01\/3a5732bb53e7de4db6509bb866c01c49a4d21b19-700.avif\" alt=\"\" \/><\/p>\n<h2 style=\"text-align: center;\" data-start=\"766\" data-end=\"783\"><strong>Hur Man Anv\u00e4nder<\/strong><\/h2>\n<ol data-start=\"785\" data-end=\"1001\">\n<li data-start=\"785\" data-end=\"834\">\n<p data-start=\"788\" data-end=\"834\">V\u00e4lj ett multiplikations- eller additionsproblem.<\/p>\n<\/li>\n<li data-start=\"835\" data-end=\"877\">\n<p data-start=\"838\" data-end=\"877\">Hitta r\u00e4tt siffror i rutn\u00e4tet.<\/p>\n<\/li>\n<li data-start=\"878\" data-end=\"934\">\n<p data-start=\"881\" data-end=\"934\">Tryck p\u00e5 den matchande bubblan f\u00f6r att \u00f6va och memorera.<\/p>\n<\/li>\n<li data-start=\"935\" data-end=\"1001\">\n<p data-start=\"938\" data-end=\"1001\">V\u00e4nd p\u00e5 tavlan f\u00f6r att v\u00e4xla mellan multiplikation och addition.<\/p>\n<\/li>\n<\/ol>\n<h2 style=\"text-align: center;\" data-start=\"1008\" data-end=\"1030\"><strong>Produktdetaljer<\/strong><\/h2>\n<ul data-start=\"1032\" data-end=\"1301\">\n<li data-start=\"1090\" data-end=\"1142\">\n<p data-start=\"1092\" data-end=\"1142\">Inl\u00e4rningsomr\u00e5de: 12 x 12 multiplikationstabell (1-12)<\/p>\n<\/li>\n<li data-start=\"1143\" data-end=\"1179\">\n<p data-start=\"1145\" data-end=\"1179\">Framsida: Multiplikationstabell<\/p>\n<\/li>\n<li data-start=\"1180\" data-end=\"1216\">\n<p data-start=\"1182\" data-end=\"1216\">Baksida: Additionstabell (0-12)<\/p>\n<\/li>\n<li data-start=\"1217\" data-end=\"1252\">\n<p data-start=\"1219\" data-end=\"1252\">Material: Silikon av h\u00f6g kvalitet<\/p>\n<\/li>\n<li data-start=\"1253\" data-end=\"1301\">\n<p data-start=\"1255\" data-end=\"1301\">Funktioner: Pop-it bubblor, \u00e5teranv\u00e4ndbara, tv\u00e4ttbara<\/p>\n<\/li>\n<li data-start=\"1253\" data-end=\"1301\">Storlek: 20 x 20 cm<\/li>\n<\/ul>\n<h2 style=\"text-align: center;\" data-start=\"1308\" data-end=\"1331\"><strong>Paketet inneh\u00e5ller<\/strong><\/h2>\n<ul data-start=\"1333\" data-end=\"1380\">\n<li data-start=\"1333\" data-end=\"1380\">\n<p data-start=\"1335\" data-end=\"1380\">1x interaktiv multiplikationsleksak.<\/p>\n<\/li>\n<\/ul>\n","protected":false},"excerpt":{"rendered":"<p><span style=\"font-size: 16px; font-style: normal; font-weight: 400;\">\ud83d\udcd8<\/span>Den h\u00e4r interaktiva leksaken f\u00f6r multiplikationsinl\u00e4rning hj\u00e4lper barn att l\u00e4ra sig matematik genom lek med hj\u00e4lp av en f\u00e4rgglad pop-it-tavla.<br \/>\n\u2716\ufe0fDen kombinerar en tydlig 12 x 12 multiplikationstabell med sensoriska bubblor, vilket g\u00f6r inl\u00e4rningen enklare, lugnare och mer engagerande hemma eller i klassrummet.<br \/>\n\ud83d\udc67Ett roligt och effektivt s\u00e4tt att g\u00f6ra matematik\u00f6vning till lek &#8211; perfekt f\u00f6r barn, klassrum och stressfri inl\u00e4rning hemma. \ud83c\udf89<\/p>\n","protected":false},"featured_media":17706,"comment_status":"open","ping_status":"closed","template":"","meta":{"site-sidebar-layout":"default","site-content-layout":"","ast-site-content-layout":"default","site-content-style":"default","site-sidebar-style":"default","ast-global-header-display":"","ast-banner-title-visibility":"","ast-main-header-display":"","ast-hfb-above-header-display":"","ast-hfb-below-header-display":"","ast-hfb-mobile-header-display":"","site-post-title":"","ast-breadcrumbs-content":"","ast-featured-img":"","footer-sml-layout":"","theme-transparent-header-meta":"default","adv-header-id-meta":"","stick-header-meta":"","header-above-stick-meta":"","header-main-stick-meta":"","header-below-stick-meta":"","astra-migrate-meta-layouts":"set","ast-page-background-enabled":"default","ast-page-background-meta":{"desktop":{"background-color":"var(--ast-global-color-5)","background-image":"","background-repeat":"repeat","background-position":"center center","background-size":"auto","background-attachment":"scroll","background-type":"","background-media":"","overlay-type":"","overlay-color":"","overlay-opacity":"","overlay-gradient":""},"tablet":{"background-color":"","background-image":"","background-repeat":"repeat","background-position":"center center","background-size":"auto","background-attachment":"scroll","background-type":"","background-media":"","overlay-type":"","overlay-color":"","overlay-opacity":"","overlay-gradient":""},"mobile":{"background-color":"","background-image":"","background-repeat":"repeat","background-position":"center center","background-size":"auto","background-attachment":"scroll","background-type":"","background-media":"","overlay-type":"","overlay-color":"","overlay-opacity":"","overlay-gradient":""}},"ast-content-background-meta":{"desktop":{"background-color":"var(--ast-global-color-4)","background-image":"","background-repeat":"repeat","background-position":"center center","background-size":"auto","background-attachment":"scroll","background-type":"","background-media":"","overlay-type":"","overlay-color":"","overlay-opacity":"","overlay-gradient":""},"tablet":{"background-color":"var(--ast-global-color-4)","background-image":"","background-repeat":"repeat","background-position":"center center","background-size":"auto","background-attachment":"scroll","background-type":"","background-media":"","overlay-type":"","overlay-color":"","overlay-opacity":"","overlay-gradient":""},"mobile":{"background-color":"var(--ast-global-color-4)","background-image":"","background-repeat":"repeat","background-position":"center center","background-size":"auto","background-attachment":"scroll","background-type":"","background-media":"","overlay-type":"","overlay-color":"","overlay-opacity":"","overlay-gradient":""}}},"product_brand":[],"product_cat":[172],"product_tag":[],"class_list":{"0":"post-17710","1":"product","2":"type-product","3":"status-publish","4":"has-post-thumbnail","6":"product_cat-leksaker-barn-och-babyprodukter","7":"pa_49066_sddo2lt4-a","8":"pa_49066_sddo2lt4-b","9":"desktop-align-left","10":"tablet-align-left","11":"mobile-align-left","13":"first","14":"instock","15":"shipping-taxable","16":"purchasable","17":"product-type-variable"},"yoast_head":"<!-- This site is optimized with the Yoast SEO plugin v26.6 - https:\/\/yoast.com\/wordpress\/plugins\/seo\/ -->\n<title>Interaktiv leksak f\u00f6r inl\u00e4rning av multiplikation - Mekulo SE<\/title>\n<meta name=\"robots\" content=\"index, follow, max-snippet:-1, max-image-preview:large, max-video-preview:-1\" \/>\n<link rel=\"canonical\" href=\"https:\/\/mekulo.com\/se\/produkt\/interaktiv-leksak-for-inlarning-av-multiplikation\/\" \/>\n<meta property=\"og:locale\" content=\"en_US\" \/>\n<meta property=\"og:type\" content=\"article\" \/>\n<meta property=\"og:title\" content=\"Interaktiv leksak f\u00f6r inl\u00e4rning av multiplikation - Mekulo SE\" \/>\n<meta property=\"og:description\" content=\"\ud83d\udcd8Den h\u00e4r interaktiva leksaken f\u00f6r multiplikationsinl\u00e4rning hj\u00e4lper barn att l\u00e4ra sig matematik genom lek med hj\u00e4lp av en f\u00e4rgglad pop-it-tavla. \u2716\ufe0fDen kombinerar en tydlig 12 x 12 multiplikationstabell med sensoriska bubblor, vilket g\u00f6r inl\u00e4rningen enklare, lugnare och mer engagerande hemma eller i klassrummet. \ud83d\udc67Ett roligt och effektivt s\u00e4tt att g\u00f6ra matematik\u00f6vning till lek - perfekt f\u00f6r barn, klassrum och stressfri inl\u00e4rning hemma. \ud83c\udf89\" \/>\n<meta property=\"og:url\" content=\"https:\/\/mekulo.com\/se\/produkt\/interaktiv-leksak-for-inlarning-av-multiplikation\/\" \/>\n<meta property=\"og:site_name\" content=\"Mekulo SE\" \/>\n<meta property=\"article:modified_time\" content=\"2026-02-03T15:11:47+00:00\" \/>\n<meta property=\"og:image\" content=\"https:\/\/mekulo.com\/se\/wp-content\/uploads\/sites\/11\/2026\/01\/sl3d2b8-1.jpg\" \/>\n\t<meta property=\"og:image:width\" content=\"679\" \/>\n\t<meta property=\"og:image:height\" content=\"679\" \/>\n\t<meta property=\"og:image:type\" content=\"image\/jpeg\" \/>\n<meta name=\"twitter:card\" content=\"summary_large_image\" \/>\n<meta name=\"twitter:label1\" content=\"Est. reading time\" \/>\n\t<meta name=\"twitter:data1\" content=\"2 minutes\" \/>\n<script type=\"application\/ld+json\" class=\"yoast-schema-graph\">{\"@context\":\"https:\/\/schema.org\",\"@graph\":[{\"@type\":\"WebPage\",\"@id\":\"https:\/\/mekulo.com\/se\/produkt\/interaktiv-leksak-for-inlarning-av-multiplikation\/\",\"url\":\"https:\/\/mekulo.com\/se\/produkt\/interaktiv-leksak-for-inlarning-av-multiplikation\/\",\"name\":\"Interaktiv leksak f\u00f6r inl\u00e4rning av multiplikation - Mekulo SE\",\"isPartOf\":{\"@id\":\"https:\/\/mekulo.com\/se\/#website\"},\"primaryImageOfPage\":{\"@id\":\"https:\/\/mekulo.com\/se\/produkt\/interaktiv-leksak-for-inlarning-av-multiplikation\/#primaryimage\"},\"image\":{\"@id\":\"https:\/\/mekulo.com\/se\/produkt\/interaktiv-leksak-for-inlarning-av-multiplikation\/#primaryimage\"},\"thumbnailUrl\":\"https:\/\/mekulo.com\/se\/wp-content\/uploads\/sites\/11\/2026\/01\/sl3d2b8-1.jpg\",\"datePublished\":\"2026-01-15T15:52:18+00:00\",\"dateModified\":\"2026-02-03T15:11:47+00:00\",\"breadcrumb\":{\"@id\":\"https:\/\/mekulo.com\/se\/produkt\/interaktiv-leksak-for-inlarning-av-multiplikation\/#breadcrumb\"},\"inLanguage\":\"en-US\",\"potentialAction\":[{\"@type\":\"ReadAction\",\"target\":[\"https:\/\/mekulo.com\/se\/produkt\/interaktiv-leksak-for-inlarning-av-multiplikation\/\"]}]},{\"@type\":\"ImageObject\",\"inLanguage\":\"en-US\",\"@id\":\"https:\/\/mekulo.com\/se\/produkt\/interaktiv-leksak-for-inlarning-av-multiplikation\/#primaryimage\",\"url\":\"https:\/\/mekulo.com\/se\/wp-content\/uploads\/sites\/11\/2026\/01\/sl3d2b8-1.jpg\",\"contentUrl\":\"https:\/\/mekulo.com\/se\/wp-content\/uploads\/sites\/11\/2026\/01\/sl3d2b8-1.jpg\",\"width\":679,\"height\":679},{\"@type\":\"BreadcrumbList\",\"@id\":\"https:\/\/mekulo.com\/se\/produkt\/interaktiv-leksak-for-inlarning-av-multiplikation\/#breadcrumb\",\"itemListElement\":[{\"@type\":\"ListItem\",\"position\":1,\"name\":\"Home\",\"item\":\"https:\/\/mekulo.com\/se\/\"},{\"@type\":\"ListItem\",\"position\":2,\"name\":\"Butik\",\"item\":\"https:\/\/mekulo.com\/se\/butik\/\"},{\"@type\":\"ListItem\",\"position\":3,\"name\":\"Interaktiv leksak f\u00f6r inl\u00e4rning av multiplikation\"}]},{\"@type\":\"WebSite\",\"@id\":\"https:\/\/mekulo.com\/se\/#website\",\"url\":\"https:\/\/mekulo.com\/se\/\",\"name\":\"Mekulo SE\",\"description\":\"\",\"publisher\":{\"@id\":\"https:\/\/mekulo.com\/se\/#organization\"},\"potentialAction\":[{\"@type\":\"SearchAction\",\"target\":{\"@type\":\"EntryPoint\",\"urlTemplate\":\"https:\/\/mekulo.com\/se\/?s={search_term_string}\"},\"query-input\":{\"@type\":\"PropertyValueSpecification\",\"valueRequired\":true,\"valueName\":\"search_term_string\"}}],\"inLanguage\":\"en-US\"},{\"@type\":\"Organization\",\"@id\":\"https:\/\/mekulo.com\/se\/#organization\",\"name\":\"Mekulo\",\"url\":\"https:\/\/mekulo.com\/se\/\",\"logo\":{\"@type\":\"ImageObject\",\"inLanguage\":\"en-US\",\"@id\":\"https:\/\/mekulo.com\/se\/#\/schema\/logo\/image\/\",\"url\":\"https:\/\/mekulo.com\/se\/wp-content\/uploads\/sites\/11\/2025\/12\/favicon_mekulo.png\",\"contentUrl\":\"https:\/\/mekulo.com\/se\/wp-content\/uploads\/sites\/11\/2025\/12\/favicon_mekulo.png\",\"width\":50,\"height\":50,\"caption\":\"Mekulo\"},\"image\":{\"@id\":\"https:\/\/mekulo.com\/se\/#\/schema\/logo\/image\/\"}}]}<\/script>\n<!-- \/ Yoast SEO plugin. -->","yoast_head_json":{"title":"Interaktiv leksak f\u00f6r inl\u00e4rning av multiplikation - Mekulo SE","robots":{"index":"index","follow":"follow","max-snippet":"max-snippet:-1","max-image-preview":"max-image-preview:large","max-video-preview":"max-video-preview:-1"},"canonical":"https:\/\/mekulo.com\/se\/produkt\/interaktiv-leksak-for-inlarning-av-multiplikation\/","og_locale":"en_US","og_type":"article","og_title":"Interaktiv leksak f\u00f6r inl\u00e4rning av multiplikation - Mekulo SE","og_description":"\ud83d\udcd8Den h\u00e4r interaktiva leksaken f\u00f6r multiplikationsinl\u00e4rning hj\u00e4lper barn att l\u00e4ra sig matematik genom lek med hj\u00e4lp av en f\u00e4rgglad pop-it-tavla. \u2716\ufe0fDen kombinerar en tydlig 12 x 12 multiplikationstabell med sensoriska bubblor, vilket g\u00f6r inl\u00e4rningen enklare, lugnare och mer engagerande hemma eller i klassrummet. \ud83d\udc67Ett roligt och effektivt s\u00e4tt att g\u00f6ra matematik\u00f6vning till lek - perfekt f\u00f6r barn, klassrum och stressfri inl\u00e4rning hemma. \ud83c\udf89","og_url":"https:\/\/mekulo.com\/se\/produkt\/interaktiv-leksak-for-inlarning-av-multiplikation\/","og_site_name":"Mekulo SE","article_modified_time":"2026-02-03T15:11:47+00:00","og_image":[{"width":679,"height":679,"url":"https:\/\/mekulo.com\/se\/wp-content\/uploads\/sites\/11\/2026\/01\/sl3d2b8-1.jpg","type":"image\/jpeg"}],"twitter_card":"summary_large_image","twitter_misc":{"Est. reading time":"2 minutes"},"schema":{"@context":"https:\/\/schema.org","@graph":[{"@type":"WebPage","@id":"https:\/\/mekulo.com\/se\/produkt\/interaktiv-leksak-for-inlarning-av-multiplikation\/","url":"https:\/\/mekulo.com\/se\/produkt\/interaktiv-leksak-for-inlarning-av-multiplikation\/","name":"Interaktiv leksak f\u00f6r inl\u00e4rning av multiplikation - Mekulo SE","isPartOf":{"@id":"https:\/\/mekulo.com\/se\/#website"},"primaryImageOfPage":{"@id":"https:\/\/mekulo.com\/se\/produkt\/interaktiv-leksak-for-inlarning-av-multiplikation\/#primaryimage"},"image":{"@id":"https:\/\/mekulo.com\/se\/produkt\/interaktiv-leksak-for-inlarning-av-multiplikation\/#primaryimage"},"thumbnailUrl":"https:\/\/mekulo.com\/se\/wp-content\/uploads\/sites\/11\/2026\/01\/sl3d2b8-1.jpg","datePublished":"2026-01-15T15:52:18+00:00","dateModified":"2026-02-03T15:11:47+00:00","breadcrumb":{"@id":"https:\/\/mekulo.com\/se\/produkt\/interaktiv-leksak-for-inlarning-av-multiplikation\/#breadcrumb"},"inLanguage":"en-US","potentialAction":[{"@type":"ReadAction","target":["https:\/\/mekulo.com\/se\/produkt\/interaktiv-leksak-for-inlarning-av-multiplikation\/"]}]},{"@type":"ImageObject","inLanguage":"en-US","@id":"https:\/\/mekulo.com\/se\/produkt\/interaktiv-leksak-for-inlarning-av-multiplikation\/#primaryimage","url":"https:\/\/mekulo.com\/se\/wp-content\/uploads\/sites\/11\/2026\/01\/sl3d2b8-1.jpg","contentUrl":"https:\/\/mekulo.com\/se\/wp-content\/uploads\/sites\/11\/2026\/01\/sl3d2b8-1.jpg","width":679,"height":679},{"@type":"BreadcrumbList","@id":"https:\/\/mekulo.com\/se\/produkt\/interaktiv-leksak-for-inlarning-av-multiplikation\/#breadcrumb","itemListElement":[{"@type":"ListItem","position":1,"name":"Home","item":"https:\/\/mekulo.com\/se\/"},{"@type":"ListItem","position":2,"name":"Butik","item":"https:\/\/mekulo.com\/se\/butik\/"},{"@type":"ListItem","position":3,"name":"Interaktiv leksak f\u00f6r inl\u00e4rning av multiplikation"}]},{"@type":"WebSite","@id":"https:\/\/mekulo.com\/se\/#website","url":"https:\/\/mekulo.com\/se\/","name":"Mekulo SE","description":"","publisher":{"@id":"https:\/\/mekulo.com\/se\/#organization"},"potentialAction":[{"@type":"SearchAction","target":{"@type":"EntryPoint","urlTemplate":"https:\/\/mekulo.com\/se\/?s={search_term_string}"},"query-input":{"@type":"PropertyValueSpecification","valueRequired":true,"valueName":"search_term_string"}}],"inLanguage":"en-US"},{"@type":"Organization","@id":"https:\/\/mekulo.com\/se\/#organization","name":"Mekulo","url":"https:\/\/mekulo.com\/se\/","logo":{"@type":"ImageObject","inLanguage":"en-US","@id":"https:\/\/mekulo.com\/se\/#\/schema\/logo\/image\/","url":"https:\/\/mekulo.com\/se\/wp-content\/uploads\/sites\/11\/2025\/12\/favicon_mekulo.png","contentUrl":"https:\/\/mekulo.com\/se\/wp-content\/uploads\/sites\/11\/2025\/12\/favicon_mekulo.png","width":50,"height":50,"caption":"Mekulo"},"image":{"@id":"https:\/\/mekulo.com\/se\/#\/schema\/logo\/image\/"}}]}},"_links":{"self":[{"href":"https:\/\/mekulo.com\/se\/wp-json\/wp\/v2\/product\/17710","targetHints":{"allow":["GET"]}}],"collection":[{"href":"https:\/\/mekulo.com\/se\/wp-json\/wp\/v2\/product"}],"about":[{"href":"https:\/\/mekulo.com\/se\/wp-json\/wp\/v2\/types\/product"}],"replies":[{"embeddable":true,"href":"https:\/\/mekulo.com\/se\/wp-json\/wp\/v2\/comments?post=17710"}],"wp:featuredmedia":[{"embeddable":true,"href":"https:\/\/mekulo.com\/se\/wp-json\/wp\/v2\/media\/17706"}],"wp:attachment":[{"href":"https:\/\/mekulo.com\/se\/wp-json\/wp\/v2\/media?parent=17710"}],"wp:term":[{"taxonomy":"product_brand","embeddable":true,"href":"https:\/\/mekulo.com\/se\/wp-json\/wp\/v2\/product_brand?post=17710"},{"taxonomy":"product_cat","embeddable":true,"href":"https:\/\/mekulo.com\/se\/wp-json\/wp\/v2\/product_cat?post=17710"},{"taxonomy":"product_tag","embeddable":true,"href":"https:\/\/mekulo.com\/se\/wp-json\/wp\/v2\/product_tag?post=17710"}],"curies":[{"name":"wp","href":"https:\/\/api.w.org\/{rel}","templated":true}]}}