{"id":17696,"date":"2026-01-15T17:50:50","date_gmt":"2026-01-15T15:50:50","guid":{"rendered":"https:\/\/mekulo.com\/se\/produkt\/platsbesparande-hangare\/"},"modified":"2026-01-20T19:09:17","modified_gmt":"2026-01-20T17:09:17","slug":"platsbesparande-hangare","status":"publish","type":"product","link":"https:\/\/mekulo.com\/se\/produkt\/platsbesparande-hangare\/","title":{"rendered":"Platsbesparande h\u00e4ngare"},"content":{"rendered":"<p style=\"text-align: center;\" data-start=\"0\" data-end=\"67\"><strong data-start=\"0\" data-end=\"67\">H\u00e5ll din garderob snygg och spara utrymme med en smart h\u00e4ngare. \ud83d\udc57<\/strong><\/p>\n<p data-start=\"0\" data-end=\"67\"><img fetchpriority=\"high\" decoding=\"async\" class=\"size-full wp-image-20439 aligncenter\" src=\"https:\/\/mekulo.com\/template\/wp-content\/uploads\/sites\/6\/2026\/01\/S518d8be340b14bbe8876a5246e5a3bd6l.webp\" alt=\"\" width=\"800\" height=\"800\" \/><\/p>\n<h2 style=\"text-align: center;\" data-start=\"294\" data-end=\"314\"><strong>\ud83c\udf1f Huvudsakliga f\u00f6rdelar<\/strong><\/h2>\n<p data-start=\"318\" data-end=\"390\">\ud83e\udeb5 Stark ram i massivt tr\u00e4 &#8211; H\u00e5llbar och inte l\u00e4tt att b\u00f6ja eller bryta.<\/p>\n<p data-start=\"393\" data-end=\"473\">\ud83e\uddf2 Roterande krok i rostfritt st\u00e5l &#8211; Rostfri och justerbar f\u00f6r alla utrymmen.<\/p>\n<p data-start=\"476\" data-end=\"556\">\ud83e\udde2 8 krokar f\u00f6r maximal f\u00f6rvaring &#8211; H\u00e5ller hattar, halsdukar, beh\u00e5ar, b\u00e4lten och mer.<\/p>\n<p data-start=\"559\" data-end=\"630\">\ud83d\udce6 Platsbesparande design &#8211; Perfekt f\u00f6r sm\u00e5 garderober och l\u00e4genheter.<\/p>\n<p data-start=\"633\" data-end=\"712\">\ud83d\udc55 Multifunktionell anv\u00e4ndning &#8211; Fungerar f\u00f6r kl\u00e4der, accessoarer och torkning utomhus.<\/p>\n<p data-start=\"633\" data-end=\"712\"><img decoding=\"async\" class=\" wp-image-20435 aligncenter\" src=\"https:\/\/mekulo.com\/template\/wp-content\/uploads\/sites\/6\/2026\/01\/LB_0a00658b-b386-42a0-98b4-e321e1913dbf_720x720.png\" alt=\"\" width=\"801\" height=\"801\" \/><\/p>\n<h2 style=\"text-align: center;\" data-start=\"719\" data-end=\"736\"><strong>\u25b6\ufe0f Anv\u00e4ndning<\/strong><\/h2>\n<ol data-start=\"738\" data-end=\"934\">\n<li data-start=\"738\" data-end=\"786\">\n<p data-start=\"741\" data-end=\"786\">H\u00e4ng upp organisat\u00f6ren p\u00e5 en garderobsst\u00e5ng eller krok.<\/p>\n<\/li>\n<li data-start=\"787\" data-end=\"830\">\n<p data-start=\"790\" data-end=\"830\">Rotera den \u00f6vre kroken s\u00e5 att den passar ditt utrymme.<\/p>\n<\/li>\n<li data-start=\"831\" data-end=\"882\">\n<p data-start=\"834\" data-end=\"882\">Placera hattar, beh\u00e5ar eller accessoarer p\u00e5 varje krok.<\/p>\n<\/li>\n<li data-start=\"883\" data-end=\"934\">\n<p data-start=\"886\" data-end=\"934\">Justera f\u00f6rem\u00e5len f\u00f6r enkel \u00e5tkomst och snygg f\u00f6rvaring.<\/p>\n<\/li>\n<\/ol>\n<h2 style=\"text-align: center;\" data-start=\"941\" data-end=\"963\"><strong>\ud83d\udcd0 Produktdetaljer<\/strong><\/h2>\n<ul data-start=\"965\" data-end=\"1157\">\n<li data-start=\"1004\" data-end=\"1046\">\n<p data-start=\"1006\" data-end=\"1046\">Material: Massivt tr\u00e4 + rostfritt st\u00e5l<\/p>\n<\/li>\n<li data-start=\"1047\" data-end=\"1067\">\n<p data-start=\"1049\" data-end=\"1067\">Storlek: 28 x 18 cm<\/p>\n<\/li>\n<li data-start=\"1068\" data-end=\"1091\">\n<p data-start=\"1070\" data-end=\"1091\">Antal krokar: 8 krokar<\/p>\n<\/li>\n<li data-start=\"1112\" data-end=\"1157\">\n<p data-start=\"1114\" data-end=\"1157\">Anv\u00e4ndning: F\u00f6rvaring i garderob, torkning, organisering<\/p>\n<\/li>\n<\/ul>\n<h2 style=\"text-align: center;\" data-start=\"1164\" data-end=\"1187\"><strong>\ud83d\udce6 Paketet inneh\u00e5ller<\/strong><\/h2>\n<ul data-start=\"1189\" data-end=\"1216\">\n<li data-start=\"1189\" data-end=\"1216\">\n<p data-start=\"1191\" data-end=\"1216\">1x platsbesparande h\u00e4ngare.<\/p>\n<\/li>\n<\/ul>\n","protected":false},"excerpt":{"rendered":"<p>\ud83d\udc52Den h\u00e4r utrymmesbesparande h\u00e4ngaren hj\u00e4lper dig att organisera hattar, kl\u00e4der och accessoarer p\u00e5 ett st\u00e4lle utan att st\u00f6ka till.<br \/>\n\ud83e\udeb5Tillverkad av massivt tr\u00e4 med en stark krok i rostfritt st\u00e5l h\u00e5ller den f\u00f6rem\u00e5len s\u00e4kra, l\u00e4ttillg\u00e4ngliga och prydligt f\u00f6rvarade.<br \/>\n\ud83d\udc56Ett enkelt och snyggt s\u00e4tt att organisera mer samtidigt som du anv\u00e4nder mindre utrymme &#8211; perfekt f\u00f6r prydliga garderober och ett liv utan r\u00f6ran.<\/p>\n","protected":false},"featured_media":17692,"comment_status":"open","ping_status":"closed","template":"","meta":{"site-sidebar-layout":"default","site-content-layout":"","ast-site-content-layout":"default","site-content-style":"default","site-sidebar-style":"default","ast-global-header-display":"","ast-banner-title-visibility":"","ast-main-header-display":"","ast-hfb-above-header-display":"","ast-hfb-below-header-display":"","ast-hfb-mobile-header-display":"","site-post-title":"","ast-breadcrumbs-content":"","ast-featured-img":"","footer-sml-layout":"","theme-transparent-header-meta":"default","adv-header-id-meta":"","stick-header-meta":"","header-above-stick-meta":"","header-main-stick-meta":"","header-below-stick-meta":"","astra-migrate-meta-layouts":"set","ast-page-background-enabled":"default","ast-page-background-meta":{"desktop":{"background-color":"var(--ast-global-color-5)","background-image":"","background-repeat":"repeat","background-position":"center center","background-size":"auto","background-attachment":"scroll","background-type":"","background-media":"","overlay-type":"","overlay-color":"","overlay-opacity":"","overlay-gradient":""},"tablet":{"background-color":"","background-image":"","background-repeat":"repeat","background-position":"center center","background-size":"auto","background-attachment":"scroll","background-type":"","background-media":"","overlay-type":"","overlay-color":"","overlay-opacity":"","overlay-gradient":""},"mobile":{"background-color":"","background-image":"","background-repeat":"repeat","background-position":"center center","background-size":"auto","background-attachment":"scroll","background-type":"","background-media":"","overlay-type":"","overlay-color":"","overlay-opacity":"","overlay-gradient":""}},"ast-content-background-meta":{"desktop":{"background-color":"var(--ast-global-color-4)","background-image":"","background-repeat":"repeat","background-position":"center center","background-size":"auto","background-attachment":"scroll","background-type":"","background-media":"","overlay-type":"","overlay-color":"","overlay-opacity":"","overlay-gradient":""},"tablet":{"background-color":"var(--ast-global-color-4)","background-image":"","background-repeat":"repeat","background-position":"center center","background-size":"auto","background-attachment":"scroll","background-type":"","background-media":"","overlay-type":"","overlay-color":"","overlay-opacity":"","overlay-gradient":""},"mobile":{"background-color":"var(--ast-global-color-4)","background-image":"","background-repeat":"repeat","background-position":"center center","background-size":"auto","background-attachment":"scroll","background-type":"","background-media":"","overlay-type":"","overlay-color":"","overlay-opacity":"","overlay-gradient":""}}},"product_brand":[],"product_cat":[168],"product_tag":[],"class_list":{"0":"post-17696","1":"product","2":"type-product","3":"status-publish","4":"has-post-thumbnail","6":"product_cat-hushallsartiklar","7":"pa_48511_1h3hrej8-ljus-trafarg","8":"pa_48511_1h3hrej8-mork-trafarg","9":"desktop-align-left","10":"tablet-align-left","11":"mobile-align-left","13":"first","14":"instock","15":"shipping-taxable","16":"purchasable","17":"product-type-variable"},"yoast_head":"<!-- This site is optimized with the Yoast SEO plugin v26.6 - https:\/\/yoast.com\/wordpress\/plugins\/seo\/ -->\n<title>Platsbesparande h\u00e4ngare - Mekulo SE<\/title>\n<meta name=\"robots\" content=\"index, follow, max-snippet:-1, max-image-preview:large, max-video-preview:-1\" \/>\n<link rel=\"canonical\" href=\"https:\/\/mekulo.com\/se\/produkt\/platsbesparande-hangare\/\" \/>\n<meta property=\"og:locale\" content=\"sv_SE\" \/>\n<meta property=\"og:type\" content=\"article\" \/>\n<meta property=\"og:title\" content=\"Platsbesparande h\u00e4ngare - Mekulo SE\" \/>\n<meta property=\"og:description\" content=\"\ud83d\udc52Den h\u00e4r utrymmesbesparande h\u00e4ngaren hj\u00e4lper dig att organisera hattar, kl\u00e4der och accessoarer p\u00e5 ett st\u00e4lle utan att st\u00f6ka till. \ud83e\udeb5Tillverkad av massivt tr\u00e4 med en stark krok i rostfritt st\u00e5l h\u00e5ller den f\u00f6rem\u00e5len s\u00e4kra, l\u00e4ttillg\u00e4ngliga och prydligt f\u00f6rvarade. \ud83d\udc56Ett enkelt och snyggt s\u00e4tt att organisera mer samtidigt som du anv\u00e4nder mindre utrymme - perfekt f\u00f6r prydliga garderober och ett liv utan r\u00f6ran.\" \/>\n<meta property=\"og:url\" content=\"https:\/\/mekulo.com\/se\/produkt\/platsbesparande-hangare\/\" \/>\n<meta property=\"og:site_name\" content=\"Mekulo SE\" \/>\n<meta property=\"article:modified_time\" content=\"2026-01-20T17:09:17+00:00\" \/>\n<meta property=\"og:image\" content=\"https:\/\/mekulo.com\/se\/wp-content\/uploads\/sites\/11\/2026\/01\/7v538ro-1.webp\" \/>\n\t<meta property=\"og:image:width\" content=\"720\" \/>\n\t<meta property=\"og:image:height\" content=\"720\" \/>\n\t<meta property=\"og:image:type\" content=\"image\/webp\" \/>\n<meta name=\"twitter:card\" content=\"summary_large_image\" \/>\n<meta name=\"twitter:label1\" content=\"Ber\u00e4knad l\u00e4stid\" \/>\n\t<meta name=\"twitter:data1\" content=\"2 minuter\" \/>\n<script type=\"application\/ld+json\" class=\"yoast-schema-graph\">{\"@context\":\"https:\/\/schema.org\",\"@graph\":[{\"@type\":\"WebPage\",\"@id\":\"https:\/\/mekulo.com\/se\/produkt\/platsbesparande-hangare\/\",\"url\":\"https:\/\/mekulo.com\/se\/produkt\/platsbesparande-hangare\/\",\"name\":\"Platsbesparande h\u00e4ngare - Mekulo SE\",\"isPartOf\":{\"@id\":\"https:\/\/mekulo.com\/se\/#website\"},\"primaryImageOfPage\":{\"@id\":\"https:\/\/mekulo.com\/se\/produkt\/platsbesparande-hangare\/#primaryimage\"},\"image\":{\"@id\":\"https:\/\/mekulo.com\/se\/produkt\/platsbesparande-hangare\/#primaryimage\"},\"thumbnailUrl\":\"https:\/\/mekulo.com\/se\/wp-content\/uploads\/sites\/11\/2026\/01\/7v538ro-1.webp\",\"datePublished\":\"2026-01-15T15:50:50+00:00\",\"dateModified\":\"2026-01-20T17:09:17+00:00\",\"breadcrumb\":{\"@id\":\"https:\/\/mekulo.com\/se\/produkt\/platsbesparande-hangare\/#breadcrumb\"},\"inLanguage\":\"sv-SE\",\"potentialAction\":[{\"@type\":\"ReadAction\",\"target\":[\"https:\/\/mekulo.com\/se\/produkt\/platsbesparande-hangare\/\"]}]},{\"@type\":\"ImageObject\",\"inLanguage\":\"sv-SE\",\"@id\":\"https:\/\/mekulo.com\/se\/produkt\/platsbesparande-hangare\/#primaryimage\",\"url\":\"https:\/\/mekulo.com\/se\/wp-content\/uploads\/sites\/11\/2026\/01\/7v538ro-1.webp\",\"contentUrl\":\"https:\/\/mekulo.com\/se\/wp-content\/uploads\/sites\/11\/2026\/01\/7v538ro-1.webp\",\"width\":720,\"height\":720},{\"@type\":\"BreadcrumbList\",\"@id\":\"https:\/\/mekulo.com\/se\/produkt\/platsbesparande-hangare\/#breadcrumb\",\"itemListElement\":[{\"@type\":\"ListItem\",\"position\":1,\"name\":\"Home\",\"item\":\"https:\/\/mekulo.com\/se\/\"},{\"@type\":\"ListItem\",\"position\":2,\"name\":\"Butik\",\"item\":\"https:\/\/mekulo.com\/se\/butik\/\"},{\"@type\":\"ListItem\",\"position\":3,\"name\":\"Platsbesparande h\u00e4ngare\"}]},{\"@type\":\"WebSite\",\"@id\":\"https:\/\/mekulo.com\/se\/#website\",\"url\":\"https:\/\/mekulo.com\/se\/\",\"name\":\"Mekulo SE\",\"description\":\"\",\"publisher\":{\"@id\":\"https:\/\/mekulo.com\/se\/#organization\"},\"potentialAction\":[{\"@type\":\"SearchAction\",\"target\":{\"@type\":\"EntryPoint\",\"urlTemplate\":\"https:\/\/mekulo.com\/se\/?s={search_term_string}\"},\"query-input\":{\"@type\":\"PropertyValueSpecification\",\"valueRequired\":true,\"valueName\":\"search_term_string\"}}],\"inLanguage\":\"sv-SE\"},{\"@type\":\"Organization\",\"@id\":\"https:\/\/mekulo.com\/se\/#organization\",\"name\":\"Mekulo\",\"url\":\"https:\/\/mekulo.com\/se\/\",\"logo\":{\"@type\":\"ImageObject\",\"inLanguage\":\"sv-SE\",\"@id\":\"https:\/\/mekulo.com\/se\/#\/schema\/logo\/image\/\",\"url\":\"https:\/\/mekulo.com\/se\/wp-content\/uploads\/sites\/11\/2025\/12\/favicon_mekulo.png\",\"contentUrl\":\"https:\/\/mekulo.com\/se\/wp-content\/uploads\/sites\/11\/2025\/12\/favicon_mekulo.png\",\"width\":50,\"height\":50,\"caption\":\"Mekulo\"},\"image\":{\"@id\":\"https:\/\/mekulo.com\/se\/#\/schema\/logo\/image\/\"}}]}<\/script>\n<!-- \/ Yoast SEO plugin. -->","yoast_head_json":{"title":"Platsbesparande h\u00e4ngare - Mekulo SE","robots":{"index":"index","follow":"follow","max-snippet":"max-snippet:-1","max-image-preview":"max-image-preview:large","max-video-preview":"max-video-preview:-1"},"canonical":"https:\/\/mekulo.com\/se\/produkt\/platsbesparande-hangare\/","og_locale":"sv_SE","og_type":"article","og_title":"Platsbesparande h\u00e4ngare - Mekulo SE","og_description":"\ud83d\udc52Den h\u00e4r utrymmesbesparande h\u00e4ngaren hj\u00e4lper dig att organisera hattar, kl\u00e4der och accessoarer p\u00e5 ett st\u00e4lle utan att st\u00f6ka till. \ud83e\udeb5Tillverkad av massivt tr\u00e4 med en stark krok i rostfritt st\u00e5l h\u00e5ller den f\u00f6rem\u00e5len s\u00e4kra, l\u00e4ttillg\u00e4ngliga och prydligt f\u00f6rvarade. \ud83d\udc56Ett enkelt och snyggt s\u00e4tt att organisera mer samtidigt som du anv\u00e4nder mindre utrymme - perfekt f\u00f6r prydliga garderober och ett liv utan r\u00f6ran.","og_url":"https:\/\/mekulo.com\/se\/produkt\/platsbesparande-hangare\/","og_site_name":"Mekulo SE","article_modified_time":"2026-01-20T17:09:17+00:00","og_image":[{"width":720,"height":720,"url":"https:\/\/mekulo.com\/se\/wp-content\/uploads\/sites\/11\/2026\/01\/7v538ro-1.webp","type":"image\/webp"}],"twitter_card":"summary_large_image","twitter_misc":{"Ber\u00e4knad l\u00e4stid":"2 minuter"},"schema":{"@context":"https:\/\/schema.org","@graph":[{"@type":"WebPage","@id":"https:\/\/mekulo.com\/se\/produkt\/platsbesparande-hangare\/","url":"https:\/\/mekulo.com\/se\/produkt\/platsbesparande-hangare\/","name":"Platsbesparande h\u00e4ngare - Mekulo SE","isPartOf":{"@id":"https:\/\/mekulo.com\/se\/#website"},"primaryImageOfPage":{"@id":"https:\/\/mekulo.com\/se\/produkt\/platsbesparande-hangare\/#primaryimage"},"image":{"@id":"https:\/\/mekulo.com\/se\/produkt\/platsbesparande-hangare\/#primaryimage"},"thumbnailUrl":"https:\/\/mekulo.com\/se\/wp-content\/uploads\/sites\/11\/2026\/01\/7v538ro-1.webp","datePublished":"2026-01-15T15:50:50+00:00","dateModified":"2026-01-20T17:09:17+00:00","breadcrumb":{"@id":"https:\/\/mekulo.com\/se\/produkt\/platsbesparande-hangare\/#breadcrumb"},"inLanguage":"sv-SE","potentialAction":[{"@type":"ReadAction","target":["https:\/\/mekulo.com\/se\/produkt\/platsbesparande-hangare\/"]}]},{"@type":"ImageObject","inLanguage":"sv-SE","@id":"https:\/\/mekulo.com\/se\/produkt\/platsbesparande-hangare\/#primaryimage","url":"https:\/\/mekulo.com\/se\/wp-content\/uploads\/sites\/11\/2026\/01\/7v538ro-1.webp","contentUrl":"https:\/\/mekulo.com\/se\/wp-content\/uploads\/sites\/11\/2026\/01\/7v538ro-1.webp","width":720,"height":720},{"@type":"BreadcrumbList","@id":"https:\/\/mekulo.com\/se\/produkt\/platsbesparande-hangare\/#breadcrumb","itemListElement":[{"@type":"ListItem","position":1,"name":"Home","item":"https:\/\/mekulo.com\/se\/"},{"@type":"ListItem","position":2,"name":"Butik","item":"https:\/\/mekulo.com\/se\/butik\/"},{"@type":"ListItem","position":3,"name":"Platsbesparande h\u00e4ngare"}]},{"@type":"WebSite","@id":"https:\/\/mekulo.com\/se\/#website","url":"https:\/\/mekulo.com\/se\/","name":"Mekulo SE","description":"","publisher":{"@id":"https:\/\/mekulo.com\/se\/#organization"},"potentialAction":[{"@type":"SearchAction","target":{"@type":"EntryPoint","urlTemplate":"https:\/\/mekulo.com\/se\/?s={search_term_string}"},"query-input":{"@type":"PropertyValueSpecification","valueRequired":true,"valueName":"search_term_string"}}],"inLanguage":"sv-SE"},{"@type":"Organization","@id":"https:\/\/mekulo.com\/se\/#organization","name":"Mekulo","url":"https:\/\/mekulo.com\/se\/","logo":{"@type":"ImageObject","inLanguage":"sv-SE","@id":"https:\/\/mekulo.com\/se\/#\/schema\/logo\/image\/","url":"https:\/\/mekulo.com\/se\/wp-content\/uploads\/sites\/11\/2025\/12\/favicon_mekulo.png","contentUrl":"https:\/\/mekulo.com\/se\/wp-content\/uploads\/sites\/11\/2025\/12\/favicon_mekulo.png","width":50,"height":50,"caption":"Mekulo"},"image":{"@id":"https:\/\/mekulo.com\/se\/#\/schema\/logo\/image\/"}}]}},"_links":{"self":[{"href":"https:\/\/mekulo.com\/se\/wp-json\/wp\/v2\/product\/17696","targetHints":{"allow":["GET"]}}],"collection":[{"href":"https:\/\/mekulo.com\/se\/wp-json\/wp\/v2\/product"}],"about":[{"href":"https:\/\/mekulo.com\/se\/wp-json\/wp\/v2\/types\/product"}],"replies":[{"embeddable":true,"href":"https:\/\/mekulo.com\/se\/wp-json\/wp\/v2\/comments?post=17696"}],"wp:featuredmedia":[{"embeddable":true,"href":"https:\/\/mekulo.com\/se\/wp-json\/wp\/v2\/media\/17692"}],"wp:attachment":[{"href":"https:\/\/mekulo.com\/se\/wp-json\/wp\/v2\/media?parent=17696"}],"wp:term":[{"taxonomy":"product_brand","embeddable":true,"href":"https:\/\/mekulo.com\/se\/wp-json\/wp\/v2\/product_brand?post=17696"},{"taxonomy":"product_cat","embeddable":true,"href":"https:\/\/mekulo.com\/se\/wp-json\/wp\/v2\/product_cat?post=17696"},{"taxonomy":"product_tag","embeddable":true,"href":"https:\/\/mekulo.com\/se\/wp-json\/wp\/v2\/product_tag?post=17696"}],"curies":[{"name":"wp","href":"https:\/\/api.w.org\/{rel}","templated":true}]}}