{"id":17672,"date":"2026-01-15T17:49:15","date_gmt":"2026-01-15T15:49:15","guid":{"rendered":"https:\/\/mekulo.com\/se\/produkt\/hornanslutning\/"},"modified":"2026-01-20T15:29:18","modified_gmt":"2026-01-20T13:29:18","slug":"hornanslutning","status":"publish","type":"product","link":"https:\/\/mekulo.com\/se\/produkt\/hornanslutning\/","title":{"rendered":"H\u00f6rnanslutning"},"content":{"rendered":"<p style=\"text-align: center;\" data-start=\"0\" data-end=\"89\"><strong data-start=\"0\" data-end=\"89\">F\u00f6rst\u00e4rk och stabilisera dina m\u00f6bler med en solid, h\u00e5llbar h\u00f6rnanslutning. \ud83e\uddf0<\/strong><\/p>\n<p data-start=\"0\" data-end=\"89\"><img fetchpriority=\"high\" decoding=\"async\" class=\"size-full wp-image-20419 aligncenter\" src=\"https:\/\/mekulo.com\/template\/wp-content\/uploads\/sites\/6\/2026\/01\/2_8dc96938-0f68-406c-ab84-f947ac3a0099_720x720.webp\" alt=\"\" width=\"720\" height=\"720\" \/><\/p>\n<h2 style=\"text-align: center;\" data-start=\"340\" data-end=\"360\">Huvudsakliga f\u00f6rdelar<\/h2>\n<p data-start=\"364\" data-end=\"426\">\ud83d\udee0\ufe0f Starkt 90\u00b0-st\u00f6d &#8211; H\u00e5ller m\u00f6blerna stadiga och stabila.<\/p>\n<p data-start=\"429\" data-end=\"503\">\ud83d\udcaa Konstruktion i rostfritt st\u00e5l &#8211; H\u00f6g styrka och l\u00e5ng h\u00e5llbarhet.<\/p>\n<p data-start=\"506\" data-end=\"577\">\ud83c\udf27\ufe0f Rost- och korrosionsbest\u00e4ndig &#8211; Perfekt f\u00f6r k\u00f6k och badrum.<\/p>\n<p data-start=\"580\" data-end=\"645\">\ud83d\udccf Universell passform &#8211; Fungerar med tr\u00e4, MDF och sp\u00e5nskivor.<\/p>\n<p data-start=\"648\" data-end=\"712\">\u26a1 Enkel installation &#8211; f\u00f6rborrade h\u00e5l f\u00f6r snabb montering.<\/p>\n<p data-start=\"648\" data-end=\"712\"><img decoding=\"async\" class=\"size-full wp-image-20417 aligncenter\" src=\"https:\/\/mekulo.com\/template\/wp-content\/uploads\/sites\/6\/2026\/01\/8_a8dca081-6de5-4a4b-b7e2-6c46db6b9bfc_720x720.webp\" alt=\"\" width=\"720\" height=\"720\" \/><\/p>\n<h2 style=\"text-align: center;\" data-start=\"719\" data-end=\"736\">Hur man anv\u00e4nder<\/h2>\n<ol data-start=\"738\" data-end=\"953\">\n<li data-start=\"738\" data-end=\"786\">\n<p data-start=\"741\" data-end=\"786\">Placera kopplingen vid h\u00f6rnfogen.<\/p>\n<\/li>\n<li data-start=\"787\" data-end=\"822\">\n<p data-start=\"790\" data-end=\"822\">Rikta in den i 90 graders vinkel.<\/p>\n<\/li>\n<li data-start=\"823\" data-end=\"869\">\n<p data-start=\"826\" data-end=\"869\">S\u00e4tt i skruvarna i de f\u00f6rborrade h\u00e5len.<\/p>\n<\/li>\n<li data-start=\"870\" data-end=\"914\">\n<p data-start=\"873\" data-end=\"914\">Dra \u00e5t ordentligt tills den sitter fast och stabilt.<\/p>\n<\/li>\n<li data-start=\"915\" data-end=\"953\">\n<p data-start=\"918\" data-end=\"953\">Kontrollera inriktningen f\u00f6re slutlig anv\u00e4ndning.<\/p>\n<\/li>\n<\/ol>\n<h2 style=\"text-align: center;\" data-start=\"960\" data-end=\"982\">Produktinformation<\/h2>\n<ul data-start=\"984\" data-end=\"1221\">\n<li data-start=\"1019\" data-end=\"1048\">\n<p data-start=\"1021\" data-end=\"1048\">Material: Rostfritt st\u00e5l<\/p>\n<\/li>\n<li data-start=\"1049\" data-end=\"1070\">\n<p data-start=\"1051\" data-end=\"1070\">Vinkel: 90 grader<\/p>\n<\/li>\n<li data-start=\"1071\" data-end=\"1123\">\n<p data-start=\"1073\" data-end=\"1123\">Anv\u00e4ndning: M\u00f6bler, sk\u00e5p, hyllor, tr\u00e4ramar<\/p>\n<\/li>\n<li data-start=\"1124\" data-end=\"1171\">\n<p data-start=\"1126\" data-end=\"1171\">Funktioner: F\u00f6rborrade h\u00e5l, rostbest\u00e4ndiga<\/p>\n<\/li>\n<li data-start=\"1172\" data-end=\"1221\">\n<p data-start=\"1174\" data-end=\"1221\">L\u00e4mpliga material: Tr\u00e4, MDF, sp\u00e5nskiva<\/p>\n<\/li>\n<\/ul>\n<h2 style=\"text-align: center;\" data-start=\"1228\" data-end=\"1251\">Paketet inneh\u00e5ller<\/h2>\n<ul data-start=\"1253\" data-end=\"1309\">\n<li data-start=\"1253\" data-end=\"1289\">\n<p data-start=\"1255\" data-end=\"1289\">1, 3, 5, 10, 20, 30x h\u00f6rnanslutning i rostfritt st\u00e5l<\/p>\n<\/li>\n<li data-start=\"1290\" data-end=\"1309\">\n<p data-start=\"1292\" data-end=\"1309\">4, 12, 20, 40, 80, 120x matchande skruvar.<\/p>\n<\/li>\n<\/ul>\n","protected":false},"excerpt":{"rendered":"<p>\ud83d\udee0\ufe0fDenna h\u00f6rnf\u00f6rbindare \u00e4r utformad f\u00f6r att s\u00e4kert sammanfoga och f\u00f6rst\u00e4rka m\u00f6bler, sk\u00e5p, hyllor och tr\u00e4ramar.<br \/>\n\u26a1 Tillverkad av h\u00e5llbart rostfritt st\u00e5l, ger den starkt 90-graders st\u00f6d f\u00f6r att h\u00e5lla dina projekt stabila, inriktade och byggda f\u00f6r att h\u00e5lla.<br \/>\n\ud83e\uddd1\u200d\ud83c\udfedA enkel och p\u00e5litlig l\u00f6sning f\u00f6r starkare m\u00f6bler och renare byggnader &#8211; perfekt f\u00f6r b\u00e5de DIY-projekt och professionellt arbete.<\/p>\n","protected":false},"featured_media":17668,"comment_status":"open","ping_status":"closed","template":"","meta":{"site-sidebar-layout":"default","site-content-layout":"","ast-site-content-layout":"default","site-content-style":"default","site-sidebar-style":"default","ast-global-header-display":"","ast-banner-title-visibility":"","ast-main-header-display":"","ast-hfb-above-header-display":"","ast-hfb-below-header-display":"","ast-hfb-mobile-header-display":"","site-post-title":"","ast-breadcrumbs-content":"","ast-featured-img":"","footer-sml-layout":"","theme-transparent-header-meta":"default","adv-header-id-meta":"","stick-header-meta":"","header-above-stick-meta":"","header-main-stick-meta":"","header-below-stick-meta":"","astra-migrate-meta-layouts":"set","ast-page-background-enabled":"default","ast-page-background-meta":{"desktop":{"background-color":"var(--ast-global-color-5)","background-image":"","background-repeat":"repeat","background-position":"center center","background-size":"auto","background-attachment":"scroll","background-type":"","background-media":"","overlay-type":"","overlay-color":"","overlay-opacity":"","overlay-gradient":""},"tablet":{"background-color":"","background-image":"","background-repeat":"repeat","background-position":"center center","background-size":"auto","background-attachment":"scroll","background-type":"","background-media":"","overlay-type":"","overlay-color":"","overlay-opacity":"","overlay-gradient":""},"mobile":{"background-color":"","background-image":"","background-repeat":"repeat","background-position":"center center","background-size":"auto","background-attachment":"scroll","background-type":"","background-media":"","overlay-type":"","overlay-color":"","overlay-opacity":"","overlay-gradient":""}},"ast-content-background-meta":{"desktop":{"background-color":"var(--ast-global-color-4)","background-image":"","background-repeat":"repeat","background-position":"center center","background-size":"auto","background-attachment":"scroll","background-type":"","background-media":"","overlay-type":"","overlay-color":"","overlay-opacity":"","overlay-gradient":""},"tablet":{"background-color":"var(--ast-global-color-4)","background-image":"","background-repeat":"repeat","background-position":"center center","background-size":"auto","background-attachment":"scroll","background-type":"","background-media":"","overlay-type":"","overlay-color":"","overlay-opacity":"","overlay-gradient":""},"mobile":{"background-color":"var(--ast-global-color-4)","background-image":"","background-repeat":"repeat","background-position":"center center","background-size":"auto","background-attachment":"scroll","background-type":"","background-media":"","overlay-type":"","overlay-color":"","overlay-opacity":"","overlay-gradient":""}}},"product_brand":[],"product_cat":[171],"product_tag":[],"class_list":{"0":"post-17672","1":"product","2":"type-product","3":"status-publish","4":"has-post-thumbnail","6":"product_cat-verktyg","7":"pa_48488_t4ilxl0u-1-st","8":"pa_48488_t4ilxl0u-10-st","9":"pa_48488_t4ilxl0u-20-st","10":"pa_48488_t4ilxl0u-3-st","11":"pa_48488_t4ilxl0u-30-st","12":"pa_48488_t4ilxl0u-5-st","13":"desktop-align-left","14":"tablet-align-left","15":"mobile-align-left","17":"first","18":"instock","19":"shipping-taxable","20":"purchasable","21":"product-type-variable"},"yoast_head":"<!-- This site is optimized with the Yoast SEO plugin v26.6 - https:\/\/yoast.com\/wordpress\/plugins\/seo\/ -->\n<title>H\u00f6rnanslutning - Mekulo SE<\/title>\n<meta name=\"robots\" content=\"index, follow, max-snippet:-1, max-image-preview:large, max-video-preview:-1\" \/>\n<link rel=\"canonical\" href=\"https:\/\/mekulo.com\/se\/produkt\/hornanslutning\/\" \/>\n<meta property=\"og:locale\" content=\"sv_SE\" \/>\n<meta property=\"og:type\" content=\"article\" \/>\n<meta property=\"og:title\" content=\"H\u00f6rnanslutning - Mekulo SE\" \/>\n<meta property=\"og:description\" content=\"\ud83d\udee0\ufe0fDenna h\u00f6rnf\u00f6rbindare \u00e4r utformad f\u00f6r att s\u00e4kert sammanfoga och f\u00f6rst\u00e4rka m\u00f6bler, sk\u00e5p, hyllor och tr\u00e4ramar. \u26a1 Tillverkad av h\u00e5llbart rostfritt st\u00e5l, ger den starkt 90-graders st\u00f6d f\u00f6r att h\u00e5lla dina projekt stabila, inriktade och byggda f\u00f6r att h\u00e5lla. \ud83e\uddd1\u200d\ud83c\udfedA enkel och p\u00e5litlig l\u00f6sning f\u00f6r starkare m\u00f6bler och renare byggnader - perfekt f\u00f6r b\u00e5de DIY-projekt och professionellt arbete.\" \/>\n<meta property=\"og:url\" content=\"https:\/\/mekulo.com\/se\/produkt\/hornanslutning\/\" \/>\n<meta property=\"og:site_name\" content=\"Mekulo SE\" \/>\n<meta property=\"article:modified_time\" content=\"2026-01-20T13:29:18+00:00\" \/>\n<meta property=\"og:image\" content=\"https:\/\/mekulo.com\/se\/wp-content\/uploads\/sites\/11\/2026\/01\/p30jr20-1.webp\" \/>\n\t<meta property=\"og:image:width\" content=\"720\" \/>\n\t<meta property=\"og:image:height\" content=\"720\" \/>\n\t<meta property=\"og:image:type\" content=\"image\/webp\" \/>\n<meta name=\"twitter:card\" content=\"summary_large_image\" \/>\n<meta name=\"twitter:label1\" content=\"Ber\u00e4knad l\u00e4stid\" \/>\n\t<meta name=\"twitter:data1\" content=\"2 minuter\" \/>\n<script type=\"application\/ld+json\" class=\"yoast-schema-graph\">{\"@context\":\"https:\/\/schema.org\",\"@graph\":[{\"@type\":\"WebPage\",\"@id\":\"https:\/\/mekulo.com\/se\/produkt\/hornanslutning\/\",\"url\":\"https:\/\/mekulo.com\/se\/produkt\/hornanslutning\/\",\"name\":\"H\u00f6rnanslutning - Mekulo SE\",\"isPartOf\":{\"@id\":\"https:\/\/mekulo.com\/se\/#website\"},\"primaryImageOfPage\":{\"@id\":\"https:\/\/mekulo.com\/se\/produkt\/hornanslutning\/#primaryimage\"},\"image\":{\"@id\":\"https:\/\/mekulo.com\/se\/produkt\/hornanslutning\/#primaryimage\"},\"thumbnailUrl\":\"https:\/\/mekulo.com\/se\/wp-content\/uploads\/sites\/11\/2026\/01\/p30jr20-1.webp\",\"datePublished\":\"2026-01-15T15:49:15+00:00\",\"dateModified\":\"2026-01-20T13:29:18+00:00\",\"breadcrumb\":{\"@id\":\"https:\/\/mekulo.com\/se\/produkt\/hornanslutning\/#breadcrumb\"},\"inLanguage\":\"sv-SE\",\"potentialAction\":[{\"@type\":\"ReadAction\",\"target\":[\"https:\/\/mekulo.com\/se\/produkt\/hornanslutning\/\"]}]},{\"@type\":\"ImageObject\",\"inLanguage\":\"sv-SE\",\"@id\":\"https:\/\/mekulo.com\/se\/produkt\/hornanslutning\/#primaryimage\",\"url\":\"https:\/\/mekulo.com\/se\/wp-content\/uploads\/sites\/11\/2026\/01\/p30jr20-1.webp\",\"contentUrl\":\"https:\/\/mekulo.com\/se\/wp-content\/uploads\/sites\/11\/2026\/01\/p30jr20-1.webp\",\"width\":720,\"height\":720},{\"@type\":\"BreadcrumbList\",\"@id\":\"https:\/\/mekulo.com\/se\/produkt\/hornanslutning\/#breadcrumb\",\"itemListElement\":[{\"@type\":\"ListItem\",\"position\":1,\"name\":\"Home\",\"item\":\"https:\/\/mekulo.com\/se\/\"},{\"@type\":\"ListItem\",\"position\":2,\"name\":\"Butik\",\"item\":\"https:\/\/mekulo.com\/se\/butik\/\"},{\"@type\":\"ListItem\",\"position\":3,\"name\":\"H\u00f6rnanslutning\"}]},{\"@type\":\"WebSite\",\"@id\":\"https:\/\/mekulo.com\/se\/#website\",\"url\":\"https:\/\/mekulo.com\/se\/\",\"name\":\"Mekulo SE\",\"description\":\"\",\"publisher\":{\"@id\":\"https:\/\/mekulo.com\/se\/#organization\"},\"potentialAction\":[{\"@type\":\"SearchAction\",\"target\":{\"@type\":\"EntryPoint\",\"urlTemplate\":\"https:\/\/mekulo.com\/se\/?s={search_term_string}\"},\"query-input\":{\"@type\":\"PropertyValueSpecification\",\"valueRequired\":true,\"valueName\":\"search_term_string\"}}],\"inLanguage\":\"sv-SE\"},{\"@type\":\"Organization\",\"@id\":\"https:\/\/mekulo.com\/se\/#organization\",\"name\":\"Mekulo\",\"url\":\"https:\/\/mekulo.com\/se\/\",\"logo\":{\"@type\":\"ImageObject\",\"inLanguage\":\"sv-SE\",\"@id\":\"https:\/\/mekulo.com\/se\/#\/schema\/logo\/image\/\",\"url\":\"https:\/\/mekulo.com\/se\/wp-content\/uploads\/sites\/11\/2025\/12\/favicon_mekulo.png\",\"contentUrl\":\"https:\/\/mekulo.com\/se\/wp-content\/uploads\/sites\/11\/2025\/12\/favicon_mekulo.png\",\"width\":50,\"height\":50,\"caption\":\"Mekulo\"},\"image\":{\"@id\":\"https:\/\/mekulo.com\/se\/#\/schema\/logo\/image\/\"}}]}<\/script>\n<!-- \/ Yoast SEO plugin. -->","yoast_head_json":{"title":"H\u00f6rnanslutning - Mekulo SE","robots":{"index":"index","follow":"follow","max-snippet":"max-snippet:-1","max-image-preview":"max-image-preview:large","max-video-preview":"max-video-preview:-1"},"canonical":"https:\/\/mekulo.com\/se\/produkt\/hornanslutning\/","og_locale":"sv_SE","og_type":"article","og_title":"H\u00f6rnanslutning - Mekulo SE","og_description":"\ud83d\udee0\ufe0fDenna h\u00f6rnf\u00f6rbindare \u00e4r utformad f\u00f6r att s\u00e4kert sammanfoga och f\u00f6rst\u00e4rka m\u00f6bler, sk\u00e5p, hyllor och tr\u00e4ramar. \u26a1 Tillverkad av h\u00e5llbart rostfritt st\u00e5l, ger den starkt 90-graders st\u00f6d f\u00f6r att h\u00e5lla dina projekt stabila, inriktade och byggda f\u00f6r att h\u00e5lla. \ud83e\uddd1\u200d\ud83c\udfedA enkel och p\u00e5litlig l\u00f6sning f\u00f6r starkare m\u00f6bler och renare byggnader - perfekt f\u00f6r b\u00e5de DIY-projekt och professionellt arbete.","og_url":"https:\/\/mekulo.com\/se\/produkt\/hornanslutning\/","og_site_name":"Mekulo SE","article_modified_time":"2026-01-20T13:29:18+00:00","og_image":[{"width":720,"height":720,"url":"https:\/\/mekulo.com\/se\/wp-content\/uploads\/sites\/11\/2026\/01\/p30jr20-1.webp","type":"image\/webp"}],"twitter_card":"summary_large_image","twitter_misc":{"Ber\u00e4knad l\u00e4stid":"2 minuter"},"schema":{"@context":"https:\/\/schema.org","@graph":[{"@type":"WebPage","@id":"https:\/\/mekulo.com\/se\/produkt\/hornanslutning\/","url":"https:\/\/mekulo.com\/se\/produkt\/hornanslutning\/","name":"H\u00f6rnanslutning - Mekulo SE","isPartOf":{"@id":"https:\/\/mekulo.com\/se\/#website"},"primaryImageOfPage":{"@id":"https:\/\/mekulo.com\/se\/produkt\/hornanslutning\/#primaryimage"},"image":{"@id":"https:\/\/mekulo.com\/se\/produkt\/hornanslutning\/#primaryimage"},"thumbnailUrl":"https:\/\/mekulo.com\/se\/wp-content\/uploads\/sites\/11\/2026\/01\/p30jr20-1.webp","datePublished":"2026-01-15T15:49:15+00:00","dateModified":"2026-01-20T13:29:18+00:00","breadcrumb":{"@id":"https:\/\/mekulo.com\/se\/produkt\/hornanslutning\/#breadcrumb"},"inLanguage":"sv-SE","potentialAction":[{"@type":"ReadAction","target":["https:\/\/mekulo.com\/se\/produkt\/hornanslutning\/"]}]},{"@type":"ImageObject","inLanguage":"sv-SE","@id":"https:\/\/mekulo.com\/se\/produkt\/hornanslutning\/#primaryimage","url":"https:\/\/mekulo.com\/se\/wp-content\/uploads\/sites\/11\/2026\/01\/p30jr20-1.webp","contentUrl":"https:\/\/mekulo.com\/se\/wp-content\/uploads\/sites\/11\/2026\/01\/p30jr20-1.webp","width":720,"height":720},{"@type":"BreadcrumbList","@id":"https:\/\/mekulo.com\/se\/produkt\/hornanslutning\/#breadcrumb","itemListElement":[{"@type":"ListItem","position":1,"name":"Home","item":"https:\/\/mekulo.com\/se\/"},{"@type":"ListItem","position":2,"name":"Butik","item":"https:\/\/mekulo.com\/se\/butik\/"},{"@type":"ListItem","position":3,"name":"H\u00f6rnanslutning"}]},{"@type":"WebSite","@id":"https:\/\/mekulo.com\/se\/#website","url":"https:\/\/mekulo.com\/se\/","name":"Mekulo SE","description":"","publisher":{"@id":"https:\/\/mekulo.com\/se\/#organization"},"potentialAction":[{"@type":"SearchAction","target":{"@type":"EntryPoint","urlTemplate":"https:\/\/mekulo.com\/se\/?s={search_term_string}"},"query-input":{"@type":"PropertyValueSpecification","valueRequired":true,"valueName":"search_term_string"}}],"inLanguage":"sv-SE"},{"@type":"Organization","@id":"https:\/\/mekulo.com\/se\/#organization","name":"Mekulo","url":"https:\/\/mekulo.com\/se\/","logo":{"@type":"ImageObject","inLanguage":"sv-SE","@id":"https:\/\/mekulo.com\/se\/#\/schema\/logo\/image\/","url":"https:\/\/mekulo.com\/se\/wp-content\/uploads\/sites\/11\/2025\/12\/favicon_mekulo.png","contentUrl":"https:\/\/mekulo.com\/se\/wp-content\/uploads\/sites\/11\/2025\/12\/favicon_mekulo.png","width":50,"height":50,"caption":"Mekulo"},"image":{"@id":"https:\/\/mekulo.com\/se\/#\/schema\/logo\/image\/"}}]}},"_links":{"self":[{"href":"https:\/\/mekulo.com\/se\/wp-json\/wp\/v2\/product\/17672","targetHints":{"allow":["GET"]}}],"collection":[{"href":"https:\/\/mekulo.com\/se\/wp-json\/wp\/v2\/product"}],"about":[{"href":"https:\/\/mekulo.com\/se\/wp-json\/wp\/v2\/types\/product"}],"replies":[{"embeddable":true,"href":"https:\/\/mekulo.com\/se\/wp-json\/wp\/v2\/comments?post=17672"}],"wp:featuredmedia":[{"embeddable":true,"href":"https:\/\/mekulo.com\/se\/wp-json\/wp\/v2\/media\/17668"}],"wp:attachment":[{"href":"https:\/\/mekulo.com\/se\/wp-json\/wp\/v2\/media?parent=17672"}],"wp:term":[{"taxonomy":"product_brand","embeddable":true,"href":"https:\/\/mekulo.com\/se\/wp-json\/wp\/v2\/product_brand?post=17672"},{"taxonomy":"product_cat","embeddable":true,"href":"https:\/\/mekulo.com\/se\/wp-json\/wp\/v2\/product_cat?post=17672"},{"taxonomy":"product_tag","embeddable":true,"href":"https:\/\/mekulo.com\/se\/wp-json\/wp\/v2\/product_tag?post=17672"}],"curies":[{"name":"wp","href":"https:\/\/api.w.org\/{rel}","templated":true}]}}