{"id":17648,"date":"2026-01-15T17:46:23","date_gmt":"2026-01-15T15:46:23","guid":{"rendered":"https:\/\/mekulo.com\/se\/produkt\/sladdlos-grasklippare\/"},"modified":"2026-01-20T15:20:25","modified_gmt":"2026-01-20T13:20:25","slug":"sladdlos-grasklippare","status":"publish","type":"product","link":"https:\/\/mekulo.com\/se\/produkt\/sladdlos-grasklippare\/","title":{"rendered":"Sladdl\u00f6s gr\u00e4sklippare"},"content":{"rendered":"<p style=\"text-align: center;\" data-start=\"0\" data-end=\"65\"><strong data-start=\"0\" data-end=\"65\">Trimma Gr\u00e4s Och H\u00e4ckar Enkelt Med Ett Kraftfullt Sladdl\u00f6st Verktyg. \ud83c\udf31<\/strong><\/p>\n<p data-start=\"0\" data-end=\"65\"><img fetchpriority=\"high\" decoding=\"async\" class=\"size-full wp-image-20397 aligncenter\" src=\"https:\/\/mekulo.com\/template\/wp-content\/uploads\/sites\/6\/2026\/01\/Sf041b51123e54c10a039f5b794aa70f7A.jpg_960x960q75.jpg_.avif\" alt=\"\" width=\"800\" height=\"800\" \/><\/p>\n<h2 style=\"text-align: center;\" data-start=\"305\" data-end=\"325\">Huvudsakliga f\u00f6rdelar<\/h2>\n<p data-start=\"329\" data-end=\"409\">\ud83d\udd0b Kraftfull sladdl\u00f6s prestanda &#8211; 7,2 V litiumbatteri f\u00f6r kraftfull klippning.<\/p>\n<p data-start=\"412\" data-end=\"482\">\u2702\ufe0f 2-i-1-design &#8211; V\u00e4xla mellan gr\u00e4ssax och h\u00e4cksax.<\/p>\n<p data-start=\"485\" data-end=\"556\">\ud83d\udd04 Utbytbara blad &#8211; Enkelt bladbyte f\u00f6r olika uppgifter.<\/p>\n<p data-start=\"559\" data-end=\"617\">\u23f1\ufe0f L\u00e5ng drifttid &#8211; Upp till 50-60 minuter p\u00e5 en laddning.<\/p>\n<p data-start=\"620\" data-end=\"696\">\ud83c\udf31 Perfekt f\u00f6r tr\u00e5nga utrymmen &#8211; Perfekt f\u00f6r kanter, rabatter och stenl\u00e4ggning.<\/p>\n<p data-start=\"620\" data-end=\"696\"><img decoding=\"async\" class=\"size-full wp-image-20399 aligncenter\" src=\"https:\/\/mekulo.com\/template\/wp-content\/uploads\/sites\/6\/2026\/01\/S76bdc24b34014b0880a4320b1aa62df23.jpg_960x960q75.jpg_.avif\" alt=\"\" width=\"800\" height=\"800\" \/><\/p>\n<h2 style=\"text-align: center;\" data-start=\"703\" data-end=\"720\"><strong>Anv\u00e4ndning<\/strong><\/h2>\n<ol data-start=\"722\" data-end=\"997\">\n<li data-start=\"722\" data-end=\"776\">\n<p data-start=\"725\" data-end=\"776\">V\u00e4lj det blad du beh\u00f6ver och f\u00e4st det ordentligt.<\/p>\n<\/li>\n<li data-start=\"777\" data-end=\"839\">\n<p data-start=\"780\" data-end=\"839\">Ladda batteriet helt med den medf\u00f6ljande Typ-C-kabeln.<\/p>\n<\/li>\n<li data-start=\"840\" data-end=\"900\">\n<p data-start=\"843\" data-end=\"900\">S\u00e4tt p\u00e5 trimmern och f\u00f6r den l\u00e4ngs gr\u00e4s eller h\u00e4ckar.<\/p>\n<\/li>\n<li data-start=\"901\" data-end=\"951\">\n<p data-start=\"904\" data-end=\"951\">Anv\u00e4nd l\u00e5ngsamma, stadiga r\u00f6relser f\u00f6r ett rent resultat.<\/p>\n<\/li>\n<li data-start=\"952\" data-end=\"997\">\n<p data-start=\"955\" data-end=\"997\">St\u00e4ng av och reng\u00f6r bladen efter anv\u00e4ndning.<\/p>\n<\/li>\n<\/ol>\n<h2 style=\"text-align: center;\" data-start=\"1004\" data-end=\"1026\"><strong>Produktdetaljer<\/strong><\/h2>\n<ul data-start=\"1028\" data-end=\"1306\">\n<li data-start=\"1068\" data-end=\"1088\">\n<p data-start=\"1070\" data-end=\"1088\">Sp\u00e4nning: 7,2 V DC<\/p>\n<\/li>\n<li data-start=\"1089\" data-end=\"1118\">\n<p data-start=\"1091\" data-end=\"1118\">Batterityp: Litium-jon<\/p>\n<\/li>\n<li data-start=\"1119\" data-end=\"1148\">\n<p data-start=\"1121\" data-end=\"1148\">Batterikapacitet: 2000mAh<\/p>\n<\/li>\n<li data-start=\"1149\" data-end=\"1176\">\n<p data-start=\"1151\" data-end=\"1176\">Tomg\u00e5ngsvarvtal: 1000 RPMS<\/p>\n<\/li>\n<li data-start=\"1149\" data-end=\"1176\">\n<p data-start=\"1151\" data-end=\"1176\">Storlek p\u00e5 den sladdl\u00f6sa gr\u00e4ssaxen: 310 x 108 mm<\/p>\n<\/li>\n<li data-start=\"1177\" data-end=\"1210\">\n<p data-start=\"1179\" data-end=\"1210\">Trimmerns klippl\u00e4ngd: 150 mm<\/p>\n<\/li>\n<li data-start=\"1211\" data-end=\"1240\">\n<p data-start=\"1213\" data-end=\"1240\">Saxens klippbredd: 75 mm<\/p>\n<\/li>\n<li data-start=\"1241\" data-end=\"1271\">\n<p data-start=\"1243\" data-end=\"1271\">Laddningstid: 1,5-2 timmar<\/p>\n<\/li>\n<li data-start=\"1272\" data-end=\"1306\">\n<p data-start=\"1274\" data-end=\"1306\">K\u00f6rtid: Ca 50-60 minuter<\/p>\n<\/li>\n<\/ul>\n<h2 style=\"text-align: center;\" data-start=\"1313\" data-end=\"1336\"><strong>F\u00f6rpackningen inneh\u00e5ller<\/strong><\/h2>\n<ul data-start=\"1338\" data-end=\"1465\">\n<li data-start=\"1338\" data-end=\"1375\">\n<p data-start=\"1340\" data-end=\"1375\">1x sladdl\u00f6s gr\u00e4sklippare<\/p>\n<\/li>\n<li data-start=\"1376\" data-end=\"1404\">\n<p data-start=\"1378\" data-end=\"1404\">1x uppladdningsbart batteri<\/p>\n<\/li>\n<li data-start=\"1405\" data-end=\"1434\">\n<p data-start=\"1407\" data-end=\"1434\">1x Typ-C laddningskabel<\/p>\n<\/li>\n<li data-start=\"1435\" data-end=\"1465\">\n<p data-start=\"1437\" data-end=\"1465\">2x utbytbara blad.<\/p>\n<\/li>\n<\/ul>\n","protected":false},"excerpt":{"rendered":"<p>\ud83d\udc69\u200d\ud83c\udf3eDessa sladdl\u00f6sa gr\u00e4ssaxar kombinerar gr\u00e4strimning och h\u00e4ckformning i en kompakt enhet.<br \/>\n\u2702\ufe0fMed ett starkt uppladdningsbart batteri och sladdl\u00f6s design, hj\u00e4lper den dig att rensa upp kanter, sm\u00e5 h\u00e4ckar och tr\u00e5nga tr\u00e4dg\u00e5rdsomr\u00e5den snabbt och s\u00e4kert.<br \/>\n\ud83c\udfe1Ett enkelt och effektivt verktyg f\u00f6r snygg, exakt tr\u00e4dg\u00e5rdstrimning n\u00e4r som helst.<\/p>\n","protected":false},"featured_media":17644,"comment_status":"open","ping_status":"closed","template":"","meta":{"site-sidebar-layout":"default","site-content-layout":"","ast-site-content-layout":"default","site-content-style":"default","site-sidebar-style":"default","ast-global-header-display":"","ast-banner-title-visibility":"","ast-main-header-display":"","ast-hfb-above-header-display":"","ast-hfb-below-header-display":"","ast-hfb-mobile-header-display":"","site-post-title":"","ast-breadcrumbs-content":"","ast-featured-img":"","footer-sml-layout":"","theme-transparent-header-meta":"default","adv-header-id-meta":"","stick-header-meta":"","header-above-stick-meta":"","header-main-stick-meta":"","header-below-stick-meta":"","astra-migrate-meta-layouts":"set","ast-page-background-enabled":"default","ast-page-background-meta":{"desktop":{"background-color":"var(--ast-global-color-5)","background-image":"","background-repeat":"repeat","background-position":"center center","background-size":"auto","background-attachment":"scroll","background-type":"","background-media":"","overlay-type":"","overlay-color":"","overlay-opacity":"","overlay-gradient":""},"tablet":{"background-color":"","background-image":"","background-repeat":"repeat","background-position":"center center","background-size":"auto","background-attachment":"scroll","background-type":"","background-media":"","overlay-type":"","overlay-color":"","overlay-opacity":"","overlay-gradient":""},"mobile":{"background-color":"","background-image":"","background-repeat":"repeat","background-position":"center center","background-size":"auto","background-attachment":"scroll","background-type":"","background-media":"","overlay-type":"","overlay-color":"","overlay-opacity":"","overlay-gradient":""}},"ast-content-background-meta":{"desktop":{"background-color":"var(--ast-global-color-4)","background-image":"","background-repeat":"repeat","background-position":"center center","background-size":"auto","background-attachment":"scroll","background-type":"","background-media":"","overlay-type":"","overlay-color":"","overlay-opacity":"","overlay-gradient":""},"tablet":{"background-color":"var(--ast-global-color-4)","background-image":"","background-repeat":"repeat","background-position":"center center","background-size":"auto","background-attachment":"scroll","background-type":"","background-media":"","overlay-type":"","overlay-color":"","overlay-opacity":"","overlay-gradient":""},"mobile":{"background-color":"var(--ast-global-color-4)","background-image":"","background-repeat":"repeat","background-position":"center center","background-size":"auto","background-attachment":"scroll","background-type":"","background-media":"","overlay-type":"","overlay-color":"","overlay-opacity":"","overlay-gradient":""}}},"product_brand":[],"product_cat":[15],"product_tag":[],"class_list":{"0":"post-17648","1":"product","2":"type-product","3":"status-publish","4":"has-post-thumbnail","6":"product_cat-uncategorized","7":"desktop-align-left","8":"tablet-align-left","9":"mobile-align-left","11":"first","12":"instock","13":"shipping-taxable","14":"purchasable","15":"product-type-simple"},"yoast_head":"<!-- This site is optimized with the Yoast SEO plugin v26.6 - https:\/\/yoast.com\/wordpress\/plugins\/seo\/ -->\n<title>Sladdl\u00f6s gr\u00e4sklippare - Mekulo SE<\/title>\n<meta name=\"robots\" content=\"index, follow, max-snippet:-1, max-image-preview:large, max-video-preview:-1\" \/>\n<link rel=\"canonical\" href=\"https:\/\/mekulo.com\/se\/produkt\/sladdlos-grasklippare\/\" \/>\n<meta property=\"og:locale\" content=\"sv_SE\" \/>\n<meta property=\"og:type\" content=\"article\" \/>\n<meta property=\"og:title\" content=\"Sladdl\u00f6s gr\u00e4sklippare - Mekulo SE\" \/>\n<meta property=\"og:description\" content=\"\ud83d\udc69\u200d\ud83c\udf3eDessa sladdl\u00f6sa gr\u00e4ssaxar kombinerar gr\u00e4strimning och h\u00e4ckformning i en kompakt enhet. \u2702\ufe0fMed ett starkt uppladdningsbart batteri och sladdl\u00f6s design, hj\u00e4lper den dig att rensa upp kanter, sm\u00e5 h\u00e4ckar och tr\u00e5nga tr\u00e4dg\u00e5rdsomr\u00e5den snabbt och s\u00e4kert. \ud83c\udfe1Ett enkelt och effektivt verktyg f\u00f6r snygg, exakt tr\u00e4dg\u00e5rdstrimning n\u00e4r som helst.\" \/>\n<meta property=\"og:url\" content=\"https:\/\/mekulo.com\/se\/produkt\/sladdlos-grasklippare\/\" \/>\n<meta property=\"og:site_name\" content=\"Mekulo SE\" \/>\n<meta property=\"article:modified_time\" content=\"2026-01-20T13:20:25+00:00\" \/>\n<meta property=\"og:image\" content=\"https:\/\/mekulo.com\/se\/wp-content\/uploads\/sites\/11\/2026\/01\/gzq0iie-1.jpg\" \/>\n\t<meta property=\"og:image:width\" content=\"1080\" \/>\n\t<meta property=\"og:image:height\" content=\"1080\" \/>\n\t<meta property=\"og:image:type\" content=\"image\/jpeg\" \/>\n<meta name=\"twitter:card\" content=\"summary_large_image\" \/>\n<meta name=\"twitter:label1\" content=\"Ber\u00e4knad l\u00e4stid\" \/>\n\t<meta name=\"twitter:data1\" content=\"2 minuter\" \/>\n<script type=\"application\/ld+json\" class=\"yoast-schema-graph\">{\"@context\":\"https:\/\/schema.org\",\"@graph\":[{\"@type\":\"WebPage\",\"@id\":\"https:\/\/mekulo.com\/se\/produkt\/sladdlos-grasklippare\/\",\"url\":\"https:\/\/mekulo.com\/se\/produkt\/sladdlos-grasklippare\/\",\"name\":\"Sladdl\u00f6s gr\u00e4sklippare - Mekulo SE\",\"isPartOf\":{\"@id\":\"https:\/\/mekulo.com\/se\/#website\"},\"primaryImageOfPage\":{\"@id\":\"https:\/\/mekulo.com\/se\/produkt\/sladdlos-grasklippare\/#primaryimage\"},\"image\":{\"@id\":\"https:\/\/mekulo.com\/se\/produkt\/sladdlos-grasklippare\/#primaryimage\"},\"thumbnailUrl\":\"https:\/\/mekulo.com\/se\/wp-content\/uploads\/sites\/11\/2026\/01\/gzq0iie-1.jpg\",\"datePublished\":\"2026-01-15T15:46:23+00:00\",\"dateModified\":\"2026-01-20T13:20:25+00:00\",\"breadcrumb\":{\"@id\":\"https:\/\/mekulo.com\/se\/produkt\/sladdlos-grasklippare\/#breadcrumb\"},\"inLanguage\":\"sv-SE\",\"potentialAction\":[{\"@type\":\"ReadAction\",\"target\":[\"https:\/\/mekulo.com\/se\/produkt\/sladdlos-grasklippare\/\"]}]},{\"@type\":\"ImageObject\",\"inLanguage\":\"sv-SE\",\"@id\":\"https:\/\/mekulo.com\/se\/produkt\/sladdlos-grasklippare\/#primaryimage\",\"url\":\"https:\/\/mekulo.com\/se\/wp-content\/uploads\/sites\/11\/2026\/01\/gzq0iie-1.jpg\",\"contentUrl\":\"https:\/\/mekulo.com\/se\/wp-content\/uploads\/sites\/11\/2026\/01\/gzq0iie-1.jpg\",\"width\":1080,\"height\":1080},{\"@type\":\"BreadcrumbList\",\"@id\":\"https:\/\/mekulo.com\/se\/produkt\/sladdlos-grasklippare\/#breadcrumb\",\"itemListElement\":[{\"@type\":\"ListItem\",\"position\":1,\"name\":\"Home\",\"item\":\"https:\/\/mekulo.com\/se\/\"},{\"@type\":\"ListItem\",\"position\":2,\"name\":\"Butik\",\"item\":\"https:\/\/mekulo.com\/se\/butik\/\"},{\"@type\":\"ListItem\",\"position\":3,\"name\":\"Sladdl\u00f6s gr\u00e4sklippare\"}]},{\"@type\":\"WebSite\",\"@id\":\"https:\/\/mekulo.com\/se\/#website\",\"url\":\"https:\/\/mekulo.com\/se\/\",\"name\":\"Mekulo SE\",\"description\":\"\",\"publisher\":{\"@id\":\"https:\/\/mekulo.com\/se\/#organization\"},\"potentialAction\":[{\"@type\":\"SearchAction\",\"target\":{\"@type\":\"EntryPoint\",\"urlTemplate\":\"https:\/\/mekulo.com\/se\/?s={search_term_string}\"},\"query-input\":{\"@type\":\"PropertyValueSpecification\",\"valueRequired\":true,\"valueName\":\"search_term_string\"}}],\"inLanguage\":\"sv-SE\"},{\"@type\":\"Organization\",\"@id\":\"https:\/\/mekulo.com\/se\/#organization\",\"name\":\"Mekulo\",\"url\":\"https:\/\/mekulo.com\/se\/\",\"logo\":{\"@type\":\"ImageObject\",\"inLanguage\":\"sv-SE\",\"@id\":\"https:\/\/mekulo.com\/se\/#\/schema\/logo\/image\/\",\"url\":\"https:\/\/mekulo.com\/se\/wp-content\/uploads\/sites\/11\/2025\/12\/favicon_mekulo.png\",\"contentUrl\":\"https:\/\/mekulo.com\/se\/wp-content\/uploads\/sites\/11\/2025\/12\/favicon_mekulo.png\",\"width\":50,\"height\":50,\"caption\":\"Mekulo\"},\"image\":{\"@id\":\"https:\/\/mekulo.com\/se\/#\/schema\/logo\/image\/\"}}]}<\/script>\n<!-- \/ Yoast SEO plugin. -->","yoast_head_json":{"title":"Sladdl\u00f6s gr\u00e4sklippare - Mekulo SE","robots":{"index":"index","follow":"follow","max-snippet":"max-snippet:-1","max-image-preview":"max-image-preview:large","max-video-preview":"max-video-preview:-1"},"canonical":"https:\/\/mekulo.com\/se\/produkt\/sladdlos-grasklippare\/","og_locale":"sv_SE","og_type":"article","og_title":"Sladdl\u00f6s gr\u00e4sklippare - Mekulo SE","og_description":"\ud83d\udc69\u200d\ud83c\udf3eDessa sladdl\u00f6sa gr\u00e4ssaxar kombinerar gr\u00e4strimning och h\u00e4ckformning i en kompakt enhet. \u2702\ufe0fMed ett starkt uppladdningsbart batteri och sladdl\u00f6s design, hj\u00e4lper den dig att rensa upp kanter, sm\u00e5 h\u00e4ckar och tr\u00e5nga tr\u00e4dg\u00e5rdsomr\u00e5den snabbt och s\u00e4kert. \ud83c\udfe1Ett enkelt och effektivt verktyg f\u00f6r snygg, exakt tr\u00e4dg\u00e5rdstrimning n\u00e4r som helst.","og_url":"https:\/\/mekulo.com\/se\/produkt\/sladdlos-grasklippare\/","og_site_name":"Mekulo SE","article_modified_time":"2026-01-20T13:20:25+00:00","og_image":[{"width":1080,"height":1080,"url":"https:\/\/mekulo.com\/se\/wp-content\/uploads\/sites\/11\/2026\/01\/gzq0iie-1.jpg","type":"image\/jpeg"}],"twitter_card":"summary_large_image","twitter_misc":{"Ber\u00e4knad l\u00e4stid":"2 minuter"},"schema":{"@context":"https:\/\/schema.org","@graph":[{"@type":"WebPage","@id":"https:\/\/mekulo.com\/se\/produkt\/sladdlos-grasklippare\/","url":"https:\/\/mekulo.com\/se\/produkt\/sladdlos-grasklippare\/","name":"Sladdl\u00f6s gr\u00e4sklippare - Mekulo SE","isPartOf":{"@id":"https:\/\/mekulo.com\/se\/#website"},"primaryImageOfPage":{"@id":"https:\/\/mekulo.com\/se\/produkt\/sladdlos-grasklippare\/#primaryimage"},"image":{"@id":"https:\/\/mekulo.com\/se\/produkt\/sladdlos-grasklippare\/#primaryimage"},"thumbnailUrl":"https:\/\/mekulo.com\/se\/wp-content\/uploads\/sites\/11\/2026\/01\/gzq0iie-1.jpg","datePublished":"2026-01-15T15:46:23+00:00","dateModified":"2026-01-20T13:20:25+00:00","breadcrumb":{"@id":"https:\/\/mekulo.com\/se\/produkt\/sladdlos-grasklippare\/#breadcrumb"},"inLanguage":"sv-SE","potentialAction":[{"@type":"ReadAction","target":["https:\/\/mekulo.com\/se\/produkt\/sladdlos-grasklippare\/"]}]},{"@type":"ImageObject","inLanguage":"sv-SE","@id":"https:\/\/mekulo.com\/se\/produkt\/sladdlos-grasklippare\/#primaryimage","url":"https:\/\/mekulo.com\/se\/wp-content\/uploads\/sites\/11\/2026\/01\/gzq0iie-1.jpg","contentUrl":"https:\/\/mekulo.com\/se\/wp-content\/uploads\/sites\/11\/2026\/01\/gzq0iie-1.jpg","width":1080,"height":1080},{"@type":"BreadcrumbList","@id":"https:\/\/mekulo.com\/se\/produkt\/sladdlos-grasklippare\/#breadcrumb","itemListElement":[{"@type":"ListItem","position":1,"name":"Home","item":"https:\/\/mekulo.com\/se\/"},{"@type":"ListItem","position":2,"name":"Butik","item":"https:\/\/mekulo.com\/se\/butik\/"},{"@type":"ListItem","position":3,"name":"Sladdl\u00f6s gr\u00e4sklippare"}]},{"@type":"WebSite","@id":"https:\/\/mekulo.com\/se\/#website","url":"https:\/\/mekulo.com\/se\/","name":"Mekulo SE","description":"","publisher":{"@id":"https:\/\/mekulo.com\/se\/#organization"},"potentialAction":[{"@type":"SearchAction","target":{"@type":"EntryPoint","urlTemplate":"https:\/\/mekulo.com\/se\/?s={search_term_string}"},"query-input":{"@type":"PropertyValueSpecification","valueRequired":true,"valueName":"search_term_string"}}],"inLanguage":"sv-SE"},{"@type":"Organization","@id":"https:\/\/mekulo.com\/se\/#organization","name":"Mekulo","url":"https:\/\/mekulo.com\/se\/","logo":{"@type":"ImageObject","inLanguage":"sv-SE","@id":"https:\/\/mekulo.com\/se\/#\/schema\/logo\/image\/","url":"https:\/\/mekulo.com\/se\/wp-content\/uploads\/sites\/11\/2025\/12\/favicon_mekulo.png","contentUrl":"https:\/\/mekulo.com\/se\/wp-content\/uploads\/sites\/11\/2025\/12\/favicon_mekulo.png","width":50,"height":50,"caption":"Mekulo"},"image":{"@id":"https:\/\/mekulo.com\/se\/#\/schema\/logo\/image\/"}}]}},"_links":{"self":[{"href":"https:\/\/mekulo.com\/se\/wp-json\/wp\/v2\/product\/17648","targetHints":{"allow":["GET"]}}],"collection":[{"href":"https:\/\/mekulo.com\/se\/wp-json\/wp\/v2\/product"}],"about":[{"href":"https:\/\/mekulo.com\/se\/wp-json\/wp\/v2\/types\/product"}],"replies":[{"embeddable":true,"href":"https:\/\/mekulo.com\/se\/wp-json\/wp\/v2\/comments?post=17648"}],"wp:featuredmedia":[{"embeddable":true,"href":"https:\/\/mekulo.com\/se\/wp-json\/wp\/v2\/media\/17644"}],"wp:attachment":[{"href":"https:\/\/mekulo.com\/se\/wp-json\/wp\/v2\/media?parent=17648"}],"wp:term":[{"taxonomy":"product_brand","embeddable":true,"href":"https:\/\/mekulo.com\/se\/wp-json\/wp\/v2\/product_brand?post=17648"},{"taxonomy":"product_cat","embeddable":true,"href":"https:\/\/mekulo.com\/se\/wp-json\/wp\/v2\/product_cat?post=17648"},{"taxonomy":"product_tag","embeddable":true,"href":"https:\/\/mekulo.com\/se\/wp-json\/wp\/v2\/product_tag?post=17648"}],"curies":[{"name":"wp","href":"https:\/\/api.w.org\/{rel}","templated":true}]}}