{"id":17636,"date":"2026-01-15T17:45:06","date_gmt":"2026-01-15T15:45:06","guid":{"rendered":"https:\/\/mekulo.com\/se\/produkt\/elektrisk-kokkarl\/"},"modified":"2026-01-20T15:15:54","modified_gmt":"2026-01-20T13:15:54","slug":"elektrisk-kokkarl","status":"publish","type":"product","link":"https:\/\/mekulo.com\/se\/produkt\/elektrisk-kokkarl\/","title":{"rendered":"Elektrisk kokk\u00e4rl"},"content":{"rendered":"<p style=\"text-align: center;\" data-start=\"0\" data-end=\"81\"><strong data-start=\"0\" data-end=\"81\">Laga varma, f\u00e4rska m\u00e5ltider n\u00e4r som helst med denna kompakta och l\u00e4ttanv\u00e4nda elektriska gryta. \ud83c\udf72<\/strong><\/p>\n<p data-start=\"0\" data-end=\"81\"><img fetchpriority=\"high\" decoding=\"async\" class=\"size-full wp-image-20394 aligncenter\" src=\"https:\/\/mekulo.com\/template\/wp-content\/uploads\/sites\/6\/2026\/01\/Scac0fe1519b845559b18b132f98beec8H.jpg_960x960q75.jpg_.avif\" alt=\"\" width=\"800\" height=\"800\" \/><\/p>\n<h2 style=\"text-align: center;\" data-start=\"311\" data-end=\"330\">Huvudsakliga f\u00f6rdelar<\/h2>\n<p data-start=\"334\" data-end=\"406\">\ud83c\udf72 Multifunktionell matlagning &#8211; G\u00f6r soppor, nudlar, grytor med mera.<\/p>\n<p data-start=\"409\" data-end=\"464\">\u26a1 Snabb uppv\u00e4rmning &#8211; Tillagar m\u00e5ltider snabbt f\u00f6r att spara tid.<\/p>\n<p data-start=\"467\" data-end=\"533\">\ud83e\uddf3 Vikbart handtag &#8211; L\u00e4tt att b\u00e4ra och f\u00f6rvara i sm\u00e5 utrymmen.<\/p>\n<p data-start=\"536\" data-end=\"597\">\ud83e\uddfc Non-stick-inredning &#8211; Enkel reng\u00f6ring efter varje anv\u00e4ndning.<\/p>\n<p data-start=\"600\" data-end=\"667\">\ud83d\udd0c L\u00f6stagbar n\u00e4tsladd &#8211; S\u00e4krare och bekv\u00e4mare hantering.<\/p>\n<p data-start=\"600\" data-end=\"667\"><img decoding=\"async\" class=\"size-full wp-image-20389 aligncenter\" src=\"https:\/\/mekulo.com\/template\/wp-content\/uploads\/sites\/6\/2026\/01\/f3705b42c88e9ac9d15f8e63e1820316.jpg\" alt=\"\" width=\"780\" height=\"780\" \/><\/p>\n<h2 style=\"text-align: center;\" data-start=\"674\" data-end=\"691\"><strong>Anv\u00e4ndning<\/strong><\/h2>\n<ol data-start=\"693\" data-end=\"928\">\n<li data-start=\"693\" data-end=\"746\">\n<p data-start=\"696\" data-end=\"746\">St\u00e4ll kastrullen p\u00e5 en plan, v\u00e4rmet\u00e5lig yta.<\/p>\n<\/li>\n<li data-start=\"747\" data-end=\"788\">\n<p data-start=\"750\" data-end=\"788\">Tills\u00e4tt ingredienser och vatten efter behov.<\/p>\n<\/li>\n<li data-start=\"789\" data-end=\"828\">\n<p data-start=\"792\" data-end=\"828\">Anslut den l\u00f6stagbara n\u00e4tsladden.<\/p>\n<\/li>\n<li data-start=\"829\" data-end=\"887\">\n<p data-start=\"832\" data-end=\"887\">S\u00e4tt p\u00e5 kastrullen och l\u00e5t den v\u00e4rma tills maten \u00e4r klar.<\/p>\n<\/li>\n<li data-start=\"888\" data-end=\"928\">\n<p data-start=\"891\" data-end=\"928\">Koppla ur, servera och reng\u00f6r efter anv\u00e4ndning.<\/p>\n<\/li>\n<\/ol>\n<h2 style=\"text-align: center;\" data-start=\"935\" data-end=\"957\"><strong>Produktdetaljer<\/strong><\/h2>\n<ul data-start=\"959\" data-end=\"1212\">\n<li data-start=\"998\" data-end=\"1016\">\n<p data-start=\"1000\" data-end=\"1016\">Kapacitet: 1,8 l &#8211; perfekt f\u00f6r 1-2 personer<\/p>\n<\/li>\n<li data-start=\"998\" data-end=\"1016\">\n<p data-start=\"1000\" data-end=\"1016\">Effekt: 450W<\/p>\n<\/li>\n<li data-start=\"998\" data-end=\"1016\">\n<p data-start=\"1000\" data-end=\"1016\">Sp\u00e4nning: 220V<\/p>\n<\/li>\n<li data-start=\"1017\" data-end=\"1066\">\n<p data-start=\"1019\" data-end=\"1066\">Material: Plastkropp med non-stick-bel\u00e4ggning<\/p>\n<\/li>\n<li data-start=\"1067\" data-end=\"1102\">\n<p data-start=\"1069\" data-end=\"1102\">Vikt: Cirka 550 g<\/p>\n<\/li>\n<li data-start=\"1103\" data-end=\"1140\">\n<p data-start=\"1105\" data-end=\"1140\">Handtag: Vikbart f\u00f6r enkel f\u00f6rvaring<\/p>\n<\/li>\n<li data-start=\"1141\" data-end=\"1212\">\n<p data-start=\"1143\" data-end=\"1212\">Anv\u00e4ndning: Perfekt f\u00f6r studenter, resen\u00e4rer, sm\u00e5 k\u00f6k och ensamhush\u00e5ll<\/p>\n<\/li>\n<li data-start=\"1141\" data-end=\"1212\">Storlek: 18 x 14 cm<\/li>\n<\/ul>\n<h2 style=\"text-align: center;\" data-start=\"1219\" data-end=\"1242\"><strong>Paketet inneh\u00e5ller<\/strong><\/h2>\n<ul data-start=\"1244\" data-end=\"1307\">\n<li data-start=\"1244\" data-end=\"1277\">\n<p data-start=\"1246\" data-end=\"1277\">1x elektrisk kokk\u00e4rl<\/p>\n<\/li>\n<li data-start=\"1278\" data-end=\"1307\">\n<p data-start=\"1280\" data-end=\"1307\">1x l\u00f6stagbar n\u00e4tsladd.<\/p>\n<\/li>\n<\/ul>\n","protected":false},"excerpt":{"rendered":"<p><span style=\"font-size: 16px; font-style: normal; font-weight: 400;\">\ud83c\udf5c<\/span>Den h\u00e4r elektriska kastrullen \u00e4r perfekt f\u00f6r snabba m\u00e5ltider hemma, i studentrummet eller p\u00e5 resan.<br \/>\n\ud83c\udf72Den snabba uppv\u00e4rmningen och den multifunktionella designen g\u00f6r att du kan laga soppor, nudlar, grytor och mycket mer med minimal anstr\u00e4ngning och reng\u00f6ring.<br \/>\n\ud83c\udf5dEn smart l\u00f6sning f\u00f6r snabb, enkel och uts\u00f6kt matlagning var som helst.<\/p>\n","protected":false},"featured_media":17632,"comment_status":"open","ping_status":"closed","template":"","meta":{"site-sidebar-layout":"default","site-content-layout":"","ast-site-content-layout":"default","site-content-style":"default","site-sidebar-style":"default","ast-global-header-display":"","ast-banner-title-visibility":"","ast-main-header-display":"","ast-hfb-above-header-display":"","ast-hfb-below-header-display":"","ast-hfb-mobile-header-display":"","site-post-title":"","ast-breadcrumbs-content":"","ast-featured-img":"","footer-sml-layout":"","theme-transparent-header-meta":"default","adv-header-id-meta":"","stick-header-meta":"","header-above-stick-meta":"","header-main-stick-meta":"","header-below-stick-meta":"","astra-migrate-meta-layouts":"set","ast-page-background-enabled":"default","ast-page-background-meta":{"desktop":{"background-color":"var(--ast-global-color-5)","background-image":"","background-repeat":"repeat","background-position":"center center","background-size":"auto","background-attachment":"scroll","background-type":"","background-media":"","overlay-type":"","overlay-color":"","overlay-opacity":"","overlay-gradient":""},"tablet":{"background-color":"","background-image":"","background-repeat":"repeat","background-position":"center center","background-size":"auto","background-attachment":"scroll","background-type":"","background-media":"","overlay-type":"","overlay-color":"","overlay-opacity":"","overlay-gradient":""},"mobile":{"background-color":"","background-image":"","background-repeat":"repeat","background-position":"center center","background-size":"auto","background-attachment":"scroll","background-type":"","background-media":"","overlay-type":"","overlay-color":"","overlay-opacity":"","overlay-gradient":""}},"ast-content-background-meta":{"desktop":{"background-color":"var(--ast-global-color-4)","background-image":"","background-repeat":"repeat","background-position":"center center","background-size":"auto","background-attachment":"scroll","background-type":"","background-media":"","overlay-type":"","overlay-color":"","overlay-opacity":"","overlay-gradient":""},"tablet":{"background-color":"var(--ast-global-color-4)","background-image":"","background-repeat":"repeat","background-position":"center center","background-size":"auto","background-attachment":"scroll","background-type":"","background-media":"","overlay-type":"","overlay-color":"","overlay-opacity":"","overlay-gradient":""},"mobile":{"background-color":"var(--ast-global-color-4)","background-image":"","background-repeat":"repeat","background-position":"center center","background-size":"auto","background-attachment":"scroll","background-type":"","background-media":"","overlay-type":"","overlay-color":"","overlay-opacity":"","overlay-gradient":""}}},"product_brand":[],"product_cat":[168],"product_tag":[],"class_list":{"0":"post-17636","1":"product","2":"type-product","3":"status-publish","4":"has-post-thumbnail","6":"product_cat-hushallsartiklar","7":"desktop-align-left","8":"tablet-align-left","9":"mobile-align-left","11":"first","12":"instock","13":"shipping-taxable","14":"purchasable","15":"product-type-simple"},"yoast_head":"<!-- This site is optimized with the Yoast SEO plugin v26.6 - https:\/\/yoast.com\/wordpress\/plugins\/seo\/ -->\n<title>Elektrisk kokk\u00e4rl - Mekulo SE<\/title>\n<meta name=\"robots\" content=\"index, follow, max-snippet:-1, max-image-preview:large, max-video-preview:-1\" \/>\n<link rel=\"canonical\" href=\"https:\/\/mekulo.com\/se\/produkt\/elektrisk-kokkarl\/\" \/>\n<meta property=\"og:locale\" content=\"sv_SE\" \/>\n<meta property=\"og:type\" content=\"article\" \/>\n<meta property=\"og:title\" content=\"Elektrisk kokk\u00e4rl - Mekulo SE\" \/>\n<meta property=\"og:description\" content=\"\ud83c\udf5cDen h\u00e4r elektriska kastrullen \u00e4r perfekt f\u00f6r snabba m\u00e5ltider hemma, i studentrummet eller p\u00e5 resan. \ud83c\udf72Den snabba uppv\u00e4rmningen och den multifunktionella designen g\u00f6r att du kan laga soppor, nudlar, grytor och mycket mer med minimal anstr\u00e4ngning och reng\u00f6ring. \ud83c\udf5dEn smart l\u00f6sning f\u00f6r snabb, enkel och uts\u00f6kt matlagning var som helst.\" \/>\n<meta property=\"og:url\" content=\"https:\/\/mekulo.com\/se\/produkt\/elektrisk-kokkarl\/\" \/>\n<meta property=\"og:site_name\" content=\"Mekulo SE\" \/>\n<meta property=\"article:modified_time\" content=\"2026-01-20T13:15:54+00:00\" \/>\n<meta property=\"og:image\" content=\"https:\/\/mekulo.com\/se\/wp-content\/uploads\/sites\/11\/2026\/01\/z27essq-1.png\" \/>\n\t<meta property=\"og:image:width\" content=\"758\" \/>\n\t<meta property=\"og:image:height\" content=\"758\" \/>\n\t<meta property=\"og:image:type\" content=\"image\/png\" \/>\n<meta name=\"twitter:card\" content=\"summary_large_image\" \/>\n<meta name=\"twitter:label1\" content=\"Ber\u00e4knad l\u00e4stid\" \/>\n\t<meta name=\"twitter:data1\" content=\"2 minuter\" \/>\n<script type=\"application\/ld+json\" class=\"yoast-schema-graph\">{\"@context\":\"https:\/\/schema.org\",\"@graph\":[{\"@type\":\"WebPage\",\"@id\":\"https:\/\/mekulo.com\/se\/produkt\/elektrisk-kokkarl\/\",\"url\":\"https:\/\/mekulo.com\/se\/produkt\/elektrisk-kokkarl\/\",\"name\":\"Elektrisk kokk\u00e4rl - Mekulo SE\",\"isPartOf\":{\"@id\":\"https:\/\/mekulo.com\/se\/#website\"},\"primaryImageOfPage\":{\"@id\":\"https:\/\/mekulo.com\/se\/produkt\/elektrisk-kokkarl\/#primaryimage\"},\"image\":{\"@id\":\"https:\/\/mekulo.com\/se\/produkt\/elektrisk-kokkarl\/#primaryimage\"},\"thumbnailUrl\":\"https:\/\/mekulo.com\/se\/wp-content\/uploads\/sites\/11\/2026\/01\/z27essq-1.png\",\"datePublished\":\"2026-01-15T15:45:06+00:00\",\"dateModified\":\"2026-01-20T13:15:54+00:00\",\"breadcrumb\":{\"@id\":\"https:\/\/mekulo.com\/se\/produkt\/elektrisk-kokkarl\/#breadcrumb\"},\"inLanguage\":\"sv-SE\",\"potentialAction\":[{\"@type\":\"ReadAction\",\"target\":[\"https:\/\/mekulo.com\/se\/produkt\/elektrisk-kokkarl\/\"]}]},{\"@type\":\"ImageObject\",\"inLanguage\":\"sv-SE\",\"@id\":\"https:\/\/mekulo.com\/se\/produkt\/elektrisk-kokkarl\/#primaryimage\",\"url\":\"https:\/\/mekulo.com\/se\/wp-content\/uploads\/sites\/11\/2026\/01\/z27essq-1.png\",\"contentUrl\":\"https:\/\/mekulo.com\/se\/wp-content\/uploads\/sites\/11\/2026\/01\/z27essq-1.png\",\"width\":758,\"height\":758},{\"@type\":\"BreadcrumbList\",\"@id\":\"https:\/\/mekulo.com\/se\/produkt\/elektrisk-kokkarl\/#breadcrumb\",\"itemListElement\":[{\"@type\":\"ListItem\",\"position\":1,\"name\":\"Home\",\"item\":\"https:\/\/mekulo.com\/se\/\"},{\"@type\":\"ListItem\",\"position\":2,\"name\":\"Butik\",\"item\":\"https:\/\/mekulo.com\/se\/butik\/\"},{\"@type\":\"ListItem\",\"position\":3,\"name\":\"Elektrisk kokk\u00e4rl\"}]},{\"@type\":\"WebSite\",\"@id\":\"https:\/\/mekulo.com\/se\/#website\",\"url\":\"https:\/\/mekulo.com\/se\/\",\"name\":\"Mekulo SE\",\"description\":\"\",\"publisher\":{\"@id\":\"https:\/\/mekulo.com\/se\/#organization\"},\"potentialAction\":[{\"@type\":\"SearchAction\",\"target\":{\"@type\":\"EntryPoint\",\"urlTemplate\":\"https:\/\/mekulo.com\/se\/?s={search_term_string}\"},\"query-input\":{\"@type\":\"PropertyValueSpecification\",\"valueRequired\":true,\"valueName\":\"search_term_string\"}}],\"inLanguage\":\"sv-SE\"},{\"@type\":\"Organization\",\"@id\":\"https:\/\/mekulo.com\/se\/#organization\",\"name\":\"Mekulo\",\"url\":\"https:\/\/mekulo.com\/se\/\",\"logo\":{\"@type\":\"ImageObject\",\"inLanguage\":\"sv-SE\",\"@id\":\"https:\/\/mekulo.com\/se\/#\/schema\/logo\/image\/\",\"url\":\"https:\/\/mekulo.com\/se\/wp-content\/uploads\/sites\/11\/2025\/12\/favicon_mekulo.png\",\"contentUrl\":\"https:\/\/mekulo.com\/se\/wp-content\/uploads\/sites\/11\/2025\/12\/favicon_mekulo.png\",\"width\":50,\"height\":50,\"caption\":\"Mekulo\"},\"image\":{\"@id\":\"https:\/\/mekulo.com\/se\/#\/schema\/logo\/image\/\"}}]}<\/script>\n<!-- \/ Yoast SEO plugin. -->","yoast_head_json":{"title":"Elektrisk kokk\u00e4rl - Mekulo SE","robots":{"index":"index","follow":"follow","max-snippet":"max-snippet:-1","max-image-preview":"max-image-preview:large","max-video-preview":"max-video-preview:-1"},"canonical":"https:\/\/mekulo.com\/se\/produkt\/elektrisk-kokkarl\/","og_locale":"sv_SE","og_type":"article","og_title":"Elektrisk kokk\u00e4rl - Mekulo SE","og_description":"\ud83c\udf5cDen h\u00e4r elektriska kastrullen \u00e4r perfekt f\u00f6r snabba m\u00e5ltider hemma, i studentrummet eller p\u00e5 resan. \ud83c\udf72Den snabba uppv\u00e4rmningen och den multifunktionella designen g\u00f6r att du kan laga soppor, nudlar, grytor och mycket mer med minimal anstr\u00e4ngning och reng\u00f6ring. \ud83c\udf5dEn smart l\u00f6sning f\u00f6r snabb, enkel och uts\u00f6kt matlagning var som helst.","og_url":"https:\/\/mekulo.com\/se\/produkt\/elektrisk-kokkarl\/","og_site_name":"Mekulo SE","article_modified_time":"2026-01-20T13:15:54+00:00","og_image":[{"width":758,"height":758,"url":"https:\/\/mekulo.com\/se\/wp-content\/uploads\/sites\/11\/2026\/01\/z27essq-1.png","type":"image\/png"}],"twitter_card":"summary_large_image","twitter_misc":{"Ber\u00e4knad l\u00e4stid":"2 minuter"},"schema":{"@context":"https:\/\/schema.org","@graph":[{"@type":"WebPage","@id":"https:\/\/mekulo.com\/se\/produkt\/elektrisk-kokkarl\/","url":"https:\/\/mekulo.com\/se\/produkt\/elektrisk-kokkarl\/","name":"Elektrisk kokk\u00e4rl - Mekulo SE","isPartOf":{"@id":"https:\/\/mekulo.com\/se\/#website"},"primaryImageOfPage":{"@id":"https:\/\/mekulo.com\/se\/produkt\/elektrisk-kokkarl\/#primaryimage"},"image":{"@id":"https:\/\/mekulo.com\/se\/produkt\/elektrisk-kokkarl\/#primaryimage"},"thumbnailUrl":"https:\/\/mekulo.com\/se\/wp-content\/uploads\/sites\/11\/2026\/01\/z27essq-1.png","datePublished":"2026-01-15T15:45:06+00:00","dateModified":"2026-01-20T13:15:54+00:00","breadcrumb":{"@id":"https:\/\/mekulo.com\/se\/produkt\/elektrisk-kokkarl\/#breadcrumb"},"inLanguage":"sv-SE","potentialAction":[{"@type":"ReadAction","target":["https:\/\/mekulo.com\/se\/produkt\/elektrisk-kokkarl\/"]}]},{"@type":"ImageObject","inLanguage":"sv-SE","@id":"https:\/\/mekulo.com\/se\/produkt\/elektrisk-kokkarl\/#primaryimage","url":"https:\/\/mekulo.com\/se\/wp-content\/uploads\/sites\/11\/2026\/01\/z27essq-1.png","contentUrl":"https:\/\/mekulo.com\/se\/wp-content\/uploads\/sites\/11\/2026\/01\/z27essq-1.png","width":758,"height":758},{"@type":"BreadcrumbList","@id":"https:\/\/mekulo.com\/se\/produkt\/elektrisk-kokkarl\/#breadcrumb","itemListElement":[{"@type":"ListItem","position":1,"name":"Home","item":"https:\/\/mekulo.com\/se\/"},{"@type":"ListItem","position":2,"name":"Butik","item":"https:\/\/mekulo.com\/se\/butik\/"},{"@type":"ListItem","position":3,"name":"Elektrisk kokk\u00e4rl"}]},{"@type":"WebSite","@id":"https:\/\/mekulo.com\/se\/#website","url":"https:\/\/mekulo.com\/se\/","name":"Mekulo SE","description":"","publisher":{"@id":"https:\/\/mekulo.com\/se\/#organization"},"potentialAction":[{"@type":"SearchAction","target":{"@type":"EntryPoint","urlTemplate":"https:\/\/mekulo.com\/se\/?s={search_term_string}"},"query-input":{"@type":"PropertyValueSpecification","valueRequired":true,"valueName":"search_term_string"}}],"inLanguage":"sv-SE"},{"@type":"Organization","@id":"https:\/\/mekulo.com\/se\/#organization","name":"Mekulo","url":"https:\/\/mekulo.com\/se\/","logo":{"@type":"ImageObject","inLanguage":"sv-SE","@id":"https:\/\/mekulo.com\/se\/#\/schema\/logo\/image\/","url":"https:\/\/mekulo.com\/se\/wp-content\/uploads\/sites\/11\/2025\/12\/favicon_mekulo.png","contentUrl":"https:\/\/mekulo.com\/se\/wp-content\/uploads\/sites\/11\/2025\/12\/favicon_mekulo.png","width":50,"height":50,"caption":"Mekulo"},"image":{"@id":"https:\/\/mekulo.com\/se\/#\/schema\/logo\/image\/"}}]}},"_links":{"self":[{"href":"https:\/\/mekulo.com\/se\/wp-json\/wp\/v2\/product\/17636","targetHints":{"allow":["GET"]}}],"collection":[{"href":"https:\/\/mekulo.com\/se\/wp-json\/wp\/v2\/product"}],"about":[{"href":"https:\/\/mekulo.com\/se\/wp-json\/wp\/v2\/types\/product"}],"replies":[{"embeddable":true,"href":"https:\/\/mekulo.com\/se\/wp-json\/wp\/v2\/comments?post=17636"}],"wp:featuredmedia":[{"embeddable":true,"href":"https:\/\/mekulo.com\/se\/wp-json\/wp\/v2\/media\/17632"}],"wp:attachment":[{"href":"https:\/\/mekulo.com\/se\/wp-json\/wp\/v2\/media?parent=17636"}],"wp:term":[{"taxonomy":"product_brand","embeddable":true,"href":"https:\/\/mekulo.com\/se\/wp-json\/wp\/v2\/product_brand?post=17636"},{"taxonomy":"product_cat","embeddable":true,"href":"https:\/\/mekulo.com\/se\/wp-json\/wp\/v2\/product_cat?post=17636"},{"taxonomy":"product_tag","embeddable":true,"href":"https:\/\/mekulo.com\/se\/wp-json\/wp\/v2\/product_tag?post=17636"}],"curies":[{"name":"wp","href":"https:\/\/api.w.org\/{rel}","templated":true}]}}