{"id":17573,"date":"2026-01-15T17:41:41","date_gmt":"2026-01-15T15:41:41","guid":{"rendered":"https:\/\/mekulo.com\/se\/produkt\/magnetiska-buntband\/"},"modified":"2026-02-03T17:12:56","modified_gmt":"2026-02-03T15:12:56","slug":"magnetiska-buntband","status":"publish","type":"product","link":"https:\/\/mekulo.com\/se\/produkt\/magnetiska-buntband\/","title":{"rendered":"Magnetiska buntband"},"content":{"rendered":"<p style=\"text-align: center;\" data-start=\"0\" data-end=\"51\"><strong data-start=\"0\" data-end=\"51\">H\u00e5ll dina kablar snygga och organiserade p\u00e5 n\u00e5gra sekunder. \ud83d\udd0c<\/strong><\/p>\n<p data-start=\"0\" data-end=\"51\"><img fetchpriority=\"high\" decoding=\"async\" class=\"size-full wp-image-20326 aligncenter\" src=\"https:\/\/mekulo.com\/template\/wp-content\/uploads\/sites\/6\/2026\/01\/237e9d05dac8acd5de8de019dcb377e080787c15-800.png\" alt=\"\" width=\"600\" height=\"600\" \/><\/p>\n<h2 style=\"text-align: center;\" data-start=\"256\" data-end=\"275\">Huvudsakliga f\u00f6rdelar<\/h2>\n<p data-start=\"279\" data-end=\"352\">\ud83e\uddf2 Starkt magnetiskt grepp &#8211; Sn\u00e4pper ihop direkt och sitter s\u00e4kert.<\/p>\n<p data-start=\"355\" data-end=\"438\">\ud83d\udd0c Perfekt kabelorganisat\u00f6r &#8211; Perfekt f\u00f6r laddningskablar, h\u00f6rlurar och sladdar.<\/p>\n<p data-start=\"441\" data-end=\"513\">\ud83c\udf08 Flexibelt silikonmaterial &#8211; Stretchigt, h\u00e5llbart och g\u00e5r inte s\u00f6nder.<\/p>\n<p data-start=\"516\" data-end=\"596\">\ud83c\udfe0 Multifunktionell anv\u00e4ndning &#8211; Fungerar som buntband, nyckelh\u00e5llare, bokm\u00e4rke eller kl\u00e4mma.<\/p>\n<p data-start=\"599\" data-end=\"653\">\u26a1 En sekunds installation &#8211; f\u00e4st och ta bort med l\u00e4tthet.<\/p>\n<p data-start=\"656\" data-end=\"717\">\ud83c\udfa8 S\u00f6ta f\u00e4rgalternativ &#8211; ger stil till ditt skrivbord eller hem.<\/p>\n<p data-start=\"656\" data-end=\"717\"><img decoding=\"async\" class=\"size-full wp-image-20328 aligncenter\" src=\"https:\/\/mekulo.com\/template\/wp-content\/uploads\/sites\/6\/2026\/01\/Sa754bd38354d42e88d098c993f0ba986i.png\" alt=\"\" width=\"800\" height=\"800\" \/><\/p>\n<h2 style=\"text-align: center;\" data-start=\"724\" data-end=\"741\"><strong>Hur Man Anv\u00e4nder<\/strong><\/h2>\n<ol data-start=\"743\" data-end=\"951\">\n<li data-start=\"743\" data-end=\"797\">\n<p data-start=\"746\" data-end=\"797\">Vikla silikonbandet runt din kabel eller f\u00f6rem\u00e5l.<\/p>\n<\/li>\n<li data-start=\"798\" data-end=\"836\">\n<p data-start=\"801\" data-end=\"836\">F\u00f6r ihop de magnetiska \u00e4ndarna.<\/p>\n<\/li>\n<li data-start=\"837\" data-end=\"881\">\n<p data-start=\"840\" data-end=\"881\">L\u00e5t magneterna sn\u00e4ppa och l\u00e5sa p\u00e5 plats.<\/p>\n<\/li>\n<li data-start=\"882\" data-end=\"920\">\n<p data-start=\"885\" data-end=\"920\">Justera l\u00e4ngden f\u00f6r en bra passform.<\/p>\n<\/li>\n<li data-start=\"921\" data-end=\"951\">\n<p data-start=\"924\" data-end=\"951\">Ta bort n\u00e4r som helst och \u00e5teranv\u00e4nd.<\/p>\n<\/li>\n<\/ol>\n<h2 style=\"text-align: center;\" data-start=\"958\" data-end=\"980\"><strong>Produktdetaljer<\/strong><\/h2>\n<ul data-start=\"982\" data-end=\"1183\">\n<li data-start=\"1020\" data-end=\"1055\">\n<p data-start=\"1022\" data-end=\"1055\">Material: Silikon av h\u00f6g kvalitet<\/p>\n<\/li>\n<li data-start=\"1056\" data-end=\"1096\">\n<p data-start=\"1058\" data-end=\"1096\">F\u00f6rslutningstyp: Inb\u00e4ddad magnetisk sn\u00e4pp<\/p>\n<\/li>\n<li data-start=\"1097\" data-end=\"1135\">\n<p data-start=\"1099\" data-end=\"1135\">Design: T\u00f6jbar och justerbar<\/p>\n<\/li>\n<li data-start=\"1136\" data-end=\"1183\">\n<p data-start=\"1138\" data-end=\"1183\">Anv\u00e4ndning: Kabelhantering, hem, kontor, resor<\/p>\n<\/li>\n<li data-start=\"1136\" data-end=\"1183\">Storlek: 11 x 1,8 cm<\/li>\n<\/ul>\n<h2 style=\"text-align: center;\" data-start=\"1190\" data-end=\"1213\"><strong>F\u00f6rpackningen inneh\u00e5ller<\/strong><\/h2>\n<ul data-start=\"1215\" data-end=\"1249\">\n<li data-start=\"1215\" data-end=\"1249\">\n<p data-start=\"1217\" data-end=\"1249\">10, 20x magnetiska buntband.<\/p>\n<\/li>\n<\/ul>\n","protected":false},"excerpt":{"rendered":"<p>\ud83d\udd11De h\u00e4r magnetiska buntbanden g\u00f6r kabelhanteringen snabb, ren och enkel.<br \/>\n<span style=\"font-size: 16px; font-style: normal; font-weight: 400;\">\u2728<\/span>Med starka inbyggda magneter och flexibla silikonband h\u00e5ller de s\u00e4kert fast kablar, nycklar, anteckningar och mycket mer &#8211; inga knutar, ingen r\u00f6ra.<br \/>\n\ud83d\uddd2\ufe0fEn enkel, snygg l\u00f6sning f\u00f6r att h\u00e5lla ditt utrymme snyggt och fritt fr\u00e5n r\u00f6ran &#8211; \u00f6verallt, n\u00e4r som helst.<\/p>\n","protected":false},"featured_media":17569,"comment_status":"open","ping_status":"closed","template":"","meta":{"site-sidebar-layout":"default","site-content-layout":"","ast-site-content-layout":"default","site-content-style":"default","site-sidebar-style":"default","ast-global-header-display":"","ast-banner-title-visibility":"","ast-main-header-display":"","ast-hfb-above-header-display":"","ast-hfb-below-header-display":"","ast-hfb-mobile-header-display":"","site-post-title":"","ast-breadcrumbs-content":"","ast-featured-img":"","footer-sml-layout":"","theme-transparent-header-meta":"default","adv-header-id-meta":"","stick-header-meta":"","header-above-stick-meta":"","header-main-stick-meta":"","header-below-stick-meta":"","astra-migrate-meta-layouts":"set","ast-page-background-enabled":"default","ast-page-background-meta":{"desktop":{"background-color":"var(--ast-global-color-5)","background-image":"","background-repeat":"repeat","background-position":"center center","background-size":"auto","background-attachment":"scroll","background-type":"","background-media":"","overlay-type":"","overlay-color":"","overlay-opacity":"","overlay-gradient":""},"tablet":{"background-color":"","background-image":"","background-repeat":"repeat","background-position":"center center","background-size":"auto","background-attachment":"scroll","background-type":"","background-media":"","overlay-type":"","overlay-color":"","overlay-opacity":"","overlay-gradient":""},"mobile":{"background-color":"","background-image":"","background-repeat":"repeat","background-position":"center center","background-size":"auto","background-attachment":"scroll","background-type":"","background-media":"","overlay-type":"","overlay-color":"","overlay-opacity":"","overlay-gradient":""}},"ast-content-background-meta":{"desktop":{"background-color":"var(--ast-global-color-4)","background-image":"","background-repeat":"repeat","background-position":"center center","background-size":"auto","background-attachment":"scroll","background-type":"","background-media":"","overlay-type":"","overlay-color":"","overlay-opacity":"","overlay-gradient":""},"tablet":{"background-color":"var(--ast-global-color-4)","background-image":"","background-repeat":"repeat","background-position":"center center","background-size":"auto","background-attachment":"scroll","background-type":"","background-media":"","overlay-type":"","overlay-color":"","overlay-opacity":"","overlay-gradient":""},"mobile":{"background-color":"var(--ast-global-color-4)","background-image":"","background-repeat":"repeat","background-position":"center center","background-size":"auto","background-attachment":"scroll","background-type":"","background-media":"","overlay-type":"","overlay-color":"","overlay-opacity":"","overlay-gradient":""}}},"product_brand":[],"product_cat":[168,165],"product_tag":[],"class_list":{"0":"post-17573","1":"product","2":"type-product","3":"status-publish","4":"has-post-thumbnail","6":"product_cat-hushallsartiklar","7":"product_cat-skor-accessoarer","8":"pa_68011_9ecz64n1-10-st","9":"pa_68011_9ecz64n1-20-st","10":"pa_68011_wtdn9xdo-bla","11":"pa_68011_wtdn9xdo-gra","12":"pa_68011_wtdn9xdo-gron","13":"pa_68011_wtdn9xdo-gul","14":"pa_68011_wtdn9xdo-lila","15":"pa_68011_wtdn9xdo-rod","16":"pa_68011_wtdn9xdo-rosa","17":"pa_68011_wtdn9xdo-rosarod","18":"pa_68011_wtdn9xdo-svart","19":"pa_68011_wtdn9xdo-vit","20":"desktop-align-left","21":"tablet-align-left","22":"mobile-align-left","24":"first","25":"instock","26":"shipping-taxable","27":"purchasable","28":"product-type-variable","29":"has-default-attributes"},"yoast_head":"<!-- This site is optimized with the Yoast SEO plugin v26.6 - https:\/\/yoast.com\/wordpress\/plugins\/seo\/ -->\n<title>Magnetiska buntband - Mekulo SE<\/title>\n<meta name=\"robots\" content=\"index, follow, max-snippet:-1, max-image-preview:large, max-video-preview:-1\" \/>\n<link rel=\"canonical\" href=\"https:\/\/mekulo.com\/se\/produkt\/magnetiska-buntband\/\" \/>\n<meta property=\"og:locale\" content=\"sv_SE\" \/>\n<meta property=\"og:type\" content=\"article\" \/>\n<meta property=\"og:title\" content=\"Magnetiska buntband - Mekulo SE\" \/>\n<meta property=\"og:description\" content=\"\ud83d\udd11De h\u00e4r magnetiska buntbanden g\u00f6r kabelhanteringen snabb, ren och enkel. \u2728Med starka inbyggda magneter och flexibla silikonband h\u00e5ller de s\u00e4kert fast kablar, nycklar, anteckningar och mycket mer - inga knutar, ingen r\u00f6ra. \ud83d\uddd2\ufe0fEn enkel, snygg l\u00f6sning f\u00f6r att h\u00e5lla ditt utrymme snyggt och fritt fr\u00e5n r\u00f6ran - \u00f6verallt, n\u00e4r som helst.\" \/>\n<meta property=\"og:url\" content=\"https:\/\/mekulo.com\/se\/produkt\/magnetiska-buntband\/\" \/>\n<meta property=\"og:site_name\" content=\"Mekulo SE\" \/>\n<meta property=\"article:modified_time\" content=\"2026-02-03T15:12:56+00:00\" \/>\n<meta property=\"og:image\" content=\"https:\/\/mekulo.com\/se\/wp-content\/uploads\/sites\/11\/2026\/01\/mv7zye6-1.png\" \/>\n\t<meta property=\"og:image:width\" content=\"800\" \/>\n\t<meta property=\"og:image:height\" content=\"800\" \/>\n\t<meta property=\"og:image:type\" content=\"image\/png\" \/>\n<meta name=\"twitter:card\" content=\"summary_large_image\" \/>\n<meta name=\"twitter:label1\" content=\"Ber\u00e4knad l\u00e4stid\" \/>\n\t<meta name=\"twitter:data1\" content=\"2 minuter\" \/>\n<script type=\"application\/ld+json\" class=\"yoast-schema-graph\">{\"@context\":\"https:\/\/schema.org\",\"@graph\":[{\"@type\":\"WebPage\",\"@id\":\"https:\/\/mekulo.com\/se\/produkt\/magnetiska-buntband\/\",\"url\":\"https:\/\/mekulo.com\/se\/produkt\/magnetiska-buntband\/\",\"name\":\"Magnetiska buntband - Mekulo SE\",\"isPartOf\":{\"@id\":\"https:\/\/mekulo.com\/se\/#website\"},\"primaryImageOfPage\":{\"@id\":\"https:\/\/mekulo.com\/se\/produkt\/magnetiska-buntband\/#primaryimage\"},\"image\":{\"@id\":\"https:\/\/mekulo.com\/se\/produkt\/magnetiska-buntband\/#primaryimage\"},\"thumbnailUrl\":\"https:\/\/mekulo.com\/se\/wp-content\/uploads\/sites\/11\/2026\/01\/mv7zye6-1.png\",\"datePublished\":\"2026-01-15T15:41:41+00:00\",\"dateModified\":\"2026-02-03T15:12:56+00:00\",\"breadcrumb\":{\"@id\":\"https:\/\/mekulo.com\/se\/produkt\/magnetiska-buntband\/#breadcrumb\"},\"inLanguage\":\"sv-SE\",\"potentialAction\":[{\"@type\":\"ReadAction\",\"target\":[\"https:\/\/mekulo.com\/se\/produkt\/magnetiska-buntband\/\"]}]},{\"@type\":\"ImageObject\",\"inLanguage\":\"sv-SE\",\"@id\":\"https:\/\/mekulo.com\/se\/produkt\/magnetiska-buntband\/#primaryimage\",\"url\":\"https:\/\/mekulo.com\/se\/wp-content\/uploads\/sites\/11\/2026\/01\/mv7zye6-1.png\",\"contentUrl\":\"https:\/\/mekulo.com\/se\/wp-content\/uploads\/sites\/11\/2026\/01\/mv7zye6-1.png\",\"width\":800,\"height\":800},{\"@type\":\"BreadcrumbList\",\"@id\":\"https:\/\/mekulo.com\/se\/produkt\/magnetiska-buntband\/#breadcrumb\",\"itemListElement\":[{\"@type\":\"ListItem\",\"position\":1,\"name\":\"Home\",\"item\":\"https:\/\/mekulo.com\/se\/\"},{\"@type\":\"ListItem\",\"position\":2,\"name\":\"Butik\",\"item\":\"https:\/\/mekulo.com\/se\/butik\/\"},{\"@type\":\"ListItem\",\"position\":3,\"name\":\"Magnetiska buntband\"}]},{\"@type\":\"WebSite\",\"@id\":\"https:\/\/mekulo.com\/se\/#website\",\"url\":\"https:\/\/mekulo.com\/se\/\",\"name\":\"Mekulo SE\",\"description\":\"\",\"publisher\":{\"@id\":\"https:\/\/mekulo.com\/se\/#organization\"},\"potentialAction\":[{\"@type\":\"SearchAction\",\"target\":{\"@type\":\"EntryPoint\",\"urlTemplate\":\"https:\/\/mekulo.com\/se\/?s={search_term_string}\"},\"query-input\":{\"@type\":\"PropertyValueSpecification\",\"valueRequired\":true,\"valueName\":\"search_term_string\"}}],\"inLanguage\":\"sv-SE\"},{\"@type\":\"Organization\",\"@id\":\"https:\/\/mekulo.com\/se\/#organization\",\"name\":\"Mekulo\",\"url\":\"https:\/\/mekulo.com\/se\/\",\"logo\":{\"@type\":\"ImageObject\",\"inLanguage\":\"sv-SE\",\"@id\":\"https:\/\/mekulo.com\/se\/#\/schema\/logo\/image\/\",\"url\":\"https:\/\/mekulo.com\/se\/wp-content\/uploads\/sites\/11\/2025\/12\/favicon_mekulo.png\",\"contentUrl\":\"https:\/\/mekulo.com\/se\/wp-content\/uploads\/sites\/11\/2025\/12\/favicon_mekulo.png\",\"width\":50,\"height\":50,\"caption\":\"Mekulo\"},\"image\":{\"@id\":\"https:\/\/mekulo.com\/se\/#\/schema\/logo\/image\/\"}}]}<\/script>\n<!-- \/ Yoast SEO plugin. -->","yoast_head_json":{"title":"Magnetiska buntband - Mekulo SE","robots":{"index":"index","follow":"follow","max-snippet":"max-snippet:-1","max-image-preview":"max-image-preview:large","max-video-preview":"max-video-preview:-1"},"canonical":"https:\/\/mekulo.com\/se\/produkt\/magnetiska-buntband\/","og_locale":"sv_SE","og_type":"article","og_title":"Magnetiska buntband - Mekulo SE","og_description":"\ud83d\udd11De h\u00e4r magnetiska buntbanden g\u00f6r kabelhanteringen snabb, ren och enkel. \u2728Med starka inbyggda magneter och flexibla silikonband h\u00e5ller de s\u00e4kert fast kablar, nycklar, anteckningar och mycket mer - inga knutar, ingen r\u00f6ra. \ud83d\uddd2\ufe0fEn enkel, snygg l\u00f6sning f\u00f6r att h\u00e5lla ditt utrymme snyggt och fritt fr\u00e5n r\u00f6ran - \u00f6verallt, n\u00e4r som helst.","og_url":"https:\/\/mekulo.com\/se\/produkt\/magnetiska-buntband\/","og_site_name":"Mekulo SE","article_modified_time":"2026-02-03T15:12:56+00:00","og_image":[{"width":800,"height":800,"url":"https:\/\/mekulo.com\/se\/wp-content\/uploads\/sites\/11\/2026\/01\/mv7zye6-1.png","type":"image\/png"}],"twitter_card":"summary_large_image","twitter_misc":{"Ber\u00e4knad l\u00e4stid":"2 minuter"},"schema":{"@context":"https:\/\/schema.org","@graph":[{"@type":"WebPage","@id":"https:\/\/mekulo.com\/se\/produkt\/magnetiska-buntband\/","url":"https:\/\/mekulo.com\/se\/produkt\/magnetiska-buntband\/","name":"Magnetiska buntband - Mekulo SE","isPartOf":{"@id":"https:\/\/mekulo.com\/se\/#website"},"primaryImageOfPage":{"@id":"https:\/\/mekulo.com\/se\/produkt\/magnetiska-buntband\/#primaryimage"},"image":{"@id":"https:\/\/mekulo.com\/se\/produkt\/magnetiska-buntband\/#primaryimage"},"thumbnailUrl":"https:\/\/mekulo.com\/se\/wp-content\/uploads\/sites\/11\/2026\/01\/mv7zye6-1.png","datePublished":"2026-01-15T15:41:41+00:00","dateModified":"2026-02-03T15:12:56+00:00","breadcrumb":{"@id":"https:\/\/mekulo.com\/se\/produkt\/magnetiska-buntband\/#breadcrumb"},"inLanguage":"sv-SE","potentialAction":[{"@type":"ReadAction","target":["https:\/\/mekulo.com\/se\/produkt\/magnetiska-buntband\/"]}]},{"@type":"ImageObject","inLanguage":"sv-SE","@id":"https:\/\/mekulo.com\/se\/produkt\/magnetiska-buntband\/#primaryimage","url":"https:\/\/mekulo.com\/se\/wp-content\/uploads\/sites\/11\/2026\/01\/mv7zye6-1.png","contentUrl":"https:\/\/mekulo.com\/se\/wp-content\/uploads\/sites\/11\/2026\/01\/mv7zye6-1.png","width":800,"height":800},{"@type":"BreadcrumbList","@id":"https:\/\/mekulo.com\/se\/produkt\/magnetiska-buntband\/#breadcrumb","itemListElement":[{"@type":"ListItem","position":1,"name":"Home","item":"https:\/\/mekulo.com\/se\/"},{"@type":"ListItem","position":2,"name":"Butik","item":"https:\/\/mekulo.com\/se\/butik\/"},{"@type":"ListItem","position":3,"name":"Magnetiska buntband"}]},{"@type":"WebSite","@id":"https:\/\/mekulo.com\/se\/#website","url":"https:\/\/mekulo.com\/se\/","name":"Mekulo SE","description":"","publisher":{"@id":"https:\/\/mekulo.com\/se\/#organization"},"potentialAction":[{"@type":"SearchAction","target":{"@type":"EntryPoint","urlTemplate":"https:\/\/mekulo.com\/se\/?s={search_term_string}"},"query-input":{"@type":"PropertyValueSpecification","valueRequired":true,"valueName":"search_term_string"}}],"inLanguage":"sv-SE"},{"@type":"Organization","@id":"https:\/\/mekulo.com\/se\/#organization","name":"Mekulo","url":"https:\/\/mekulo.com\/se\/","logo":{"@type":"ImageObject","inLanguage":"sv-SE","@id":"https:\/\/mekulo.com\/se\/#\/schema\/logo\/image\/","url":"https:\/\/mekulo.com\/se\/wp-content\/uploads\/sites\/11\/2025\/12\/favicon_mekulo.png","contentUrl":"https:\/\/mekulo.com\/se\/wp-content\/uploads\/sites\/11\/2025\/12\/favicon_mekulo.png","width":50,"height":50,"caption":"Mekulo"},"image":{"@id":"https:\/\/mekulo.com\/se\/#\/schema\/logo\/image\/"}}]}},"_links":{"self":[{"href":"https:\/\/mekulo.com\/se\/wp-json\/wp\/v2\/product\/17573","targetHints":{"allow":["GET"]}}],"collection":[{"href":"https:\/\/mekulo.com\/se\/wp-json\/wp\/v2\/product"}],"about":[{"href":"https:\/\/mekulo.com\/se\/wp-json\/wp\/v2\/types\/product"}],"replies":[{"embeddable":true,"href":"https:\/\/mekulo.com\/se\/wp-json\/wp\/v2\/comments?post=17573"}],"wp:featuredmedia":[{"embeddable":true,"href":"https:\/\/mekulo.com\/se\/wp-json\/wp\/v2\/media\/17569"}],"wp:attachment":[{"href":"https:\/\/mekulo.com\/se\/wp-json\/wp\/v2\/media?parent=17573"}],"wp:term":[{"taxonomy":"product_brand","embeddable":true,"href":"https:\/\/mekulo.com\/se\/wp-json\/wp\/v2\/product_brand?post=17573"},{"taxonomy":"product_cat","embeddable":true,"href":"https:\/\/mekulo.com\/se\/wp-json\/wp\/v2\/product_cat?post=17573"},{"taxonomy":"product_tag","embeddable":true,"href":"https:\/\/mekulo.com\/se\/wp-json\/wp\/v2\/product_tag?post=17573"}],"curies":[{"name":"wp","href":"https:\/\/api.w.org\/{rel}","templated":true}]}}