{"id":17558,"date":"2026-01-15T17:39:56","date_gmt":"2026-01-15T15:39:56","guid":{"rendered":"https:\/\/mekulo.com\/se\/produkt\/smal-sparrsats\/"},"modified":"2026-02-03T17:12:11","modified_gmt":"2026-02-03T15:12:11","slug":"smal-sparrsats","status":"publish","type":"product","link":"https:\/\/mekulo.com\/se\/produkt\/smal-sparrsats\/","title":{"rendered":"Smal sp\u00e4rrsats"},"content":{"rendered":"<p style=\"text-align: center;\" data-start=\"0\" data-end=\"78\"><strong data-start=\"0\" data-end=\"78\">Dra \u00e5t, lossa och reparera med full kontroll &#8211; \u00e4ven i de minsta utrymmena.<\/strong><span style=\"font-size: 16px; font-style: normal; font-weight: 400;\">\ud83d\udee0\ufe0f<\/span><\/p>\n<p data-start=\"0\" data-end=\"78\"><img decoding=\"async\" class=\"size-full wp-image-20314 aligncenter\" src=\"https:\/\/mekulo.com\/template\/wp-content\/uploads\/sites\/6\/2026\/01\/887aec9dbd563d99463b653898639c810089c989-800.avif\" alt=\"\" \/><\/p>\n<h2 style=\"text-align: center;\" data-start=\"353\" data-end=\"372\">Huvudsakliga f\u00f6rdelar<\/h2>\n<p data-start=\"376\" data-end=\"443\">\ud83d\udd27 Smal sp\u00e4rrdesign &#8211; enkelt arbete i tr\u00e5nga och smala utrymmen.<\/p>\n<p data-start=\"446\" data-end=\"520\">\u2699\ufe0f CR-V-st\u00e5l med h\u00f6gt vridmoment &#8211; starkt, rostbest\u00e4ndigt och l\u00e5ngvarigt.<\/p>\n<p data-start=\"523\" data-end=\"581\">\ud83d\udd29 Bits i S2-st\u00e5l &#8211; h\u00e5rda, slitstarka och h\u00e5llbara.<\/p>\n<p data-start=\"584\" data-end=\"656\">\ud83d\udd04 Flexibla och universella f\u00f6rl\u00e4ngningar &#8211; n\u00e5r enkelt sv\u00e5ra vinklar.<\/p>\n<p data-start=\"659\" data-end=\"732\">\ud83e\uddf0 Komplett upps\u00e4ttning med 46 delar &#8211; t\u00e4cker de flesta reparationer- och underh\u00e5llsbehov.<\/p>\n<p data-start=\"735\" data-end=\"804\">\ud83d\udce6 Organiserad b\u00e4rv\u00e4ska &#8211; Verktygen \u00e4r skyddade och l\u00e4tta att hitta.<\/p>\n<p data-start=\"735\" data-end=\"804\"><img decoding=\"async\" class=\"size-full wp-image-20316 aligncenter\" src=\"https:\/\/mekulo.com\/template\/wp-content\/uploads\/sites\/6\/2026\/01\/b60cd334dc5b57c919ec5561ee81fe5b34d52aeb.avif\" alt=\"\" \/><\/p>\n<h2 style=\"text-align: center;\" data-start=\"811\" data-end=\"828\"><strong>Anv\u00e4ndning<\/strong><\/h2>\n<ol data-start=\"830\" data-end=\"1087\">\n<li data-start=\"830\" data-end=\"882\">\n<p data-start=\"833\" data-end=\"882\">V\u00e4lj r\u00e4tt hylsa eller bits f\u00f6r din uppgift.<\/p>\n<\/li>\n<li data-start=\"883\" data-end=\"936\">\n<p data-start=\"886\" data-end=\"936\">F\u00e4st den p\u00e5 sp\u00e4rren, f\u00f6rl\u00e4ngningen eller adaptern.<\/p>\n<\/li>\n<li data-start=\"937\" data-end=\"986\">\n<p data-start=\"940\" data-end=\"986\">Anv\u00e4nd det smala sp\u00e4rrhandtaget f\u00f6r tr\u00e5nga utrymmen.<\/p>\n<\/li>\n<li data-start=\"987\" data-end=\"1040\">\n<p data-start=\"990\" data-end=\"1040\">Byt riktning f\u00f6r att dra \u00e5t eller lossa f\u00e4stelement.<\/p>\n<\/li>\n<li data-start=\"1041\" data-end=\"1087\">\n<p data-start=\"1044\" data-end=\"1087\">F\u00f6rvara verktygen snyggt i v\u00e4skan efter anv\u00e4ndning.<\/p>\n<\/li>\n<\/ol>\n<h2 style=\"text-align: center;\" data-start=\"1094\" data-end=\"1116\"><strong>Produktdetaljer<\/strong><\/h2>\n<ul data-start=\"1118\" data-end=\"1350\">\n<li data-start=\"1153\" data-end=\"1204\">\n<p data-start=\"1155\" data-end=\"1204\">Material: Kromvanadiumst\u00e5l + bits i S2-st\u00e5l<\/p>\n<\/li>\n<li data-start=\"1205\" data-end=\"1244\">\n<p data-start=\"1207\" data-end=\"1244\">Sp\u00e4rrtyp: 24-tandad fin sp\u00e4rr<\/p>\n<\/li>\n<li data-start=\"1286\" data-end=\"1306\">\n<p data-start=\"1288\" data-end=\"1306\">Totalt antal bitar: 46<\/p>\n<\/li>\n<li data-start=\"1307\" data-end=\"1350\">\n<p data-start=\"1309\" data-end=\"1350\">Finish: Spegelpolerad, rostbest\u00e4ndig<\/p>\n<\/li>\n<\/ul>\n<h2 style=\"text-align: center;\" data-start=\"1562\" data-end=\"1585\"><strong>F\u00f6rpackningen inneh\u00e5ller<\/strong><\/h2>\n<ul data-start=\"1587\" data-end=\"1679\">\n<li data-start=\"1587\" data-end=\"1615\">21x bitsocklar: SL4,5,5,7,PH1,2,3 PZ1,2,3 HEX3,4,5,6,7,8 T10,15,20,25,30,40<\/li>\n<li data-start=\"1587\" data-end=\"1615\">13x 0,6 cm DR-tyllar: 4,4,5,5,5,5,6,7,8,9,10,11,12,13,14mm<\/li>\n<li data-start=\"1587\" data-end=\"1615\">3x sexkantsnyckel fransar: 1,5,2,0,2,5 mm<\/li>\n<li data-start=\"1587\" data-end=\"1615\">1x 0,6 cm DR kardanled<\/li>\n<li data-start=\"1587\" data-end=\"1615\">1x 0,6 cm X2&#8243; f\u00f6rl\u00e4ngningsst\u00e5ng<\/li>\n<li data-start=\"1587\" data-end=\"1615\">1x 0,6 cm X4&#8243; f\u00f6rl\u00e4ngningsst\u00e5ng<\/li>\n<li data-start=\"1587\" data-end=\"1615\">1x 0,6 cm X6&#8243; flexibel f\u00f6rl\u00e4ngning<\/li>\n<li data-start=\"1587\" data-end=\"1615\">1x 0,6 cm DR glidande T-st\u00e5ng<\/li>\n<li data-start=\"1587\" data-end=\"1615\">1x 0,6 cm snabbsp\u00e4rrhandtag<\/li>\n<li data-start=\"1587\" data-end=\"1615\">1x 15 cm spinnerhandtag<\/li>\n<li data-start=\"1587\" data-end=\"1615\">1x bitsadapter<\/li>\n<li data-start=\"1587\" data-end=\"1615\">1x bl\u00e5sfodral.<\/li>\n<\/ul>\n","protected":false},"excerpt":{"rendered":"<p>\u2699\ufe0fDenna slimmad sp\u00e4rrsats ger dig en kompakt men kraftfull verktygsl\u00e5da som \u00e4r byggd f\u00f6r precisionsarbete, h\u00f6gt vridmoment och smidig anv\u00e4ndning.<br \/>\n\ud83d\udd27Med en slimmad sp\u00e4rr, h\u00e5llbara CR-V-st\u00e5lverktyg och ett brett utbud av bits och hylsor \u00e4r den perfekt f\u00f6r hem-, fordons- och yrkesarbeten.<br \/>\n\ud83e\ude9bEn kompakt, h\u00f6gkvalitativ sp\u00e4rrsats som \u00e4r utformad f\u00f6r precision, kraft och p\u00e5litlighet i vardagen.<span style=\"font-size: 16px; font-style: normal; font-weight: 400;\">\u00a0<\/span><\/p>\n","protected":false},"featured_media":17554,"comment_status":"open","ping_status":"closed","template":"","meta":{"site-sidebar-layout":"default","site-content-layout":"","ast-site-content-layout":"default","site-content-style":"default","site-sidebar-style":"default","ast-global-header-display":"","ast-banner-title-visibility":"","ast-main-header-display":"","ast-hfb-above-header-display":"","ast-hfb-below-header-display":"","ast-hfb-mobile-header-display":"","site-post-title":"","ast-breadcrumbs-content":"","ast-featured-img":"","footer-sml-layout":"","theme-transparent-header-meta":"default","adv-header-id-meta":"","stick-header-meta":"","header-above-stick-meta":"","header-main-stick-meta":"","header-below-stick-meta":"","astra-migrate-meta-layouts":"set","ast-page-background-enabled":"default","ast-page-background-meta":{"desktop":{"background-color":"var(--ast-global-color-5)","background-image":"","background-repeat":"repeat","background-position":"center center","background-size":"auto","background-attachment":"scroll","background-type":"","background-media":"","overlay-type":"","overlay-color":"","overlay-opacity":"","overlay-gradient":""},"tablet":{"background-color":"","background-image":"","background-repeat":"repeat","background-position":"center center","background-size":"auto","background-attachment":"scroll","background-type":"","background-media":"","overlay-type":"","overlay-color":"","overlay-opacity":"","overlay-gradient":""},"mobile":{"background-color":"","background-image":"","background-repeat":"repeat","background-position":"center center","background-size":"auto","background-attachment":"scroll","background-type":"","background-media":"","overlay-type":"","overlay-color":"","overlay-opacity":"","overlay-gradient":""}},"ast-content-background-meta":{"desktop":{"background-color":"var(--ast-global-color-4)","background-image":"","background-repeat":"repeat","background-position":"center center","background-size":"auto","background-attachment":"scroll","background-type":"","background-media":"","overlay-type":"","overlay-color":"","overlay-opacity":"","overlay-gradient":""},"tablet":{"background-color":"var(--ast-global-color-4)","background-image":"","background-repeat":"repeat","background-position":"center center","background-size":"auto","background-attachment":"scroll","background-type":"","background-media":"","overlay-type":"","overlay-color":"","overlay-opacity":"","overlay-gradient":""},"mobile":{"background-color":"var(--ast-global-color-4)","background-image":"","background-repeat":"repeat","background-position":"center center","background-size":"auto","background-attachment":"scroll","background-type":"","background-media":"","overlay-type":"","overlay-color":"","overlay-opacity":"","overlay-gradient":""}}},"product_brand":[],"product_cat":[171],"product_tag":[],"class_list":{"0":"post-17558","1":"product","2":"type-product","3":"status-publish","4":"has-post-thumbnail","6":"product_cat-verktyg","7":"pa_67931_0ch7lox9-gron","8":"pa_67931_0ch7lox9-rod","9":"pa_67931_0ch7lox9-svart","10":"desktop-align-left","11":"tablet-align-left","12":"mobile-align-left","14":"first","15":"instock","16":"shipping-taxable","17":"purchasable","18":"product-type-variable"},"yoast_head":"<!-- This site is optimized with the Yoast SEO plugin v26.6 - https:\/\/yoast.com\/wordpress\/plugins\/seo\/ -->\n<title>Smal sp\u00e4rrsats - Mekulo SE<\/title>\n<meta name=\"robots\" content=\"index, follow, max-snippet:-1, max-image-preview:large, max-video-preview:-1\" \/>\n<link rel=\"canonical\" href=\"https:\/\/mekulo.com\/se\/produkt\/smal-sparrsats\/\" \/>\n<meta property=\"og:locale\" content=\"sv_SE\" \/>\n<meta property=\"og:type\" content=\"article\" \/>\n<meta property=\"og:title\" content=\"Smal sp\u00e4rrsats - Mekulo SE\" \/>\n<meta property=\"og:description\" content=\"\u2699\ufe0fDenna slimmad sp\u00e4rrsats ger dig en kompakt men kraftfull verktygsl\u00e5da som \u00e4r byggd f\u00f6r precisionsarbete, h\u00f6gt vridmoment och smidig anv\u00e4ndning. \ud83d\udd27Med en slimmad sp\u00e4rr, h\u00e5llbara CR-V-st\u00e5lverktyg och ett brett utbud av bits och hylsor \u00e4r den perfekt f\u00f6r hem-, fordons- och yrkesarbeten. \ud83e\ude9bEn kompakt, h\u00f6gkvalitativ sp\u00e4rrsats som \u00e4r utformad f\u00f6r precision, kraft och p\u00e5litlighet i vardagen.\u00a0\" \/>\n<meta property=\"og:url\" content=\"https:\/\/mekulo.com\/se\/produkt\/smal-sparrsats\/\" \/>\n<meta property=\"og:site_name\" content=\"Mekulo SE\" \/>\n<meta property=\"article:modified_time\" content=\"2026-02-03T15:12:11+00:00\" \/>\n<meta property=\"og:image\" content=\"https:\/\/mekulo.com\/se\/wp-content\/uploads\/sites\/11\/2026\/01\/9j94zhq-1.jpg\" \/>\n\t<meta property=\"og:image:width\" content=\"800\" \/>\n\t<meta property=\"og:image:height\" content=\"800\" \/>\n\t<meta property=\"og:image:type\" content=\"image\/jpeg\" \/>\n<meta name=\"twitter:card\" content=\"summary_large_image\" \/>\n<meta name=\"twitter:label1\" content=\"Ber\u00e4knad l\u00e4stid\" \/>\n\t<meta name=\"twitter:data1\" content=\"2 minuter\" \/>\n<script type=\"application\/ld+json\" class=\"yoast-schema-graph\">{\"@context\":\"https:\/\/schema.org\",\"@graph\":[{\"@type\":\"WebPage\",\"@id\":\"https:\/\/mekulo.com\/se\/produkt\/smal-sparrsats\/\",\"url\":\"https:\/\/mekulo.com\/se\/produkt\/smal-sparrsats\/\",\"name\":\"Smal sp\u00e4rrsats - Mekulo SE\",\"isPartOf\":{\"@id\":\"https:\/\/mekulo.com\/se\/#website\"},\"primaryImageOfPage\":{\"@id\":\"https:\/\/mekulo.com\/se\/produkt\/smal-sparrsats\/#primaryimage\"},\"image\":{\"@id\":\"https:\/\/mekulo.com\/se\/produkt\/smal-sparrsats\/#primaryimage\"},\"thumbnailUrl\":\"https:\/\/mekulo.com\/se\/wp-content\/uploads\/sites\/11\/2026\/01\/9j94zhq-1.jpg\",\"datePublished\":\"2026-01-15T15:39:56+00:00\",\"dateModified\":\"2026-02-03T15:12:11+00:00\",\"breadcrumb\":{\"@id\":\"https:\/\/mekulo.com\/se\/produkt\/smal-sparrsats\/#breadcrumb\"},\"inLanguage\":\"sv-SE\",\"potentialAction\":[{\"@type\":\"ReadAction\",\"target\":[\"https:\/\/mekulo.com\/se\/produkt\/smal-sparrsats\/\"]}]},{\"@type\":\"ImageObject\",\"inLanguage\":\"sv-SE\",\"@id\":\"https:\/\/mekulo.com\/se\/produkt\/smal-sparrsats\/#primaryimage\",\"url\":\"https:\/\/mekulo.com\/se\/wp-content\/uploads\/sites\/11\/2026\/01\/9j94zhq-1.jpg\",\"contentUrl\":\"https:\/\/mekulo.com\/se\/wp-content\/uploads\/sites\/11\/2026\/01\/9j94zhq-1.jpg\",\"width\":800,\"height\":800},{\"@type\":\"BreadcrumbList\",\"@id\":\"https:\/\/mekulo.com\/se\/produkt\/smal-sparrsats\/#breadcrumb\",\"itemListElement\":[{\"@type\":\"ListItem\",\"position\":1,\"name\":\"Home\",\"item\":\"https:\/\/mekulo.com\/se\/\"},{\"@type\":\"ListItem\",\"position\":2,\"name\":\"Butik\",\"item\":\"https:\/\/mekulo.com\/se\/butik\/\"},{\"@type\":\"ListItem\",\"position\":3,\"name\":\"Smal sp\u00e4rrsats\"}]},{\"@type\":\"WebSite\",\"@id\":\"https:\/\/mekulo.com\/se\/#website\",\"url\":\"https:\/\/mekulo.com\/se\/\",\"name\":\"Mekulo SE\",\"description\":\"\",\"publisher\":{\"@id\":\"https:\/\/mekulo.com\/se\/#organization\"},\"potentialAction\":[{\"@type\":\"SearchAction\",\"target\":{\"@type\":\"EntryPoint\",\"urlTemplate\":\"https:\/\/mekulo.com\/se\/?s={search_term_string}\"},\"query-input\":{\"@type\":\"PropertyValueSpecification\",\"valueRequired\":true,\"valueName\":\"search_term_string\"}}],\"inLanguage\":\"sv-SE\"},{\"@type\":\"Organization\",\"@id\":\"https:\/\/mekulo.com\/se\/#organization\",\"name\":\"Mekulo\",\"url\":\"https:\/\/mekulo.com\/se\/\",\"logo\":{\"@type\":\"ImageObject\",\"inLanguage\":\"sv-SE\",\"@id\":\"https:\/\/mekulo.com\/se\/#\/schema\/logo\/image\/\",\"url\":\"https:\/\/mekulo.com\/se\/wp-content\/uploads\/sites\/11\/2025\/12\/favicon_mekulo.png\",\"contentUrl\":\"https:\/\/mekulo.com\/se\/wp-content\/uploads\/sites\/11\/2025\/12\/favicon_mekulo.png\",\"width\":50,\"height\":50,\"caption\":\"Mekulo\"},\"image\":{\"@id\":\"https:\/\/mekulo.com\/se\/#\/schema\/logo\/image\/\"}}]}<\/script>\n<!-- \/ Yoast SEO plugin. -->","yoast_head_json":{"title":"Smal sp\u00e4rrsats - Mekulo SE","robots":{"index":"index","follow":"follow","max-snippet":"max-snippet:-1","max-image-preview":"max-image-preview:large","max-video-preview":"max-video-preview:-1"},"canonical":"https:\/\/mekulo.com\/se\/produkt\/smal-sparrsats\/","og_locale":"sv_SE","og_type":"article","og_title":"Smal sp\u00e4rrsats - Mekulo SE","og_description":"\u2699\ufe0fDenna slimmad sp\u00e4rrsats ger dig en kompakt men kraftfull verktygsl\u00e5da som \u00e4r byggd f\u00f6r precisionsarbete, h\u00f6gt vridmoment och smidig anv\u00e4ndning. \ud83d\udd27Med en slimmad sp\u00e4rr, h\u00e5llbara CR-V-st\u00e5lverktyg och ett brett utbud av bits och hylsor \u00e4r den perfekt f\u00f6r hem-, fordons- och yrkesarbeten. \ud83e\ude9bEn kompakt, h\u00f6gkvalitativ sp\u00e4rrsats som \u00e4r utformad f\u00f6r precision, kraft och p\u00e5litlighet i vardagen.\u00a0","og_url":"https:\/\/mekulo.com\/se\/produkt\/smal-sparrsats\/","og_site_name":"Mekulo SE","article_modified_time":"2026-02-03T15:12:11+00:00","og_image":[{"width":800,"height":800,"url":"https:\/\/mekulo.com\/se\/wp-content\/uploads\/sites\/11\/2026\/01\/9j94zhq-1.jpg","type":"image\/jpeg"}],"twitter_card":"summary_large_image","twitter_misc":{"Ber\u00e4knad l\u00e4stid":"2 minuter"},"schema":{"@context":"https:\/\/schema.org","@graph":[{"@type":"WebPage","@id":"https:\/\/mekulo.com\/se\/produkt\/smal-sparrsats\/","url":"https:\/\/mekulo.com\/se\/produkt\/smal-sparrsats\/","name":"Smal sp\u00e4rrsats - Mekulo SE","isPartOf":{"@id":"https:\/\/mekulo.com\/se\/#website"},"primaryImageOfPage":{"@id":"https:\/\/mekulo.com\/se\/produkt\/smal-sparrsats\/#primaryimage"},"image":{"@id":"https:\/\/mekulo.com\/se\/produkt\/smal-sparrsats\/#primaryimage"},"thumbnailUrl":"https:\/\/mekulo.com\/se\/wp-content\/uploads\/sites\/11\/2026\/01\/9j94zhq-1.jpg","datePublished":"2026-01-15T15:39:56+00:00","dateModified":"2026-02-03T15:12:11+00:00","breadcrumb":{"@id":"https:\/\/mekulo.com\/se\/produkt\/smal-sparrsats\/#breadcrumb"},"inLanguage":"sv-SE","potentialAction":[{"@type":"ReadAction","target":["https:\/\/mekulo.com\/se\/produkt\/smal-sparrsats\/"]}]},{"@type":"ImageObject","inLanguage":"sv-SE","@id":"https:\/\/mekulo.com\/se\/produkt\/smal-sparrsats\/#primaryimage","url":"https:\/\/mekulo.com\/se\/wp-content\/uploads\/sites\/11\/2026\/01\/9j94zhq-1.jpg","contentUrl":"https:\/\/mekulo.com\/se\/wp-content\/uploads\/sites\/11\/2026\/01\/9j94zhq-1.jpg","width":800,"height":800},{"@type":"BreadcrumbList","@id":"https:\/\/mekulo.com\/se\/produkt\/smal-sparrsats\/#breadcrumb","itemListElement":[{"@type":"ListItem","position":1,"name":"Home","item":"https:\/\/mekulo.com\/se\/"},{"@type":"ListItem","position":2,"name":"Butik","item":"https:\/\/mekulo.com\/se\/butik\/"},{"@type":"ListItem","position":3,"name":"Smal sp\u00e4rrsats"}]},{"@type":"WebSite","@id":"https:\/\/mekulo.com\/se\/#website","url":"https:\/\/mekulo.com\/se\/","name":"Mekulo SE","description":"","publisher":{"@id":"https:\/\/mekulo.com\/se\/#organization"},"potentialAction":[{"@type":"SearchAction","target":{"@type":"EntryPoint","urlTemplate":"https:\/\/mekulo.com\/se\/?s={search_term_string}"},"query-input":{"@type":"PropertyValueSpecification","valueRequired":true,"valueName":"search_term_string"}}],"inLanguage":"sv-SE"},{"@type":"Organization","@id":"https:\/\/mekulo.com\/se\/#organization","name":"Mekulo","url":"https:\/\/mekulo.com\/se\/","logo":{"@type":"ImageObject","inLanguage":"sv-SE","@id":"https:\/\/mekulo.com\/se\/#\/schema\/logo\/image\/","url":"https:\/\/mekulo.com\/se\/wp-content\/uploads\/sites\/11\/2025\/12\/favicon_mekulo.png","contentUrl":"https:\/\/mekulo.com\/se\/wp-content\/uploads\/sites\/11\/2025\/12\/favicon_mekulo.png","width":50,"height":50,"caption":"Mekulo"},"image":{"@id":"https:\/\/mekulo.com\/se\/#\/schema\/logo\/image\/"}}]}},"_links":{"self":[{"href":"https:\/\/mekulo.com\/se\/wp-json\/wp\/v2\/product\/17558","targetHints":{"allow":["GET"]}}],"collection":[{"href":"https:\/\/mekulo.com\/se\/wp-json\/wp\/v2\/product"}],"about":[{"href":"https:\/\/mekulo.com\/se\/wp-json\/wp\/v2\/types\/product"}],"replies":[{"embeddable":true,"href":"https:\/\/mekulo.com\/se\/wp-json\/wp\/v2\/comments?post=17558"}],"wp:featuredmedia":[{"embeddable":true,"href":"https:\/\/mekulo.com\/se\/wp-json\/wp\/v2\/media\/17554"}],"wp:attachment":[{"href":"https:\/\/mekulo.com\/se\/wp-json\/wp\/v2\/media?parent=17558"}],"wp:term":[{"taxonomy":"product_brand","embeddable":true,"href":"https:\/\/mekulo.com\/se\/wp-json\/wp\/v2\/product_brand?post=17558"},{"taxonomy":"product_cat","embeddable":true,"href":"https:\/\/mekulo.com\/se\/wp-json\/wp\/v2\/product_cat?post=17558"},{"taxonomy":"product_tag","embeddable":true,"href":"https:\/\/mekulo.com\/se\/wp-json\/wp\/v2\/product_tag?post=17558"}],"curies":[{"name":"wp","href":"https:\/\/api.w.org\/{rel}","templated":true}]}}