{"id":17545,"date":"2026-01-15T17:38:12","date_gmt":"2026-01-15T15:38:12","guid":{"rendered":"https:\/\/mekulo.com\/se\/produkt\/multifunktionell-gronsaksskarare\/"},"modified":"2026-01-20T15:03:48","modified_gmt":"2026-01-20T13:03:48","slug":"multifunktionell-gronsaksskarare","status":"publish","type":"product","link":"https:\/\/mekulo.com\/se\/produkt\/multifunktionell-gronsaksskarare\/","title":{"rendered":"Multifunktionell gr\u00f6nsakssk\u00e4rare"},"content":{"rendered":"<p style=\"text-align: center;\" data-start=\"0\" data-end=\"74\"><strong data-start=\"0\" data-end=\"74\">Skiva, Strimla Och Preppa Gr\u00f6nsaker Snabbt Med Ett S\u00e4kert Allt-I-Ett-Verktyg.<\/strong> \ud83e\udd55<\/p>\n<p data-start=\"0\" data-end=\"74\"><img decoding=\"async\" class=\"size-full wp-image-20308 aligncenter\" src=\"https:\/\/mekulo.com\/template\/wp-content\/uploads\/sites\/6\/2026\/01\/57e8038e0875918ba0be9291f2a7861fa4d25e94-800.avif\" alt=\"\" \/><\/p>\n<h2 style=\"text-align: center;\" data-start=\"492\" data-end=\"511\">\u2b50 Huvudsakliga f\u00f6rdelar<\/h2>\n<p data-start=\"515\" data-end=\"584\">\ud83d\udd2a 5 utbytbara blad &#8211; Skiva, strimla, julienne och mala.<\/p>\n<p data-start=\"587\" data-end=\"652\">\ud83d\udee1\ufe0f Fingers\u00e4ker design &#8211; Handskydd skyddar under sk\u00e4rning.<\/p>\n<p data-start=\"655\" data-end=\"706\">\ud83e\uddfc L\u00e4tt att reng\u00f6ra &#8211; Sk\u00f6lj under vatten, ingen r\u00f6ra.<\/p>\n<p data-start=\"709\" data-end=\"766\">\ud83e\uddf2 Stabil och s\u00e4ker &#8211; Halkfria f\u00f6tter h\u00e5ller den stadig.<\/p>\n<p data-start=\"769\" data-end=\"834\">\ud83d\udce6 Kompakt f\u00f6rvaring &#8211; Vikbar design med f\u00f6rvaringsl\u00e5da f\u00f6r blad.<\/p>\n<p data-start=\"837\" data-end=\"891\">\u23f1\ufe0f Sparar f\u00f6rberedelsetid &#8211; Snabbare matlagning, mindre anstr\u00e4ngning.<\/p>\n<p data-start=\"837\" data-end=\"891\"><img decoding=\"async\" class=\"size-full wp-image-20306 aligncenter\" src=\"https:\/\/mekulo.com\/template\/wp-content\/uploads\/sites\/6\/2026\/01\/9a6357b860f281a5cbe29d32d2a535f882f499e8-800.avif\" alt=\"\" \/><\/p>\n<h2 style=\"text-align: center;\" data-start=\"898\" data-end=\"915\">\u25b6\ufe0f Hur Man Anv\u00e4nder<\/h2>\n<ol data-start=\"917\" data-end=\"1180\">\n<li data-start=\"917\" data-end=\"971\">\n<p data-start=\"920\" data-end=\"971\">V\u00e4lj det blad du beh\u00f6ver och s\u00e4tt i det ordentligt.<\/p>\n<\/li>\n<li data-start=\"972\" data-end=\"1027\">\n<p data-start=\"975\" data-end=\"1027\">Placera sk\u00e4rmaskinen p\u00e5 en plan yta eller \u00f6ver en sk\u00e5l.<\/p>\n<\/li>\n<li data-start=\"1028\" data-end=\"1072\">\n<p data-start=\"1031\" data-end=\"1072\">Anv\u00e4nd handskyddet f\u00f6r att h\u00e5lla maten s\u00e4kert.<\/p>\n<\/li>\n<li data-start=\"1073\" data-end=\"1124\">\n<p data-start=\"1076\" data-end=\"1124\">Skjut maten \u00f6ver bladet f\u00f6r att sk\u00e4ra eller strimla.<\/p>\n<\/li>\n<li data-start=\"1125\" data-end=\"1180\">\n<p data-start=\"1128\" data-end=\"1180\">Sk\u00f6lj under vatten efter anv\u00e4ndning och f\u00f6rvara hopvikt.<\/p>\n<\/li>\n<\/ol>\n<h2 style=\"text-align: center;\" data-start=\"1187\" data-end=\"1209\">\ud83d\udcd0 Produktdetaljer<\/h2>\n<ul data-start=\"1211\" data-end=\"1492\">\n<li data-start=\"1262\" data-end=\"1312\">\n<p data-start=\"1264\" data-end=\"1312\">Material: ABS-plast + blad i rostfritt st\u00e5l<\/p>\n<\/li>\n<li data-start=\"1313\" data-end=\"1349\">\n<p data-start=\"1315\" data-end=\"1349\">Blad: 5 l\u00f6stagbara tillbeh\u00f6r<\/p>\n<\/li>\n<li data-start=\"1350\" data-end=\"1408\">\n<p data-start=\"1352\" data-end=\"1408\">Funktioner: Halkfria f\u00f6tter, s\u00e4kerhetsskydd, vikbar design<\/p>\n<\/li>\n<li data-start=\"1409\" data-end=\"1428\">\n<p data-start=\"1411\" data-end=\"1428\">F\u00e4rg: Gr\u00f6n med gr\u00e5 detaljer<\/p>\n<\/li>\n<li data-start=\"1429\" data-end=\"1447\">\n<p data-start=\"1431\" data-end=\"1447\">L\u00e4ngd: 28 cm<\/p>\n<\/li>\n<li data-start=\"1448\" data-end=\"1492\">\n<p data-start=\"1450\" data-end=\"1492\">L\u00e4mplig f\u00f6r: Gr\u00f6nsaker, frukt, ost<\/p>\n<\/li>\n<\/ul>\n<h2 style=\"text-align: center;\" data-start=\"1499\" data-end=\"1522\">\ud83d\udce6 F\u00f6rpackningen inneh\u00e5ller<\/h2>\n<ul data-start=\"1524\" data-end=\"1599\">\n<li data-start=\"1524\" data-end=\"1548\">\n<p data-start=\"1526\" data-end=\"1548\">1x gr\u00f6nsakssk\u00e4rare<\/p>\n<\/li>\n<li data-start=\"1549\" data-end=\"1571\">\n<p data-start=\"1551\" data-end=\"1571\">1x handskydd<\/p>\n<\/li>\n<li data-start=\"1572\" data-end=\"1599\">\n<p data-start=\"1574\" data-end=\"1599\">5x sk\u00e4rtillbeh\u00f6r.<\/p>\n<\/li>\n<\/ul>\n","protected":false},"excerpt":{"rendered":"<p><span style=\"font-size: 16px; font-style: normal; font-weight: 400;\">\ud83c\udf7d\ufe0fDenna <\/span>multifunktionella gr\u00f6nsakssk\u00e4rare klarar av att sk\u00e4ra, strimla, julienne och mala p\u00e5 n\u00e5gra sekunder.<br \/>\n\ud83d\udc69\u200d\ud83c\udf73Det \u00e4r l\u00e4tt att reng\u00f6ra, viks f\u00f6r f\u00f6rvaring och skyddar dina fingrar samtidigt som den ger rena, j\u00e4mna snitt varje g\u00e5ng.<br \/>\n\ud83e\uded1Ett m\u00e5ste i k\u00f6ket f\u00f6r snabbare, s\u00e4krare och renare matlagning varje dag.<\/p>\n","protected":false},"featured_media":17541,"comment_status":"open","ping_status":"closed","template":"","meta":{"site-sidebar-layout":"default","site-content-layout":"","ast-site-content-layout":"default","site-content-style":"default","site-sidebar-style":"default","ast-global-header-display":"","ast-banner-title-visibility":"","ast-main-header-display":"","ast-hfb-above-header-display":"","ast-hfb-below-header-display":"","ast-hfb-mobile-header-display":"","site-post-title":"","ast-breadcrumbs-content":"","ast-featured-img":"","footer-sml-layout":"","theme-transparent-header-meta":"default","adv-header-id-meta":"","stick-header-meta":"","header-above-stick-meta":"","header-main-stick-meta":"","header-below-stick-meta":"","astra-migrate-meta-layouts":"set","ast-page-background-enabled":"default","ast-page-background-meta":{"desktop":{"background-color":"var(--ast-global-color-5)","background-image":"","background-repeat":"repeat","background-position":"center center","background-size":"auto","background-attachment":"scroll","background-type":"","background-media":"","overlay-type":"","overlay-color":"","overlay-opacity":"","overlay-gradient":""},"tablet":{"background-color":"","background-image":"","background-repeat":"repeat","background-position":"center center","background-size":"auto","background-attachment":"scroll","background-type":"","background-media":"","overlay-type":"","overlay-color":"","overlay-opacity":"","overlay-gradient":""},"mobile":{"background-color":"","background-image":"","background-repeat":"repeat","background-position":"center center","background-size":"auto","background-attachment":"scroll","background-type":"","background-media":"","overlay-type":"","overlay-color":"","overlay-opacity":"","overlay-gradient":""}},"ast-content-background-meta":{"desktop":{"background-color":"var(--ast-global-color-4)","background-image":"","background-repeat":"repeat","background-position":"center center","background-size":"auto","background-attachment":"scroll","background-type":"","background-media":"","overlay-type":"","overlay-color":"","overlay-opacity":"","overlay-gradient":""},"tablet":{"background-color":"var(--ast-global-color-4)","background-image":"","background-repeat":"repeat","background-position":"center center","background-size":"auto","background-attachment":"scroll","background-type":"","background-media":"","overlay-type":"","overlay-color":"","overlay-opacity":"","overlay-gradient":""},"mobile":{"background-color":"var(--ast-global-color-4)","background-image":"","background-repeat":"repeat","background-position":"center center","background-size":"auto","background-attachment":"scroll","background-type":"","background-media":"","overlay-type":"","overlay-color":"","overlay-opacity":"","overlay-gradient":""}}},"product_brand":[],"product_cat":[15],"product_tag":[],"class_list":{"0":"post-17545","1":"product","2":"type-product","3":"status-publish","4":"has-post-thumbnail","6":"product_cat-uncategorized","7":"desktop-align-left","8":"tablet-align-left","9":"mobile-align-left","11":"first","12":"instock","13":"shipping-taxable","14":"purchasable","15":"product-type-simple"},"yoast_head":"<!-- This site is optimized with the Yoast SEO plugin v26.6 - https:\/\/yoast.com\/wordpress\/plugins\/seo\/ -->\n<title>Multifunktionell gr\u00f6nsakssk\u00e4rare - Mekulo SE<\/title>\n<meta name=\"robots\" content=\"index, follow, max-snippet:-1, max-image-preview:large, max-video-preview:-1\" \/>\n<link rel=\"canonical\" href=\"https:\/\/mekulo.com\/se\/produkt\/multifunktionell-gronsaksskarare\/\" \/>\n<meta property=\"og:locale\" content=\"sv_SE\" \/>\n<meta property=\"og:type\" content=\"article\" \/>\n<meta property=\"og:title\" content=\"Multifunktionell gr\u00f6nsakssk\u00e4rare - Mekulo SE\" \/>\n<meta property=\"og:description\" content=\"\ud83c\udf7d\ufe0fDenna multifunktionella gr\u00f6nsakssk\u00e4rare klarar av att sk\u00e4ra, strimla, julienne och mala p\u00e5 n\u00e5gra sekunder. \ud83d\udc69\u200d\ud83c\udf73Det \u00e4r l\u00e4tt att reng\u00f6ra, viks f\u00f6r f\u00f6rvaring och skyddar dina fingrar samtidigt som den ger rena, j\u00e4mna snitt varje g\u00e5ng. \ud83e\uded1Ett m\u00e5ste i k\u00f6ket f\u00f6r snabbare, s\u00e4krare och renare matlagning varje dag.\" \/>\n<meta property=\"og:url\" content=\"https:\/\/mekulo.com\/se\/produkt\/multifunktionell-gronsaksskarare\/\" \/>\n<meta property=\"og:site_name\" content=\"Mekulo SE\" \/>\n<meta property=\"article:modified_time\" content=\"2026-01-20T13:03:48+00:00\" \/>\n<meta property=\"og:image\" content=\"https:\/\/mekulo.com\/se\/wp-content\/uploads\/sites\/11\/2026\/01\/l9b13c7-1.jpg\" \/>\n\t<meta property=\"og:image:width\" content=\"800\" \/>\n\t<meta property=\"og:image:height\" content=\"800\" \/>\n\t<meta property=\"og:image:type\" content=\"image\/jpeg\" \/>\n<meta name=\"twitter:card\" content=\"summary_large_image\" \/>\n<meta name=\"twitter:label1\" content=\"Ber\u00e4knad l\u00e4stid\" \/>\n\t<meta name=\"twitter:data1\" content=\"2 minuter\" \/>\n<script type=\"application\/ld+json\" class=\"yoast-schema-graph\">{\"@context\":\"https:\/\/schema.org\",\"@graph\":[{\"@type\":\"WebPage\",\"@id\":\"https:\/\/mekulo.com\/se\/produkt\/multifunktionell-gronsaksskarare\/\",\"url\":\"https:\/\/mekulo.com\/se\/produkt\/multifunktionell-gronsaksskarare\/\",\"name\":\"Multifunktionell gr\u00f6nsakssk\u00e4rare - Mekulo SE\",\"isPartOf\":{\"@id\":\"https:\/\/mekulo.com\/se\/#website\"},\"primaryImageOfPage\":{\"@id\":\"https:\/\/mekulo.com\/se\/produkt\/multifunktionell-gronsaksskarare\/#primaryimage\"},\"image\":{\"@id\":\"https:\/\/mekulo.com\/se\/produkt\/multifunktionell-gronsaksskarare\/#primaryimage\"},\"thumbnailUrl\":\"https:\/\/mekulo.com\/se\/wp-content\/uploads\/sites\/11\/2026\/01\/l9b13c7-1.jpg\",\"datePublished\":\"2026-01-15T15:38:12+00:00\",\"dateModified\":\"2026-01-20T13:03:48+00:00\",\"breadcrumb\":{\"@id\":\"https:\/\/mekulo.com\/se\/produkt\/multifunktionell-gronsaksskarare\/#breadcrumb\"},\"inLanguage\":\"sv-SE\",\"potentialAction\":[{\"@type\":\"ReadAction\",\"target\":[\"https:\/\/mekulo.com\/se\/produkt\/multifunktionell-gronsaksskarare\/\"]}]},{\"@type\":\"ImageObject\",\"inLanguage\":\"sv-SE\",\"@id\":\"https:\/\/mekulo.com\/se\/produkt\/multifunktionell-gronsaksskarare\/#primaryimage\",\"url\":\"https:\/\/mekulo.com\/se\/wp-content\/uploads\/sites\/11\/2026\/01\/l9b13c7-1.jpg\",\"contentUrl\":\"https:\/\/mekulo.com\/se\/wp-content\/uploads\/sites\/11\/2026\/01\/l9b13c7-1.jpg\",\"width\":800,\"height\":800},{\"@type\":\"BreadcrumbList\",\"@id\":\"https:\/\/mekulo.com\/se\/produkt\/multifunktionell-gronsaksskarare\/#breadcrumb\",\"itemListElement\":[{\"@type\":\"ListItem\",\"position\":1,\"name\":\"Home\",\"item\":\"https:\/\/mekulo.com\/se\/\"},{\"@type\":\"ListItem\",\"position\":2,\"name\":\"Butik\",\"item\":\"https:\/\/mekulo.com\/se\/butik\/\"},{\"@type\":\"ListItem\",\"position\":3,\"name\":\"Multifunktionell gr\u00f6nsakssk\u00e4rare\"}]},{\"@type\":\"WebSite\",\"@id\":\"https:\/\/mekulo.com\/se\/#website\",\"url\":\"https:\/\/mekulo.com\/se\/\",\"name\":\"Mekulo SE\",\"description\":\"\",\"publisher\":{\"@id\":\"https:\/\/mekulo.com\/se\/#organization\"},\"potentialAction\":[{\"@type\":\"SearchAction\",\"target\":{\"@type\":\"EntryPoint\",\"urlTemplate\":\"https:\/\/mekulo.com\/se\/?s={search_term_string}\"},\"query-input\":{\"@type\":\"PropertyValueSpecification\",\"valueRequired\":true,\"valueName\":\"search_term_string\"}}],\"inLanguage\":\"sv-SE\"},{\"@type\":\"Organization\",\"@id\":\"https:\/\/mekulo.com\/se\/#organization\",\"name\":\"Mekulo\",\"url\":\"https:\/\/mekulo.com\/se\/\",\"logo\":{\"@type\":\"ImageObject\",\"inLanguage\":\"sv-SE\",\"@id\":\"https:\/\/mekulo.com\/se\/#\/schema\/logo\/image\/\",\"url\":\"https:\/\/mekulo.com\/se\/wp-content\/uploads\/sites\/11\/2025\/12\/favicon_mekulo.png\",\"contentUrl\":\"https:\/\/mekulo.com\/se\/wp-content\/uploads\/sites\/11\/2025\/12\/favicon_mekulo.png\",\"width\":50,\"height\":50,\"caption\":\"Mekulo\"},\"image\":{\"@id\":\"https:\/\/mekulo.com\/se\/#\/schema\/logo\/image\/\"}}]}<\/script>\n<!-- \/ Yoast SEO plugin. -->","yoast_head_json":{"title":"Multifunktionell gr\u00f6nsakssk\u00e4rare - Mekulo SE","robots":{"index":"index","follow":"follow","max-snippet":"max-snippet:-1","max-image-preview":"max-image-preview:large","max-video-preview":"max-video-preview:-1"},"canonical":"https:\/\/mekulo.com\/se\/produkt\/multifunktionell-gronsaksskarare\/","og_locale":"sv_SE","og_type":"article","og_title":"Multifunktionell gr\u00f6nsakssk\u00e4rare - Mekulo SE","og_description":"\ud83c\udf7d\ufe0fDenna multifunktionella gr\u00f6nsakssk\u00e4rare klarar av att sk\u00e4ra, strimla, julienne och mala p\u00e5 n\u00e5gra sekunder. \ud83d\udc69\u200d\ud83c\udf73Det \u00e4r l\u00e4tt att reng\u00f6ra, viks f\u00f6r f\u00f6rvaring och skyddar dina fingrar samtidigt som den ger rena, j\u00e4mna snitt varje g\u00e5ng. \ud83e\uded1Ett m\u00e5ste i k\u00f6ket f\u00f6r snabbare, s\u00e4krare och renare matlagning varje dag.","og_url":"https:\/\/mekulo.com\/se\/produkt\/multifunktionell-gronsaksskarare\/","og_site_name":"Mekulo SE","article_modified_time":"2026-01-20T13:03:48+00:00","og_image":[{"width":800,"height":800,"url":"https:\/\/mekulo.com\/se\/wp-content\/uploads\/sites\/11\/2026\/01\/l9b13c7-1.jpg","type":"image\/jpeg"}],"twitter_card":"summary_large_image","twitter_misc":{"Ber\u00e4knad l\u00e4stid":"2 minuter"},"schema":{"@context":"https:\/\/schema.org","@graph":[{"@type":"WebPage","@id":"https:\/\/mekulo.com\/se\/produkt\/multifunktionell-gronsaksskarare\/","url":"https:\/\/mekulo.com\/se\/produkt\/multifunktionell-gronsaksskarare\/","name":"Multifunktionell gr\u00f6nsakssk\u00e4rare - Mekulo SE","isPartOf":{"@id":"https:\/\/mekulo.com\/se\/#website"},"primaryImageOfPage":{"@id":"https:\/\/mekulo.com\/se\/produkt\/multifunktionell-gronsaksskarare\/#primaryimage"},"image":{"@id":"https:\/\/mekulo.com\/se\/produkt\/multifunktionell-gronsaksskarare\/#primaryimage"},"thumbnailUrl":"https:\/\/mekulo.com\/se\/wp-content\/uploads\/sites\/11\/2026\/01\/l9b13c7-1.jpg","datePublished":"2026-01-15T15:38:12+00:00","dateModified":"2026-01-20T13:03:48+00:00","breadcrumb":{"@id":"https:\/\/mekulo.com\/se\/produkt\/multifunktionell-gronsaksskarare\/#breadcrumb"},"inLanguage":"sv-SE","potentialAction":[{"@type":"ReadAction","target":["https:\/\/mekulo.com\/se\/produkt\/multifunktionell-gronsaksskarare\/"]}]},{"@type":"ImageObject","inLanguage":"sv-SE","@id":"https:\/\/mekulo.com\/se\/produkt\/multifunktionell-gronsaksskarare\/#primaryimage","url":"https:\/\/mekulo.com\/se\/wp-content\/uploads\/sites\/11\/2026\/01\/l9b13c7-1.jpg","contentUrl":"https:\/\/mekulo.com\/se\/wp-content\/uploads\/sites\/11\/2026\/01\/l9b13c7-1.jpg","width":800,"height":800},{"@type":"BreadcrumbList","@id":"https:\/\/mekulo.com\/se\/produkt\/multifunktionell-gronsaksskarare\/#breadcrumb","itemListElement":[{"@type":"ListItem","position":1,"name":"Home","item":"https:\/\/mekulo.com\/se\/"},{"@type":"ListItem","position":2,"name":"Butik","item":"https:\/\/mekulo.com\/se\/butik\/"},{"@type":"ListItem","position":3,"name":"Multifunktionell gr\u00f6nsakssk\u00e4rare"}]},{"@type":"WebSite","@id":"https:\/\/mekulo.com\/se\/#website","url":"https:\/\/mekulo.com\/se\/","name":"Mekulo SE","description":"","publisher":{"@id":"https:\/\/mekulo.com\/se\/#organization"},"potentialAction":[{"@type":"SearchAction","target":{"@type":"EntryPoint","urlTemplate":"https:\/\/mekulo.com\/se\/?s={search_term_string}"},"query-input":{"@type":"PropertyValueSpecification","valueRequired":true,"valueName":"search_term_string"}}],"inLanguage":"sv-SE"},{"@type":"Organization","@id":"https:\/\/mekulo.com\/se\/#organization","name":"Mekulo","url":"https:\/\/mekulo.com\/se\/","logo":{"@type":"ImageObject","inLanguage":"sv-SE","@id":"https:\/\/mekulo.com\/se\/#\/schema\/logo\/image\/","url":"https:\/\/mekulo.com\/se\/wp-content\/uploads\/sites\/11\/2025\/12\/favicon_mekulo.png","contentUrl":"https:\/\/mekulo.com\/se\/wp-content\/uploads\/sites\/11\/2025\/12\/favicon_mekulo.png","width":50,"height":50,"caption":"Mekulo"},"image":{"@id":"https:\/\/mekulo.com\/se\/#\/schema\/logo\/image\/"}}]}},"_links":{"self":[{"href":"https:\/\/mekulo.com\/se\/wp-json\/wp\/v2\/product\/17545","targetHints":{"allow":["GET"]}}],"collection":[{"href":"https:\/\/mekulo.com\/se\/wp-json\/wp\/v2\/product"}],"about":[{"href":"https:\/\/mekulo.com\/se\/wp-json\/wp\/v2\/types\/product"}],"replies":[{"embeddable":true,"href":"https:\/\/mekulo.com\/se\/wp-json\/wp\/v2\/comments?post=17545"}],"wp:featuredmedia":[{"embeddable":true,"href":"https:\/\/mekulo.com\/se\/wp-json\/wp\/v2\/media\/17541"}],"wp:attachment":[{"href":"https:\/\/mekulo.com\/se\/wp-json\/wp\/v2\/media?parent=17545"}],"wp:term":[{"taxonomy":"product_brand","embeddable":true,"href":"https:\/\/mekulo.com\/se\/wp-json\/wp\/v2\/product_brand?post=17545"},{"taxonomy":"product_cat","embeddable":true,"href":"https:\/\/mekulo.com\/se\/wp-json\/wp\/v2\/product_cat?post=17545"},{"taxonomy":"product_tag","embeddable":true,"href":"https:\/\/mekulo.com\/se\/wp-json\/wp\/v2\/product_tag?post=17545"}],"curies":[{"name":"wp","href":"https:\/\/api.w.org\/{rel}","templated":true}]}}