{"id":17524,"date":"2026-01-15T17:36:59","date_gmt":"2026-01-15T15:36:59","guid":{"rendered":"https:\/\/mekulo.com\/se\/produkt\/stroboskopljus\/"},"modified":"2026-02-03T17:12:16","modified_gmt":"2026-02-03T15:12:16","slug":"stroboskopljus","status":"publish","type":"product","link":"https:\/\/mekulo.com\/se\/produkt\/stroboskopljus\/","title":{"rendered":"Stroboskopljus"},"content":{"rendered":"<p style=\"text-align: center;\" data-start=\"0\" data-end=\"71\"><strong data-start=\"0\" data-end=\"71\">H\u00e5ll dig synlig och sticka ut med kraftfull, f\u00e4rgstark stroboskopbelysning.<\/strong> \ud83d\udd26<\/p>\n<p data-start=\"0\" data-end=\"71\"><img decoding=\"async\" class=\"size-full wp-image-20291 aligncenter\" src=\"https:\/\/mekulo.com\/template\/wp-content\/uploads\/sites\/6\/2026\/01\/7b9b1be463f5ff26a5ebf7cf8b466ec011fe0da86d0d8edb2056dfa17d990fdb-800.avif\" alt=\"\" \/><\/p>\n<h2 style=\"text-align: center;\" data-start=\"491\" data-end=\"510\">Huvudsakliga f\u00f6rdelar<\/h2>\n<p data-start=\"514\" data-end=\"575\">\ud83d\udea8 Stroboskopljus med h\u00f6g synlighet &#8211; Synlig upp till 5 km.<\/p>\n<p data-start=\"578\" data-end=\"627\">\ud83c\udf08 7 f\u00e4rgl\u00e4gen &#8211; I\u00f6gonfallande och snygg.<\/p>\n<p data-start=\"630\" data-end=\"684\">\ud83d\udd04 360\u00b0 synlighet &#8211; L\u00e4tt att uppt\u00e4cka fr\u00e5n alla vinklar.<\/p>\n<p data-start=\"687\" data-end=\"752\">\ud83d\udd0b L\u00e5ng batteritid &#8211; Snabb 1-timmars laddning med indikatorer.<\/p>\n<p data-start=\"755\" data-end=\"818\">\ud83d\udca7 Vattent\u00e4t design &#8211; P\u00e5litlig i regn och h\u00e5rt v\u00e4der.<\/p>\n<p data-start=\"821\" data-end=\"883\">\ud83e\udeb6 L\u00e4ttviktskonstruktion &#8211; Ingen extra b\u00f6rda p\u00e5 dr\u00f6nare eller utrustning.<\/p>\n<p data-start=\"821\" data-end=\"883\"><img decoding=\"async\" class=\"size-full wp-image-20288 aligncenter\" src=\"https:\/\/mekulo.com\/template\/wp-content\/uploads\/sites\/6\/2026\/01\/415e4f8a9b31ce5440d7c8420868009dab1672c4a78c877c71e24505eb7e902a.avif\" alt=\"\" \/><\/p>\n<h2 style=\"text-align: center;\" data-start=\"890\" data-end=\"907\"><strong>Hur Man Anv\u00e4nder<\/strong><\/h2>\n<ol data-start=\"909\" data-end=\"1146\">\n<li data-start=\"909\" data-end=\"977\">\n<p data-start=\"912\" data-end=\"977\">Ladda stroboskoplampan helt med den inbyggda laddningsporten.<\/p>\n<\/li>\n<li data-start=\"978\" data-end=\"1026\">\n<p data-start=\"981\" data-end=\"1026\">V\u00e4lj \u00f6nskad f\u00e4rg eller stroboskopl\u00e4ge.<\/p>\n<\/li>\n<li data-start=\"1027\" data-end=\"1089\">\n<p data-start=\"1030\" data-end=\"1089\">F\u00e4st den s\u00e4kert p\u00e5 din dr\u00f6nare, cykel, fordon eller utrustning.<\/p>\n<\/li>\n<li data-start=\"1090\" data-end=\"1146\">\n<p data-start=\"1093\" data-end=\"1146\">Sl\u00e5 p\u00e5 den f\u00f6re anv\u00e4ndning p\u00e5 natten f\u00f6r maximal synlighet.<\/p>\n<\/li>\n<\/ol>\n<h2 style=\"text-align: center;\" data-start=\"1153\" data-end=\"1175\"><strong>Produktdetaljer<\/strong><\/h2>\n<ul data-start=\"1177\" data-end=\"1421\">\n<li data-start=\"1208\" data-end=\"1225\">\n<p data-start=\"1210\" data-end=\"1225\">Material: ABS<\/p>\n<\/li>\n<li data-start=\"1226\" data-end=\"1251\">\n<p data-start=\"1228\" data-end=\"1251\">F\u00e4rger: 7 f\u00e4rgl\u00e4gen<\/p>\n<\/li>\n<li data-start=\"1252\" data-end=\"1287\">\n<p data-start=\"1254\" data-end=\"1287\">Synlighetsomr\u00e5de: Upp till 3 miles<\/p>\n<\/li>\n<li data-start=\"1288\" data-end=\"1319\">\n<p data-start=\"1290\" data-end=\"1319\">Laddningstid: Cirka 1 timme<\/p>\n<\/li>\n<li data-start=\"1320\" data-end=\"1363\">\n<p data-start=\"1322\" data-end=\"1363\">Funktioner: Batteriindikator, vattent\u00e4t<\/p>\n<\/li>\n<li data-start=\"1364\" data-end=\"1421\">\n<p data-start=\"1366\" data-end=\"1421\">Anv\u00e4ndning: Dr\u00f6nare, cyklar, RC-fordon, camping, n\u00f6dsituationer<\/p>\n<\/li>\n<\/ul>\n<h2 style=\"text-align: center;\" data-start=\"1428\" data-end=\"1451\"><strong>Paketet inneh\u00e5ller<\/strong><\/h2>\n<ul data-start=\"1453\" data-end=\"1473\">\n<li data-start=\"1453\" data-end=\"1473\">\n<p data-start=\"1455\" data-end=\"1473\">1, 2, 4, 8x stroboskopljus \/ 1, 2, 4, 8x par kardborreband<\/p>\n<\/li>\n<li data-start=\"1453\" data-end=\"1473\">\n<p data-start=\"1455\" data-end=\"1473\">1, 2, 4, 8x USB-laddningskabel<\/p>\n<\/li>\n<li data-start=\"1453\" data-end=\"1473\">\n<p data-start=\"1455\" data-end=\"1473\">2, 4, 8, 16x gummiband.<\/p>\n<\/li>\n<\/ul>\n","protected":false},"excerpt":{"rendered":"<p><span style=\"font-size: 16px; font-style: normal; font-weight: 400;\">\ud83d\ude80<\/span>Den h\u00e4r kompakta LED-stroboskoplampan hj\u00e4lper till att f\u00f6rhindra olyckor genom att h\u00e5lla dig v\u00e4l synlig fr\u00e5n l\u00e5nga avst\u00e5nd.<br \/>\n<span style=\"font-size: 16px; font-style: normal; font-weight: 400;\">\u2728<\/span>Med flera f\u00e4rger, vattent\u00e4t design och l\u00e5ng batteritid \u00e4r den perfekt f\u00f6r nattliga resor, flygningar och utomhus\u00e4ventyr.<br \/>\n\ud83c\udfcd\ufe0fA m\u00e5ste ha s\u00e4kerhetslampa f\u00f6r nattliga \u00e4ventyr, flygningar och resor &#8211; var synlig, var s\u00e4ker och se cool ut.<\/p>\n","protected":false},"featured_media":17520,"comment_status":"open","ping_status":"closed","template":"","meta":{"site-sidebar-layout":"default","site-content-layout":"","ast-site-content-layout":"default","site-content-style":"default","site-sidebar-style":"default","ast-global-header-display":"","ast-banner-title-visibility":"","ast-main-header-display":"","ast-hfb-above-header-display":"","ast-hfb-below-header-display":"","ast-hfb-mobile-header-display":"","site-post-title":"","ast-breadcrumbs-content":"","ast-featured-img":"","footer-sml-layout":"","theme-transparent-header-meta":"default","adv-header-id-meta":"","stick-header-meta":"","header-above-stick-meta":"","header-main-stick-meta":"","header-below-stick-meta":"","astra-migrate-meta-layouts":"set","ast-page-background-enabled":"default","ast-page-background-meta":{"desktop":{"background-color":"var(--ast-global-color-5)","background-image":"","background-repeat":"repeat","background-position":"center center","background-size":"auto","background-attachment":"scroll","background-type":"","background-media":"","overlay-type":"","overlay-color":"","overlay-opacity":"","overlay-gradient":""},"tablet":{"background-color":"","background-image":"","background-repeat":"repeat","background-position":"center center","background-size":"auto","background-attachment":"scroll","background-type":"","background-media":"","overlay-type":"","overlay-color":"","overlay-opacity":"","overlay-gradient":""},"mobile":{"background-color":"","background-image":"","background-repeat":"repeat","background-position":"center center","background-size":"auto","background-attachment":"scroll","background-type":"","background-media":"","overlay-type":"","overlay-color":"","overlay-opacity":"","overlay-gradient":""}},"ast-content-background-meta":{"desktop":{"background-color":"var(--ast-global-color-4)","background-image":"","background-repeat":"repeat","background-position":"center center","background-size":"auto","background-attachment":"scroll","background-type":"","background-media":"","overlay-type":"","overlay-color":"","overlay-opacity":"","overlay-gradient":""},"tablet":{"background-color":"var(--ast-global-color-4)","background-image":"","background-repeat":"repeat","background-position":"center center","background-size":"auto","background-attachment":"scroll","background-type":"","background-media":"","overlay-type":"","overlay-color":"","overlay-opacity":"","overlay-gradient":""},"mobile":{"background-color":"var(--ast-global-color-4)","background-image":"","background-repeat":"repeat","background-position":"center center","background-size":"auto","background-attachment":"scroll","background-type":"","background-media":"","overlay-type":"","overlay-color":"","overlay-opacity":"","overlay-gradient":""}}},"product_brand":[],"product_cat":[161],"product_tag":[],"class_list":{"0":"post-17524","1":"product","2":"type-product","3":"status-publish","4":"has-post-thumbnail","6":"product_cat-bilprodukter","7":"pa_67904_dnhqzc27-1-st","8":"pa_67904_dnhqzc27-2-st","9":"pa_67904_dnhqzc27-4-st","10":"pa_67904_dnhqzc27-8-st","11":"desktop-align-left","12":"tablet-align-left","13":"mobile-align-left","15":"first","16":"instock","17":"shipping-taxable","18":"purchasable","19":"product-type-variable"},"yoast_head":"<!-- This site is optimized with the Yoast SEO plugin v26.6 - https:\/\/yoast.com\/wordpress\/plugins\/seo\/ -->\n<title>Stroboskopljus - Mekulo SE<\/title>\n<meta name=\"robots\" content=\"index, follow, max-snippet:-1, max-image-preview:large, max-video-preview:-1\" \/>\n<link rel=\"canonical\" href=\"https:\/\/mekulo.com\/se\/produkt\/stroboskopljus\/\" \/>\n<meta property=\"og:locale\" content=\"sv_SE\" \/>\n<meta property=\"og:type\" content=\"article\" \/>\n<meta property=\"og:title\" content=\"Stroboskopljus - Mekulo SE\" \/>\n<meta property=\"og:description\" content=\"\ud83d\ude80Den h\u00e4r kompakta LED-stroboskoplampan hj\u00e4lper till att f\u00f6rhindra olyckor genom att h\u00e5lla dig v\u00e4l synlig fr\u00e5n l\u00e5nga avst\u00e5nd. \u2728Med flera f\u00e4rger, vattent\u00e4t design och l\u00e5ng batteritid \u00e4r den perfekt f\u00f6r nattliga resor, flygningar och utomhus\u00e4ventyr. \ud83c\udfcd\ufe0fA m\u00e5ste ha s\u00e4kerhetslampa f\u00f6r nattliga \u00e4ventyr, flygningar och resor - var synlig, var s\u00e4ker och se cool ut.\" \/>\n<meta property=\"og:url\" content=\"https:\/\/mekulo.com\/se\/produkt\/stroboskopljus\/\" \/>\n<meta property=\"og:site_name\" content=\"Mekulo SE\" \/>\n<meta property=\"article:modified_time\" content=\"2026-02-03T15:12:16+00:00\" \/>\n<meta property=\"og:image\" content=\"https:\/\/mekulo.com\/se\/wp-content\/uploads\/sites\/11\/2026\/01\/u16vtmi-1.jpg\" \/>\n\t<meta property=\"og:image:width\" content=\"800\" \/>\n\t<meta property=\"og:image:height\" content=\"800\" \/>\n\t<meta property=\"og:image:type\" content=\"image\/jpeg\" \/>\n<meta name=\"twitter:card\" content=\"summary_large_image\" \/>\n<meta name=\"twitter:label1\" content=\"Ber\u00e4knad l\u00e4stid\" \/>\n\t<meta name=\"twitter:data1\" content=\"2 minuter\" \/>\n<script type=\"application\/ld+json\" class=\"yoast-schema-graph\">{\"@context\":\"https:\/\/schema.org\",\"@graph\":[{\"@type\":\"WebPage\",\"@id\":\"https:\/\/mekulo.com\/se\/produkt\/stroboskopljus\/\",\"url\":\"https:\/\/mekulo.com\/se\/produkt\/stroboskopljus\/\",\"name\":\"Stroboskopljus - Mekulo SE\",\"isPartOf\":{\"@id\":\"https:\/\/mekulo.com\/se\/#website\"},\"primaryImageOfPage\":{\"@id\":\"https:\/\/mekulo.com\/se\/produkt\/stroboskopljus\/#primaryimage\"},\"image\":{\"@id\":\"https:\/\/mekulo.com\/se\/produkt\/stroboskopljus\/#primaryimage\"},\"thumbnailUrl\":\"https:\/\/mekulo.com\/se\/wp-content\/uploads\/sites\/11\/2026\/01\/u16vtmi-1.jpg\",\"datePublished\":\"2026-01-15T15:36:59+00:00\",\"dateModified\":\"2026-02-03T15:12:16+00:00\",\"breadcrumb\":{\"@id\":\"https:\/\/mekulo.com\/se\/produkt\/stroboskopljus\/#breadcrumb\"},\"inLanguage\":\"sv-SE\",\"potentialAction\":[{\"@type\":\"ReadAction\",\"target\":[\"https:\/\/mekulo.com\/se\/produkt\/stroboskopljus\/\"]}]},{\"@type\":\"ImageObject\",\"inLanguage\":\"sv-SE\",\"@id\":\"https:\/\/mekulo.com\/se\/produkt\/stroboskopljus\/#primaryimage\",\"url\":\"https:\/\/mekulo.com\/se\/wp-content\/uploads\/sites\/11\/2026\/01\/u16vtmi-1.jpg\",\"contentUrl\":\"https:\/\/mekulo.com\/se\/wp-content\/uploads\/sites\/11\/2026\/01\/u16vtmi-1.jpg\",\"width\":800,\"height\":800},{\"@type\":\"BreadcrumbList\",\"@id\":\"https:\/\/mekulo.com\/se\/produkt\/stroboskopljus\/#breadcrumb\",\"itemListElement\":[{\"@type\":\"ListItem\",\"position\":1,\"name\":\"Home\",\"item\":\"https:\/\/mekulo.com\/se\/\"},{\"@type\":\"ListItem\",\"position\":2,\"name\":\"Butik\",\"item\":\"https:\/\/mekulo.com\/se\/butik\/\"},{\"@type\":\"ListItem\",\"position\":3,\"name\":\"Stroboskopljus\"}]},{\"@type\":\"WebSite\",\"@id\":\"https:\/\/mekulo.com\/se\/#website\",\"url\":\"https:\/\/mekulo.com\/se\/\",\"name\":\"Mekulo SE\",\"description\":\"\",\"publisher\":{\"@id\":\"https:\/\/mekulo.com\/se\/#organization\"},\"potentialAction\":[{\"@type\":\"SearchAction\",\"target\":{\"@type\":\"EntryPoint\",\"urlTemplate\":\"https:\/\/mekulo.com\/se\/?s={search_term_string}\"},\"query-input\":{\"@type\":\"PropertyValueSpecification\",\"valueRequired\":true,\"valueName\":\"search_term_string\"}}],\"inLanguage\":\"sv-SE\"},{\"@type\":\"Organization\",\"@id\":\"https:\/\/mekulo.com\/se\/#organization\",\"name\":\"Mekulo\",\"url\":\"https:\/\/mekulo.com\/se\/\",\"logo\":{\"@type\":\"ImageObject\",\"inLanguage\":\"sv-SE\",\"@id\":\"https:\/\/mekulo.com\/se\/#\/schema\/logo\/image\/\",\"url\":\"https:\/\/mekulo.com\/se\/wp-content\/uploads\/sites\/11\/2025\/12\/favicon_mekulo.png\",\"contentUrl\":\"https:\/\/mekulo.com\/se\/wp-content\/uploads\/sites\/11\/2025\/12\/favicon_mekulo.png\",\"width\":50,\"height\":50,\"caption\":\"Mekulo\"},\"image\":{\"@id\":\"https:\/\/mekulo.com\/se\/#\/schema\/logo\/image\/\"}}]}<\/script>\n<!-- \/ Yoast SEO plugin. -->","yoast_head_json":{"title":"Stroboskopljus - Mekulo SE","robots":{"index":"index","follow":"follow","max-snippet":"max-snippet:-1","max-image-preview":"max-image-preview:large","max-video-preview":"max-video-preview:-1"},"canonical":"https:\/\/mekulo.com\/se\/produkt\/stroboskopljus\/","og_locale":"sv_SE","og_type":"article","og_title":"Stroboskopljus - Mekulo SE","og_description":"\ud83d\ude80Den h\u00e4r kompakta LED-stroboskoplampan hj\u00e4lper till att f\u00f6rhindra olyckor genom att h\u00e5lla dig v\u00e4l synlig fr\u00e5n l\u00e5nga avst\u00e5nd. \u2728Med flera f\u00e4rger, vattent\u00e4t design och l\u00e5ng batteritid \u00e4r den perfekt f\u00f6r nattliga resor, flygningar och utomhus\u00e4ventyr. \ud83c\udfcd\ufe0fA m\u00e5ste ha s\u00e4kerhetslampa f\u00f6r nattliga \u00e4ventyr, flygningar och resor - var synlig, var s\u00e4ker och se cool ut.","og_url":"https:\/\/mekulo.com\/se\/produkt\/stroboskopljus\/","og_site_name":"Mekulo SE","article_modified_time":"2026-02-03T15:12:16+00:00","og_image":[{"width":800,"height":800,"url":"https:\/\/mekulo.com\/se\/wp-content\/uploads\/sites\/11\/2026\/01\/u16vtmi-1.jpg","type":"image\/jpeg"}],"twitter_card":"summary_large_image","twitter_misc":{"Ber\u00e4knad l\u00e4stid":"2 minuter"},"schema":{"@context":"https:\/\/schema.org","@graph":[{"@type":"WebPage","@id":"https:\/\/mekulo.com\/se\/produkt\/stroboskopljus\/","url":"https:\/\/mekulo.com\/se\/produkt\/stroboskopljus\/","name":"Stroboskopljus - Mekulo SE","isPartOf":{"@id":"https:\/\/mekulo.com\/se\/#website"},"primaryImageOfPage":{"@id":"https:\/\/mekulo.com\/se\/produkt\/stroboskopljus\/#primaryimage"},"image":{"@id":"https:\/\/mekulo.com\/se\/produkt\/stroboskopljus\/#primaryimage"},"thumbnailUrl":"https:\/\/mekulo.com\/se\/wp-content\/uploads\/sites\/11\/2026\/01\/u16vtmi-1.jpg","datePublished":"2026-01-15T15:36:59+00:00","dateModified":"2026-02-03T15:12:16+00:00","breadcrumb":{"@id":"https:\/\/mekulo.com\/se\/produkt\/stroboskopljus\/#breadcrumb"},"inLanguage":"sv-SE","potentialAction":[{"@type":"ReadAction","target":["https:\/\/mekulo.com\/se\/produkt\/stroboskopljus\/"]}]},{"@type":"ImageObject","inLanguage":"sv-SE","@id":"https:\/\/mekulo.com\/se\/produkt\/stroboskopljus\/#primaryimage","url":"https:\/\/mekulo.com\/se\/wp-content\/uploads\/sites\/11\/2026\/01\/u16vtmi-1.jpg","contentUrl":"https:\/\/mekulo.com\/se\/wp-content\/uploads\/sites\/11\/2026\/01\/u16vtmi-1.jpg","width":800,"height":800},{"@type":"BreadcrumbList","@id":"https:\/\/mekulo.com\/se\/produkt\/stroboskopljus\/#breadcrumb","itemListElement":[{"@type":"ListItem","position":1,"name":"Home","item":"https:\/\/mekulo.com\/se\/"},{"@type":"ListItem","position":2,"name":"Butik","item":"https:\/\/mekulo.com\/se\/butik\/"},{"@type":"ListItem","position":3,"name":"Stroboskopljus"}]},{"@type":"WebSite","@id":"https:\/\/mekulo.com\/se\/#website","url":"https:\/\/mekulo.com\/se\/","name":"Mekulo SE","description":"","publisher":{"@id":"https:\/\/mekulo.com\/se\/#organization"},"potentialAction":[{"@type":"SearchAction","target":{"@type":"EntryPoint","urlTemplate":"https:\/\/mekulo.com\/se\/?s={search_term_string}"},"query-input":{"@type":"PropertyValueSpecification","valueRequired":true,"valueName":"search_term_string"}}],"inLanguage":"sv-SE"},{"@type":"Organization","@id":"https:\/\/mekulo.com\/se\/#organization","name":"Mekulo","url":"https:\/\/mekulo.com\/se\/","logo":{"@type":"ImageObject","inLanguage":"sv-SE","@id":"https:\/\/mekulo.com\/se\/#\/schema\/logo\/image\/","url":"https:\/\/mekulo.com\/se\/wp-content\/uploads\/sites\/11\/2025\/12\/favicon_mekulo.png","contentUrl":"https:\/\/mekulo.com\/se\/wp-content\/uploads\/sites\/11\/2025\/12\/favicon_mekulo.png","width":50,"height":50,"caption":"Mekulo"},"image":{"@id":"https:\/\/mekulo.com\/se\/#\/schema\/logo\/image\/"}}]}},"_links":{"self":[{"href":"https:\/\/mekulo.com\/se\/wp-json\/wp\/v2\/product\/17524","targetHints":{"allow":["GET"]}}],"collection":[{"href":"https:\/\/mekulo.com\/se\/wp-json\/wp\/v2\/product"}],"about":[{"href":"https:\/\/mekulo.com\/se\/wp-json\/wp\/v2\/types\/product"}],"replies":[{"embeddable":true,"href":"https:\/\/mekulo.com\/se\/wp-json\/wp\/v2\/comments?post=17524"}],"wp:featuredmedia":[{"embeddable":true,"href":"https:\/\/mekulo.com\/se\/wp-json\/wp\/v2\/media\/17520"}],"wp:attachment":[{"href":"https:\/\/mekulo.com\/se\/wp-json\/wp\/v2\/media?parent=17524"}],"wp:term":[{"taxonomy":"product_brand","embeddable":true,"href":"https:\/\/mekulo.com\/se\/wp-json\/wp\/v2\/product_brand?post=17524"},{"taxonomy":"product_cat","embeddable":true,"href":"https:\/\/mekulo.com\/se\/wp-json\/wp\/v2\/product_cat?post=17524"},{"taxonomy":"product_tag","embeddable":true,"href":"https:\/\/mekulo.com\/se\/wp-json\/wp\/v2\/product_tag?post=17524"}],"curies":[{"name":"wp","href":"https:\/\/api.w.org\/{rel}","templated":true}]}}