{"id":17482,"date":"2026-01-15T17:33:30","date_gmt":"2026-01-15T15:33:30","guid":{"rendered":"https:\/\/mekulo.com\/se\/produkt\/handvaska-touch-light\/"},"modified":"2026-01-20T14:55:30","modified_gmt":"2026-01-20T12:55:30","slug":"handvaska-touch-light","status":"publish","type":"product","link":"https:\/\/mekulo.com\/se\/produkt\/handvaska-touch-light\/","title":{"rendered":"Handv\u00e4ska med touch-belysning"},"content":{"rendered":"<p style=\"text-align: center;\" data-start=\"0\" data-end=\"72\"><strong data-start=\"0\" data-end=\"72\">Omedelbart Ljus Inuti Din V\u00e4ska S\u00e5 Att Du Kan Hitta Allt P\u00e5 N\u00e5gra Sekunder.<\/strong> \ud83d\udc5c<\/p>\n<p data-start=\"0\" data-end=\"72\"><img fetchpriority=\"high\" decoding=\"async\" class=\"size-full wp-image-20254 aligncenter\" src=\"https:\/\/mekulo.com\/template\/wp-content\/uploads\/sites\/6\/2026\/01\/ca4f9a0581b51013f817e5468f11da13f5d5fa4f-800.jpg\" alt=\"\" width=\"1080\" height=\"1080\" \/><\/p>\n<h2 style=\"text-align: center;\" data-start=\"487\" data-end=\"506\">\u2b50 Huvudsakliga f\u00f6rdelar<\/h2>\n<p data-start=\"510\" data-end=\"575\">\ud83d\udca1 Ber\u00f6ringsaktiverad LED-lampa \u2013 t\u00e4nds med ett enkelt tryck.<\/p>\n<p data-start=\"578\" data-end=\"652\">\ud83d\udc5c Perfekt f\u00f6r handv\u00e4skor &amp; ryggs\u00e4ckar \u2013 f\u00e4st eller h\u00e4ng den i valfri v\u00e4ska.<\/p>\n<p data-start=\"655\" data-end=\"715\">\u23f1\ufe0f Automatisk avst\u00e4ngningsfunktion \u2013 lyser i upp till 12\u201315 sekunder.<\/p>\n<p data-start=\"718\" data-end=\"779\">\ud83d\udd0b Batteri ing\u00e5r \u2013 redo att anv\u00e4ndas direkt ur f\u00f6rpackningen.<\/p>\n<p data-start=\"782\" data-end=\"843\">\ud83c\udf81 Bra presentid\u00e9 \u2013 Snygg, praktisk och omt\u00e4nksam.<\/p>\n<p data-start=\"782\" data-end=\"843\"><img decoding=\"async\" class=\"size-full wp-image-20256 aligncenter\" src=\"https:\/\/mekulo.com\/template\/wp-content\/uploads\/sites\/6\/2026\/01\/S09e3600e7566462eb145834f78959bcfq.jpg\" alt=\"\" width=\"1080\" height=\"1080\" \/><\/p>\n<h2 style=\"text-align: center;\" data-start=\"850\" data-end=\"867\">\u25b6\ufe0f Anv\u00e4ndning<\/h2>\n<ol data-start=\"869\" data-end=\"1079\">\n<li data-start=\"869\" data-end=\"913\">\n<p data-start=\"872\" data-end=\"913\">Klipp fast eller h\u00e4ng lampan i din v\u00e4ska.<\/p>\n<\/li>\n<li data-start=\"914\" data-end=\"958\">\n<p data-start=\"917\" data-end=\"958\">R\u00f6r vid sensorn f\u00f6r att aktivera lampan.<\/p>\n<\/li>\n<li data-start=\"959\" data-end=\"1027\">\n<p data-start=\"962\" data-end=\"1027\">Tryck p\u00e5 knappen f\u00f6r konstant ljus i upp till 15 sekunder om det beh\u00f6vs.<\/p>\n<\/li>\n<li data-start=\"1028\" data-end=\"1079\">\n<p data-start=\"1031\" data-end=\"1079\">L\u00e5t den st\u00e4ngas av automatiskt f\u00f6r att spara batteri.<\/p>\n<\/li>\n<\/ol>\n<h2 style=\"text-align: center;\" data-start=\"1086\" data-end=\"1108\">\ud83d\udcd0 Produktdetaljer<\/h2>\n<ul data-start=\"1110\" data-end=\"1444\">\n<li data-start=\"1148\" data-end=\"1165\">\n<p data-start=\"1150\" data-end=\"1165\">Material: ABS<\/p>\n<\/li>\n<li data-start=\"1166\" data-end=\"1199\">\n<p data-start=\"1168\" data-end=\"1199\">Ljus typ: LED, ljust vitt<\/p>\n<\/li>\n<li data-start=\"1200\" data-end=\"1243\">\n<p data-start=\"1202\" data-end=\"1243\">Batteri: LR44 knappbatteri (ing\u00e5r)<\/p>\n<\/li>\n<li data-start=\"1244\" data-end=\"1286\">\n<p data-start=\"1246\" data-end=\"1286\">Aktivering: Touchsensor + knappl\u00e4ge<\/p>\n<\/li>\n<li data-start=\"1329\" data-end=\"1444\">\n<p data-start=\"1331\" data-end=\"1348\">Storlek (ungef\u00e4rlig): <span style=\"font-size: 16px;\">Hj\u00e4rta (6,9 x 6,5 x 2,3 cm), <\/span><span style=\"font-size: 16px;\">Cirkel (6,5 x 6,5 x 2,3 cm), <\/span><span style=\"font-size: 16px;\">Stj\u00e4rna (7,1 x 7,1 x 2,3 cm)<\/span><\/p>\n<\/li>\n<\/ul>\n<h2 style=\"text-align: center;\" data-start=\"1451\" data-end=\"1474\">\ud83d\udce6 Paketet inneh\u00e5ller<\/h2>\n<ul data-start=\"1476\" data-end=\"1503\">\n<li data-start=\"1476\" data-end=\"1503\">\n<p data-start=\"1478\" data-end=\"1503\">1x handv\u00e4ska touch ljus.<\/p>\n<\/li>\n<\/ul>\n","protected":false},"excerpt":{"rendered":"<p>\ud83e\udd0dDen h\u00e4r kompakta <span style=\"font-size: 16px; font-style: normal; font-weight: 400;\">LED-lampan f\u00f6r handv\u00e4skor<\/span> kan f\u00e4stas eller h\u00e4ngas i din v\u00e4ska f\u00f6r att ge starkt vitt ljus precis n\u00e4r du beh\u00f6ver det.<br \/>\n\ud83d\udc5cMed touchaktivering och ett kort konstant p\u00e5-l\u00e4ge h\u00e5ller den din v\u00e4ska organiserad och enkel att anv\u00e4nda n\u00e4r som helst, var som helst.<br \/>\n<span style=\"font-size: 16px; font-style: normal; font-weight: 400;\">\u2728<\/span>En liten lampa som g\u00f6r stor skillnad i din dagliga rutin.<\/p>\n","protected":false},"featured_media":17478,"comment_status":"open","ping_status":"closed","template":"","meta":{"site-sidebar-layout":"default","site-content-layout":"","ast-site-content-layout":"default","site-content-style":"default","site-sidebar-style":"default","ast-global-header-display":"","ast-banner-title-visibility":"","ast-main-header-display":"","ast-hfb-above-header-display":"","ast-hfb-below-header-display":"","ast-hfb-mobile-header-display":"","site-post-title":"","ast-breadcrumbs-content":"","ast-featured-img":"","footer-sml-layout":"","theme-transparent-header-meta":"default","adv-header-id-meta":"","stick-header-meta":"","header-above-stick-meta":"","header-main-stick-meta":"","header-below-stick-meta":"","astra-migrate-meta-layouts":"set","ast-page-background-enabled":"default","ast-page-background-meta":{"desktop":{"background-color":"var(--ast-global-color-5)","background-image":"","background-repeat":"repeat","background-position":"center center","background-size":"auto","background-attachment":"scroll","background-type":"","background-media":"","overlay-type":"","overlay-color":"","overlay-opacity":"","overlay-gradient":""},"tablet":{"background-color":"","background-image":"","background-repeat":"repeat","background-position":"center center","background-size":"auto","background-attachment":"scroll","background-type":"","background-media":"","overlay-type":"","overlay-color":"","overlay-opacity":"","overlay-gradient":""},"mobile":{"background-color":"","background-image":"","background-repeat":"repeat","background-position":"center center","background-size":"auto","background-attachment":"scroll","background-type":"","background-media":"","overlay-type":"","overlay-color":"","overlay-opacity":"","overlay-gradient":""}},"ast-content-background-meta":{"desktop":{"background-color":"var(--ast-global-color-4)","background-image":"","background-repeat":"repeat","background-position":"center center","background-size":"auto","background-attachment":"scroll","background-type":"","background-media":"","overlay-type":"","overlay-color":"","overlay-opacity":"","overlay-gradient":""},"tablet":{"background-color":"var(--ast-global-color-4)","background-image":"","background-repeat":"repeat","background-position":"center center","background-size":"auto","background-attachment":"scroll","background-type":"","background-media":"","overlay-type":"","overlay-color":"","overlay-opacity":"","overlay-gradient":""},"mobile":{"background-color":"var(--ast-global-color-4)","background-image":"","background-repeat":"repeat","background-position":"center center","background-size":"auto","background-attachment":"scroll","background-type":"","background-media":"","overlay-type":"","overlay-color":"","overlay-opacity":"","overlay-gradient":""}}},"product_brand":[],"product_cat":[165],"product_tag":[],"class_list":{"0":"post-17482","1":"product","2":"type-product","3":"status-publish","4":"has-post-thumbnail","6":"product_cat-skor-accessoarer","7":"pa_67878_tzwlep3w-cirkel","8":"pa_67878_tzwlep3w-hjarta","9":"pa_67878_tzwlep3w-stjarna","10":"desktop-align-left","11":"tablet-align-left","12":"mobile-align-left","14":"first","15":"instock","16":"shipping-taxable","17":"purchasable","18":"product-type-variable"},"yoast_head":"<!-- This site is optimized with the Yoast SEO plugin v26.6 - https:\/\/yoast.com\/wordpress\/plugins\/seo\/ -->\n<title>Handv\u00e4ska med touch-belysning - Mekulo SE<\/title>\n<meta name=\"robots\" content=\"index, follow, max-snippet:-1, max-image-preview:large, max-video-preview:-1\" \/>\n<link rel=\"canonical\" href=\"https:\/\/mekulo.com\/se\/produkt\/handvaska-touch-light\/\" \/>\n<meta property=\"og:locale\" content=\"sv_SE\" \/>\n<meta property=\"og:type\" content=\"article\" \/>\n<meta property=\"og:title\" content=\"Handv\u00e4ska med touch-belysning - Mekulo SE\" \/>\n<meta property=\"og:description\" content=\"\ud83e\udd0dDen h\u00e4r kompakta LED-lampan f\u00f6r handv\u00e4skor kan f\u00e4stas eller h\u00e4ngas i din v\u00e4ska f\u00f6r att ge starkt vitt ljus precis n\u00e4r du beh\u00f6ver det. \ud83d\udc5cMed touchaktivering och ett kort konstant p\u00e5-l\u00e4ge h\u00e5ller den din v\u00e4ska organiserad och enkel att anv\u00e4nda n\u00e4r som helst, var som helst. \u2728En liten lampa som g\u00f6r stor skillnad i din dagliga rutin.\" \/>\n<meta property=\"og:url\" content=\"https:\/\/mekulo.com\/se\/produkt\/handvaska-touch-light\/\" \/>\n<meta property=\"og:site_name\" content=\"Mekulo SE\" \/>\n<meta property=\"article:modified_time\" content=\"2026-01-20T12:55:30+00:00\" \/>\n<meta property=\"og:image\" content=\"https:\/\/mekulo.com\/se\/wp-content\/uploads\/sites\/11\/2026\/01\/3xiwgn1-1.jpg\" \/>\n\t<meta property=\"og:image:width\" content=\"960\" \/>\n\t<meta property=\"og:image:height\" content=\"960\" \/>\n\t<meta property=\"og:image:type\" content=\"image\/jpeg\" \/>\n<meta name=\"twitter:card\" content=\"summary_large_image\" \/>\n<meta name=\"twitter:label1\" content=\"Ber\u00e4knad l\u00e4stid\" \/>\n\t<meta name=\"twitter:data1\" content=\"2 minuter\" \/>\n<script type=\"application\/ld+json\" class=\"yoast-schema-graph\">{\"@context\":\"https:\/\/schema.org\",\"@graph\":[{\"@type\":\"WebPage\",\"@id\":\"https:\/\/mekulo.com\/se\/produkt\/handvaska-touch-light\/\",\"url\":\"https:\/\/mekulo.com\/se\/produkt\/handvaska-touch-light\/\",\"name\":\"Handv\u00e4ska med touch-belysning - Mekulo SE\",\"isPartOf\":{\"@id\":\"https:\/\/mekulo.com\/se\/#website\"},\"primaryImageOfPage\":{\"@id\":\"https:\/\/mekulo.com\/se\/produkt\/handvaska-touch-light\/#primaryimage\"},\"image\":{\"@id\":\"https:\/\/mekulo.com\/se\/produkt\/handvaska-touch-light\/#primaryimage\"},\"thumbnailUrl\":\"https:\/\/mekulo.com\/se\/wp-content\/uploads\/sites\/11\/2026\/01\/3xiwgn1-1.jpg\",\"datePublished\":\"2026-01-15T15:33:30+00:00\",\"dateModified\":\"2026-01-20T12:55:30+00:00\",\"breadcrumb\":{\"@id\":\"https:\/\/mekulo.com\/se\/produkt\/handvaska-touch-light\/#breadcrumb\"},\"inLanguage\":\"sv-SE\",\"potentialAction\":[{\"@type\":\"ReadAction\",\"target\":[\"https:\/\/mekulo.com\/se\/produkt\/handvaska-touch-light\/\"]}]},{\"@type\":\"ImageObject\",\"inLanguage\":\"sv-SE\",\"@id\":\"https:\/\/mekulo.com\/se\/produkt\/handvaska-touch-light\/#primaryimage\",\"url\":\"https:\/\/mekulo.com\/se\/wp-content\/uploads\/sites\/11\/2026\/01\/3xiwgn1-1.jpg\",\"contentUrl\":\"https:\/\/mekulo.com\/se\/wp-content\/uploads\/sites\/11\/2026\/01\/3xiwgn1-1.jpg\",\"width\":960,\"height\":960},{\"@type\":\"BreadcrumbList\",\"@id\":\"https:\/\/mekulo.com\/se\/produkt\/handvaska-touch-light\/#breadcrumb\",\"itemListElement\":[{\"@type\":\"ListItem\",\"position\":1,\"name\":\"Home\",\"item\":\"https:\/\/mekulo.com\/se\/\"},{\"@type\":\"ListItem\",\"position\":2,\"name\":\"Butik\",\"item\":\"https:\/\/mekulo.com\/se\/butik\/\"},{\"@type\":\"ListItem\",\"position\":3,\"name\":\"Handv\u00e4ska med touch-belysning\"}]},{\"@type\":\"WebSite\",\"@id\":\"https:\/\/mekulo.com\/se\/#website\",\"url\":\"https:\/\/mekulo.com\/se\/\",\"name\":\"Mekulo SE\",\"description\":\"\",\"publisher\":{\"@id\":\"https:\/\/mekulo.com\/se\/#organization\"},\"potentialAction\":[{\"@type\":\"SearchAction\",\"target\":{\"@type\":\"EntryPoint\",\"urlTemplate\":\"https:\/\/mekulo.com\/se\/?s={search_term_string}\"},\"query-input\":{\"@type\":\"PropertyValueSpecification\",\"valueRequired\":true,\"valueName\":\"search_term_string\"}}],\"inLanguage\":\"sv-SE\"},{\"@type\":\"Organization\",\"@id\":\"https:\/\/mekulo.com\/se\/#organization\",\"name\":\"Mekulo\",\"url\":\"https:\/\/mekulo.com\/se\/\",\"logo\":{\"@type\":\"ImageObject\",\"inLanguage\":\"sv-SE\",\"@id\":\"https:\/\/mekulo.com\/se\/#\/schema\/logo\/image\/\",\"url\":\"https:\/\/mekulo.com\/se\/wp-content\/uploads\/sites\/11\/2025\/12\/favicon_mekulo.png\",\"contentUrl\":\"https:\/\/mekulo.com\/se\/wp-content\/uploads\/sites\/11\/2025\/12\/favicon_mekulo.png\",\"width\":50,\"height\":50,\"caption\":\"Mekulo\"},\"image\":{\"@id\":\"https:\/\/mekulo.com\/se\/#\/schema\/logo\/image\/\"}}]}<\/script>\n<!-- \/ Yoast SEO plugin. -->","yoast_head_json":{"title":"Handv\u00e4ska med touch-belysning - Mekulo SE","robots":{"index":"index","follow":"follow","max-snippet":"max-snippet:-1","max-image-preview":"max-image-preview:large","max-video-preview":"max-video-preview:-1"},"canonical":"https:\/\/mekulo.com\/se\/produkt\/handvaska-touch-light\/","og_locale":"sv_SE","og_type":"article","og_title":"Handv\u00e4ska med touch-belysning - Mekulo SE","og_description":"\ud83e\udd0dDen h\u00e4r kompakta LED-lampan f\u00f6r handv\u00e4skor kan f\u00e4stas eller h\u00e4ngas i din v\u00e4ska f\u00f6r att ge starkt vitt ljus precis n\u00e4r du beh\u00f6ver det. \ud83d\udc5cMed touchaktivering och ett kort konstant p\u00e5-l\u00e4ge h\u00e5ller den din v\u00e4ska organiserad och enkel att anv\u00e4nda n\u00e4r som helst, var som helst. \u2728En liten lampa som g\u00f6r stor skillnad i din dagliga rutin.","og_url":"https:\/\/mekulo.com\/se\/produkt\/handvaska-touch-light\/","og_site_name":"Mekulo SE","article_modified_time":"2026-01-20T12:55:30+00:00","og_image":[{"width":960,"height":960,"url":"https:\/\/mekulo.com\/se\/wp-content\/uploads\/sites\/11\/2026\/01\/3xiwgn1-1.jpg","type":"image\/jpeg"}],"twitter_card":"summary_large_image","twitter_misc":{"Ber\u00e4knad l\u00e4stid":"2 minuter"},"schema":{"@context":"https:\/\/schema.org","@graph":[{"@type":"WebPage","@id":"https:\/\/mekulo.com\/se\/produkt\/handvaska-touch-light\/","url":"https:\/\/mekulo.com\/se\/produkt\/handvaska-touch-light\/","name":"Handv\u00e4ska med touch-belysning - Mekulo SE","isPartOf":{"@id":"https:\/\/mekulo.com\/se\/#website"},"primaryImageOfPage":{"@id":"https:\/\/mekulo.com\/se\/produkt\/handvaska-touch-light\/#primaryimage"},"image":{"@id":"https:\/\/mekulo.com\/se\/produkt\/handvaska-touch-light\/#primaryimage"},"thumbnailUrl":"https:\/\/mekulo.com\/se\/wp-content\/uploads\/sites\/11\/2026\/01\/3xiwgn1-1.jpg","datePublished":"2026-01-15T15:33:30+00:00","dateModified":"2026-01-20T12:55:30+00:00","breadcrumb":{"@id":"https:\/\/mekulo.com\/se\/produkt\/handvaska-touch-light\/#breadcrumb"},"inLanguage":"sv-SE","potentialAction":[{"@type":"ReadAction","target":["https:\/\/mekulo.com\/se\/produkt\/handvaska-touch-light\/"]}]},{"@type":"ImageObject","inLanguage":"sv-SE","@id":"https:\/\/mekulo.com\/se\/produkt\/handvaska-touch-light\/#primaryimage","url":"https:\/\/mekulo.com\/se\/wp-content\/uploads\/sites\/11\/2026\/01\/3xiwgn1-1.jpg","contentUrl":"https:\/\/mekulo.com\/se\/wp-content\/uploads\/sites\/11\/2026\/01\/3xiwgn1-1.jpg","width":960,"height":960},{"@type":"BreadcrumbList","@id":"https:\/\/mekulo.com\/se\/produkt\/handvaska-touch-light\/#breadcrumb","itemListElement":[{"@type":"ListItem","position":1,"name":"Home","item":"https:\/\/mekulo.com\/se\/"},{"@type":"ListItem","position":2,"name":"Butik","item":"https:\/\/mekulo.com\/se\/butik\/"},{"@type":"ListItem","position":3,"name":"Handv\u00e4ska med touch-belysning"}]},{"@type":"WebSite","@id":"https:\/\/mekulo.com\/se\/#website","url":"https:\/\/mekulo.com\/se\/","name":"Mekulo SE","description":"","publisher":{"@id":"https:\/\/mekulo.com\/se\/#organization"},"potentialAction":[{"@type":"SearchAction","target":{"@type":"EntryPoint","urlTemplate":"https:\/\/mekulo.com\/se\/?s={search_term_string}"},"query-input":{"@type":"PropertyValueSpecification","valueRequired":true,"valueName":"search_term_string"}}],"inLanguage":"sv-SE"},{"@type":"Organization","@id":"https:\/\/mekulo.com\/se\/#organization","name":"Mekulo","url":"https:\/\/mekulo.com\/se\/","logo":{"@type":"ImageObject","inLanguage":"sv-SE","@id":"https:\/\/mekulo.com\/se\/#\/schema\/logo\/image\/","url":"https:\/\/mekulo.com\/se\/wp-content\/uploads\/sites\/11\/2025\/12\/favicon_mekulo.png","contentUrl":"https:\/\/mekulo.com\/se\/wp-content\/uploads\/sites\/11\/2025\/12\/favicon_mekulo.png","width":50,"height":50,"caption":"Mekulo"},"image":{"@id":"https:\/\/mekulo.com\/se\/#\/schema\/logo\/image\/"}}]}},"_links":{"self":[{"href":"https:\/\/mekulo.com\/se\/wp-json\/wp\/v2\/product\/17482","targetHints":{"allow":["GET"]}}],"collection":[{"href":"https:\/\/mekulo.com\/se\/wp-json\/wp\/v2\/product"}],"about":[{"href":"https:\/\/mekulo.com\/se\/wp-json\/wp\/v2\/types\/product"}],"replies":[{"embeddable":true,"href":"https:\/\/mekulo.com\/se\/wp-json\/wp\/v2\/comments?post=17482"}],"wp:featuredmedia":[{"embeddable":true,"href":"https:\/\/mekulo.com\/se\/wp-json\/wp\/v2\/media\/17478"}],"wp:attachment":[{"href":"https:\/\/mekulo.com\/se\/wp-json\/wp\/v2\/media?parent=17482"}],"wp:term":[{"taxonomy":"product_brand","embeddable":true,"href":"https:\/\/mekulo.com\/se\/wp-json\/wp\/v2\/product_brand?post=17482"},{"taxonomy":"product_cat","embeddable":true,"href":"https:\/\/mekulo.com\/se\/wp-json\/wp\/v2\/product_cat?post=17482"},{"taxonomy":"product_tag","embeddable":true,"href":"https:\/\/mekulo.com\/se\/wp-json\/wp\/v2\/product_tag?post=17482"}],"curies":[{"name":"wp","href":"https:\/\/api.w.org\/{rel}","templated":true}]}}