{"id":17418,"date":"2026-01-15T17:29:46","date_gmt":"2026-01-15T15:29:46","guid":{"rendered":"https:\/\/mekulo.com\/se\/produkt\/telefonrem-med-blixtlasficka\/"},"modified":"2026-01-20T14:49:22","modified_gmt":"2026-01-20T12:49:22","slug":"telefonrem-med-blixtlasficka","status":"publish","type":"product","link":"https:\/\/mekulo.com\/se\/produkt\/telefonrem-med-blixtlasficka\/","title":{"rendered":"Telefonrem med blixtl\u00e5sficka"},"content":{"rendered":"<p style=\"text-align: center;\" data-start=\"0\" data-end=\"65\"><strong data-start=\"0\" data-end=\"65\">B\u00e4r din telefon, kort och kontanter utan att beh\u00f6va ta upp dem ur fickan, var du \u00e4n \u00e4r.\ud83d\udcb3<\/strong><\/p>\n<p data-start=\"0\" data-end=\"65\"><img fetchpriority=\"high\" decoding=\"async\" class=\"size-full wp-image-20196 aligncenter\" src=\"https:\/\/mekulo.com\/template\/wp-content\/uploads\/sites\/6\/2026\/01\/S4776ea4306d5432d8871bba541a8df22M.webp\" alt=\"\" width=\"800\" height=\"800\" \/><\/p>\n<h2 style=\"text-align: center;\" data-start=\"474\" data-end=\"493\">Huvudsakliga f\u00f6rdelar<\/h2>\n<p data-start=\"497\" data-end=\"571\">\ud83c\udf92 Handsfree bekv\u00e4mlighet &#8211; H\u00e5ll din telefon n\u00e4ra utan att h\u00e5lla den.<\/p>\n<p data-start=\"574\" data-end=\"633\">\ud83d\udd10 S\u00e4ker blixtl\u00e5sficka &#8211; F\u00f6rvara kort och kontanter s\u00e4kert.<\/p>\n<p data-start=\"636\" data-end=\"706\">\ud83d\udd04 Multi-stil design &#8211; Anv\u00e4nd som crossbody, armband eller v\u00e4skrem.<\/p>\n<p data-start=\"636\" data-end=\"706\">\ud83d\udcf1 Universal passform &#8211; Fungerar med n\u00e4stan alla telefonmodeller.<\/p>\n<p data-start=\"770\" data-end=\"835\">\ud83c\udf81 Bra presentid\u00e9 &#8211; Snygg och praktisk f\u00f6r daglig anv\u00e4ndning.<\/p>\n<p data-start=\"770\" data-end=\"835\"><img decoding=\"async\" class=\"size-full wp-image-20200 aligncenter\" src=\"https:\/\/mekulo.com\/template\/wp-content\/uploads\/sites\/6\/2026\/01\/0266b34763b8afa01eb9ca51f020fee250c0af05-800.avif\" alt=\"\" \/><\/p>\n<h2 style=\"text-align: center;\" data-start=\"842\" data-end=\"859\"><strong>Anv\u00e4ndning<\/strong><\/h2>\n<ol data-start=\"861\" data-end=\"1159\">\n<li data-start=\"861\" data-end=\"934\">\n<p data-start=\"864\" data-end=\"934\">S\u00e4tt i telefonkortet genom laddnings\u00f6ppningen p\u00e5 ditt mobilskal.<\/p>\n<\/li>\n<li data-start=\"935\" data-end=\"984\">\n<p data-start=\"938\" data-end=\"984\">F\u00e4st remmen ordentligt p\u00e5 telefonkortet.<\/p>\n<\/li>\n<li data-start=\"985\" data-end=\"1055\">\n<p data-start=\"988\" data-end=\"1055\">Justera l\u00e4ngden p\u00e5 remmen f\u00f6r att b\u00e4ra den \u00f6ver kroppen eller som handledsrem.<\/p>\n<\/li>\n<li data-start=\"1056\" data-end=\"1102\">\n<p data-start=\"1059\" data-end=\"1102\">Placera kort eller kontanter i blixtl\u00e5sfickan.<\/p>\n<\/li>\n<li data-start=\"1103\" data-end=\"1159\">\n<p data-start=\"1106\" data-end=\"1159\">Njut av handsfree-anv\u00e4ndning samtidigt som din telefon \u00e4r s\u00e4ker.<\/p>\n<\/li>\n<\/ol>\n<h2 style=\"text-align: center;\" data-start=\"1166\" data-end=\"1188\"><strong>Produktdetaljer<\/strong><\/h2>\n<ul data-start=\"1190\" data-end=\"1446\">\n<li data-start=\"1230\" data-end=\"1249\">\n<p data-start=\"1232\" data-end=\"1249\">Material: Nylon<\/p>\n<\/li>\n<li data-start=\"1250\" data-end=\"1272\">\n<p data-start=\"1252\" data-end=\"1272\">Vikt: Cirka 160 g<\/p>\n<\/li>\n<li data-start=\"1273\" data-end=\"1332\">\n<p data-start=\"1275\" data-end=\"1332\">Justerbar storlek: 53 &#8211; 73 cm<\/p>\n<\/li>\n<li data-start=\"1396\" data-end=\"1446\">\n<p data-start=\"1398\" data-end=\"1446\">Kompatibilitet: Universal f\u00f6r de flesta telefonmodeller<\/p>\n<\/li>\n<\/ul>\n<h2 style=\"text-align: center;\"><strong>Paketet inneh\u00e5ller<\/strong><\/h2>\n<ul data-start=\"1478\" data-end=\"1516\">\n<li data-start=\"1478\" data-end=\"1516\">\n<p data-start=\"1480\" data-end=\"1516\">1, 2x telefonrem med blixtl\u00e5sficka.<\/p>\n<\/li>\n<\/ul>\n","protected":false},"excerpt":{"rendered":"<p><span style=\"font-size: 16px; font-style: normal; font-weight: 400;\"><span style=\"font-size: 16px; font-style: normal; font-weight: 400;\">\ud83d\udcf1<\/span>Den h\u00e4r m\u00e5ngsidiga remmen f\u00f6r telefon med blixtl\u00e5sficka fungerar som ett korsband, handledsrem eller armband samtidigt som den h\u00e5ller din telefon, dina kort och kontanter p\u00e5 ett och samma st\u00e4lle.<br \/>\n<\/span><span style=\"font-size: 16px; font-style: normal; font-weight: 400;\">\u2728<\/span><span style=\"font-size: 16px; font-style: normal; font-weight: 400;\">Den f\u00f6rhindrar tapp och f\u00f6rlust, vilket g\u00f6r den perfekt f\u00f6r arbete, resor, shopping eller dagliga \u00e4renden.<br \/>\n\ud83d\udc5dEtt smart och snyggt s\u00e4tt att h\u00e5lla din telefon s\u00e4ker, tillg\u00e4nglig och alltid inom r\u00e4ckh\u00e5ll.<\/span><\/p>\n","protected":false},"featured_media":17414,"comment_status":"open","ping_status":"closed","template":"","meta":{"site-sidebar-layout":"default","site-content-layout":"","ast-site-content-layout":"default","site-content-style":"default","site-sidebar-style":"default","ast-global-header-display":"","ast-banner-title-visibility":"","ast-main-header-display":"","ast-hfb-above-header-display":"","ast-hfb-below-header-display":"","ast-hfb-mobile-header-display":"","site-post-title":"","ast-breadcrumbs-content":"","ast-featured-img":"","footer-sml-layout":"","theme-transparent-header-meta":"default","adv-header-id-meta":"","stick-header-meta":"","header-above-stick-meta":"","header-main-stick-meta":"","header-below-stick-meta":"","astra-migrate-meta-layouts":"set","ast-page-background-enabled":"default","ast-page-background-meta":{"desktop":{"background-color":"var(--ast-global-color-5)","background-image":"","background-repeat":"repeat","background-position":"center center","background-size":"auto","background-attachment":"scroll","background-type":"","background-media":"","overlay-type":"","overlay-color":"","overlay-opacity":"","overlay-gradient":""},"tablet":{"background-color":"","background-image":"","background-repeat":"repeat","background-position":"center center","background-size":"auto","background-attachment":"scroll","background-type":"","background-media":"","overlay-type":"","overlay-color":"","overlay-opacity":"","overlay-gradient":""},"mobile":{"background-color":"","background-image":"","background-repeat":"repeat","background-position":"center center","background-size":"auto","background-attachment":"scroll","background-type":"","background-media":"","overlay-type":"","overlay-color":"","overlay-opacity":"","overlay-gradient":""}},"ast-content-background-meta":{"desktop":{"background-color":"var(--ast-global-color-4)","background-image":"","background-repeat":"repeat","background-position":"center center","background-size":"auto","background-attachment":"scroll","background-type":"","background-media":"","overlay-type":"","overlay-color":"","overlay-opacity":"","overlay-gradient":""},"tablet":{"background-color":"var(--ast-global-color-4)","background-image":"","background-repeat":"repeat","background-position":"center center","background-size":"auto","background-attachment":"scroll","background-type":"","background-media":"","overlay-type":"","overlay-color":"","overlay-opacity":"","overlay-gradient":""},"mobile":{"background-color":"var(--ast-global-color-4)","background-image":"","background-repeat":"repeat","background-position":"center center","background-size":"auto","background-attachment":"scroll","background-type":"","background-media":"","overlay-type":"","overlay-color":"","overlay-opacity":"","overlay-gradient":""}}},"product_brand":[],"product_cat":[165],"product_tag":[],"class_list":{"0":"post-17418","1":"product","2":"type-product","3":"status-publish","4":"has-post-thumbnail","6":"product_cat-skor-accessoarer","7":"pa_67859_0nmn5w76-1-st","8":"pa_67859_0nmn5w76-2-st","9":"pa_67859_1p8d8pg5-a","10":"pa_67859_1p8d8pg5-b","11":"pa_67859_1p8d8pg5-c","12":"pa_67859_1p8d8pg5-d","13":"pa_67859_1p8d8pg5-e","14":"pa_67859_1p8d8pg5-f","15":"pa_67859_1p8d8pg5-g","16":"pa_67859_1p8d8pg5-h","17":"pa_67859_1p8d8pg5-i","18":"pa_67859_1p8d8pg5-j","19":"desktop-align-left","20":"tablet-align-left","21":"mobile-align-left","23":"first","24":"instock","25":"shipping-taxable","26":"purchasable","27":"product-type-variable","28":"has-default-attributes"},"yoast_head":"<!-- This site is optimized with the Yoast SEO plugin v26.6 - https:\/\/yoast.com\/wordpress\/plugins\/seo\/ -->\n<title>Telefonrem med blixtl\u00e5sficka - Mekulo SE<\/title>\n<meta name=\"robots\" content=\"index, follow, max-snippet:-1, max-image-preview:large, max-video-preview:-1\" \/>\n<link rel=\"canonical\" href=\"https:\/\/mekulo.com\/se\/produkt\/telefonrem-med-blixtlasficka\/\" \/>\n<meta property=\"og:locale\" content=\"sv_SE\" \/>\n<meta property=\"og:type\" content=\"article\" \/>\n<meta property=\"og:title\" content=\"Telefonrem med blixtl\u00e5sficka - Mekulo SE\" \/>\n<meta property=\"og:description\" content=\"\ud83d\udcf1Den h\u00e4r m\u00e5ngsidiga remmen f\u00f6r telefon med blixtl\u00e5sficka fungerar som ett korsband, handledsrem eller armband samtidigt som den h\u00e5ller din telefon, dina kort och kontanter p\u00e5 ett och samma st\u00e4lle. \u2728Den f\u00f6rhindrar tapp och f\u00f6rlust, vilket g\u00f6r den perfekt f\u00f6r arbete, resor, shopping eller dagliga \u00e4renden. \ud83d\udc5dEtt smart och snyggt s\u00e4tt att h\u00e5lla din telefon s\u00e4ker, tillg\u00e4nglig och alltid inom r\u00e4ckh\u00e5ll.\" \/>\n<meta property=\"og:url\" content=\"https:\/\/mekulo.com\/se\/produkt\/telefonrem-med-blixtlasficka\/\" \/>\n<meta property=\"og:site_name\" content=\"Mekulo SE\" \/>\n<meta property=\"article:modified_time\" content=\"2026-01-20T12:49:22+00:00\" \/>\n<meta property=\"og:image\" content=\"https:\/\/mekulo.com\/se\/wp-content\/uploads\/sites\/11\/2026\/01\/17zsbiu-1.jpg\" \/>\n\t<meta property=\"og:image:width\" content=\"960\" \/>\n\t<meta property=\"og:image:height\" content=\"960\" \/>\n\t<meta property=\"og:image:type\" content=\"image\/jpeg\" \/>\n<meta name=\"twitter:card\" content=\"summary_large_image\" \/>\n<meta name=\"twitter:label1\" content=\"Ber\u00e4knad l\u00e4stid\" \/>\n\t<meta name=\"twitter:data1\" content=\"2 minuter\" \/>\n<script type=\"application\/ld+json\" class=\"yoast-schema-graph\">{\"@context\":\"https:\/\/schema.org\",\"@graph\":[{\"@type\":\"WebPage\",\"@id\":\"https:\/\/mekulo.com\/se\/produkt\/telefonrem-med-blixtlasficka\/\",\"url\":\"https:\/\/mekulo.com\/se\/produkt\/telefonrem-med-blixtlasficka\/\",\"name\":\"Telefonrem med blixtl\u00e5sficka - Mekulo SE\",\"isPartOf\":{\"@id\":\"https:\/\/mekulo.com\/se\/#website\"},\"primaryImageOfPage\":{\"@id\":\"https:\/\/mekulo.com\/se\/produkt\/telefonrem-med-blixtlasficka\/#primaryimage\"},\"image\":{\"@id\":\"https:\/\/mekulo.com\/se\/produkt\/telefonrem-med-blixtlasficka\/#primaryimage\"},\"thumbnailUrl\":\"https:\/\/mekulo.com\/se\/wp-content\/uploads\/sites\/11\/2026\/01\/17zsbiu-1.jpg\",\"datePublished\":\"2026-01-15T15:29:46+00:00\",\"dateModified\":\"2026-01-20T12:49:22+00:00\",\"breadcrumb\":{\"@id\":\"https:\/\/mekulo.com\/se\/produkt\/telefonrem-med-blixtlasficka\/#breadcrumb\"},\"inLanguage\":\"sv-SE\",\"potentialAction\":[{\"@type\":\"ReadAction\",\"target\":[\"https:\/\/mekulo.com\/se\/produkt\/telefonrem-med-blixtlasficka\/\"]}]},{\"@type\":\"ImageObject\",\"inLanguage\":\"sv-SE\",\"@id\":\"https:\/\/mekulo.com\/se\/produkt\/telefonrem-med-blixtlasficka\/#primaryimage\",\"url\":\"https:\/\/mekulo.com\/se\/wp-content\/uploads\/sites\/11\/2026\/01\/17zsbiu-1.jpg\",\"contentUrl\":\"https:\/\/mekulo.com\/se\/wp-content\/uploads\/sites\/11\/2026\/01\/17zsbiu-1.jpg\",\"width\":960,\"height\":960},{\"@type\":\"BreadcrumbList\",\"@id\":\"https:\/\/mekulo.com\/se\/produkt\/telefonrem-med-blixtlasficka\/#breadcrumb\",\"itemListElement\":[{\"@type\":\"ListItem\",\"position\":1,\"name\":\"Home\",\"item\":\"https:\/\/mekulo.com\/se\/\"},{\"@type\":\"ListItem\",\"position\":2,\"name\":\"Butik\",\"item\":\"https:\/\/mekulo.com\/se\/butik\/\"},{\"@type\":\"ListItem\",\"position\":3,\"name\":\"Telefonrem med blixtl\u00e5sficka\"}]},{\"@type\":\"WebSite\",\"@id\":\"https:\/\/mekulo.com\/se\/#website\",\"url\":\"https:\/\/mekulo.com\/se\/\",\"name\":\"Mekulo SE\",\"description\":\"\",\"publisher\":{\"@id\":\"https:\/\/mekulo.com\/se\/#organization\"},\"potentialAction\":[{\"@type\":\"SearchAction\",\"target\":{\"@type\":\"EntryPoint\",\"urlTemplate\":\"https:\/\/mekulo.com\/se\/?s={search_term_string}\"},\"query-input\":{\"@type\":\"PropertyValueSpecification\",\"valueRequired\":true,\"valueName\":\"search_term_string\"}}],\"inLanguage\":\"sv-SE\"},{\"@type\":\"Organization\",\"@id\":\"https:\/\/mekulo.com\/se\/#organization\",\"name\":\"Mekulo\",\"url\":\"https:\/\/mekulo.com\/se\/\",\"logo\":{\"@type\":\"ImageObject\",\"inLanguage\":\"sv-SE\",\"@id\":\"https:\/\/mekulo.com\/se\/#\/schema\/logo\/image\/\",\"url\":\"https:\/\/mekulo.com\/se\/wp-content\/uploads\/sites\/11\/2025\/12\/favicon_mekulo.png\",\"contentUrl\":\"https:\/\/mekulo.com\/se\/wp-content\/uploads\/sites\/11\/2025\/12\/favicon_mekulo.png\",\"width\":50,\"height\":50,\"caption\":\"Mekulo\"},\"image\":{\"@id\":\"https:\/\/mekulo.com\/se\/#\/schema\/logo\/image\/\"}}]}<\/script>\n<!-- \/ Yoast SEO plugin. -->","yoast_head_json":{"title":"Telefonrem med blixtl\u00e5sficka - Mekulo SE","robots":{"index":"index","follow":"follow","max-snippet":"max-snippet:-1","max-image-preview":"max-image-preview:large","max-video-preview":"max-video-preview:-1"},"canonical":"https:\/\/mekulo.com\/se\/produkt\/telefonrem-med-blixtlasficka\/","og_locale":"sv_SE","og_type":"article","og_title":"Telefonrem med blixtl\u00e5sficka - Mekulo SE","og_description":"\ud83d\udcf1Den h\u00e4r m\u00e5ngsidiga remmen f\u00f6r telefon med blixtl\u00e5sficka fungerar som ett korsband, handledsrem eller armband samtidigt som den h\u00e5ller din telefon, dina kort och kontanter p\u00e5 ett och samma st\u00e4lle. \u2728Den f\u00f6rhindrar tapp och f\u00f6rlust, vilket g\u00f6r den perfekt f\u00f6r arbete, resor, shopping eller dagliga \u00e4renden. \ud83d\udc5dEtt smart och snyggt s\u00e4tt att h\u00e5lla din telefon s\u00e4ker, tillg\u00e4nglig och alltid inom r\u00e4ckh\u00e5ll.","og_url":"https:\/\/mekulo.com\/se\/produkt\/telefonrem-med-blixtlasficka\/","og_site_name":"Mekulo SE","article_modified_time":"2026-01-20T12:49:22+00:00","og_image":[{"width":960,"height":960,"url":"https:\/\/mekulo.com\/se\/wp-content\/uploads\/sites\/11\/2026\/01\/17zsbiu-1.jpg","type":"image\/jpeg"}],"twitter_card":"summary_large_image","twitter_misc":{"Ber\u00e4knad l\u00e4stid":"2 minuter"},"schema":{"@context":"https:\/\/schema.org","@graph":[{"@type":"WebPage","@id":"https:\/\/mekulo.com\/se\/produkt\/telefonrem-med-blixtlasficka\/","url":"https:\/\/mekulo.com\/se\/produkt\/telefonrem-med-blixtlasficka\/","name":"Telefonrem med blixtl\u00e5sficka - Mekulo SE","isPartOf":{"@id":"https:\/\/mekulo.com\/se\/#website"},"primaryImageOfPage":{"@id":"https:\/\/mekulo.com\/se\/produkt\/telefonrem-med-blixtlasficka\/#primaryimage"},"image":{"@id":"https:\/\/mekulo.com\/se\/produkt\/telefonrem-med-blixtlasficka\/#primaryimage"},"thumbnailUrl":"https:\/\/mekulo.com\/se\/wp-content\/uploads\/sites\/11\/2026\/01\/17zsbiu-1.jpg","datePublished":"2026-01-15T15:29:46+00:00","dateModified":"2026-01-20T12:49:22+00:00","breadcrumb":{"@id":"https:\/\/mekulo.com\/se\/produkt\/telefonrem-med-blixtlasficka\/#breadcrumb"},"inLanguage":"sv-SE","potentialAction":[{"@type":"ReadAction","target":["https:\/\/mekulo.com\/se\/produkt\/telefonrem-med-blixtlasficka\/"]}]},{"@type":"ImageObject","inLanguage":"sv-SE","@id":"https:\/\/mekulo.com\/se\/produkt\/telefonrem-med-blixtlasficka\/#primaryimage","url":"https:\/\/mekulo.com\/se\/wp-content\/uploads\/sites\/11\/2026\/01\/17zsbiu-1.jpg","contentUrl":"https:\/\/mekulo.com\/se\/wp-content\/uploads\/sites\/11\/2026\/01\/17zsbiu-1.jpg","width":960,"height":960},{"@type":"BreadcrumbList","@id":"https:\/\/mekulo.com\/se\/produkt\/telefonrem-med-blixtlasficka\/#breadcrumb","itemListElement":[{"@type":"ListItem","position":1,"name":"Home","item":"https:\/\/mekulo.com\/se\/"},{"@type":"ListItem","position":2,"name":"Butik","item":"https:\/\/mekulo.com\/se\/butik\/"},{"@type":"ListItem","position":3,"name":"Telefonrem med blixtl\u00e5sficka"}]},{"@type":"WebSite","@id":"https:\/\/mekulo.com\/se\/#website","url":"https:\/\/mekulo.com\/se\/","name":"Mekulo SE","description":"","publisher":{"@id":"https:\/\/mekulo.com\/se\/#organization"},"potentialAction":[{"@type":"SearchAction","target":{"@type":"EntryPoint","urlTemplate":"https:\/\/mekulo.com\/se\/?s={search_term_string}"},"query-input":{"@type":"PropertyValueSpecification","valueRequired":true,"valueName":"search_term_string"}}],"inLanguage":"sv-SE"},{"@type":"Organization","@id":"https:\/\/mekulo.com\/se\/#organization","name":"Mekulo","url":"https:\/\/mekulo.com\/se\/","logo":{"@type":"ImageObject","inLanguage":"sv-SE","@id":"https:\/\/mekulo.com\/se\/#\/schema\/logo\/image\/","url":"https:\/\/mekulo.com\/se\/wp-content\/uploads\/sites\/11\/2025\/12\/favicon_mekulo.png","contentUrl":"https:\/\/mekulo.com\/se\/wp-content\/uploads\/sites\/11\/2025\/12\/favicon_mekulo.png","width":50,"height":50,"caption":"Mekulo"},"image":{"@id":"https:\/\/mekulo.com\/se\/#\/schema\/logo\/image\/"}}]}},"_links":{"self":[{"href":"https:\/\/mekulo.com\/se\/wp-json\/wp\/v2\/product\/17418","targetHints":{"allow":["GET"]}}],"collection":[{"href":"https:\/\/mekulo.com\/se\/wp-json\/wp\/v2\/product"}],"about":[{"href":"https:\/\/mekulo.com\/se\/wp-json\/wp\/v2\/types\/product"}],"replies":[{"embeddable":true,"href":"https:\/\/mekulo.com\/se\/wp-json\/wp\/v2\/comments?post=17418"}],"wp:featuredmedia":[{"embeddable":true,"href":"https:\/\/mekulo.com\/se\/wp-json\/wp\/v2\/media\/17414"}],"wp:attachment":[{"href":"https:\/\/mekulo.com\/se\/wp-json\/wp\/v2\/media?parent=17418"}],"wp:term":[{"taxonomy":"product_brand","embeddable":true,"href":"https:\/\/mekulo.com\/se\/wp-json\/wp\/v2\/product_brand?post=17418"},{"taxonomy":"product_cat","embeddable":true,"href":"https:\/\/mekulo.com\/se\/wp-json\/wp\/v2\/product_cat?post=17418"},{"taxonomy":"product_tag","embeddable":true,"href":"https:\/\/mekulo.com\/se\/wp-json\/wp\/v2\/product_tag?post=17418"}],"curies":[{"name":"wp","href":"https:\/\/api.w.org\/{rel}","templated":true}]}}