{"id":17370,"date":"2026-01-14T19:24:20","date_gmt":"2026-01-14T17:24:20","guid":{"rendered":"https:\/\/mekulo.com\/se\/produkt\/handvevad-gronsaksrivare\/"},"modified":"2026-01-14T19:44:49","modified_gmt":"2026-01-14T17:44:49","slug":"handvevad-gronsaksrivare","status":"publish","type":"product","link":"https:\/\/mekulo.com\/se\/produkt\/handvevad-gronsaksrivare\/","title":{"rendered":"Handvevad gr\u00f6nsaksrivare"},"content":{"rendered":"<p style=\"text-align: center;\" data-start=\"0\" data-end=\"67\"><strong data-start=\"0\" data-end=\"67\">Riv och skiva ingredienser snabbt, s\u00e4kert och med mindre anstr\u00e4ngning. \ud83e\udd55<\/strong><\/p>\n<p data-start=\"0\" data-end=\"67\"><img fetchpriority=\"high\" decoding=\"async\" class=\"size-full wp-image-19252 aligncenter\" src=\"https:\/\/mekulo.com\/template\/wp-content\/uploads\/sites\/6\/2026\/01\/S3f61363767b440668c938ed455860e265.jpg_960x960q75.jpg_.jpg\" alt=\"\" width=\"1080\" height=\"1080\" \/><\/p>\n<h2 style=\"text-align: center;\" data-start=\"303\" data-end=\"322\">Huvudsakliga f\u00f6rdelar<\/h2>\n<p data-start=\"326\" data-end=\"389\">\ud83e\uddc0 Snabb manuell rivning &#8211; Snabbare hackning och strimling.<\/p>\n<p data-start=\"392\" data-end=\"454\">\u270b S\u00e4ker handvevsdesign &#8211; Ingen direktkontakt med bladen.<\/p>\n<p data-start=\"457\" data-end=\"522\">\ud83d\udd04 5 utbytbara blad &#8211; Skiva, strimla och riv med l\u00e4tthet.<\/p>\n<p data-start=\"525\" data-end=\"590\">\ud83e\uddf2 Stark sugbas &#8211; H\u00e5ller sig stabil p\u00e5 sl\u00e4ta b\u00e4nkskivor.<\/p>\n<p data-start=\"593\" data-end=\"657\">\ud83e\uddfc L\u00e4tt att reng\u00f6ra &#8211; helt l\u00f6stagbara delar f\u00f6r snabb diskning.<\/p>\n<p data-start=\"593\" data-end=\"657\"><img decoding=\"async\" class=\"size-full wp-image-19254 aligncenter\" src=\"https:\/\/mekulo.com\/template\/wp-content\/uploads\/sites\/6\/2026\/01\/5d5fd0a57bfe145c3f3d5c1a8e7e4431f60d98e9.jpg\" alt=\"\" width=\"1080\" height=\"525\" \/><\/p>\n<h2 style=\"text-align: center;\" data-start=\"664\" data-end=\"681\"><strong>Hur Man Anv\u00e4nder<\/strong><\/h2>\n<ol data-start=\"683\" data-end=\"891\">\n<li data-start=\"683\" data-end=\"735\">\n<p data-start=\"686\" data-end=\"735\">Placera rivj\u00e4rnet p\u00e5 en ren, sl\u00e4t b\u00e4nkskiva.<\/p>\n<\/li>\n<li data-start=\"736\" data-end=\"781\">\n<p data-start=\"739\" data-end=\"781\">Tryck ned\u00e5t f\u00f6r att aktivera sugbasen.<\/p>\n<\/li>\n<li data-start=\"782\" data-end=\"812\">\n<p data-start=\"785\" data-end=\"812\">S\u00e4tt i \u00f6nskat blad.<\/p>\n<\/li>\n<li data-start=\"813\" data-end=\"842\">\n<p data-start=\"816\" data-end=\"842\">L\u00e4gg i maten i r\u00e4nnan.<\/p>\n<\/li>\n<li data-start=\"843\" data-end=\"891\">\n<p data-start=\"846\" data-end=\"891\">Vrid handtaget f\u00f6r att riva eller skiva mjukt.<\/p>\n<\/li>\n<\/ol>\n<h2 style=\"text-align: center;\" data-start=\"898\" data-end=\"920\"><strong>Produktdetaljer<\/strong><\/h2>\n<ul data-start=\"922\" data-end=\"1185\">\n<li data-start=\"965\" data-end=\"995\">\n<p data-start=\"967\" data-end=\"995\">Typ: Manuell roterande rivare<\/p>\n<\/li>\n<li data-start=\"996\" data-end=\"1041\">\n<p data-start=\"998\" data-end=\"1041\">Material: PP + 430 blad av rostfritt st\u00e5l<\/p>\n<\/li>\n<li data-start=\"1042\" data-end=\"1068\">\n<p data-start=\"1044\" data-end=\"1068\">Vikt: Cirka 1200 g<\/p>\n<\/li>\n<li data-start=\"1069\" data-end=\"1132\">\n<p data-start=\"1071\" data-end=\"1132\">L\u00e4mplig f\u00f6r: Ost, gr\u00f6nsaker, choklad, n\u00f6tter och mycket mer<\/p>\n<\/li>\n<li data-start=\"1133\" data-end=\"1185\">\n<p data-start=\"1135\" data-end=\"1185\">Funktioner: BPA-fri, s\u00e4ker design, kompakt f\u00f6rvaring<\/p>\n<\/li>\n<li data-start=\"1133\" data-end=\"1185\">Storlek: 28 x 24 x 13 cm<\/li>\n<\/ul>\n<h2 style=\"text-align: center;\" data-start=\"1192\" data-end=\"1215\"><strong>F\u00f6rpackningen inneh\u00e5ller<\/strong><\/h2>\n<ul data-start=\"1217\" data-end=\"1279\">\n<li data-start=\"1217\" data-end=\"1252\">\n<p data-start=\"1219\" data-end=\"1252\">1x gr\u00f6nsaksrivj\u00e4rn med handvev<\/p>\n<\/li>\n<li data-start=\"1253\" data-end=\"1279\">\n<p data-start=\"1255\" data-end=\"1279\">5x utbytbara blad.<\/p>\n<\/li>\n<\/ul>\n","protected":false},"excerpt":{"rendered":"<p>\ud83e\uddc0Den h\u00e4r handvevade gr\u00f6nsaksrivaren hj\u00e4lper dig att f\u00f6rbereda mat upp till 12 g\u00e5nger snabbare samtidigt som du h\u00e5ller h\u00e4nderna borta fr\u00e5n vassa blad.<br \/>\n\ud83e\uded1Med en stark sugbas och utbytbara blad g\u00f6r den vardagliga matberedningen enkel, s\u00e4ker och effektiv.<br \/>\n\ud83d\udc69\u200d\ud83c\udf73A s\u00e4kert, kraftfullt och tidsbesparande k\u00f6ksverktyg f\u00f6r vardaglig matlagning.<\/p>\n","protected":false},"featured_media":17366,"comment_status":"open","ping_status":"closed","template":"","meta":{"site-sidebar-layout":"default","site-content-layout":"","ast-site-content-layout":"default","site-content-style":"default","site-sidebar-style":"default","ast-global-header-display":"","ast-banner-title-visibility":"","ast-main-header-display":"","ast-hfb-above-header-display":"","ast-hfb-below-header-display":"","ast-hfb-mobile-header-display":"","site-post-title":"","ast-breadcrumbs-content":"","ast-featured-img":"","footer-sml-layout":"","theme-transparent-header-meta":"default","adv-header-id-meta":"","stick-header-meta":"","header-above-stick-meta":"","header-main-stick-meta":"","header-below-stick-meta":"","astra-migrate-meta-layouts":"set","ast-page-background-enabled":"default","ast-page-background-meta":{"desktop":{"background-color":"var(--ast-global-color-5)","background-image":"","background-repeat":"repeat","background-position":"center center","background-size":"auto","background-attachment":"scroll","background-type":"","background-media":"","overlay-type":"","overlay-color":"","overlay-opacity":"","overlay-gradient":""},"tablet":{"background-color":"","background-image":"","background-repeat":"repeat","background-position":"center center","background-size":"auto","background-attachment":"scroll","background-type":"","background-media":"","overlay-type":"","overlay-color":"","overlay-opacity":"","overlay-gradient":""},"mobile":{"background-color":"","background-image":"","background-repeat":"repeat","background-position":"center center","background-size":"auto","background-attachment":"scroll","background-type":"","background-media":"","overlay-type":"","overlay-color":"","overlay-opacity":"","overlay-gradient":""}},"ast-content-background-meta":{"desktop":{"background-color":"var(--ast-global-color-4)","background-image":"","background-repeat":"repeat","background-position":"center center","background-size":"auto","background-attachment":"scroll","background-type":"","background-media":"","overlay-type":"","overlay-color":"","overlay-opacity":"","overlay-gradient":""},"tablet":{"background-color":"var(--ast-global-color-4)","background-image":"","background-repeat":"repeat","background-position":"center center","background-size":"auto","background-attachment":"scroll","background-type":"","background-media":"","overlay-type":"","overlay-color":"","overlay-opacity":"","overlay-gradient":""},"mobile":{"background-color":"var(--ast-global-color-4)","background-image":"","background-repeat":"repeat","background-position":"center center","background-size":"auto","background-attachment":"scroll","background-type":"","background-media":"","overlay-type":"","overlay-color":"","overlay-opacity":"","overlay-gradient":""}}},"product_brand":[],"product_cat":[15],"product_tag":[],"class_list":{"0":"post-17370","1":"product","2":"type-product","3":"status-publish","4":"has-post-thumbnail","6":"product_cat-uncategorized","7":"pa_66947_c3wj9745-gron","8":"pa_66947_c3wj9745-vit","9":"desktop-align-left","10":"tablet-align-left","11":"mobile-align-left","13":"first","14":"instock","15":"shipping-taxable","16":"purchasable","17":"product-type-variable"},"yoast_head":"<!-- This site is optimized with the Yoast SEO plugin v26.6 - https:\/\/yoast.com\/wordpress\/plugins\/seo\/ -->\n<title>Handvevad gr\u00f6nsaksrivare - Mekulo SE<\/title>\n<meta name=\"robots\" content=\"index, follow, max-snippet:-1, max-image-preview:large, max-video-preview:-1\" \/>\n<link rel=\"canonical\" href=\"https:\/\/mekulo.com\/se\/produkt\/handvevad-gronsaksrivare\/\" \/>\n<meta property=\"og:locale\" content=\"sv_SE\" \/>\n<meta property=\"og:type\" content=\"article\" \/>\n<meta property=\"og:title\" content=\"Handvevad gr\u00f6nsaksrivare - Mekulo SE\" \/>\n<meta property=\"og:description\" content=\"\ud83e\uddc0Den h\u00e4r handvevade gr\u00f6nsaksrivaren hj\u00e4lper dig att f\u00f6rbereda mat upp till 12 g\u00e5nger snabbare samtidigt som du h\u00e5ller h\u00e4nderna borta fr\u00e5n vassa blad. \ud83e\uded1Med en stark sugbas och utbytbara blad g\u00f6r den vardagliga matberedningen enkel, s\u00e4ker och effektiv. \ud83d\udc69\u200d\ud83c\udf73A s\u00e4kert, kraftfullt och tidsbesparande k\u00f6ksverktyg f\u00f6r vardaglig matlagning.\" \/>\n<meta property=\"og:url\" content=\"https:\/\/mekulo.com\/se\/produkt\/handvevad-gronsaksrivare\/\" \/>\n<meta property=\"og:site_name\" content=\"Mekulo SE\" \/>\n<meta property=\"article:modified_time\" content=\"2026-01-14T17:44:49+00:00\" \/>\n<meta property=\"og:image\" content=\"https:\/\/mekulo.com\/se\/wp-content\/uploads\/sites\/11\/2026\/01\/29fbgjs-1.jpg\" \/>\n\t<meta property=\"og:image:width\" content=\"800\" \/>\n\t<meta property=\"og:image:height\" content=\"800\" \/>\n\t<meta property=\"og:image:type\" content=\"image\/jpeg\" \/>\n<meta name=\"twitter:card\" content=\"summary_large_image\" \/>\n<meta name=\"twitter:label1\" content=\"Ber\u00e4knad l\u00e4stid\" \/>\n\t<meta name=\"twitter:data1\" content=\"2 minuter\" \/>\n<script type=\"application\/ld+json\" class=\"yoast-schema-graph\">{\"@context\":\"https:\/\/schema.org\",\"@graph\":[{\"@type\":\"WebPage\",\"@id\":\"https:\/\/mekulo.com\/se\/produkt\/handvevad-gronsaksrivare\/\",\"url\":\"https:\/\/mekulo.com\/se\/produkt\/handvevad-gronsaksrivare\/\",\"name\":\"Handvevad gr\u00f6nsaksrivare - Mekulo SE\",\"isPartOf\":{\"@id\":\"https:\/\/mekulo.com\/se\/#website\"},\"primaryImageOfPage\":{\"@id\":\"https:\/\/mekulo.com\/se\/produkt\/handvevad-gronsaksrivare\/#primaryimage\"},\"image\":{\"@id\":\"https:\/\/mekulo.com\/se\/produkt\/handvevad-gronsaksrivare\/#primaryimage\"},\"thumbnailUrl\":\"https:\/\/mekulo.com\/se\/wp-content\/uploads\/sites\/11\/2026\/01\/29fbgjs-1.jpg\",\"datePublished\":\"2026-01-14T17:24:20+00:00\",\"dateModified\":\"2026-01-14T17:44:49+00:00\",\"breadcrumb\":{\"@id\":\"https:\/\/mekulo.com\/se\/produkt\/handvevad-gronsaksrivare\/#breadcrumb\"},\"inLanguage\":\"sv-SE\",\"potentialAction\":[{\"@type\":\"ReadAction\",\"target\":[\"https:\/\/mekulo.com\/se\/produkt\/handvevad-gronsaksrivare\/\"]}]},{\"@type\":\"ImageObject\",\"inLanguage\":\"sv-SE\",\"@id\":\"https:\/\/mekulo.com\/se\/produkt\/handvevad-gronsaksrivare\/#primaryimage\",\"url\":\"https:\/\/mekulo.com\/se\/wp-content\/uploads\/sites\/11\/2026\/01\/29fbgjs-1.jpg\",\"contentUrl\":\"https:\/\/mekulo.com\/se\/wp-content\/uploads\/sites\/11\/2026\/01\/29fbgjs-1.jpg\",\"width\":800,\"height\":800},{\"@type\":\"BreadcrumbList\",\"@id\":\"https:\/\/mekulo.com\/se\/produkt\/handvevad-gronsaksrivare\/#breadcrumb\",\"itemListElement\":[{\"@type\":\"ListItem\",\"position\":1,\"name\":\"Home\",\"item\":\"https:\/\/mekulo.com\/se\/\"},{\"@type\":\"ListItem\",\"position\":2,\"name\":\"Butik\",\"item\":\"https:\/\/mekulo.com\/se\/butik\/\"},{\"@type\":\"ListItem\",\"position\":3,\"name\":\"Handvevad gr\u00f6nsaksrivare\"}]},{\"@type\":\"WebSite\",\"@id\":\"https:\/\/mekulo.com\/se\/#website\",\"url\":\"https:\/\/mekulo.com\/se\/\",\"name\":\"Mekulo SE\",\"description\":\"\",\"publisher\":{\"@id\":\"https:\/\/mekulo.com\/se\/#organization\"},\"potentialAction\":[{\"@type\":\"SearchAction\",\"target\":{\"@type\":\"EntryPoint\",\"urlTemplate\":\"https:\/\/mekulo.com\/se\/?s={search_term_string}\"},\"query-input\":{\"@type\":\"PropertyValueSpecification\",\"valueRequired\":true,\"valueName\":\"search_term_string\"}}],\"inLanguage\":\"sv-SE\"},{\"@type\":\"Organization\",\"@id\":\"https:\/\/mekulo.com\/se\/#organization\",\"name\":\"Mekulo\",\"url\":\"https:\/\/mekulo.com\/se\/\",\"logo\":{\"@type\":\"ImageObject\",\"inLanguage\":\"sv-SE\",\"@id\":\"https:\/\/mekulo.com\/se\/#\/schema\/logo\/image\/\",\"url\":\"https:\/\/mekulo.com\/se\/wp-content\/uploads\/sites\/11\/2025\/12\/favicon_mekulo.png\",\"contentUrl\":\"https:\/\/mekulo.com\/se\/wp-content\/uploads\/sites\/11\/2025\/12\/favicon_mekulo.png\",\"width\":50,\"height\":50,\"caption\":\"Mekulo\"},\"image\":{\"@id\":\"https:\/\/mekulo.com\/se\/#\/schema\/logo\/image\/\"}}]}<\/script>\n<!-- \/ Yoast SEO plugin. -->","yoast_head_json":{"title":"Handvevad gr\u00f6nsaksrivare - Mekulo SE","robots":{"index":"index","follow":"follow","max-snippet":"max-snippet:-1","max-image-preview":"max-image-preview:large","max-video-preview":"max-video-preview:-1"},"canonical":"https:\/\/mekulo.com\/se\/produkt\/handvevad-gronsaksrivare\/","og_locale":"sv_SE","og_type":"article","og_title":"Handvevad gr\u00f6nsaksrivare - Mekulo SE","og_description":"\ud83e\uddc0Den h\u00e4r handvevade gr\u00f6nsaksrivaren hj\u00e4lper dig att f\u00f6rbereda mat upp till 12 g\u00e5nger snabbare samtidigt som du h\u00e5ller h\u00e4nderna borta fr\u00e5n vassa blad. \ud83e\uded1Med en stark sugbas och utbytbara blad g\u00f6r den vardagliga matberedningen enkel, s\u00e4ker och effektiv. \ud83d\udc69\u200d\ud83c\udf73A s\u00e4kert, kraftfullt och tidsbesparande k\u00f6ksverktyg f\u00f6r vardaglig matlagning.","og_url":"https:\/\/mekulo.com\/se\/produkt\/handvevad-gronsaksrivare\/","og_site_name":"Mekulo SE","article_modified_time":"2026-01-14T17:44:49+00:00","og_image":[{"width":800,"height":800,"url":"https:\/\/mekulo.com\/se\/wp-content\/uploads\/sites\/11\/2026\/01\/29fbgjs-1.jpg","type":"image\/jpeg"}],"twitter_card":"summary_large_image","twitter_misc":{"Ber\u00e4knad l\u00e4stid":"2 minuter"},"schema":{"@context":"https:\/\/schema.org","@graph":[{"@type":"WebPage","@id":"https:\/\/mekulo.com\/se\/produkt\/handvevad-gronsaksrivare\/","url":"https:\/\/mekulo.com\/se\/produkt\/handvevad-gronsaksrivare\/","name":"Handvevad gr\u00f6nsaksrivare - Mekulo SE","isPartOf":{"@id":"https:\/\/mekulo.com\/se\/#website"},"primaryImageOfPage":{"@id":"https:\/\/mekulo.com\/se\/produkt\/handvevad-gronsaksrivare\/#primaryimage"},"image":{"@id":"https:\/\/mekulo.com\/se\/produkt\/handvevad-gronsaksrivare\/#primaryimage"},"thumbnailUrl":"https:\/\/mekulo.com\/se\/wp-content\/uploads\/sites\/11\/2026\/01\/29fbgjs-1.jpg","datePublished":"2026-01-14T17:24:20+00:00","dateModified":"2026-01-14T17:44:49+00:00","breadcrumb":{"@id":"https:\/\/mekulo.com\/se\/produkt\/handvevad-gronsaksrivare\/#breadcrumb"},"inLanguage":"sv-SE","potentialAction":[{"@type":"ReadAction","target":["https:\/\/mekulo.com\/se\/produkt\/handvevad-gronsaksrivare\/"]}]},{"@type":"ImageObject","inLanguage":"sv-SE","@id":"https:\/\/mekulo.com\/se\/produkt\/handvevad-gronsaksrivare\/#primaryimage","url":"https:\/\/mekulo.com\/se\/wp-content\/uploads\/sites\/11\/2026\/01\/29fbgjs-1.jpg","contentUrl":"https:\/\/mekulo.com\/se\/wp-content\/uploads\/sites\/11\/2026\/01\/29fbgjs-1.jpg","width":800,"height":800},{"@type":"BreadcrumbList","@id":"https:\/\/mekulo.com\/se\/produkt\/handvevad-gronsaksrivare\/#breadcrumb","itemListElement":[{"@type":"ListItem","position":1,"name":"Home","item":"https:\/\/mekulo.com\/se\/"},{"@type":"ListItem","position":2,"name":"Butik","item":"https:\/\/mekulo.com\/se\/butik\/"},{"@type":"ListItem","position":3,"name":"Handvevad gr\u00f6nsaksrivare"}]},{"@type":"WebSite","@id":"https:\/\/mekulo.com\/se\/#website","url":"https:\/\/mekulo.com\/se\/","name":"Mekulo SE","description":"","publisher":{"@id":"https:\/\/mekulo.com\/se\/#organization"},"potentialAction":[{"@type":"SearchAction","target":{"@type":"EntryPoint","urlTemplate":"https:\/\/mekulo.com\/se\/?s={search_term_string}"},"query-input":{"@type":"PropertyValueSpecification","valueRequired":true,"valueName":"search_term_string"}}],"inLanguage":"sv-SE"},{"@type":"Organization","@id":"https:\/\/mekulo.com\/se\/#organization","name":"Mekulo","url":"https:\/\/mekulo.com\/se\/","logo":{"@type":"ImageObject","inLanguage":"sv-SE","@id":"https:\/\/mekulo.com\/se\/#\/schema\/logo\/image\/","url":"https:\/\/mekulo.com\/se\/wp-content\/uploads\/sites\/11\/2025\/12\/favicon_mekulo.png","contentUrl":"https:\/\/mekulo.com\/se\/wp-content\/uploads\/sites\/11\/2025\/12\/favicon_mekulo.png","width":50,"height":50,"caption":"Mekulo"},"image":{"@id":"https:\/\/mekulo.com\/se\/#\/schema\/logo\/image\/"}}]}},"_links":{"self":[{"href":"https:\/\/mekulo.com\/se\/wp-json\/wp\/v2\/product\/17370","targetHints":{"allow":["GET"]}}],"collection":[{"href":"https:\/\/mekulo.com\/se\/wp-json\/wp\/v2\/product"}],"about":[{"href":"https:\/\/mekulo.com\/se\/wp-json\/wp\/v2\/types\/product"}],"replies":[{"embeddable":true,"href":"https:\/\/mekulo.com\/se\/wp-json\/wp\/v2\/comments?post=17370"}],"wp:featuredmedia":[{"embeddable":true,"href":"https:\/\/mekulo.com\/se\/wp-json\/wp\/v2\/media\/17366"}],"wp:attachment":[{"href":"https:\/\/mekulo.com\/se\/wp-json\/wp\/v2\/media?parent=17370"}],"wp:term":[{"taxonomy":"product_brand","embeddable":true,"href":"https:\/\/mekulo.com\/se\/wp-json\/wp\/v2\/product_brand?post=17370"},{"taxonomy":"product_cat","embeddable":true,"href":"https:\/\/mekulo.com\/se\/wp-json\/wp\/v2\/product_cat?post=17370"},{"taxonomy":"product_tag","embeddable":true,"href":"https:\/\/mekulo.com\/se\/wp-json\/wp\/v2\/product_tag?post=17370"}],"curies":[{"name":"wp","href":"https:\/\/api.w.org\/{rel}","templated":true}]}}