{"id":17254,"date":"2026-01-13T18:42:07","date_gmt":"2026-01-13T16:42:07","guid":{"rendered":"https:\/\/mekulo.com\/se\/produkt\/stankskydd-for-blandningsskal\/"},"modified":"2026-01-14T19:38:03","modified_gmt":"2026-01-14T17:38:03","slug":"stankskydd-for-blandningsskal","status":"publish","type":"product","link":"https:\/\/mekulo.com\/se\/produkt\/stankskydd-for-blandningsskal\/","title":{"rendered":"St\u00e4nkskydd f\u00f6r blandningssk\u00e5l"},"content":{"rendered":"<p style=\"text-align: center;\" data-start=\"0\" data-end=\"52\"><strong data-start=\"0\" data-end=\"52\">H\u00e5ll din mixer ren och din bakning fri fr\u00e5n kladd. \ud83e\uddc1<\/strong><\/p>\n<p data-start=\"0\" data-end=\"52\"><img fetchpriority=\"high\" decoding=\"async\" class=\"size-full wp-image-20090 aligncenter\" src=\"https:\/\/mekulo.com\/template\/wp-content\/uploads\/sites\/6\/2026\/01\/2b83e66f3443f3d559cad70e708c3c4b0ac5a3a9.webp\" alt=\"\" width=\"1001\" height=\"1001\" \/><\/p>\n<h2 style=\"text-align: center;\" data-start=\"244\" data-end=\"264\">Huvudsakliga f\u00f6rdelar<\/h2>\n<p data-start=\"268\" data-end=\"343\">\ud83e\uddfc Omedelbar reng\u00f6ring &#8211; torkar bort deg och smet fr\u00e5n vispen p\u00e5 n\u00e5gra sekunder.<\/p>\n<p data-start=\"346\" data-end=\"418\">\ud83e\uddd1\u200d\ud83c\udf73 Renare arbetsyta &#8211; f\u00f6rhindrar st\u00e4nk och droppar under blandning.<\/p>\n<p data-start=\"421\" data-end=\"468\">\u23f1\ufe0f Sparar tid &#8211; mindre reng\u00f6ring, mer bakning.<\/p>\n<p data-start=\"471\" data-end=\"542\">\ud83c\udf70 Mindre matavfall &#8211; h\u00e5ller smeten i sk\u00e5len, inte p\u00e5 b\u00e4nken.<\/p>\n<p data-start=\"545\" data-end=\"616\">\ud83d\udd27 Perfekt passform &#8211; Utformad f\u00f6r KitchenAid 6-tr\u00e5ds visptillbeh\u00f6r.<\/p>\n<p data-start=\"545\" data-end=\"616\"><img decoding=\"async\" class=\"size-full wp-image-20091 aligncenter\" src=\"https:\/\/mekulo.com\/template\/wp-content\/uploads\/sites\/6\/2026\/01\/275917d77d114624597c204ba754dea2c61b0a8e.avif\" alt=\"\" \/><\/p>\n<h2 style=\"text-align: center;\" data-start=\"623\" data-end=\"640\"><strong>Hur Man Anv\u00e4nder<\/strong><\/h2>\n<ol data-start=\"642\" data-end=\"878\">\n<li data-start=\"642\" data-end=\"693\">\n<p data-start=\"645\" data-end=\"693\">Placera st\u00e4nkskyddet i blandningssk\u00e5len.<\/p>\n<\/li>\n<li data-start=\"694\" data-end=\"744\">\n<p data-start=\"697\" data-end=\"744\">F\u00e4st din KitchenAid 6-tr\u00e5ds visp som vanligt.<\/p>\n<\/li>\n<li data-start=\"745\" data-end=\"784\">\n<p data-start=\"748\" data-end=\"784\">B\u00f6rja blanda ingredienser normalt.<\/p>\n<\/li>\n<li data-start=\"785\" data-end=\"841\">\n<p data-start=\"788\" data-end=\"841\">Lyft vispen f\u00f6r att torka bort \u00f6verfl\u00f6dig smet direkt.<\/p>\n<\/li>\n<li data-start=\"842\" data-end=\"878\">\n<p data-start=\"845\" data-end=\"878\">Ta bort och handtv\u00e4tta efter anv\u00e4ndning.<\/p>\n<\/li>\n<\/ol>\n<h2 style=\"text-align: center;\" data-start=\"885\" data-end=\"907\"><strong>Produktdetaljer<\/strong><\/h2>\n<ul data-start=\"909\" data-end=\"1130\">\n<li data-start=\"952\" data-end=\"1012\">\n<p data-start=\"954\" data-end=\"1012\">Kompatibilitet: KitchenAid stativblandare med 6-tr\u00e5ds visp<\/p>\n<\/li>\n<li data-start=\"1013\" data-end=\"1060\">\n<p data-start=\"1015\" data-end=\"1060\">Funktion: St\u00e4nkskydd och vispreng\u00f6ring<\/p>\n<\/li>\n<li data-start=\"1061\" data-end=\"1085\">\n<p data-start=\"1063\" data-end=\"1085\">V\u00e5rd: Endast handtv\u00e4tt<\/p>\n<\/li>\n<li data-start=\"1086\" data-end=\"1130\">\n<p data-start=\"1088\" data-end=\"1130\">V\u00e4rmebest\u00e4ndighet: Undvik h\u00f6ga temperaturer<\/p>\n<\/li>\n<li data-start=\"1086\" data-end=\"1130\">Storlek: 14 x 12,6 cm<\/li>\n<\/ul>\n<h2 style=\"text-align: center;\" data-start=\"1137\" data-end=\"1160\"><strong>Paketet inneh\u00e5ller<\/strong><\/h2>\n<ul data-start=\"1162\" data-end=\"1194\">\n<li data-start=\"1162\" data-end=\"1194\">\n<p data-start=\"1164\" data-end=\"1194\">1, 2x st\u00e4nkskydd f\u00f6r blandningssk\u00e5l\/s.<\/p>\n<\/li>\n<\/ul>\n","protected":false},"excerpt":{"rendered":"<p>\ud83c\udf5eDetta st\u00e4nkskydd f\u00f6r blandningssk\u00e5l torkar smeten direkt fr\u00e5n vispen samtidigt som det blockerar st\u00e4nk inuti sk\u00e5len.<br \/>\n\ud83d\udc69\u200d\ud83c\udf73It sparar tid, minskar avfallet och h\u00e5ller k\u00f6ket rent under varje blandning.<br \/>\n\ud83e\udd6fEn enkel uppgradering som h\u00e5ller din mixer ren och din bakning stressfri.<\/p>\n","protected":false},"featured_media":17250,"comment_status":"open","ping_status":"closed","template":"","meta":{"site-sidebar-layout":"default","site-content-layout":"","ast-site-content-layout":"default","site-content-style":"default","site-sidebar-style":"default","ast-global-header-display":"","ast-banner-title-visibility":"","ast-main-header-display":"","ast-hfb-above-header-display":"","ast-hfb-below-header-display":"","ast-hfb-mobile-header-display":"","site-post-title":"","ast-breadcrumbs-content":"","ast-featured-img":"","footer-sml-layout":"","theme-transparent-header-meta":"default","adv-header-id-meta":"","stick-header-meta":"","header-above-stick-meta":"","header-main-stick-meta":"","header-below-stick-meta":"","astra-migrate-meta-layouts":"set","ast-page-background-enabled":"default","ast-page-background-meta":{"desktop":{"background-color":"var(--ast-global-color-5)","background-image":"","background-repeat":"repeat","background-position":"center center","background-size":"auto","background-attachment":"scroll","background-type":"","background-media":"","overlay-type":"","overlay-color":"","overlay-opacity":"","overlay-gradient":""},"tablet":{"background-color":"","background-image":"","background-repeat":"repeat","background-position":"center center","background-size":"auto","background-attachment":"scroll","background-type":"","background-media":"","overlay-type":"","overlay-color":"","overlay-opacity":"","overlay-gradient":""},"mobile":{"background-color":"","background-image":"","background-repeat":"repeat","background-position":"center center","background-size":"auto","background-attachment":"scroll","background-type":"","background-media":"","overlay-type":"","overlay-color":"","overlay-opacity":"","overlay-gradient":""}},"ast-content-background-meta":{"desktop":{"background-color":"var(--ast-global-color-4)","background-image":"","background-repeat":"repeat","background-position":"center center","background-size":"auto","background-attachment":"scroll","background-type":"","background-media":"","overlay-type":"","overlay-color":"","overlay-opacity":"","overlay-gradient":""},"tablet":{"background-color":"var(--ast-global-color-4)","background-image":"","background-repeat":"repeat","background-position":"center center","background-size":"auto","background-attachment":"scroll","background-type":"","background-media":"","overlay-type":"","overlay-color":"","overlay-opacity":"","overlay-gradient":""},"mobile":{"background-color":"var(--ast-global-color-4)","background-image":"","background-repeat":"repeat","background-position":"center center","background-size":"auto","background-attachment":"scroll","background-type":"","background-media":"","overlay-type":"","overlay-color":"","overlay-opacity":"","overlay-gradient":""}}},"product_brand":[],"product_cat":[168],"product_tag":[],"class_list":{"0":"post-17254","1":"product","2":"type-product","3":"status-publish","4":"has-post-thumbnail","6":"product_cat-hushallsartiklar","7":"pa_67550_4mx6564g-1-st","8":"pa_67550_4mx6564g-2-st","9":"pa_67550_bbmfj13o-a","10":"pa_67550_bbmfj13o-b","11":"pa_67550_wk52jhkg-bla","12":"pa_67550_wk52jhkg-gron","13":"pa_67550_wk52jhkg-rod","14":"pa_67550_wk52jhkg-vit","15":"desktop-align-left","16":"tablet-align-left","17":"mobile-align-left","19":"first","20":"instock","21":"shipping-taxable","22":"purchasable","23":"product-type-variable","24":"has-default-attributes"},"yoast_head":"<!-- This site is optimized with the Yoast SEO plugin v26.6 - https:\/\/yoast.com\/wordpress\/plugins\/seo\/ -->\n<title>St\u00e4nkskydd f\u00f6r blandningssk\u00e5l - Mekulo SE<\/title>\n<meta name=\"robots\" content=\"index, follow, max-snippet:-1, max-image-preview:large, max-video-preview:-1\" \/>\n<link rel=\"canonical\" href=\"https:\/\/mekulo.com\/se\/produkt\/stankskydd-for-blandningsskal\/\" \/>\n<meta property=\"og:locale\" content=\"en_US\" \/>\n<meta property=\"og:type\" content=\"article\" \/>\n<meta property=\"og:title\" content=\"St\u00e4nkskydd f\u00f6r blandningssk\u00e5l - Mekulo SE\" \/>\n<meta property=\"og:description\" content=\"\ud83c\udf5eDetta st\u00e4nkskydd f\u00f6r blandningssk\u00e5l torkar smeten direkt fr\u00e5n vispen samtidigt som det blockerar st\u00e4nk inuti sk\u00e5len. \ud83d\udc69\u200d\ud83c\udf73It sparar tid, minskar avfallet och h\u00e5ller k\u00f6ket rent under varje blandning. \ud83e\udd6fEn enkel uppgradering som h\u00e5ller din mixer ren och din bakning stressfri.\" \/>\n<meta property=\"og:url\" content=\"https:\/\/mekulo.com\/se\/produkt\/stankskydd-for-blandningsskal\/\" \/>\n<meta property=\"og:site_name\" content=\"Mekulo SE\" \/>\n<meta property=\"article:modified_time\" content=\"2026-01-14T17:38:03+00:00\" \/>\n<meta property=\"og:image\" content=\"https:\/\/mekulo.com\/se\/wp-content\/uploads\/sites\/11\/2026\/01\/i3ebrcq-1.jpg\" \/>\n\t<meta property=\"og:image:width\" content=\"800\" \/>\n\t<meta property=\"og:image:height\" content=\"800\" \/>\n\t<meta property=\"og:image:type\" content=\"image\/jpeg\" \/>\n<meta name=\"twitter:card\" content=\"summary_large_image\" \/>\n<meta name=\"twitter:label1\" content=\"Est. reading time\" \/>\n\t<meta name=\"twitter:data1\" content=\"2 minutes\" \/>\n<script type=\"application\/ld+json\" class=\"yoast-schema-graph\">{\"@context\":\"https:\/\/schema.org\",\"@graph\":[{\"@type\":\"WebPage\",\"@id\":\"https:\/\/mekulo.com\/se\/produkt\/stankskydd-for-blandningsskal\/\",\"url\":\"https:\/\/mekulo.com\/se\/produkt\/stankskydd-for-blandningsskal\/\",\"name\":\"St\u00e4nkskydd f\u00f6r blandningssk\u00e5l - Mekulo SE\",\"isPartOf\":{\"@id\":\"https:\/\/mekulo.com\/se\/#website\"},\"primaryImageOfPage\":{\"@id\":\"https:\/\/mekulo.com\/se\/produkt\/stankskydd-for-blandningsskal\/#primaryimage\"},\"image\":{\"@id\":\"https:\/\/mekulo.com\/se\/produkt\/stankskydd-for-blandningsskal\/#primaryimage\"},\"thumbnailUrl\":\"https:\/\/mekulo.com\/se\/wp-content\/uploads\/sites\/11\/2026\/01\/i3ebrcq-1.jpg\",\"datePublished\":\"2026-01-13T16:42:07+00:00\",\"dateModified\":\"2026-01-14T17:38:03+00:00\",\"breadcrumb\":{\"@id\":\"https:\/\/mekulo.com\/se\/produkt\/stankskydd-for-blandningsskal\/#breadcrumb\"},\"inLanguage\":\"en-US\",\"potentialAction\":[{\"@type\":\"ReadAction\",\"target\":[\"https:\/\/mekulo.com\/se\/produkt\/stankskydd-for-blandningsskal\/\"]}]},{\"@type\":\"ImageObject\",\"inLanguage\":\"en-US\",\"@id\":\"https:\/\/mekulo.com\/se\/produkt\/stankskydd-for-blandningsskal\/#primaryimage\",\"url\":\"https:\/\/mekulo.com\/se\/wp-content\/uploads\/sites\/11\/2026\/01\/i3ebrcq-1.jpg\",\"contentUrl\":\"https:\/\/mekulo.com\/se\/wp-content\/uploads\/sites\/11\/2026\/01\/i3ebrcq-1.jpg\",\"width\":800,\"height\":800},{\"@type\":\"BreadcrumbList\",\"@id\":\"https:\/\/mekulo.com\/se\/produkt\/stankskydd-for-blandningsskal\/#breadcrumb\",\"itemListElement\":[{\"@type\":\"ListItem\",\"position\":1,\"name\":\"Home\",\"item\":\"https:\/\/mekulo.com\/se\/\"},{\"@type\":\"ListItem\",\"position\":2,\"name\":\"Butik\",\"item\":\"https:\/\/mekulo.com\/se\/butik\/\"},{\"@type\":\"ListItem\",\"position\":3,\"name\":\"St\u00e4nkskydd f\u00f6r blandningssk\u00e5l\"}]},{\"@type\":\"WebSite\",\"@id\":\"https:\/\/mekulo.com\/se\/#website\",\"url\":\"https:\/\/mekulo.com\/se\/\",\"name\":\"Mekulo SE\",\"description\":\"\",\"publisher\":{\"@id\":\"https:\/\/mekulo.com\/se\/#organization\"},\"potentialAction\":[{\"@type\":\"SearchAction\",\"target\":{\"@type\":\"EntryPoint\",\"urlTemplate\":\"https:\/\/mekulo.com\/se\/?s={search_term_string}\"},\"query-input\":{\"@type\":\"PropertyValueSpecification\",\"valueRequired\":true,\"valueName\":\"search_term_string\"}}],\"inLanguage\":\"en-US\"},{\"@type\":\"Organization\",\"@id\":\"https:\/\/mekulo.com\/se\/#organization\",\"name\":\"Mekulo\",\"url\":\"https:\/\/mekulo.com\/se\/\",\"logo\":{\"@type\":\"ImageObject\",\"inLanguage\":\"en-US\",\"@id\":\"https:\/\/mekulo.com\/se\/#\/schema\/logo\/image\/\",\"url\":\"https:\/\/mekulo.com\/se\/wp-content\/uploads\/sites\/11\/2025\/12\/favicon_mekulo.png\",\"contentUrl\":\"https:\/\/mekulo.com\/se\/wp-content\/uploads\/sites\/11\/2025\/12\/favicon_mekulo.png\",\"width\":50,\"height\":50,\"caption\":\"Mekulo\"},\"image\":{\"@id\":\"https:\/\/mekulo.com\/se\/#\/schema\/logo\/image\/\"}}]}<\/script>\n<!-- \/ Yoast SEO plugin. -->","yoast_head_json":{"title":"St\u00e4nkskydd f\u00f6r blandningssk\u00e5l - Mekulo SE","robots":{"index":"index","follow":"follow","max-snippet":"max-snippet:-1","max-image-preview":"max-image-preview:large","max-video-preview":"max-video-preview:-1"},"canonical":"https:\/\/mekulo.com\/se\/produkt\/stankskydd-for-blandningsskal\/","og_locale":"en_US","og_type":"article","og_title":"St\u00e4nkskydd f\u00f6r blandningssk\u00e5l - Mekulo SE","og_description":"\ud83c\udf5eDetta st\u00e4nkskydd f\u00f6r blandningssk\u00e5l torkar smeten direkt fr\u00e5n vispen samtidigt som det blockerar st\u00e4nk inuti sk\u00e5len. \ud83d\udc69\u200d\ud83c\udf73It sparar tid, minskar avfallet och h\u00e5ller k\u00f6ket rent under varje blandning. \ud83e\udd6fEn enkel uppgradering som h\u00e5ller din mixer ren och din bakning stressfri.","og_url":"https:\/\/mekulo.com\/se\/produkt\/stankskydd-for-blandningsskal\/","og_site_name":"Mekulo SE","article_modified_time":"2026-01-14T17:38:03+00:00","og_image":[{"width":800,"height":800,"url":"https:\/\/mekulo.com\/se\/wp-content\/uploads\/sites\/11\/2026\/01\/i3ebrcq-1.jpg","type":"image\/jpeg"}],"twitter_card":"summary_large_image","twitter_misc":{"Est. reading time":"2 minutes"},"schema":{"@context":"https:\/\/schema.org","@graph":[{"@type":"WebPage","@id":"https:\/\/mekulo.com\/se\/produkt\/stankskydd-for-blandningsskal\/","url":"https:\/\/mekulo.com\/se\/produkt\/stankskydd-for-blandningsskal\/","name":"St\u00e4nkskydd f\u00f6r blandningssk\u00e5l - Mekulo SE","isPartOf":{"@id":"https:\/\/mekulo.com\/se\/#website"},"primaryImageOfPage":{"@id":"https:\/\/mekulo.com\/se\/produkt\/stankskydd-for-blandningsskal\/#primaryimage"},"image":{"@id":"https:\/\/mekulo.com\/se\/produkt\/stankskydd-for-blandningsskal\/#primaryimage"},"thumbnailUrl":"https:\/\/mekulo.com\/se\/wp-content\/uploads\/sites\/11\/2026\/01\/i3ebrcq-1.jpg","datePublished":"2026-01-13T16:42:07+00:00","dateModified":"2026-01-14T17:38:03+00:00","breadcrumb":{"@id":"https:\/\/mekulo.com\/se\/produkt\/stankskydd-for-blandningsskal\/#breadcrumb"},"inLanguage":"en-US","potentialAction":[{"@type":"ReadAction","target":["https:\/\/mekulo.com\/se\/produkt\/stankskydd-for-blandningsskal\/"]}]},{"@type":"ImageObject","inLanguage":"en-US","@id":"https:\/\/mekulo.com\/se\/produkt\/stankskydd-for-blandningsskal\/#primaryimage","url":"https:\/\/mekulo.com\/se\/wp-content\/uploads\/sites\/11\/2026\/01\/i3ebrcq-1.jpg","contentUrl":"https:\/\/mekulo.com\/se\/wp-content\/uploads\/sites\/11\/2026\/01\/i3ebrcq-1.jpg","width":800,"height":800},{"@type":"BreadcrumbList","@id":"https:\/\/mekulo.com\/se\/produkt\/stankskydd-for-blandningsskal\/#breadcrumb","itemListElement":[{"@type":"ListItem","position":1,"name":"Home","item":"https:\/\/mekulo.com\/se\/"},{"@type":"ListItem","position":2,"name":"Butik","item":"https:\/\/mekulo.com\/se\/butik\/"},{"@type":"ListItem","position":3,"name":"St\u00e4nkskydd f\u00f6r blandningssk\u00e5l"}]},{"@type":"WebSite","@id":"https:\/\/mekulo.com\/se\/#website","url":"https:\/\/mekulo.com\/se\/","name":"Mekulo SE","description":"","publisher":{"@id":"https:\/\/mekulo.com\/se\/#organization"},"potentialAction":[{"@type":"SearchAction","target":{"@type":"EntryPoint","urlTemplate":"https:\/\/mekulo.com\/se\/?s={search_term_string}"},"query-input":{"@type":"PropertyValueSpecification","valueRequired":true,"valueName":"search_term_string"}}],"inLanguage":"en-US"},{"@type":"Organization","@id":"https:\/\/mekulo.com\/se\/#organization","name":"Mekulo","url":"https:\/\/mekulo.com\/se\/","logo":{"@type":"ImageObject","inLanguage":"en-US","@id":"https:\/\/mekulo.com\/se\/#\/schema\/logo\/image\/","url":"https:\/\/mekulo.com\/se\/wp-content\/uploads\/sites\/11\/2025\/12\/favicon_mekulo.png","contentUrl":"https:\/\/mekulo.com\/se\/wp-content\/uploads\/sites\/11\/2025\/12\/favicon_mekulo.png","width":50,"height":50,"caption":"Mekulo"},"image":{"@id":"https:\/\/mekulo.com\/se\/#\/schema\/logo\/image\/"}}]}},"_links":{"self":[{"href":"https:\/\/mekulo.com\/se\/wp-json\/wp\/v2\/product\/17254","targetHints":{"allow":["GET"]}}],"collection":[{"href":"https:\/\/mekulo.com\/se\/wp-json\/wp\/v2\/product"}],"about":[{"href":"https:\/\/mekulo.com\/se\/wp-json\/wp\/v2\/types\/product"}],"replies":[{"embeddable":true,"href":"https:\/\/mekulo.com\/se\/wp-json\/wp\/v2\/comments?post=17254"}],"wp:featuredmedia":[{"embeddable":true,"href":"https:\/\/mekulo.com\/se\/wp-json\/wp\/v2\/media\/17250"}],"wp:attachment":[{"href":"https:\/\/mekulo.com\/se\/wp-json\/wp\/v2\/media?parent=17254"}],"wp:term":[{"taxonomy":"product_brand","embeddable":true,"href":"https:\/\/mekulo.com\/se\/wp-json\/wp\/v2\/product_brand?post=17254"},{"taxonomy":"product_cat","embeddable":true,"href":"https:\/\/mekulo.com\/se\/wp-json\/wp\/v2\/product_cat?post=17254"},{"taxonomy":"product_tag","embeddable":true,"href":"https:\/\/mekulo.com\/se\/wp-json\/wp\/v2\/product_tag?post=17254"}],"curies":[{"name":"wp","href":"https:\/\/api.w.org\/{rel}","templated":true}]}}