{"id":17205,"date":"2026-01-13T18:39:30","date_gmt":"2026-01-13T16:39:30","guid":{"rendered":"https:\/\/mekulo.com\/se\/produkt\/skoorrangor-for-resor\/"},"modified":"2026-01-14T19:36:08","modified_gmt":"2026-01-14T17:36:08","slug":"skoorrangor-for-resor","status":"publish","type":"product","link":"https:\/\/mekulo.com\/se\/produkt\/skoorrangor-for-resor\/","title":{"rendered":"Skoorrang\u00f6r f\u00f6r resor"},"content":{"rendered":"<p style=\"text-align: center;\" data-start=\"0\" data-end=\"68\"><strong data-start=\"0\" data-end=\"68\">H\u00e5ll dina skor rena, organiserade och skyddade vart du \u00e4n g\u00e5r. \ud83d\udc5f<\/strong><\/p>\n<p data-start=\"0\" data-end=\"68\"><img decoding=\"async\" class=\"size-full wp-image-20046 aligncenter\" src=\"https:\/\/mekulo.com\/template\/wp-content\/uploads\/sites\/6\/2026\/01\/a77822ac0e47199c6e179aca4d076e070bb48690.avif\" alt=\"\" \/><\/p>\n<h2 style=\"text-align: center;\" data-start=\"271\" data-end=\"291\">Huvudsakliga f\u00f6rdelar<\/h2>\n<p data-start=\"295\" data-end=\"349\">\ud83d\udc5f Stor kapacitet &#8211; Rymmer upp till 3 par skor.<\/p>\n<p data-start=\"352\" data-end=\"417\">\ud83d\uddc2\ufe0f Design med tre fack &#8211; Enkel uppdelning efter skotyp.<\/p>\n<p data-start=\"420\" data-end=\"482\">\ud83d\udca7 Vattenavvisande tyg &#8211; Skyddar skorna fr\u00e5n fukt.<\/p>\n<p data-start=\"485\" data-end=\"546\">\u270b L\u00e4tt att b\u00e4ra &#8211; Starkt topphandtag f\u00f6r snabb transport.<\/p>\n<p data-start=\"549\" data-end=\"616\">\ud83c\udf92 Multifunktionell anv\u00e4ndning &#8211; Fungerar som f\u00f6rvaring eller reseorganisat\u00f6r.<\/p>\n<p data-start=\"549\" data-end=\"616\"><img fetchpriority=\"high\" decoding=\"async\" class=\"size-full wp-image-20048 aligncenter\" src=\"https:\/\/mekulo.com\/template\/wp-content\/uploads\/sites\/6\/2026\/01\/S5cbb92c57fb946e3bc1910ac9879e606o.jpg_960x960q75.jpg_.avif\" alt=\"\" width=\"790\" height=\"790\" \/><\/p>\n<h2 style=\"text-align: center;\" data-start=\"623\" data-end=\"640\"><strong>Anv\u00e4ndning<\/strong><\/h2>\n<ol data-start=\"642\" data-end=\"862\">\n<li data-start=\"642\" data-end=\"691\">\n<p data-start=\"645\" data-end=\"691\">\u00d6ppna organisat\u00f6ren med hj\u00e4lp av tv\u00e5v\u00e4gsdragkedjan.<\/p>\n<\/li>\n<li data-start=\"692\" data-end=\"745\">\n<p data-start=\"695\" data-end=\"745\">Placera skorna i varje fack baserat p\u00e5 storlek.<\/p>\n<\/li>\n<li data-start=\"746\" data-end=\"797\">\n<p data-start=\"749\" data-end=\"797\">St\u00e4ng dragkedjan f\u00f6r att h\u00e5lla skorna s\u00e4kra och \u00e5tskilda.<\/p>\n<\/li>\n<li data-start=\"798\" data-end=\"862\">\n<p data-start=\"801\" data-end=\"862\">B\u00e4r i handtaget eller placera i bagaget eller garderoben.<\/p>\n<\/li>\n<\/ol>\n<h2 style=\"text-align: center;\" data-start=\"869\" data-end=\"891\"><strong>Produktdetaljer<\/strong><\/h2>\n<ul data-start=\"893\" data-end=\"1190\">\n<li data-start=\"933\" data-end=\"985\">\n<p data-start=\"935\" data-end=\"985\">Material: H\u00f6gkvalitativ twill \/ 600D Oxford-tyg<\/p>\n<\/li>\n<li data-start=\"986\" data-end=\"1026\">\n<p data-start=\"988\" data-end=\"1026\">Design: Skofack i tre niv\u00e5er<\/p>\n<\/li>\n<li data-start=\"1027\" data-end=\"1054\">\n<p data-start=\"1029\" data-end=\"1054\">Storlek: 30 x 23 x 13,5 cm<\/p>\n<\/li>\n<li data-start=\"1055\" data-end=\"1080\">\n<p data-start=\"1057\" data-end=\"1080\">Form: Kompakt kuboid<\/p>\n<\/li>\n<li data-start=\"1081\" data-end=\"1135\">\n<p data-start=\"1083\" data-end=\"1135\">Funktioner: Vattenavvisande, slitstarka, smidiga dragkedjor<\/p>\n<\/li>\n<li data-start=\"1136\" data-end=\"1190\">\n<p data-start=\"1138\" data-end=\"1190\">Anv\u00e4ndning: Skor, toalettartiklar, smink, underkl\u00e4der, tv\u00e4tt<\/p>\n<\/li>\n<\/ul>\n<h2 style=\"text-align: center;\" data-start=\"1197\" data-end=\"1220\"><strong>Paketet inneh\u00e5ller<\/strong><\/h2>\n<ul data-start=\"1222\" data-end=\"1251\">\n<li data-start=\"1222\" data-end=\"1251\">\n<p data-start=\"1224\" data-end=\"1251\">1, 2, 3x reseskof\u00f6rvaring\/s.<\/p>\n<\/li>\n<\/ul>\n","protected":false},"excerpt":{"rendered":"<p><span style=\"font-size: 16px; font-style: normal; font-weight: 400;\">\ud83d\udc5e<\/span>Den h\u00e4r reseskoorganisatorn f\u00f6rvarar flera par i en kompakt v\u00e4ska, s\u00e5 att ditt bagage h\u00e5lls snyggt och dina skor separerade fr\u00e5n kl\u00e4derna.<br \/>\n\ud83d\udc60Den \u00e4r perfekt f\u00f6r resor, jobbresor, sport eller f\u00f6rvaring i hemmet.<br \/>\n\ud83e\ude70En smart, platsbesparande l\u00f6sning f\u00f6r att h\u00e5lla ordning p\u00e5 skorna hemma eller p\u00e5 resande fot.<\/p>\n","protected":false},"featured_media":17201,"comment_status":"open","ping_status":"closed","template":"","meta":{"site-sidebar-layout":"default","site-content-layout":"","ast-site-content-layout":"default","site-content-style":"default","site-sidebar-style":"default","ast-global-header-display":"","ast-banner-title-visibility":"","ast-main-header-display":"","ast-hfb-above-header-display":"","ast-hfb-below-header-display":"","ast-hfb-mobile-header-display":"","site-post-title":"","ast-breadcrumbs-content":"","ast-featured-img":"","footer-sml-layout":"","theme-transparent-header-meta":"default","adv-header-id-meta":"","stick-header-meta":"","header-above-stick-meta":"","header-main-stick-meta":"","header-below-stick-meta":"","astra-migrate-meta-layouts":"set","ast-page-background-enabled":"default","ast-page-background-meta":{"desktop":{"background-color":"var(--ast-global-color-5)","background-image":"","background-repeat":"repeat","background-position":"center center","background-size":"auto","background-attachment":"scroll","background-type":"","background-media":"","overlay-type":"","overlay-color":"","overlay-opacity":"","overlay-gradient":""},"tablet":{"background-color":"","background-image":"","background-repeat":"repeat","background-position":"center center","background-size":"auto","background-attachment":"scroll","background-type":"","background-media":"","overlay-type":"","overlay-color":"","overlay-opacity":"","overlay-gradient":""},"mobile":{"background-color":"","background-image":"","background-repeat":"repeat","background-position":"center center","background-size":"auto","background-attachment":"scroll","background-type":"","background-media":"","overlay-type":"","overlay-color":"","overlay-opacity":"","overlay-gradient":""}},"ast-content-background-meta":{"desktop":{"background-color":"var(--ast-global-color-4)","background-image":"","background-repeat":"repeat","background-position":"center center","background-size":"auto","background-attachment":"scroll","background-type":"","background-media":"","overlay-type":"","overlay-color":"","overlay-opacity":"","overlay-gradient":""},"tablet":{"background-color":"var(--ast-global-color-4)","background-image":"","background-repeat":"repeat","background-position":"center center","background-size":"auto","background-attachment":"scroll","background-type":"","background-media":"","overlay-type":"","overlay-color":"","overlay-opacity":"","overlay-gradient":""},"mobile":{"background-color":"var(--ast-global-color-4)","background-image":"","background-repeat":"repeat","background-position":"center center","background-size":"auto","background-attachment":"scroll","background-type":"","background-media":"","overlay-type":"","overlay-color":"","overlay-opacity":"","overlay-gradient":""}}},"product_brand":[],"product_cat":[165],"product_tag":[],"class_list":{"0":"post-17205","1":"product","2":"type-product","3":"status-publish","4":"has-post-thumbnail","6":"product_cat-skor-accessoarer","7":"pa_67051_8ygiswnd-1-st","8":"pa_67051_8ygiswnd-2-st","9":"pa_67051_8ygiswnd-3-st","10":"pa_67051_osu5e6q7-beige","11":"pa_67051_osu5e6q7-bla","12":"pa_67051_osu5e6q7-gra","13":"pa_67051_osu5e6q7-ljusbla","14":"pa_67051_osu5e6q7-rosa","15":"pa_67051_osu5e6q7-svart","16":"desktop-align-left","17":"tablet-align-left","18":"mobile-align-left","20":"first","21":"instock","22":"shipping-taxable","23":"purchasable","24":"product-type-variable","25":"has-default-attributes"},"yoast_head":"<!-- This site is optimized with the Yoast SEO plugin v26.6 - https:\/\/yoast.com\/wordpress\/plugins\/seo\/ -->\n<title>Skoorrang\u00f6r f\u00f6r resor - Mekulo SE<\/title>\n<meta name=\"robots\" content=\"index, follow, max-snippet:-1, max-image-preview:large, max-video-preview:-1\" \/>\n<link rel=\"canonical\" href=\"https:\/\/mekulo.com\/se\/produkt\/skoorrangor-for-resor\/\" \/>\n<meta property=\"og:locale\" content=\"sv_SE\" \/>\n<meta property=\"og:type\" content=\"article\" \/>\n<meta property=\"og:title\" content=\"Skoorrang\u00f6r f\u00f6r resor - Mekulo SE\" \/>\n<meta property=\"og:description\" content=\"\ud83d\udc5eDen h\u00e4r reseskoorganisatorn f\u00f6rvarar flera par i en kompakt v\u00e4ska, s\u00e5 att ditt bagage h\u00e5lls snyggt och dina skor separerade fr\u00e5n kl\u00e4derna. \ud83d\udc60Den \u00e4r perfekt f\u00f6r resor, jobbresor, sport eller f\u00f6rvaring i hemmet. \ud83e\ude70En smart, platsbesparande l\u00f6sning f\u00f6r att h\u00e5lla ordning p\u00e5 skorna hemma eller p\u00e5 resande fot.\" \/>\n<meta property=\"og:url\" content=\"https:\/\/mekulo.com\/se\/produkt\/skoorrangor-for-resor\/\" \/>\n<meta property=\"og:site_name\" content=\"Mekulo SE\" \/>\n<meta property=\"article:modified_time\" content=\"2026-01-14T17:36:08+00:00\" \/>\n<meta property=\"og:image\" content=\"https:\/\/mekulo.com\/se\/wp-content\/uploads\/sites\/11\/2026\/01\/jjvgfda-1.jpg\" \/>\n\t<meta property=\"og:image:width\" content=\"800\" \/>\n\t<meta property=\"og:image:height\" content=\"800\" \/>\n\t<meta property=\"og:image:type\" content=\"image\/jpeg\" \/>\n<meta name=\"twitter:card\" content=\"summary_large_image\" \/>\n<meta name=\"twitter:label1\" content=\"Ber\u00e4knad l\u00e4stid\" \/>\n\t<meta name=\"twitter:data1\" content=\"2 minuter\" \/>\n<script type=\"application\/ld+json\" class=\"yoast-schema-graph\">{\"@context\":\"https:\/\/schema.org\",\"@graph\":[{\"@type\":\"WebPage\",\"@id\":\"https:\/\/mekulo.com\/se\/produkt\/skoorrangor-for-resor\/\",\"url\":\"https:\/\/mekulo.com\/se\/produkt\/skoorrangor-for-resor\/\",\"name\":\"Skoorrang\u00f6r f\u00f6r resor - Mekulo SE\",\"isPartOf\":{\"@id\":\"https:\/\/mekulo.com\/se\/#website\"},\"primaryImageOfPage\":{\"@id\":\"https:\/\/mekulo.com\/se\/produkt\/skoorrangor-for-resor\/#primaryimage\"},\"image\":{\"@id\":\"https:\/\/mekulo.com\/se\/produkt\/skoorrangor-for-resor\/#primaryimage\"},\"thumbnailUrl\":\"https:\/\/mekulo.com\/se\/wp-content\/uploads\/sites\/11\/2026\/01\/jjvgfda-1.jpg\",\"datePublished\":\"2026-01-13T16:39:30+00:00\",\"dateModified\":\"2026-01-14T17:36:08+00:00\",\"breadcrumb\":{\"@id\":\"https:\/\/mekulo.com\/se\/produkt\/skoorrangor-for-resor\/#breadcrumb\"},\"inLanguage\":\"sv-SE\",\"potentialAction\":[{\"@type\":\"ReadAction\",\"target\":[\"https:\/\/mekulo.com\/se\/produkt\/skoorrangor-for-resor\/\"]}]},{\"@type\":\"ImageObject\",\"inLanguage\":\"sv-SE\",\"@id\":\"https:\/\/mekulo.com\/se\/produkt\/skoorrangor-for-resor\/#primaryimage\",\"url\":\"https:\/\/mekulo.com\/se\/wp-content\/uploads\/sites\/11\/2026\/01\/jjvgfda-1.jpg\",\"contentUrl\":\"https:\/\/mekulo.com\/se\/wp-content\/uploads\/sites\/11\/2026\/01\/jjvgfda-1.jpg\",\"width\":800,\"height\":800},{\"@type\":\"BreadcrumbList\",\"@id\":\"https:\/\/mekulo.com\/se\/produkt\/skoorrangor-for-resor\/#breadcrumb\",\"itemListElement\":[{\"@type\":\"ListItem\",\"position\":1,\"name\":\"Home\",\"item\":\"https:\/\/mekulo.com\/se\/\"},{\"@type\":\"ListItem\",\"position\":2,\"name\":\"Butik\",\"item\":\"https:\/\/mekulo.com\/se\/butik\/\"},{\"@type\":\"ListItem\",\"position\":3,\"name\":\"Skoorrang\u00f6r f\u00f6r resor\"}]},{\"@type\":\"WebSite\",\"@id\":\"https:\/\/mekulo.com\/se\/#website\",\"url\":\"https:\/\/mekulo.com\/se\/\",\"name\":\"Mekulo SE\",\"description\":\"\",\"publisher\":{\"@id\":\"https:\/\/mekulo.com\/se\/#organization\"},\"potentialAction\":[{\"@type\":\"SearchAction\",\"target\":{\"@type\":\"EntryPoint\",\"urlTemplate\":\"https:\/\/mekulo.com\/se\/?s={search_term_string}\"},\"query-input\":{\"@type\":\"PropertyValueSpecification\",\"valueRequired\":true,\"valueName\":\"search_term_string\"}}],\"inLanguage\":\"sv-SE\"},{\"@type\":\"Organization\",\"@id\":\"https:\/\/mekulo.com\/se\/#organization\",\"name\":\"Mekulo\",\"url\":\"https:\/\/mekulo.com\/se\/\",\"logo\":{\"@type\":\"ImageObject\",\"inLanguage\":\"sv-SE\",\"@id\":\"https:\/\/mekulo.com\/se\/#\/schema\/logo\/image\/\",\"url\":\"https:\/\/mekulo.com\/se\/wp-content\/uploads\/sites\/11\/2025\/12\/favicon_mekulo.png\",\"contentUrl\":\"https:\/\/mekulo.com\/se\/wp-content\/uploads\/sites\/11\/2025\/12\/favicon_mekulo.png\",\"width\":50,\"height\":50,\"caption\":\"Mekulo\"},\"image\":{\"@id\":\"https:\/\/mekulo.com\/se\/#\/schema\/logo\/image\/\"}}]}<\/script>\n<!-- \/ Yoast SEO plugin. -->","yoast_head_json":{"title":"Skoorrang\u00f6r f\u00f6r resor - Mekulo SE","robots":{"index":"index","follow":"follow","max-snippet":"max-snippet:-1","max-image-preview":"max-image-preview:large","max-video-preview":"max-video-preview:-1"},"canonical":"https:\/\/mekulo.com\/se\/produkt\/skoorrangor-for-resor\/","og_locale":"sv_SE","og_type":"article","og_title":"Skoorrang\u00f6r f\u00f6r resor - Mekulo SE","og_description":"\ud83d\udc5eDen h\u00e4r reseskoorganisatorn f\u00f6rvarar flera par i en kompakt v\u00e4ska, s\u00e5 att ditt bagage h\u00e5lls snyggt och dina skor separerade fr\u00e5n kl\u00e4derna. \ud83d\udc60Den \u00e4r perfekt f\u00f6r resor, jobbresor, sport eller f\u00f6rvaring i hemmet. \ud83e\ude70En smart, platsbesparande l\u00f6sning f\u00f6r att h\u00e5lla ordning p\u00e5 skorna hemma eller p\u00e5 resande fot.","og_url":"https:\/\/mekulo.com\/se\/produkt\/skoorrangor-for-resor\/","og_site_name":"Mekulo SE","article_modified_time":"2026-01-14T17:36:08+00:00","og_image":[{"width":800,"height":800,"url":"https:\/\/mekulo.com\/se\/wp-content\/uploads\/sites\/11\/2026\/01\/jjvgfda-1.jpg","type":"image\/jpeg"}],"twitter_card":"summary_large_image","twitter_misc":{"Ber\u00e4knad l\u00e4stid":"2 minuter"},"schema":{"@context":"https:\/\/schema.org","@graph":[{"@type":"WebPage","@id":"https:\/\/mekulo.com\/se\/produkt\/skoorrangor-for-resor\/","url":"https:\/\/mekulo.com\/se\/produkt\/skoorrangor-for-resor\/","name":"Skoorrang\u00f6r f\u00f6r resor - Mekulo SE","isPartOf":{"@id":"https:\/\/mekulo.com\/se\/#website"},"primaryImageOfPage":{"@id":"https:\/\/mekulo.com\/se\/produkt\/skoorrangor-for-resor\/#primaryimage"},"image":{"@id":"https:\/\/mekulo.com\/se\/produkt\/skoorrangor-for-resor\/#primaryimage"},"thumbnailUrl":"https:\/\/mekulo.com\/se\/wp-content\/uploads\/sites\/11\/2026\/01\/jjvgfda-1.jpg","datePublished":"2026-01-13T16:39:30+00:00","dateModified":"2026-01-14T17:36:08+00:00","breadcrumb":{"@id":"https:\/\/mekulo.com\/se\/produkt\/skoorrangor-for-resor\/#breadcrumb"},"inLanguage":"sv-SE","potentialAction":[{"@type":"ReadAction","target":["https:\/\/mekulo.com\/se\/produkt\/skoorrangor-for-resor\/"]}]},{"@type":"ImageObject","inLanguage":"sv-SE","@id":"https:\/\/mekulo.com\/se\/produkt\/skoorrangor-for-resor\/#primaryimage","url":"https:\/\/mekulo.com\/se\/wp-content\/uploads\/sites\/11\/2026\/01\/jjvgfda-1.jpg","contentUrl":"https:\/\/mekulo.com\/se\/wp-content\/uploads\/sites\/11\/2026\/01\/jjvgfda-1.jpg","width":800,"height":800},{"@type":"BreadcrumbList","@id":"https:\/\/mekulo.com\/se\/produkt\/skoorrangor-for-resor\/#breadcrumb","itemListElement":[{"@type":"ListItem","position":1,"name":"Home","item":"https:\/\/mekulo.com\/se\/"},{"@type":"ListItem","position":2,"name":"Butik","item":"https:\/\/mekulo.com\/se\/butik\/"},{"@type":"ListItem","position":3,"name":"Skoorrang\u00f6r f\u00f6r resor"}]},{"@type":"WebSite","@id":"https:\/\/mekulo.com\/se\/#website","url":"https:\/\/mekulo.com\/se\/","name":"Mekulo SE","description":"","publisher":{"@id":"https:\/\/mekulo.com\/se\/#organization"},"potentialAction":[{"@type":"SearchAction","target":{"@type":"EntryPoint","urlTemplate":"https:\/\/mekulo.com\/se\/?s={search_term_string}"},"query-input":{"@type":"PropertyValueSpecification","valueRequired":true,"valueName":"search_term_string"}}],"inLanguage":"sv-SE"},{"@type":"Organization","@id":"https:\/\/mekulo.com\/se\/#organization","name":"Mekulo","url":"https:\/\/mekulo.com\/se\/","logo":{"@type":"ImageObject","inLanguage":"sv-SE","@id":"https:\/\/mekulo.com\/se\/#\/schema\/logo\/image\/","url":"https:\/\/mekulo.com\/se\/wp-content\/uploads\/sites\/11\/2025\/12\/favicon_mekulo.png","contentUrl":"https:\/\/mekulo.com\/se\/wp-content\/uploads\/sites\/11\/2025\/12\/favicon_mekulo.png","width":50,"height":50,"caption":"Mekulo"},"image":{"@id":"https:\/\/mekulo.com\/se\/#\/schema\/logo\/image\/"}}]}},"_links":{"self":[{"href":"https:\/\/mekulo.com\/se\/wp-json\/wp\/v2\/product\/17205","targetHints":{"allow":["GET"]}}],"collection":[{"href":"https:\/\/mekulo.com\/se\/wp-json\/wp\/v2\/product"}],"about":[{"href":"https:\/\/mekulo.com\/se\/wp-json\/wp\/v2\/types\/product"}],"replies":[{"embeddable":true,"href":"https:\/\/mekulo.com\/se\/wp-json\/wp\/v2\/comments?post=17205"}],"wp:featuredmedia":[{"embeddable":true,"href":"https:\/\/mekulo.com\/se\/wp-json\/wp\/v2\/media\/17201"}],"wp:attachment":[{"href":"https:\/\/mekulo.com\/se\/wp-json\/wp\/v2\/media?parent=17205"}],"wp:term":[{"taxonomy":"product_brand","embeddable":true,"href":"https:\/\/mekulo.com\/se\/wp-json\/wp\/v2\/product_brand?post=17205"},{"taxonomy":"product_cat","embeddable":true,"href":"https:\/\/mekulo.com\/se\/wp-json\/wp\/v2\/product_cat?post=17205"},{"taxonomy":"product_tag","embeddable":true,"href":"https:\/\/mekulo.com\/se\/wp-json\/wp\/v2\/product_tag?post=17205"}],"curies":[{"name":"wp","href":"https:\/\/api.w.org\/{rel}","templated":true}]}}