{"id":17165,"date":"2026-01-13T18:34:53","date_gmt":"2026-01-13T16:34:53","guid":{"rendered":"https:\/\/mekulo.com\/se\/produkt\/serveringsbricka-for-pussel\/"},"modified":"2026-01-14T19:29:03","modified_gmt":"2026-01-14T17:29:03","slug":"serveringsbricka-for-pussel","status":"publish","type":"product","link":"https:\/\/mekulo.com\/se\/produkt\/serveringsbricka-for-pussel\/","title":{"rendered":"Serveringsbricka f\u00f6r pussel"},"content":{"rendered":"<p style=\"text-align: center;\" data-start=\"0\" data-end=\"60\"><strong data-start=\"0\" data-end=\"60\">Servera snacks snyggt och vackert i en snygg bricka. \ud83e\udeb5<\/strong><\/p>\n<p data-start=\"0\" data-end=\"60\"><img fetchpriority=\"high\" decoding=\"async\" class=\" wp-image-20010 aligncenter\" src=\"https:\/\/mekulo.com\/template\/wp-content\/uploads\/sites\/6\/2026\/01\/ce5233ce8d60c0e27d7e4a4a149bb61ba8e6235a-700.avif\" alt=\"\" width=\"578\" height=\"578\" \/><\/p>\n<h2 style=\"text-align: center;\" data-start=\"310\" data-end=\"330\">Huvudsakliga f\u00f6rdelar<\/h2>\n<p data-start=\"334\" data-end=\"404\">\ud83e\udeb5 Premium tr\u00e4konstruktion &#8211; Stark, h\u00e5llbar och naturligt elegant.<\/p>\n<p data-start=\"407\" data-end=\"478\">\ud83e\udde9 Fack i pusselstil &#8211; H\u00e5ll snacks \u00e5tskilda och organiserade.<\/p>\n<p data-start=\"481\" data-end=\"537\">\ud83c\udf7f Rymlig design &#8211; Servera flera snacks samtidigt.<\/p>\n<p data-start=\"540\" data-end=\"602\">\ud83c\udfe1 Minimalistisk look &#8211; Matchar alla k\u00f6k och vardagsrum.<\/p>\n<p data-start=\"605\" data-end=\"679\">\ud83c\udf81 Bra presentid\u00e9 &#8211; Perfekt f\u00f6r inflyttningar och speciella tillf\u00e4llen.<\/p>\n<p data-start=\"605\" data-end=\"679\"><img decoding=\"async\" class=\" wp-image-20014 aligncenter\" src=\"https:\/\/mekulo.com\/template\/wp-content\/uploads\/sites\/6\/2026\/01\/c2c40cba-ecdb-47cb-a3aa-4905010328fe.webp\" alt=\"\" width=\"571\" height=\"571\" \/><\/p>\n<h2 style=\"text-align: center;\" data-start=\"686\" data-end=\"703\"><strong>Anv\u00e4ndning<\/strong><\/h2>\n<ol data-start=\"705\" data-end=\"947\">\n<li data-start=\"705\" data-end=\"762\">\n<p data-start=\"708\" data-end=\"762\">St\u00e4ll brickan p\u00e5 ett bord, en b\u00e4nk eller ett soffbord.<\/p>\n<\/li>\n<li data-start=\"763\" data-end=\"825\">\n<p data-start=\"766\" data-end=\"825\">Fyll varje fack med snacks, frukt eller aptitretare.<\/p>\n<\/li>\n<li data-start=\"826\" data-end=\"887\">\n<p data-start=\"829\" data-end=\"887\">Servera direkt till g\u00e4sterna eller anv\u00e4nd som en dekorativ display.<\/p>\n<\/li>\n<li data-start=\"888\" data-end=\"947\">\n<p data-start=\"891\" data-end=\"947\">Torka av efter anv\u00e4ndning och f\u00f6rvara snyggt n\u00e4r den inte anv\u00e4nds.<\/p>\n<\/li>\n<\/ol>\n<h2 style=\"text-align: center;\" data-start=\"954\" data-end=\"976\"><strong>Produktdetaljer<\/strong><\/h2>\n<ul data-start=\"978\" data-end=\"1174\">\n<li data-start=\"1016\" data-end=\"1034\">\n<p data-start=\"1018\" data-end=\"1034\">Material: Tr\u00e4<\/p>\n<\/li>\n<li data-start=\"1035\" data-end=\"1051\">\n<p data-start=\"1037\" data-end=\"1051\">F\u00e4rg: Brun<\/p>\n<\/li>\n<li data-start=\"1052\" data-end=\"1086\">\n<p data-start=\"1054\" data-end=\"1086\">Form: Rund med fack<\/p>\n<\/li>\n<li data-start=\"1087\" data-end=\"1128\">\n<p data-start=\"1089\" data-end=\"1128\">Storlek: 25 x 25 cm<\/p>\n<\/li>\n<li data-start=\"1129\" data-end=\"1174\">\n<p data-start=\"1131\" data-end=\"1174\">Anv\u00e4ndning: Snacks, frukt, desserter, aptitretare<\/p>\n<\/li>\n<\/ul>\n<h2 style=\"text-align: center;\" data-start=\"1181\" data-end=\"1204\"><strong>Paketet inneh\u00e5ller<\/strong><\/h2>\n<ul data-start=\"1206\" data-end=\"1240\">\n<li data-start=\"1206\" data-end=\"1240\">\n<p data-start=\"1208\" data-end=\"1240\">1x tr\u00e4pussel serveringsbricka.<\/p>\n<\/li>\n<\/ul>\n","protected":false},"excerpt":{"rendered":"<p>\ud83e\udde9Den h\u00e4r serveringsbrickan h\u00e5ller ordning p\u00e5 dina snacks samtidigt som den ger en varm, elegant touch till bordet.<br \/>\n\ud83e\udeb5Den \u00e4r tillverkad av premiumtr\u00e4 med smarta fack och \u00e4r perfekt f\u00f6r att servera frukt, n\u00f6tter, desserter eller aptitretare hemma eller under sammankomster.<br \/>\n\ud83c\udf47En praktisk och elegant serveringsbricka som g\u00f6r varje snackstund speciell.<\/p>\n","protected":false},"featured_media":17161,"comment_status":"open","ping_status":"closed","template":"","meta":{"site-sidebar-layout":"default","site-content-layout":"","ast-site-content-layout":"default","site-content-style":"default","site-sidebar-style":"default","ast-global-header-display":"","ast-banner-title-visibility":"","ast-main-header-display":"","ast-hfb-above-header-display":"","ast-hfb-below-header-display":"","ast-hfb-mobile-header-display":"","site-post-title":"","ast-breadcrumbs-content":"","ast-featured-img":"","footer-sml-layout":"","theme-transparent-header-meta":"default","adv-header-id-meta":"","stick-header-meta":"","header-above-stick-meta":"","header-main-stick-meta":"","header-below-stick-meta":"","astra-migrate-meta-layouts":"set","ast-page-background-enabled":"default","ast-page-background-meta":{"desktop":{"background-color":"var(--ast-global-color-5)","background-image":"","background-repeat":"repeat","background-position":"center center","background-size":"auto","background-attachment":"scroll","background-type":"","background-media":"","overlay-type":"","overlay-color":"","overlay-opacity":"","overlay-gradient":""},"tablet":{"background-color":"","background-image":"","background-repeat":"repeat","background-position":"center center","background-size":"auto","background-attachment":"scroll","background-type":"","background-media":"","overlay-type":"","overlay-color":"","overlay-opacity":"","overlay-gradient":""},"mobile":{"background-color":"","background-image":"","background-repeat":"repeat","background-position":"center center","background-size":"auto","background-attachment":"scroll","background-type":"","background-media":"","overlay-type":"","overlay-color":"","overlay-opacity":"","overlay-gradient":""}},"ast-content-background-meta":{"desktop":{"background-color":"var(--ast-global-color-4)","background-image":"","background-repeat":"repeat","background-position":"center center","background-size":"auto","background-attachment":"scroll","background-type":"","background-media":"","overlay-type":"","overlay-color":"","overlay-opacity":"","overlay-gradient":""},"tablet":{"background-color":"var(--ast-global-color-4)","background-image":"","background-repeat":"repeat","background-position":"center center","background-size":"auto","background-attachment":"scroll","background-type":"","background-media":"","overlay-type":"","overlay-color":"","overlay-opacity":"","overlay-gradient":""},"mobile":{"background-color":"var(--ast-global-color-4)","background-image":"","background-repeat":"repeat","background-position":"center center","background-size":"auto","background-attachment":"scroll","background-type":"","background-media":"","overlay-type":"","overlay-color":"","overlay-opacity":"","overlay-gradient":""}}},"product_brand":[],"product_cat":[15],"product_tag":[],"class_list":{"0":"post-17165","1":"product","2":"type-product","3":"status-publish","4":"has-post-thumbnail","6":"product_cat-uncategorized","7":"desktop-align-left","8":"tablet-align-left","9":"mobile-align-left","11":"first","12":"instock","13":"shipping-taxable","14":"purchasable","15":"product-type-simple"},"yoast_head":"<!-- This site is optimized with the Yoast SEO plugin v26.6 - https:\/\/yoast.com\/wordpress\/plugins\/seo\/ -->\n<title>Serveringsbricka f\u00f6r pussel - Mekulo SE<\/title>\n<meta name=\"robots\" content=\"index, follow, max-snippet:-1, max-image-preview:large, max-video-preview:-1\" \/>\n<link rel=\"canonical\" href=\"https:\/\/mekulo.com\/se\/produkt\/serveringsbricka-for-pussel\/\" \/>\n<meta property=\"og:locale\" content=\"sv_SE\" \/>\n<meta property=\"og:type\" content=\"article\" \/>\n<meta property=\"og:title\" content=\"Serveringsbricka f\u00f6r pussel - Mekulo SE\" \/>\n<meta property=\"og:description\" content=\"\ud83e\udde9Den h\u00e4r serveringsbrickan h\u00e5ller ordning p\u00e5 dina snacks samtidigt som den ger en varm, elegant touch till bordet. \ud83e\udeb5Den \u00e4r tillverkad av premiumtr\u00e4 med smarta fack och \u00e4r perfekt f\u00f6r att servera frukt, n\u00f6tter, desserter eller aptitretare hemma eller under sammankomster. \ud83c\udf47En praktisk och elegant serveringsbricka som g\u00f6r varje snackstund speciell.\" \/>\n<meta property=\"og:url\" content=\"https:\/\/mekulo.com\/se\/produkt\/serveringsbricka-for-pussel\/\" \/>\n<meta property=\"og:site_name\" content=\"Mekulo SE\" \/>\n<meta property=\"article:modified_time\" content=\"2026-01-14T17:29:03+00:00\" \/>\n<meta property=\"og:image\" content=\"https:\/\/mekulo.com\/se\/wp-content\/uploads\/sites\/11\/2026\/01\/310zl2w-1.jpg\" \/>\n\t<meta property=\"og:image:width\" content=\"700\" \/>\n\t<meta property=\"og:image:height\" content=\"699\" \/>\n\t<meta property=\"og:image:type\" content=\"image\/jpeg\" \/>\n<meta name=\"twitter:card\" content=\"summary_large_image\" \/>\n<meta name=\"twitter:label1\" content=\"Ber\u00e4knad l\u00e4stid\" \/>\n\t<meta name=\"twitter:data1\" content=\"2 minuter\" \/>\n<script type=\"application\/ld+json\" class=\"yoast-schema-graph\">{\"@context\":\"https:\/\/schema.org\",\"@graph\":[{\"@type\":\"WebPage\",\"@id\":\"https:\/\/mekulo.com\/se\/produkt\/serveringsbricka-for-pussel\/\",\"url\":\"https:\/\/mekulo.com\/se\/produkt\/serveringsbricka-for-pussel\/\",\"name\":\"Serveringsbricka f\u00f6r pussel - Mekulo SE\",\"isPartOf\":{\"@id\":\"https:\/\/mekulo.com\/se\/#website\"},\"primaryImageOfPage\":{\"@id\":\"https:\/\/mekulo.com\/se\/produkt\/serveringsbricka-for-pussel\/#primaryimage\"},\"image\":{\"@id\":\"https:\/\/mekulo.com\/se\/produkt\/serveringsbricka-for-pussel\/#primaryimage\"},\"thumbnailUrl\":\"https:\/\/mekulo.com\/se\/wp-content\/uploads\/sites\/11\/2026\/01\/310zl2w-1.jpg\",\"datePublished\":\"2026-01-13T16:34:53+00:00\",\"dateModified\":\"2026-01-14T17:29:03+00:00\",\"breadcrumb\":{\"@id\":\"https:\/\/mekulo.com\/se\/produkt\/serveringsbricka-for-pussel\/#breadcrumb\"},\"inLanguage\":\"sv-SE\",\"potentialAction\":[{\"@type\":\"ReadAction\",\"target\":[\"https:\/\/mekulo.com\/se\/produkt\/serveringsbricka-for-pussel\/\"]}]},{\"@type\":\"ImageObject\",\"inLanguage\":\"sv-SE\",\"@id\":\"https:\/\/mekulo.com\/se\/produkt\/serveringsbricka-for-pussel\/#primaryimage\",\"url\":\"https:\/\/mekulo.com\/se\/wp-content\/uploads\/sites\/11\/2026\/01\/310zl2w-1.jpg\",\"contentUrl\":\"https:\/\/mekulo.com\/se\/wp-content\/uploads\/sites\/11\/2026\/01\/310zl2w-1.jpg\",\"width\":700,\"height\":699},{\"@type\":\"BreadcrumbList\",\"@id\":\"https:\/\/mekulo.com\/se\/produkt\/serveringsbricka-for-pussel\/#breadcrumb\",\"itemListElement\":[{\"@type\":\"ListItem\",\"position\":1,\"name\":\"Home\",\"item\":\"https:\/\/mekulo.com\/se\/\"},{\"@type\":\"ListItem\",\"position\":2,\"name\":\"Butik\",\"item\":\"https:\/\/mekulo.com\/se\/butik\/\"},{\"@type\":\"ListItem\",\"position\":3,\"name\":\"Serveringsbricka f\u00f6r pussel\"}]},{\"@type\":\"WebSite\",\"@id\":\"https:\/\/mekulo.com\/se\/#website\",\"url\":\"https:\/\/mekulo.com\/se\/\",\"name\":\"Mekulo SE\",\"description\":\"\",\"publisher\":{\"@id\":\"https:\/\/mekulo.com\/se\/#organization\"},\"potentialAction\":[{\"@type\":\"SearchAction\",\"target\":{\"@type\":\"EntryPoint\",\"urlTemplate\":\"https:\/\/mekulo.com\/se\/?s={search_term_string}\"},\"query-input\":{\"@type\":\"PropertyValueSpecification\",\"valueRequired\":true,\"valueName\":\"search_term_string\"}}],\"inLanguage\":\"sv-SE\"},{\"@type\":\"Organization\",\"@id\":\"https:\/\/mekulo.com\/se\/#organization\",\"name\":\"Mekulo\",\"url\":\"https:\/\/mekulo.com\/se\/\",\"logo\":{\"@type\":\"ImageObject\",\"inLanguage\":\"sv-SE\",\"@id\":\"https:\/\/mekulo.com\/se\/#\/schema\/logo\/image\/\",\"url\":\"https:\/\/mekulo.com\/se\/wp-content\/uploads\/sites\/11\/2025\/12\/favicon_mekulo.png\",\"contentUrl\":\"https:\/\/mekulo.com\/se\/wp-content\/uploads\/sites\/11\/2025\/12\/favicon_mekulo.png\",\"width\":50,\"height\":50,\"caption\":\"Mekulo\"},\"image\":{\"@id\":\"https:\/\/mekulo.com\/se\/#\/schema\/logo\/image\/\"}}]}<\/script>\n<!-- \/ Yoast SEO plugin. -->","yoast_head_json":{"title":"Serveringsbricka f\u00f6r pussel - Mekulo SE","robots":{"index":"index","follow":"follow","max-snippet":"max-snippet:-1","max-image-preview":"max-image-preview:large","max-video-preview":"max-video-preview:-1"},"canonical":"https:\/\/mekulo.com\/se\/produkt\/serveringsbricka-for-pussel\/","og_locale":"sv_SE","og_type":"article","og_title":"Serveringsbricka f\u00f6r pussel - Mekulo SE","og_description":"\ud83e\udde9Den h\u00e4r serveringsbrickan h\u00e5ller ordning p\u00e5 dina snacks samtidigt som den ger en varm, elegant touch till bordet. \ud83e\udeb5Den \u00e4r tillverkad av premiumtr\u00e4 med smarta fack och \u00e4r perfekt f\u00f6r att servera frukt, n\u00f6tter, desserter eller aptitretare hemma eller under sammankomster. \ud83c\udf47En praktisk och elegant serveringsbricka som g\u00f6r varje snackstund speciell.","og_url":"https:\/\/mekulo.com\/se\/produkt\/serveringsbricka-for-pussel\/","og_site_name":"Mekulo SE","article_modified_time":"2026-01-14T17:29:03+00:00","og_image":[{"width":700,"height":699,"url":"https:\/\/mekulo.com\/se\/wp-content\/uploads\/sites\/11\/2026\/01\/310zl2w-1.jpg","type":"image\/jpeg"}],"twitter_card":"summary_large_image","twitter_misc":{"Ber\u00e4knad l\u00e4stid":"2 minuter"},"schema":{"@context":"https:\/\/schema.org","@graph":[{"@type":"WebPage","@id":"https:\/\/mekulo.com\/se\/produkt\/serveringsbricka-for-pussel\/","url":"https:\/\/mekulo.com\/se\/produkt\/serveringsbricka-for-pussel\/","name":"Serveringsbricka f\u00f6r pussel - Mekulo SE","isPartOf":{"@id":"https:\/\/mekulo.com\/se\/#website"},"primaryImageOfPage":{"@id":"https:\/\/mekulo.com\/se\/produkt\/serveringsbricka-for-pussel\/#primaryimage"},"image":{"@id":"https:\/\/mekulo.com\/se\/produkt\/serveringsbricka-for-pussel\/#primaryimage"},"thumbnailUrl":"https:\/\/mekulo.com\/se\/wp-content\/uploads\/sites\/11\/2026\/01\/310zl2w-1.jpg","datePublished":"2026-01-13T16:34:53+00:00","dateModified":"2026-01-14T17:29:03+00:00","breadcrumb":{"@id":"https:\/\/mekulo.com\/se\/produkt\/serveringsbricka-for-pussel\/#breadcrumb"},"inLanguage":"sv-SE","potentialAction":[{"@type":"ReadAction","target":["https:\/\/mekulo.com\/se\/produkt\/serveringsbricka-for-pussel\/"]}]},{"@type":"ImageObject","inLanguage":"sv-SE","@id":"https:\/\/mekulo.com\/se\/produkt\/serveringsbricka-for-pussel\/#primaryimage","url":"https:\/\/mekulo.com\/se\/wp-content\/uploads\/sites\/11\/2026\/01\/310zl2w-1.jpg","contentUrl":"https:\/\/mekulo.com\/se\/wp-content\/uploads\/sites\/11\/2026\/01\/310zl2w-1.jpg","width":700,"height":699},{"@type":"BreadcrumbList","@id":"https:\/\/mekulo.com\/se\/produkt\/serveringsbricka-for-pussel\/#breadcrumb","itemListElement":[{"@type":"ListItem","position":1,"name":"Home","item":"https:\/\/mekulo.com\/se\/"},{"@type":"ListItem","position":2,"name":"Butik","item":"https:\/\/mekulo.com\/se\/butik\/"},{"@type":"ListItem","position":3,"name":"Serveringsbricka f\u00f6r pussel"}]},{"@type":"WebSite","@id":"https:\/\/mekulo.com\/se\/#website","url":"https:\/\/mekulo.com\/se\/","name":"Mekulo SE","description":"","publisher":{"@id":"https:\/\/mekulo.com\/se\/#organization"},"potentialAction":[{"@type":"SearchAction","target":{"@type":"EntryPoint","urlTemplate":"https:\/\/mekulo.com\/se\/?s={search_term_string}"},"query-input":{"@type":"PropertyValueSpecification","valueRequired":true,"valueName":"search_term_string"}}],"inLanguage":"sv-SE"},{"@type":"Organization","@id":"https:\/\/mekulo.com\/se\/#organization","name":"Mekulo","url":"https:\/\/mekulo.com\/se\/","logo":{"@type":"ImageObject","inLanguage":"sv-SE","@id":"https:\/\/mekulo.com\/se\/#\/schema\/logo\/image\/","url":"https:\/\/mekulo.com\/se\/wp-content\/uploads\/sites\/11\/2025\/12\/favicon_mekulo.png","contentUrl":"https:\/\/mekulo.com\/se\/wp-content\/uploads\/sites\/11\/2025\/12\/favicon_mekulo.png","width":50,"height":50,"caption":"Mekulo"},"image":{"@id":"https:\/\/mekulo.com\/se\/#\/schema\/logo\/image\/"}}]}},"_links":{"self":[{"href":"https:\/\/mekulo.com\/se\/wp-json\/wp\/v2\/product\/17165","targetHints":{"allow":["GET"]}}],"collection":[{"href":"https:\/\/mekulo.com\/se\/wp-json\/wp\/v2\/product"}],"about":[{"href":"https:\/\/mekulo.com\/se\/wp-json\/wp\/v2\/types\/product"}],"replies":[{"embeddable":true,"href":"https:\/\/mekulo.com\/se\/wp-json\/wp\/v2\/comments?post=17165"}],"wp:featuredmedia":[{"embeddable":true,"href":"https:\/\/mekulo.com\/se\/wp-json\/wp\/v2\/media\/17161"}],"wp:attachment":[{"href":"https:\/\/mekulo.com\/se\/wp-json\/wp\/v2\/media?parent=17165"}],"wp:term":[{"taxonomy":"product_brand","embeddable":true,"href":"https:\/\/mekulo.com\/se\/wp-json\/wp\/v2\/product_brand?post=17165"},{"taxonomy":"product_cat","embeddable":true,"href":"https:\/\/mekulo.com\/se\/wp-json\/wp\/v2\/product_cat?post=17165"},{"taxonomy":"product_tag","embeddable":true,"href":"https:\/\/mekulo.com\/se\/wp-json\/wp\/v2\/product_tag?post=17165"}],"curies":[{"name":"wp","href":"https:\/\/api.w.org\/{rel}","templated":true}]}}