{"id":17141,"date":"2026-01-13T18:33:42","date_gmt":"2026-01-13T16:33:42","guid":{"rendered":"https:\/\/mekulo.com\/se\/produkt\/snackbehallare-2-i-1\/"},"modified":"2026-01-14T19:27:06","modified_gmt":"2026-01-14T17:27:06","slug":"snackbehallare-2-i-1","status":"publish","type":"product","link":"https:\/\/mekulo.com\/se\/produkt\/snackbehallare-2-i-1\/","title":{"rendered":"Snackbeh\u00e5llare 2-i-1"},"content":{"rendered":"<p style=\"text-align: center;\" data-start=\"0\" data-end=\"47\"><strong data-start=\"0\" data-end=\"47\">Njut Av Snacks Utan Kladd Var Som Helst, N\u00e4r Som Helst. \ud83c\udf5f<\/strong><\/p>\n<p data-start=\"0\" data-end=\"47\"><img decoding=\"async\" class=\"size-full wp-image-19994 aligncenter\" src=\"https:\/\/mekulo.com\/template\/wp-content\/uploads\/sites\/6\/2026\/01\/d26751bfaf0aad691bbcdec7fdba245ee77ff698.avif\" alt=\"\" \/><\/p>\n<h2 style=\"text-align: center;\" data-start=\"307\" data-end=\"327\">Huvudsakliga f\u00f6rdelar<\/h2>\n<p data-start=\"331\" data-end=\"395\">\u270b Rena h\u00e4nder varje g\u00e5ng &#8211; Mjukt silikonlock f\u00f6rhindrar kladd.<\/p>\n<p data-start=\"398\" data-end=\"453\">\ud83d\udd12 Luftt\u00e4t f\u00f6rsegling &#8211; H\u00e5ller snacks fr\u00e4scha och krispiga.<\/p>\n<p data-start=\"456\" data-end=\"518\">\ud83d\ude97 Perfekt f\u00f6r resan &#8211; Passar enkelt i muggh\u00e5llare och v\u00e4skor.<\/p>\n<p data-start=\"521\" data-end=\"576\">\ud83e\uddfc L\u00e4tt att reng\u00f6ra &#8211; Bred \u00f6ppning f\u00f6r snabb sk\u00f6ljning.<\/p>\n<p data-start=\"579\" data-end=\"638\">\ud83c\udfa8 Roliga, klara f\u00e4rger &#8211; L\u00e4tt att uppt\u00e4cka och barnv\u00e4nlig.<\/p>\n<p data-start=\"579\" data-end=\"638\"><img decoding=\"async\" class=\"size-full wp-image-19993 aligncenter\" src=\"https:\/\/mekulo.com\/template\/wp-content\/uploads\/sites\/6\/2026\/01\/45f5d6c0175f45fba11996e6c338ca04aada16b2.avif\" alt=\"\" \/><\/p>\n<h2 style=\"text-align: center;\" data-start=\"645\" data-end=\"662\"><strong>Anv\u00e4ndning<\/strong><\/h2>\n<ol data-start=\"664\" data-end=\"908\">\n<li data-start=\"664\" data-end=\"700\">\n<p data-start=\"667\" data-end=\"700\">Fyll beh\u00e5llaren med snacks.<\/p>\n<\/li>\n<li data-start=\"701\" data-end=\"750\">\n<p data-start=\"704\" data-end=\"750\">St\u00e4ng locket ordentligt f\u00f6r en luftt\u00e4t f\u00f6rsegling.<\/p>\n<\/li>\n<li data-start=\"751\" data-end=\"814\">\n<p data-start=\"754\" data-end=\"814\">Doppa handen genom silikon\u00f6ppningen f\u00f6r att f\u00e5 tag i snacks.<\/p>\n<\/li>\n<li data-start=\"815\" data-end=\"854\">\n<p data-start=\"818\" data-end=\"854\">Njut av snacks utan kladd var som helst.<\/p>\n<\/li>\n<li data-start=\"855\" data-end=\"908\">\n<p data-start=\"858\" data-end=\"908\">Sk\u00f6lj med tv\u00e5l och vatten efter anv\u00e4ndning och lufttorka.<\/p>\n<\/li>\n<\/ol>\n<h2 style=\"text-align: center;\" data-start=\"915\" data-end=\"937\"><strong>Produktdetaljer<\/strong><\/h2>\n<ul data-start=\"939\" data-end=\"1138\">\n<li data-start=\"980\" data-end=\"1028\">\n<p data-start=\"982\" data-end=\"1028\">Lock typ: Mjuk silikon, fingers\u00e4ker \u00f6ppning<\/p>\n<\/li>\n<li data-start=\"980\" data-end=\"1028\">\n<p data-start=\"982\" data-end=\"1028\">Material: Silikon + ABS<\/p>\n<\/li>\n<li data-start=\"1029\" data-end=\"1061\">\n<p data-start=\"1031\" data-end=\"1061\">F\u00f6rslutning: Luftt\u00e4t f\u00f6r f\u00e4rskhet<\/p>\n<\/li>\n<li data-start=\"1062\" data-end=\"1102\">\n<p data-start=\"1064\" data-end=\"1102\">Design: B\u00e4rbar och resev\u00e4nlig<\/p>\n<\/li>\n<li data-start=\"1103\" data-end=\"1138\">\n<p data-start=\"1105\" data-end=\"1138\">Reng\u00f6ring: Handtv\u00e4tt rekommenderas<\/p>\n<\/li>\n<li data-start=\"1103\" data-end=\"1138\">Storlek: 12 x 10 x 6 cm<\/li>\n<\/ul>\n<h2 style=\"text-align: center;\" data-start=\"1145\" data-end=\"1168\"><strong>Paketet inneh\u00e5ller<\/strong><\/h2>\n<ul data-start=\"1170\" data-end=\"1200\">\n<li data-start=\"1170\" data-end=\"1200\">\n<p data-start=\"1172\" data-end=\"1200\">1x mellanm\u00e5lsbeh\u00e5llare 2-i-1.<\/p>\n<\/li>\n<\/ul>\n","protected":false},"excerpt":{"rendered":"<p>\ud83c\udf47Den h\u00e4r mellanm\u00e5lsbeh\u00e5llaren 2-i-1 h\u00e5ller mellanm\u00e5len fr\u00e4scha samtidigt som den h\u00e5ller h\u00e4nderna rena, vilket g\u00f6r den perfekt f\u00f6r barn, resor och hektiska dagar.<br \/>\n\ud83e\uded7Med det mjuka silikonlocket kan du ta mellanm\u00e5l utan spill, smulor eller klibbiga fingrar &#8211; oavsett om du \u00e4r hemma, i bilen eller p\u00e5 spr\u00e5ng.<br \/>\n<span style=\"font-size: 16px; font-style: normal; font-weight: 400;\">\ud83d\udc67<\/span>En smart mellanm\u00e5lsl\u00f6sning f\u00f6r f\u00f6r\u00e4ldrar, barn och alla som \u00e4ter mellanm\u00e5l p\u00e5 spr\u00e5ng.<\/p>\n","protected":false},"featured_media":17137,"comment_status":"open","ping_status":"closed","template":"","meta":{"site-sidebar-layout":"default","site-content-layout":"","ast-site-content-layout":"default","site-content-style":"default","site-sidebar-style":"default","ast-global-header-display":"","ast-banner-title-visibility":"","ast-main-header-display":"","ast-hfb-above-header-display":"","ast-hfb-below-header-display":"","ast-hfb-mobile-header-display":"","site-post-title":"","ast-breadcrumbs-content":"","ast-featured-img":"","footer-sml-layout":"","theme-transparent-header-meta":"default","adv-header-id-meta":"","stick-header-meta":"","header-above-stick-meta":"","header-main-stick-meta":"","header-below-stick-meta":"","astra-migrate-meta-layouts":"set","ast-page-background-enabled":"default","ast-page-background-meta":{"desktop":{"background-color":"var(--ast-global-color-5)","background-image":"","background-repeat":"repeat","background-position":"center center","background-size":"auto","background-attachment":"scroll","background-type":"","background-media":"","overlay-type":"","overlay-color":"","overlay-opacity":"","overlay-gradient":""},"tablet":{"background-color":"","background-image":"","background-repeat":"repeat","background-position":"center center","background-size":"auto","background-attachment":"scroll","background-type":"","background-media":"","overlay-type":"","overlay-color":"","overlay-opacity":"","overlay-gradient":""},"mobile":{"background-color":"","background-image":"","background-repeat":"repeat","background-position":"center center","background-size":"auto","background-attachment":"scroll","background-type":"","background-media":"","overlay-type":"","overlay-color":"","overlay-opacity":"","overlay-gradient":""}},"ast-content-background-meta":{"desktop":{"background-color":"var(--ast-global-color-4)","background-image":"","background-repeat":"repeat","background-position":"center center","background-size":"auto","background-attachment":"scroll","background-type":"","background-media":"","overlay-type":"","overlay-color":"","overlay-opacity":"","overlay-gradient":""},"tablet":{"background-color":"var(--ast-global-color-4)","background-image":"","background-repeat":"repeat","background-position":"center center","background-size":"auto","background-attachment":"scroll","background-type":"","background-media":"","overlay-type":"","overlay-color":"","overlay-opacity":"","overlay-gradient":""},"mobile":{"background-color":"var(--ast-global-color-4)","background-image":"","background-repeat":"repeat","background-position":"center center","background-size":"auto","background-attachment":"scroll","background-type":"","background-media":"","overlay-type":"","overlay-color":"","overlay-opacity":"","overlay-gradient":""}}},"product_brand":[],"product_cat":[168,172],"product_tag":[],"class_list":{"0":"post-17141","1":"product","2":"type-product","3":"status-publish","4":"has-post-thumbnail","6":"product_cat-hushallsartiklar","7":"product_cat-leksaker-barn-och-babyprodukter","8":"pa_67006_zovcqh4e-bla","9":"pa_67006_zovcqh4e-gron","10":"pa_67006_zovcqh4e-gul","11":"pa_67006_zovcqh4e-lila","12":"pa_67006_zovcqh4e-orange","13":"pa_67006_zovcqh4e-rosa","14":"desktop-align-left","15":"tablet-align-left","16":"mobile-align-left","18":"first","19":"instock","20":"shipping-taxable","21":"purchasable","22":"product-type-variable"},"yoast_head":"<!-- This site is optimized with the Yoast SEO plugin v26.6 - https:\/\/yoast.com\/wordpress\/plugins\/seo\/ -->\n<title>Snackbeh\u00e5llare 2-i-1 - Mekulo SE<\/title>\n<meta name=\"robots\" content=\"index, follow, max-snippet:-1, max-image-preview:large, max-video-preview:-1\" \/>\n<link rel=\"canonical\" href=\"https:\/\/mekulo.com\/se\/produkt\/snackbehallare-2-i-1\/\" \/>\n<meta property=\"og:locale\" content=\"sv_SE\" \/>\n<meta property=\"og:type\" content=\"article\" \/>\n<meta property=\"og:title\" content=\"Snackbeh\u00e5llare 2-i-1 - Mekulo SE\" \/>\n<meta property=\"og:description\" content=\"\ud83c\udf47Den h\u00e4r mellanm\u00e5lsbeh\u00e5llaren 2-i-1 h\u00e5ller mellanm\u00e5len fr\u00e4scha samtidigt som den h\u00e5ller h\u00e4nderna rena, vilket g\u00f6r den perfekt f\u00f6r barn, resor och hektiska dagar. \ud83e\uded7Med det mjuka silikonlocket kan du ta mellanm\u00e5l utan spill, smulor eller klibbiga fingrar - oavsett om du \u00e4r hemma, i bilen eller p\u00e5 spr\u00e5ng. \ud83d\udc67En smart mellanm\u00e5lsl\u00f6sning f\u00f6r f\u00f6r\u00e4ldrar, barn och alla som \u00e4ter mellanm\u00e5l p\u00e5 spr\u00e5ng.\" \/>\n<meta property=\"og:url\" content=\"https:\/\/mekulo.com\/se\/produkt\/snackbehallare-2-i-1\/\" \/>\n<meta property=\"og:site_name\" content=\"Mekulo SE\" \/>\n<meta property=\"article:modified_time\" content=\"2026-01-14T17:27:06+00:00\" \/>\n<meta property=\"og:image\" content=\"https:\/\/mekulo.com\/se\/wp-content\/uploads\/sites\/11\/2026\/01\/yxrk3e0-1.webp\" \/>\n\t<meta property=\"og:image:width\" content=\"1000\" \/>\n\t<meta property=\"og:image:height\" content=\"1000\" \/>\n\t<meta property=\"og:image:type\" content=\"image\/webp\" \/>\n<meta name=\"twitter:card\" content=\"summary_large_image\" \/>\n<meta name=\"twitter:label1\" content=\"Ber\u00e4knad l\u00e4stid\" \/>\n\t<meta name=\"twitter:data1\" content=\"2 minuter\" \/>\n<script type=\"application\/ld+json\" class=\"yoast-schema-graph\">{\"@context\":\"https:\/\/schema.org\",\"@graph\":[{\"@type\":\"WebPage\",\"@id\":\"https:\/\/mekulo.com\/se\/produkt\/snackbehallare-2-i-1\/\",\"url\":\"https:\/\/mekulo.com\/se\/produkt\/snackbehallare-2-i-1\/\",\"name\":\"Snackbeh\u00e5llare 2-i-1 - Mekulo SE\",\"isPartOf\":{\"@id\":\"https:\/\/mekulo.com\/se\/#website\"},\"primaryImageOfPage\":{\"@id\":\"https:\/\/mekulo.com\/se\/produkt\/snackbehallare-2-i-1\/#primaryimage\"},\"image\":{\"@id\":\"https:\/\/mekulo.com\/se\/produkt\/snackbehallare-2-i-1\/#primaryimage\"},\"thumbnailUrl\":\"https:\/\/mekulo.com\/se\/wp-content\/uploads\/sites\/11\/2026\/01\/yxrk3e0-1.webp\",\"datePublished\":\"2026-01-13T16:33:42+00:00\",\"dateModified\":\"2026-01-14T17:27:06+00:00\",\"breadcrumb\":{\"@id\":\"https:\/\/mekulo.com\/se\/produkt\/snackbehallare-2-i-1\/#breadcrumb\"},\"inLanguage\":\"sv-SE\",\"potentialAction\":[{\"@type\":\"ReadAction\",\"target\":[\"https:\/\/mekulo.com\/se\/produkt\/snackbehallare-2-i-1\/\"]}]},{\"@type\":\"ImageObject\",\"inLanguage\":\"sv-SE\",\"@id\":\"https:\/\/mekulo.com\/se\/produkt\/snackbehallare-2-i-1\/#primaryimage\",\"url\":\"https:\/\/mekulo.com\/se\/wp-content\/uploads\/sites\/11\/2026\/01\/yxrk3e0-1.webp\",\"contentUrl\":\"https:\/\/mekulo.com\/se\/wp-content\/uploads\/sites\/11\/2026\/01\/yxrk3e0-1.webp\",\"width\":1000,\"height\":1000},{\"@type\":\"BreadcrumbList\",\"@id\":\"https:\/\/mekulo.com\/se\/produkt\/snackbehallare-2-i-1\/#breadcrumb\",\"itemListElement\":[{\"@type\":\"ListItem\",\"position\":1,\"name\":\"Home\",\"item\":\"https:\/\/mekulo.com\/se\/\"},{\"@type\":\"ListItem\",\"position\":2,\"name\":\"Butik\",\"item\":\"https:\/\/mekulo.com\/se\/butik\/\"},{\"@type\":\"ListItem\",\"position\":3,\"name\":\"Snackbeh\u00e5llare 2-i-1\"}]},{\"@type\":\"WebSite\",\"@id\":\"https:\/\/mekulo.com\/se\/#website\",\"url\":\"https:\/\/mekulo.com\/se\/\",\"name\":\"Mekulo SE\",\"description\":\"\",\"publisher\":{\"@id\":\"https:\/\/mekulo.com\/se\/#organization\"},\"potentialAction\":[{\"@type\":\"SearchAction\",\"target\":{\"@type\":\"EntryPoint\",\"urlTemplate\":\"https:\/\/mekulo.com\/se\/?s={search_term_string}\"},\"query-input\":{\"@type\":\"PropertyValueSpecification\",\"valueRequired\":true,\"valueName\":\"search_term_string\"}}],\"inLanguage\":\"sv-SE\"},{\"@type\":\"Organization\",\"@id\":\"https:\/\/mekulo.com\/se\/#organization\",\"name\":\"Mekulo\",\"url\":\"https:\/\/mekulo.com\/se\/\",\"logo\":{\"@type\":\"ImageObject\",\"inLanguage\":\"sv-SE\",\"@id\":\"https:\/\/mekulo.com\/se\/#\/schema\/logo\/image\/\",\"url\":\"https:\/\/mekulo.com\/se\/wp-content\/uploads\/sites\/11\/2025\/12\/favicon_mekulo.png\",\"contentUrl\":\"https:\/\/mekulo.com\/se\/wp-content\/uploads\/sites\/11\/2025\/12\/favicon_mekulo.png\",\"width\":50,\"height\":50,\"caption\":\"Mekulo\"},\"image\":{\"@id\":\"https:\/\/mekulo.com\/se\/#\/schema\/logo\/image\/\"}}]}<\/script>\n<!-- \/ Yoast SEO plugin. -->","yoast_head_json":{"title":"Snackbeh\u00e5llare 2-i-1 - Mekulo SE","robots":{"index":"index","follow":"follow","max-snippet":"max-snippet:-1","max-image-preview":"max-image-preview:large","max-video-preview":"max-video-preview:-1"},"canonical":"https:\/\/mekulo.com\/se\/produkt\/snackbehallare-2-i-1\/","og_locale":"sv_SE","og_type":"article","og_title":"Snackbeh\u00e5llare 2-i-1 - Mekulo SE","og_description":"\ud83c\udf47Den h\u00e4r mellanm\u00e5lsbeh\u00e5llaren 2-i-1 h\u00e5ller mellanm\u00e5len fr\u00e4scha samtidigt som den h\u00e5ller h\u00e4nderna rena, vilket g\u00f6r den perfekt f\u00f6r barn, resor och hektiska dagar. \ud83e\uded7Med det mjuka silikonlocket kan du ta mellanm\u00e5l utan spill, smulor eller klibbiga fingrar - oavsett om du \u00e4r hemma, i bilen eller p\u00e5 spr\u00e5ng. \ud83d\udc67En smart mellanm\u00e5lsl\u00f6sning f\u00f6r f\u00f6r\u00e4ldrar, barn och alla som \u00e4ter mellanm\u00e5l p\u00e5 spr\u00e5ng.","og_url":"https:\/\/mekulo.com\/se\/produkt\/snackbehallare-2-i-1\/","og_site_name":"Mekulo SE","article_modified_time":"2026-01-14T17:27:06+00:00","og_image":[{"width":1000,"height":1000,"url":"https:\/\/mekulo.com\/se\/wp-content\/uploads\/sites\/11\/2026\/01\/yxrk3e0-1.webp","type":"image\/webp"}],"twitter_card":"summary_large_image","twitter_misc":{"Ber\u00e4knad l\u00e4stid":"2 minuter"},"schema":{"@context":"https:\/\/schema.org","@graph":[{"@type":"WebPage","@id":"https:\/\/mekulo.com\/se\/produkt\/snackbehallare-2-i-1\/","url":"https:\/\/mekulo.com\/se\/produkt\/snackbehallare-2-i-1\/","name":"Snackbeh\u00e5llare 2-i-1 - Mekulo SE","isPartOf":{"@id":"https:\/\/mekulo.com\/se\/#website"},"primaryImageOfPage":{"@id":"https:\/\/mekulo.com\/se\/produkt\/snackbehallare-2-i-1\/#primaryimage"},"image":{"@id":"https:\/\/mekulo.com\/se\/produkt\/snackbehallare-2-i-1\/#primaryimage"},"thumbnailUrl":"https:\/\/mekulo.com\/se\/wp-content\/uploads\/sites\/11\/2026\/01\/yxrk3e0-1.webp","datePublished":"2026-01-13T16:33:42+00:00","dateModified":"2026-01-14T17:27:06+00:00","breadcrumb":{"@id":"https:\/\/mekulo.com\/se\/produkt\/snackbehallare-2-i-1\/#breadcrumb"},"inLanguage":"sv-SE","potentialAction":[{"@type":"ReadAction","target":["https:\/\/mekulo.com\/se\/produkt\/snackbehallare-2-i-1\/"]}]},{"@type":"ImageObject","inLanguage":"sv-SE","@id":"https:\/\/mekulo.com\/se\/produkt\/snackbehallare-2-i-1\/#primaryimage","url":"https:\/\/mekulo.com\/se\/wp-content\/uploads\/sites\/11\/2026\/01\/yxrk3e0-1.webp","contentUrl":"https:\/\/mekulo.com\/se\/wp-content\/uploads\/sites\/11\/2026\/01\/yxrk3e0-1.webp","width":1000,"height":1000},{"@type":"BreadcrumbList","@id":"https:\/\/mekulo.com\/se\/produkt\/snackbehallare-2-i-1\/#breadcrumb","itemListElement":[{"@type":"ListItem","position":1,"name":"Home","item":"https:\/\/mekulo.com\/se\/"},{"@type":"ListItem","position":2,"name":"Butik","item":"https:\/\/mekulo.com\/se\/butik\/"},{"@type":"ListItem","position":3,"name":"Snackbeh\u00e5llare 2-i-1"}]},{"@type":"WebSite","@id":"https:\/\/mekulo.com\/se\/#website","url":"https:\/\/mekulo.com\/se\/","name":"Mekulo SE","description":"","publisher":{"@id":"https:\/\/mekulo.com\/se\/#organization"},"potentialAction":[{"@type":"SearchAction","target":{"@type":"EntryPoint","urlTemplate":"https:\/\/mekulo.com\/se\/?s={search_term_string}"},"query-input":{"@type":"PropertyValueSpecification","valueRequired":true,"valueName":"search_term_string"}}],"inLanguage":"sv-SE"},{"@type":"Organization","@id":"https:\/\/mekulo.com\/se\/#organization","name":"Mekulo","url":"https:\/\/mekulo.com\/se\/","logo":{"@type":"ImageObject","inLanguage":"sv-SE","@id":"https:\/\/mekulo.com\/se\/#\/schema\/logo\/image\/","url":"https:\/\/mekulo.com\/se\/wp-content\/uploads\/sites\/11\/2025\/12\/favicon_mekulo.png","contentUrl":"https:\/\/mekulo.com\/se\/wp-content\/uploads\/sites\/11\/2025\/12\/favicon_mekulo.png","width":50,"height":50,"caption":"Mekulo"},"image":{"@id":"https:\/\/mekulo.com\/se\/#\/schema\/logo\/image\/"}}]}},"_links":{"self":[{"href":"https:\/\/mekulo.com\/se\/wp-json\/wp\/v2\/product\/17141","targetHints":{"allow":["GET"]}}],"collection":[{"href":"https:\/\/mekulo.com\/se\/wp-json\/wp\/v2\/product"}],"about":[{"href":"https:\/\/mekulo.com\/se\/wp-json\/wp\/v2\/types\/product"}],"replies":[{"embeddable":true,"href":"https:\/\/mekulo.com\/se\/wp-json\/wp\/v2\/comments?post=17141"}],"wp:featuredmedia":[{"embeddable":true,"href":"https:\/\/mekulo.com\/se\/wp-json\/wp\/v2\/media\/17137"}],"wp:attachment":[{"href":"https:\/\/mekulo.com\/se\/wp-json\/wp\/v2\/media?parent=17141"}],"wp:term":[{"taxonomy":"product_brand","embeddable":true,"href":"https:\/\/mekulo.com\/se\/wp-json\/wp\/v2\/product_brand?post=17141"},{"taxonomy":"product_cat","embeddable":true,"href":"https:\/\/mekulo.com\/se\/wp-json\/wp\/v2\/product_cat?post=17141"},{"taxonomy":"product_tag","embeddable":true,"href":"https:\/\/mekulo.com\/se\/wp-json\/wp\/v2\/product_tag?post=17141"}],"curies":[{"name":"wp","href":"https:\/\/api.w.org\/{rel}","templated":true}]}}