{"id":17130,"date":"2026-01-13T18:32:18","date_gmt":"2026-01-13T16:32:18","guid":{"rendered":"https:\/\/mekulo.com\/se\/produkt\/ballongsprangning-spel\/"},"modified":"2026-01-14T19:24:54","modified_gmt":"2026-01-14T17:24:54","slug":"ballongsprangning-spel","status":"publish","type":"product","link":"https:\/\/mekulo.com\/se\/produkt\/ballongsprangning-spel\/","title":{"rendered":"Ballongspr\u00e4ngning spel"},"content":{"rendered":"<p style=\"text-align: center;\" data-start=\"0\" data-end=\"58\"><strong data-start=\"0\" data-end=\"58\">Skapa sp\u00e4nning, skratt och \u00f6verraskningar i varje omg\u00e5ng. \ud83c\udfaf<\/strong><\/p>\n<p data-start=\"0\" data-end=\"58\"><img decoding=\"async\" class=\"size-full wp-image-19985 aligncenter\" src=\"https:\/\/mekulo.com\/template\/wp-content\/uploads\/sites\/6\/2026\/01\/81cd2f4c7858398f564e6d2a23c16e8004f58730-700.avif\" alt=\"\" \/><\/p>\n<h2 style=\"text-align: center;\" data-start=\"297\" data-end=\"317\">Huvudsakliga f\u00f6rdelar<\/h2>\n<p data-start=\"321\" data-end=\"382\">\ud83d\ude02 Direkt kul f\u00f6r grupper &#8211; Perfekt f\u00f6r 2 eller fler spelare.<\/p>\n<p data-start=\"385\" data-end=\"452\">\u23f1\ufe0f Snabba och sp\u00e4nnande rundor &#8211; L\u00e4tt att spela om och om igen.<\/p>\n<p data-start=\"455\" data-end=\"519\">\ud83c\udfaf Bygger fokus och mod &#8211; Varje tur \u00f6kar sp\u00e4nningen.<\/p>\n<p data-start=\"522\" data-end=\"589\">\ud83c\udf89 Perfekt prank-stil spel &#8211; Garanterade skratt och reaktioner.<\/p>\n<p data-start=\"592\" data-end=\"657\">\ud83d\udc68\u200d\ud83d\udc69\u200d\ud83d\udc67\u200d\ud83d\udc66 Familje- &amp; festv\u00e4nligt &#8211; L\u00e4mpligt f\u00f6r alla \u00e5ldrar.<\/p>\n<p data-start=\"592\" data-end=\"657\"><img decoding=\"async\" class=\"size-full wp-image-19984 aligncenter\" src=\"https:\/\/mekulo.com\/template\/wp-content\/uploads\/sites\/6\/2026\/01\/670b9d08fe4279d9583189fc5c10a56d4f1cdf50-700.avif\" alt=\"\" \/><\/p>\n<h2 style=\"text-align: center;\" data-start=\"664\" data-end=\"681\"><strong>Hur Man Anv\u00e4nder<\/strong><\/h2>\n<ol data-start=\"683\" data-end=\"932\">\n<li data-start=\"683\" data-end=\"731\">\n<p data-start=\"686\" data-end=\"731\">S\u00e4tt upp spelet och placera en ballong inuti.<\/p>\n<\/li>\n<li data-start=\"732\" data-end=\"762\">\n<p data-start=\"735\" data-end=\"762\">Samla 2 eller fler spelare.<\/p>\n<\/li>\n<li data-start=\"763\" data-end=\"813\">\n<p data-start=\"766\" data-end=\"813\">Spelarna turas om att f\u00f6lja spelets handling.<\/p>\n<\/li>\n<li data-start=\"814\" data-end=\"857\">\n<p data-start=\"817\" data-end=\"857\">Den spelare som spricker ballongen f\u00f6rlorar.<\/p>\n<\/li>\n<li data-start=\"858\" data-end=\"932\">\n<p data-start=\"861\" data-end=\"932\">Vinnarna njuter av segern medan f\u00f6rloraren accepterar det roliga straffet.<\/p>\n<\/li>\n<\/ol>\n<h2 style=\"text-align: center;\" data-start=\"939\" data-end=\"961\"><strong>Produktdetaljer<\/strong><\/h2>\n<ul data-start=\"963\" data-end=\"1157\">\n<li data-start=\"1000\" data-end=\"1039\">\n<p data-start=\"1002\" data-end=\"1039\">Spel typ: Partyn &amp; sk\u00e4mtbr\u00e4dspel<\/p>\n<\/li>\n<li data-start=\"1040\" data-end=\"1062\">\n<p data-start=\"1042\" data-end=\"1062\">Spelare: 2 eller fler<\/p>\n<\/li>\n<li data-start=\"1063\" data-end=\"1101\">\n<p data-start=\"1065\" data-end=\"1101\">Spelstil: Turbaserad, turbaserad<\/p>\n<\/li>\n<li data-start=\"1102\" data-end=\"1157\">\n<p data-start=\"1104\" data-end=\"1157\">Rekommenderad anv\u00e4ndning: Familjekv\u00e4llar, fester, sammankomster<\/p>\n<\/li>\n<\/ul>\n<h2 style=\"text-align: center;\" data-start=\"1164\" data-end=\"1187\"><strong>Paketet inneh\u00e5ller<\/strong><\/h2>\n<ul data-start=\"1189\" data-end=\"1257\">\n<li data-start=\"1189\" data-end=\"1219\">\n<p data-start=\"1191\" data-end=\"1219\">1x ballongbricka<\/p>\n<\/li>\n<li data-start=\"1189\" data-end=\"1219\">\n<p data-start=\"1191\" data-end=\"1219\">1x anslutningsclips<\/p>\n<\/li>\n<li data-start=\"1189\" data-end=\"1219\">\n<p data-start=\"1191\" data-end=\"1219\">10x ballonger<\/p>\n<\/li>\n<li data-start=\"1189\" data-end=\"1219\">\n<p data-start=\"1191\" data-end=\"1219\">9x pinnar.<\/p>\n<\/li>\n<\/ul>\n","protected":false},"excerpt":{"rendered":"<p>\ud83c\udf88Detta ballongspr\u00e4ngningsspel \u00e4r ett roligt och sp\u00e4nnande partyspel d\u00e4r tur, mod och fokus avg\u00f6r vinnaren.<br \/>\n\ud83d\udc68\u200d\ud83d\udc69\u200d\ud83d\udc67\u200d\ud83d\udc66One fel drag kan spr\u00e4nga ballongen och utl\u00f6sa skratt, vilket g\u00f6r det perfekt f\u00f6r familjekv\u00e4llar, fester och v\u00e4nliga utmaningar.<br \/>\n\ud83c\udfaeEtt enkelt, sp\u00e4nnande spel som f\u00f6rvandlar varje \u00f6gonblick till skratt och sp\u00e4nning.<\/p>\n","protected":false},"featured_media":17126,"comment_status":"open","ping_status":"closed","template":"","meta":{"site-sidebar-layout":"default","site-content-layout":"","ast-site-content-layout":"default","site-content-style":"default","site-sidebar-style":"default","ast-global-header-display":"","ast-banner-title-visibility":"","ast-main-header-display":"","ast-hfb-above-header-display":"","ast-hfb-below-header-display":"","ast-hfb-mobile-header-display":"","site-post-title":"","ast-breadcrumbs-content":"","ast-featured-img":"","footer-sml-layout":"","theme-transparent-header-meta":"default","adv-header-id-meta":"","stick-header-meta":"","header-above-stick-meta":"","header-main-stick-meta":"","header-below-stick-meta":"","astra-migrate-meta-layouts":"set","ast-page-background-enabled":"default","ast-page-background-meta":{"desktop":{"background-color":"var(--ast-global-color-5)","background-image":"","background-repeat":"repeat","background-position":"center center","background-size":"auto","background-attachment":"scroll","background-type":"","background-media":"","overlay-type":"","overlay-color":"","overlay-opacity":"","overlay-gradient":""},"tablet":{"background-color":"","background-image":"","background-repeat":"repeat","background-position":"center center","background-size":"auto","background-attachment":"scroll","background-type":"","background-media":"","overlay-type":"","overlay-color":"","overlay-opacity":"","overlay-gradient":""},"mobile":{"background-color":"","background-image":"","background-repeat":"repeat","background-position":"center center","background-size":"auto","background-attachment":"scroll","background-type":"","background-media":"","overlay-type":"","overlay-color":"","overlay-opacity":"","overlay-gradient":""}},"ast-content-background-meta":{"desktop":{"background-color":"var(--ast-global-color-4)","background-image":"","background-repeat":"repeat","background-position":"center center","background-size":"auto","background-attachment":"scroll","background-type":"","background-media":"","overlay-type":"","overlay-color":"","overlay-opacity":"","overlay-gradient":""},"tablet":{"background-color":"var(--ast-global-color-4)","background-image":"","background-repeat":"repeat","background-position":"center center","background-size":"auto","background-attachment":"scroll","background-type":"","background-media":"","overlay-type":"","overlay-color":"","overlay-opacity":"","overlay-gradient":""},"mobile":{"background-color":"var(--ast-global-color-4)","background-image":"","background-repeat":"repeat","background-position":"center center","background-size":"auto","background-attachment":"scroll","background-type":"","background-media":"","overlay-type":"","overlay-color":"","overlay-opacity":"","overlay-gradient":""}}},"product_brand":[],"product_cat":[172],"product_tag":[],"class_list":{"0":"post-17130","1":"product","2":"type-product","3":"status-publish","4":"has-post-thumbnail","6":"product_cat-leksaker-barn-och-babyprodukter","7":"desktop-align-left","8":"tablet-align-left","9":"mobile-align-left","11":"first","12":"instock","13":"shipping-taxable","14":"purchasable","15":"product-type-simple"},"yoast_head":"<!-- This site is optimized with the Yoast SEO plugin v26.6 - https:\/\/yoast.com\/wordpress\/plugins\/seo\/ -->\n<title>Ballongspr\u00e4ngning spel - Mekulo SE<\/title>\n<meta name=\"robots\" content=\"index, follow, max-snippet:-1, max-image-preview:large, max-video-preview:-1\" \/>\n<link rel=\"canonical\" href=\"https:\/\/mekulo.com\/se\/produkt\/ballongsprangning-spel\/\" \/>\n<meta property=\"og:locale\" content=\"sv_SE\" \/>\n<meta property=\"og:type\" content=\"article\" \/>\n<meta property=\"og:title\" content=\"Ballongspr\u00e4ngning spel - Mekulo SE\" \/>\n<meta property=\"og:description\" content=\"\ud83c\udf88Detta ballongspr\u00e4ngningsspel \u00e4r ett roligt och sp\u00e4nnande partyspel d\u00e4r tur, mod och fokus avg\u00f6r vinnaren. \ud83d\udc68\u200d\ud83d\udc69\u200d\ud83d\udc67\u200d\ud83d\udc66One fel drag kan spr\u00e4nga ballongen och utl\u00f6sa skratt, vilket g\u00f6r det perfekt f\u00f6r familjekv\u00e4llar, fester och v\u00e4nliga utmaningar. \ud83c\udfaeEtt enkelt, sp\u00e4nnande spel som f\u00f6rvandlar varje \u00f6gonblick till skratt och sp\u00e4nning.\" \/>\n<meta property=\"og:url\" content=\"https:\/\/mekulo.com\/se\/produkt\/ballongsprangning-spel\/\" \/>\n<meta property=\"og:site_name\" content=\"Mekulo SE\" \/>\n<meta property=\"article:modified_time\" content=\"2026-01-14T17:24:54+00:00\" \/>\n<meta property=\"og:image\" content=\"https:\/\/mekulo.com\/se\/wp-content\/uploads\/sites\/11\/2026\/01\/loc1c32-1.jpg\" \/>\n\t<meta property=\"og:image:width\" content=\"700\" \/>\n\t<meta property=\"og:image:height\" content=\"700\" \/>\n\t<meta property=\"og:image:type\" content=\"image\/jpeg\" \/>\n<meta name=\"twitter:card\" content=\"summary_large_image\" \/>\n<meta name=\"twitter:label1\" content=\"Ber\u00e4knad l\u00e4stid\" \/>\n\t<meta name=\"twitter:data1\" content=\"2 minuter\" \/>\n<script type=\"application\/ld+json\" class=\"yoast-schema-graph\">{\"@context\":\"https:\/\/schema.org\",\"@graph\":[{\"@type\":\"WebPage\",\"@id\":\"https:\/\/mekulo.com\/se\/produkt\/ballongsprangning-spel\/\",\"url\":\"https:\/\/mekulo.com\/se\/produkt\/ballongsprangning-spel\/\",\"name\":\"Ballongspr\u00e4ngning spel - Mekulo SE\",\"isPartOf\":{\"@id\":\"https:\/\/mekulo.com\/se\/#website\"},\"primaryImageOfPage\":{\"@id\":\"https:\/\/mekulo.com\/se\/produkt\/ballongsprangning-spel\/#primaryimage\"},\"image\":{\"@id\":\"https:\/\/mekulo.com\/se\/produkt\/ballongsprangning-spel\/#primaryimage\"},\"thumbnailUrl\":\"https:\/\/mekulo.com\/se\/wp-content\/uploads\/sites\/11\/2026\/01\/loc1c32-1.jpg\",\"datePublished\":\"2026-01-13T16:32:18+00:00\",\"dateModified\":\"2026-01-14T17:24:54+00:00\",\"breadcrumb\":{\"@id\":\"https:\/\/mekulo.com\/se\/produkt\/ballongsprangning-spel\/#breadcrumb\"},\"inLanguage\":\"sv-SE\",\"potentialAction\":[{\"@type\":\"ReadAction\",\"target\":[\"https:\/\/mekulo.com\/se\/produkt\/ballongsprangning-spel\/\"]}]},{\"@type\":\"ImageObject\",\"inLanguage\":\"sv-SE\",\"@id\":\"https:\/\/mekulo.com\/se\/produkt\/ballongsprangning-spel\/#primaryimage\",\"url\":\"https:\/\/mekulo.com\/se\/wp-content\/uploads\/sites\/11\/2026\/01\/loc1c32-1.jpg\",\"contentUrl\":\"https:\/\/mekulo.com\/se\/wp-content\/uploads\/sites\/11\/2026\/01\/loc1c32-1.jpg\",\"width\":700,\"height\":700},{\"@type\":\"BreadcrumbList\",\"@id\":\"https:\/\/mekulo.com\/se\/produkt\/ballongsprangning-spel\/#breadcrumb\",\"itemListElement\":[{\"@type\":\"ListItem\",\"position\":1,\"name\":\"Home\",\"item\":\"https:\/\/mekulo.com\/se\/\"},{\"@type\":\"ListItem\",\"position\":2,\"name\":\"Butik\",\"item\":\"https:\/\/mekulo.com\/se\/butik\/\"},{\"@type\":\"ListItem\",\"position\":3,\"name\":\"Ballongspr\u00e4ngning spel\"}]},{\"@type\":\"WebSite\",\"@id\":\"https:\/\/mekulo.com\/se\/#website\",\"url\":\"https:\/\/mekulo.com\/se\/\",\"name\":\"Mekulo SE\",\"description\":\"\",\"publisher\":{\"@id\":\"https:\/\/mekulo.com\/se\/#organization\"},\"potentialAction\":[{\"@type\":\"SearchAction\",\"target\":{\"@type\":\"EntryPoint\",\"urlTemplate\":\"https:\/\/mekulo.com\/se\/?s={search_term_string}\"},\"query-input\":{\"@type\":\"PropertyValueSpecification\",\"valueRequired\":true,\"valueName\":\"search_term_string\"}}],\"inLanguage\":\"sv-SE\"},{\"@type\":\"Organization\",\"@id\":\"https:\/\/mekulo.com\/se\/#organization\",\"name\":\"Mekulo\",\"url\":\"https:\/\/mekulo.com\/se\/\",\"logo\":{\"@type\":\"ImageObject\",\"inLanguage\":\"sv-SE\",\"@id\":\"https:\/\/mekulo.com\/se\/#\/schema\/logo\/image\/\",\"url\":\"https:\/\/mekulo.com\/se\/wp-content\/uploads\/sites\/11\/2025\/12\/favicon_mekulo.png\",\"contentUrl\":\"https:\/\/mekulo.com\/se\/wp-content\/uploads\/sites\/11\/2025\/12\/favicon_mekulo.png\",\"width\":50,\"height\":50,\"caption\":\"Mekulo\"},\"image\":{\"@id\":\"https:\/\/mekulo.com\/se\/#\/schema\/logo\/image\/\"}}]}<\/script>\n<!-- \/ Yoast SEO plugin. -->","yoast_head_json":{"title":"Ballongspr\u00e4ngning spel - Mekulo SE","robots":{"index":"index","follow":"follow","max-snippet":"max-snippet:-1","max-image-preview":"max-image-preview:large","max-video-preview":"max-video-preview:-1"},"canonical":"https:\/\/mekulo.com\/se\/produkt\/ballongsprangning-spel\/","og_locale":"sv_SE","og_type":"article","og_title":"Ballongspr\u00e4ngning spel - Mekulo SE","og_description":"\ud83c\udf88Detta ballongspr\u00e4ngningsspel \u00e4r ett roligt och sp\u00e4nnande partyspel d\u00e4r tur, mod och fokus avg\u00f6r vinnaren. \ud83d\udc68\u200d\ud83d\udc69\u200d\ud83d\udc67\u200d\ud83d\udc66One fel drag kan spr\u00e4nga ballongen och utl\u00f6sa skratt, vilket g\u00f6r det perfekt f\u00f6r familjekv\u00e4llar, fester och v\u00e4nliga utmaningar. \ud83c\udfaeEtt enkelt, sp\u00e4nnande spel som f\u00f6rvandlar varje \u00f6gonblick till skratt och sp\u00e4nning.","og_url":"https:\/\/mekulo.com\/se\/produkt\/ballongsprangning-spel\/","og_site_name":"Mekulo SE","article_modified_time":"2026-01-14T17:24:54+00:00","og_image":[{"width":700,"height":700,"url":"https:\/\/mekulo.com\/se\/wp-content\/uploads\/sites\/11\/2026\/01\/loc1c32-1.jpg","type":"image\/jpeg"}],"twitter_card":"summary_large_image","twitter_misc":{"Ber\u00e4knad l\u00e4stid":"2 minuter"},"schema":{"@context":"https:\/\/schema.org","@graph":[{"@type":"WebPage","@id":"https:\/\/mekulo.com\/se\/produkt\/ballongsprangning-spel\/","url":"https:\/\/mekulo.com\/se\/produkt\/ballongsprangning-spel\/","name":"Ballongspr\u00e4ngning spel - Mekulo SE","isPartOf":{"@id":"https:\/\/mekulo.com\/se\/#website"},"primaryImageOfPage":{"@id":"https:\/\/mekulo.com\/se\/produkt\/ballongsprangning-spel\/#primaryimage"},"image":{"@id":"https:\/\/mekulo.com\/se\/produkt\/ballongsprangning-spel\/#primaryimage"},"thumbnailUrl":"https:\/\/mekulo.com\/se\/wp-content\/uploads\/sites\/11\/2026\/01\/loc1c32-1.jpg","datePublished":"2026-01-13T16:32:18+00:00","dateModified":"2026-01-14T17:24:54+00:00","breadcrumb":{"@id":"https:\/\/mekulo.com\/se\/produkt\/ballongsprangning-spel\/#breadcrumb"},"inLanguage":"sv-SE","potentialAction":[{"@type":"ReadAction","target":["https:\/\/mekulo.com\/se\/produkt\/ballongsprangning-spel\/"]}]},{"@type":"ImageObject","inLanguage":"sv-SE","@id":"https:\/\/mekulo.com\/se\/produkt\/ballongsprangning-spel\/#primaryimage","url":"https:\/\/mekulo.com\/se\/wp-content\/uploads\/sites\/11\/2026\/01\/loc1c32-1.jpg","contentUrl":"https:\/\/mekulo.com\/se\/wp-content\/uploads\/sites\/11\/2026\/01\/loc1c32-1.jpg","width":700,"height":700},{"@type":"BreadcrumbList","@id":"https:\/\/mekulo.com\/se\/produkt\/ballongsprangning-spel\/#breadcrumb","itemListElement":[{"@type":"ListItem","position":1,"name":"Home","item":"https:\/\/mekulo.com\/se\/"},{"@type":"ListItem","position":2,"name":"Butik","item":"https:\/\/mekulo.com\/se\/butik\/"},{"@type":"ListItem","position":3,"name":"Ballongspr\u00e4ngning spel"}]},{"@type":"WebSite","@id":"https:\/\/mekulo.com\/se\/#website","url":"https:\/\/mekulo.com\/se\/","name":"Mekulo SE","description":"","publisher":{"@id":"https:\/\/mekulo.com\/se\/#organization"},"potentialAction":[{"@type":"SearchAction","target":{"@type":"EntryPoint","urlTemplate":"https:\/\/mekulo.com\/se\/?s={search_term_string}"},"query-input":{"@type":"PropertyValueSpecification","valueRequired":true,"valueName":"search_term_string"}}],"inLanguage":"sv-SE"},{"@type":"Organization","@id":"https:\/\/mekulo.com\/se\/#organization","name":"Mekulo","url":"https:\/\/mekulo.com\/se\/","logo":{"@type":"ImageObject","inLanguage":"sv-SE","@id":"https:\/\/mekulo.com\/se\/#\/schema\/logo\/image\/","url":"https:\/\/mekulo.com\/se\/wp-content\/uploads\/sites\/11\/2025\/12\/favicon_mekulo.png","contentUrl":"https:\/\/mekulo.com\/se\/wp-content\/uploads\/sites\/11\/2025\/12\/favicon_mekulo.png","width":50,"height":50,"caption":"Mekulo"},"image":{"@id":"https:\/\/mekulo.com\/se\/#\/schema\/logo\/image\/"}}]}},"_links":{"self":[{"href":"https:\/\/mekulo.com\/se\/wp-json\/wp\/v2\/product\/17130","targetHints":{"allow":["GET"]}}],"collection":[{"href":"https:\/\/mekulo.com\/se\/wp-json\/wp\/v2\/product"}],"about":[{"href":"https:\/\/mekulo.com\/se\/wp-json\/wp\/v2\/types\/product"}],"replies":[{"embeddable":true,"href":"https:\/\/mekulo.com\/se\/wp-json\/wp\/v2\/comments?post=17130"}],"wp:featuredmedia":[{"embeddable":true,"href":"https:\/\/mekulo.com\/se\/wp-json\/wp\/v2\/media\/17126"}],"wp:attachment":[{"href":"https:\/\/mekulo.com\/se\/wp-json\/wp\/v2\/media?parent=17130"}],"wp:term":[{"taxonomy":"product_brand","embeddable":true,"href":"https:\/\/mekulo.com\/se\/wp-json\/wp\/v2\/product_brand?post=17130"},{"taxonomy":"product_cat","embeddable":true,"href":"https:\/\/mekulo.com\/se\/wp-json\/wp\/v2\/product_cat?post=17130"},{"taxonomy":"product_tag","embeddable":true,"href":"https:\/\/mekulo.com\/se\/wp-json\/wp\/v2\/product_tag?post=17130"}],"curies":[{"name":"wp","href":"https:\/\/api.w.org\/{rel}","templated":true}]}}